{"id":1923,"date":"2026-02-16T03:42:16","date_gmt":"2026-02-16T03:42:16","guid":{"rendered":"https:\/\/www.wonzh.com\/?post_type=product&#038;p=1923"},"modified":"2026-02-16T04:08:22","modified_gmt":"2026-02-16T04:08:22","slug":"%e9%87%8d%e5%9e%8b%e8%b5%b7%e9%87%8d%e7%94%a8%e9%ab%98%e5%bc%b7%e5%ba%a6%e5%90%88%e9%87%91%e9%8b%bc%e7%b5%b2%e7%b9%a9","status":"publish","type":"product","link":"https:\/\/www.wonzh.com\/zh\/product\/high-strength-alloy-wire-rope-for-heavy-lifting\/","title":{"rendered":"\u91cd\u578b\u8d77\u91cd\u7528\u9ad8\u5f37\u5ea6\u5408\u91d1\u92fc\u7d72\u7e69"},"content":{"rendered":"<p data-start=\"215\" data-end=\"667\">\u6211\u5011\u7684\u9ad8\u5f37\u5ea6\u5408\u91d1\u92fc\u7d72\u7e69\u5c08\u70ba\u8981\u6c42\u56b4\u82db\u7684\u5de5\u696d\u8d77\u91cd\u3001\u540a\u88dd\u548c\u7d22\u5177\u61c9\u7528\u800c\u8a2d\u8a08\u3002\u5b83\u7531\u512a\u8cea\u5408\u91d1\u92fc\u69cb\u6210\uff0c\u5728\u6975\u7aef\u8ca0\u8f09\u4e0b\u5177\u6709\u512a\u7570\u7684\u6297\u62c9\u5f37\u5ea6\u3001\u51fa\u8272\u7684\u6297\u75b2\u52de\u6027\u548c\u9577\u7684\u4f7f\u7528\u58fd\u547d\u3002\u6b64\u6b3e\u92fc\u7d72\u7e69\u5c08\u70ba\u91cd\u8ca0\u8377\u4f5c\u696d\u800c\u8a2d\u8a08\uff0c\u53ef\u78ba\u4fdd\u5728\u5de5\u696d\u3001\u5efa\u7bc9\u3001\u8fd1\u6d77\u548c\u63a1\u7926\u61c9\u7528\u4e2d\u7684\u6700\u5927\u5b89\u5168\u6027\u548c\u53ef\u9760\u6027\u3002.<\/p>\n<p data-start=\"669\" data-end=\"1001\">\u9ad8\u5f37\u5ea6\u5408\u91d1\u92fc\u82af\u53ef\u63d0\u4f9b\u5353\u8d8a\u7684\u627f\u8f09\u80fd\u529b\uff0c\u540c\u6642\u4fdd\u6301\u67d4\u97cc\u6027\u548c\u5f48\u6027\u3002\u6bcf\u689d\u7e69\u7d22\u90fd\u662f\u5728\u56b4\u683c\u7684\u54c1\u8cea\u63a7\u5236\u6a19\u6e96\u4e0b\u751f\u7522\uff0c\u7b26\u5408\u570b\u969b\u5b89\u5168\u548c\u6027\u80fd\u8981\u6c42\uff0c\u662f\u8d77\u91cd\u548c\u7d22\u5177\u884c\u696d\u5c08\u696d\u4eba\u54e1\u503c\u5f97\u4fe1\u8cf4\u7684\u89e3\u6c7a\u65b9\u6848\u3002.<\/p>\n<hr data-start=\"1003\" data-end=\"1006\" \/>\n<h3 data-start=\"1008\" data-end=\"1031\"><strong data-start=\"1012\" data-end=\"1029\">\u4e3b\u8981\u529f\u80fd\uff1a<\/strong><\/h3>\n<ul data-start=\"1032\" data-end=\"1439\">\n<li data-start=\"1032\" data-end=\"1104\">\n<p data-start=\"1034\" data-end=\"1104\">\u512a\u8cea\u5408\u91d1\u92fc\u7d50\u69cb\uff0c\u63d0\u4f9b\u6700\u5927\u7684\u5f37\u5ea6\u8207\u8010\u7528\u6027<\/p>\n<\/li>\n<li data-start=\"1105\" data-end=\"1169\">\n<p data-start=\"1107\" data-end=\"1169\">\u9ad8\u62c9\u4f38\u5f37\u5ea6\u548c\u6297\u75b2\u52de\u6027\uff0c\u53ef\u627f\u53d7\u91cd\u8ca0\u8377<\/p>\n<\/li>\n<li data-start=\"1170\" data-end=\"1234\">\n<p data-start=\"1172\" data-end=\"1234\">\u5373\u4f7f\u5728\u9023\u7e8c\u91cd\u8ca0\u8377\u904b\u4f5c\u4e0b\uff0c\u4ecd\u53ef\u7dad\u6301\u9577\u6642\u9593\u7684\u4f7f\u7528\u58fd\u547d<\/p>\n<\/li>\n<li data-start=\"1235\" data-end=\"1308\">\n<p data-start=\"1237\" data-end=\"1308\">\u9748\u6d3b\u7684\u8a2d\u8a08\u9069\u7528\u65bc\u8d77\u91cd\u6a5f\u3001\u540a\u6a5f\u548c\u5de5\u696d\u6a5f\u68b0<\/p>\n<\/li>\n<li data-start=\"1309\" data-end=\"1377\">\n<p data-start=\"1311\" data-end=\"1377\">\u7b26\u5408\u570b\u969b\u8d77\u91cd\u548c\u7d22\u5177\u5b89\u5168\u6a19\u6e96<\/p>\n<\/li>\n<li data-start=\"1378\" data-end=\"1439\">\n<p data-start=\"1380\" data-end=\"1439\">\u6297\u78e8\u640d\u3001\u8b8a\u5f62\u53ca\u6a5f\u68b0\u61c9\u529b<\/p>\n<\/li>\n<\/ul>\n<hr data-start=\"1441\" data-end=\"1444\" \/>\n<h3 data-start=\"1446\" data-end=\"1480\"><strong data-start=\"1450\" data-end=\"1478\">\u6280\u8853\u898f\u683c<\/strong><\/h3>\n<div class=\"TyagGW_tableContainer\">\n<div class=\"group TyagGW_tableWrapper flex flex-col-reverse w-fit\" tabindex=\"-1\">\n<table class=\"w-fit min-w-(--thread-content-width)\" data-start=\"1482\" data-end=\"2176\">\n<thead data-start=\"1482\" data-end=\"1519\">\n<tr data-start=\"1482\" data-end=\"1519\">\n<th class=\"\" data-start=\"1482\" data-end=\"1494\" data-col-size=\"sm\">\u53c3\u6578<\/th>\n<th class=\"\" data-start=\"1494\" data-end=\"1510\" data-col-size=\"md\">\u898f\u683c<\/th>\n<th class=\"\" data-start=\"1510\" data-end=\"1519\" data-col-size=\"md\">\u6ce8\u610f\u4e8b\u9805<\/th>\n<\/tr>\n<\/thead>\n<tbody data-start=\"1558\" data-end=\"2176\">\n<tr data-start=\"1558\" data-end=\"1639\">\n<td data-start=\"1558\" data-end=\"1569\" data-col-size=\"sm\">\u6750\u8cea<\/td>\n<td data-start=\"1569\" data-end=\"1591\" data-col-size=\"md\">\u512a\u8cea\u5408\u91d1\u92fc<\/td>\n<td data-start=\"1591\" data-end=\"1639\" data-col-size=\"md\">\u9ad8\u62c9\u4f38\u5f37\u5ea6\u548c\u6297\u75b2\u52de\u6027<\/td>\n<\/tr>\n<tr data-start=\"1640\" data-end=\"1718\">\n<td data-start=\"1640\" data-end=\"1657\" data-col-size=\"sm\">\u76f4\u5f91\u7bc4\u570d<\/td>\n<td data-start=\"1657\" data-end=\"1672\" data-col-size=\"md\">8 mm - 36 mm<\/td>\n<td data-start=\"1672\" data-end=\"1718\" data-col-size=\"md\">\u6a19\u6e96\u5c3a\u5bf8\uff1b\u53ef\u5b9a\u5236\u76f4\u5f91<\/td>\n<\/tr>\n<tr data-start=\"1719\" data-end=\"1807\">\n<td data-start=\"1719\" data-end=\"1734\" data-col-size=\"sm\">\u5efa\u7bc9<\/td>\n<td data-col-size=\"md\" data-start=\"1734\" data-end=\"1767\">6\u00d719, 6\u00d736, 7\u00d719, 1\u00d719 \u80a1<\/td>\n<td data-col-size=\"md\" data-start=\"1767\" data-end=\"1807\">\u5f48\u6027\u6216\u534a\u525b\u6027\u7d50\u69cb<\/td>\n<\/tr>\n<tr data-start=\"1808\" data-end=\"1881\">\n<td data-start=\"1808\" data-end=\"1824\" data-col-size=\"sm\">\u65b7\u88c2\u8f09\u8377<\/td>\n<td data-start=\"1824\" data-end=\"1839\" data-col-size=\"md\">2 - 150 \u5678<\/td>\n<td data-start=\"1839\" data-end=\"1881\" data-col-size=\"md\">\u53d6\u6c7a\u65bc\u76f4\u5f91\u548c\u7d50\u69cb<\/td>\n<\/tr>\n<tr data-start=\"1882\" data-end=\"1962\">\n<td data-start=\"1882\" data-end=\"1892\" data-col-size=\"sm\">\u5857\u5c64<\/td>\n<td data-start=\"1892\" data-end=\"1929\" data-col-size=\"md\">\u53ef\u9078\u64c7\u934d\u92c5\u6216 PVC \u5857\u5c64<\/td>\n<td data-start=\"1929\" data-end=\"1962\" data-col-size=\"md\">\u589e\u5f37\u8010\u8150\u8755\u6027<\/td>\n<\/tr>\n<tr data-start=\"1963\" data-end=\"2056\">\n<td data-start=\"1963\" data-end=\"1983\" data-col-size=\"sm\">\u6eab\u5ea6\u7bc4\u570d<\/td>\n<td data-start=\"1983\" data-end=\"2001\" data-col-size=\"md\">-40\u00b0C \u81f3 +150\u00b0C<\/td>\n<td data-start=\"2001\" data-end=\"2056\" data-col-size=\"md\">\u8996\u5857\u5c64\u800c\u5b9a\uff1b\u9069\u7528\u65bc\u6975\u7aef\u689d\u4ef6<\/td>\n<\/tr>\n<tr data-start=\"2057\" data-end=\"2176\">\n<td data-start=\"2057\" data-end=\"2072\" data-col-size=\"sm\">\u61c9\u7528<\/td>\n<td data-start=\"2072\" data-end=\"2128\" data-col-size=\"md\">\u91cd\u578b\u8d77\u91cd\u3001\u8d77\u91cd\u6a5f\u3001\u5efa\u7bc9\u3001\u96e2\u5cb8\u3001\u63a1\u7926<\/td>\n<td data-start=\"2128\" data-end=\"2176\" data-col-size=\"md\">\u5c08\u70ba\u8981\u6c42\u56b4\u82db\u7684\u5de5\u696d\u4f5c\u696d\u800c\u8a2d\u8a08<\/td>\n<\/tr>\n<\/tbody>\n<\/table>\n<\/div>\n<\/div>\n<blockquote data-start=\"2178\" data-end=\"2285\">\n<p data-start=\"2180\" data-end=\"2285\"><strong data-start=\"2180\" data-end=\"2189\">\u8acb\u6ce8\u610f\uff1a<\/strong> \u6211\u5011\u63d0\u4f9b\u5ba2\u88fd\u5316\u7684\u76f4\u5f91\u3001\u7d50\u69cb\u548c\u5857\u5c64\uff0c\u4ee5\u6eff\u8db3\u7279\u6b8a\u9700\u6c42\u3002.<\/p>\n<\/blockquote>\n<hr data-start=\"2287\" data-end=\"2290\" \/>\n<h3 data-start=\"2292\" data-end=\"2323\"><strong data-start=\"2296\" data-end=\"2321\">\u5178\u578b\u61c9\u7528\uff1a<\/strong><\/h3>\n<ul data-start=\"2324\" data-end=\"2598\">\n<li data-start=\"2324\" data-end=\"2373\">\n<p data-start=\"2326\" data-end=\"2373\">\u5de5\u696d\u8d77\u91cd\u6a5f\u548c\u91cd\u578b\u6a5f\u68b0\u540a\u88dd<\/p>\n<\/li>\n<li data-start=\"2374\" data-end=\"2427\">\n<p data-start=\"2376\" data-end=\"2427\">\u65bd\u5de5\u73fe\u5834\u540a\u88dd\u548c\u7d22\u5177\u64cd\u4f5c<\/p>\n<\/li>\n<li data-start=\"2428\" data-end=\"2470\">\n<p data-start=\"2430\" data-end=\"2470\">\u96e2\u5cb8\u8d77\u91cd\u548c\u6d77\u4e0a\u4f5c\u696d<\/p>\n<\/li>\n<li data-start=\"2471\" data-end=\"2525\">\n<p data-start=\"2473\" data-end=\"2525\">\u63a1\u7926\u4f5c\u696d\u8207\u91cd\u578b\u7269\u6599\u642c\u904b<\/p>\n<\/li>\n<li data-start=\"2526\" data-end=\"2598\">\n<p data-start=\"2528\" data-end=\"2598\">\u4efb\u4f55\u9700\u8981\u9ad8\u8ca0\u8377\u3001\u9ad8\u5f37\u5ea6\u8d77\u91cd\u89e3\u6c7a\u65b9\u6848\u7684\u61c9\u7528<\/p>\n<\/li>\n<\/ul>\n<hr data-start=\"2600\" data-end=\"2603\" \/>\n<h3 data-start=\"2605\" data-end=\"2656\"><strong data-start=\"2609\" data-end=\"2654\">\u70ba\u4f55\u9078\u64c7\u9ad8\u5f37\u5ea6\u5408\u91d1\u92fc\u7d72\u7e69\uff1f<\/strong><\/h3>\n<p data-start=\"2657\" data-end=\"3096\">\u9ad8\u5f37\u5ea6\u5408\u91d1\u92fc\u7d72\u7e69\u5728\u4ee5\u4e0b\u5169\u65b9\u9762\u9054\u5230\u5b8c\u7f8e\u5e73\u8861 <strong data-start=\"2724\" data-end=\"2778\">\u627f\u91cd\u80fd\u529b\u3001\u5f48\u6027\u548c\u8010\u7528\u6027<\/strong>. .\u8207\u6a19\u6e96\u92fc\u7d72\u7e69\u4e0d\u540c\u7684\u662f\uff0c\u5408\u91d1\u6210\u5206\u63d0\u9ad8\u4e86\u6297\u75b2\u52de\u6027\uff0c\u964d\u4f4e\u4e86\u5728\u91cd\u8907\u61c9\u529b\u4e0b\u5931\u6548\u7684\u98a8\u96aa\uff0c\u4e26\u5ef6\u9577\u4e86\u4f7f\u7528\u58fd\u547d\uff0c\u5373\u4f7f\u5728\u56b4\u82db\u7684\u74b0\u5883\u4e0b\u4e5f\u662f\u5982\u6b64\u3002\u9019\u4e9b\u7279\u6027\u4f7f\u5176\u6210\u70ba\u9700\u8981\u5728\u6975\u7aef\u8ca0\u8377\u548c\u689d\u4ef6\u4e0b\u63d0\u4f9b\u53ef\u9760\u6027\u80fd\u7684\u5de5\u7a0b\u5e2b\u548c\u64cd\u4f5c\u4eba\u54e1\u7684\u7406\u60f3\u9078\u64c7\u3002.<\/p>\n<hr data-start=\"3098\" data-end=\"3101\" \/>\n<h3 data-start=\"3103\" data-end=\"3145\"><strong data-start=\"3107\" data-end=\"3143\">\u5e38\u898b\u554f\u984c (FAQ)<\/strong><\/h3>\n<p data-start=\"3147\" data-end=\"3457\"><strong data-start=\"3147\" data-end=\"3230\">Q1: \u9ad8\u5f37\u5ea6\u5408\u91d1\u92fc\u7d72\u7e69\u8207\u4e00\u822c\u92fc\u7d72\u7e69\u6709\u4f55\u4e0d\u540c\uff1f<\/strong><br data-start=\"3230\" data-end=\"3233\" \/>\u7b54\uff1a\u5408\u91d1\u92fc\u7d72\u7e69\u662f\u7531\u7279\u6b8a\u7684\u92fc\u5408\u91d1\u88fd\u6210\uff0c\u53ef\u589e\u52a0\u6297\u62c9\u5f37\u5ea6\u3001\u6297\u75b2\u52de\u6027\u548c\u8ca0\u8f09\u80fd\u529b\u3002\u666e\u901a\u92fc\u7d72\u7e69\u5728\u91cd\u8ca0\u8377\u4e0b\u8f03\u5bb9\u6613\u78e8\u640d\u3001\u8b8a\u5f62\u548c\u5931\u6548\u3002.<\/p>\n<p data-start=\"3459\" data-end=\"3739\"><strong data-start=\"3459\" data-end=\"3518\">Q2: \u9019\u7a2e\u92fc\u7d72\u7e69\u53ef\u4ee5\u5728\u6975\u7aef\u74b0\u5883\u4e0b\u4f7f\u7528\u55ce\uff1f<\/strong><br data-start=\"3518\" data-end=\"3521\" \/>\u7b54\uff1a\u53ef\u4ee5\u3002\u92fc\u7d72\u7e69\u53ef\u9078\u64c7\u934d\u92c5\u6216 PVC \u7b49\u5857\u5c64\uff0c\u53ef\u627f\u53d7\u9ad8\u6fd5\u5ea6\u3001\u6236\u5916\u66dd\u9732\u3001\u6d77\u6d0b\u74b0\u5883\u548c\u9ad8\u6a5f\u68b0\u61c9\u529b\u3002\u6b64\u5916\uff0c\u9084\u63d0\u4f9b\u8010\u6eab\u578b\u865f\u3002.<\/p>\n<p data-start=\"3741\" data-end=\"4109\"><strong data-start=\"3741\" data-end=\"3822\">Q3: \u5982\u4f55\u70ba\u6211\u7684\u61c9\u7528\u9078\u64c7\u6b63\u78ba\u7684\u76f4\u5f91\u548c\u7d50\u69cb\uff1f<\/strong><br data-start=\"3822\" data-end=\"3825\" \/>\u7b54\uff1a\u9078\u64c7\u53d6\u6c7a\u65bc\u6240\u9700\u7684\u65b7\u88c2\u8ca0\u8377\u3001\u5f4e\u66f2\u534a\u5f91\u548c\u64cd\u4f5c\u689d\u4ef6\u30026\u00d719\u30016\u00d736 \u6216 7\u00d719 \u7b49\u6a19\u6e96\u7d50\u69cb\u9069\u7528\u65bc\u5927\u591a\u6578\u7684\u91cd\u578b\u61c9\u7528\u3002\u5982\u9700\u91dd\u5c0d\u6975\u7aef\u8ca0\u8377\u6216\u7279\u6b8a\u64cd\u4f5c\u7684\u5ba2\u88fd\u914d\u7f6e\uff0c\u8acb\u806f\u7d61\u88fd\u9020\u5546\u3002.<\/p>\n<hr data-start=\"4111\" data-end=\"4114\" \/>\n<p data-start=\"4116\" data-end=\"4369\">\u9019\u500b <strong data-start=\"4121\" data-end=\"4154\">\u9ad8\u5f37\u5ea6\u5408\u91d1\u92fc\u7d72\u7e69<\/strong> \u662f\u5c08\u696d\u4eba\u58eb\u5c0b\u6c42 <strong data-start=\"4205\" data-end=\"4266\">\u53ef\u9760\u3001\u8010\u7528\u3001\u9ad8\u6027\u80fd\u7684\u8d77\u91cd\u8a2d\u5099<\/strong>. .\u6b63\u78ba\u7684\u9078\u64c7\u3001\u5b89\u88dd\u548c\u7dad\u8b77\u53ef\u78ba\u4fdd\u9577\u671f\u7684\u904b\u884c\u5b89\u5168\u548c\u6548\u7387\u3002.<\/p>","protected":false},"excerpt":{"rendered":"<p>\u6211\u5011\u7684\u9ad8\u5f37\u5ea6\u5408\u91d1\u92fc\u7d72\u7e69\u5c08\u70ba\u8981\u6c42\u56b4\u82db\u7684\u5de5\u696d\u8d77\u91cd\u3001\u540a\u88dd\u548c\u7d22\u5177\u61c9\u7528\u800c\u8a2d\u8a08\u3002\u5b83\u7531\u512a\u8cea\u5408\u91d1\u92fc\u69cb\u6210\uff0c\u5728\u6975\u7aef\u8ca0\u8377\u4e0b\u5177\u6709\u512a\u7570\u7684\u6297\u62c9\u5f37\u5ea6\u3001\u51fa\u8272\u7684\u6297\u75b2\u52de\u6027\u548c\u8f03\u9577\u7684\u4f7f\u7528\u58fd\u547d\u3002.<\/p>","protected":false},"featured_media":1929,"comment_status":"open","ping_status":"closed","template":"","meta":{"site-sidebar-layout":"default","site-content-layout":"","ast-site-content-layout":"default","site-content-style":"default","site-sidebar-style":"default","ast-global-header-display":"","ast-banner-title-visibility":"","ast-main-header-display":"","ast-hfb-above-header-display":"","ast-hfb-below-header-display":"","ast-hfb-mobile-header-display":"","site-post-title":"","ast-breadcrumbs-content":"","ast-featured-img":"","footer-sml-layout":"","ast-disable-related-posts":"","theme-transparent-header-meta":"default","adv-header-id-meta":"","stick-header-meta":"default","header-above-stick-meta":"","header-main-stick-meta":"","header-below-stick-meta":"","astra-migrate-meta-layouts":"set","ast-page-background-enabled":"default","ast-page-background-meta":{"desktop":{"background-color":"","background-image":"","background-repeat":"repeat","background-position":"center center","background-size":"auto","background-attachment":"scroll","background-type":"","background-media":"","overlay-type":"","overlay-color":"","overlay-opacity":"","overlay-gradient":""},"tablet":{"background-color":"","background-image":"","background-repeat":"repeat","background-position":"center center","background-size":"auto","background-attachment":"scroll","background-type":"","background-media":"","overlay-type":"","overlay-color":"","overlay-opacity":"","overlay-gradient":""},"mobile":{"background-color":"","background-image":"","background-repeat":"repeat","background-position":"center center","background-size":"auto","background-attachment":"scroll","background-type":"","background-media":"","overlay-type":"","overlay-color":"","overlay-opacity":"","overlay-gradient":""}},"ast-content-background-meta":{"desktop":{"background-color":"var(--ast-global-color-5)","background-image":"","background-repeat":"repeat","background-position":"center center","background-size":"auto","background-attachment":"scroll","background-type":"","background-media":"","overlay-type":"","overlay-color":"","overlay-opacity":"","overlay-gradient":""},"tablet":{"background-color":"var(--ast-global-color-5)","background-image":"","background-repeat":"repeat","background-position":"center center","background-size":"auto","background-attachment":"scroll","background-type":"","background-media":"","overlay-type":"","overlay-color":"","overlay-opacity":"","overlay-gradient":""},"mobile":{"background-color":"var(--ast-global-color-5)","background-image":"","background-repeat":"repeat","background-position":"center center","background-size":"auto","background-attachment":"scroll","background-type":"","background-media":"","overlay-type":"","overlay-color":"","overlay-opacity":"","overlay-gradient":""}}},"product_brand":[],"product_cat":[22],"product_tag":[1639,1642,256,1645,1644,1646,1638,1647,1643,1637,1632,119,1641,1640,1627,1633],"class_list":{"0":"post-1923","1":"product","2":"type-product","3":"status-publish","4":"has-post-thumbnail","6":"product_cat-wire-rope-lifting-accessories","7":"product_tag-alloy-steel-wire-rope","8":"product_tag-construction-wire-rope","9":"product_tag-crane-wire-rope","10":"product_tag-durable-wire-rope","11":"product_tag-fatigue-resistant-wire-rope","12":"product_tag-galvanized-wire-rope","13":"product_tag-heavy-lifting-wire-rope","14":"product_tag-heavy-duty-lifting-equipment","15":"product_tag-high-load-wire-rope","16":"product_tag-high-strength-alloy-wire-rope","17":"product_tag-hoisting-wire-rope","18":"product_tag-industrial-wire-rope","19":"product_tag-mining-wire-rope","20":"product_tag-offshore-wire-rope","21":"product_tag-pvc-coated-wire-rope","22":"product_tag-rigging-wire-rope","23":"desktop-align-left","24":"tablet-align-left","25":"mobile-align-left","27":"first","28":"instock","29":"shipping-taxable","30":"product-type-simple"},"_links":{"self":[{"href":"https:\/\/www.wonzh.com\/zh\/wp-json\/wp\/v2\/product\/1923","targetHints":{"allow":["GET"]}}],"collection":[{"href":"https:\/\/www.wonzh.com\/zh\/wp-json\/wp\/v2\/product"}],"about":[{"href":"https:\/\/www.wonzh.com\/zh\/wp-json\/wp\/v2\/types\/product"}],"replies":[{"embeddable":true,"href":"https:\/\/www.wonzh.com\/zh\/wp-json\/wp\/v2\/comments?post=1923"}],"wp:featuredmedia":[{"embeddable":true,"href":"https:\/\/www.wonzh.com\/zh\/wp-json\/wp\/v2\/media\/1929"}],"wp:attachment":[{"href":"https:\/\/www.wonzh.com\/zh\/wp-json\/wp\/v2\/media?parent=1923"}],"wp:term":[{"taxonomy":"product_brand","embeddable":true,"href":"https:\/\/www.wonzh.com\/zh\/wp-json\/wp\/v2\/product_brand?post=1923"},{"taxonomy":"product_cat","embeddable":true,"href":"https:\/\/www.wonzh.com\/zh\/wp-json\/wp\/v2\/product_cat?post=1923"},{"taxonomy":"product_tag","embeddable":true,"href":"https:\/\/www.wonzh.com\/zh\/wp-json\/wp\/v2\/product_tag?post=1923"}],"curies":[{"name":"wp","href":"https:\/\/api.w.org\/{rel}","templated":true}]}}