{"id":1453,"date":"2026-02-03T14:33:24","date_gmt":"2026-02-03T14:33:24","guid":{"rendered":"https:\/\/www.wonzh.com\/?post_type=product&#038;p=1453"},"modified":"2026-02-05T05:14:12","modified_gmt":"2026-02-05T05:14:12","slug":"%e4%b8%8d%e9%8a%b9%e9%8b%bc%e7%b5%b2%e7%b9%a9%e9%81%a9%e7%94%a8%e6%96%bc%e6%b5%b7%e6%b4%8b%e5%8c%96%e5%ad%b8%e5%8f%8a%e9%ab%98%e8%85%90%e8%9d%95%e7%92%b0%e5%a2%83","status":"publish","type":"product","link":"https:\/\/www.wonzh.com\/zh\/product\/stainless-steel-wire-rope-for-marine-chemical-and-high-corrosion-environments\/","title":{"rendered":"\u7528\u65bc\u6d77\u6d0b\u3001\u5316\u5b78\u548c\u9ad8\u8150\u8755\u74b0\u5883\u7684\u4e0d\u92b9\u92fc\u7d72\u7e69"},"content":{"rendered":"<p data-start=\"564\" data-end=\"1044\">Wonzh \u6240\u63d0\u4f9b\u7684\u4e0d\u93fd\u92fc\u7d72\u7e69\u662f\u7531\u9ad8\u54c1\u8cea\u7684\u5967\u6c0f\u9ad4\u4e0d\u93fd\u92fc\u88fd\u6210\uff0c\u4f8b\u5982 AISI 304 \u548c AISI 316\uff0c\u5728\u60e1\u52a3\u7684\u74b0\u5883\u4e2d\u5177\u6709\u512a\u7570\u7684\u8010\u8150\u8755\u6027\u3001\u6a5f\u68b0\u5f37\u5ea6\u548c\u75b2\u52de\u6027\u80fd\u3002\u8207\u934d\u92c5\u92fc\u7d72\u7e69\u4e0d\u540c\uff0c\u4e0d\u93fd\u92fc\u7d72\u7e69\u5177\u6709\u56fa\u6709\u7684\u9632\u92b9\u6027\uff0c\u4e0d\u9700\u8981\u984d\u5916\u7684\u5857\u5c64\uff0c\u4f7f\u5176\u6210\u70ba\u6d77\u6d0b\u3001\u5316\u5de5\u3001\u98df\u54c1\u52a0\u5de5\u548c\u6236\u5916\u7d50\u69cb\u61c9\u7528\u7684\u7406\u60f3\u9078\u64c7\u3002<\/p>\n<p data-start=\"1046\" data-end=\"1363\">Wonzh \u4e0d\u93fd\u92fc\u7d72\u7e69\u5728\u56b4\u683c\u7684\u54c1\u8cea\u63a7\u5236\u6a19\u6e96\u4e0b\u751f\u7522\uff0c\u53ef\u78ba\u4fdd\u4e00\u81f4\u7684\u6297\u62c9\u5f37\u5ea6\u3001\u67d4\u8edf\u6027\u53ca\u8010\u78e8\u6027\u3002\u5148\u9032\u7684\u7d5e\u5408\u6280\u8853\u53ef\u5c07\u92fc\u7d72\u9593\u7684\u5167\u90e8\u6469\u64e6\u964d\u81f3\u6700\u4f4e\uff0c\u5728\u52d5\u614b\u8ca0\u8f09\u689d\u4ef6\u4e0b\uff0c\u53ef\u63d0\u9ad8\u904b\u884c\u7a69\u5b9a\u6027\u4e26\u5ef6\u9577\u4f7f\u7528\u58fd\u547d\u3002<\/p>\n<p data-start=\"1365\" data-end=\"1730\">\u8eab\u70ba\u7d93\u9a57\u8c50\u5bcc\u7684\u5de5\u696d\u96f6\u7d44\u4ef6\u4f9b\u61c9\u5546\uff0cWonzh \u63d0\u4f9b\u6a19\u6e96\u7d50\u69cb\u4ee5\u53ca\u5ba2\u88fd\u5316\u7684\u4e0d\u92b9\u92fc\u7d72\u7e69\u89e3\u6c7a\u65b9\u6848\uff0c\u4ee5\u6eff\u8db3\u8ca0\u8f09\u8981\u6c42\u3001\u74b0\u5883\u66dd\u9732\u548c\u6a5f\u68b0\u6027\u80fd\u9700\u6c42\u3002\u6211\u5011\u7684\u6280\u8853\u5718\u968a\u652f\u63f4\u6839\u64da\u5be6\u969b\u61c9\u7528\u689d\u4ef6\u9078\u64c7\u76f4\u5f91\u3001\u7d50\u69cb\u985e\u578b\u548c\u7e69\u82af\u914d\u7f6e\u3002<\/p>\n<h2 data-start=\"1737\" data-end=\"1756\"><strong data-start=\"1740\" data-end=\"1756\">\u4e3b\u8981\u529f\u80fd<\/strong><\/h2>\n<ul data-start=\"1758\" data-end=\"2067\">\n<li data-start=\"1758\" data-end=\"1801\">\n<p data-start=\"1760\" data-end=\"1801\">\u512a\u7570\u7684\u8010\u8150\u8755\u6027\u548c\u9632\u92b9\u6027<\/p>\n<\/li>\n<li data-start=\"1802\" data-end=\"1854\">\n<p data-start=\"1804\" data-end=\"1854\">\u9ad8\u62c9\u4f38\u5f37\u5ea6\u548c\u53ef\u9760\u7684\u8ca0\u8f09\u80fd\u529b<\/p>\n<\/li>\n<li data-start=\"1855\" data-end=\"1911\">\n<p data-start=\"1857\" data-end=\"1911\">\u52d5\u614b\u61c9\u7528\u7684\u512a\u7570\u6297\u75b2\u52de\u6027<\/p>\n<\/li>\n<li data-start=\"1912\" data-end=\"1971\">\n<p data-start=\"1914\" data-end=\"1971\">\u9069\u7528\u65bc\u6d77\u6d0b\u3001\u5316\u5b78\u53ca\u6236\u5916\u74b0\u5883<\/p>\n<\/li>\n<li data-start=\"1972\" data-end=\"2027\">\n<p data-start=\"1974\" data-end=\"2027\">\u4f7f\u7528\u58fd\u547d\u9577\uff0c\u7dad\u8b77\u9700\u6c42\u4f4e<\/p>\n<\/li>\n<li data-start=\"2028\" data-end=\"2067\">\n<p data-start=\"2030\" data-end=\"2067\">\u63d0\u4f9b\u6a19\u6e96\u53ca\u5ba2\u88fd\u5316\u5c3a\u5bf8<\/p>\n<\/li>\n<\/ul>\n<h2 data-start=\"2074\" data-end=\"2101\"><strong data-start=\"2077\" data-end=\"2101\">\u5178\u578b\u61c9\u7528<\/strong><\/h2>\n<ul data-start=\"2103\" data-end=\"2399\">\n<li data-start=\"2103\" data-end=\"2136\">\n<p data-start=\"2105\" data-end=\"2136\">\u8239\u8236\u8207\u96e2\u5cb8\u8a2d\u5099<\/p>\n<\/li>\n<li data-start=\"2137\" data-end=\"2171\">\n<p data-start=\"2139\" data-end=\"2171\">\u8239\u8236\u7d22\u5177\u548c\u7532\u677f\u786c\u4ef6<\/p>\n<\/li>\n<li data-start=\"2172\" data-end=\"2202\">\n<p data-start=\"2174\" data-end=\"2202\">\u5316\u5b78\u52a0\u5de5\u5ee0<\/p>\n<\/li>\n<li data-start=\"2203\" data-end=\"2234\">\n<p data-start=\"2205\" data-end=\"2234\">\u98df\u54c1\u548c\u98f2\u6599\u6a5f\u68b0<\/p>\n<\/li>\n<li data-start=\"2235\" data-end=\"2275\">\n<p data-start=\"2237\" data-end=\"2275\">\u5efa\u7bc9\u96fb\u7e9c\u548c\u6b04\u6746<\/p>\n<\/li>\n<li data-start=\"2276\" data-end=\"2317\">\n<p data-start=\"2278\" data-end=\"2317\">\u8d77\u91cd\u6a5f\u3001\u7d5e\u76e4\u548c\u540a\u88dd\u7cfb\u7d71<\/p>\n<\/li>\n<li data-start=\"2318\" data-end=\"2363\">\n<p data-start=\"2320\" data-end=\"2363\">\u6236\u5916\u61f8\u540a\u53ca\u62c9\u4f38\u7d50\u69cb<\/p>\n<\/li>\n<li data-start=\"2364\" data-end=\"2399\">\n<p data-start=\"2366\" data-end=\"2399\">\u91ab\u7642\u8207\u7cbe\u5bc6\u8a2d\u5099<\/p>\n<\/li>\n<\/ul>\n<h2 data-start=\"2406\" data-end=\"2458\"><strong data-start=\"2409\" data-end=\"2456\">\u6280\u8853\u53c3\u6578\uff08\u4ee3\u8868\u7bc4\u570d\uff09<\/strong><\/h2>\n<div class=\"TyagGW_tableContainer\">\n<div class=\"group TyagGW_tableWrapper flex flex-col-reverse w-fit\" tabindex=\"-1\">\n<table class=\"w-fit min-w-(--thread-content-width)\" data-start=\"2460\" data-end=\"2892\">\n<thead data-start=\"2460\" data-end=\"2497\">\n<tr data-start=\"2460\" data-end=\"2497\">\n<th data-start=\"2460\" data-end=\"2472\" data-col-size=\"sm\">\u53c3\u6578<\/th>\n<th data-start=\"2472\" data-end=\"2497\" data-col-size=\"sm\">\u898f\u683c\/\u7bc4\u570d<\/th>\n<\/tr>\n<\/thead>\n<tbody data-start=\"2508\" data-end=\"2892\">\n<tr data-start=\"2508\" data-end=\"2552\">\n<td data-start=\"2508\" data-end=\"2523\" data-col-size=\"sm\">\u7522\u54c1\u985e\u578b<\/td>\n<td data-start=\"2523\" data-end=\"2552\" data-col-size=\"sm\">\u4e0d\u92b9\u92fc\u7d72\u7e69<\/td>\n<\/tr>\n<tr data-start=\"2553\" data-end=\"2603\">\n<td data-start=\"2553\" data-end=\"2570\" data-col-size=\"sm\">\u6750\u8cea\u7b49\u7d1a<\/td>\n<td data-start=\"2570\" data-end=\"2603\" data-col-size=\"sm\">AISI 304\u3001AISI 316\u3001AISI 316L<\/td>\n<\/tr>\n<tr data-start=\"2604\" data-end=\"2660\">\n<td data-start=\"2604\" data-end=\"2629\" data-col-size=\"sm\">\u92fc\u7d22\u7d50\u69cb<\/td>\n<td data-start=\"2629\" data-end=\"2660\" data-col-size=\"sm\">7\u00d77, 7\u00d719, 1\u00d719, 6\u00d719, 6\u00d737<\/td>\n<\/tr>\n<tr data-start=\"2661\" data-end=\"2713\">\n<td data-start=\"2661\" data-end=\"2673\" data-col-size=\"sm\">\u6838\u5fc3\u985e\u578b<\/td>\n<td data-start=\"2673\" data-end=\"2713\" data-col-size=\"sm\">FC (\u7e96\u7dad\u82af) \u6216 IWRC (\u92fc\u82af)<\/td>\n<\/tr>\n<tr data-start=\"2714\" data-end=\"2766\">\n<td data-start=\"2714\" data-end=\"2731\" data-col-size=\"sm\">\u76f4\u5f91\u7bc4\u570d<\/td>\n<td data-start=\"2731\" data-end=\"2766\" data-col-size=\"sm\">1 mm - 40 mm (\u53ef\u5ba2\u88fd\u5316)<\/td>\n<\/tr>\n<tr data-start=\"2767\" data-end=\"2805\">\n<td data-start=\"2767\" data-end=\"2786\" data-col-size=\"sm\">\u62c9\u4f38\u5f37\u5ea6<\/td>\n<td data-start=\"2786\" data-end=\"2805\" data-col-size=\"sm\">1570 - 1960 MPa<\/td>\n<\/tr>\n<tr data-start=\"2806\" data-end=\"2849\">\n<td data-start=\"2806\" data-end=\"2823\" data-col-size=\"sm\">\u8868\u9762\u8655\u7406<\/td>\n<td data-start=\"2823\" data-end=\"2849\" data-col-size=\"sm\">\u5149\u4eae\u4e0d\u92b9\u92fc<\/td>\n<\/tr>\n<tr data-start=\"2850\" data-end=\"2892\">\n<td data-start=\"2850\" data-end=\"2872\" data-col-size=\"sm\">\u652f\u63f4\u7684\u6a19\u6e96<\/td>\n<td data-start=\"2872\" data-end=\"2892\" data-col-size=\"sm\">ISO, DIN, EN, GB<\/td>\n<\/tr>\n<\/tbody>\n<\/table>\n<\/div>\n<\/div>\n<h2 data-start=\"2899\" data-end=\"2936\"><strong data-start=\"2902\" data-end=\"2936\">\u5e38\u898b\u7684\u92fc\u7d72\u7e69\u7d50\u69cb<\/strong><\/h2>\n<div class=\"TyagGW_tableContainer\">\n<div class=\"group TyagGW_tableWrapper flex flex-col-reverse w-fit\" tabindex=\"-1\">\n<table class=\"w-fit min-w-(--thread-content-width)\" data-start=\"2938\" data-end=\"3228\">\n<thead data-start=\"2938\" data-end=\"2982\">\n<tr data-start=\"2938\" data-end=\"2982\">\n<th data-start=\"2938\" data-end=\"2953\" data-col-size=\"sm\">\u5efa\u7bc9<\/th>\n<th data-start=\"2953\" data-end=\"2967\" data-col-size=\"sm\">\u5f48\u6027<\/th>\n<th data-start=\"2967\" data-end=\"2982\" data-col-size=\"sm\">\u5178\u578b\u7528\u9014<\/th>\n<\/tr>\n<\/thead>\n<tbody data-start=\"2997\" data-end=\"3228\">\n<tr data-start=\"2997\" data-end=\"3054\">\n<td data-start=\"2997\" data-end=\"3008\" data-col-size=\"sm\"><strong data-start=\"2999\" data-end=\"3007\">1\u00d719<\/strong><\/td>\n<td data-start=\"3008\" data-end=\"3014\" data-col-size=\"sm\">\u4f4e<\/td>\n<td data-start=\"3014\" data-end=\"3054\" data-col-size=\"sm\">\u5efa\u7bc9\u96fb\u7e9c\u3001\u975c\u614b\u62c9\u529b<\/td>\n<\/tr>\n<tr data-start=\"3055\" data-end=\"3107\">\n<td data-start=\"3055\" data-end=\"3065\" data-col-size=\"sm\"><strong data-start=\"3057\" data-end=\"3064\">7\u00d77<\/strong><\/td>\n<td data-start=\"3065\" data-end=\"3074\" data-col-size=\"sm\">\u4e2d\u578b<\/td>\n<td data-start=\"3074\" data-end=\"3107\" data-col-size=\"sm\">\u8f15\u578b\u8d77\u91cd\u3001\u63a7\u5236\u96fb\u7e9c<\/td>\n<\/tr>\n<tr data-start=\"3108\" data-end=\"3162\">\n<td data-start=\"3108\" data-end=\"3119\" data-col-size=\"sm\"><strong data-start=\"3110\" data-end=\"3118\">7\u00d719<\/strong><\/td>\n<td data-start=\"3119\" data-end=\"3126\" data-col-size=\"sm\">\u9ad8<\/td>\n<td data-start=\"3126\" data-end=\"3162\" data-col-size=\"sm\">\u8239\u7528\u7d22\u5177\u3001\u6ed1\u8f2a\u3001\u7d5e\u76e4<\/td>\n<\/tr>\n<tr data-start=\"3163\" data-end=\"3228\">\n<td data-start=\"3163\" data-end=\"3181\" data-col-size=\"sm\"><strong data-start=\"3165\" data-end=\"3180\">6\u00d719 \/ 6\u00d737<\/strong><\/td>\n<td data-start=\"3181\" data-end=\"3195\" data-col-size=\"sm\">\u4e2d-\u9ad8<\/td>\n<td data-start=\"3195\" data-end=\"3228\" data-col-size=\"sm\">\u5de5\u696d\u8d77\u91cd\u548c\u8d77\u91cd\u6a5f<\/td>\n<\/tr>\n<\/tbody>\n<\/table>\n<\/div>\n<\/div>\n<h2 data-start=\"3235\" data-end=\"3266\"><strong data-start=\"3238\" data-end=\"3266\">\u6750\u6599\u9078\u64c7\u6307\u5357<\/strong><\/h2>\n<div class=\"TyagGW_tableContainer\">\n<div class=\"group TyagGW_tableWrapper flex flex-col-reverse w-fit\" tabindex=\"-1\">\n<table class=\"w-fit min-w-(--thread-content-width)\" data-start=\"3268\" data-end=\"3541\">\n<thead data-start=\"3268\" data-end=\"3318\">\n<tr data-start=\"3268\" data-end=\"3318\">\n<th data-start=\"3268\" data-end=\"3276\" data-col-size=\"sm\">\u7b49\u7d1a<\/th>\n<th data-start=\"3276\" data-end=\"3299\" data-col-size=\"sm\">\u8010\u8150\u8755\u6027<\/th>\n<th data-start=\"3299\" data-end=\"3318\" data-col-size=\"sm\">\u5efa\u8b70\u7528\u9014<\/th>\n<\/tr>\n<\/thead>\n<tbody data-start=\"3333\" data-end=\"3541\">\n<tr data-start=\"3333\" data-end=\"3393\">\n<td data-start=\"3333\" data-end=\"3348\" data-col-size=\"sm\"><strong data-start=\"3335\" data-end=\"3347\">AISI 304<\/strong><\/td>\n<td data-start=\"3348\" data-end=\"3355\" data-col-size=\"sm\">\u826f\u597d<\/td>\n<td data-start=\"3355\" data-end=\"3393\" data-col-size=\"sm\">\u4e00\u822c\u6236\u5916\u53ca\u5de5\u696d\u7528\u9014<\/td>\n<\/tr>\n<tr data-start=\"3394\" data-end=\"3457\">\n<td data-start=\"3394\" data-end=\"3409\" data-col-size=\"sm\"><strong data-start=\"3396\" data-end=\"3408\">AISI 316<\/strong><\/td>\n<td data-start=\"3409\" data-end=\"3421\" data-col-size=\"sm\">\u6975\u4f73<\/td>\n<td data-start=\"3421\" data-end=\"3457\" data-col-size=\"sm\">\u6d77\u6d0b\u548c\u5316\u5b78\u74b0\u5883<\/td>\n<\/tr>\n<tr data-start=\"3458\" data-end=\"3541\">\n<td data-start=\"3458\" data-end=\"3474\" data-col-size=\"sm\"><strong data-start=\"3460\" data-end=\"3473\">AISI 316L<\/strong><\/td>\n<td data-start=\"3474\" data-end=\"3500\" data-col-size=\"sm\">\u512a\u7570\u7684 + \u53ef\u710a\u6027<\/td>\n<td data-start=\"3500\" data-end=\"3541\" data-col-size=\"sm\">\u98df\u54c1\u3001\u91ab\u7642\u53ca\u9ad8\u8150\u8755\u7528\u9014<\/td>\n<\/tr>\n<\/tbody>\n<\/table>\n<\/div>\n<\/div>\n<h2 data-start=\"3548\" data-end=\"3571\"><strong data-start=\"3551\" data-end=\"3571\">\u70ba\u4f55\u9078\u64c7 Wonzh<\/strong><\/h2>\n<ul data-start=\"3573\" data-end=\"3875\">\n<li data-start=\"3573\" data-end=\"3636\">\n<p data-start=\"3575\" data-end=\"3636\">\u5f9e\u62c9\u7dda\u5230\u6700\u7d42\u7d5e\u5408\u7684\u56b4\u683c\u54c1\u8cea\u63a7\u5236<\/p>\n<\/li>\n<li data-start=\"3637\" data-end=\"3695\">\n<p data-start=\"3639\" data-end=\"3695\">\u5ee3\u6cdb\u7684\u4e0d\u92b9\u92fc\u7b49\u7d1a\u8207\u7d50\u69cb<\/p>\n<\/li>\n<li data-start=\"3696\" data-end=\"3751\">\n<p data-start=\"3698\" data-end=\"3751\">\u60e1\u52a3\u74b0\u5883\u4e0b\u7684\u7a69\u5b9a\u6a5f\u68b0\u6027\u80fd<\/p>\n<\/li>\n<li data-start=\"3752\" data-end=\"3819\">\n<p data-start=\"3754\" data-end=\"3819\">\u7e69\u7d22\u9078\u64c7\u548c\u5b89\u5168\u4fc2\u6578\u8a2d\u8a08\u7684\u5de5\u7a0b\u652f\u63f4<\/p>\n<\/li>\n<li data-start=\"3820\" data-end=\"3875\">\n<p data-start=\"3822\" data-end=\"3875\">\u53ef\u9760\u7684\u5168\u7403\u4f9b\u61c9\u8207\u5feb\u901f\u4ea4\u8ca8\u80fd\u529b<\/p>\n<\/li>\n<\/ul>\n<h2 data-start=\"3882\" data-end=\"3923\"><strong data-start=\"3885\" data-end=\"3921\">\u5e38\u898b\u554f\u984c (FAQ)<\/strong><\/h2>\n<h3 data-start=\"3925\" data-end=\"3982\"><strong data-start=\"3929\" data-end=\"3980\">Q1: \u4e0d\u92b9\u92fc\u7d72\u7e69\u6709\u4ec0\u9ebc\u7528\u9014\uff1f<\/strong><\/h3>\n<p data-start=\"3983\" data-end=\"4114\">\u5ee3\u6cdb\u61c9\u7528\u65bc\u8239\u8236\u7d22\u5177\u3001\u5316\u5de5\u5ee0\u3001\u5efa\u7bc9\u3001\u8d77\u91cd\u6a5f\u3001\u98df\u54c1\u52a0\u5de5\u8a2d\u5099\u53ca\u6236\u5916\u5f35\u529b\u7cfb\u7d71\u3002<\/p>\n<h3 data-start=\"4116\" data-end=\"4199\"><strong data-start=\"4120\" data-end=\"4197\">Q2: 304 \u548c 316 \u4e0d\u92b9\u92fc\u7d72\u7e69\u6709\u4ec0\u9ebc\u4e0d\u540c\uff1f<\/strong><\/h3>\n<ul data-start=\"4200\" data-end=\"4358\">\n<li data-start=\"4200\" data-end=\"4273\">\n<p data-start=\"4202\" data-end=\"4273\"><strong data-start=\"4202\" data-end=\"4210\">304:<\/strong> \u826f\u597d\u7684\u8010\u8150\u8755\u6027\uff0c\u9069\u5408\u4e00\u822c\u6236\u5916\u4f7f\u7528\u3002<\/p>\n<\/li>\n<li data-start=\"4274\" data-end=\"4358\">\n<p data-start=\"4276\" data-end=\"4358\"><strong data-start=\"4276\" data-end=\"4284\">316:<\/strong> \u512a\u7570\u7684\u8010\u8150\u8755\u6027\uff0c\u6700\u9069\u7528\u65bc\u6d77\u6d0b\u53ca\u5316\u5b78\u74b0\u5883\u3002<\/p>\n<\/li>\n<\/ul>\n<h3 data-start=\"4360\" data-end=\"4409\"><strong data-start=\"4364\" data-end=\"4407\">\u554f\u984c 3\uff1a\u6211\u61c9\u8a72\u9078\u64c7\u54ea\u7a2e\u7d50\u69cb\uff1f<\/strong><\/h3>\n<ul data-start=\"4410\" data-end=\"4522\">\n<li data-start=\"4410\" data-end=\"4446\">\n<p data-start=\"4412\" data-end=\"4446\">\u5c0d\u65bc\u975c\u614b\u7d50\u69cb \u2192 <strong data-start=\"4436\" data-end=\"4444\">1\u00d719<\/strong><\/p>\n<\/li>\n<li data-start=\"4447\" data-end=\"4483\">\n<p data-start=\"4449\" data-end=\"4483\">\u7528\u65bc\u5f48\u6027\u79fb\u52d5 \u2192 <strong data-start=\"4473\" data-end=\"4481\">7\u00d719<\/strong><\/p>\n<\/li>\n<li data-start=\"4484\" data-end=\"4522\">\n<p data-start=\"4486\" data-end=\"4522\">\u7528\u65bc\u91cd\u578b\u642c\u904b \u2192 <strong data-start=\"4506\" data-end=\"4522\">6\u00d719 \u6216 6\u00d737<\/strong><\/p>\n<\/li>\n<\/ul>\n<h3 data-start=\"4524\" data-end=\"4589\"><strong data-start=\"4528\" data-end=\"4587\">Q4: \u4e0d\u92b9\u92fc\u7d72\u7e69\u53ef\u4ee5\u7528\u5728\u9e79\u6c34\u4e2d\u55ce\uff1f<\/strong><\/h3>\n<p data-start=\"4590\" data-end=\"4686\">\u662f\u7684\u3002 <strong data-start=\"4595\" data-end=\"4607\">AISI 316<\/strong> \u9e7d\u6c34\u53ca\u96e2\u5cb8\u61c9\u7528\u5f37\u70c8\u5efa\u8b70\u4f7f\u7528\u4e0d\u92b9\u92fc\u3002<\/p>\n<h3 data-start=\"4688\" data-end=\"4732\"><strong data-start=\"4692\" data-end=\"4730\">Q5: \u4f60\u5011\u63d0\u4f9b\u5ba2\u88fd\u5316\u76f4\u5f91\u55ce\uff1f<\/strong><\/h3>\n<p data-start=\"4733\" data-end=\"4824\">\u53ef\u4ee5\u3002\u6211\u5011\u53ef\u4ee5\u6839\u64da\u60a8\u7684\u8981\u6c42\u751f\u7522\u5b9a\u5236\u7684\u76f4\u5f91\u3001\u7d50\u69cb\u548c\u7b49\u7d1a\u3002<\/p>","protected":false},"excerpt":{"rendered":"<p>Wonzh \u6240\u4f9b\u61c9\u7684\u4e0d\u92b9\u92fc\u7d72\u7e69\u662f\u7531\u9ad8\u54c1\u8cea\u7684\u5967\u6c0f\u9ad4\u4e0d\u92b9\u92fc\u7b49\u7d1a\u88fd\u6210\uff0c\u4f8b\u5982 AISI 304 \u548c AISI 316\uff0c\u5728\u60e1\u52a3\u7684\u74b0\u5883\u4e2d\u5177\u6709\u6975\u4f73\u7684\u8010\u8150\u8755\u6027\u3001\u6a5f\u68b0\u5f37\u5ea6\u548c\u75b2\u52de\u6027\u80fd\u3002<\/p>","protected":false},"featured_media":1506,"comment_status":"open","ping_status":"closed","template":"","meta":{"site-sidebar-layout":"default","site-content-layout":"","ast-site-content-layout":"default","site-content-style":"default","site-sidebar-style":"default","ast-global-header-display":"","ast-banner-title-visibility":"","ast-main-header-display":"","ast-hfb-above-header-display":"","ast-hfb-below-header-display":"","ast-hfb-mobile-header-display":"","site-post-title":"","ast-breadcrumbs-content":"","ast-featured-img":"","footer-sml-layout":"","ast-disable-related-posts":"","theme-transparent-header-meta":"default","adv-header-id-meta":"","stick-header-meta":"default","header-above-stick-meta":"","header-main-stick-meta":"","header-below-stick-meta":"","astra-migrate-meta-layouts":"set","ast-page-background-enabled":"default","ast-page-background-meta":{"desktop":{"background-color":"","background-image":"","background-repeat":"repeat","background-position":"center center","background-size":"auto","background-attachment":"scroll","background-type":"","background-media":"","overlay-type":"","overlay-color":"","overlay-opacity":"","overlay-gradient":""},"tablet":{"background-color":"","background-image":"","background-repeat":"repeat","background-position":"center center","background-size":"auto","background-attachment":"scroll","background-type":"","background-media":"","overlay-type":"","overlay-color":"","overlay-opacity":"","overlay-gradient":""},"mobile":{"background-color":"","background-image":"","background-repeat":"repeat","background-position":"center center","background-size":"auto","background-attachment":"scroll","background-type":"","background-media":"","overlay-type":"","overlay-color":"","overlay-opacity":"","overlay-gradient":""}},"ast-content-background-meta":{"desktop":{"background-color":"var(--ast-global-color-5)","background-image":"","background-repeat":"repeat","background-position":"center center","background-size":"auto","background-attachment":"scroll","background-type":"","background-media":"","overlay-type":"","overlay-color":"","overlay-opacity":"","overlay-gradient":""},"tablet":{"background-color":"var(--ast-global-color-5)","background-image":"","background-repeat":"repeat","background-position":"center center","background-size":"auto","background-attachment":"scroll","background-type":"","background-media":"","overlay-type":"","overlay-color":"","overlay-opacity":"","overlay-gradient":""},"mobile":{"background-color":"var(--ast-global-color-5)","background-image":"","background-repeat":"repeat","background-position":"center center","background-size":"auto","background-attachment":"scroll","background-type":"","background-media":"","overlay-type":"","overlay-color":"","overlay-opacity":"","overlay-gradient":""}}},"product_brand":[],"product_cat":[22],"product_tag":[263,262,115,116,265,266,261,257,267,254,260,264,118,113],"class_list":{"0":"post-1453","1":"product","2":"type-product","3":"status-publish","4":"has-post-thumbnail","6":"product_cat-wire-rope-lifting-accessories","7":"product_tag-1x19-stainless-cable","8":"product_tag-7x19-stainless-rope","9":"product_tag-aisi-304-wire-rope","10":"product_tag-aisi-316-wire-rope","11":"product_tag-architectural-cable","12":"product_tag-chemical-industry-rope","13":"product_tag-china-wire-rope-manufacturer","14":"product_tag-corrosion-resistant-rope","15":"product_tag-din-stainless-wire-rope","16":"product_tag-hoisting-cable","17":"product_tag-iso-wire-rope","18":"product_tag-iwrc-stainless-rope","19":"product_tag-marine-wire-rope","20":"product_tag-stainless-steel-wire-rope","21":"desktop-align-left","22":"tablet-align-left","23":"mobile-align-left","25":"first","26":"instock","27":"shipping-taxable","28":"product-type-simple"},"_links":{"self":[{"href":"https:\/\/www.wonzh.com\/zh\/wp-json\/wp\/v2\/product\/1453","targetHints":{"allow":["GET"]}}],"collection":[{"href":"https:\/\/www.wonzh.com\/zh\/wp-json\/wp\/v2\/product"}],"about":[{"href":"https:\/\/www.wonzh.com\/zh\/wp-json\/wp\/v2\/types\/product"}],"replies":[{"embeddable":true,"href":"https:\/\/www.wonzh.com\/zh\/wp-json\/wp\/v2\/comments?post=1453"}],"wp:featuredmedia":[{"embeddable":true,"href":"https:\/\/www.wonzh.com\/zh\/wp-json\/wp\/v2\/media\/1506"}],"wp:attachment":[{"href":"https:\/\/www.wonzh.com\/zh\/wp-json\/wp\/v2\/media?parent=1453"}],"wp:term":[{"taxonomy":"product_brand","embeddable":true,"href":"https:\/\/www.wonzh.com\/zh\/wp-json\/wp\/v2\/product_brand?post=1453"},{"taxonomy":"product_cat","embeddable":true,"href":"https:\/\/www.wonzh.com\/zh\/wp-json\/wp\/v2\/product_cat?post=1453"},{"taxonomy":"product_tag","embeddable":true,"href":"https:\/\/www.wonzh.com\/zh\/wp-json\/wp\/v2\/product_tag?post=1453"}],"curies":[{"name":"wp","href":"https:\/\/api.w.org\/{rel}","templated":true}]}}