{"id":2153,"date":"2026-04-29T15:31:51","date_gmt":"2026-04-29T15:31:51","guid":{"rendered":"https:\/\/www.wonzh.com\/?post_type=product&#038;p=2153"},"modified":"2026-04-29T15:31:53","modified_gmt":"2026-04-29T15:31:53","slug":"zgs13-wind-solar-power-pad-mounted-step-up-transformer-0-69kv-to-10kv-35kv-compact-substation-transformer-for-renewable-energy-systems","status":"publish","type":"product","link":"https:\/\/www.wonzh.com\/vi\/product\/zgs13-wind-solar-power-pad-mounted-step-up-transformer-0-69kv-to-10kv-35kv-compact-substation-transformer-for-renewable-energy-systems\/","title":{"rendered":"ZGS13 - M\u00e1y bi\u1ebfn \u00e1p t\u0103ng \u00e1p l\u1eafp \u0111\u1eb7t tr\u00ean b\u1ec7 cho h\u1ec7 th\u1ed1ng \u0111i\u1ec7n gi\u00f3 v\u00e0 \u0111i\u1ec7n m\u1eb7t tr\u1eddi (M\u00e1y bi\u1ebfn \u00e1p tr\u1ea1m bi\u1ebfn \u00e1p nh\u1ecf g\u1ecdn 0,69 kV \u0111\u1ebfn 10 kV \/ 35 kV d\u00e0nh cho h\u1ec7 th\u1ed1ng n\u0103ng l\u01b0\u1ee3ng t\u00e1i t\u1ea1o)"},"content":{"rendered":"<p data-start=\"283\" data-end=\"466\">M\u00e1y bi\u1ebfn \u00e1p t\u0103ng \u00e1p chuy\u00ean d\u1ee5ng cho n\u0103ng l\u01b0\u1ee3ng gi\u00f3 v\u00e0 m\u1eb7t tr\u1eddi d\u00f2ng ZGS13 l\u00e0 m\u1ed9t thi\u1ebft b\u1ecb bi\u1ebfn \u00e1p ki\u1ec3u tr\u1ea1m bi\u1ebfn \u00e1p t\u00edch h\u1ee3p, c\u00f3 thi\u1ebft k\u1ebf nh\u1ecf g\u1ecdn, \u0111\u01b0\u1ee3c thi\u1ebft k\u1ebf d\u00e0nh ri\u00eang cho c\u00e1c h\u1ec7 th\u1ed1ng s\u1ea3n xu\u1ea5t n\u0103ng l\u01b0\u1ee3ng t\u00e1i t\u1ea1o.<\/p>\n<p data-start=\"468\" data-end=\"532\">N\u00f3 k\u1ebft h\u1ee3p c\u00e1c th\u00e0nh ph\u1ea7n sau \u0111\u00e2y th\u00e0nh m\u1ed9t c\u1ea5u tr\u00fac g\u1ecdn g\u00e0ng:<\/p>\n<ul data-start=\"533\" data-end=\"630\">\n<li data-section-id=\"159gwlz\" data-start=\"533\" data-end=\"565\">L\u00f5i v\u00e0 cu\u1ed9n d\u00e2y m\u00e1y bi\u1ebfn \u00e1p<\/li>\n<li data-section-id=\"1nd1vfv\" data-start=\"566\" data-end=\"580\">Thi\u1ebft b\u1ecb \u0111\u00f3ng c\u1eaft<\/li>\n<li data-section-id=\"1gutmwu\" data-start=\"581\" data-end=\"590\">C\u1ea7u ch\u00ec<\/li>\n<li data-section-id=\"1b2jgah\" data-start=\"591\" data-end=\"606\">B\u1ed9 chuy\u1ec3n m\u1ea1ch<\/li>\n<li data-section-id=\"1d1nt9k\" data-start=\"607\" data-end=\"630\">Thi\u1ebft b\u1ecb ph\u1ee5 tr\u1ee3<\/li>\n<\/ul>\n<p data-start=\"632\" data-end=\"762\">Thi\u1ebft b\u1ecb n\u00e0y s\u1eed d\u1ee5ng d\u1ea7u c\u00e1ch \u0111i\u1ec7n bi\u1ebfn \u00e1p l\u00e0m c\u1ea3 ch\u1ea5t c\u00e1ch \u0111i\u1ec7n l\u1eabn ch\u1ea5t l\u00e0m m\u00e1t, \u0111\u1ea3m b\u1ea3o hi\u1ec7u su\u1ea5t cao v\u00e0 ho\u1ea1t \u0111\u1ed9ng \u1ed5n \u0111\u1ecbnh.<\/p>\n<p data-start=\"764\" data-end=\"889\">N\u00f3 \u0111\u01b0\u1ee3c thi\u1ebft k\u1ebf \u0111\u1ec3 chuy\u1ec3n \u0111\u1ed5i \u0111i\u1ec7n n\u0103ng \u0111\u01b0\u1ee3c t\u1ea1o ra t\u1eeb:<br \/>\n\ud83d\udc49 0,69 kV (0,27\u20131,14 kV)<br data-start=\"839\" data-end=\"842\" \/>v\u00e0o<br data-start=\"846\" data-end=\"849\" \/>\ud83d\udc49 M\u1ee9c \u0111i\u1ec7n \u00e1p trung th\u1ebf 10 kV ho\u1eb7c 35 kV<\/p>\n<p data-start=\"891\" data-end=\"954\">\u0111\u1ec3 truy\u1ec1n t\u1ea3i \u0111i\u1ec7n qua l\u01b0\u1edbi \u0111i\u1ec7n b\u1eb1ng c\u00e1p ng\u1ea7m ho\u1eb7c \u0111\u01b0\u1eddng d\u00e2y tr\u00ean kh\u00f4ng.<\/p>\n<hr data-start=\"956\" data-end=\"959\" \/>\n<h2 data-section-id=\"lmz2ep\" data-start=\"961\" data-end=\"984\">\ud83d\udd39 Ph\u1ea1m vi \u00e1p d\u1ee5ng<\/h2>\n<p data-start=\"986\" data-end=\"1001\">\u0110\u01b0\u1ee3c s\u1eed d\u1ee5ng r\u1ed9ng r\u00e3i trong:<\/p>\n<ul data-start=\"1002\" data-end=\"1152\">\n<li data-section-id=\"2kgmpf\" data-start=\"1002\" data-end=\"1035\">H\u1ec7 th\u1ed1ng ph\u00e1t \u0111i\u1ec7n gi\u00f3<\/li>\n<li data-section-id=\"aj1s75\" data-start=\"1036\" data-end=\"1076\">Nh\u00e0 m\u00e1y \u0111i\u1ec7n m\u1eb7t tr\u1eddi quang \u0111i\u1ec7n (PV)<\/li>\n<li data-section-id=\"x0107k\" data-start=\"1077\" data-end=\"1120\">Tr\u1ea1m thu gom n\u0103ng l\u01b0\u1ee3ng t\u00e1i t\u1ea1o<\/li>\n<li data-section-id=\"dyo4pr\" data-start=\"1121\" data-end=\"1152\">C\u00e1c d\u1ef1 \u00e1n n\u0103ng l\u01b0\u1ee3ng ph\u00e2n t\u00e1n<\/li>\n<\/ul>\n<hr data-start=\"1154\" data-end=\"1157\" \/>\n<h2 data-section-id=\"17fvu7l\" data-start=\"1159\" data-end=\"1177\">\ud83d\udd39 C\u00e1c t\u00ednh n\u0103ng ch\u00ednh<\/h2>\n<h3 data-section-id=\"8xngy4\" data-start=\"1179\" data-end=\"1209\">\u2714 Thi\u1ebft k\u1ebf t\u00edch h\u1ee3p cao<\/h3>\n<ul data-start=\"1210\" data-end=\"1338\">\n<li data-section-id=\"18mz8ju\" data-start=\"1210\" data-end=\"1282\">Bi\u1ebfn \u00e1p + t\u1ee7 \u0111i\u1ec7n + thi\u1ebft b\u1ecb b\u1ea3o v\u1ec7 \u0111\u01b0\u1ee3c t\u00edch h\u1ee3p trong m\u1ed9t thi\u1ebft b\u1ecb duy nh\u1ea5t<\/li>\n<li data-section-id=\"h1zq8k\" data-start=\"1283\" data-end=\"1338\">C\u1ea5u tr\u00fac nh\u1ecf g\u1ecdn, th\u00edch h\u1ee3p \u0111\u1ec3 l\u1eafp \u0111\u1eb7t ngo\u00e0i tr\u1eddi<\/li>\n<\/ul>\n<p data-start=\"1340\" data-end=\"1392\">\ud83d\udc49 Gi\u1ea3m \u0111\u1ed9 ph\u1ee9c t\u1ea1p c\u1ee7a h\u1ec7 th\u1ed1ng v\u00e0 chi ph\u00ed l\u1eafp \u0111\u1eb7t<\/p>\n<hr data-start=\"1394\" data-end=\"1397\" \/>\n<h3 data-section-id=\"13rpt0v\" data-start=\"1399\" data-end=\"1429\">\u2714 Chuy\u1ec3n \u0111\u1ed5i \u0111i\u1ec7n \u00e1p t\u0103ng \u00e1p<\/h3>\n<ul data-start=\"1430\" data-end=\"1532\">\n<li data-section-id=\"n0iuwa\" data-start=\"1430\" data-end=\"1490\">Chuy\u1ec3n \u0111\u1ed5i \u0111i\u1ec7n \u00e1p th\u1ea5p th\u00e0nh \u0111i\u1ec7n \u00e1p trung b\u00ecnh<\/li>\n<li data-section-id=\"1udo1p2\" data-start=\"1491\" data-end=\"1532\">\u0110\u00e1p \u1ee9ng c\u00e1c y\u00eau c\u1ea7u v\u1ec1 k\u1ebft n\u1ed1i l\u01b0\u1edbi \u0111i\u1ec7n<\/li>\n<\/ul>\n<p data-start=\"1534\" data-end=\"1590\">\ud83d\udc49 Y\u1ebfu t\u1ed1 thi\u1ebft y\u1ebfu cho c\u00e1c h\u1ec7 th\u1ed1ng truy\u1ec1n t\u1ea3i n\u0103ng l\u01b0\u1ee3ng t\u00e1i t\u1ea1o<\/p>\n<hr data-start=\"1592\" data-end=\"1595\" \/>\n<h3 data-section-id=\"dsrx6t\" data-start=\"1597\" data-end=\"1643\">\u2714 H\u1ec7 th\u1ed1ng c\u00e1ch \u0111i\u1ec7n v\u00e0 l\u00e0m m\u00e1t b\u1eb1ng d\u1ea7u<\/h3>\n<ul data-start=\"1644\" data-end=\"1734\">\n<li data-section-id=\"13xv2st\" data-start=\"1644\" data-end=\"1734\">S\u1eed d\u1ee5ng d\u1ea7u c\u00e1ch \u0111i\u1ec7n \u0111\u1ec3:\n<ul data-start=\"1672\" data-end=\"1734\">\n<li data-section-id=\"s7zkff\" data-start=\"1672\" data-end=\"1704\">Ch\u1ea5t c\u00e1ch \u0111i\u1ec7n<\/li>\n<li data-section-id=\"m3lgqs\" data-start=\"1707\" data-end=\"1734\">Ch\u1ea5t d\u1eabn nhi\u1ec7t<\/li>\n<\/ul>\n<\/li>\n<\/ul>\n<p data-start=\"1736\" data-end=\"1775\">\ud83d\udc49 \u0110\u1ea3m b\u1ea3o ho\u1ea1t \u0111\u1ed9ng \u1ed5n \u0111\u1ecbnh trong d\u00e0i h\u1ea1n<\/p>\n<hr data-start=\"1777\" data-end=\"1780\" \/>\n<h3 data-section-id=\"q0elz3\" data-start=\"1782\" data-end=\"1823\">\u2714 C\u00e0i \u0111\u1eb7t nhanh ch\u00f3ng &amp; Tri\u1ec3n khai d\u1ec5 d\u00e0ng<\/h3>\n<ul data-start=\"1824\" data-end=\"1894\">\n<li data-section-id=\"1oiyy76\" data-start=\"1824\" data-end=\"1856\">Thi\u1ebft k\u1ebf \u0111\u01b0\u1ee3c l\u1eafp r\u00e1p s\u1eb5n t\u1ea1i nh\u00e0 m\u00e1y<\/li>\n<li data-section-id=\"8zqbpt\" data-start=\"1857\" data-end=\"1894\">C\u00f4ng vi\u1ec7c l\u1eafp \u0111\u1eb7t t\u1ea1i ch\u1ed7 t\u1ed1i thi\u1ec3u<\/li>\n<\/ul>\n<p data-start=\"1896\" data-end=\"1938\">\ud83d\udc49 L\u00fd t\u01b0\u1edfng cho c\u00e1c trang tr\u1ea1i \u0111i\u1ec7n gi\u00f3 v\u00e0 \u0111i\u1ec7n m\u1eb7t tr\u1eddi \u1edf v\u00f9ng s\u00e2u v\u00f9ng xa<\/p>\n<hr data-start=\"1940\" data-end=\"1943\" \/>\n<h3 data-section-id=\"1ney3w6\" data-start=\"1945\" data-end=\"1976\">\u2714 \u0110\u1ed9 an to\u00e0n v\u00e0 \u0111\u1ed9 tin c\u1eady cao<\/h3>\n<ul data-start=\"1977\" data-end=\"2059\">\n<li data-section-id=\"18wyaby\" data-start=\"1977\" data-end=\"2005\">C\u1ea5u tr\u00fac k\u00edn ho\u00e0n to\u00e0n<\/li>\n<li data-section-id=\"1yfbqna\" data-start=\"2006\" data-end=\"2059\">H\u1ec7 th\u1ed1ng b\u1ea3o v\u1ec7 t\u00edch h\u1ee3p (c\u1ea7u ch\u00ec + t\u1ee7 \u0111i\u1ec7n)<\/li>\n<\/ul>\n<p data-start=\"2061\" data-end=\"2105\">\ud83d\udc49 Ph\u00f9 h\u1ee3p v\u1edbi c\u00e1c m\u00f4i tr\u01b0\u1eddng ngo\u00e0i tr\u1eddi kh\u1eafc nghi\u1ec7t<\/p>\n<hr data-start=\"2107\" data-end=\"2110\" \/>\n<h3 data-section-id=\"1ukkhrg\" data-start=\"2112\" data-end=\"2149\">\u2714 Ti\u1ebft ki\u1ec7m n\u0103ng l\u01b0\u1ee3ng &amp; Th\u00e2n thi\u1ec7n v\u1edbi m\u00f4i tr\u01b0\u1eddng<\/h3>\n<ul data-start=\"2150\" data-end=\"2242\">\n<li data-section-id=\"10oncp9\" data-start=\"2150\" data-end=\"2169\">Thi\u1ebft k\u1ebf c\u00f3 t\u1ed5n hao th\u1ea5p<\/li>\n<li data-section-id=\"19wmozq\" data-start=\"2170\" data-end=\"2203\">Hi\u1ec7u su\u1ea5t t\u1ea3n nhi\u1ec7t \u0111\u01b0\u1ee3c t\u1ed1i \u01b0u h\u00f3a<\/li>\n<li data-section-id=\"14ijk6v\" data-start=\"2204\" data-end=\"2242\">Ho\u1ea1t \u0111\u1ed9ng th\u00e2n thi\u1ec7n v\u1edbi m\u00f4i tr\u01b0\u1eddng<\/li>\n<\/ul>\n<hr data-start=\"2244\" data-end=\"2247\" \/>\n<h3 data-section-id=\"mvgs39\" data-start=\"2249\" data-end=\"2285\">\u2714 C\u00e0i \u0111\u1eb7t \u0111i\u1ec7n \u00e1p linh ho\u1ea1t<\/h3>\n<p data-start=\"2286\" data-end=\"2295\">H\u1ed7 tr\u1ee3:<\/p>\n<ul data-start=\"2296\" data-end=\"2363\">\n<li data-section-id=\"mzelvn\" data-start=\"2296\" data-end=\"2332\">\u0110i\u1ec7n \u00e1p \u0111\u1ea7u v\u00e0o 0,69 kV (d\u1ea3i 0,27\u20131,14 kV)<\/li>\n<li data-section-id=\"11dvkj3\" data-start=\"2333\" data-end=\"2363\">C\u00e1c t\u00f9y ch\u1ecdn \u0111\u1ea7u ra 10 kV \/ 35 kV<\/li>\n<\/ul>\n<hr data-start=\"2365\" data-end=\"2368\" \/>\n<h2 data-section-id=\"149biba\" data-start=\"2370\" data-end=\"2393\">\ud83d\udd39 Nguy\u00ean l\u00fd ho\u1ea1t \u0111\u1ed9ng<\/h2>\n<ol data-start=\"2395\" data-end=\"2716\">\n<li data-section-id=\"4w3r9l\" data-start=\"2395\" data-end=\"2477\">\u0110i\u1ec7n \u0111\u01b0\u1ee3c s\u1ea3n xu\u1ea5t b\u1edfi c\u00e1c tuabin gi\u00f3 ho\u1eb7c b\u1ed9 bi\u1ebfn t\u1ea7n quang \u0111i\u1ec7n \u0111\u01b0\u1ee3c \u0111\u01b0a v\u00e0o m\u00e1y bi\u1ebfn \u00e1p<\/li>\n<li data-section-id=\"1s3j0n7\" data-start=\"2478\" data-end=\"2539\">\u0110i\u1ec7n \u00e1p \u0111\u01b0\u1ee3c n\u00e2ng t\u1eeb m\u1ee9c th\u1ea5p l\u00ean m\u1ee9c trung b\u00ecnh<\/li>\n<li data-section-id=\"asu5i3\" data-start=\"2540\" data-end=\"2641\">N\u0103ng l\u01b0\u1ee3ng \u0111\u01b0\u1ee3c truy\u1ec1n \u0111\u1ebfn h\u1ec7 th\u1ed1ng thu gom th\u00f4ng qua:\n<ul data-start=\"2597\" data-end=\"2641\">\n<li data-section-id=\"1y41j33\" data-start=\"2597\" data-end=\"2619\">C\u00e1p ng\u1ea7m<\/li>\n<li data-section-id=\"1yxobhv\" data-start=\"2623\" data-end=\"2641\">\u0110\u01b0\u1eddng d\u00e2y tr\u00ean kh\u00f4ng<\/li>\n<\/ul>\n<\/li>\n<li data-section-id=\"fb5a62\" data-start=\"2642\" data-end=\"2716\">N\u0103ng l\u01b0\u1ee3ng \u0111\u01b0\u1ee3c truy\u1ec1n \u0111\u1ebfn tr\u1ea1m bi\u1ebfn \u00e1p gi\u00f3\/n\u0103ng l\u01b0\u1ee3ng m\u1eb7t tr\u1eddi \u0111\u1ec3 k\u1ebft n\u1ed1i v\u1edbi l\u01b0\u1edbi \u0111i\u1ec7n<\/li>\n<\/ol>\n<hr data-start=\"2718\" data-end=\"2721\" \/>\n<h2 data-section-id=\"1rg4wz9\" data-start=\"2723\" data-end=\"2747\">\ud83d\udd39 T\u00f3m t\u1eaft c\u00e1c \u01b0u \u0111i\u1ec3m<\/h2>\n<ul data-start=\"2749\" data-end=\"3022\">\n<li data-section-id=\"223ev8\" data-start=\"2749\" data-end=\"2807\">Thi\u1ebft k\u1ebf t\u00edch h\u1ee3p nh\u1ecf g\u1ecdn d\u00e0nh cho c\u00e1c h\u1ec7 th\u1ed1ng n\u0103ng l\u01b0\u1ee3ng t\u00e1i t\u1ea1o<\/li>\n<li data-section-id=\"3v4amq\" data-start=\"2808\" data-end=\"2847\">L\u1eafp \u0111\u1eb7t v\u00e0 v\u1eadn h\u00e0nh nhanh ch\u00f3ng<\/li>\n<li data-section-id=\"1kyl9qx\" data-start=\"2848\" data-end=\"2891\">\u0110\u1ed9 tin c\u1eady cao v\u00e0 an to\u00e0n v\u1eadn h\u00e0nh<\/li>\n<li data-section-id=\"1o44870\" data-start=\"2892\" data-end=\"2935\">Ph\u00f9 h\u1ee3p v\u1edbi c\u00e1c m\u00f4i tr\u01b0\u1eddng ngo\u00e0i tr\u1eddi kh\u1eafc nghi\u1ec7t<\/li>\n<li data-section-id=\"5k48t5\" data-start=\"2936\" data-end=\"2980\">H\u1ed7 tr\u1ee3 c\u00e1c y\u00eau c\u1ea7u v\u1ec1 \u0111i\u1ec7n \u00e1p \u1edf c\u1ea5p l\u01b0\u1edbi<\/li>\n<li data-section-id=\"18rnbjv\" data-start=\"2981\" data-end=\"3022\">\u00cdt c\u1ea7n b\u1ea3o tr\u00ec v\u00e0 tu\u1ed5i th\u1ecd cao<\/li>\n<\/ul>\n<hr data-start=\"3024\" data-end=\"3027\" \/>\n<h1 data-section-id=\"1lxd8kj\" data-start=\"3029\" data-end=\"3036\">\u2753 C\u00e2u h\u1ecfi th\u01b0\u1eddng g\u1eb7p<\/h1>\n<h3 data-section-id=\"16tdf6s\" data-start=\"3038\" data-end=\"3091\">1\ufe0f\u20e3 Bi\u1ebfn \u00e1p t\u0103ng \u00e1p ZGS13 \u0111\u01b0\u1ee3c d\u00f9ng \u0111\u1ec3 l\u00e0m g\u00ec?<\/h3>\n<p data-start=\"3093\" data-end=\"3211\">N\u00f3 \u0111\u01b0\u1ee3c d\u00f9ng \u0111\u1ec3:<br \/>\n\ud83d\udc49 N\u00e2ng \u0111i\u1ec7n \u00e1p t\u1eeb c\u00e1c h\u1ec7 th\u1ed1ng ph\u00e1t \u0111i\u1ec7n gi\u00f3 ho\u1eb7c m\u1eb7t tr\u1eddi l\u00ean m\u1ee9c truy\u1ec1n t\u1ea3i l\u01b0\u1edbi \u0111i\u1ec7n (10 kV ho\u1eb7c 35 kV)<\/p>\n<hr data-start=\"3213\" data-end=\"3216\" \/>\n<h3 data-section-id=\"6385e5\" data-start=\"3218\" data-end=\"3248\">2\ufe0f\u20e3 N\u00f3 \u0111\u01b0\u1ee3c c\u00e0i \u0111\u1eb7t \u1edf \u0111\u00e2u?<\/h3>\n<p data-start=\"3250\" data-end=\"3273\">N\u00f3 th\u01b0\u1eddng \u0111\u01b0\u1ee3c s\u1eed d\u1ee5ng trong:<\/p>\n<ul data-start=\"3274\" data-end=\"3347\">\n<li data-section-id=\"1ryn0s7\" data-start=\"3274\" data-end=\"3288\">C\u00e1c trang tr\u1ea1i gi\u00f3<\/li>\n<li data-section-id=\"igs886\" data-start=\"3289\" data-end=\"3314\">Nh\u00e0 m\u00e1y \u0111i\u1ec7n m\u1eb7t tr\u1eddi<\/li>\n<li data-section-id=\"1aribom\" data-start=\"3315\" data-end=\"3347\">Tr\u1ea1m bi\u1ebfn \u00e1p n\u0103ng l\u01b0\u1ee3ng t\u00e1i t\u1ea1o<\/li>\n<\/ul>\n<hr data-start=\"3349\" data-end=\"3352\" \/>\n<h3 data-section-id=\"eaniav\" data-start=\"3354\" data-end=\"3412\">3\ufe0f\u20e3 T\u1ea1i sao l\u1ea1i g\u1ecdi l\u00e0 m\u00e1y bi\u1ebfn \u00e1p tr\u1ea1m bi\u1ebfn \u00e1p nh\u1ecf g\u1ecdn?<\/h3>\n<p data-start=\"3414\" data-end=\"3436\">B\u1edfi v\u00ec n\u00f3 t\u00edch h\u1ee3p:<\/p>\n<ul data-start=\"3437\" data-end=\"3490\">\n<li data-section-id=\"1c2mxqr\" data-start=\"3437\" data-end=\"3452\">Bi\u1ebfn \u00e1p<\/li>\n<li data-section-id=\"1nd1vfv\" data-start=\"3453\" data-end=\"3467\">Thi\u1ebft b\u1ecb \u0111\u00f3ng c\u1eaft<\/li>\n<li data-section-id=\"9lz69s\" data-start=\"3468\" data-end=\"3490\">Thi\u1ebft b\u1ecb b\u1ea3o v\u1ec7<\/li>\n<\/ul>\n<p data-start=\"3492\" data-end=\"3524\">\ud83d\udc49 G\u1ed9p th\u00e0nh m\u1ed9t \u0111\u01a1n v\u1ecb l\u1eafp gh\u00e9p s\u1eb5n<\/p>\n<hr data-start=\"3526\" data-end=\"3529\" \/>\n<h3 data-section-id=\"kdbnzc\" data-start=\"3531\" data-end=\"3592\">4\ufe0f\u20e3 \u0110i\u1ec1u g\u00ec khi\u1ebfn n\u00f3 ph\u00f9 h\u1ee3p v\u1edbi c\u00e1c d\u1ef1 \u00e1n n\u0103ng l\u01b0\u1ee3ng t\u00e1i t\u1ea1o?<\/h3>\n<ul data-start=\"3594\" data-end=\"3686\">\n<li data-section-id=\"5svd5d\" data-start=\"3594\" data-end=\"3613\">Tri\u1ec3n khai nhanh ch\u00f3ng<\/li>\n<li data-section-id=\"4sp4nl\" data-start=\"3614\" data-end=\"3636\">\u0110\u1ed9 b\u1ec1n khi s\u1eed d\u1ee5ng ngo\u00e0i tr\u1eddi<\/li>\n<li data-section-id=\"1cqlean\" data-start=\"3637\" data-end=\"3666\">Chuy\u1ec3n \u0111\u1ed5i \u0111i\u1ec7n \u00e1p \u1ed5n \u0111\u1ecbnh<\/li>\n<li data-section-id=\"1s8wp6p\" data-start=\"3667\" data-end=\"3686\">\u00cdt t\u1ed1n c\u00f4ng b\u1ea3o tr\u00ec<\/li>\n<\/ul>\n<hr data-start=\"3688\" data-end=\"3691\" \/>\n<h3 data-section-id=\"e1lsee\" data-start=\"3693\" data-end=\"3725\">5\ufe0f\u20e3 M\u00e1y c\u00f3 s\u1eed d\u1ee5ng h\u1ec7 th\u1ed1ng l\u00e0m m\u00e1t b\u1eb1ng d\u1ea7u kh\u00f4ng?<\/h3>\n<p data-start=\"3727\" data-end=\"3794\">\u0110\u00fang v\u1eady, n\u00f3 s\u1eed d\u1ee5ng:<br \/>\n\ud83d\udc49 D\u1ea7u c\u00e1ch \u0111i\u1ec7n d\u00f9ng cho c\u1ea3 l\u00e0m m\u00e1t v\u00e0 c\u00e1ch \u0111i\u1ec7n<\/p>","protected":false},"excerpt":{"rendered":"<p data-start=\"283\" data-end=\"466\">M\u00e1y bi\u1ebfn \u00e1p t\u0103ng \u00e1p chuy\u00ean d\u1ee5ng cho n\u0103ng l\u01b0\u1ee3ng gi\u00f3 v\u00e0 m\u1eb7t tr\u1eddi d\u00f2ng ZGS13 l\u00e0 m\u1ed9t thi\u1ebft b\u1ecb bi\u1ebfn \u00e1p ki\u1ec3u tr\u1ea1m bi\u1ebfn \u00e1p t\u00edch h\u1ee3p, c\u00f3 thi\u1ebft k\u1ebf nh\u1ecf g\u1ecdn, \u0111\u01b0\u1ee3c thi\u1ebft k\u1ebf d\u00e0nh ri\u00eang cho c\u00e1c h\u1ec7 th\u1ed1ng s\u1ea3n xu\u1ea5t n\u0103ng l\u01b0\u1ee3ng t\u00e1i t\u1ea1o.<\/p>\n<p data-start=\"468\" data-end=\"532\">N\u00f3 k\u1ebft h\u1ee3p c\u00e1c th\u00e0nh ph\u1ea7n sau \u0111\u00e2y th\u00e0nh m\u1ed9t c\u1ea5u tr\u00fac g\u1ecdn g\u00e0ng:<\/p>\n<ul data-start=\"533\" data-end=\"630\">\n<li data-section-id=\"159gwlz\" data-start=\"533\" data-end=\"565\">L\u00f5i v\u00e0 cu\u1ed9n d\u00e2y m\u00e1y bi\u1ebfn \u00e1p<\/li>\n<li data-section-id=\"1nd1vfv\" data-start=\"566\" data-end=\"580\">Thi\u1ebft b\u1ecb \u0111\u00f3ng c\u1eaft<\/li>\n<li data-section-id=\"1gutmwu\" data-start=\"581\" data-end=\"590\">C\u1ea7u ch\u00ec<\/li>\n<li data-section-id=\"1b2jgah\" data-start=\"591\" data-end=\"606\">B\u1ed9 chuy\u1ec3n m\u1ea1ch<\/li>\n<li data-section-id=\"1d1nt9k\" data-start=\"607\" data-end=\"630\">Thi\u1ebft b\u1ecb ph\u1ee5 tr\u1ee3<\/li>\n<\/ul>","protected":false},"featured_media":2154,"comment_status":"open","ping_status":"closed","template":"","meta":{"site-sidebar-layout":"default","site-content-layout":"","ast-site-content-layout":"default","site-content-style":"default","site-sidebar-style":"default","ast-global-header-display":"","ast-banner-title-visibility":"","ast-main-header-display":"","ast-hfb-above-header-display":"","ast-hfb-below-header-display":"","ast-hfb-mobile-header-display":"","site-post-title":"","ast-breadcrumbs-content":"","ast-featured-img":"","footer-sml-layout":"","ast-disable-related-posts":"","theme-transparent-header-meta":"default","adv-header-id-meta":"","stick-header-meta":"","header-above-stick-meta":"","header-main-stick-meta":"","header-below-stick-meta":"","astra-migrate-meta-layouts":"set","ast-page-background-enabled":"default","ast-page-background-meta":{"desktop":{"background-color":"","background-image":"","background-repeat":"repeat","background-position":"center center","background-size":"auto","background-attachment":"scroll","background-type":"","background-media":"","overlay-type":"","overlay-color":"","overlay-opacity":"","overlay-gradient":""},"tablet":{"background-color":"","background-image":"","background-repeat":"repeat","background-position":"center center","background-size":"auto","background-attachment":"scroll","background-type":"","background-media":"","overlay-type":"","overlay-color":"","overlay-opacity":"","overlay-gradient":""},"mobile":{"background-color":"","background-image":"","background-repeat":"repeat","background-position":"center center","background-size":"auto","background-attachment":"scroll","background-type":"","background-media":"","overlay-type":"","overlay-color":"","overlay-opacity":"","overlay-gradient":""}},"ast-content-background-meta":{"desktop":{"background-color":"var(--ast-global-color-5)","background-image":"","background-repeat":"repeat","background-position":"center center","background-size":"auto","background-attachment":"scroll","background-type":"","background-media":"","overlay-type":"","overlay-color":"","overlay-opacity":"","overlay-gradient":""},"tablet":{"background-color":"var(--ast-global-color-5)","background-image":"","background-repeat":"repeat","background-position":"center center","background-size":"auto","background-attachment":"scroll","background-type":"","background-media":"","overlay-type":"","overlay-color":"","overlay-opacity":"","overlay-gradient":""},"mobile":{"background-color":"var(--ast-global-color-5)","background-image":"","background-repeat":"repeat","background-position":"center center","background-size":"auto","background-attachment":"scroll","background-type":"","background-media":"","overlay-type":"","overlay-color":"","overlay-opacity":"","overlay-gradient":""}}},"product_brand":[],"product_cat":[2036,2032],"product_tag":[2156,2157,2160,2159,2155,2158,2162,2154,2161,2153,2152],"class_list":{"0":"post-2153","1":"product","2":"type-product","3":"status-publish","4":"has-post-thumbnail","6":"product_cat-renewable-energy-products","7":"product_cat-electrical-equipment","8":"product_tag-0-69kv-to-10kv-transformer","9":"product_tag-35kv-step-up-transformer","10":"product_tag-compact-substation-transformer","11":"product_tag-pad-mounted-transformer","12":"product_tag-pv-substation-transformer","13":"product_tag-renewable-energy-transformer","14":"product_tag-solar-power-equipment","15":"product_tag-solar-step-up-transformer","16":"product_tag-wind-farm-electrical-equipment","17":"product_tag-wind-power-transformer","18":"product_tag-zgs13-transformer","19":"desktop-align-left","20":"tablet-align-left","21":"mobile-align-left","23":"first","24":"instock","25":"shipping-taxable","26":"product-type-simple"},"_links":{"self":[{"href":"https:\/\/www.wonzh.com\/vi\/wp-json\/wp\/v2\/product\/2153","targetHints":{"allow":["GET"]}}],"collection":[{"href":"https:\/\/www.wonzh.com\/vi\/wp-json\/wp\/v2\/product"}],"about":[{"href":"https:\/\/www.wonzh.com\/vi\/wp-json\/wp\/v2\/types\/product"}],"replies":[{"embeddable":true,"href":"https:\/\/www.wonzh.com\/vi\/wp-json\/wp\/v2\/comments?post=2153"}],"wp:featuredmedia":[{"embeddable":true,"href":"https:\/\/www.wonzh.com\/vi\/wp-json\/wp\/v2\/media\/2154"}],"wp:attachment":[{"href":"https:\/\/www.wonzh.com\/vi\/wp-json\/wp\/v2\/media?parent=2153"}],"wp:term":[{"taxonomy":"product_brand","embeddable":true,"href":"https:\/\/www.wonzh.com\/vi\/wp-json\/wp\/v2\/product_brand?post=2153"},{"taxonomy":"product_cat","embeddable":true,"href":"https:\/\/www.wonzh.com\/vi\/wp-json\/wp\/v2\/product_cat?post=2153"},{"taxonomy":"product_tag","embeddable":true,"href":"https:\/\/www.wonzh.com\/vi\/wp-json\/wp\/v2\/product_tag?post=2153"}],"curies":[{"name":"wp","href":"https:\/\/api.w.org\/{rel}","templated":true}]}}