{"id":2151,"date":"2026-04-29T15:21:33","date_gmt":"2026-04-29T15:21:33","guid":{"rendered":"https:\/\/www.wonzh.com\/?post_type=product&#038;p=2151"},"modified":"2026-04-29T15:21:35","modified_gmt":"2026-04-29T15:21:35","slug":"ybh-series-hybrid-compact-substation-10kv-35kv-prefabricated-substation-for-solar-wind-power-distribution","status":"publish","type":"product","link":"https:\/\/www.wonzh.com\/vi\/product\/ybh-series-hybrid-compact-substation-10kv-35kv-prefabricated-substation-for-solar-wind-power-distribution\/","title":{"rendered":"Tr\u1ea1m bi\u1ebfn \u00e1p nh\u1ecf g\u1ecdn k\u1ebft h\u1ee3p d\u00f2ng YBH (Tr\u1ea1m bi\u1ebfn \u00e1p \u0111\u00fac s\u1eb5n 10kV\/35kV d\u00f9ng cho ph\u00e2n ph\u1ed1i \u0111i\u1ec7n m\u1eb7t tr\u1eddi v\u00e0 \u0111i\u1ec7n gi\u00f3)"},"content":{"rendered":"<p data-start=\"252\" data-end=\"450\">Tr\u1ea1m bi\u1ebfn \u00e1p nh\u1ecf g\u1ecdn lai d\u00f2ng YBH l\u00e0 m\u1ed9t lo\u1ea1i tr\u1ea1m bi\u1ebfn \u00e1p \u0111\u00fac s\u1eb5n ti\u00ean ti\u1ebfn, k\u1ebft h\u1ee3p nh\u1eefng \u01b0u \u0111i\u1ec3m c\u1ee7a c\u1ea3 tr\u1ea1m bi\u1ebfn \u00e1p ki\u1ec3u M\u1ef9 (l\u1eafp \u0111\u1eb7t tr\u00ean b\u1ec7) v\u00e0 tr\u1ea1m bi\u1ebfn \u00e1p nh\u1ecf g\u1ecdn ki\u1ec3u ch\u00e2u \u00c2u.<\/p>\n<p data-start=\"452\" data-end=\"611\">Kh\u00e1c v\u1edbi c\u00e1c thi\u1ebft k\u1ebf truy\u1ec1n th\u1ed1ng, d\u00f2ng s\u1ea3n ph\u1ea9m YBH \u00e1p d\u1ee5ng c\u1ea5u tr\u00fac k\u1ebft n\u1ed1i \u0111i\u1ec7n \u00e1p cao \u0111\u1ed9c \u0111\u00e1o v\u1edbi c\u00f4ng ngh\u1ec7 \u0111\u1ed9c quy\u1ec1n, mang l\u1ea1i s\u1ef1 c\u00e2n b\u1eb1ng v\u01b0\u1ee3t tr\u1ed9i gi\u1eefa:<\/p>\n<p data-start=\"613\" data-end=\"689\">\ud83d\udc49 An to\u00e0n<br data-start=\"622\" data-end=\"625\" \/>\ud83d\udc49 \u0110\u1ed9 tin c\u1eady<br data-start=\"639\" data-end=\"642\" \/>\ud83d\udc49 T\u00ednh linh ho\u1ea1t<br data-start=\"656\" data-end=\"659\" \/>\ud83d\udc49 Hi\u1ec7u qu\u1ea3 m\u00f4i tr\u01b0\u1eddng<\/p>\n<p data-start=\"691\" data-end=\"712\">N\u00f3 \u0111\u01b0\u1ee3c s\u1eed d\u1ee5ng r\u1ed9ng r\u00e3i trong:<\/p>\n<ul data-start=\"713\" data-end=\"811\">\n<li data-section-id=\"1w4tyzr\" data-start=\"713\" data-end=\"744\">Nh\u00e0 m\u00e1y \u0111i\u1ec7n m\u1eb7t tr\u1eddi (PV)<\/li>\n<li data-section-id=\"z32h6d\" data-start=\"745\" data-end=\"771\">H\u1ec7 th\u1ed1ng \u0111i\u1ec7n gi\u00f3<\/li>\n<li data-section-id=\"1xsivcn\" data-start=\"772\" data-end=\"811\">M\u1ea1ng l\u01b0\u1edbi ph\u00e2n ph\u1ed1i 10 kV \/ 35 kV<\/li>\n<\/ul>\n<hr data-start=\"813\" data-end=\"816\" \/>\n<h2 data-section-id=\"17fvu7l\" data-start=\"818\" data-end=\"836\">\ud83d\udd39 C\u00e1c t\u00ednh n\u0103ng ch\u00ednh<\/h2>\n<h3 data-section-id=\"p055a8\" data-start=\"838\" data-end=\"893\">\u2714 Thi\u1ebft k\u1ebf k\u1ebft h\u1ee3p (K\u1ebft h\u1ee3p nh\u1eefng \u01b0u \u0111i\u1ec3m c\u1ee7a ki\u1ec3u M\u1ef9 v\u00e0 ki\u1ec3u ch\u00e2u \u00c2u)<\/h3>\n<ul data-start=\"894\" data-end=\"996\">\n<li data-section-id=\"1ravmmf\" data-start=\"894\" data-end=\"941\">K\u1ebft h\u1ee3p c\u1ea5u tr\u00fac nh\u1ecf g\u1ecdn ki\u1ec3u M\u1ef9<\/li>\n<li data-section-id=\"h5akx7\" data-start=\"942\" data-end=\"996\">H\u1ed7 tr\u1ee3 c\u1ea5u h\u00ecnh linh ho\u1ea1t theo ti\u00eau chu\u1ea9n ch\u00e2u \u00c2u<\/li>\n<\/ul>\n<p data-start=\"998\" data-end=\"1048\">\ud83d\udc49 \u0110\u01b0\u1ee3c t\u1ed1i \u01b0u h\u00f3a \u0111\u1ec3 \u0111\u00e1p \u1ee9ng nhu c\u1ea7u ph\u00e2n ph\u1ed1i \u0111i\u1ec7n hi\u1ec7n \u0111\u1ea1i<\/p>\n<hr data-start=\"1050\" data-end=\"1053\" \/>\n<h3 data-section-id=\"jwo2v2\" data-start=\"1055\" data-end=\"1107\">\u2714 C\u00f4ng ngh\u1ec7 k\u1ebft n\u1ed1i \u0111i\u1ec7n \u00e1p cao \u0111\u1ed9c quy\u1ec1n<\/h3>\n<ul data-start=\"1108\" data-end=\"1180\">\n<li data-section-id=\"eeyv5\" data-start=\"1108\" data-end=\"1139\">Thi\u1ebft k\u1ebf k\u1ebft n\u1ed1i HV \u0111\u1ed9c \u0111\u00e1o<\/li>\n<li data-section-id=\"1neig4x\" data-start=\"1140\" data-end=\"1180\">T\u0103ng c\u01b0\u1eddng \u0111\u1ed9 \u1ed5n \u0111\u1ecbnh v\u00e0 an to\u00e0n c\u1ee7a h\u1ec7 th\u1ed1ng<\/li>\n<\/ul>\n<p data-start=\"1182\" data-end=\"1232\">\ud83d\udc49 L\u1ee3i th\u1ebf s\u1ea3n ph\u1ea9m kh\u00e1c bi\u1ec7t cho c\u00e1c d\u1ef1 \u00e1n<\/p>\n<hr data-start=\"1234\" data-end=\"1237\" \/>\n<h3 data-section-id=\"1mr7066\" data-start=\"1239\" data-end=\"1279\">\u2714 C\u1ea5u tr\u00fac \u0111\u00fac s\u1eb5n t\u00edch h\u1ee3p<\/h3>\n<ul data-start=\"1280\" data-end=\"1350\">\n<li data-section-id=\"kygouv\" data-start=\"1280\" data-end=\"1324\">H\u1ec7 th\u1ed1ng bi\u1ebfn \u00e1p + \u0111i\u1ec7n \u00e1p cao (HV) + \u0111i\u1ec7n \u00e1p th\u1ea5p (LV) trong m\u1ed9t thi\u1ebft b\u1ecb<\/li>\n<li data-section-id=\"y5las0\" data-start=\"1325\" data-end=\"1350\">\u0110\u01b0\u1ee3c l\u1eafp r\u00e1p s\u1eb5n t\u1ea1i nh\u00e0 m\u00e1y<\/li>\n<\/ul>\n<p data-start=\"1352\" data-end=\"1390\">\ud83d\udc49 Gi\u1ea3m th\u1eddi gian l\u1eafp \u0111\u1eb7t t\u1ea1i hi\u1ec7n tr\u01b0\u1eddng<\/p>\n<hr data-start=\"1392\" data-end=\"1395\" \/>\n<h3 data-section-id=\"1ney3w6\" data-start=\"1397\" data-end=\"1428\">\u2714 \u0110\u1ed9 an to\u00e0n v\u00e0 \u0111\u1ed9 tin c\u1eady cao<\/h3>\n<ul data-start=\"1429\" data-end=\"1488\">\n<li data-section-id=\"18wyaby\" data-start=\"1429\" data-end=\"1457\">C\u1ea5u tr\u00fac k\u00edn ho\u00e0n to\u00e0n<\/li>\n<li data-section-id=\"eqylk7\" data-start=\"1458\" data-end=\"1488\">H\u1ec7 th\u1ed1ng b\u1ea3o v\u1ec7 to\u00e0n di\u1ec7n<\/li>\n<\/ul>\n<p data-start=\"1490\" data-end=\"1534\">\ud83d\udc49 Ph\u00f9 h\u1ee3p v\u1edbi c\u00e1c m\u00f4i tr\u01b0\u1eddng ngo\u00e0i tr\u1eddi kh\u1eafc nghi\u1ec7t<\/p>\n<hr data-start=\"1536\" data-end=\"1539\" \/>\n<h3 data-section-id=\"1ep4gse\" data-start=\"1541\" data-end=\"1569\">\u2714 Thi\u1ebft k\u1ebf nh\u1ecf g\u1ecdn &amp; ti\u1ebft ki\u1ec7m kh\u00f4ng gian<\/h3>\n<ul data-start=\"1570\" data-end=\"1678\">\n<li data-section-id=\"1kzytt9\" data-start=\"1570\" data-end=\"1627\">Chi\u1ebfm di\u1ec7n t\u00edch nh\u1ecf h\u01a1n so v\u1edbi c\u00e1c tr\u1ea1m bi\u1ebfn \u00e1p truy\u1ec1n th\u1ed1ng<\/li>\n<li data-section-id=\"1bdhfgw\" data-start=\"1628\" data-end=\"1678\">L\u1ef1a ch\u1ecdn l\u00fd t\u01b0\u1edfng cho c\u00e1c h\u1ec7 th\u1ed1ng n\u0103ng l\u01b0\u1ee3ng \u0111\u00f4 th\u1ecb v\u00e0 ph\u00e2n t\u00e1n<\/li>\n<\/ul>\n<hr data-start=\"1680\" data-end=\"1683\" \/>\n<h3 data-section-id=\"nixv8q\" data-start=\"1685\" data-end=\"1722\">\u2714 Thi\u1ebft k\u1ebf th\u00e2n thi\u1ec7n v\u1edbi m\u00f4i tr\u01b0\u1eddng<\/h3>\n<ul data-start=\"1723\" data-end=\"1802\">\n<li data-section-id=\"16visxu\" data-start=\"1723\" data-end=\"1736\">Ti\u1ebfng \u1ed3n th\u1ea5p<\/li>\n<li data-section-id=\"xnrp06\" data-start=\"1737\" data-end=\"1771\">Gi\u1ea3m t\u00e1c \u0111\u1ed9ng \u0111i\u1ec7n t\u1eeb<\/li>\n<li data-section-id=\"fwrxgr\" data-start=\"1772\" data-end=\"1802\">Ho\u1ea1t \u0111\u1ed9ng ti\u1ebft ki\u1ec7m n\u0103ng l\u01b0\u1ee3ng<\/li>\n<\/ul>\n<p data-start=\"1804\" data-end=\"1843\">\ud83d\udc49 Ph\u00f9 h\u1ee3p v\u1edbi c\u00e1c d\u1ef1 \u00e1n n\u0103ng l\u01b0\u1ee3ng xanh<\/p>\n<hr data-start=\"1845\" data-end=\"1848\" \/>\n<h2 data-section-id=\"1hq6i26\" data-start=\"1850\" data-end=\"1873\">\ud83d\udd39 Thi\u1ebft k\u1ebf k\u1ebft c\u1ea5u<\/h2>\n<h3 data-section-id=\"18zdobt\" data-start=\"1875\" data-end=\"1899\">\ud83d\udd38 B\u1ed9 ph\u1eadn \u0111i\u1ec7n \u00e1p cao<\/h3>\n<ul data-start=\"1900\" data-end=\"1965\">\n<li data-section-id=\"1vszvk\" data-start=\"1900\" data-end=\"1933\">S\u01a1 \u0111\u1ed3 k\u1ebft n\u1ed1i \u0111i\u1ec7n \u00e1p cao linh ho\u1ea1t<\/li>\n<li data-section-id=\"wvv6oo\" data-start=\"1934\" data-end=\"1965\">Chuy\u1ec3n m\u1ea1ch an to\u00e0n v\u00e0 \u0111\u00e1ng tin c\u1eady<\/li>\n<\/ul>\n<hr data-start=\"1967\" data-end=\"1970\" \/>\n<h3 data-section-id=\"ebkzy6\" data-start=\"1972\" data-end=\"1995\">\ud83d\udd38 B\u1ed9 bi\u1ebfn \u00e1p<\/h3>\n<ul data-start=\"1996\" data-end=\"2071\">\n<li data-section-id=\"c29kbn\" data-start=\"1996\" data-end=\"2045\">H\u1ed7 tr\u1ee3 m\u00e1y bi\u1ebfn \u00e1p ng\u00e2m d\u1ea7u ho\u1eb7c m\u00e1y bi\u1ebfn \u00e1p kh\u00f4<\/li>\n<li data-section-id=\"zfd45y\" data-start=\"2046\" data-end=\"2071\">Dung l\u01b0\u1ee3ng c\u00f3 th\u1ec3 t\u00f9y ch\u1ec9nh<\/li>\n<\/ul>\n<hr data-start=\"2073\" data-end=\"2076\" \/>\n<h3 data-section-id=\"1ts15o3\" data-start=\"2078\" data-end=\"2101\">\ud83d\udd38 Thi\u1ebft b\u1ecb \u0111i\u1ec7n \u00e1p th\u1ea5p<\/h3>\n<ul data-start=\"2102\" data-end=\"2177\">\n<li data-section-id=\"1nhl37j\" data-start=\"2102\" data-end=\"2140\">H\u1ec7 th\u1ed1ng ph\u00e2n ph\u1ed1i v\u00e0 b\u1ea3o v\u1ec7<\/li>\n<li data-section-id=\"nc910x\" data-start=\"2141\" data-end=\"2177\">T\u00edch h\u1ee3p h\u1ec7 th\u1ed1ng \u0111o l\u01b0\u1eddng v\u00e0 \u0111i\u1ec1u khi\u1ec3n<\/li>\n<\/ul>\n<hr data-start=\"2179\" data-end=\"2182\" \/>\n<h3 data-section-id=\"1m6twft\" data-start=\"2184\" data-end=\"2200\">\ud83d\udd38 Ph\u1ee5 l\u1ee5c<\/h3>\n<ul data-start=\"2201\" data-end=\"2286\">\n<li data-section-id=\"1ut0yto\" data-start=\"2201\" data-end=\"2222\">Ch\u1ed1ng ch\u1ecbu th\u1eddi ti\u1ebft<\/li>\n<li data-section-id=\"xvhfr1\" data-start=\"2223\" data-end=\"2248\">Thi\u1ebft k\u1ebf ch\u1ed1ng \u0103n m\u00f2n<\/li>\n<li data-section-id=\"1qum606\" data-start=\"2249\" data-end=\"2286\">Th\u00edch h\u1ee3p \u0111\u1ec3 l\u1eafp \u0111\u1eb7t ngo\u00e0i tr\u1eddi<\/li>\n<\/ul>\n<hr data-start=\"2288\" data-end=\"2291\" \/>\n<h2 data-section-id=\"15du31k\" data-start=\"2293\" data-end=\"2311\">\ud83d\udd39 \u1ee8ng d\u1ee5ng<\/h2>\n<p data-start=\"2313\" data-end=\"2357\">Tr\u1ea1m bi\u1ebfn \u00e1p lai YBH \u0111\u01b0\u1ee3c s\u1eed d\u1ee5ng r\u1ed9ng r\u00e3i trong:<\/p>\n<ul data-start=\"2359\" data-end=\"2542\">\n<li data-section-id=\"aj1s75\" data-start=\"2359\" data-end=\"2399\">Nh\u00e0 m\u00e1y \u0111i\u1ec7n m\u1eb7t tr\u1eddi quang \u0111i\u1ec7n (PV)<\/li>\n<li data-section-id=\"pdj8ig\" data-start=\"2400\" data-end=\"2424\">C\u00e1c d\u1ef1 \u00e1n n\u0103ng l\u01b0\u1ee3ng gi\u00f3<\/li>\n<li data-section-id=\"1oiocup\" data-start=\"2425\" data-end=\"2461\">H\u1ec7 th\u1ed1ng ph\u00e2n ph\u1ed1i \u0111i\u1ec7n \u0111\u00f4 th\u1ecb<\/li>\n<li data-section-id=\"ikoknv\" data-start=\"2462\" data-end=\"2502\">C\u00e1c c\u01a1 s\u1edf c\u00f4ng nghi\u1ec7p v\u00e0 th\u01b0\u01a1ng m\u1ea1i<\/li>\n<li data-section-id=\"gftaf6\" data-start=\"2503\" data-end=\"2542\">C\u00e1c d\u1ef1 \u00e1n c\u01a1 s\u1edf h\u1ea1 t\u1ea7ng v\u00e0 ti\u1ec7n \u00edch<\/li>\n<\/ul>\n<hr data-start=\"2544\" data-end=\"2547\" \/>\n<h2 data-section-id=\"1rg4wz9\" data-start=\"2549\" data-end=\"2573\">\ud83d\udd39 T\u00f3m t\u1eaft c\u00e1c \u01b0u \u0111i\u1ec3m<\/h2>\n<ul data-start=\"2575\" data-end=\"2866\">\n<li data-section-id=\"1gwl3b8\" data-start=\"2575\" data-end=\"2632\">Thi\u1ebft k\u1ebf k\u1ebft h\u1ee3p, t\u1eadn d\u1ee5ng nh\u1eefng \u01b0u \u0111i\u1ec3m c\u1ee7a tr\u1ea1m bi\u1ebfn \u00e1p theo ti\u00eau chu\u1ea9n M\u1ef9 v\u00e0 EU<\/li>\n<li data-section-id=\"2hkvtw\" data-start=\"2633\" data-end=\"2683\">C\u00f4ng ngh\u1ec7 k\u1ebft n\u1ed1i \u0111i\u1ec7n \u00e1p cao \u0111\u1ed9c quy\u1ec1n<\/li>\n<li data-section-id=\"17kae4n\" data-start=\"2684\" data-end=\"2728\">Thi\u1ebft k\u1ebf nh\u1ecf g\u1ecdn, t\u00edch h\u1ee3p v\u00e0 d\u1ec5 l\u1eafp \u0111\u1eb7t<\/li>\n<li data-section-id=\"el1xvd\" data-start=\"2729\" data-end=\"2772\">\u0110\u1ed9 an to\u00e0n cao v\u00e0 \u0111\u1ed9 tin c\u1eady trong v\u1eadn h\u00e0nh<\/li>\n<li data-section-id=\"blvuyk\" data-start=\"2773\" data-end=\"2816\">R\u1ea5t ph\u00f9 h\u1ee3p cho c\u00e1c \u1ee9ng d\u1ee5ng n\u0103ng l\u01b0\u1ee3ng t\u00e1i t\u1ea1o<\/li>\n<li data-section-id=\"5i22eq\" data-start=\"2817\" data-end=\"2866\">Th\u00e2n thi\u1ec7n v\u1edbi m\u00f4i tr\u01b0\u1eddng v\u00e0 ti\u1ebft ki\u1ec7m n\u0103ng l\u01b0\u1ee3ng<\/li>\n<\/ul>\n<hr data-start=\"2868\" data-end=\"2871\" \/>\n<h1 data-section-id=\"1lxd8kj\" data-start=\"2873\" data-end=\"2880\">\u2753 C\u00e2u h\u1ecfi th\u01b0\u1eddng g\u1eb7p<\/h1>\n<h3 data-section-id=\"z3zs38\" data-start=\"2882\" data-end=\"2922\">1\ufe0f\u20e3 Tr\u1ea1m bi\u1ebfn \u00e1p lai YBH l\u00e0 g\u00ec?<\/h3>\n<p data-start=\"2924\" data-end=\"3023\">\u0110\u00f3 l\u00e0:<br \/>\n\ud83d\udc49 Tr\u1ea1m bi\u1ebfn \u00e1p ti\u1ec1n ch\u1ebf nh\u1ecf g\u1ecdn k\u1ebft h\u1ee3p c\u00e1c \u0111\u1eb7c \u0111i\u1ec3m c\u1ee7a c\u00e1c m\u1eabu tr\u1ea1m bi\u1ebfn \u00e1p ki\u1ec3u M\u1ef9 v\u00e0 ki\u1ec3u ch\u00e2u \u00c2u.<\/p>\n<hr data-start=\"3025\" data-end=\"3028\" \/>\n<h3 data-section-id=\"12cezs5\" data-start=\"3030\" data-end=\"3074\">2\ufe0f\u20e3 Thi\u1ebft b\u1ecb n\u00e0y h\u1ed7 tr\u1ee3 c\u00e1c m\u1ee9c \u0111i\u1ec7n \u00e1p n\u00e0o?<\/h3>\n<p data-start=\"3076\" data-end=\"3128\">Th\u00f4ng th\u01b0\u1eddng:<br \/>\n\ud83d\udc49 H\u1ec7 th\u1ed1ng ph\u00e2n ph\u1ed1i \u0111i\u1ec7n 10 kV v\u00e0 35 kV<\/p>\n<hr data-start=\"3130\" data-end=\"3133\" \/>\n<h3 data-section-id=\"67s3uz\" data-start=\"3135\" data-end=\"3194\">3\ufe0f\u20e3 \u0110i\u1ec1u g\u00ec khi\u1ebfn YBH kh\u00e1c bi\u1ec7t so v\u1edbi c\u00e1c tr\u1ea1m bi\u1ebfn \u00e1p ti\u00eau chu\u1ea9n?<\/h3>\n<ul data-start=\"3196\" data-end=\"3301\">\n<li data-section-id=\"1hj524x\" data-start=\"3196\" data-end=\"3216\">C\u1ea5u tr\u00fac lai<\/li>\n<li data-section-id=\"whfq98\" data-start=\"3217\" data-end=\"3251\">K\u1ebft n\u1ed1i \u0111i\u1ec7n \u00e1p cao \u0111\u1ed9c \u0111\u00e1o<\/li>\n<li data-section-id=\"111rkfh\" data-start=\"3252\" data-end=\"3301\">S\u1ef1 c\u00e2n b\u1eb1ng t\u1ed1t h\u01a1n gi\u1eefa t\u00ednh g\u1ecdn nh\u1eb9 v\u00e0 t\u00ednh linh ho\u1ea1t<\/li>\n<\/ul>\n<hr data-start=\"3303\" data-end=\"3306\" \/>\n<h3 data-section-id=\"1638i42\" data-start=\"3308\" data-end=\"3360\">4\ufe0f\u20e3 C\u00f3 th\u1ec3 s\u1eed d\u1ee5ng n\u00f3 trong c\u00e1c d\u1ef1 \u00e1n n\u0103ng l\u01b0\u1ee3ng t\u00e1i t\u1ea1o kh\u00f4ng?<\/h3>\n<p data-start=\"3362\" data-end=\"3427\">\u0110\u00fang v\u1eady, n\u00f3 \u0111\u01b0\u1ee3c s\u1eed d\u1ee5ng r\u1ed9ng r\u00e3i trong:<br \/>\n\ud83d\udc49 H\u1ec7 th\u1ed1ng n\u0103ng l\u01b0\u1ee3ng m\u1eb7t tr\u1eddi (PV) v\u00e0 n\u0103ng l\u01b0\u1ee3ng gi\u00f3<\/p>\n<hr data-start=\"3429\" data-end=\"3432\" \/>\n<h3 data-section-id=\"zb1fot\" data-start=\"3434\" data-end=\"3461\">5\ufe0f\u20e3 C\u00f3 th\u1ec3 t\u00f9y ch\u1ec9nh \u0111\u01b0\u1ee3c kh\u00f4ng?<\/h3>\n<p data-start=\"3463\" data-end=\"3480\">\u0110\u00fang v\u1eady, n\u00f3 h\u1ed7 tr\u1ee3:<\/p>\n<ul data-start=\"3481\" data-end=\"3574\">\n<li data-section-id=\"sbuquj\" data-start=\"3481\" data-end=\"3511\">L\u1ef1a ch\u1ecdn lo\u1ea1i m\u00e1y bi\u1ebfn \u00e1p<\/li>\n<li data-section-id=\"1aqod29\" data-start=\"3512\" data-end=\"3538\">T\u00f9y ch\u1ec9nh c\u00f4ng su\u1ea5t<\/li>\n<li data-section-id=\"5l4zr8\" data-start=\"3539\" data-end=\"3574\">Thi\u1ebft k\u1ebf c\u1ea5u h\u00ecnh \u0111i\u1ec7n<\/li>\n<\/ul>","protected":false},"excerpt":{"rendered":"<p data-start=\"252\" data-end=\"450\">Tr\u1ea1m bi\u1ebfn \u00e1p nh\u1ecf g\u1ecdn lai d\u00f2ng YBH l\u00e0 m\u1ed9t lo\u1ea1i tr\u1ea1m bi\u1ebfn \u00e1p \u0111\u00fac s\u1eb5n ti\u00ean ti\u1ebfn, k\u1ebft h\u1ee3p nh\u1eefng \u01b0u \u0111i\u1ec3m c\u1ee7a c\u1ea3 tr\u1ea1m bi\u1ebfn \u00e1p ki\u1ec3u M\u1ef9 (l\u1eafp \u0111\u1eb7t tr\u00ean b\u1ec7) v\u00e0 tr\u1ea1m bi\u1ebfn \u00e1p nh\u1ecf g\u1ecdn ki\u1ec3u ch\u00e2u \u00c2u.<\/p>\n<p data-start=\"452\" data-end=\"611\">Kh\u00e1c v\u1edbi c\u00e1c thi\u1ebft k\u1ebf truy\u1ec1n th\u1ed1ng, d\u00f2ng s\u1ea3n ph\u1ea9m YBH \u00e1p d\u1ee5ng c\u1ea5u tr\u00fac k\u1ebft n\u1ed1i \u0111i\u1ec7n \u00e1p cao \u0111\u1ed9c \u0111\u00e1o v\u1edbi c\u00f4ng ngh\u1ec7 \u0111\u1ed9c quy\u1ec1n, mang l\u1ea1i s\u1ef1 c\u00e2n b\u1eb1ng v\u01b0\u1ee3t tr\u1ed9i gi\u1eefa:<\/p>","protected":false},"featured_media":2152,"comment_status":"open","ping_status":"closed","template":"","meta":{"site-sidebar-layout":"default","site-content-layout":"","ast-site-content-layout":"default","site-content-style":"default","site-sidebar-style":"default","ast-global-header-display":"","ast-banner-title-visibility":"","ast-main-header-display":"","ast-hfb-above-header-display":"","ast-hfb-below-header-display":"","ast-hfb-mobile-header-display":"","site-post-title":"","ast-breadcrumbs-content":"","ast-featured-img":"","footer-sml-layout":"","ast-disable-related-posts":"","theme-transparent-header-meta":"default","adv-header-id-meta":"","stick-header-meta":"","header-above-stick-meta":"","header-main-stick-meta":"","header-below-stick-meta":"","astra-migrate-meta-layouts":"set","ast-page-background-enabled":"default","ast-page-background-meta":{"desktop":{"background-color":"","background-image":"","background-repeat":"repeat","background-position":"center center","background-size":"auto","background-attachment":"scroll","background-type":"","background-media":"","overlay-type":"","overlay-color":"","overlay-opacity":"","overlay-gradient":""},"tablet":{"background-color":"","background-image":"","background-repeat":"repeat","background-position":"center center","background-size":"auto","background-attachment":"scroll","background-type":"","background-media":"","overlay-type":"","overlay-color":"","overlay-opacity":"","overlay-gradient":""},"mobile":{"background-color":"","background-image":"","background-repeat":"repeat","background-position":"center center","background-size":"auto","background-attachment":"scroll","background-type":"","background-media":"","overlay-type":"","overlay-color":"","overlay-opacity":"","overlay-gradient":""}},"ast-content-background-meta":{"desktop":{"background-color":"var(--ast-global-color-5)","background-image":"","background-repeat":"repeat","background-position":"center center","background-size":"auto","background-attachment":"scroll","background-type":"","background-media":"","overlay-type":"","overlay-color":"","overlay-opacity":"","overlay-gradient":""},"tablet":{"background-color":"var(--ast-global-color-5)","background-image":"","background-repeat":"repeat","background-position":"center center","background-size":"auto","background-attachment":"scroll","background-type":"","background-media":"","overlay-type":"","overlay-color":"","overlay-opacity":"","overlay-gradient":""},"mobile":{"background-color":"var(--ast-global-color-5)","background-image":"","background-repeat":"repeat","background-position":"center center","background-size":"auto","background-attachment":"scroll","background-type":"","background-media":"","overlay-type":"","overlay-color":"","overlay-opacity":"","overlay-gradient":""}}},"product_brand":[],"product_cat":[2032,2036],"product_tag":[2145,2146,2149,2144,2151,2150,2064,2147,2148,2143],"class_list":{"0":"post-2151","1":"product","2":"type-product","3":"status-publish","4":"has-post-thumbnail","6":"product_cat-electrical-equipment","7":"product_cat-renewable-energy-products","8":"product_tag-10kv-substation","9":"product_tag-35kv-substation","10":"product_tag-compact-transformer-substation","11":"product_tag-hybrid-compact-substation","12":"product_tag-outdoor-substation-equipment","13":"product_tag-power-distribution-substation","14":"product_tag-prefabricated-substation","15":"product_tag-solar-substation","16":"product_tag-wind-power-substation","17":"product_tag-ybh-substation","18":"desktop-align-left","19":"tablet-align-left","20":"mobile-align-left","22":"first","23":"instock","24":"shipping-taxable","25":"product-type-simple"},"_links":{"self":[{"href":"https:\/\/www.wonzh.com\/vi\/wp-json\/wp\/v2\/product\/2151","targetHints":{"allow":["GET"]}}],"collection":[{"href":"https:\/\/www.wonzh.com\/vi\/wp-json\/wp\/v2\/product"}],"about":[{"href":"https:\/\/www.wonzh.com\/vi\/wp-json\/wp\/v2\/types\/product"}],"replies":[{"embeddable":true,"href":"https:\/\/www.wonzh.com\/vi\/wp-json\/wp\/v2\/comments?post=2151"}],"wp:featuredmedia":[{"embeddable":true,"href":"https:\/\/www.wonzh.com\/vi\/wp-json\/wp\/v2\/media\/2152"}],"wp:attachment":[{"href":"https:\/\/www.wonzh.com\/vi\/wp-json\/wp\/v2\/media?parent=2151"}],"wp:term":[{"taxonomy":"product_brand","embeddable":true,"href":"https:\/\/www.wonzh.com\/vi\/wp-json\/wp\/v2\/product_brand?post=2151"},{"taxonomy":"product_cat","embeddable":true,"href":"https:\/\/www.wonzh.com\/vi\/wp-json\/wp\/v2\/product_cat?post=2151"},{"taxonomy":"product_tag","embeddable":true,"href":"https:\/\/www.wonzh.com\/vi\/wp-json\/wp\/v2\/product_tag?post=2151"}],"curies":[{"name":"wp","href":"https:\/\/api.w.org\/{rel}","templated":true}]}}