{"id":2140,"date":"2026-04-29T14:46:34","date_gmt":"2026-04-29T14:46:34","guid":{"rendered":"https:\/\/www.wonzh.com\/?post_type=product&#038;p=2140"},"modified":"2026-04-29T14:46:35","modified_gmt":"2026-04-29T14:46:35","slug":"xgn15-12-sf6-ring-main-unit-12kv-metal-enclosed-air-insulated-switchgear-for-power-distribution","status":"publish","type":"product","link":"https:\/\/www.wonzh.com\/vi\/product\/xgn15-12-sf6-ring-main-unit-12kv-metal-enclosed-air-insulated-switchgear-for-power-distribution\/","title":{"rendered":"Thi\u1ebft b\u1ecb ph\u00e2n ph\u1ed1i \u0111i\u1ec7n v\u00f2ng XGN15-12 SF6 (Thi\u1ebft b\u1ecb \u0111\u00f3ng c\u1eaft c\u00e1ch \u0111i\u1ec7n b\u1eb1ng kh\u00f4ng kh\u00ed, v\u1ecf kim lo\u1ea1i, 12 kV d\u00f9ng cho h\u1ec7 th\u1ed1ng ph\u00e2n ph\u1ed1i \u0111i\u1ec7n)"},"content":{"rendered":"<p data-start=\"244\" data-end=\"452\">Thi\u1ebft b\u1ecb \u0111\u00f3ng c\u1eaft v\u00f2ng SF6 (RMU) d\u00f2ng XGN15-12 l\u00e0 thi\u1ebft b\u1ecb \u0111\u00f3ng c\u1eaft trung \u00e1p th\u1ebf h\u1ec7 m\u1edbi, \u0111\u01b0\u1ee3c thi\u1ebft k\u1ebf v\u1edbi c\u00f4ng t\u1eafc ng\u1eaft t\u1ea3i SF6 l\u00e0m th\u00e0nh ph\u1ea7n \u0111\u00f3ng c\u1eaft ch\u00ednh v\u00e0 c\u1ea5u tr\u00fac c\u00e1ch \u0111i\u1ec7n b\u1eb1ng kh\u00f4ng kh\u00ed.<\/p>\n<p data-start=\"454\" data-end=\"609\">S\u1ea3n ph\u1ea9m n\u00e0y s\u1edf h\u1eefu thi\u1ebft k\u1ebf nh\u1ecf g\u1ecdn, m\u00f4-\u0111un v\u00e0 c\u00f3 th\u1ec3 m\u1edf r\u1ed9ng, khi\u1ebfn n\u00f3 tr\u1edf th\u00e0nh l\u1ef1a ch\u1ecdn l\u00fd t\u01b0\u1edfng cho c\u00e1c h\u1ec7 th\u1ed1ng ph\u00e2n ph\u1ed1i \u0111i\u1ec7n m\u1ea1ng v\u00f2ng hi\u1ec7n \u0111\u1ea1i v\u00e0 tr\u1ea1m bi\u1ebfn \u00e1p \u0111\u1ea7u cu\u1ed1i.<\/p>\n<p data-start=\"611\" data-end=\"638\">Thi\u1ebft b\u1ecb \u0111\u00f3ng c\u1eaft ho\u1ea1t \u0111\u1ed9ng trong:<\/p>\n<ul data-start=\"639\" data-end=\"696\">\n<li data-section-id=\"w0xwqv\" data-start=\"639\" data-end=\"668\">T\u1ea7n s\u1ed1 \u0111\u1ecbnh m\u1ee9c: 50 Hz<\/li>\n<li data-section-id=\"1hfgq88\" data-start=\"669\" data-end=\"696\">\u0110i\u1ec7n \u00e1p \u0111\u1ecbnh m\u1ee9c: 12 kV<\/li>\n<\/ul>\n<p data-start=\"698\" data-end=\"845\">N\u00f3 \u0111\u01b0\u1ee3c s\u1eed d\u1ee5ng r\u1ed9ng r\u00e3i trong c\u00e1c m\u1ea1ng ph\u00e2n ph\u1ed1i \u0111i\u1ec7n \u0111\u00f4 th\u1ecb v\u00e0 c\u00f4ng nghi\u1ec7p, \u0111\u1eb7c bi\u1ec7t l\u00e0 trong c\u00e1c h\u1ec7 th\u1ed1ng v\u00f2ng c\u00e1p v\u00e0 c\u00e1c \u1ee9ng d\u1ee5ng c\u1ea5p ngu\u1ed3n \u0111\u1ea7u cu\u1ed1i.<\/p>\n<hr data-start=\"847\" data-end=\"850\" \/>\n<h2 data-section-id=\"17fvu7l\" data-start=\"852\" data-end=\"870\">\ud83d\udd39 C\u00e1c t\u00ednh n\u0103ng ch\u00ednh<\/h2>\n<h3 data-section-id=\"17n3pcd\" data-start=\"872\" data-end=\"902\">\u2714 Thi\u1ebft k\u1ebf nh\u1ecf g\u1ecdn v\u00e0 m\u00f4-\u0111un<\/h3>\n<ul data-start=\"903\" data-end=\"974\">\n<li data-section-id=\"1exxsfo\" data-start=\"903\" data-end=\"922\">K\u00edch th\u01b0\u1edbc nh\u1ecf g\u1ecdn<\/li>\n<li data-section-id=\"1pg46p\" data-start=\"923\" data-end=\"947\">C\u1ea5u tr\u00fac c\u00f3 th\u1ec3 m\u1edf r\u1ed9ng<\/li>\n<li data-section-id=\"1lwy1yl\" data-start=\"948\" data-end=\"974\">C\u1ea5u h\u00ecnh linh ho\u1ea1t<\/li>\n<\/ul>\n<p data-start=\"976\" data-end=\"1018\">\ud83d\udc49 L\u00fd t\u01b0\u1edfng cho c\u00e1c h\u1ec7 th\u1ed1ng l\u1eafp \u0111\u1eb7t c\u00f3 kh\u00f4ng gian h\u1ea1n ch\u1ebf<\/p>\n<hr data-start=\"1020\" data-end=\"1023\" \/>\n<h3 data-section-id=\"1rmabi4\" data-start=\"1025\" data-end=\"1063\">\u2714 C\u00f4ng ngh\u1ec7 c\u00f4ng t\u1eafc ng\u1eaft t\u1ea3i SF6<\/h3>\n<ul data-start=\"1064\" data-end=\"1149\">\n<li data-section-id=\"xmiurg\" data-start=\"1064\" data-end=\"1106\">Hi\u1ec7u su\u1ea5t chuy\u1ec3n m\u1ea1ch c\u00f3 \u0111\u1ed9 tin c\u1eady cao<\/li>\n<li data-section-id=\"g919cy\" data-start=\"1107\" data-end=\"1149\">Kh\u1ea3 n\u0103ng d\u1eadp t\u1eaft h\u1ed3 quang tuy\u1ec7t v\u1eddi<\/li>\n<\/ul>\n<p data-start=\"1151\" data-end=\"1189\">\ud83d\udc49 \u0110\u1ea3m b\u1ea3o ho\u1ea1t \u0111\u1ed9ng an to\u00e0n v\u00e0 \u1ed5n \u0111\u1ecbnh<\/p>\n<hr data-start=\"1191\" data-end=\"1194\" \/>\n<h3 data-section-id=\"1xt7gxu\" data-start=\"1196\" data-end=\"1226\">\u2714 C\u1ea5u tr\u00fac v\u1ecf kim lo\u1ea1i<\/h3>\n<ul data-start=\"1227\" data-end=\"1298\">\n<li data-section-id=\"jufgzz\" data-start=\"1227\" data-end=\"1261\">T\u1ee7 b\u1ecdc th\u00e9p k\u00edn ho\u00e0n to\u00e0n<\/li>\n<li data-section-id=\"1cbibis\" data-start=\"1262\" data-end=\"1298\">C\u1ea5u tr\u00fac b\u00ean trong c\u00e1ch \u0111i\u1ec7n b\u1eb1ng kh\u00f4ng kh\u00ed<\/li>\n<\/ul>\n<p data-start=\"1300\" data-end=\"1332\">\ud83d\udc49 N\u00e2ng cao an to\u00e0n v\u1eadn h\u00e0nh<\/p>\n<hr data-start=\"1334\" data-end=\"1337\" \/>\n<h3 data-section-id=\"nmp87m\" data-start=\"1339\" data-end=\"1369\">\u2714 C\u00e1c s\u01a1 \u0111\u1ed3 m\u1ea1ch linh ho\u1ea1t<\/h3>\n<ul data-start=\"1370\" data-end=\"1462\">\n<li data-section-id=\"ivfvff\" data-start=\"1370\" data-end=\"1415\">H\u1ed7 tr\u1ee3 h\u1ec7 th\u1ed1ng d\u00e2y d\u1eabn cho m\u1ea1ng ki\u1ec3u \u0111\u1ea7u cu\u1ed1i v\u00e0 m\u1ea1ng v\u00f2ng<\/li>\n<li data-section-id=\"1l6lnne\" data-start=\"1416\" data-end=\"1462\">C\u00f3 th\u1ec3 th\u00edch \u1ee9ng v\u1edbi nhi\u1ec1u c\u1ea5u h\u00ecnh h\u1ec7 th\u1ed1ng kh\u00e1c nhau<\/li>\n<\/ul>\n<hr data-start=\"1464\" data-end=\"1467\" \/>\n<h3 data-section-id=\"1gxptii\" data-start=\"1469\" data-end=\"1505\">\u2714 T\u00edch h\u1ee3p to\u00e0n di\u1ec7n c\u00e1c th\u00e0nh ph\u1ea7n<\/h3>\n<p data-start=\"1506\" data-end=\"1515\">Bao g\u1ed3m:<\/p>\n<ul data-start=\"1516\" data-end=\"1629\">\n<li data-section-id=\"zza4lc\" data-start=\"1516\" data-end=\"1541\">C\u00f4ng t\u1eafc ng\u1eaft t\u1ea3i SF6<\/li>\n<li data-section-id=\"1wup980\" data-start=\"1542\" data-end=\"1561\">C\u00f4ng t\u1eafc n\u1ed1i \u0111\u1ea5t<\/li>\n<li data-section-id=\"1yhabhp\" data-start=\"1562\" data-end=\"1570\">C\u1ea7u ch\u00ec<\/li>\n<li data-section-id=\"1vf5890\" data-start=\"1571\" data-end=\"1603\">Bi\u1ebfn \u00e1p d\u00f2ng \u0111i\u1ec7n\/\u0111i\u1ec7n \u00e1p<\/li>\n<li data-section-id=\"9wlt9w\" data-start=\"1604\" data-end=\"1629\">C\u00e1c nh\u1ea1c c\u1ee5 ph\u1ee5<\/li>\n<\/ul>\n<p data-start=\"1631\" data-end=\"1674\">\ud83d\udc49 \u0110\u00e1p \u1ee9ng c\u00e1c y\u00eau c\u1ea7u k\u1ef9 thu\u1eadt \u0111a d\u1ea1ng<\/p>\n<hr data-start=\"1676\" data-end=\"1679\" \/>\n<h3 data-section-id=\"12n2clq\" data-start=\"1681\" data-end=\"1719\">\u2714 H\u1ec7 th\u1ed1ng kh\u00f3a li\u00ean \u0111\u1ed9ng c\u01a1 kh\u00ed \u0111\u00e1ng tin c\u1eady<\/h3>\n<ul data-start=\"1720\" data-end=\"1905\">\n<li data-section-id=\"12itbxq\" data-start=\"1720\" data-end=\"1749\">H\u1ec7 th\u1ed1ng kh\u00f3a li\u00ean \u0111\u1ed9ng t\u00edch h\u1ee3p<\/li>\n<li data-section-id=\"opbivp\" data-start=\"1750\" data-end=\"1905\">Ho\u00e0n to\u00e0n \u0111\u00e1p \u1ee9ng <strong data-start=\"1764\" data-end=\"1805\">\u201cC\u00e1c y\u00eau c\u1ea7u an to\u00e0n \u201dN\u0103m bi\u1ec7n ph\u00e1p ph\u00f2ng ng\u1eeba\u201d<\/strong>:\n<ul data-start=\"1809\" data-end=\"1905\">\n<li data-section-id=\"10220o4\" data-start=\"1809\" data-end=\"1833\">Ng\u0103n ng\u1eeba sai s\u00f3t trong v\u1eadn h\u00e0nh<\/li>\n<li data-section-id=\"1d8zgdx\" data-start=\"1836\" data-end=\"1862\">Ng\u0103n ch\u1eb7n hi\u1ec7n t\u01b0\u1ee3ng n\u1ed1i \u0111\u1ea5t tr\u1ef1c ti\u1ebfp<\/li>\n<li data-section-id=\"1xh9vyq\" data-start=\"1865\" data-end=\"1905\">Ng\u0103n ch\u1eb7n tr\u00ecnh t\u1ef1 chuy\u1ec3n m\u1ea1ch kh\u00f4ng ch\u00ednh x\u00e1c<\/li>\n<\/ul>\n<\/li>\n<\/ul>\n<hr data-start=\"1907\" data-end=\"1910\" \/>\n<h3 data-section-id=\"1ney3w6\" data-start=\"1912\" data-end=\"1943\">\u2714 \u0110\u1ed9 an to\u00e0n v\u00e0 \u0111\u1ed9 tin c\u1eady cao<\/h3>\n<ul data-start=\"1944\" data-end=\"2044\">\n<li data-section-id=\"1trnttq\" data-start=\"1944\" data-end=\"1990\">Ho\u1ea1t \u0111\u1ed9ng \u1ed5n \u0111\u1ecbnh trong c\u00e1c h\u1ec7 th\u1ed1ng \u0111i\u1ec7n trung \u00e1p<\/li>\n<li data-section-id=\"1upbm1x\" data-start=\"1991\" data-end=\"2044\">Ph\u00f9 h\u1ee3p v\u1edbi c\u00e1c m\u00f4i tr\u01b0\u1eddng y\u00eau c\u1ea7u ngu\u1ed3n \u0111i\u1ec7n li\u00ean t\u1ee5c<\/li>\n<\/ul>\n<hr data-start=\"2046\" data-end=\"2049\" \/>\n<h2 data-section-id=\"1hq6i26\" data-start=\"2051\" data-end=\"2074\">\ud83d\udd39 Thi\u1ebft k\u1ebf k\u1ebft c\u1ea5u<\/h2>\n<h3 data-section-id=\"8fsvm5\" data-start=\"2076\" data-end=\"2095\">\ud83d\udd38 Lo\u1ea1i t\u1ee7<\/h3>\n<ul data-start=\"2096\" data-end=\"2183\">\n<li data-section-id=\"6ycy0i\" data-start=\"2096\" data-end=\"2129\">C\u1ea5u tr\u00fac k\u00edn b\u1ecdc kim lo\u1ea1i<\/li>\n<li data-section-id=\"9mhacx\" data-start=\"2130\" data-end=\"2160\">C\u00e1c khoang c\u00e1ch \u0111i\u1ec7n b\u1eb1ng kh\u00f4ng kh\u00ed<\/li>\n<li data-section-id=\"19bdaax\" data-start=\"2161\" data-end=\"2183\">Nh\u1ecf g\u1ecdn v\u00e0 ch\u1eafc ch\u1eafn<\/li>\n<\/ul>\n<hr data-start=\"2185\" data-end=\"2188\" \/>\n<h3 data-section-id=\"1k4dlis\" data-start=\"2190\" data-end=\"2213\">\ud83d\udd38 H\u1ec7 th\u1ed1ng chuy\u1ec3n m\u1ea1ch<\/h3>\n<ul data-start=\"2214\" data-end=\"2300\">\n<li data-section-id=\"1pc7u17\" data-start=\"2214\" data-end=\"2254\">C\u00f4ng t\u1eafc ng\u1eaft t\u1ea3i SF6 l\u00e0m c\u00f4ng t\u1eafc ch\u00ednh<\/li>\n<li data-section-id=\"19peevs\" data-start=\"2255\" data-end=\"2300\">H\u1ec7 th\u1ed1ng n\u1ed1i \u0111\u1ea5t v\u00e0 b\u1ea3o v\u1ec7 t\u00edch h\u1ee3p<\/li>\n<\/ul>\n<hr data-start=\"2302\" data-end=\"2305\" \/>\n<h3 data-section-id=\"1x6mgn9\" data-start=\"2307\" data-end=\"2331\">\ud83d\udd38 H\u1ec7 th\u1ed1ng b\u1ea3o v\u1ec7<\/h3>\n<ul data-start=\"2332\" data-end=\"2409\">\n<li data-section-id=\"1vzhk71\" data-start=\"2332\" data-end=\"2368\">B\u1ea3o v\u1ec7 b\u1eb1ng c\u1ea7u ch\u00ec cho m\u00e1y bi\u1ebfn \u00e1p<\/li>\n<li data-section-id=\"1jqn82g\" data-start=\"2369\" data-end=\"2409\">Kh\u1ea3 n\u0103ng b\u1ea3o v\u1ec7 to\u00e0n di\u1ec7n tr\u01b0\u1edbc c\u00e1c s\u1ef1 c\u1ed1<\/li>\n<\/ul>\n<hr data-start=\"2411\" data-end=\"2414\" \/>\n<h3 data-section-id=\"1ux2mw7\" data-start=\"2416\" data-end=\"2436\">\ud83d\udd38 Kh\u1ea3 n\u0103ng m\u1edf r\u1ed9ng<\/h3>\n<ul data-start=\"2437\" data-end=\"2518\">\n<li data-section-id=\"hkvjgg\" data-start=\"2437\" data-end=\"2479\">Thi\u1ebft k\u1ebf m\u00f4-\u0111un cho ph\u00e9p m\u1edf r\u1ed9ng trong t\u01b0\u01a1ng lai<\/li>\n<li data-section-id=\"cucwfa\" data-start=\"2480\" data-end=\"2518\">Ph\u00f9 h\u1ee3p v\u1edbi c\u00e1c h\u1ec7 th\u1ed1ng \u0111i\u1ec7n \u0111ang ph\u00e1t tri\u1ec3n<\/li>\n<\/ul>\n<hr data-start=\"2520\" data-end=\"2523\" \/>\n<h2 data-section-id=\"15du31k\" data-start=\"2525\" data-end=\"2543\">\ud83d\udd39 \u1ee8ng d\u1ee5ng<\/h2>\n<p data-start=\"2545\" data-end=\"2580\">Thi\u1ebft b\u1ecb RMU XGN15-12 \u0111\u01b0\u1ee3c s\u1eed d\u1ee5ng r\u1ed9ng r\u00e3i trong:<\/p>\n<ul data-start=\"2582\" data-end=\"2841\">\n<li data-section-id=\"86zm1h\" data-start=\"2582\" data-end=\"2622\">H\u1ec7 th\u1ed1ng ph\u00e2n ph\u1ed1i \u0111i\u1ec7n cho khu d\u00e2n c\u01b0 \u0111\u00f4 th\u1ecb<\/li>\n<li data-section-id=\"zcg4fz\" data-start=\"2623\" data-end=\"2648\">Tr\u1ea1m bi\u1ebfn \u00e1p c\u1ea5p hai<\/li>\n<li data-section-id=\"114sfdf\" data-start=\"2649\" data-end=\"2671\">C\u00e1c tr\u1ea1m chuy\u1ec3n m\u1ea1ch<\/li>\n<li data-section-id=\"eakz7s\" data-start=\"2672\" data-end=\"2709\">C\u00e1c doanh nghi\u1ec7p c\u00f4ng nghi\u1ec7p v\u00e0 khai kho\u00e1ng<\/li>\n<li data-section-id=\"hfihxt\" data-start=\"2710\" data-end=\"2734\">C\u00e1c t\u00f2a nh\u00e0 th\u01b0\u01a1ng m\u1ea1i<\/li>\n<li data-section-id=\"1b8blr8\" data-start=\"2735\" data-end=\"2765\">S\u00e2n bay v\u00e0 h\u1ec7 th\u1ed1ng t\u00e0u \u0111i\u1ec7n ng\u1ea7m<\/li>\n<li data-section-id=\"18stwit\" data-start=\"2766\" data-end=\"2789\">C\u00e1c d\u1ef1 \u00e1n \u0111i\u1ec7n gi\u00f3<\/li>\n<li data-section-id=\"1v8duec\" data-start=\"2790\" data-end=\"2816\">B\u1ec7nh vi\u1ec7n v\u00e0 s\u00e2n v\u1eadn \u0111\u1ed9ng<\/li>\n<li data-section-id=\"11oc9le\" data-start=\"2817\" data-end=\"2841\">\u0110\u01b0\u1eddng s\u1eaft v\u00e0 \u0111\u01b0\u1eddng h\u1ea7m<\/li>\n<\/ul>\n<hr data-start=\"2843\" data-end=\"2846\" \/>\n<h2 data-section-id=\"1rg4wz9\" data-start=\"2848\" data-end=\"2872\">\ud83d\udd39 T\u00f3m t\u1eaft c\u00e1c \u01b0u \u0111i\u1ec3m<\/h2>\n<ul data-start=\"2874\" data-end=\"3139\">\n<li data-section-id=\"1x16qe3\" data-start=\"2874\" data-end=\"2909\">Thi\u1ebft k\u1ebf nh\u1ecf g\u1ecdn v\u00e0 ti\u1ebft ki\u1ec7m kh\u00f4ng gian<\/li>\n<li data-section-id=\"1bsc137\" data-start=\"2910\" data-end=\"2960\">\u0110\u1ed9 tin c\u1eady cao nh\u1edd c\u00f4ng ngh\u1ec7 chuy\u1ec3n m\u1ea1ch SF6<\/li>\n<li data-section-id=\"lol72i\" data-start=\"2961\" data-end=\"3002\">C\u1ea5u h\u00ecnh linh ho\u1ea1t v\u00e0 c\u00f3 th\u1ec3 m\u1edf r\u1ed9ng<\/li>\n<li data-section-id=\"1nkqwt3\" data-start=\"3003\" data-end=\"3042\">H\u1ec7 th\u1ed1ng kh\u00f3a an to\u00e0n ho\u00e0n ch\u1ec9nh<\/li>\n<li data-section-id=\"18p92t7\" data-start=\"3043\" data-end=\"3098\">Th\u00edch h\u1ee3p cho m\u1ea1ng v\u00f2ng v\u00e0 h\u1ec7 th\u1ed1ng ph\u00e2n ph\u1ed1i \u0111\u1ea7u cu\u1ed1i<\/li>\n<li data-section-id=\"crou16\" data-start=\"3099\" data-end=\"3139\">L\u1ef1a ch\u1ecdn l\u00fd t\u01b0\u1edfng cho c\u00e1c h\u1ec7 th\u1ed1ng \u0111i\u1ec7n \u0111\u00f4 th\u1ecb hi\u1ec7n \u0111\u1ea1i<\/li>\n<\/ul>\n<hr data-start=\"3141\" data-end=\"3144\" \/>\n<h1 data-section-id=\"1lxd8kj\" data-start=\"3146\" data-end=\"3153\">\u2753 C\u00e2u h\u1ecfi th\u01b0\u1eddng g\u1eb7p<\/h1>\n<h3 data-section-id=\"1ukyt9j\" data-start=\"3155\" data-end=\"3193\">1\ufe0f\u20e3 Thi\u1ebft b\u1ecb ph\u00e2n ph\u1ed1i v\u00f2ng SF6 l\u00e0 g\u00ec?<\/h3>\n<p data-start=\"3195\" data-end=\"3344\">M\u1ed9t <strong data-start=\"3198\" data-end=\"3209\">RMU SF6<\/strong> l\u00e0 m\u1ed9t t\u1ee7 \u0111i\u1ec7n trung \u00e1p s\u1eed d\u1ee5ng <strong data-start=\"3247\" data-end=\"3278\">C\u00f4ng t\u1eafc ng\u1eaft t\u1ea3i kh\u00ed SF6<\/strong> \u0111\u1ec3 \u0111\u1ea3m b\u1ea3o vi\u1ec7c ph\u00e2n ph\u1ed1i \u0111i\u1ec7n an to\u00e0n v\u00e0 \u0111\u00e1ng tin c\u1eady trong c\u00e1c h\u1ec7 th\u1ed1ng m\u1ea1ng v\u00f2ng.<\/p>\n<hr data-start=\"3346\" data-end=\"3349\" \/>\n<h3 data-section-id=\"uv2j8y\" data-start=\"3351\" data-end=\"3403\">2\ufe0f\u20e3 XGN15-12 ph\u00f9 h\u1ee3p v\u1edbi m\u1ee9c \u0111i\u1ec7n \u00e1p n\u00e0o?<\/h3>\n<p data-start=\"3405\" data-end=\"3465\">S\u1ea3n ph\u1ea9m n\u00e0y \u0111\u01b0\u1ee3c thi\u1ebft k\u1ebf d\u00e0nh cho:<br \/>\n\ud83d\udc49 <strong data-start=\"3428\" data-end=\"3465\">H\u1ec7 th\u1ed1ng \u0111i\u1ec7n trung \u00e1p 12 kV<\/strong><\/p>\n<hr data-start=\"3467\" data-end=\"3470\" \/>\n<h3 data-section-id=\"tk3rvm\" data-start=\"3472\" data-end=\"3512\">3\ufe0f\u20e3 RMU th\u01b0\u1eddng \u0111\u01b0\u1ee3c s\u1eed d\u1ee5ng \u1edf \u0111\u00e2u?<\/h3>\n<p data-start=\"3514\" data-end=\"3535\">N\u00f3 \u0111\u01b0\u1ee3c s\u1eed d\u1ee5ng r\u1ed9ng r\u00e3i trong:<\/p>\n<ul data-start=\"3536\" data-end=\"3607\">\n<li data-section-id=\"1k1ryxi\" data-start=\"3536\" data-end=\"3557\">M\u1ea1ng l\u01b0\u1edbi \u0111i\u1ec7n \u0111\u00f4 th\u1ecb<\/li>\n<li data-section-id=\"8295nf\" data-start=\"3558\" data-end=\"3579\">C\u00e1c nh\u00e0 m\u00e1y c\u00f4ng nghi\u1ec7p<\/li>\n<li data-section-id=\"1e17v55\" data-start=\"3580\" data-end=\"3607\">C\u00e1c d\u1ef1 \u00e1n c\u01a1 s\u1edf h\u1ea1 t\u1ea7ng<\/li>\n<\/ul>\n<hr data-start=\"3609\" data-end=\"3612\" \/>\n<h3 data-section-id=\"4brwmt\" data-start=\"3614\" data-end=\"3664\">4\ufe0f\u20e3 Nh\u1eefng \u01b0u \u0111i\u1ec3m c\u1ee7a thi\u1ebft b\u1ecb \u0111\u00f3ng c\u1eaft SF6 l\u00e0 g\u00ec?<\/h3>\n<ul data-start=\"3666\" data-end=\"3782\">\n<li data-section-id=\"1b4urz8\" data-start=\"3666\" data-end=\"3702\">Kh\u1ea3 n\u0103ng c\u00e1ch nhi\u1ec7t tuy\u1ec7t v\u1eddi<\/li>\n<li data-section-id=\"ub7qiv\" data-start=\"3703\" data-end=\"3739\">Kh\u1ea3 n\u0103ng d\u1eadp t\u1eaft h\u1ed3 quang m\u1ea1nh m\u1ebd<\/li>\n<li data-section-id=\"hlwggc\" data-start=\"3740\" data-end=\"3782\">\u0110\u1ed9 tin c\u1eady cao v\u00e0 tu\u1ed5i th\u1ecd d\u00e0i<\/li>\n<\/ul>\n<hr data-start=\"3784\" data-end=\"3787\" \/>\n<h3 data-section-id=\"1vzxbic\" data-start=\"3789\" data-end=\"3830\">5\ufe0f\u20e3 Thi\u1ebft b\u1ecb RMU XGN15-12 c\u00f3 th\u1ec3 \u0111\u01b0\u1ee3c m\u1edf r\u1ed9ng kh\u00f4ng?<\/h3>\n<p data-start=\"3832\" data-end=\"3915\">\u0110\u00fang v\u1eady, n\u00f3 c\u00f3 t\u00ednh n\u0103ng <strong data-start=\"3851\" data-end=\"3880\">thi\u1ebft k\u1ebf m\u00f4-\u0111un c\u00f3 th\u1ec3 m\u1edf r\u1ed9ng<\/strong>, t\u1ea1o \u0111i\u1ec1u ki\u1ec7n cho vi\u1ec7c m\u1edf r\u1ed9ng h\u1ec7 th\u1ed1ng trong t\u01b0\u01a1ng lai.<\/p>","protected":false},"excerpt":{"rendered":"<p data-start=\"244\" data-end=\"452\">Thi\u1ebft b\u1ecb \u0111\u00f3ng c\u1eaft v\u00f2ng SF6 (RMU) d\u00f2ng XGN15-12 l\u00e0 thi\u1ebft b\u1ecb \u0111\u00f3ng c\u1eaft trung \u00e1p th\u1ebf h\u1ec7 m\u1edbi, \u0111\u01b0\u1ee3c thi\u1ebft k\u1ebf v\u1edbi c\u00f4ng t\u1eafc ng\u1eaft t\u1ea3i SF6 l\u00e0m th\u00e0nh ph\u1ea7n \u0111\u00f3ng c\u1eaft ch\u00ednh v\u00e0 c\u1ea5u tr\u00fac c\u00e1ch \u0111i\u1ec7n b\u1eb1ng kh\u00f4ng kh\u00ed.<\/p>\n<p data-start=\"454\" data-end=\"609\">S\u1ea3n ph\u1ea9m n\u00e0y s\u1edf h\u1eefu thi\u1ebft k\u1ebf nh\u1ecf g\u1ecdn, m\u00f4-\u0111un v\u00e0 c\u00f3 th\u1ec3 m\u1edf r\u1ed9ng, khi\u1ebfn n\u00f3 tr\u1edf th\u00e0nh l\u1ef1a ch\u1ecdn l\u00fd t\u01b0\u1edfng cho c\u00e1c h\u1ec7 th\u1ed1ng ph\u00e2n ph\u1ed1i \u0111i\u1ec7n m\u1ea1ng v\u00f2ng hi\u1ec7n \u0111\u1ea1i v\u00e0 tr\u1ea1m bi\u1ebfn \u00e1p \u0111\u1ea7u cu\u1ed1i.<\/p>","protected":false},"featured_media":2141,"comment_status":"open","ping_status":"closed","template":"","meta":{"site-sidebar-layout":"default","site-content-layout":"","ast-site-content-layout":"default","site-content-style":"default","site-sidebar-style":"default","ast-global-header-display":"","ast-banner-title-visibility":"","ast-main-header-display":"","ast-hfb-above-header-display":"","ast-hfb-below-header-display":"","ast-hfb-mobile-header-display":"","site-post-title":"","ast-breadcrumbs-content":"","ast-featured-img":"","footer-sml-layout":"","ast-disable-related-posts":"","theme-transparent-header-meta":"default","adv-header-id-meta":"","stick-header-meta":"","header-above-stick-meta":"","header-main-stick-meta":"","header-below-stick-meta":"","astra-migrate-meta-layouts":"set","ast-page-background-enabled":"default","ast-page-background-meta":{"desktop":{"background-color":"","background-image":"","background-repeat":"repeat","background-position":"center center","background-size":"auto","background-attachment":"scroll","background-type":"","background-media":"","overlay-type":"","overlay-color":"","overlay-opacity":"","overlay-gradient":""},"tablet":{"background-color":"","background-image":"","background-repeat":"repeat","background-position":"center center","background-size":"auto","background-attachment":"scroll","background-type":"","background-media":"","overlay-type":"","overlay-color":"","overlay-opacity":"","overlay-gradient":""},"mobile":{"background-color":"","background-image":"","background-repeat":"repeat","background-position":"center center","background-size":"auto","background-attachment":"scroll","background-type":"","background-media":"","overlay-type":"","overlay-color":"","overlay-opacity":"","overlay-gradient":""}},"ast-content-background-meta":{"desktop":{"background-color":"var(--ast-global-color-5)","background-image":"","background-repeat":"repeat","background-position":"center center","background-size":"auto","background-attachment":"scroll","background-type":"","background-media":"","overlay-type":"","overlay-color":"","overlay-opacity":"","overlay-gradient":""},"tablet":{"background-color":"var(--ast-global-color-5)","background-image":"","background-repeat":"repeat","background-position":"center center","background-size":"auto","background-attachment":"scroll","background-type":"","background-media":"","overlay-type":"","overlay-color":"","overlay-opacity":"","overlay-gradient":""},"mobile":{"background-color":"var(--ast-global-color-5)","background-image":"","background-repeat":"repeat","background-position":"center center","background-size":"auto","background-attachment":"scroll","background-type":"","background-media":"","overlay-type":"","overlay-color":"","overlay-opacity":"","overlay-gradient":""}}},"product_brand":[],"product_cat":[2035,2032],"product_tag":[2119,2124,2104,2125,2120,2122,2097,2123,2121,2117,2114,2118],"class_list":{"0":"post-2140","1":"product","2":"type-product","3":"status-publish","4":"has-post-thumbnail","6":"product_cat-high-and-low-voltage-switchgear","7":"product_cat-electrical-equipment","8":"product_tag-12kv-rmu","9":"product_tag-air-insulated-switchgear","10":"product_tag-electrical-switchgear","11":"product_tag-industrial-power-equipment","12":"product_tag-medium-voltage-switchgear","13":"product_tag-metal-enclosed-switchgear","14":"product_tag-power-distribution-equipment","15":"product_tag-ring-network-cabinet","16":"product_tag-sf6-load-break-switch","17":"product_tag-sf6-ring-main-unit","18":"product_tag-substation-equipment","19":"product_tag-xgn15-12-switchgear","20":"desktop-align-left","21":"tablet-align-left","22":"mobile-align-left","24":"first","25":"instock","26":"shipping-taxable","27":"product-type-simple"},"_links":{"self":[{"href":"https:\/\/www.wonzh.com\/vi\/wp-json\/wp\/v2\/product\/2140","targetHints":{"allow":["GET"]}}],"collection":[{"href":"https:\/\/www.wonzh.com\/vi\/wp-json\/wp\/v2\/product"}],"about":[{"href":"https:\/\/www.wonzh.com\/vi\/wp-json\/wp\/v2\/types\/product"}],"replies":[{"embeddable":true,"href":"https:\/\/www.wonzh.com\/vi\/wp-json\/wp\/v2\/comments?post=2140"}],"wp:featuredmedia":[{"embeddable":true,"href":"https:\/\/www.wonzh.com\/vi\/wp-json\/wp\/v2\/media\/2141"}],"wp:attachment":[{"href":"https:\/\/www.wonzh.com\/vi\/wp-json\/wp\/v2\/media?parent=2140"}],"wp:term":[{"taxonomy":"product_brand","embeddable":true,"href":"https:\/\/www.wonzh.com\/vi\/wp-json\/wp\/v2\/product_brand?post=2140"},{"taxonomy":"product_cat","embeddable":true,"href":"https:\/\/www.wonzh.com\/vi\/wp-json\/wp\/v2\/product_cat?post=2140"},{"taxonomy":"product_tag","embeddable":true,"href":"https:\/\/www.wonzh.com\/vi\/wp-json\/wp\/v2\/product_tag?post=2140"}],"curies":[{"name":"wp","href":"https:\/\/api.w.org\/{rel}","templated":true}]}}