{"id":2134,"date":"2026-04-28T15:40:24","date_gmt":"2026-04-28T15:40:24","guid":{"rendered":"https:\/\/www.wonzh.com\/?post_type=product&#038;p=2134"},"modified":"2026-04-28T15:40:25","modified_gmt":"2026-04-28T15:40:25","slug":"gck-low-voltage-withdrawable-switchgear-pc-mcc-power-distribution-system-up-to-4000a","status":"publish","type":"product","link":"https:\/\/www.wonzh.com\/vi\/product\/gck-low-voltage-withdrawable-switchgear-pc-mcc-power-distribution-system-up-to-4000a\/","title":{"rendered":"T\u1ee7 \u0111i\u1ec7n h\u1ea1 \u00e1p c\u00f3 th\u1ec3 th\u00e1o r\u1eddi GCK (H\u1ec7 th\u1ed1ng ph\u00e2n ph\u1ed1i \u0111i\u1ec7n PC &amp; MCC l\u00ean \u0111\u1ebfn 4000A)"},"content":{"rendered":"<p data-start=\"231\" data-end=\"339\"><img fetchpriority=\"high\" decoding=\"async\" class=\"size-medium wp-image-2135 alignright\" src=\"https:\/\/www.wonzh.com\/wp-content\/uploads\/2026\/04\/GCK-Low-Voltage-Withdrawable-Switchgear-PC-MCC-Power-Distribution-System-up-to-4000A-300x300.png\" alt=\"\" width=\"300\" height=\"300\" srcset=\"https:\/\/www.wonzh.com\/wp-content\/uploads\/2026\/04\/GCK-Low-Voltage-Withdrawable-Switchgear-PC-MCC-Power-Distribution-System-up-to-4000A-300x300.png 300w, https:\/\/www.wonzh.com\/wp-content\/uploads\/2026\/04\/GCK-Low-Voltage-Withdrawable-Switchgear-PC-MCC-Power-Distribution-System-up-to-4000A-150x150.png 150w, https:\/\/www.wonzh.com\/wp-content\/uploads\/2026\/04\/GCK-Low-Voltage-Withdrawable-Switchgear-PC-MCC-Power-Distribution-System-up-to-4000A-768x768.png 768w, https:\/\/www.wonzh.com\/wp-content\/uploads\/2026\/04\/GCK-Low-Voltage-Withdrawable-Switchgear-PC-MCC-Power-Distribution-System-up-to-4000A-12x12.png 12w, https:\/\/www.wonzh.com\/wp-content\/uploads\/2026\/04\/GCK-Low-Voltage-Withdrawable-Switchgear-PC-MCC-Power-Distribution-System-up-to-4000A-600x600.png 600w, https:\/\/www.wonzh.com\/wp-content\/uploads\/2026\/04\/GCK-Low-Voltage-Withdrawable-Switchgear-PC-MCC-Power-Distribution-System-up-to-4000A-100x100.png 100w, https:\/\/www.wonzh.com\/wp-content\/uploads\/2026\/04\/GCK-Low-Voltage-Withdrawable-Switchgear-PC-MCC-Power-Distribution-System-up-to-4000A.png 1000w\" sizes=\"(max-width: 300px) 100vw, 300px\" \/>T\u1ee7 \u0111i\u1ec7n r\u00fat ra \u0111\u01b0\u1ee3c h\u1ea1 \u00e1p d\u00f2ng GCK l\u00e0 m\u1ed9t h\u1ec7 th\u1ed1ng ph\u00e2n ph\u1ed1i \u0111i\u1ec7n m\u00f4-\u0111un bao g\u1ed3m:<\/p>\n<ul data-start=\"341\" data-end=\"401\">\n<li data-section-id=\"v1nqxa\" data-start=\"341\" data-end=\"366\">Trung t\u00e2m \u0111i\u1ec7n l\u1ef1c (PC)<\/li>\n<li data-section-id=\"fm9pr7\" data-start=\"367\" data-end=\"401\">Trung t\u00e2m \u0111i\u1ec1u khi\u1ec3n \u0111\u1ed9ng c\u01a1 (MCC)<\/li>\n<\/ul>\n<p data-start=\"403\" data-end=\"530\">S\u1ea3n ph\u1ea9m n\u00e0y \u0111\u01b0\u1ee3c thi\u1ebft k\u1ebf d\u00e0nh cho c\u00e1c h\u1ec7 th\u1ed1ng ph\u00e2n ph\u1ed1i \u0111i\u1ec7n, \u0111i\u1ec1u khi\u1ec3n \u0111\u1ed9ng c\u01a1 v\u00e0 chi\u1ebfu s\u00e1ng trong c\u00e1c \u1ee9ng d\u1ee5ng c\u00f4ng nghi\u1ec7p v\u00e0 h\u1ea1 t\u1ea7ng.<\/p>\n<p data-start=\"532\" data-end=\"559\">H\u1ec7 th\u1ed1ng n\u00e0y ph\u00f9 h\u1ee3p v\u1edbi:<\/p>\n<ul data-start=\"560\" data-end=\"655\">\n<li data-section-id=\"1sq361m\" data-start=\"560\" data-end=\"590\">T\u1ea7n s\u1ed1: 50Hz \/ 60Hz<\/li>\n<li data-section-id=\"11lkq8k\" data-start=\"591\" data-end=\"620\">\u0110i\u1ec7n \u00e1p \u0111\u1ecbnh m\u1ee9c: \u2264 660V<\/li>\n<li data-section-id=\"1ui9t9i\" data-start=\"621\" data-end=\"655\">D\u00f2ng \u0111i\u1ec7n \u0111\u1ecbnh m\u1ee9c: t\u1ed1i \u0111a 4000A<\/li>\n<\/ul>\n<p data-start=\"657\" data-end=\"825\">V\u1edbi thi\u1ebft k\u1ebf m\u00f4-\u0111un linh ho\u1ea1t v\u00e0 \u0111\u1ed9 tin c\u1eady cao, t\u1ee7 \u0111i\u1ec7n GCK \u0111\u01b0\u1ee3c s\u1eed d\u1ee5ng r\u1ed9ng r\u00e3i trong c\u00e1c h\u1ec7 th\u1ed1ng \u0111i\u1ec7n \u0111\u00f2i h\u1ecfi kh\u1ea3 n\u0103ng ph\u00e2n ph\u1ed1i hi\u1ec7u qu\u1ea3 v\u00e0 d\u1ec5 b\u1ea3o tr\u00ec.<\/p>\n<hr data-start=\"827\" data-end=\"830\" \/>\n<h2 data-section-id=\"g4vs8k\" data-start=\"832\" data-end=\"858\">\ud83d\udd39 Tu\u00e2n th\u1ee7 c\u00e1c ti\u00eau chu\u1ea9n<\/h2>\n<ul data-start=\"860\" data-end=\"1028\">\n<li data-section-id=\"19udq8o\" data-start=\"860\" data-end=\"920\">IEC 60439-1 \u2013 Thi\u1ebft b\u1ecb \u0111\u00f3ng c\u1eaft v\u00e0 \u0111i\u1ec1u khi\u1ec3n \u0111i\u1ec7n \u00e1p th\u1ea5p<\/li>\n<li data-section-id=\"1uecbkd\" data-start=\"921\" data-end=\"974\">GB 7251.1 \u2013 B\u1ed9 thi\u1ebft b\u1ecb \u0111\u00f3ng c\u1eaft \u0111i\u1ec7n \u00e1p th\u1ea5p<\/li>\n<li data-section-id=\"1pmq6xo\" data-start=\"975\" data-end=\"1028\">GB\/T 14048.1 \u2013 Thi\u1ebft b\u1ecb \u0111\u00f3ng c\u1eaft \u0111i\u1ec7n \u00e1p th\u1ea5p<\/li>\n<\/ul>\n<hr data-start=\"1030\" data-end=\"1033\" \/>\n<h2 data-section-id=\"17fvu7l\" data-start=\"1035\" data-end=\"1053\">\ud83d\udd39 C\u00e1c t\u00ednh n\u0103ng ch\u00ednh<\/h2>\n<h3 data-section-id=\"1xxqpis\" data-start=\"1055\" data-end=\"1084\">\u2714 Thi\u1ebft k\u1ebf PC m\u00f4-\u0111un &amp; MCC<\/h3>\n<ul data-start=\"1085\" data-end=\"1210\">\n<li data-section-id=\"13k59vd\" data-start=\"1085\" data-end=\"1156\">Trung t\u00e2m \u0111i\u1ec7n t\u00edch h\u1ee3p (PC) v\u00e0 Trung t\u00e2m \u0111i\u1ec1u khi\u1ec3n \u0111\u1ed9ng c\u01a1 (MCC)<\/li>\n<li data-section-id=\"jrny9m\" data-start=\"1157\" data-end=\"1210\">C\u1ea5u h\u00ecnh linh ho\u1ea1t cho c\u00e1c \u1ee9ng d\u1ee5ng kh\u00e1c nhau<\/li>\n<\/ul>\n<p data-start=\"1212\" data-end=\"1273\">\ud83d\udc49 Ph\u00f9 h\u1ee3p cho c\u1ea3 h\u1ec7 th\u1ed1ng ph\u00e2n ph\u1ed1i v\u00e0 h\u1ec7 th\u1ed1ng \u0111i\u1ec1u khi\u1ec3n \u0111\u1ed9ng c\u01a1<\/p>\n<hr data-start=\"1275\" data-end=\"1278\" \/>\n<h3 data-section-id=\"j1odmc\" data-start=\"1280\" data-end=\"1320\">\u2714 Kh\u1ea3 n\u0103ng ch\u1ecbu t\u1ea3i cao &amp; \u0110\u1ed9 \u1ed5n \u0111\u1ecbnh<\/h3>\n<ul data-start=\"1321\" data-end=\"1409\">\n<li data-section-id=\"ap3u9k\" data-start=\"1321\" data-end=\"1365\">Kh\u1ea3 n\u0103ng ng\u1eaft m\u1ea1ch ng\u1eafn m\u1ea1nh m\u1ebd<\/li>\n<li data-section-id=\"jr6bto\" data-start=\"1366\" data-end=\"1409\">\u0110\u1ed9 \u1ed5n \u0111\u1ecbnh \u0111\u1ed9ng h\u1ecdc v\u00e0 nhi\u1ec7t h\u1ecdc tuy\u1ec7t v\u1eddi<\/li>\n<\/ul>\n<p data-start=\"1411\" data-end=\"1461\">\ud83d\udc49 \u0110\u1ea3m b\u1ea3o ho\u1ea1t \u0111\u1ed9ng an to\u00e0n trong c\u00e1c t\u00ecnh hu\u1ed1ng s\u1ef1 c\u1ed1<\/p>\n<hr data-start=\"1463\" data-end=\"1466\" \/>\n<h3 data-section-id=\"1tan46n\" data-start=\"1468\" data-end=\"1501\">\u2714 C\u00e1c s\u01a1 \u0111\u1ed3 \u0111i\u1ec7n linh ho\u1ea1t<\/h3>\n<ul data-start=\"1502\" data-end=\"1583\">\n<li data-section-id=\"aq4mu3\" data-start=\"1502\" data-end=\"1543\">Nhi\u1ec1u s\u1ef1 k\u1ebft h\u1ee3p c\u00e1c \u0111\u01a1n v\u1ecb ch\u1ee9c n\u0103ng<\/li>\n<li data-section-id=\"auas6q\" data-start=\"1544\" data-end=\"1583\">C\u00e1c c\u1ea5u h\u00ecnh m\u1ea1ch c\u00f3 th\u1ec3 t\u00f9y ch\u1ec9nh<\/li>\n<\/ul>\n<p data-start=\"1585\" data-end=\"1624\">\ud83d\udc49 \u0110\u00e1p \u1ee9ng c\u00e1c y\u00eau c\u1ea7u \u0111a d\u1ea1ng c\u1ee7a d\u1ef1 \u00e1n<\/p>\n<hr data-start=\"1626\" data-end=\"1629\" \/>\n<h3 data-section-id=\"12zqktg\" data-start=\"1631\" data-end=\"1668\">\u2714 T\u00edch h\u1ee3p cao &amp; Ti\u1ebft ki\u1ec7m kh\u00f4ng gian<\/h3>\n<ul data-start=\"1669\" data-end=\"1754\">\n<li data-section-id=\"ivpknx\" data-start=\"1669\" data-end=\"1708\">S\u1ed1 l\u01b0\u1ee3ng m\u1ea1ch l\u1edbn trong m\u1ed7i t\u1ee7<\/li>\n<li data-section-id=\"hixc46\" data-start=\"1709\" data-end=\"1754\">Thi\u1ebft k\u1ebf nh\u1ecf g\u1ecdn gi\u00fap ti\u1ebft ki\u1ec7m kh\u00f4ng gian l\u1eafp \u0111\u1eb7t<\/li>\n<\/ul>\n<hr data-start=\"1756\" data-end=\"1759\" \/>\n<h3 data-section-id=\"9k2jgl\" data-start=\"1761\" data-end=\"1791\">\u2714 B\u1ea3o v\u1ec7 v\u00e0 an to\u00e0n cao<\/h3>\n<ul data-start=\"1792\" data-end=\"1880\">\n<li data-section-id=\"112z0x2\" data-start=\"1792\" data-end=\"1847\">M\u1ee9c \u0111\u1ed9 b\u1ea3o v\u1ec7 cao (c\u00f3 c\u00e1c t\u00f9y ch\u1ecdn \u0111\u1ea1t ti\u00eau chu\u1ea9n IP)<\/li>\n<li data-section-id=\"1vvy6hm\" data-start=\"1848\" data-end=\"1880\">H\u1ec7 th\u1ed1ng kh\u00f3a li\u00ean \u0111\u1ed9ng \u0111\u00e1ng tin c\u1eady<\/li>\n<\/ul>\n<p data-start=\"1882\" data-end=\"1933\">\ud83d\udc49 \u0110\u1ea3m b\u1ea3o an to\u00e0n cho ng\u01b0\u1eddi v\u1eadn h\u00e0nh v\u00e0 \u0111\u1ed9 tin c\u1eady c\u1ee7a h\u1ec7 th\u1ed1ng<\/p>\n<hr data-start=\"1935\" data-end=\"1938\" \/>\n<h3 data-section-id=\"y8xjs1\" data-start=\"1940\" data-end=\"1962\">\u2714 D\u1ec5 b\u1ea3o tr\u00ec<\/h3>\n<ul data-start=\"1963\" data-end=\"2028\">\n<li data-section-id=\"zkkr2a\" data-start=\"1963\" data-end=\"1992\">T\u1ee7 ng\u0103n k\u00e9o c\u00f3 th\u1ec3 k\u00e9o ra<\/li>\n<li data-section-id=\"1ho7t4w\" data-start=\"1993\" data-end=\"2028\">Thay th\u1ebf v\u00e0 b\u1ea3o d\u01b0\u1ee1ng nhanh ch\u00f3ng<\/li>\n<\/ul>\n<p data-start=\"2030\" data-end=\"2053\">\ud83d\udc49 Gi\u1ea3m thi\u1ec3u th\u1eddi gian ng\u1eebng ho\u1ea1t \u0111\u1ed9ng<\/p>\n<hr data-start=\"2055\" data-end=\"2058\" \/>\n<h3 data-section-id=\"1d4fvu7\" data-start=\"2060\" data-end=\"2086\">\u2714 Kh\u1ea3 n\u0103ng t\u01b0\u01a1ng th\u00edch cao<\/h3>\n<ul data-start=\"2087\" data-end=\"2139\">\n<li data-section-id=\"hwk1uw\" data-start=\"2087\" data-end=\"2111\">C\u00e1c m\u00f4-\u0111un ti\u00eau chu\u1ea9n<\/li>\n<li data-section-id=\"i8q01y\" data-start=\"2112\" data-end=\"2139\">Kh\u1ea3 n\u0103ng thay th\u1ebf cao<\/li>\n<\/ul>\n<p data-start=\"2141\" data-end=\"2179\">\ud83d\udc49 Gi\u00fap vi\u1ec7c m\u1edf r\u1ed9ng v\u00e0 n\u00e2ng c\u1ea5p tr\u1edf n\u00ean \u0111\u01a1n gi\u1ea3n h\u01a1n<\/p>\n<hr data-start=\"2181\" data-end=\"2184\" \/>\n<h2 data-section-id=\"1hq6i26\" data-start=\"2186\" data-end=\"2209\">\ud83d\udd39 Thi\u1ebft k\u1ebf k\u1ebft c\u1ea5u<\/h2>\n<h3 data-section-id=\"1xh03j4\" data-start=\"2211\" data-end=\"2235\">\ud83d\udd38 C\u1ea5u tr\u00fac n\u1ed9i c\u00e1c<\/h3>\n<ul data-start=\"2236\" data-end=\"2334\">\n<li data-section-id=\"mwl858\" data-start=\"2236\" data-end=\"2273\">K\u1ebft c\u1ea5u th\u00e9p l\u1eafp gh\u00e9p m\u00f4-\u0111un<\/li>\n<li data-section-id=\"1y6898m\" data-start=\"2274\" data-end=\"2301\">Khung c\u1ee9ng c\u00e1p v\u00e0 b\u1ec1n b\u1ec9<\/li>\n<li data-section-id=\"oog22r\" data-start=\"2302\" data-end=\"2334\">B\u1ed1 c\u1ee5c g\u1ecdn g\u00e0ng v\u00e0 t\u1ed1i \u01b0u<\/li>\n<\/ul>\n<hr data-start=\"2336\" data-end=\"2339\" \/>\n<h3 data-section-id=\"v76t0e\" data-start=\"2341\" data-end=\"2366\">\ud83d\udd38 C\u00e1c \u0111\u01a1n v\u1ecb c\u00f3 th\u1ec3 r\u00fat<\/h3>\n<ul data-start=\"2367\" data-end=\"2435\">\n<li data-section-id=\"rzk20g\" data-start=\"2367\" data-end=\"2399\">C\u00e1c \u0111\u01a1n v\u1ecb ch\u1ee9c n\u0103ng d\u1ea1ng ng\u0103n k\u00e9o<\/li>\n<li data-section-id=\"1j0ioyy\" data-start=\"2400\" data-end=\"2435\">K\u00edch th\u01b0\u1edbc v\u00e0 giao di\u1ec7n chu\u1ea9n h\u00f3a<\/li>\n<\/ul>\n<p data-start=\"2437\" data-end=\"2448\">\u27a1 L\u1ee3i \u00edch:<\/p>\n<ul data-start=\"2449\" data-end=\"2488\">\n<li data-section-id=\"zpcfub\" data-start=\"2449\" data-end=\"2467\">D\u1ec5 s\u1eed d\u1ee5ng<\/li>\n<li data-section-id=\"1oehgdx\" data-start=\"2468\" data-end=\"2488\">B\u1ea3o tr\u00ec nhanh ch\u00f3ng<\/li>\n<\/ul>\n<hr data-start=\"2490\" data-end=\"2493\" \/>\n<h3 data-section-id=\"1tnodmb\" data-start=\"2495\" data-end=\"2515\">\ud83d\udd38 H\u1ec7 th\u1ed1ng thanh c\u00e1i<\/h3>\n<ul data-start=\"2516\" data-end=\"2573\">\n<li data-section-id=\"3lmozf\" data-start=\"2516\" data-end=\"2547\">Thanh d\u1eabn \u0111i\u1ec7n b\u1eb1ng \u0111\u1ed3ng ch\u1ea5t l\u01b0\u1ee3ng cao<\/li>\n<li data-section-id=\"1nt1b1n\" data-start=\"2548\" data-end=\"2573\">S\u1eafp x\u1ebfp t\u1ed1i \u01b0u<\/li>\n<\/ul>\n<p data-start=\"2575\" data-end=\"2586\">\u27a1 T\u00ednh n\u0103ng:<\/p>\n<ul data-start=\"2587\" data-end=\"2637\">\n<li data-section-id=\"11d9kpn\" data-start=\"2587\" data-end=\"2612\">Kh\u1ea3 n\u0103ng ch\u1ecbu d\u00f2ng \u0111i\u1ec7n cao<\/li>\n<li data-section-id=\"173shq5\" data-start=\"2613\" data-end=\"2637\">M\u1ee9c t\u0103ng nhi\u1ec7t \u0111\u1ed9 th\u1ea5p<\/li>\n<\/ul>\n<hr data-start=\"2639\" data-end=\"2642\" \/>\n<h3 data-section-id=\"1x6mgn9\" data-start=\"2644\" data-end=\"2668\">\ud83d\udd38 H\u1ec7 th\u1ed1ng b\u1ea3o v\u1ec7<\/h3>\n<ul data-start=\"2669\" data-end=\"2756\">\n<li data-section-id=\"14s7m03\" data-start=\"2669\" data-end=\"2692\">B\u1ea3o v\u1ec7 qu\u00e1 t\u1ea3i<\/li>\n<li data-section-id=\"xnufhj\" data-start=\"2693\" data-end=\"2721\">B\u1ea3o v\u1ec7 ch\u1ed1ng ng\u1eafn m\u1ea1ch<\/li>\n<li data-section-id=\"1t1clws\" data-start=\"2722\" data-end=\"2756\">H\u1ec7 th\u1ed1ng kh\u00f3a li\u00ean \u0111\u1ed9ng \u0111i\u1ec7n<\/li>\n<\/ul>\n<hr data-start=\"2758\" data-end=\"2761\" \/>\n<h2 data-section-id=\"15du31k\" data-start=\"2763\" data-end=\"2781\">\ud83d\udd39 \u1ee8ng d\u1ee5ng<\/h2>\n<ul data-start=\"2783\" data-end=\"2934\">\n<li data-section-id=\"13gp9hh\" data-start=\"2783\" data-end=\"2815\">Nh\u00e0 m\u00e1y \u0111i\u1ec7n v\u00e0 tr\u1ea1m bi\u1ebfn \u00e1p<\/li>\n<li data-section-id=\"1j2bus9\" data-start=\"2816\" data-end=\"2852\">H\u1ec7 th\u1ed1ng s\u1ea3n xu\u1ea5t c\u00f4ng nghi\u1ec7p<\/li>\n<li data-section-id=\"1pzb87g\" data-start=\"2853\" data-end=\"2881\">Ng\u00e0nh c\u00f4ng nghi\u1ec7p h\u00f3a d\u1ea7u<\/li>\n<li data-section-id=\"hfihxt\" data-start=\"2882\" data-end=\"2906\">C\u00e1c t\u00f2a nh\u00e0 th\u01b0\u01a1ng m\u1ea1i<\/li>\n<li data-section-id=\"1e17v55\" data-start=\"2907\" data-end=\"2934\">C\u00e1c d\u1ef1 \u00e1n c\u01a1 s\u1edf h\u1ea1 t\u1ea7ng<\/li>\n<\/ul>\n<hr data-start=\"2936\" data-end=\"2939\" \/>\n<h2 data-section-id=\"1rg4wz9\" data-start=\"2941\" data-end=\"2965\">\ud83d\udd39 T\u00f3m t\u1eaft c\u00e1c \u01b0u \u0111i\u1ec3m<\/h2>\n<ul data-start=\"2967\" data-end=\"3191\">\n<li data-section-id=\"krkyjz\" data-start=\"2967\" data-end=\"2997\">H\u1ec7 th\u1ed1ng t\u00edch h\u1ee3p PC + MCC<\/li>\n<li data-section-id=\"1x9begz\" data-start=\"2998\" data-end=\"3038\">Kh\u1ea3 n\u0103ng ch\u1ecbu l\u1ef1c cao v\u00e0 \u0111\u1ed9 \u1ed5n \u0111\u1ecbnh<\/li>\n<li data-section-id=\"6vrj5k\" data-start=\"3039\" data-end=\"3084\">C\u1ea5u h\u00ecnh linh ho\u1ea1t v\u00e0 thi\u1ebft k\u1ebf m\u00f4-\u0111un<\/li>\n<li data-section-id=\"1t7p732\" data-start=\"3085\" data-end=\"3122\">Ti\u1ebft ki\u1ec7m kh\u00f4ng gian v\u00e0 t\u00edch h\u1ee3p cao<\/li>\n<li data-section-id=\"1am4nmt\" data-start=\"3123\" data-end=\"3157\">D\u1ec5 b\u1ea3o tr\u00ec v\u00e0 v\u1eadn h\u00e0nh<\/li>\n<li data-section-id=\"1z0g0xe\" data-start=\"3158\" data-end=\"3191\">Hi\u1ec7u su\u1ea5t \u0111\u00e1ng tin c\u1eady v\u00e0 an to\u00e0n<\/li>\n<\/ul>\n<hr data-start=\"3193\" data-end=\"3196\" \/>\n<h1 data-section-id=\"1lxd8kj\" data-start=\"3198\" data-end=\"3205\">\u2753 C\u00e2u h\u1ecfi th\u01b0\u1eddng g\u1eb7p<\/h1>\n<h3 data-section-id=\"17kl14w\" data-start=\"3207\" data-end=\"3269\">1\ufe0f\u20e3 S\u1ef1 kh\u00e1c bi\u1ec7t gi\u1eefa t\u1ee7 \u0111i\u1ec7n GCK v\u00e0 GCS l\u00e0 g\u00ec?<\/h3>\n<ul data-start=\"3271\" data-end=\"3389\">\n<li data-section-id=\"ix9vu\" data-start=\"3271\" data-end=\"3327\">GCK: Hi\u1ec7u qu\u1ea3 v\u1ec1 chi ph\u00ed h\u01a1n, c\u1ea5u h\u00ecnh linh ho\u1ea1t<\/li>\n<li data-section-id=\"5gga31\" data-start=\"3328\" data-end=\"3389\">GCS: Kh\u1ea3 n\u0103ng ti\u00eau chu\u1ea9n h\u00f3a v\u00e0 t\u1ef1 \u0111\u1ed9ng h\u00f3a cao h\u01a1n<\/li>\n<\/ul>\n<p data-start=\"3391\" data-end=\"3449\">\ud83d\udc49 GCK \u0111\u01b0\u1ee3c s\u1eed d\u1ee5ng r\u1ed9ng r\u00e3i trong c\u00e1c \u1ee9ng d\u1ee5ng c\u00f4ng nghi\u1ec7p n\u00f3i chung.<\/p>\n<hr data-start=\"3451\" data-end=\"3454\" \/>\n<h3 data-section-id=\"oy2arm\" data-start=\"3456\" data-end=\"3490\">2\ufe0f\u20e3 PC v\u00e0 MCC c\u00f3 ngh\u0129a l\u00e0 g\u00ec?<\/h3>\n<ul data-start=\"3492\" data-end=\"3607\">\n<li data-section-id=\"qbl23e\" data-start=\"3492\" data-end=\"3542\">PC (Trung t\u00e2m \u0111i\u1ec7n): Ph\u00e2n ph\u1ed1i \u0111i\u1ec7n ch\u00ednh<\/li>\n<li data-section-id=\"c0crjh\" data-start=\"3543\" data-end=\"3607\">MCC (Trung t\u00e2m \u0111i\u1ec1u khi\u1ec3n \u0111\u1ed9ng c\u01a1): \u0110i\u1ec1u khi\u1ec3n v\u00e0 qu\u1ea3n l\u00fd \u0111\u1ed9ng c\u01a1<\/li>\n<\/ul>\n<p data-start=\"3609\" data-end=\"3663\">\ud83d\udc49 Khi k\u1ebft h\u1ee3p l\u1ea1i, ch\u00fang t\u1ea1o th\u00e0nh m\u1ed9t h\u1ec7 th\u1ed1ng \u0111i\u1ec1u khi\u1ec3n ngu\u1ed3n \u0111i\u1ec7n ho\u00e0n ch\u1ec9nh.<\/p>\n<hr data-start=\"3665\" data-end=\"3668\" \/>\n<h3 data-section-id=\"2pi7lx\" data-start=\"3670\" data-end=\"3717\">3\ufe0f\u20e3 Thi\u1ebft b\u1ecb \u0111\u00f3ng c\u1eaft GCK c\u00f3 d\u1ec5 b\u1ea3o tr\u00ec kh\u00f4ng?<\/h3>\n<p data-start=\"3719\" data-end=\"3734\">\u0110\u00fang v\u1eady, nh\u1edd c\u00f3:<\/p>\n<ul data-start=\"3735\" data-end=\"3783\">\n<li data-section-id=\"zkkr2a\" data-start=\"3735\" data-end=\"3764\">T\u1ee7 ng\u0103n k\u00e9o c\u00f3 th\u1ec3 k\u00e9o ra<\/li>\n<li data-section-id=\"1f7s8xi\" data-start=\"3765\" data-end=\"3783\">Thi\u1ebft k\u1ebf m\u00f4-\u0111un<\/li>\n<\/ul>\n<p data-start=\"3785\" data-end=\"3840\">\ud83d\udc49 Vi\u1ec7c b\u1ea3o tr\u00ec v\u00e0 thay th\u1ebf di\u1ec5n ra nhanh ch\u00f3ng v\u00e0 thu\u1eadn ti\u1ec7n.<\/p>\n<hr data-start=\"3842\" data-end=\"3845\" \/>\n<h3 data-section-id=\"ojgr6w\" data-start=\"3847\" data-end=\"3891\">4\ufe0f\u20e3 GCK ph\u00f9 h\u1ee3p v\u1edbi nh\u1eefng ng\u00e0nh n\u00e0o?<\/h3>\n<p data-start=\"3893\" data-end=\"3914\">N\u00f3 \u0111\u01b0\u1ee3c s\u1eed d\u1ee5ng r\u1ed9ng r\u00e3i trong:<\/p>\n<ul data-start=\"3915\" data-end=\"3979\">\n<li data-section-id=\"8295nf\" data-start=\"3915\" data-end=\"3936\">C\u00e1c nh\u00e0 m\u00e1y c\u00f4ng nghi\u1ec7p<\/li>\n<li data-section-id=\"3shzmp\" data-start=\"3937\" data-end=\"3954\">H\u1ec7 th\u1ed1ng \u0111i\u1ec7n<\/li>\n<li data-section-id=\"hfihxt\" data-start=\"3955\" data-end=\"3979\">C\u00e1c t\u00f2a nh\u00e0 th\u01b0\u01a1ng m\u1ea1i<\/li>\n<\/ul>","protected":false},"excerpt":{"rendered":"<p data-start=\"231\" data-end=\"339\">T\u1ee7 \u0111i\u1ec7n r\u00fat ra \u0111\u01b0\u1ee3c h\u1ea1 \u00e1p d\u00f2ng GCK l\u00e0 m\u1ed9t h\u1ec7 th\u1ed1ng ph\u00e2n ph\u1ed1i \u0111i\u1ec7n m\u00f4-\u0111un bao g\u1ed3m:<\/p>\n<ul data-start=\"341\" data-end=\"401\">\n<li data-section-id=\"v1nqxa\" data-start=\"341\" data-end=\"366\">Trung t\u00e2m \u0111i\u1ec7n l\u1ef1c (PC)<\/li>\n<li data-section-id=\"fm9pr7\" data-start=\"367\" data-end=\"401\">Trung t\u00e2m \u0111i\u1ec1u khi\u1ec3n \u0111\u1ed9ng c\u01a1 (MCC)<\/li>\n<\/ul>\n<p data-start=\"403\" data-end=\"530\">S\u1ea3n ph\u1ea9m n\u00e0y \u0111\u01b0\u1ee3c thi\u1ebft k\u1ebf d\u00e0nh cho c\u00e1c h\u1ec7 th\u1ed1ng ph\u00e2n ph\u1ed1i \u0111i\u1ec7n, \u0111i\u1ec1u khi\u1ec3n \u0111\u1ed9ng c\u01a1 v\u00e0 chi\u1ebfu s\u00e1ng trong c\u00e1c \u1ee9ng d\u1ee5ng c\u00f4ng nghi\u1ec7p v\u00e0 h\u1ea1 t\u1ea7ng.<\/p>\n<p data-start=\"532\" data-end=\"559\">H\u1ec7 th\u1ed1ng n\u00e0y ph\u00f9 h\u1ee3p v\u1edbi:<\/p>\n<ul data-start=\"560\" data-end=\"655\">\n<li data-section-id=\"1sq361m\" data-start=\"560\" data-end=\"590\">T\u1ea7n s\u1ed1: 50Hz \/ 60Hz<\/li>\n<li data-section-id=\"11lkq8k\" data-start=\"591\" data-end=\"620\">\u0110i\u1ec7n \u00e1p \u0111\u1ecbnh m\u1ee9c: \u2264 660V<\/li>\n<li data-section-id=\"1ui9t9i\" data-start=\"621\" data-end=\"655\">D\u00f2ng \u0111i\u1ec7n \u0111\u1ecbnh m\u1ee9c: t\u1ed1i \u0111a 4000A<\/li>\n<\/ul>","protected":false},"featured_media":2135,"comment_status":"open","ping_status":"closed","template":"","meta":{"site-sidebar-layout":"default","site-content-layout":"","ast-site-content-layout":"default","site-content-style":"default","site-sidebar-style":"default","ast-global-header-display":"","ast-banner-title-visibility":"","ast-main-header-display":"","ast-hfb-above-header-display":"","ast-hfb-below-header-display":"","ast-hfb-mobile-header-display":"","site-post-title":"","ast-breadcrumbs-content":"","ast-featured-img":"","footer-sml-layout":"","ast-disable-related-posts":"","theme-transparent-header-meta":"default","adv-header-id-meta":"","stick-header-meta":"","header-above-stick-meta":"","header-main-stick-meta":"","header-below-stick-meta":"","astra-migrate-meta-layouts":"set","ast-page-background-enabled":"default","ast-page-background-meta":{"desktop":{"background-color":"","background-image":"","background-repeat":"repeat","background-position":"center center","background-size":"auto","background-attachment":"scroll","background-type":"","background-media":"","overlay-type":"","overlay-color":"","overlay-opacity":"","overlay-gradient":""},"tablet":{"background-color":"","background-image":"","background-repeat":"repeat","background-position":"center center","background-size":"auto","background-attachment":"scroll","background-type":"","background-media":"","overlay-type":"","overlay-color":"","overlay-opacity":"","overlay-gradient":""},"mobile":{"background-color":"","background-image":"","background-repeat":"repeat","background-position":"center center","background-size":"auto","background-attachment":"scroll","background-type":"","background-media":"","overlay-type":"","overlay-color":"","overlay-opacity":"","overlay-gradient":""}},"ast-content-background-meta":{"desktop":{"background-color":"var(--ast-global-color-5)","background-image":"","background-repeat":"repeat","background-position":"center center","background-size":"auto","background-attachment":"scroll","background-type":"","background-media":"","overlay-type":"","overlay-color":"","overlay-opacity":"","overlay-gradient":""},"tablet":{"background-color":"var(--ast-global-color-5)","background-image":"","background-repeat":"repeat","background-position":"center center","background-size":"auto","background-attachment":"scroll","background-type":"","background-media":"","overlay-type":"","overlay-color":"","overlay-opacity":"","overlay-gradient":""},"mobile":{"background-color":"var(--ast-global-color-5)","background-image":"","background-repeat":"repeat","background-position":"center center","background-size":"auto","background-attachment":"scroll","background-type":"","background-media":"","overlay-type":"","overlay-color":"","overlay-opacity":"","overlay-gradient":""}}},"product_brand":[],"product_cat":[2032,2035],"product_tag":[2043,2104,2102,2099,2094,2098,2105,2103,2101,2095],"class_list":{"0":"post-2134","1":"product","2":"type-product","3":"status-publish","4":"has-post-thumbnail","6":"product_cat-electrical-equipment","7":"product_cat-high-and-low-voltage-switchgear","8":"product_tag-electrical-equipment","9":"product_tag-electrical-switchgear","10":"product_tag-gck-switchgear","11":"product_tag-industrial-switchgear","12":"product_tag-low-voltage-switchgear","13":"product_tag-mcc-panel","14":"product_tag-pc-mcc-system","15":"product_tag-power-distribution-cabinet","16":"product_tag-transformer-equipment","17":"product_tag-withdrawable-switchgear","18":"desktop-align-left","19":"tablet-align-left","20":"mobile-align-left","22":"first","23":"instock","24":"shipping-taxable","25":"product-type-simple"},"_links":{"self":[{"href":"https:\/\/www.wonzh.com\/vi\/wp-json\/wp\/v2\/product\/2134","targetHints":{"allow":["GET"]}}],"collection":[{"href":"https:\/\/www.wonzh.com\/vi\/wp-json\/wp\/v2\/product"}],"about":[{"href":"https:\/\/www.wonzh.com\/vi\/wp-json\/wp\/v2\/types\/product"}],"replies":[{"embeddable":true,"href":"https:\/\/www.wonzh.com\/vi\/wp-json\/wp\/v2\/comments?post=2134"}],"wp:featuredmedia":[{"embeddable":true,"href":"https:\/\/www.wonzh.com\/vi\/wp-json\/wp\/v2\/media\/2135"}],"wp:attachment":[{"href":"https:\/\/www.wonzh.com\/vi\/wp-json\/wp\/v2\/media?parent=2134"}],"wp:term":[{"taxonomy":"product_brand","embeddable":true,"href":"https:\/\/www.wonzh.com\/vi\/wp-json\/wp\/v2\/product_brand?post=2134"},{"taxonomy":"product_cat","embeddable":true,"href":"https:\/\/www.wonzh.com\/vi\/wp-json\/wp\/v2\/product_cat?post=2134"},{"taxonomy":"product_tag","embeddable":true,"href":"https:\/\/www.wonzh.com\/vi\/wp-json\/wp\/v2\/product_tag?post=2134"}],"curies":[{"name":"wp","href":"https:\/\/api.w.org\/{rel}","templated":true}]}}