{"id":2132,"date":"2026-04-28T15:33:52","date_gmt":"2026-04-28T15:33:52","guid":{"rendered":"https:\/\/www.wonzh.com\/?post_type=product&#038;p=2132"},"modified":"2026-04-29T16:14:16","modified_gmt":"2026-04-29T16:14:16","slug":"gcs-low-voltage-withdrawable-switchgear-up-to-4000a-power-distribution-motor-control-system","status":"publish","type":"product","link":"https:\/\/www.wonzh.com\/vi\/product\/gcs-low-voltage-withdrawable-switchgear-up-to-4000a-power-distribution-motor-control-system\/","title":{"rendered":"T\u1ee7 \u0111i\u1ec7n r\u00fat ra \u0111\u01b0\u1ee3c GCS h\u1ea1 \u00e1p (H\u1ec7 th\u1ed1ng ph\u00e2n ph\u1ed1i \u0111i\u1ec7n v\u00e0 \u0111i\u1ec1u khi\u1ec3n \u0111\u1ed9ng c\u01a1 c\u00f4ng su\u1ea5t l\u00ean \u0111\u1ebfn 4000A)"},"content":{"rendered":"<p data-start=\"255\" data-end=\"423\">Thi\u1ebft b\u1ecb \u0111\u00f3ng c\u1eaft c\u00f3 th\u1ec3 th\u00e1o l\u1eafp d\u00f2ng GCS \u0111\u01b0\u1ee3c thi\u1ebft k\u1ebf \u0111\u1ec3 ph\u00e2n ph\u1ed1i \u0111i\u1ec7n, \u0111i\u1ec1u khi\u1ec3n \u0111\u1ed9ng c\u01a1 v\u00e0 b\u00f9 c\u00f4ng su\u1ea5t ph\u1ea3n kh\u00e1ng trong c\u00e1c h\u1ec7 th\u1ed1ng \u0111i\u1ec7n hi\u1ec7n \u0111\u1ea1i.<\/p>\n<p data-start=\"425\" data-end=\"483\">S\u1ea3n ph\u1ea9m n\u00e0y ph\u00f9 h\u1ee3p v\u1edbi c\u00e1c h\u1ec7 th\u1ed1ng \u0111i\u1ec7n xoay chi\u1ec1u ba pha (50Hz) v\u1edbi<img fetchpriority=\"high\" decoding=\"async\" class=\"size-medium wp-image-2133 alignright\" src=\"https:\/\/www.wonzh.com\/wp-content\/uploads\/2026\/04\/GCS-Low-Voltage-Withdrawable-Switchgear-Up-to-4000A-Power-Distribution-Motor-Control-System-300x300.png\" alt=\"\" width=\"300\" height=\"300\" srcset=\"https:\/\/www.wonzh.com\/wp-content\/uploads\/2026\/04\/GCS-Low-Voltage-Withdrawable-Switchgear-Up-to-4000A-Power-Distribution-Motor-Control-System-300x300.png 300w, https:\/\/www.wonzh.com\/wp-content\/uploads\/2026\/04\/GCS-Low-Voltage-Withdrawable-Switchgear-Up-to-4000A-Power-Distribution-Motor-Control-System-150x150.png 150w, https:\/\/www.wonzh.com\/wp-content\/uploads\/2026\/04\/GCS-Low-Voltage-Withdrawable-Switchgear-Up-to-4000A-Power-Distribution-Motor-Control-System-768x768.png 768w, https:\/\/www.wonzh.com\/wp-content\/uploads\/2026\/04\/GCS-Low-Voltage-Withdrawable-Switchgear-Up-to-4000A-Power-Distribution-Motor-Control-System-12x12.png 12w, https:\/\/www.wonzh.com\/wp-content\/uploads\/2026\/04\/GCS-Low-Voltage-Withdrawable-Switchgear-Up-to-4000A-Power-Distribution-Motor-Control-System-600x600.png 600w, https:\/\/www.wonzh.com\/wp-content\/uploads\/2026\/04\/GCS-Low-Voltage-Withdrawable-Switchgear-Up-to-4000A-Power-Distribution-Motor-Control-System-100x100.png 100w, https:\/\/www.wonzh.com\/wp-content\/uploads\/2026\/04\/GCS-Low-Voltage-Withdrawable-Switchgear-Up-to-4000A-Power-Distribution-Motor-Control-System.png 1000w\" sizes=\"(max-width: 300px) 100vw, 300px\" \/>h:<\/p>\n<ul data-start=\"484\" data-end=\"553\">\n<li data-section-id=\"1ua275e\" data-start=\"484\" data-end=\"518\">\u0110i\u1ec7n \u00e1p \u0111\u1ecbnh m\u1ee9c: 400V \/ 690V<\/li>\n<li data-section-id=\"1ui9t9i\" data-start=\"519\" data-end=\"553\">D\u00f2ng \u0111i\u1ec7n \u0111\u1ecbnh m\u1ee9c: t\u1ed1i \u0111a 4000A<\/li>\n<\/ul>\n<p data-start=\"555\" data-end=\"789\">Thi\u1ebft k\u1ebf m\u00f4-\u0111un c\u00f3 th\u1ec3 th\u00e1o l\u1eafp gi\u00fap v\u1eadn h\u00e0nh linh ho\u1ea1t, b\u1ea3o tr\u00ec d\u1ec5 d\u00e0ng v\u00e0 \u0111\u1ea3m b\u1ea3o \u0111\u1ed9 tin c\u1eady cao cho h\u1ec7 th\u1ed1ng, khi\u1ebfn s\u1ea3n ph\u1ea9m n\u00e0y tr\u1edf th\u00e0nh l\u1ef1a ch\u1ecdn l\u00fd t\u01b0\u1edfng cho c\u00e1c \u1ee9ng d\u1ee5ng c\u00f4ng nghi\u1ec7p v\u00e0 h\u1ea1 t\u1ea7ng \u0111\u00f2i h\u1ecfi kh\u1ea3 n\u0103ng qu\u1ea3n l\u00fd ngu\u1ed3n \u0111i\u1ec7n li\u00ean t\u1ee5c v\u00e0 th\u00f4ng minh.<\/p>\n<p data-start=\"791\" data-end=\"812\">N\u00f3 \u0111\u01b0\u1ee3c s\u1eed d\u1ee5ng r\u1ed9ng r\u00e3i trong:<\/p>\n<ul data-start=\"813\" data-end=\"1000\">\n<li data-section-id=\"13gp9hh\" data-start=\"813\" data-end=\"845\">Nh\u00e0 m\u00e1y \u0111i\u1ec7n v\u00e0 tr\u1ea1m bi\u1ebfn \u00e1p<\/li>\n<li data-section-id=\"v68dal\" data-start=\"846\" data-end=\"882\">Ng\u00e0nh h\u00f3a d\u1ea7u v\u00e0 d\u1ea7u m\u1ecf<\/li>\n<li data-section-id=\"17rxug5\" data-start=\"883\" data-end=\"929\">Ng\u00e0nh luy\u1ec7n kim v\u00e0 s\u1ea3n xu\u1ea5t<\/li>\n<li data-section-id=\"18q0d1j\" data-start=\"930\" data-end=\"951\">Nh\u00e0 m\u00e1y d\u1ec7t may<\/li>\n<li data-section-id=\"1ij7n1e\" data-start=\"952\" data-end=\"1000\">C\u00e1c t\u00f2a nh\u00e0 cao t\u1ea7ng v\u00e0 khu ph\u1ee9c h\u1ee3p th\u01b0\u01a1ng m\u1ea1i<\/li>\n<\/ul>\n<hr data-start=\"1002\" data-end=\"1005\" \/>\n<h2 data-section-id=\"17fvu7l\" data-start=\"1007\" data-end=\"1025\">\ud83d\udd39 C\u00e1c t\u00ednh n\u0103ng ch\u00ednh<\/h2>\n<h3 data-section-id=\"1ms3rs4\" data-start=\"1027\" data-end=\"1060\">\u2714 Thi\u1ebft k\u1ebf m\u00f4-\u0111un c\u00f3 th\u1ec3 th\u00e1o r\u1eddi<\/h3>\n<ul data-start=\"1061\" data-end=\"1145\">\n<li data-section-id=\"rzk20g\" data-start=\"1061\" data-end=\"1093\">C\u00e1c \u0111\u01a1n v\u1ecb ch\u1ee9c n\u0103ng d\u1ea1ng ng\u0103n k\u00e9o<\/li>\n<li data-section-id=\"1bdsdea\" data-start=\"1094\" data-end=\"1145\">D\u1ec5 d\u00e0ng l\u1eafp \u0111\u1eb7t, thay th\u1ebf v\u00e0 b\u1ea3o tr\u00ec<\/li>\n<\/ul>\n<p data-start=\"1147\" data-end=\"1192\">\ud83d\udc49 Gi\u1ea3m th\u1eddi gian ng\u1eebng ho\u1ea1t \u0111\u1ed9ng v\u00e0 n\u00e2ng cao hi\u1ec7u qu\u1ea3<\/p>\n<hr data-start=\"1194\" data-end=\"1197\" \/>\n<h3 data-section-id=\"2w9o6u\" data-start=\"1199\" data-end=\"1230\">\u2714 \u0110\u1ed9 tin c\u1eady v\u00e0 an to\u00e0n cao<\/h3>\n<ul data-start=\"1231\" data-end=\"1328\">\n<li data-section-id=\"1gq6mz6\" data-start=\"1231\" data-end=\"1274\">H\u1ec7 th\u1ed1ng kh\u00f3a li\u00ean \u0111\u1ed9ng \u0111i\u1ec7n t\u1eed ti\u00ean ti\u1ebfn<\/li>\n<li data-section-id=\"nhyewn\" data-start=\"1275\" data-end=\"1300\">Ng\u0103n ng\u1eeba sai s\u00f3t trong v\u1eadn h\u00e0nh<\/li>\n<li data-section-id=\"1605knx\" data-start=\"1301\" data-end=\"1328\">\u0110\u1ea3m b\u1ea3o an to\u00e0n cho ng\u01b0\u1eddi v\u1eadn h\u00e0nh<\/li>\n<\/ul>\n<hr data-start=\"1330\" data-end=\"1333\" \/>\n<h3 data-section-id=\"u4z51z\" data-start=\"1335\" data-end=\"1363\">\u2714 C\u1ea5u h\u00ecnh linh ho\u1ea1t<\/h3>\n<ul data-start=\"1364\" data-end=\"1455\">\n<li data-section-id=\"sazqw8\" data-start=\"1364\" data-end=\"1455\">H\u1ed7 tr\u1ee3:\n<ul data-start=\"1378\" data-end=\"1455\">\n<li data-section-id=\"1tv7qr1\" data-start=\"1378\" data-end=\"1400\">Ph\u00e2n ph\u1ed1i \u0111i\u1ec7n<\/li>\n<li data-section-id=\"zm7t8o\" data-start=\"1403\" data-end=\"1426\">\u0110i\u1ec1u khi\u1ec3n \u0111\u1ed9ng c\u01a1 (MCC)<\/li>\n<li data-section-id=\"yuz8vg\" data-start=\"1429\" data-end=\"1455\">B\u00f9 t\u1ee5 \u0111i\u1ec7n<\/li>\n<\/ul>\n<\/li>\n<\/ul>\n<p data-start=\"1457\" data-end=\"1504\">\ud83d\udc49 Ph\u00f9 h\u1ee3p v\u1edbi nhi\u1ec1u t\u00ecnh hu\u1ed1ng \u1ee9ng d\u1ee5ng kh\u00e1c nhau<\/p>\n<hr data-start=\"1506\" data-end=\"1509\" \/>\n<h3 data-section-id=\"11dpq2p\" data-start=\"1511\" data-end=\"1538\">\u2714 Kh\u1ea3 n\u0103ng ch\u1ecbu d\u00f2ng \u0111i\u1ec7n cao<\/h3>\n<ul data-start=\"1539\" data-end=\"1615\">\n<li data-section-id=\"1udyif0\" data-start=\"1539\" data-end=\"1572\">D\u00f2ng \u0111i\u1ec7n \u0111\u1ecbnh m\u1ee9c l\u00ean \u0111\u1ebfn 4000A<\/li>\n<li data-section-id=\"11waltv\" data-start=\"1573\" data-end=\"1615\">Ph\u00f9 h\u1ee3p v\u1edbi c\u00e1c h\u1ec7 th\u1ed1ng \u0111i\u1ec7n quy m\u00f4 l\u1edbn<\/li>\n<\/ul>\n<hr data-start=\"1617\" data-end=\"1620\" \/>\n<h3 data-section-id=\"56aejm\" data-start=\"1622\" data-end=\"1658\">\u2714 Kh\u1ea3 n\u0103ng \u0111i\u1ec1u khi\u1ec3n th\u00f4ng minh<\/h3>\n<ul data-start=\"1659\" data-end=\"1759\">\n<li data-section-id=\"1q3ju9x\" data-start=\"1659\" data-end=\"1697\">T\u01b0\u01a1ng th\u00edch v\u1edbi c\u00e1c h\u1ec7 th\u1ed1ng t\u1ef1 \u0111\u1ed9ng h\u00f3a<\/li>\n<li data-section-id=\"ls73aw\" data-start=\"1698\" data-end=\"1759\">H\u1ed7 tr\u1ee3 giao ti\u1ebfp v\u1edbi m\u00e1y t\u00ednh v\u00e0 h\u1ec7 th\u1ed1ng \u0111i\u1ec1u khi\u1ec3n<\/li>\n<\/ul>\n<p data-start=\"1761\" data-end=\"1813\">\ud83d\udc49 L\u00fd t\u01b0\u1edfng cho c\u00e1c nh\u00e0 m\u00e1y th\u00f4ng minh v\u00e0 h\u1ec7 th\u1ed1ng t\u1ef1 \u0111\u1ed9ng<\/p>\n<hr data-start=\"1815\" data-end=\"1818\" \/>\n<h3 data-section-id=\"1hweg03\" data-start=\"1820\" data-end=\"1845\">\u2714 Kh\u1ea3 n\u0103ng th\u00edch \u1ee9ng cao<\/h3>\n<ul data-start=\"1846\" data-end=\"1942\">\n<li data-section-id=\"ug4n5v\" data-start=\"1846\" data-end=\"1892\">Ph\u00f9 h\u1ee3p v\u1edbi c\u00e1c m\u00f4i tr\u01b0\u1eddng c\u00f4ng nghi\u1ec7p kh\u1eafc nghi\u1ec7t<\/li>\n<li data-section-id=\"1e4pl9p\" data-start=\"1893\" data-end=\"1942\">Hi\u1ec7u su\u1ea5t \u1ed5n \u0111\u1ecbnh trong qu\u00e1 tr\u00ecnh v\u1eadn h\u00e0nh li\u00ean t\u1ee5c<\/li>\n<\/ul>\n<hr data-start=\"1944\" data-end=\"1947\" \/>\n<h2 data-section-id=\"1hq6i26\" data-start=\"1949\" data-end=\"1972\">\ud83d\udd39 Thi\u1ebft k\u1ebf k\u1ebft c\u1ea5u<\/h2>\n<h3 data-section-id=\"1xh03j4\" data-start=\"1974\" data-end=\"1998\">\ud83d\udd38 C\u1ea5u tr\u00fac n\u1ed9i c\u00e1c<\/h3>\n<ul data-start=\"1999\" data-end=\"2099\">\n<li data-section-id=\"rca4d3\" data-start=\"1999\" data-end=\"2030\">C\u1ea5u tr\u00fac l\u1eafp gh\u00e9p m\u00f4-\u0111un<\/li>\n<li data-section-id=\"i5treg\" data-start=\"2031\" data-end=\"2060\">Khung th\u00e9p c\u01b0\u1eddng \u0111\u1ed9 cao<\/li>\n<li data-section-id=\"1bdd9s6\" data-start=\"2061\" data-end=\"2099\">Thi\u1ebft k\u1ebf nh\u1ecf g\u1ecdn v\u00e0 ti\u1ebft ki\u1ec7m kh\u00f4ng gian<\/li>\n<\/ul>\n<hr data-start=\"2101\" data-end=\"2104\" \/>\n<h3 data-section-id=\"v76t0e\" data-start=\"2106\" data-end=\"2131\">\ud83d\udd38 C\u00e1c \u0111\u01a1n v\u1ecb c\u00f3 th\u1ec3 r\u00fat<\/h3>\n<ul data-start=\"2132\" data-end=\"2221\">\n<li data-section-id=\"gzz3tl\" data-start=\"2132\" data-end=\"2175\">Thi\u1ebft k\u1ebf d\u1ea1ng ng\u0103n k\u00e9o cho c\u00e1c \u0111\u01a1n v\u1ecb ch\u1ee9c n\u0103ng<\/li>\n<li data-section-id=\"mhiher\" data-start=\"2176\" data-end=\"2221\">C\u00e1c m\u00f4-\u0111un ti\u00eau chu\u1ea9n h\u00f3a \u0111\u1ec3 d\u1ec5 d\u00e0ng thay th\u1ebf<\/li>\n<\/ul>\n<p data-start=\"2223\" data-end=\"2234\">\u27a1 L\u1ee3i \u00edch:<\/p>\n<ul data-start=\"2235\" data-end=\"2277\">\n<li data-section-id=\"1o62h68\" data-start=\"2235\" data-end=\"2256\">B\u1ea3o tr\u00ec nhanh<\/li>\n<li data-section-id=\"16zesr\" data-start=\"2257\" data-end=\"2277\">Gi\u1ea3m th\u1eddi gian ng\u1eebng ho\u1ea1t \u0111\u1ed9ng<\/li>\n<\/ul>\n<hr data-start=\"2279\" data-end=\"2282\" \/>\n<h3 data-section-id=\"1tnodmb\" data-start=\"2284\" data-end=\"2304\">\ud83d\udd38 H\u1ec7 th\u1ed1ng thanh c\u00e1i<\/h3>\n<ul data-start=\"2305\" data-end=\"2383\">\n<li data-section-id=\"rj0pb8\" data-start=\"2305\" data-end=\"2341\">Thanh d\u1eabn \u0111\u1ed3ng c\u00f3 \u0111\u1ed9 d\u1eabn \u0111i\u1ec7n cao<\/li>\n<li data-section-id=\"11i1xl1\" data-start=\"2342\" data-end=\"2383\">B\u1ed1 c\u1ee5c \u0111\u01b0\u1ee3c t\u1ed1i \u01b0u h\u00f3a \u0111\u1ec3 t\u1ea3n nhi\u1ec7t<\/li>\n<\/ul>\n<p data-start=\"2385\" data-end=\"2396\">\u27a1 T\u00ednh n\u0103ng:<\/p>\n<ul data-start=\"2397\" data-end=\"2447\">\n<li data-section-id=\"11d9kpn\" data-start=\"2397\" data-end=\"2422\">Kh\u1ea3 n\u0103ng ch\u1ecbu d\u00f2ng \u0111i\u1ec7n cao<\/li>\n<li data-section-id=\"173shq5\" data-start=\"2423\" data-end=\"2447\">M\u1ee9c t\u0103ng nhi\u1ec7t \u0111\u1ed9 th\u1ea5p<\/li>\n<\/ul>\n<hr data-start=\"2449\" data-end=\"2452\" \/>\n<h3 data-section-id=\"1x6mgn9\" data-start=\"2454\" data-end=\"2478\">\ud83d\udd38 H\u1ec7 th\u1ed1ng b\u1ea3o v\u1ec7<\/h3>\n<ul data-start=\"2479\" data-end=\"2590\">\n<li data-section-id=\"1qpbf50\" data-start=\"2479\" data-end=\"2590\">C\u00e1c ch\u1ee9c n\u0103ng b\u1ea3o v\u1ec7 to\u00e0n di\u1ec7n:\n<ul data-start=\"2514\" data-end=\"2590\">\n<li data-section-id=\"14s7m03\" data-start=\"2514\" data-end=\"2537\">B\u1ea3o v\u1ec7 qu\u00e1 t\u1ea3i<\/li>\n<li data-section-id=\"xnufhj\" data-start=\"2540\" data-end=\"2568\">B\u1ea3o v\u1ec7 ch\u1ed1ng ng\u1eafn m\u1ea1ch<\/li>\n<li data-section-id=\"1gniwxy\" data-start=\"2571\" data-end=\"2590\">C\u00e1ch ly s\u1ef1 c\u1ed1<\/li>\n<\/ul>\n<\/li>\n<\/ul>\n<hr data-start=\"2592\" data-end=\"2595\" \/>\n<h3 data-section-id=\"jsk2jm\" data-start=\"2597\" data-end=\"2627\">\ud83d\udd38 \u0110i\u1ec1u khi\u1ec3n &amp; Truy\u1ec1n th\u00f4ng<\/h3>\n<ul data-start=\"2628\" data-end=\"2710\">\n<li data-section-id=\"12xyfr6\" data-start=\"2628\" data-end=\"2667\">H\u1ed7 tr\u1ee3 giao di\u1ec7n PLC v\u00e0 m\u00e1y t\u00ednh<\/li>\n<li data-section-id=\"bkrhvp\" data-start=\"2668\" data-end=\"2710\">Ph\u00f9 h\u1ee3p v\u1edbi c\u00e1c h\u1ec7 th\u1ed1ng \u0111i\u1ec1u khi\u1ec3n t\u1ef1 \u0111\u1ed9ng<\/li>\n<\/ul>\n<hr data-start=\"2712\" data-end=\"2715\" \/>\n<h2 data-section-id=\"15du31k\" data-start=\"2717\" data-end=\"2735\">\ud83d\udd39 \u1ee8ng d\u1ee5ng<\/h2>\n<ul data-start=\"2737\" data-end=\"2922\">\n<li data-section-id=\"19y712\" data-start=\"2737\" data-end=\"2782\">H\u1ec7 th\u1ed1ng s\u1ea3n xu\u1ea5t v\u00e0 ph\u00e2n ph\u1ed1i \u0111i\u1ec7n<\/li>\n<li data-section-id=\"1qs4a2s\" data-start=\"2783\" data-end=\"2807\">C\u00e1c nh\u00e0 m\u00e1y h\u00f3a d\u1ea7u<\/li>\n<li data-section-id=\"1y4z0ss\" data-start=\"2808\" data-end=\"2847\">C\u00e1c c\u01a1 s\u1edf s\u1ea3n xu\u1ea5t c\u00f4ng nghi\u1ec7p<\/li>\n<li data-section-id=\"6m4zjg\" data-start=\"2848\" data-end=\"2894\">C\u00e1c t\u00f2a nh\u00e0 cao t\u1ea7ng v\u00e0 trung t\u00e2m th\u01b0\u01a1ng m\u1ea1i<\/li>\n<li data-section-id=\"1e17v55\" data-start=\"2895\" data-end=\"2922\">C\u00e1c d\u1ef1 \u00e1n c\u01a1 s\u1edf h\u1ea1 t\u1ea7ng<\/li>\n<\/ul>\n<hr data-start=\"2924\" data-end=\"2927\" \/>\n<h2 data-section-id=\"1rg4wz9\" data-start=\"2929\" data-end=\"2953\">\ud83d\udd39 T\u00f3m t\u1eaft c\u00e1c \u01b0u \u0111i\u1ec3m<\/h2>\n<ul data-start=\"2955\" data-end=\"3197\">\n<li data-section-id=\"z0351a\" data-start=\"2955\" data-end=\"2986\">Thi\u1ebft k\u1ebf m\u00f4-\u0111un c\u00f3 th\u1ec3 th\u00e1o r\u1eddi<\/li>\n<li data-section-id=\"1wao6ap\" data-start=\"2987\" data-end=\"3018\">\u0110\u1ed9 an to\u00e0n v\u00e0 \u0111\u1ed9 tin c\u1eady cao<\/li>\n<li data-section-id=\"1q8mitz\" data-start=\"3019\" data-end=\"3068\">C\u1ea5u h\u00ecnh linh ho\u1ea1t cho nhi\u1ec1u ch\u1ee9c n\u0103ng<\/li>\n<li data-section-id=\"82rthe\" data-start=\"3069\" data-end=\"3109\">H\u1ed7 tr\u1ee3 c\u00e1c h\u1ec7 th\u1ed1ng \u0111i\u1ec1u khi\u1ec3n th\u00f4ng minh<\/li>\n<li data-section-id=\"1am4nmt\" data-start=\"3110\" data-end=\"3144\">D\u1ec5 b\u1ea3o tr\u00ec v\u00e0 v\u1eadn h\u00e0nh<\/li>\n<li data-section-id=\"1kvgnyc\" data-start=\"3145\" data-end=\"3197\">Ph\u00f9 h\u1ee3p cho c\u00e1c \u1ee9ng d\u1ee5ng c\u00f4ng nghi\u1ec7p quy m\u00f4 l\u1edbn<\/li>\n<\/ul>\n<hr data-start=\"3199\" data-end=\"3202\" \/>\n<h1 data-section-id=\"1lxd8kj\" data-start=\"3204\" data-end=\"3211\">\u2753 C\u00e2u h\u1ecfi th\u01b0\u1eddng g\u1eb7p<\/h1>\n<h3 data-section-id=\"n1rjwe\" data-start=\"3213\" data-end=\"3255\">1\ufe0f\u20e3 Thi\u1ebft b\u1ecb \u0111\u00f3ng c\u1eaft c\u00f3 th\u1ec3 th\u00e1o r\u1eddi l\u00e0 g\u00ec?<\/h3>\n<p data-start=\"3257\" data-end=\"3384\">T\u1ee7 \u0111i\u1ec7n c\u00f3 th\u1ec3 th\u00e1o l\u1eafp s\u1eed d\u1ee5ng c\u00e1c m\u00f4-\u0111un d\u1ea1ng ng\u0103n k\u00e9o c\u00f3 th\u1ec3 th\u00e1o ra ho\u1eb7c thay th\u1ebf m\u00e0 kh\u00f4ng c\u1ea7n t\u1eaft to\u00e0n b\u1ed9 h\u1ec7 th\u1ed1ng.<\/p>\n<p data-start=\"3386\" data-end=\"3449\">\ud83d\udc49 \u0110i\u1ec1u n\u00e0y gi\u00fap n\u00e2ng cao hi\u1ec7u qu\u1ea3 b\u1ea3o tr\u00ec v\u00e0 \u0111\u1ed9 tin c\u1eady c\u1ee7a h\u1ec7 th\u1ed1ng.<\/p>\n<hr data-start=\"3451\" data-end=\"3454\" \/>\n<h3 data-section-id=\"vheh8a\" data-start=\"3456\" data-end=\"3520\">2\ufe0f\u20e3 S\u1ef1 kh\u00e1c bi\u1ec7t gi\u1eefa GCS v\u00e0 t\u1ee7 \u0111i\u1ec7n c\u1ed1 \u0111\u1ecbnh l\u00e0 g\u00ec?<\/h3>\n<ul data-start=\"3522\" data-end=\"3624\">\n<li data-section-id=\"fkedhn\" data-start=\"3522\" data-end=\"3575\">GCS: C\u00f3 th\u1ec3 th\u00e1o r\u1eddi, linh ho\u1ea1t, d\u1ec5 b\u1ea3o tr\u00ec<\/li>\n<li data-section-id=\"zfbo4r\" data-start=\"3576\" data-end=\"3624\">Lo\u1ea1i c\u1ed1 \u0111\u1ecbnh: Chi ph\u00ed th\u1ea5p h\u01a1n nh\u01b0ng k\u00e9m linh ho\u1ea1t h\u01a1n<\/li>\n<\/ul>\n<p data-start=\"3626\" data-end=\"3676\">\ud83d\udc49 GCS ph\u00f9 h\u1ee3p h\u01a1n v\u1edbi c\u00e1c h\u1ec7 th\u1ed1ng ph\u1ee9c t\u1ea1p v\u00e0 quan tr\u1ecdng.<\/p>\n<hr data-start=\"3678\" data-end=\"3681\" \/>\n<h3 data-section-id=\"17jpg85\" data-start=\"3683\" data-end=\"3748\">3\ufe0f\u20e3 Thi\u1ebft b\u1ecb \u0111\u00f3ng c\u1eaft GCS c\u00f3 th\u1ec3 t\u00edch h\u1ee3p v\u1edbi c\u00e1c h\u1ec7 th\u1ed1ng t\u1ef1 \u0111\u1ed9ng h\u00f3a kh\u00f4ng?<\/h3>\n<p data-start=\"3750\" data-end=\"3767\">\u0110\u00fang v\u1eady, n\u00f3 h\u1ed7 tr\u1ee3:<\/p>\n<ul data-start=\"3768\" data-end=\"3833\">\n<li data-section-id=\"11o480x\" data-start=\"3768\" data-end=\"3783\">H\u1ec7 th\u1ed1ng PLC<\/li>\n<li data-section-id=\"f41at5\" data-start=\"3784\" data-end=\"3807\">Giao di\u1ec7n m\u00e1y t\u00ednh<\/li>\n<li data-section-id=\"ecp77k\" data-start=\"3808\" data-end=\"3833\">H\u1ec7 th\u1ed1ng \u0111i\u1ec1u khi\u1ec3n th\u00f4ng minh<\/li>\n<\/ul>\n<p data-start=\"3835\" data-end=\"3886\">\ud83d\udc49 L\u00fd t\u01b0\u1edfng cho t\u1ef1 \u0111\u1ed9ng h\u00f3a c\u00f4ng nghi\u1ec7p v\u00e0 l\u01b0\u1edbi \u0111i\u1ec7n th\u00f4ng minh.<\/p>\n<hr data-start=\"3888\" data-end=\"3891\" \/>\n<h3 data-section-id=\"1a8r5p4\" data-start=\"3893\" data-end=\"3945\">4\ufe0f\u20e3 Nh\u1eefng ng\u00e0nh n\u00e0o th\u01b0\u1eddng s\u1eed d\u1ee5ng t\u1ee7 \u0111i\u1ec7n GCS?<\/h3>\n<p data-start=\"3947\" data-end=\"3968\">N\u00f3 \u0111\u01b0\u1ee3c s\u1eed d\u1ee5ng r\u1ed9ng r\u00e3i trong:<\/p>\n<ul data-start=\"3969\" data-end=\"4062\">\n<li data-section-id=\"1q4mphf\" data-start=\"3969\" data-end=\"3985\">Nh\u00e0 m\u00e1y \u0111i\u1ec7n<\/li>\n<li data-section-id=\"njd3e2\" data-start=\"3986\" data-end=\"4012\">Ng\u00e0nh c\u00f4ng nghi\u1ec7p h\u00f3a d\u1ea7u<\/li>\n<li data-section-id=\"u3fi1o\" data-start=\"4013\" data-end=\"4037\">C\u00e1c nh\u00e0 m\u00e1y s\u1ea3n xu\u1ea5t<\/li>\n<li data-section-id=\"hfihxt\" data-start=\"4038\" data-end=\"4062\">C\u00e1c t\u00f2a nh\u00e0 th\u01b0\u01a1ng m\u1ea1i<\/li>\n<\/ul>","protected":false},"excerpt":{"rendered":"<p data-start=\"255\" data-end=\"423\">Thi\u1ebft b\u1ecb \u0111\u00f3ng c\u1eaft c\u00f3 th\u1ec3 th\u00e1o l\u1eafp d\u00f2ng GCS \u0111\u01b0\u1ee3c thi\u1ebft k\u1ebf \u0111\u1ec3 ph\u00e2n ph\u1ed1i \u0111i\u1ec7n, \u0111i\u1ec1u khi\u1ec3n \u0111\u1ed9ng c\u01a1 v\u00e0 b\u00f9 c\u00f4ng su\u1ea5t ph\u1ea3n kh\u00e1ng trong c\u00e1c h\u1ec7 th\u1ed1ng \u0111i\u1ec7n hi\u1ec7n \u0111\u1ea1i.<\/p>\n<p data-start=\"425\" data-end=\"483\">S\u1ea3n ph\u1ea9m n\u00e0y ph\u00f9 h\u1ee3p v\u1edbi c\u00e1c h\u1ec7 th\u1ed1ng \u0111i\u1ec7n xoay chi\u1ec1u ba pha (50Hz) c\u00f3:<\/p>\n<ul data-start=\"484\" data-end=\"553\">\n<li data-section-id=\"1ua275e\" data-start=\"484\" data-end=\"518\">\u0110i\u1ec7n \u00e1p \u0111\u1ecbnh m\u1ee9c: 400V \/ 690V<\/li>\n<li data-section-id=\"1ui9t9i\" data-start=\"519\" data-end=\"553\">D\u00f2ng \u0111i\u1ec7n \u0111\u1ecbnh m\u1ee9c: t\u1ed1i \u0111a 4000A<\/li>\n<\/ul>","protected":false},"featured_media":2133,"comment_status":"open","ping_status":"closed","template":"","meta":{"site-sidebar-layout":"default","site-content-layout":"","ast-site-content-layout":"default","site-content-style":"default","site-sidebar-style":"default","ast-global-header-display":"","ast-banner-title-visibility":"","ast-main-header-display":"","ast-hfb-above-header-display":"","ast-hfb-below-header-display":"","ast-hfb-mobile-header-display":"","site-post-title":"","ast-breadcrumbs-content":"","ast-featured-img":"","footer-sml-layout":"","ast-disable-related-posts":"","theme-transparent-header-meta":"default","adv-header-id-meta":"","stick-header-meta":"","header-above-stick-meta":"","header-main-stick-meta":"","header-below-stick-meta":"","astra-migrate-meta-layouts":"set","ast-page-background-enabled":"default","ast-page-background-meta":{"desktop":{"background-color":"","background-image":"","background-repeat":"repeat","background-position":"center center","background-size":"auto","background-attachment":"scroll","background-type":"","background-media":"","overlay-type":"","overlay-color":"","overlay-opacity":"","overlay-gradient":""},"tablet":{"background-color":"","background-image":"","background-repeat":"repeat","background-position":"center center","background-size":"auto","background-attachment":"scroll","background-type":"","background-media":"","overlay-type":"","overlay-color":"","overlay-opacity":"","overlay-gradient":""},"mobile":{"background-color":"","background-image":"","background-repeat":"repeat","background-position":"center center","background-size":"auto","background-attachment":"scroll","background-type":"","background-media":"","overlay-type":"","overlay-color":"","overlay-opacity":"","overlay-gradient":""}},"ast-content-background-meta":{"desktop":{"background-color":"var(--ast-global-color-5)","background-image":"","background-repeat":"repeat","background-position":"center center","background-size":"auto","background-attachment":"scroll","background-type":"","background-media":"","overlay-type":"","overlay-color":"","overlay-opacity":"","overlay-gradient":""},"tablet":{"background-color":"var(--ast-global-color-5)","background-image":"","background-repeat":"repeat","background-position":"center center","background-size":"auto","background-attachment":"scroll","background-type":"","background-media":"","overlay-type":"","overlay-color":"","overlay-opacity":"","overlay-gradient":""},"mobile":{"background-color":"var(--ast-global-color-5)","background-image":"","background-repeat":"repeat","background-position":"center center","background-size":"auto","background-attachment":"scroll","background-type":"","background-media":"","overlay-type":"","overlay-color":"","overlay-opacity":"","overlay-gradient":""}}},"product_brand":[],"product_cat":[2035,2032],"product_tag":[2096,2043,2093,2099,2094,2098,2097,2100,2101,2095],"class_list":{"0":"post-2132","1":"product","2":"type-product","3":"status-publish","4":"has-post-thumbnail","6":"product_cat-high-and-low-voltage-switchgear","7":"product_cat-electrical-equipment","8":"product_tag-electrical-cabinet","9":"product_tag-electrical-equipment","10":"product_tag-gcs-switchgear","11":"product_tag-industrial-switchgear","12":"product_tag-low-voltage-switchgear","13":"product_tag-mcc-panel","14":"product_tag-power-distribution-equipment","15":"product_tag-smart-switchgear","16":"product_tag-transformer-equipment","17":"product_tag-withdrawable-switchgear","18":"desktop-align-left","19":"tablet-align-left","20":"mobile-align-left","22":"first","23":"instock","24":"shipping-taxable","25":"product-type-simple"},"_links":{"self":[{"href":"https:\/\/www.wonzh.com\/vi\/wp-json\/wp\/v2\/product\/2132","targetHints":{"allow":["GET"]}}],"collection":[{"href":"https:\/\/www.wonzh.com\/vi\/wp-json\/wp\/v2\/product"}],"about":[{"href":"https:\/\/www.wonzh.com\/vi\/wp-json\/wp\/v2\/types\/product"}],"replies":[{"embeddable":true,"href":"https:\/\/www.wonzh.com\/vi\/wp-json\/wp\/v2\/comments?post=2132"}],"wp:featuredmedia":[{"embeddable":true,"href":"https:\/\/www.wonzh.com\/vi\/wp-json\/wp\/v2\/media\/2133"}],"wp:attachment":[{"href":"https:\/\/www.wonzh.com\/vi\/wp-json\/wp\/v2\/media?parent=2132"}],"wp:term":[{"taxonomy":"product_brand","embeddable":true,"href":"https:\/\/www.wonzh.com\/vi\/wp-json\/wp\/v2\/product_brand?post=2132"},{"taxonomy":"product_cat","embeddable":true,"href":"https:\/\/www.wonzh.com\/vi\/wp-json\/wp\/v2\/product_cat?post=2132"},{"taxonomy":"product_tag","embeddable":true,"href":"https:\/\/www.wonzh.com\/vi\/wp-json\/wp\/v2\/product_tag?post=2132"}],"curies":[{"name":"wp","href":"https:\/\/api.w.org\/{rel}","templated":true}]}}