{"id":2122,"date":"2026-04-28T14:28:23","date_gmt":"2026-04-28T14:28:23","guid":{"rendered":"https:\/\/www.wonzh.com\/?post_type=product&#038;p=2122"},"modified":"2026-04-29T16:14:47","modified_gmt":"2026-04-29T16:14:47","slug":"scb13-epoxy-resin-cast-dry-type-power-transformer-ultra-low-loss-high-efficiency-type","status":"publish","type":"product","link":"https:\/\/www.wonzh.com\/vi\/product\/scb13-epoxy-resin-cast-dry-type-power-transformer-ultra-low-loss-high-efficiency-type\/","title":{"rendered":"M\u00e1y bi\u1ebfn \u00e1p \u0111i\u1ec7n lo\u1ea1i kh\u00f4 \u0111\u00fac b\u1eb1ng nh\u1ef1a epoxy SCB13 (lo\u1ea1i t\u1ed5n hao c\u1ef1c th\u1ea5p v\u00e0 hi\u1ec7u su\u1ea5t cao)"},"content":{"rendered":"<p data-start=\"242\" data-end=\"456\"><img fetchpriority=\"high\" decoding=\"async\" class=\"size-medium wp-image-2119 alignright\" src=\"https:\/\/www.wonzh.com\/wp-content\/uploads\/2026\/04\/SCB11-Epoxy-Resin-Cast-Dry-Type-Power-Transformer-Low-Loss-Energy-Efficient-Type-2-300x300.png\" alt=\"\" width=\"300\" height=\"300\" srcset=\"https:\/\/www.wonzh.com\/wp-content\/uploads\/2026\/04\/SCB11-Epoxy-Resin-Cast-Dry-Type-Power-Transformer-Low-Loss-Energy-Efficient-Type-2-300x300.png 300w, https:\/\/www.wonzh.com\/wp-content\/uploads\/2026\/04\/SCB11-Epoxy-Resin-Cast-Dry-Type-Power-Transformer-Low-Loss-Energy-Efficient-Type-2-150x150.png 150w, https:\/\/www.wonzh.com\/wp-content\/uploads\/2026\/04\/SCB11-Epoxy-Resin-Cast-Dry-Type-Power-Transformer-Low-Loss-Energy-Efficient-Type-2-768x768.png 768w, https:\/\/www.wonzh.com\/wp-content\/uploads\/2026\/04\/SCB11-Epoxy-Resin-Cast-Dry-Type-Power-Transformer-Low-Loss-Energy-Efficient-Type-2-12x12.png 12w, https:\/\/www.wonzh.com\/wp-content\/uploads\/2026\/04\/SCB11-Epoxy-Resin-Cast-Dry-Type-Power-Transformer-Low-Loss-Energy-Efficient-Type-2-600x600.png 600w, https:\/\/www.wonzh.com\/wp-content\/uploads\/2026\/04\/SCB11-Epoxy-Resin-Cast-Dry-Type-Power-Transformer-Low-Loss-Energy-Efficient-Type-2-100x100.png 100w, https:\/\/www.wonzh.com\/wp-content\/uploads\/2026\/04\/SCB11-Epoxy-Resin-Cast-Dry-Type-Power-Transformer-Low-Loss-Energy-Efficient-Type-2.png 1000w\" sizes=\"(max-width: 300px) 100vw, 300px\" \/>The SCB13 epoxy resin cast dry-type transformer is an advanced energy-efficient transformer designed for modern power distribution systems requiring ultra-low loss, high safety, and long-term reliability.<\/p>\n<p data-start=\"458\" data-end=\"669\">As an upgraded version of SCB11, the SCB13 series features significantly reduced losses, improved energy efficiency, and enhanced performance, making it ideal for energy-saving and green building projects.<\/p>\n<p data-start=\"671\" data-end=\"847\">Manufactured using high-quality materials and advanced vacuum casting technology, it ensures excellent insulation performance and stable operation under demanding conditions.<\/p>\n<p data-start=\"849\" data-end=\"870\">N\u00f3 \u0111\u01b0\u1ee3c s\u1eed d\u1ee5ng r\u1ed9ng r\u00e3i trong:<\/p>\n<ul data-start=\"871\" data-end=\"1086\">\n<li data-section-id=\"ov2w8z\" data-start=\"871\" data-end=\"894\">C\u00e1c t\u00f2a nh\u00e0 cao t\u1ea7ng<\/li>\n<li data-section-id=\"1yjht70\" data-start=\"895\" data-end=\"917\">Trung t\u00e2m th\u01b0\u01a1ng m\u1ea1i<\/li>\n<li data-section-id=\"1b8blr8\" data-start=\"918\" data-end=\"948\">S\u00e2n bay v\u00e0 h\u1ec7 th\u1ed1ng t\u00e0u \u0111i\u1ec7n ng\u1ea7m<\/li>\n<li data-section-id=\"14u9z7a\" data-start=\"949\" data-end=\"987\">Tunnels and underground facilities<\/li>\n<li data-section-id=\"1o68c50\" data-start=\"988\" data-end=\"1022\">Chemical and industrial plants<\/li>\n<li data-section-id=\"qf2vj0\" data-start=\"1023\" data-end=\"1049\">Nh\u00e0 m\u00e1y \u0111i\u1ec7n h\u1ea1t nh\u00e2n<\/li>\n<li data-section-id=\"pym0ka\" data-start=\"1050\" data-end=\"1086\">Marine and offshore applications<\/li>\n<\/ul>\n<hr data-start=\"1088\" data-end=\"1091\" \/>\n<h2 data-section-id=\"g4vs8k\" data-start=\"1093\" data-end=\"1119\">\ud83d\udd39 Tu\u00e2n th\u1ee7 c\u00e1c ti\u00eau chu\u1ea9n<\/h2>\n<ul data-start=\"1121\" data-end=\"1437\">\n<li data-section-id=\"1t9ehtv\" data-start=\"1121\" data-end=\"1171\">IEC 60076-11 \u2013 M\u00e1y bi\u1ebfn \u00e1p \u0111i\u1ec7n lo\u1ea1i kh\u00f4<\/li>\n<li data-section-id=\"1cu5kzl\" data-start=\"1172\" data-end=\"1212\">GB\/T 1094.1 \u2013 M\u00e1y bi\u1ebfn \u00e1p \u0111i\u1ec7n<\/li>\n<li data-section-id=\"12jd1ed\" data-start=\"1213\" data-end=\"1257\">GB\/T 1094.11 \u2013 M\u00e1y bi\u1ebfn \u00e1p kh\u00f4<\/li>\n<li data-section-id=\"2b1ch6\" data-start=\"1258\" data-end=\"1327\">GB\/T 10228 \u2013 Y\u00eau c\u1ea7u k\u1ef9 thu\u1eadt \u0111\u1ed1i v\u1edbi m\u00e1y bi\u1ebfn \u00e1p kh\u00f4<\/li>\n<li data-section-id=\"1nzvw4u\" data-start=\"1328\" data-end=\"1387\">JB\/T 10088 \u2013 M\u1ee9c \u0111\u1ed9 ti\u1ebfng \u1ed3n c\u1ee7a m\u00e1y bi\u1ebfn \u00e1p 6 kV\u2013500 kV<\/li>\n<li data-section-id=\"16sztuj\" data-start=\"1388\" data-end=\"1437\">GB 20052-2020 \u2013 Ti\u00eau chu\u1ea9n hi\u1ec7u qu\u1ea3 n\u0103ng l\u01b0\u1ee3ng<\/li>\n<\/ul>\n<hr data-start=\"1439\" data-end=\"1442\" \/>\n<h2 data-section-id=\"17fvu7l\" data-start=\"1444\" data-end=\"1462\">\ud83d\udd39 C\u00e1c t\u00ednh n\u0103ng ch\u00ednh<\/h2>\n<h3 data-section-id=\"idkui1\" data-start=\"1464\" data-end=\"1502\">\u2714 Ultra-Low Loss &amp; High Efficiency<\/h3>\n<ul data-start=\"1503\" data-end=\"1624\">\n<li data-section-id=\"1krccec\" data-start=\"1503\" data-end=\"1537\">Lower losses than SCB11 series<\/li>\n<li data-section-id=\"1hf72ga\" data-start=\"1538\" data-end=\"1586\">Meets high-level energy efficiency standards<\/li>\n<li data-section-id=\"2ujdrr\" data-start=\"1587\" data-end=\"1624\">Reduces long-term operating costs<\/li>\n<\/ul>\n<hr data-start=\"1626\" data-end=\"1629\" \/>\n<h3 data-section-id=\"xrppzx\" data-start=\"1631\" data-end=\"1666\">\u2714 \u0110\u1ed9 an to\u00e0n cao &amp; Ch\u1ed1ng ch\u00e1y<\/h3>\n<ul data-start=\"1667\" data-end=\"1801\">\n<li data-section-id=\"107ava3\" data-start=\"1667\" data-end=\"1707\">Oil-free design eliminates fire risk<\/li>\n<li data-section-id=\"1o0nq99\" data-start=\"1708\" data-end=\"1746\">Flame-retardant and pollution-free<\/li>\n<li data-section-id=\"msakyc\" data-start=\"1747\" data-end=\"1801\">Suitable for installation in critical environments<\/li>\n<\/ul>\n<hr data-start=\"1803\" data-end=\"1806\" \/>\n<h3 data-section-id=\"cee362\" data-start=\"1808\" data-end=\"1846\">\u2714 High Reliability &amp; Long Lifespan<\/h3>\n<ul data-start=\"1847\" data-end=\"1966\">\n<li data-section-id=\"bi6h0g\" data-start=\"1847\" data-end=\"1887\">Quy tr\u00ecnh \u0111\u00fac nh\u1ef1a epoxy ti\u00ean ti\u1ebfn<\/li>\n<li data-section-id=\"1c490t9\" data-start=\"1888\" data-end=\"1919\">M\u1ee9c ph\u00f3ng \u0111i\u1ec7n c\u1ee5c b\u1ed9 th\u1ea5p<\/li>\n<li data-section-id=\"1lb9v6q\" data-start=\"1920\" data-end=\"1966\">Excellent thermal and mechanical stability<\/li>\n<\/ul>\n<hr data-start=\"1968\" data-end=\"1971\" \/>\n<h3 data-section-id=\"1pbx4rh\" data-start=\"1973\" data-end=\"2003\">\u2714 Kh\u1ea3 n\u0103ng ch\u1ecbu qu\u00e1 t\u1ea3i cao<\/h3>\n<ul data-start=\"2004\" data-end=\"2096\">\n<li data-section-id=\"1b7h0tn\" data-start=\"2004\" data-end=\"2035\">Efficient cooling structure<\/li>\n<li data-section-id=\"d1xfcs\" data-start=\"2036\" data-end=\"2096\">Forced air cooling increases load capacity when required<\/li>\n<\/ul>\n<hr data-start=\"2098\" data-end=\"2101\" \/>\n<h3 data-section-id=\"vw4cfg\" data-start=\"2103\" data-end=\"2145\">\u2714 Excellent Environmental Adaptability<\/h3>\n<ul data-start=\"2146\" data-end=\"2235\">\n<li data-section-id=\"nahhit\" data-start=\"2146\" data-end=\"2192\">Moisture-resistant and corrosion-resistant<\/li>\n<li data-section-id=\"w11y0h\" data-start=\"2193\" data-end=\"2235\">Stable operation in harsh environments<\/li>\n<\/ul>\n<hr data-start=\"2237\" data-end=\"2240\" \/>\n<h3 data-section-id=\"5dsqk\" data-start=\"2242\" data-end=\"2277\">\u2714 H\u1ec7 th\u1ed1ng gi\u00e1m s\u00e1t th\u00f4ng minh<\/h3>\n<ul data-start=\"2278\" data-end=\"2434\">\n<li data-section-id=\"1r8ci66\" data-start=\"2278\" data-end=\"2322\">Real-time winding temperature monitoring<\/li>\n<li data-section-id=\"1cd3pa6\" data-start=\"2323\" data-end=\"2355\">Automatic fan control system<\/li>\n<li data-section-id=\"36ajnw\" data-start=\"2356\" data-end=\"2385\">B\u00e1o \u0111\u1ed9ng v\u00e0 b\u1ea3o v\u1ec7 ng\u1eaft m\u1ea1ch<\/li>\n<li data-section-id=\"b1b1yd\" data-start=\"2386\" data-end=\"2434\">Optional remote monitoring and communication<\/li>\n<\/ul>\n<hr data-start=\"2436\" data-end=\"2439\" \/>\n<h3 data-section-id=\"129yrz8\" data-start=\"2441\" data-end=\"2484\">\u2714 L\u1eafp \u0111\u1eb7t g\u1ecdn nh\u1eb9 v\u00e0 ti\u1ebft ki\u1ec7m chi ph\u00ed<\/h3>\n<ul data-start=\"2485\" data-end=\"2570\">\n<li data-section-id=\"nz3tkx\" data-start=\"2485\" data-end=\"2520\">Small footprint and lightweight<\/li>\n<li data-section-id=\"tx6fc4\" data-start=\"2521\" data-end=\"2570\">Reduced installation and infrastructure costs<\/li>\n<\/ul>\n<hr data-start=\"2572\" data-end=\"2575\" \/>\n<h2 data-section-id=\"1hq6i26\" data-start=\"2577\" data-end=\"2600\">\ud83d\udd39 Thi\u1ebft k\u1ebf k\u1ebft c\u1ea5u<\/h2>\n<h3 data-section-id=\"1oaxluj\" data-start=\"2602\" data-end=\"2629\">\ud83d\udd38 Cu\u1ed9n d\u00e2y cao \u00e1p<\/h3>\n<ul data-start=\"2630\" data-end=\"2765\">\n<li data-section-id=\"ply7z1\" data-start=\"2630\" data-end=\"2667\">Oxygen-free copper foil conductor<\/li>\n<li data-section-id=\"3ff1a0\" data-start=\"2668\" data-end=\"2697\">H\u1ec7 th\u1ed1ng c\u00e1ch nhi\u1ec7t lo\u1ea1i F<\/li>\n<li data-section-id=\"4z6hz8\" data-start=\"2698\" data-end=\"2734\">C\u1ea5u tr\u00fac gia c\u1ed1 b\u1eb1ng s\u1ee3i th\u1ee7y tinh<\/li>\n<li data-section-id=\"dv6lws\" data-start=\"2735\" data-end=\"2765\">\u0110\u00fac nh\u1ef1a epoxy ch\u00e2n kh\u00f4ng<\/li>\n<\/ul>\n<p data-start=\"2767\" data-end=\"2780\">\u27a1 Advantages:<\/p>\n<ul data-start=\"2781\" data-end=\"2857\">\n<li data-section-id=\"10gqgab\" data-start=\"2781\" data-end=\"2809\">High insulation strength<\/li>\n<li data-section-id=\"6ehatn\" data-start=\"2810\" data-end=\"2835\">Ph\u00f3ng \u0111i\u1ec7n c\u1ee5c b\u1ed9 m\u1ee9c th\u1ea5p<\/li>\n<li data-section-id=\"ymf61l\" data-start=\"2836\" data-end=\"2857\">Tu\u1ed5i th\u1ecd cao<\/li>\n<\/ul>\n<hr data-start=\"2859\" data-end=\"2862\" \/>\n<h3 data-section-id=\"vz1dz5\" data-start=\"2864\" data-end=\"2890\">\ud83d\udd38 Cu\u1ed9n d\u00e2y \u0111i\u1ec7n \u00e1p th\u1ea5p<\/h3>\n<ul data-start=\"2891\" data-end=\"3013\">\n<li data-section-id=\"1maj4yk\" data-start=\"2891\" data-end=\"2938\">Cu\u1ed9n d\u00e2y l\u00e1 \u0111\u1ed3ng c\u00f3 l\u1edbp c\u00e1ch \u0111i\u1ec7n lo\u1ea1i F<\/li>\n<li data-section-id=\"1gr6wfz\" data-start=\"2939\" data-end=\"2971\">Integrated cooling air ducts<\/li>\n<li data-section-id=\"vblrvo\" data-start=\"2972\" data-end=\"3013\">Ph\u1ee7 l\u1edbp nh\u1ef1a \u0111\u1ec3 t\u0103ng c\u01b0\u1eddng \u0111\u1ed9 b\u1ec1n<\/li>\n<\/ul>\n<p data-start=\"3015\" data-end=\"3026\">\u27a1 Cung c\u1ea5p:<\/p>\n<ul data-start=\"3027\" data-end=\"3093\">\n<li data-section-id=\"u66b5g\" data-start=\"3027\" data-end=\"3062\">Kh\u1ea3 n\u0103ng ch\u1ed1ng ng\u1eafn m\u1ea1ch cao<\/li>\n<li data-section-id=\"7gsig0\" data-start=\"3063\" data-end=\"3093\">T\u1ea3n nhi\u1ec7t hi\u1ec7u qu\u1ea3<\/li>\n<\/ul>\n<hr data-start=\"3095\" data-end=\"3098\" \/>\n<h3 data-section-id=\"mp6v7c\" data-start=\"3100\" data-end=\"3111\">\ud83d\udd38 C\u1ed1t l\u00f5i<\/h3>\n<ul data-start=\"3112\" data-end=\"3232\">\n<li data-section-id=\"1i8lzu9\" data-start=\"3112\" data-end=\"3169\">Th\u00e9p silic c\u00e1n ngu\u1ed9i \u0111\u1ecbnh h\u01b0\u1edbng h\u1ea1t ch\u1ea5t l\u01b0\u1ee3ng cao<\/li>\n<li data-section-id=\"yqati7\" data-start=\"3170\" data-end=\"3199\">Thi\u1ebft k\u1ebf m\u1ed1i n\u1ed1i ch\u1ed3ng m\u00e9p g\u00f3c 45\u00b0<\/li>\n<li data-section-id=\"mshzmw\" data-start=\"3200\" data-end=\"3232\">C\u1ea5u tr\u00fac k\u1eb9p c\u1eaft b\u1eb1ng laser<\/li>\n<\/ul>\n<p data-start=\"3234\" data-end=\"3245\">\u27a1 L\u1ee3i \u00edch:<\/p>\n<ul data-start=\"3246\" data-end=\"3315\">\n<li data-section-id=\"16pivlu\" data-start=\"3246\" data-end=\"3268\">Gi\u1ea3m t\u1ed5n th\u1ea5t kh\u00f4ng t\u1ea3i<\/li>\n<li data-section-id=\"1gveydu\" data-start=\"3269\" data-end=\"3286\">Gi\u1ea3m ti\u1ebfng \u1ed3n<\/li>\n<li data-section-id=\"iagqko\" data-start=\"3287\" data-end=\"3315\">\u0110\u1ed9 b\u1ec1n c\u01a1 h\u1ecdc cao<\/li>\n<\/ul>\n<hr data-start=\"3317\" data-end=\"3320\" \/>\n<h2 data-section-id=\"15du31k\" data-start=\"3322\" data-end=\"3340\">\ud83d\udd39 \u1ee8ng d\u1ee5ng<\/h2>\n<ul data-start=\"3342\" data-end=\"3536\">\n<li data-section-id=\"kec6b0\" data-start=\"3342\" data-end=\"3380\">C\u00e1c t\u00f2a nh\u00e0 v\u00e0 khu ph\u1ee9c h\u1ee3p th\u01b0\u01a1ng m\u1ea1i<\/li>\n<li data-section-id=\"zjf3dm\" data-start=\"3381\" data-end=\"3414\">Airports, metros, and tunnels<\/li>\n<li data-section-id=\"1xl3u33\" data-start=\"3415\" data-end=\"3457\">Industrial plants and heavy industries<\/li>\n<li data-section-id=\"1izec3n\" data-start=\"3458\" data-end=\"3498\">Data centers and critical facilities<\/li>\n<li data-section-id=\"y0s0f0\" data-start=\"3499\" data-end=\"3536\">Marine and offshore installations<\/li>\n<\/ul>\n<hr data-start=\"3538\" data-end=\"3541\" \/>\n<h2 data-section-id=\"1rg4wz9\" data-start=\"3543\" data-end=\"3567\">\ud83d\udd39 T\u00f3m t\u1eaft c\u00e1c \u01b0u \u0111i\u1ec3m<\/h2>\n<ul data-start=\"3569\" data-end=\"3788\">\n<li data-section-id=\"a4dg1\" data-start=\"3569\" data-end=\"3608\">Ultra-low loss and energy-efficient<\/li>\n<li data-section-id=\"1ungrh1\" data-start=\"3609\" data-end=\"3651\">Fireproof and environmentally friendly<\/li>\n<li data-section-id=\"1ysv9yx\" data-start=\"3652\" data-end=\"3682\">Ho\u1ea1t \u0111\u1ed9ng kh\u00f4ng c\u1ea7n b\u1ea3o tr\u00ec<\/li>\n<li data-section-id=\"vhoyyl\" data-start=\"3683\" data-end=\"3721\">\u0110\u1ed9 tin c\u1eady cao v\u00e0 tu\u1ed5i th\u1ecd d\u00e0i<\/li>\n<li data-section-id=\"oc6tql\" data-start=\"3722\" data-end=\"3753\">Kh\u1ea3 n\u0103ng gi\u00e1m s\u00e1t th\u00f4ng minh<\/li>\n<li data-section-id=\"bqgwug\" data-start=\"3754\" data-end=\"3788\">Suitable for high-end projects<\/li>\n<\/ul>\n<hr data-start=\"3790\" data-end=\"3793\" \/>\n<h1 data-section-id=\"1lxd8kj\" data-start=\"3795\" data-end=\"3802\">\u2753 C\u00e2u h\u1ecfi th\u01b0\u1eddng g\u1eb7p<\/h1>\n<h3 data-section-id=\"19sqo29\" data-start=\"3804\" data-end=\"3872\">1\ufe0f\u20e3 What is the difference between SCB11 and SCB13 transformers?<\/h3>\n<p data-start=\"3874\" data-end=\"3967\">The SCB13 transformer offers lower energy loss and higher efficiency compared to SCB11.<\/p>\n<p data-start=\"3969\" data-end=\"4078\">\ud83d\udc49 It is more suitable for projects with strict energy-saving requirements and long-term cost considerations.<\/p>\n<hr data-start=\"4080\" data-end=\"4083\" \/>\n<h3 data-section-id=\"2noxzo\" data-start=\"4085\" data-end=\"4144\">2\ufe0f\u20e3 Is SCB13 suitable for critical indoor applications?<\/h3>\n<p data-start=\"4146\" data-end=\"4167\">\u0110\u00fang v\u1eady, n\u00f3 r\u1ea5t ph\u00f9 h\u1ee3p cho:<\/p>\n<ul data-start=\"4168\" data-end=\"4233\">\n<li data-section-id=\"ov2w8z\" data-start=\"4168\" data-end=\"4191\">C\u00e1c t\u00f2a nh\u00e0 cao t\u1ea7ng<\/li>\n<li data-section-id=\"pyo80w\" data-start=\"4192\" data-end=\"4208\">Trung t\u00e2m d\u1eef li\u1ec7u<\/li>\n<li data-section-id=\"1usaqco\" data-start=\"4209\" data-end=\"4233\">S\u00e2n bay v\u00e0 \u0111\u01b0\u1eddng h\u1ea7m<\/li>\n<\/ul>\n<p data-start=\"4235\" data-end=\"4289\">\ud83d\udc49 Thanks to its fireproof, oil-free, and safe design.<\/p>\n<hr data-start=\"4291\" data-end=\"4294\" \/>\n<h3 data-section-id=\"dwut0p\" data-start=\"4296\" data-end=\"4345\">3\ufe0f\u20e3 M\u00e1y bi\u1ebfn \u00e1p c\u00f3 c\u1ea7n b\u1ea3o tr\u00ec kh\u00f4ng?<\/h3>\n<p data-start=\"4347\" data-end=\"4407\">SCB13 is a maintenance-free transformer, requiring only:<\/p>\n<ul data-start=\"4408\" data-end=\"4476\">\n<li data-section-id=\"1mj82eg\" data-start=\"4408\" data-end=\"4430\">Ki\u1ec3m tra \u0111\u1ecbnh k\u1ef3<\/li>\n<li data-section-id=\"1vmf05w\" data-start=\"4431\" data-end=\"4476\">Gi\u00e1m s\u00e1t th\u00f4ng qua h\u1ec7 th\u1ed1ng \u0111i\u1ec1u khi\u1ec3n nhi\u1ec7t \u0111\u1ed9<\/li>\n<\/ul>\n<hr data-start=\"4478\" data-end=\"4481\" \/>\n<h3 data-section-id=\"1gdkfuw\" data-start=\"4483\" data-end=\"4526\">4\ufe0f\u20e3 Can smart monitoring be integrated?<\/h3>\n<p data-start=\"4528\" data-end=\"4558\">Yes, the transformer supports:<\/p>\n<ul data-start=\"4559\" data-end=\"4680\">\n<li data-section-id=\"11234ay\" data-start=\"4559\" data-end=\"4595\">Gi\u00e1m s\u00e1t nhi\u1ec7t \u0111\u1ed9 theo th\u1eddi gian th\u1ef1c<\/li>\n<li data-section-id=\"e5ci2u\" data-start=\"4596\" data-end=\"4611\">\u0110i\u1ec1u khi\u1ec3n qu\u1ea1t<\/li>\n<li data-section-id=\"pryyed\" data-start=\"4612\" data-end=\"4644\">Alarm and protection systems<\/li>\n<li data-section-id=\"7vomgq\" data-start=\"4645\" data-end=\"4680\">Giao di\u1ec7n truy\u1ec1n th\u00f4ng t\u1eeb xa<\/li>\n<\/ul>\n<p data-start=\"4682\" data-end=\"4742\">\ud83d\udc49 Suitable for smart grid and intelligent building systems.<\/p>","protected":false},"excerpt":{"rendered":"<p data-start=\"242\" data-end=\"456\">The SCB13 epoxy resin cast dry-type transformer is an advanced energy-efficient transformer designed for modern power distribution systems requiring ultra-low loss, high safety, and long-term reliability.<\/p>\n<p data-start=\"458\" data-end=\"669\">As an upgraded version of SCB11, the SCB13 series features significantly reduced losses, improved energy efficiency, and enhanced performance, making it ideal for energy-saving and green building projects.<\/p>\n<p data-start=\"671\" data-end=\"847\">Manufactured using high-quality materials and advanced vacuum casting technology, it ensures excellent insulation performance and stable operation under demanding conditions.<\/p>","protected":false},"featured_media":2119,"comment_status":"open","ping_status":"closed","template":"","meta":{"site-sidebar-layout":"default","site-content-layout":"","ast-site-content-layout":"default","site-content-style":"default","site-sidebar-style":"default","ast-global-header-display":"","ast-banner-title-visibility":"","ast-main-header-display":"","ast-hfb-above-header-display":"","ast-hfb-below-header-display":"","ast-hfb-mobile-header-display":"","site-post-title":"","ast-breadcrumbs-content":"","ast-featured-img":"","footer-sml-layout":"","ast-disable-related-posts":"","theme-transparent-header-meta":"default","adv-header-id-meta":"","stick-header-meta":"","header-above-stick-meta":"","header-main-stick-meta":"","header-below-stick-meta":"","astra-migrate-meta-layouts":"set","ast-page-background-enabled":"default","ast-page-background-meta":{"desktop":{"background-color":"","background-image":"","background-repeat":"repeat","background-position":"center center","background-size":"auto","background-attachment":"scroll","background-type":"","background-media":"","overlay-type":"","overlay-color":"","overlay-opacity":"","overlay-gradient":""},"tablet":{"background-color":"","background-image":"","background-repeat":"repeat","background-position":"center center","background-size":"auto","background-attachment":"scroll","background-type":"","background-media":"","overlay-type":"","overlay-color":"","overlay-opacity":"","overlay-gradient":""},"mobile":{"background-color":"","background-image":"","background-repeat":"repeat","background-position":"center center","background-size":"auto","background-attachment":"scroll","background-type":"","background-media":"","overlay-type":"","overlay-color":"","overlay-opacity":"","overlay-gradient":""}},"ast-content-background-meta":{"desktop":{"background-color":"var(--ast-global-color-5)","background-image":"","background-repeat":"repeat","background-position":"center center","background-size":"auto","background-attachment":"scroll","background-type":"","background-media":"","overlay-type":"","overlay-color":"","overlay-opacity":"","overlay-gradient":""},"tablet":{"background-color":"var(--ast-global-color-5)","background-image":"","background-repeat":"repeat","background-position":"center center","background-size":"auto","background-attachment":"scroll","background-type":"","background-media":"","overlay-type":"","overlay-color":"","overlay-opacity":"","overlay-gradient":""},"mobile":{"background-color":"var(--ast-global-color-5)","background-image":"","background-repeat":"repeat","background-position":"center center","background-size":"auto","background-attachment":"scroll","background-type":"","background-media":"","overlay-type":"","overlay-color":"","overlay-opacity":"","overlay-gradient":""}}},"product_brand":[],"product_cat":[2034,2032],"product_tag":[2074,2071,2043,2041,2078,2075,2042,2079,2080,2044],"class_list":{"0":"post-2122","1":"product","2":"type-product","3":"status-publish","4":"has-post-thumbnail","6":"product_cat-dry-type-power-transformer","7":"product_cat-electrical-equipment","8":"product_tag-cast-resin-transformer","9":"product_tag-dry-type-transformer","10":"product_tag-electrical-equipment","11":"product_tag-energy-efficient-transformer","12":"product_tag-epoxy-transformer","13":"product_tag-indoor-transformer","14":"product_tag-power-transformer","15":"product_tag-scb13-transformer","16":"product_tag-smart-transformer","17":"product_tag-transformer-manufacturer","18":"desktop-align-left","19":"tablet-align-left","20":"mobile-align-left","22":"first","23":"instock","24":"shipping-taxable","25":"product-type-simple"},"_links":{"self":[{"href":"https:\/\/www.wonzh.com\/vi\/wp-json\/wp\/v2\/product\/2122","targetHints":{"allow":["GET"]}}],"collection":[{"href":"https:\/\/www.wonzh.com\/vi\/wp-json\/wp\/v2\/product"}],"about":[{"href":"https:\/\/www.wonzh.com\/vi\/wp-json\/wp\/v2\/types\/product"}],"replies":[{"embeddable":true,"href":"https:\/\/www.wonzh.com\/vi\/wp-json\/wp\/v2\/comments?post=2122"}],"wp:featuredmedia":[{"embeddable":true,"href":"https:\/\/www.wonzh.com\/vi\/wp-json\/wp\/v2\/media\/2119"}],"wp:attachment":[{"href":"https:\/\/www.wonzh.com\/vi\/wp-json\/wp\/v2\/media?parent=2122"}],"wp:term":[{"taxonomy":"product_brand","embeddable":true,"href":"https:\/\/www.wonzh.com\/vi\/wp-json\/wp\/v2\/product_brand?post=2122"},{"taxonomy":"product_cat","embeddable":true,"href":"https:\/\/www.wonzh.com\/vi\/wp-json\/wp\/v2\/product_cat?post=2122"},{"taxonomy":"product_tag","embeddable":true,"href":"https:\/\/www.wonzh.com\/vi\/wp-json\/wp\/v2\/product_tag?post=2122"}],"curies":[{"name":"wp","href":"https:\/\/api.w.org\/{rel}","templated":true}]}}