{"id":2118,"date":"2026-04-28T14:17:30","date_gmt":"2026-04-28T14:17:30","guid":{"rendered":"https:\/\/www.wonzh.com\/?post_type=product&#038;p=2118"},"modified":"2026-04-29T16:14:59","modified_gmt":"2026-04-29T16:14:59","slug":"scb11-epoxy-resin-cast-dry-type-transformer","status":"publish","type":"product","link":"https:\/\/www.wonzh.com\/vi\/product\/scb11-epoxy-resin-cast-dry-type-transformer\/","title":{"rendered":"M\u00e1y bi\u1ebfn \u00e1p \u0111i\u1ec7n lo\u1ea1i kh\u00f4 \u0111\u00fac b\u1eb1ng nh\u1ef1a epoxy SCB11 (lo\u1ea1i t\u1ed5n th\u1ea5t th\u1ea5p v\u00e0 ti\u1ebft ki\u1ec7m n\u0103ng l\u01b0\u1ee3ng)"},"content":{"rendered":"<p data-start=\"235\" data-end=\"430\"><img fetchpriority=\"high\" decoding=\"async\" class=\"size-medium wp-image-2120 alignright\" src=\"https:\/\/www.wonzh.com\/wp-content\/uploads\/2026\/04\/SCB11-Epoxy-Resin-Cast-Dry-Type-Power-Transformer-Low-Loss-Energy-Efficient-Type-3-300x300.png\" alt=\"\" width=\"300\" height=\"300\" srcset=\"https:\/\/www.wonzh.com\/wp-content\/uploads\/2026\/04\/SCB11-Epoxy-Resin-Cast-Dry-Type-Power-Transformer-Low-Loss-Energy-Efficient-Type-3-300x300.png 300w, https:\/\/www.wonzh.com\/wp-content\/uploads\/2026\/04\/SCB11-Epoxy-Resin-Cast-Dry-Type-Power-Transformer-Low-Loss-Energy-Efficient-Type-3-150x150.png 150w, https:\/\/www.wonzh.com\/wp-content\/uploads\/2026\/04\/SCB11-Epoxy-Resin-Cast-Dry-Type-Power-Transformer-Low-Loss-Energy-Efficient-Type-3-768x768.png 768w, https:\/\/www.wonzh.com\/wp-content\/uploads\/2026\/04\/SCB11-Epoxy-Resin-Cast-Dry-Type-Power-Transformer-Low-Loss-Energy-Efficient-Type-3-12x12.png 12w, https:\/\/www.wonzh.com\/wp-content\/uploads\/2026\/04\/SCB11-Epoxy-Resin-Cast-Dry-Type-Power-Transformer-Low-Loss-Energy-Efficient-Type-3-600x600.png 600w, https:\/\/www.wonzh.com\/wp-content\/uploads\/2026\/04\/SCB11-Epoxy-Resin-Cast-Dry-Type-Power-Transformer-Low-Loss-Energy-Efficient-Type-3-100x100.png 100w, https:\/\/www.wonzh.com\/wp-content\/uploads\/2026\/04\/SCB11-Epoxy-Resin-Cast-Dry-Type-Power-Transformer-Low-Loss-Energy-Efficient-Type-3.png 1000w\" sizes=\"(max-width: 300px) 100vw, 300px\" \/>M\u00e1y bi\u1ebfn \u00e1p ki\u1ec3u kh\u00f4 \u0111\u00fac b\u1eb1ng nh\u1ef1a epoxy SCB11 l\u00e0 phi\u00ean b\u1ea3n n\u00e2ng c\u1ea5p c\u1ee7a d\u00f2ng SCB10, \u0111\u01b0\u1ee3c thi\u1ebft k\u1ebf v\u1edbi t\u1ed5n th\u1ea5t th\u1ea5p h\u01a1n, hi\u1ec7u su\u1ea5t n\u0103ng l\u01b0\u1ee3ng cao h\u01a1n v\u00e0 \u0111\u1ed9 tin c\u1eady v\u1eadn h\u00e0nh \u0111\u01b0\u1ee3c c\u1ea3i thi\u1ec7n.<\/p>\n<p data-start=\"432\" data-end=\"605\">\u0110\u01b0\u1ee3c s\u1ea3n xu\u1ea5t b\u1eb1ng c\u00f4ng ngh\u1ec7 \u0111\u00fac ti\u00ean ti\u1ebfn, v\u1eadt li\u1ec7u ch\u1ea5t l\u01b0\u1ee3ng cao v\u00e0 quy tr\u00ecnh s\u1ea3n xu\u1ea5t ch\u00ednh x\u00e1c, s\u1ea3n ph\u1ea9m n\u00e0y mang l\u1ea1i hi\u1ec7u su\u1ea5t \u0111i\u1ec7n tuy\u1ec7t v\u1eddi v\u00e0 tu\u1ed5i th\u1ecd cao.<\/p>\n<p data-start=\"607\" data-end=\"749\">Bi\u1ebfn \u00e1p n\u00e0y kh\u00f4ng s\u1eed d\u1ee5ng d\u1ea7u, c\u00f3 kh\u1ea3 n\u0103ng ch\u1ed1ng ch\u00e1y v\u00e0 th\u00e2n thi\u1ec7n v\u1edbi m\u00f4i tr\u01b0\u1eddng, n\u00ean r\u1ea5t ph\u00f9 h\u1ee3p cho c\u00e1c \u1ee9ng d\u1ee5ng trong nh\u00e0 v\u00e0 c\u00e1c \u1ee9ng d\u1ee5ng \u0111\u00f2i h\u1ecfi ti\u00eau chu\u1ea9n an to\u00e0n cao.<\/p>\n<p data-start=\"751\" data-end=\"772\">N\u00f3 \u0111\u01b0\u1ee3c s\u1eed d\u1ee5ng r\u1ed9ng r\u00e3i trong:<\/p>\n<ul data-start=\"773\" data-end=\"923\">\n<li data-section-id=\"ov2w8z\" data-start=\"773\" data-end=\"796\">C\u00e1c t\u00f2a nh\u00e0 cao t\u1ea7ng<\/li>\n<li data-section-id=\"1yjht70\" data-start=\"797\" data-end=\"819\">Trung t\u00e2m th\u01b0\u01a1ng m\u1ea1i<\/li>\n<li data-section-id=\"1usaqco\" data-start=\"820\" data-end=\"844\">S\u00e2n bay v\u00e0 \u0111\u01b0\u1eddng h\u1ea7m<\/li>\n<li data-section-id=\"11epkig\" data-start=\"845\" data-end=\"864\">Nh\u00e0 m\u00e1y h\u00f3a ch\u1ea5t<\/li>\n<li data-section-id=\"qf2vj0\" data-start=\"865\" data-end=\"891\">Nh\u00e0 m\u00e1y \u0111i\u1ec7n h\u1ea1t nh\u00e2n<\/li>\n<li data-section-id=\"5nxb0l\" data-start=\"892\" data-end=\"923\">H\u1ec7 th\u1ed1ng h\u00e0ng h\u1ea3i v\u00e0 ngo\u00e0i kh\u01a1i<\/li>\n<\/ul>\n<hr data-start=\"925\" data-end=\"928\" \/>\n<h2 data-section-id=\"g4vs8k\" data-start=\"930\" data-end=\"956\">\ud83d\udd39 Tu\u00e2n th\u1ee7 c\u00e1c ti\u00eau chu\u1ea9n<\/h2>\n<ul data-start=\"958\" data-end=\"1274\">\n<li data-section-id=\"1t9ehtv\" data-start=\"958\" data-end=\"1008\">IEC 60076-11 \u2013 M\u00e1y bi\u1ebfn \u00e1p \u0111i\u1ec7n lo\u1ea1i kh\u00f4<\/li>\n<li data-section-id=\"1cu5kzl\" data-start=\"1009\" data-end=\"1049\">GB\/T 1094.1 \u2013 M\u00e1y bi\u1ebfn \u00e1p \u0111i\u1ec7n<\/li>\n<li data-section-id=\"12jd1ed\" data-start=\"1050\" data-end=\"1094\">GB\/T 1094.11 \u2013 M\u00e1y bi\u1ebfn \u00e1p kh\u00f4<\/li>\n<li data-section-id=\"2b1ch6\" data-start=\"1095\" data-end=\"1164\">GB\/T 10228 \u2013 Y\u00eau c\u1ea7u k\u1ef9 thu\u1eadt \u0111\u1ed1i v\u1edbi m\u00e1y bi\u1ebfn \u00e1p kh\u00f4<\/li>\n<li data-section-id=\"1nzvw4u\" data-start=\"1165\" data-end=\"1224\">JB\/T 10088 \u2013 M\u1ee9c \u0111\u1ed9 ti\u1ebfng \u1ed3n c\u1ee7a m\u00e1y bi\u1ebfn \u00e1p 6 kV\u2013500 kV<\/li>\n<li data-section-id=\"16sztuj\" data-start=\"1225\" data-end=\"1274\">GB 20052-2020 \u2013 Ti\u00eau chu\u1ea9n hi\u1ec7u qu\u1ea3 n\u0103ng l\u01b0\u1ee3ng<\/li>\n<\/ul>\n<hr data-start=\"1276\" data-end=\"1279\" \/>\n<h2 data-section-id=\"17fvu7l\" data-start=\"1281\" data-end=\"1299\">\ud83d\udd39 C\u00e1c t\u00ednh n\u0103ng ch\u00ednh<\/h2>\n<h3 data-section-id=\"1bk7ou6\" data-start=\"1301\" data-end=\"1331\">\u2714 Hi\u1ec7u su\u1ea5t n\u0103ng l\u01b0\u1ee3ng cao h\u01a1n<\/h3>\n<ul data-start=\"1332\" data-end=\"1458\">\n<li data-section-id=\"1c5yyc9\" data-start=\"1332\" data-end=\"1376\">M\u1ea5t m\u00e1t kh\u00f4ng t\u1ea3i v\u00e0 c\u00f3 t\u1ea3i th\u1ea5p h\u01a1n so v\u1edbi SCB10<\/li>\n<li data-section-id=\"13bj96\" data-start=\"1377\" data-end=\"1420\">\u0110\u00e1p \u1ee9ng c\u00e1c y\u00eau c\u1ea7u ti\u1ebft ki\u1ec7m n\u0103ng l\u01b0\u1ee3ng hi\u1ec7n \u0111\u1ea1i<\/li>\n<li data-section-id=\"1362i6d\" data-start=\"1421\" data-end=\"1458\">Gi\u00fap gi\u1ea3m chi ph\u00ed v\u1eadn h\u00e0nh theo th\u1eddi gian<\/li>\n<\/ul>\n<hr data-start=\"1460\" data-end=\"1463\" \/>\n<h3 data-section-id=\"xrppzx\" data-start=\"1465\" data-end=\"1500\">\u2714 \u0110\u1ed9 an to\u00e0n cao &amp; Ch\u1ed1ng ch\u00e1y<\/h3>\n<ul data-start=\"1501\" data-end=\"1635\">\n<li data-section-id=\"2hl2rz\" data-start=\"1501\" data-end=\"1544\">Thi\u1ebft k\u1ebf kh\u00f4ng d\u00f9ng d\u1ea7u gi\u00fap lo\u1ea1i b\u1ecf nguy c\u01a1 h\u1ecfa ho\u1ea1n<\/li>\n<li data-section-id=\"1iz7znm\" data-start=\"1545\" data-end=\"1587\">Kh\u00f4ng \u0111\u1ed9c h\u1ea1i v\u00e0 th\u00e2n thi\u1ec7n v\u1edbi m\u00f4i tr\u01b0\u1eddng<\/li>\n<li data-section-id=\"1hbfpug\" data-start=\"1588\" data-end=\"1635\">Th\u00edch h\u1ee3p \u0111\u1ec3 l\u1eafp \u0111\u1eb7t g\u1ea7n c\u00e1c trung t\u00e2m t\u1ea3i<\/li>\n<\/ul>\n<hr data-start=\"1637\" data-end=\"1640\" \/>\n<h3 data-section-id=\"d5sgrf\" data-start=\"1642\" data-end=\"1684\">\u2714 \u0110\u1ed9 tin c\u1eady cao &amp; Tu\u1ed5i th\u1ecd d\u00e0i<\/h3>\n<ul data-start=\"1685\" data-end=\"1804\">\n<li data-section-id=\"bi6h0g\" data-start=\"1685\" data-end=\"1725\">Quy tr\u00ecnh \u0111\u00fac nh\u1ef1a epoxy ti\u00ean ti\u1ebfn<\/li>\n<li data-section-id=\"1c490t9\" data-start=\"1726\" data-end=\"1757\">M\u1ee9c ph\u00f3ng \u0111i\u1ec7n c\u1ee5c b\u1ed9 th\u1ea5p<\/li>\n<li data-section-id=\"1dwz9yg\" data-start=\"1758\" data-end=\"1804\">\u0110\u1ed9 \u1ed5n \u0111\u1ecbnh nhi\u1ec7t v\u00e0 \u0111\u1ed9 b\u1ec1n tuy\u1ec7t v\u1eddi<\/li>\n<\/ul>\n<hr data-start=\"1806\" data-end=\"1809\" \/>\n<h3 data-section-id=\"l9y0hl\" data-start=\"1811\" data-end=\"1843\">\u2714 Kh\u1ea3 n\u0103ng ch\u1ecbu qu\u00e1 t\u1ea3i cao<\/h3>\n<ul data-start=\"1844\" data-end=\"1927\">\n<li data-section-id=\"15of4r\" data-start=\"1844\" data-end=\"1872\">H\u1ec7 th\u1ed1ng l\u00e0m m\u00e1t hi\u1ec7u qu\u1ea3<\/li>\n<li data-section-id=\"1i5hu2f\" data-start=\"1873\" data-end=\"1927\">H\u1ed7 tr\u1ee3 l\u00e0m m\u00e1t b\u1eb1ng qu\u1ea1t gi\u00f3 \u0111\u1ec3 t\u0103ng c\u00f4ng su\u1ea5t<\/li>\n<\/ul>\n<hr data-start=\"1929\" data-end=\"1932\" \/>\n<h3 data-section-id=\"u1jwb0\" data-start=\"1934\" data-end=\"1979\">\u2714 Ch\u1ed1ng \u1ea9m v\u00e0 ch\u1ecbu \u0111\u01b0\u1ee3c m\u00f4i tr\u01b0\u1eddng kh\u1eafc nghi\u1ec7t<\/h3>\n<ul data-start=\"1980\" data-end=\"2084\">\n<li data-section-id=\"if9zqc\" data-start=\"1980\" data-end=\"2033\">Hi\u1ec7u su\u1ea5t v\u01b0\u1ee3t tr\u1ed9i trong \u0111i\u1ec1u ki\u1ec7n \u0111\u1ed9 \u1ea9m cao<\/li>\n<li data-section-id=\"1o770jo\" data-start=\"2034\" data-end=\"2084\">Ph\u00f9 h\u1ee3p v\u1edbi c\u00e1c m\u00f4i tr\u01b0\u1eddng c\u00f4ng nghi\u1ec7p kh\u1eafc nghi\u1ec7t<\/li>\n<\/ul>\n<hr data-start=\"2086\" data-end=\"2089\" \/>\n<h3 data-section-id=\"5dsqk\" data-start=\"2091\" data-end=\"2126\">\u2714 H\u1ec7 th\u1ed1ng gi\u00e1m s\u00e1t th\u00f4ng minh<\/h3>\n<ul data-start=\"2127\" data-end=\"2269\">\n<li data-section-id=\"uteb38\" data-start=\"2127\" data-end=\"2175\">Gi\u00e1m s\u00e1t nhi\u1ec7t \u0111\u1ed9 cu\u1ed9n d\u00e2y theo th\u1eddi gian th\u1ef1c<\/li>\n<li data-section-id=\"143wrmj\" data-start=\"2176\" data-end=\"2201\">\u0110i\u1ec1u khi\u1ec3n qu\u1ea1t t\u1ef1 \u0111\u1ed9ng<\/li>\n<li data-section-id=\"36ajnw\" data-start=\"2202\" data-end=\"2231\">B\u00e1o \u0111\u1ed9ng v\u00e0 b\u1ea3o v\u1ec7 ng\u1eaft m\u1ea1ch<\/li>\n<li data-section-id=\"1yt3w6j\" data-start=\"2232\" data-end=\"2269\">H\u1ec7 th\u1ed1ng gi\u00e1m s\u00e1t t\u1eeb xa (t\u00f9y ch\u1ecdn)<\/li>\n<\/ul>\n<hr data-start=\"2271\" data-end=\"2274\" \/>\n<h3 data-section-id=\"129yrz8\" data-start=\"2276\" data-end=\"2319\">\u2714 L\u1eafp \u0111\u1eb7t g\u1ecdn nh\u1eb9 v\u00e0 ti\u1ebft ki\u1ec7m chi ph\u00ed<\/h3>\n<ul data-start=\"2320\" data-end=\"2390\">\n<li data-section-id=\"z73dtz\" data-start=\"2320\" data-end=\"2350\">K\u00edch th\u01b0\u1edbc nh\u1ecf g\u1ecdn v\u00e0 tr\u1ecdng l\u01b0\u1ee3ng nh\u1eb9<\/li>\n<li data-section-id=\"1ed73f8\" data-start=\"2351\" data-end=\"2390\">Gi\u1ea3m di\u1ec7n t\u00edch l\u1eafp \u0111\u1eb7t v\u00e0 chi ph\u00ed<\/li>\n<\/ul>\n<hr data-start=\"2392\" data-end=\"2395\" \/>\n<h2 data-section-id=\"1hq6i26\" data-start=\"2397\" data-end=\"2420\">\ud83d\udd39 Thi\u1ebft k\u1ebf k\u1ebft c\u1ea5u<\/h2>\n<h3 data-section-id=\"1oaxluj\" data-start=\"2422\" data-end=\"2449\">\ud83d\udd38 Cu\u1ed9n d\u00e2y cao \u00e1p<\/h3>\n<ul data-start=\"2450\" data-end=\"2586\">\n<li data-section-id=\"1rs2wlq\" data-start=\"2450\" data-end=\"2488\">D\u00e2y d\u1eabn b\u1eb1ng l\u00e1 \u0111\u1ed3ng kh\u00f4ng ch\u1ee9a oxy<\/li>\n<li data-section-id=\"3ff1a0\" data-start=\"2489\" data-end=\"2518\">H\u1ec7 th\u1ed1ng c\u00e1ch nhi\u1ec7t lo\u1ea1i F<\/li>\n<li data-section-id=\"4z6hz8\" data-start=\"2519\" data-end=\"2555\">C\u1ea5u tr\u00fac gia c\u1ed1 b\u1eb1ng s\u1ee3i th\u1ee7y tinh<\/li>\n<li data-section-id=\"dv6lws\" data-start=\"2556\" data-end=\"2586\">\u0110\u00fac nh\u1ef1a epoxy ch\u00e2n kh\u00f4ng<\/li>\n<\/ul>\n<p data-start=\"2588\" data-end=\"2599\">\u27a1 L\u1ee3i \u00edch:<\/p>\n<ul data-start=\"2600\" data-end=\"2691\">\n<li data-section-id=\"19zadxp\" data-start=\"2600\" data-end=\"2628\">\u0110\u1ed9 b\u1ec1n \u0111i\u1ec7n cao<\/li>\n<li data-section-id=\"6ehatn\" data-start=\"2629\" data-end=\"2654\">Ph\u00f3ng \u0111i\u1ec7n c\u1ee5c b\u1ed9 m\u1ee9c th\u1ea5p<\/li>\n<li data-section-id=\"1b4urz8\" data-start=\"2655\" data-end=\"2691\">Kh\u1ea3 n\u0103ng c\u00e1ch nhi\u1ec7t tuy\u1ec7t v\u1eddi<\/li>\n<\/ul>\n<hr data-start=\"2693\" data-end=\"2696\" \/>\n<h3 data-section-id=\"vz1dz5\" data-start=\"2698\" data-end=\"2724\">\ud83d\udd38 Cu\u1ed9n d\u00e2y \u0111i\u1ec7n \u00e1p th\u1ea5p<\/h3>\n<ul data-start=\"2725\" data-end=\"2845\">\n<li data-section-id=\"1maj4yk\" data-start=\"2725\" data-end=\"2772\">Cu\u1ed9n d\u00e2y l\u00e1 \u0111\u1ed3ng c\u00f3 l\u1edbp c\u00e1ch \u0111i\u1ec7n lo\u1ea1i F<\/li>\n<li data-section-id=\"10wylr8\" data-start=\"2773\" data-end=\"2803\">\u1ed0ng d\u1eabn kh\u00ed l\u00e0m m\u00e1t t\u00edch h\u1ee3p<\/li>\n<li data-section-id=\"vblrvo\" data-start=\"2804\" data-end=\"2845\">Ph\u1ee7 l\u1edbp nh\u1ef1a \u0111\u1ec3 t\u0103ng c\u01b0\u1eddng \u0111\u1ed9 b\u1ec1n<\/li>\n<\/ul>\n<p data-start=\"2847\" data-end=\"2858\">\u27a1 Cung c\u1ea5p:<\/p>\n<ul data-start=\"2859\" data-end=\"2925\">\n<li data-section-id=\"u66b5g\" data-start=\"2859\" data-end=\"2894\">Kh\u1ea3 n\u0103ng ch\u1ed1ng ng\u1eafn m\u1ea1ch cao<\/li>\n<li data-section-id=\"7gsig0\" data-start=\"2895\" data-end=\"2925\">T\u1ea3n nhi\u1ec7t hi\u1ec7u qu\u1ea3<\/li>\n<\/ul>\n<hr data-start=\"2927\" data-end=\"2930\" \/>\n<h3 data-section-id=\"mp6v7c\" data-start=\"2932\" data-end=\"2943\">\ud83d\udd38 C\u1ed1t l\u00f5i<\/h3>\n<ul data-start=\"2944\" data-end=\"3064\">\n<li data-section-id=\"1i8lzu9\" data-start=\"2944\" data-end=\"3001\">Th\u00e9p silic c\u00e1n ngu\u1ed9i \u0111\u1ecbnh h\u01b0\u1edbng h\u1ea1t ch\u1ea5t l\u01b0\u1ee3ng cao<\/li>\n<li data-section-id=\"18m9khk\" data-start=\"3002\" data-end=\"3034\">C\u1ea5u tr\u00fac m\u1ed1i n\u1ed1i ch\u1ed3ng m\u00e9p g\u00f3c 45\u00b0<\/li>\n<li data-section-id=\"1gp9gfs\" data-start=\"3035\" data-end=\"3064\">H\u1ec7 th\u1ed1ng k\u1eb9p c\u1eaft b\u1eb1ng laser<\/li>\n<\/ul>\n<p data-start=\"3066\" data-end=\"3077\">\u27a1 T\u00ednh n\u0103ng:<\/p>\n<ul data-start=\"3078\" data-end=\"3145\">\n<li data-section-id=\"tkh7rp\" data-start=\"3078\" data-end=\"3098\">M\u1ea5t m\u00e1t kh\u00f4ng t\u1ea3i th\u1ea5p<\/li>\n<li data-section-id=\"1gveydu\" data-start=\"3099\" data-end=\"3116\">Gi\u1ea3m ti\u1ebfng \u1ed3n<\/li>\n<li data-section-id=\"1s47fpa\" data-start=\"3117\" data-end=\"3145\">\u0110\u1ed9 b\u1ec1n k\u1ebft c\u1ea5u cao<\/li>\n<\/ul>\n<hr data-start=\"3147\" data-end=\"3150\" \/>\n<h2 data-section-id=\"15du31k\" data-start=\"3152\" data-end=\"3170\">\ud83d\udd39 \u1ee8ng d\u1ee5ng<\/h2>\n<ul data-start=\"3172\" data-end=\"3353\">\n<li data-section-id=\"kec6b0\" data-start=\"3172\" data-end=\"3210\">C\u00e1c t\u00f2a nh\u00e0 v\u00e0 khu ph\u1ee9c h\u1ee3p th\u01b0\u01a1ng m\u1ea1i<\/li>\n<li data-section-id=\"1b8blr8\" data-start=\"3211\" data-end=\"3241\">S\u00e2n bay v\u00e0 h\u1ec7 th\u1ed1ng t\u00e0u \u0111i\u1ec7n ng\u1ea7m<\/li>\n<li data-section-id=\"x7ouso\" data-start=\"3242\" data-end=\"3287\">C\u00e1c nh\u00e0 m\u00e1y c\u00f4ng nghi\u1ec7p v\u00e0 ng\u00e0nh c\u00f4ng nghi\u1ec7p h\u00f3a ch\u1ea5t<\/li>\n<li data-section-id=\"eogvhd\" data-start=\"3288\" data-end=\"3316\">Ph\u00f2ng ph\u00e2n ph\u1ed1i \u0111i\u1ec7n<\/li>\n<li data-section-id=\"1ggvioq\" data-start=\"3317\" data-end=\"3353\">C\u00e1c \u1ee9ng d\u1ee5ng ngo\u00e0i kh\u01a1i v\u00e0 h\u00e0ng h\u1ea3i<\/li>\n<\/ul>\n<hr data-start=\"3355\" data-end=\"3358\" \/>\n<h2 data-section-id=\"1rg4wz9\" data-start=\"3360\" data-end=\"3384\">\ud83d\udd39 T\u00f3m t\u1eaft c\u00e1c \u01b0u \u0111i\u1ec3m<\/h2>\n<ul data-start=\"3386\" data-end=\"3610\">\n<li data-section-id=\"4478bs\" data-start=\"3386\" data-end=\"3411\">M\u1ee9c t\u1ed5n th\u1ea5t th\u1ea5p h\u01a1n so v\u1edbi SCB10<\/li>\n<li data-section-id=\"1s4bb9e\" data-start=\"3412\" data-end=\"3458\">Ti\u1ebft ki\u1ec7m n\u0103ng l\u01b0\u1ee3ng v\u00e0 th\u00e2n thi\u1ec7n v\u1edbi m\u00f4i tr\u01b0\u1eddng<\/li>\n<li data-section-id=\"swjw0r\" data-start=\"3459\" data-end=\"3493\">Ch\u1ed1ng ch\u00e1y v\u00e0 kh\u00f4ng c\u1ea7n b\u1ea3o tr\u00ec<\/li>\n<li data-section-id=\"vhoyyl\" data-start=\"3494\" data-end=\"3532\">\u0110\u1ed9 tin c\u1eady cao v\u00e0 tu\u1ed5i th\u1ecd d\u00e0i<\/li>\n<li data-section-id=\"oc6tql\" data-start=\"3533\" data-end=\"3564\">Kh\u1ea3 n\u0103ng gi\u00e1m s\u00e1t th\u00f4ng minh<\/li>\n<li data-section-id=\"1tttck1\" data-start=\"3565\" data-end=\"3610\">Ph\u00f9 h\u1ee3p cho c\u00e1c \u1ee9ng d\u1ee5ng quan tr\u1ecdng trong nh\u00e0<\/li>\n<\/ul>\n<hr data-start=\"3612\" data-end=\"3615\" \/>\n<h1 data-section-id=\"1lxd8kj\" data-start=\"3617\" data-end=\"3624\">\u2753 C\u00e2u h\u1ecfi th\u01b0\u1eddng g\u1eb7p<\/h1>\n<h3 data-section-id=\"gnwdjm\" data-start=\"3626\" data-end=\"3694\">1\ufe0f\u20e3 S\u1ef1 kh\u00e1c bi\u1ec7t gi\u1eefa m\u00e1y bi\u1ebfn \u00e1p SCB10 v\u00e0 SCB11 l\u00e0 g\u00ec?<\/h3>\n<p data-start=\"3696\" data-end=\"3791\">M\u00e1y bi\u1ebfn \u00e1p SCB11 c\u00f3 t\u1ed5n th\u1ea5t th\u1ea5p h\u01a1n v\u00e0 hi\u1ec7u su\u1ea5t n\u0103ng l\u01b0\u1ee3ng cao h\u01a1n so v\u1edbi SCB10.<\/p>\n<p data-start=\"3793\" data-end=\"3894\">\ud83d\udc49 S\u1ea3n ph\u1ea9m n\u00e0y ph\u00f9 h\u1ee3p h\u01a1n v\u1edbi c\u00e1c d\u1ef1 \u00e1n y\u00eau c\u1ea7u hi\u1ec7u su\u1ea5t ti\u1ebft ki\u1ec7m n\u0103ng l\u01b0\u1ee3ng v\u00e0 gi\u1ea3m chi ph\u00ed trong d\u00e0i h\u1ea1n.<\/p>\n<hr data-start=\"3896\" data-end=\"3899\" \/>\n<h3 data-section-id=\"17jktbc\" data-start=\"3901\" data-end=\"3951\">2\ufe0f\u20e3 SCB11 c\u00f3 ph\u00f9 h\u1ee3p \u0111\u1ec3 l\u1eafp \u0111\u1eb7t trong nh\u00e0 kh\u00f4ng?<\/h3>\n<p data-start=\"3953\" data-end=\"4001\">\u0110\u00fang v\u1eady, s\u1ea3n ph\u1ea9m n\u00e0y \u0111\u01b0\u1ee3c thi\u1ebft k\u1ebf ri\u00eang cho vi\u1ec7c s\u1eed d\u1ee5ng trong nh\u00e0:<\/p>\n<ul data-start=\"4002\" data-end=\"4083\">\n<li data-section-id=\"1lbhprg\" data-start=\"4002\" data-end=\"4020\">Ch\u1ed1ng ch\u00e1y<\/li>\n<li data-section-id=\"1rtbpgg\" data-start=\"4021\" data-end=\"4044\">Kh\u00f4ng c\u00f3 nguy c\u01a1 r\u00f2 r\u1ec9 d\u1ea7u<\/li>\n<li data-section-id=\"sr2uf3\" data-start=\"4045\" data-end=\"4083\">An to\u00e0n cho c\u00e1c m\u00f4i tr\u01b0\u1eddng c\u00f3 m\u1eadt \u0111\u1ed9 cao<\/li>\n<\/ul>\n<p data-start=\"4085\" data-end=\"4147\">\ud83d\udc49 R\u1ea5t ph\u00f9 h\u1ee3p cho c\u00e1c t\u00f2a nh\u00e0 th\u01b0\u01a1ng m\u1ea1i v\u00e0 c\u00e1c d\u1ef1 \u00e1n h\u1ea1 t\u1ea7ng.<\/p>\n<hr data-start=\"4149\" data-end=\"4152\" \/>\n<h3 data-section-id=\"dwut0p\" data-start=\"4154\" data-end=\"4203\">3\ufe0f\u20e3 M\u00e1y bi\u1ebfn \u00e1p c\u00f3 c\u1ea7n b\u1ea3o tr\u00ec kh\u00f4ng?<\/h3>\n<p data-start=\"4205\" data-end=\"4265\">SCB11 l\u00e0 m\u1ed9t m\u00e1y bi\u1ebfn \u00e1p kh\u00f4ng c\u1ea7n b\u1ea3o tr\u00ec, ch\u1ec9 y\u00eau c\u1ea7u:<\/p>\n<ul data-start=\"4266\" data-end=\"4334\">\n<li data-section-id=\"1mj82eg\" data-start=\"4266\" data-end=\"4288\">Ki\u1ec3m tra \u0111\u1ecbnh k\u1ef3<\/li>\n<li data-section-id=\"1vmf05w\" data-start=\"4289\" data-end=\"4334\">Gi\u00e1m s\u00e1t th\u00f4ng qua h\u1ec7 th\u1ed1ng \u0111i\u1ec1u khi\u1ec3n nhi\u1ec7t \u0111\u1ed9<\/li>\n<\/ul>\n<hr data-start=\"4336\" data-end=\"4339\" \/>\n<h3 data-section-id=\"103styt\" data-start=\"4341\" data-end=\"4385\">4\ufe0f\u20e3 C\u00f3 th\u1ec3 t\u00edch h\u1ee3p t\u00ednh n\u0103ng gi\u00e1m s\u00e1t t\u1eeb xa kh\u00f4ng?<\/h3>\n<p data-start=\"4387\" data-end=\"4404\">\u0110\u00fang v\u1eady, n\u00f3 h\u1ed7 tr\u1ee3:<\/p>\n<ul data-start=\"4405\" data-end=\"4518\">\n<li data-section-id=\"13oiu88\" data-start=\"4405\" data-end=\"4431\">Gi\u00e1m s\u00e1t nhi\u1ec7t \u0111\u1ed9<\/li>\n<li data-section-id=\"e5ci2u\" data-start=\"4432\" data-end=\"4447\">\u0110i\u1ec1u khi\u1ec3n qu\u1ea1t<\/li>\n<li data-section-id=\"11u18w2\" data-start=\"4448\" data-end=\"4482\">C\u00e1c ch\u1ee9c n\u0103ng b\u00e1o \u0111\u1ed9ng v\u00e0 b\u1ea3o v\u1ec7<\/li>\n<li data-section-id=\"7vomgq\" data-start=\"4483\" data-end=\"4518\">Giao di\u1ec7n truy\u1ec1n th\u00f4ng t\u1eeb xa<\/li>\n<\/ul>\n<p data-start=\"4520\" data-end=\"4554\">\ud83d\udc49 Cho ph\u00e9p t\u00edch h\u1ee3p l\u01b0\u1edbi \u0111i\u1ec7n th\u00f4ng minh.<\/p>","protected":false},"excerpt":{"rendered":"<p data-start=\"235\" data-end=\"430\">M\u00e1y bi\u1ebfn \u00e1p ki\u1ec3u kh\u00f4 \u0111\u00fac b\u1eb1ng nh\u1ef1a epoxy SCB11 l\u00e0 phi\u00ean b\u1ea3n n\u00e2ng c\u1ea5p c\u1ee7a d\u00f2ng SCB10, \u0111\u01b0\u1ee3c thi\u1ebft k\u1ebf v\u1edbi t\u1ed5n th\u1ea5t th\u1ea5p h\u01a1n, hi\u1ec7u su\u1ea5t n\u0103ng l\u01b0\u1ee3ng cao h\u01a1n v\u00e0 \u0111\u1ed9 tin c\u1eady v\u1eadn h\u00e0nh \u0111\u01b0\u1ee3c c\u1ea3i thi\u1ec7n.<\/p>\n<p data-start=\"432\" data-end=\"605\">\u0110\u01b0\u1ee3c s\u1ea3n xu\u1ea5t b\u1eb1ng c\u00f4ng ngh\u1ec7 \u0111\u00fac ti\u00ean ti\u1ebfn, v\u1eadt li\u1ec7u ch\u1ea5t l\u01b0\u1ee3ng cao v\u00e0 quy tr\u00ecnh s\u1ea3n xu\u1ea5t ch\u00ednh x\u00e1c, s\u1ea3n ph\u1ea9m n\u00e0y mang l\u1ea1i hi\u1ec7u su\u1ea5t \u0111i\u1ec7n tuy\u1ec7t v\u1eddi v\u00e0 tu\u1ed5i th\u1ecd cao.<\/p>\n<p data-start=\"607\" data-end=\"749\">Bi\u1ebfn \u00e1p n\u00e0y kh\u00f4ng s\u1eed d\u1ee5ng d\u1ea7u, c\u00f3 kh\u1ea3 n\u0103ng ch\u1ed1ng ch\u00e1y v\u00e0 th\u00e2n thi\u1ec7n v\u1edbi m\u00f4i tr\u01b0\u1eddng, n\u00ean r\u1ea5t ph\u00f9 h\u1ee3p cho c\u00e1c \u1ee9ng d\u1ee5ng trong nh\u00e0 v\u00e0 c\u00e1c \u1ee9ng d\u1ee5ng \u0111\u00f2i h\u1ecfi ti\u00eau chu\u1ea9n an to\u00e0n cao.<\/p>","protected":false},"featured_media":2120,"comment_status":"open","ping_status":"closed","template":"","meta":{"site-sidebar-layout":"default","site-content-layout":"","ast-site-content-layout":"default","site-content-style":"default","site-sidebar-style":"default","ast-global-header-display":"","ast-banner-title-visibility":"","ast-main-header-display":"","ast-hfb-above-header-display":"","ast-hfb-below-header-display":"","ast-hfb-mobile-header-display":"","site-post-title":"","ast-breadcrumbs-content":"","ast-featured-img":"","footer-sml-layout":"","ast-disable-related-posts":"","theme-transparent-header-meta":"default","adv-header-id-meta":"","stick-header-meta":"","header-above-stick-meta":"","header-main-stick-meta":"","header-below-stick-meta":"","astra-migrate-meta-layouts":"set","ast-page-background-enabled":"default","ast-page-background-meta":{"desktop":{"background-color":"","background-image":"","background-repeat":"repeat","background-position":"center center","background-size":"auto","background-attachment":"scroll","background-type":"","background-media":"","overlay-type":"","overlay-color":"","overlay-opacity":"","overlay-gradient":""},"tablet":{"background-color":"","background-image":"","background-repeat":"repeat","background-position":"center center","background-size":"auto","background-attachment":"scroll","background-type":"","background-media":"","overlay-type":"","overlay-color":"","overlay-opacity":"","overlay-gradient":""},"mobile":{"background-color":"","background-image":"","background-repeat":"repeat","background-position":"center center","background-size":"auto","background-attachment":"scroll","background-type":"","background-media":"","overlay-type":"","overlay-color":"","overlay-opacity":"","overlay-gradient":""}},"ast-content-background-meta":{"desktop":{"background-color":"var(--ast-global-color-5)","background-image":"","background-repeat":"repeat","background-position":"center center","background-size":"auto","background-attachment":"scroll","background-type":"","background-media":"","overlay-type":"","overlay-color":"","overlay-opacity":"","overlay-gradient":""},"tablet":{"background-color":"var(--ast-global-color-5)","background-image":"","background-repeat":"repeat","background-position":"center center","background-size":"auto","background-attachment":"scroll","background-type":"","background-media":"","overlay-type":"","overlay-color":"","overlay-opacity":"","overlay-gradient":""},"mobile":{"background-color":"var(--ast-global-color-5)","background-image":"","background-repeat":"repeat","background-position":"center center","background-size":"auto","background-attachment":"scroll","background-type":"","background-media":"","overlay-type":"","overlay-color":"","overlay-opacity":"","overlay-gradient":""}}},"product_brand":[],"product_cat":[2034,2032],"product_tag":[2074,2071,2043,2041,2078,2075,2042,2076,2077,2044],"class_list":{"0":"post-2118","1":"product","2":"type-product","3":"status-publish","4":"has-post-thumbnail","6":"product_cat-dry-type-power-transformer","7":"product_cat-electrical-equipment","8":"product_tag-cast-resin-transformer","9":"product_tag-dry-type-transformer","10":"product_tag-electrical-equipment","11":"product_tag-energy-efficient-transformer","12":"product_tag-epoxy-transformer","13":"product_tag-indoor-transformer","14":"product_tag-power-transformer","15":"product_tag-safe-transformer","16":"product_tag-scb11-transformer","17":"product_tag-transformer-manufacturer","18":"desktop-align-left","19":"tablet-align-left","20":"mobile-align-left","22":"first","23":"instock","24":"shipping-taxable","25":"product-type-simple"},"_links":{"self":[{"href":"https:\/\/www.wonzh.com\/vi\/wp-json\/wp\/v2\/product\/2118","targetHints":{"allow":["GET"]}}],"collection":[{"href":"https:\/\/www.wonzh.com\/vi\/wp-json\/wp\/v2\/product"}],"about":[{"href":"https:\/\/www.wonzh.com\/vi\/wp-json\/wp\/v2\/types\/product"}],"replies":[{"embeddable":true,"href":"https:\/\/www.wonzh.com\/vi\/wp-json\/wp\/v2\/comments?post=2118"}],"wp:featuredmedia":[{"embeddable":true,"href":"https:\/\/www.wonzh.com\/vi\/wp-json\/wp\/v2\/media\/2120"}],"wp:attachment":[{"href":"https:\/\/www.wonzh.com\/vi\/wp-json\/wp\/v2\/media?parent=2118"}],"wp:term":[{"taxonomy":"product_brand","embeddable":true,"href":"https:\/\/www.wonzh.com\/vi\/wp-json\/wp\/v2\/product_brand?post=2118"},{"taxonomy":"product_cat","embeddable":true,"href":"https:\/\/www.wonzh.com\/vi\/wp-json\/wp\/v2\/product_cat?post=2118"},{"taxonomy":"product_tag","embeddable":true,"href":"https:\/\/www.wonzh.com\/vi\/wp-json\/wp\/v2\/product_tag?post=2118"}],"curies":[{"name":"wp","href":"https:\/\/api.w.org\/{rel}","templated":true}]}}