{"id":1480,"date":"2026-02-03T15:17:38","date_gmt":"2026-02-03T15:17:38","guid":{"rendered":"https:\/\/www.wonzh.com\/?post_type=product&#038;p=1480"},"modified":"2026-02-05T15:25:42","modified_gmt":"2026-02-05T15:25:42","slug":"cac-bo-phan-lot-gom-cho-cac-ung-dung-cong-nghiep-chong-mai-mon","status":"publish","type":"product","link":"https:\/\/www.wonzh.com\/vi\/product\/ceramic-lined-parts-for-abrasion-resistant-industrial-applications\/","title":{"rendered":"C\u00e1c b\u1ed9 ph\u1eadn l\u00f3t g\u1ed1m cho c\u00e1c \u1ee9ng d\u1ee5ng c\u00f4ng nghi\u1ec7p ch\u1ed1ng m\u00e0i m\u00f2n"},"content":{"rendered":"<p data-start=\"580\" data-end=\"910\">C\u00e1c b\u1ed9 ph\u1eadn l\u00f3t g\u1ed1m do Wonzh cung c\u1ea5p \u0111\u01b0\u1ee3c thi\u1ebft k\u1ebf \u0111\u1ec3 ch\u1ecbu \u0111\u01b0\u1ee3c m\u00e0i m\u00f2n nghi\u00eam tr\u1ecdng, va \u0111\u1eadp m\u1ea1nh v\u00e0 m\u00f4i tr\u01b0\u1eddng \u0103n m\u00f2n trong m\u00e1y m\u00f3c c\u00f4ng nghi\u1ec7p. C\u00e1c b\u1ed9 ph\u1eadn n\u00e0y \u0111\u01b0\u1ee3c s\u1eed d\u1ee5ng r\u1ed9ng r\u00e3i trong c\u00e1c ng\u00e0nh khai th\u00e1c m\u1ecf, xi m\u0103ng, th\u00e9p, ch\u1ebf bi\u1ebfn h\u00f3a ch\u1ea5t, s\u1ea3n xu\u1ea5t \u0111i\u1ec7n v\u00e0 thi\u1ebft b\u1ecb x\u1eed l\u00fd v\u1eadt li\u1ec7u \u0111\u1ec3 k\u00e9o d\u00e0i tu\u1ed5i th\u1ecd c\u1ee7a c\u00e1c b\u1ed9 ph\u1eadn ch\u1ecbu m\u00e0i m\u00f2n cao.<\/p>\n<p data-start=\"912\" data-end=\"1304\">C\u00e1c b\u1ed9 ph\u1eadn c\u1ee7a ch\u00fang t\u00f4i k\u1ebft h\u1ee3p gi\u1eefa m\u1ed9t n\u1ec1n kim lo\u1ea1i ch\u1eafc ch\u1eafn (th\u00e9p carbon, th\u00e9p h\u1ee3p kim ho\u1eb7c th\u00e9p kh\u00f4ng g\u1ec9) v\u1edbi l\u1edbp l\u00f3t g\u1ed1m ch\u1ea5t l\u01b0\u1ee3ng cao, mang l\u1ea1i \u0111\u1ed9 c\u1ee9ng v\u01b0\u1ee3t tr\u1ed9i, kh\u1ea3 n\u0103ng ch\u1ed1ng m\u00e0i m\u00f2n v\u00e0 ch\u1ecbu va \u0111\u1eadp t\u1ed1t. Quy tr\u00ecnh s\u1ea3n xu\u1ea5t bao g\u1ed3m gia c\u00f4ng CNC ch\u00ednh x\u00e1c, nh\u00fang g\u1ed1m, k\u1ebft d\u00ednh v\u00e0 ho\u00e0n thi\u1ec7n b\u1ec1 m\u1eb7t, \u0111\u1ea3m b\u1ea3o l\u1edbp l\u00f3t b\u1ec1n b\u1ec9, \u0111\u1ed3ng \u0111\u1ec1u v\u00e0 \u0111\u01b0\u1ee3c k\u1ebft d\u00ednh ch\u1eafc ch\u1eafn v\u1edbi n\u1ec1n kim lo\u1ea1i.<\/p>\n<p data-start=\"1306\" data-end=\"1612\">Wonzh cung c\u1ea5p c\u00e1c b\u1ed9 ph\u1eadn l\u00f3t g\u1ed1m ti\u00eau chu\u1ea9n v\u00e0 t\u00f9y ch\u1ec9nh, \u0111\u01b0\u1ee3c thi\u1ebft k\u1ebf theo y\u00eau c\u1ea7u c\u1ee7a kh\u00e1ch h\u00e0ng, ti\u00eau chu\u1ea9n OEM ho\u1eb7c m\u00f4 h\u00ecnh thi\u1ebft b\u1ecb. \u0110\u1ed9i ng\u0169 k\u1ef9 thu\u1eadt c\u1ee7a ch\u00fang t\u00f4i t\u01b0 v\u1ea5n v\u1ec1 vi\u1ec7c l\u1ef1a ch\u1ecdn v\u1eadt li\u1ec7u g\u1ed1m, \u0111\u1ed9 d\u00e0y, h\u00ecnh d\u1ea1ng v\u00e0 k\u1ef9 thu\u1eadt li\u00ean k\u1ebft \u0111\u1ec3 t\u1ed1i \u01b0u h\u00f3a hi\u1ec7u su\u1ea5t trong \u0111i\u1ec1u ki\u1ec7n ho\u1ea1t \u0111\u1ed9ng kh\u1eafc nghi\u1ec7t.<\/p>\n<h2 data-start=\"1619\" data-end=\"1638\"><strong data-start=\"1622\" data-end=\"1638\">T\u00ednh n\u0103ng ch\u00ednh<\/strong><\/h2>\n<ul data-start=\"1640\" data-end=\"1959\">\n<li data-start=\"1640\" data-end=\"1681\">\n<p data-start=\"1642\" data-end=\"1681\">Kh\u1ea3 n\u0103ng ch\u1ed1ng m\u00e0i m\u00f2n v\u00e0 m\u00f2n v\u01b0\u1ee3t tr\u1ed9i<\/p>\n<\/li>\n<li data-start=\"1682\" data-end=\"1719\">\n<p data-start=\"1684\" data-end=\"1719\">Ch\u1ed1ng va \u0111\u1eadp v\u00e0 \u0103n m\u00f2n<\/p>\n<\/li>\n<li data-start=\"1720\" data-end=\"1780\">\n<p data-start=\"1722\" data-end=\"1780\">Ch\u1ebf t\u1ea1o ch\u00ednh x\u00e1c cao \u0111\u1ec3 \u0111\u1ea3m b\u1ea3o \u0111\u1ed9 kh\u00edt v\u00e0 ch\u1ee9c n\u0103ng \u1ed5n \u0111\u1ecbnh.<\/p>\n<\/li>\n<li data-start=\"1781\" data-end=\"1836\">\n<p data-start=\"1783\" data-end=\"1836\">H\u00ecnh d\u1ea1ng, k\u00edch th\u01b0\u1edbc v\u00e0 \u0111\u1ed9 d\u00e0y g\u1ed1m s\u1ee9 c\u00f3 th\u1ec3 t\u00f9y ch\u1ec9nh.<\/p>\n<\/li>\n<li data-start=\"1837\" data-end=\"1894\">\n<p data-start=\"1839\" data-end=\"1894\">H\u1ed7 tr\u1ee3 s\u1ea3n xu\u1ea5t m\u1eabu th\u1eed, s\u1ea3n xu\u1ea5t s\u1ed1 l\u01b0\u1ee3ng nh\u1ecf v\u00e0 s\u1ea3n xu\u1ea5t h\u00e0ng lo\u1ea1t.<\/p>\n<\/li>\n<li data-start=\"1895\" data-end=\"1959\">\n<p data-start=\"1897\" data-end=\"1959\">K\u00e9o d\u00e0i tu\u1ed5i th\u1ecd c\u1ee7a thi\u1ebft b\u1ecb v\u00e0 gi\u1ea3m chi ph\u00ed b\u1ea3o tr\u00ec.<\/p>\n<\/li>\n<\/ul>\n<h2 data-start=\"1966\" data-end=\"1993\"><strong data-start=\"1969\" data-end=\"1993\">\u1ee8ng d\u1ee5ng \u0111i\u1ec3n h\u00ecnh<\/strong><\/h2>\n<ul data-start=\"1995\" data-end=\"2334\">\n<li data-start=\"1995\" data-end=\"2062\">\n<p data-start=\"1997\" data-end=\"2062\">\u1ed0ng d\u1eabn, ph\u1ec5u v\u00e0 \u1ed1ng c\u1ea5p li\u1ec7u trong ng\u00e0nh khai th\u00e1c m\u1ecf v\u00e0 xi m\u0103ng<\/p>\n<\/li>\n<li data-start=\"2063\" data-end=\"2112\">\n<p data-start=\"2065\" data-end=\"2112\">S\u1eed d\u1ee5ng l\u1edbp l\u00f3t cho m\u00e1y nghi\u1ec1n, m\u00e1y nghi\u1ec1n \u0111\u00e1 v\u00e0 m\u00e1y xay.<\/p>\n<\/li>\n<li data-start=\"2113\" data-end=\"2158\">\n<p data-start=\"2115\" data-end=\"2158\">B\u01a1m v\u00e0 van x\u1eed l\u00fd b\u00f9n m\u00e0i m\u00f2n<\/p>\n<\/li>\n<li data-start=\"2159\" data-end=\"2210\">\n<p data-start=\"2161\" data-end=\"2210\">Thi\u1ebft b\u1ecb x\u1eed l\u00fd v\u1eadt li\u1ec7u v\u00e0 thi\u1ebft b\u1ecb x\u1eed l\u00fd h\u00e0ng h\u00f3a s\u1ed1 l\u01b0\u1ee3ng l\u1edbn<\/p>\n<\/li>\n<li data-start=\"2211\" data-end=\"2266\">\n<p data-start=\"2213\" data-end=\"2266\">Thi\u1ebft b\u1ecb ph\u00e1t \u0111i\u1ec7n v\u00e0 \u0111\u01b0\u1eddng \u1ed1ng c\u00f4ng nghi\u1ec7p<\/p>\n<\/li>\n<li data-start=\"2267\" data-end=\"2334\">\n<p data-start=\"2269\" data-end=\"2334\">Thi\u1ebft b\u1ecb h\u00f3a ch\u1ea5t v\u00e0 thi\u1ebft b\u1ecb x\u1eed l\u00fd ti\u1ebfp x\u00fac v\u1edbi m\u00e0i m\u00f2n v\u00e0 \u0103n m\u00f2n<\/p>\n<\/li>\n<\/ul>\n<h2 data-start=\"2341\" data-end=\"2382\"><strong data-start=\"2344\" data-end=\"2382\">C\u00e1c lo\u1ea1i b\u1ed9 ph\u1eadn c\u00f3 l\u1edbp l\u00f3t g\u1ed1m m\u00e0 ch\u00fang t\u00f4i cung c\u1ea5p<\/strong><\/h2>\n<div class=\"TyagGW_tableContainer\">\n<div class=\"group TyagGW_tableWrapper flex flex-col-reverse w-fit\" tabindex=\"-1\">\n<table class=\"w-fit min-w-(--thread-content-width)\" data-start=\"2384\" data-end=\"2969\">\n<thead data-start=\"2384\" data-end=\"2430\">\n<tr data-start=\"2384\" data-end=\"2430\">\n<th data-start=\"2384\" data-end=\"2401\" data-col-size=\"sm\">Lo\u1ea1i th\u00e0nh ph\u1ea7n<\/th>\n<th data-start=\"2401\" data-end=\"2415\" data-col-size=\"md\">M\u00f4 t\u1ea3<\/th>\n<th data-start=\"2415\" data-end=\"2430\" data-col-size=\"sm\">S\u1eed d\u1ee5ng th\u00f4ng th\u01b0\u1eddng<\/th>\n<\/tr>\n<\/thead>\n<tbody data-start=\"2445\" data-end=\"2969\">\n<tr data-start=\"2445\" data-end=\"2543\">\n<td data-start=\"2445\" data-end=\"2473\" data-col-size=\"sm\"><strong data-start=\"2447\" data-end=\"2472\">L\u1edbp l\u00f3t ph\u1ec5u \/ \u1ed1ng d\u1eabn<\/strong><\/td>\n<td data-start=\"2473\" data-end=\"2513\" data-col-size=\"md\">C\u00e1c t\u1ea5m ho\u1eb7c \u0111o\u1ea1n \u0111\u01b0\u1ee3c l\u00f3t b\u1eb1ng g\u1ed1m s\u1ee9<\/td>\n<td data-start=\"2513\" data-end=\"2543\" data-col-size=\"sm\">X\u1eed l\u00fd v\u1eadt li\u1ec7u m\u00e0i m\u00f2n<\/td>\n<\/tr>\n<tr data-start=\"2544\" data-end=\"2640\">\n<td data-start=\"2544\" data-end=\"2572\" data-col-size=\"sm\"><strong data-start=\"2546\" data-end=\"2571\">L\u1edbp l\u00f3t cho m\u00e1y nghi\u1ec1n \/ m\u00e1y xay<\/strong><\/td>\n<td data-start=\"2572\" data-end=\"2604\" data-col-size=\"md\">C\u00e1c t\u1ea5m ho\u1eb7c thanh \u0111\u01b0\u1ee3c ph\u1ee7 men g\u1ed1m<\/td>\n<td data-start=\"2604\" data-end=\"2640\" data-col-size=\"sm\">C\u00e1c c\u00f4ng \u0111o\u1ea1n m\u00e0i v\u00e0 nghi\u1ec1n<\/td>\n<\/tr>\n<tr data-start=\"2641\" data-end=\"2752\">\n<td data-start=\"2641\" data-end=\"2671\" data-col-size=\"sm\"><strong data-start=\"2643\" data-end=\"2670\">C\u00e1c b\u1ed9 ph\u1eadn c\u1ee7a b\u01a1m \/ van<\/strong><\/td>\n<td data-start=\"2671\" data-end=\"2714\" data-col-size=\"md\">L\u1edbp l\u00f3t g\u1ed1m cho c\u00e1nh qu\u1ea1t v\u00e0 v\u1ecf b\u1ecdc<\/td>\n<td data-start=\"2714\" data-end=\"2752\" data-col-size=\"sm\">X\u1eed l\u00fd b\u00f9n v\u00e0 ch\u1ea5t l\u1ecfng m\u00e0i m\u00f2n<\/td>\n<\/tr>\n<tr data-start=\"2753\" data-end=\"2850\">\n<td data-start=\"2753\" data-end=\"2778\" data-col-size=\"sm\"><strong data-start=\"2755\" data-end=\"2777\">L\u1edbp l\u00f3t \u1ed1ng \/ \u1ed0ng<\/strong><\/td>\n<td data-start=\"2778\" data-end=\"2810\" data-col-size=\"md\">C\u00e1c mi\u1ebfng l\u00f3t g\u1ed1m cho \u0111\u01b0\u1eddng \u1ed1ng<\/td>\n<td data-start=\"2810\" data-end=\"2850\" data-col-size=\"sm\">V\u1eadn chuy\u1ec3n b\u00f9n v\u00e0 ch\u1ea5t l\u1ecfng \u0103n m\u00f2n<\/td>\n<\/tr>\n<tr data-start=\"2851\" data-end=\"2969\">\n<td data-start=\"2851\" data-end=\"2884\" data-col-size=\"sm\"><strong data-start=\"2853\" data-end=\"2883\">Ph\u1ee5 t\u00f9ng g\u1ed1m s\u1ee9 t\u00f9y ch\u1ec9nh<\/strong><\/td>\n<td data-start=\"2884\" data-end=\"2930\" data-col-size=\"md\">\u0110\u01b0\u1ee3c thi\u1ebft k\u1ebf theo b\u1ea3n v\u1ebd ho\u1eb7c theo ti\u00eau chu\u1ea9n c\u1ee7a nh\u00e0 s\u1ea3n xu\u1ea5t (OEM)<\/td>\n<td data-start=\"2930\" data-end=\"2969\" data-col-size=\"sm\">\u1ee8ng d\u1ee5ng c\u00f4ng nghi\u1ec7p chuy\u00ean d\u1ee5ng<\/td>\n<\/tr>\n<\/tbody>\n<\/table>\n<\/div>\n<\/div>\n<h2 data-start=\"2976\" data-end=\"3028\"><strong data-start=\"2979\" data-end=\"3026\">Th\u00f4ng s\u1ed1 k\u1ef9 thu\u1eadt (Ph\u1ea1m vi \u0111\u1ea1i di\u1ec7n)<\/strong><\/h2>\n<div class=\"TyagGW_tableContainer\">\n<div class=\"group TyagGW_tableWrapper flex flex-col-reverse w-fit\" tabindex=\"-1\">\n<table class=\"w-fit min-w-(--thread-content-width)\" data-start=\"3030\" data-end=\"3579\">\n<thead data-start=\"3030\" data-end=\"3067\">\n<tr data-start=\"3030\" data-end=\"3067\">\n<th data-start=\"3030\" data-end=\"3042\" data-col-size=\"sm\">Tham s\u1ed1<\/th>\n<th data-start=\"3042\" data-end=\"3067\" data-col-size=\"md\">Th\u00f4ng s\u1ed1 k\u1ef9 thu\u1eadt \/ Ph\u1ea1m vi<\/th>\n<\/tr>\n<\/thead>\n<tbody data-start=\"3078\" data-end=\"3579\">\n<tr data-start=\"3078\" data-end=\"3146\">\n<td data-start=\"3078\" data-end=\"3100\" data-col-size=\"sm\">V\u1eadt li\u1ec7u c\u01a1 b\u1ea3n kim lo\u1ea1i<\/td>\n<td data-start=\"3100\" data-end=\"3146\" data-col-size=\"md\">Th\u00e9p carbon, th\u00e9p h\u1ee3p kim, th\u00e9p kh\u00f4ng g\u1ec9<\/td>\n<\/tr>\n<tr data-start=\"3147\" data-end=\"3246\">\n<td data-start=\"3147\" data-end=\"3166\" data-col-size=\"sm\">V\u1eadt li\u1ec7u g\u1ed1m s\u1ee9<\/td>\n<td data-start=\"3166\" data-end=\"3246\" data-col-size=\"md\">Alumina (Al\u2082O\u2083), Zirconia (ZrO\u2082), Silicon carbide (SiC), Boron carbide (B\u2084C)<\/td>\n<\/tr>\n<tr data-start=\"3247\" data-end=\"3298\">\n<td data-start=\"3247\" data-end=\"3267\" data-col-size=\"sm\">\u0110\u1ed9 d\u00e0y g\u1ed1m s\u1ee9<\/td>\n<td data-start=\"3267\" data-end=\"3298\" data-col-size=\"md\">2 mm \u2013 20 mm (c\u00f3 th\u1ec3 t\u00f9y ch\u1ec9nh)<\/td>\n<\/tr>\n<tr data-start=\"3299\" data-end=\"3366\">\n<td data-start=\"3299\" data-end=\"3324\" data-col-size=\"sm\">K\u00edch th\u01b0\u1edbc t\u1ea5m \/ linh ki\u1ec7n<\/td>\n<td data-start=\"3324\" data-end=\"3366\" data-col-size=\"md\">K\u00edch th\u01b0\u1edbc t\u1ed1i \u0111a 2000 mm \u00d7 1000 mm (c\u00f3 th\u1ec3 t\u00f9y ch\u1ec9nh)<\/td>\n<\/tr>\n<tr data-start=\"3367\" data-end=\"3403\">\n<td data-start=\"3367\" data-end=\"3378\" data-col-size=\"sm\">\u0110\u1ed9 c\u1ee9ng<\/td>\n<td data-start=\"3378\" data-end=\"3403\" data-col-size=\"md\">HRA 85 \u2013 92 (g\u1ed1m s\u1ee9)<\/td>\n<\/tr>\n<tr data-start=\"3404\" data-end=\"3478\">\n<td data-start=\"3404\" data-end=\"3421\" data-col-size=\"sm\">Ph\u01b0\u01a1ng ph\u00e1p li\u00ean k\u1ebft<\/td>\n<td data-start=\"3421\" data-end=\"3478\" data-col-size=\"md\">Nung \u1edf nhi\u1ec7t \u0111\u1ed9 cao, h\u00e0n, d\u00e1n keo<\/td>\n<\/tr>\n<tr data-start=\"3479\" data-end=\"3540\">\n<td data-start=\"3479\" data-end=\"3497\" data-col-size=\"sm\">Lo\u1ea1i h\u00ecnh s\u1ea3n xu\u1ea5t<\/td>\n<td data-start=\"3497\" data-end=\"3540\" data-col-size=\"md\">M\u1eabu th\u1eed nghi\u1ec7m, s\u1ea3n xu\u1ea5t s\u1ed1 l\u01b0\u1ee3ng nh\u1ecf, s\u1ea3n xu\u1ea5t h\u00e0ng lo\u1ea1t<\/td>\n<\/tr>\n<tr data-start=\"3541\" data-end=\"3579\">\n<td data-start=\"3541\" data-end=\"3563\" data-col-size=\"sm\">C\u00e1c ti\u00eau chu\u1ea9n \u0111\u01b0\u1ee3c h\u1ed7 tr\u1ee3<\/td>\n<td data-start=\"3563\" data-end=\"3579\" data-col-size=\"md\">ISO, DIN, GB<\/td>\n<\/tr>\n<\/tbody>\n<\/table>\n<\/div>\n<\/div>\n<h2 data-start=\"3586\" data-end=\"3619\"><strong data-start=\"3589\" data-end=\"3619\">H\u01b0\u1edbng d\u1eabn v\u1ec1 v\u1eadt li\u1ec7u v\u00e0 l\u1ef1a ch\u1ecdn<\/strong><\/h2>\n<div class=\"TyagGW_tableContainer\">\n<div class=\"group TyagGW_tableWrapper flex flex-col-reverse w-fit\" tabindex=\"-1\">\n<table class=\"w-fit min-w-(--thread-content-width)\" data-start=\"3621\" data-end=\"3913\">\n<thead data-start=\"3621\" data-end=\"3665\">\n<tr data-start=\"3621\" data-end=\"3665\">\n<th data-start=\"3621\" data-end=\"3637\" data-col-size=\"sm\">V\u1eadt li\u1ec7u c\u01a1 b\u1ea3n<\/th>\n<th data-start=\"3637\" data-end=\"3650\" data-col-size=\"sm\">\u01afu \u0111i\u1ec3m<\/th>\n<th data-start=\"3650\" data-end=\"3665\" data-col-size=\"sm\">S\u1eed d\u1ee5ng th\u00f4ng th\u01b0\u1eddng<\/th>\n<\/tr>\n<\/thead>\n<tbody data-start=\"3680\" data-end=\"3913\">\n<tr data-start=\"3680\" data-end=\"3763\">\n<td data-start=\"3680\" data-end=\"3695\" data-col-size=\"sm\">Th\u00e9p carbon<\/td>\n<td data-start=\"3695\" data-end=\"3728\" data-col-size=\"sm\">Hi\u1ec7u qu\u1ea3 v\u1ec1 chi ph\u00ed, d\u1ec5 gia c\u00f4ng<\/td>\n<td data-start=\"3728\" data-end=\"3763\" data-col-size=\"sm\">\u1ee8ng d\u1ee5ng c\u00f4ng nghi\u1ec7p t\u1ed5ng qu\u00e1t<\/td>\n<\/tr>\n<tr data-start=\"3764\" data-end=\"3836\">\n<td data-start=\"3764\" data-end=\"3778\" data-col-size=\"sm\">Th\u00e9p h\u1ee3p kim<\/td>\n<td data-start=\"3778\" data-end=\"3812\" data-col-size=\"sm\">\u0110\u1ed9 b\u1ec1n cao, ch\u1ecbu va \u0111\u1eadp t\u1ed1t<\/td>\n<td data-start=\"3812\" data-end=\"3836\" data-col-size=\"sm\">M\u00e1y m\u00f3c c\u00f4ng nghi\u1ec7p n\u1eb7ng<\/td>\n<\/tr>\n<tr data-start=\"3837\" data-end=\"3913\">\n<td data-start=\"3837\" data-end=\"3855\" data-col-size=\"sm\">Th\u00e9p kh\u00f4ng g\u1ec9<\/td>\n<td data-start=\"3855\" data-end=\"3877\" data-col-size=\"sm\">Ch\u1ed1ng \u0103n m\u00f2n<\/td>\n<td data-start=\"3877\" data-end=\"3913\" data-col-size=\"sm\">M\u00f4i tr\u01b0\u1eddng h\u00f3a h\u1ecdc v\u00e0 m\u00f4i tr\u01b0\u1eddng bi\u1ec3n<\/td>\n<\/tr>\n<\/tbody>\n<\/table>\n<\/div>\n<\/div>\n<div class=\"TyagGW_tableContainer\">\n<div class=\"group TyagGW_tableWrapper flex flex-col-reverse w-fit\" tabindex=\"-1\">\n<table class=\"w-fit min-w-(--thread-content-width)\" data-start=\"3915\" data-end=\"4351\">\n<thead data-start=\"3915\" data-end=\"3966\">\n<tr data-start=\"3915\" data-end=\"3966\">\n<th data-start=\"3915\" data-end=\"3934\" data-col-size=\"sm\">V\u1eadt li\u1ec7u g\u1ed1m s\u1ee9<\/th>\n<th data-start=\"3934\" data-end=\"3947\" data-col-size=\"sm\">\u01afu \u0111i\u1ec3m<\/th>\n<th data-start=\"3947\" data-end=\"3966\" data-col-size=\"md\">\u0110\u01b0\u1ee3c khuy\u1ebfn ngh\u1ecb cho<\/th>\n<\/tr>\n<\/thead>\n<tbody data-start=\"3981\" data-end=\"4351\">\n<tr data-start=\"3981\" data-end=\"4059\">\n<td data-start=\"3981\" data-end=\"3999\" data-col-size=\"sm\">Alumina (Al\u2082O\u2083)<\/td>\n<td data-start=\"3999\" data-end=\"4031\" data-col-size=\"sm\">\u0110\u1ed9 c\u1ee9ng cao, ch\u1ed1ng m\u00e0i m\u00f2n<\/td>\n<td data-start=\"4031\" data-end=\"4059\" data-col-size=\"md\">X\u1eed l\u00fd b\u00f9n m\u00e0i m\u00f2n<\/td>\n<\/tr>\n<tr data-start=\"4060\" data-end=\"4147\">\n<td data-start=\"4060\" data-end=\"4078\" data-col-size=\"sm\">Zirconia (ZrO\u2082)<\/td>\n<td data-start=\"4078\" data-end=\"4120\" data-col-size=\"sm\">\u0110\u1ed9 b\u1ec1n g\u00e3y cao, ch\u1ed1ng m\u00e0i m\u00f2n<\/td>\n<td data-start=\"4120\" data-end=\"4147\" data-col-size=\"md\">C\u00e1c ho\u1ea1t \u0111\u1ed9ng c\u00f3 t\u00e1c \u0111\u1ed9ng m\u1ea1nh<\/td>\n<\/tr>\n<tr data-start=\"4148\" data-end=\"4255\">\n<td data-start=\"4148\" data-end=\"4172\" data-col-size=\"sm\">Carbide silic (SiC)<\/td>\n<td data-start=\"4172\" data-end=\"4209\" data-col-size=\"sm\">R\u1ea5t c\u1ee9ng, ch\u1ed1ng h\u00f3a ch\u1ea5t<\/td>\n<td data-start=\"4209\" data-end=\"4255\" data-col-size=\"md\">H\u1ed7n h\u1ee3p h\u00f3a ch\u1ea5t, m\u00f4i tr\u01b0\u1eddng m\u00e0i m\u00f2n c\u1ef1c \u0111\u1ed9<\/td>\n<\/tr>\n<tr data-start=\"4256\" data-end=\"4351\">\n<td data-start=\"4256\" data-end=\"4278\" data-col-size=\"sm\">Boron carbide (B\u2084C)<\/td>\n<td data-start=\"4278\" data-end=\"4315\" data-col-size=\"sm\">Si\u00eau c\u1ee9ng, ch\u1ecbu va \u0111\u1eadp cao<\/td>\n<td data-start=\"4315\" data-end=\"4351\" data-col-size=\"md\">Thi\u1ebft b\u1ecb ch\u1ecbu m\u00e0i m\u00f2n cao, ch\u1ecbu va \u0111\u1eadp m\u1ea1nh<\/td>\n<\/tr>\n<\/tbody>\n<\/table>\n<\/div>\n<\/div>\n<h2 data-start=\"4358\" data-end=\"4381\"><strong data-start=\"4361\" data-end=\"4381\">T\u1ea1i sao n\u00ean ch\u1ecdn Wonzh?<\/strong><\/h2>\n<ul data-start=\"4383\" data-end=\"4732\">\n<li data-start=\"4383\" data-end=\"4437\">\n<p data-start=\"4385\" data-end=\"4437\">S\u1ea3n xu\u1ea5t ti\u00ean ti\u1ebfn c\u00e1c b\u1ed9 ph\u1eadn c\u00f3 l\u1edbp l\u00f3t g\u1ed1m<\/p>\n<\/li>\n<li data-start=\"4438\" data-end=\"4494\">\n<p data-start=\"4440\" data-end=\"4494\">Gia c\u00f4ng ch\u00ednh x\u00e1c cao v\u00e0 li\u00ean k\u1ebft g\u1ed1m b\u1ec1n b\u1ec9<\/p>\n<\/li>\n<li data-start=\"4495\" data-end=\"4562\">\n<p data-start=\"4497\" data-end=\"4562\">D\u1ea3i s\u1ea3n ph\u1ea9m \u0111a d\u1ea1ng v\u1ec1 v\u1eadt li\u1ec7u g\u1ed1m v\u00e0 v\u1eadt li\u1ec7u n\u1ec1n d\u00e0nh cho m\u00f4i tr\u01b0\u1eddng kh\u1eafc nghi\u1ec7t.<\/p>\n<\/li>\n<li data-start=\"4563\" data-end=\"4626\">\n<p data-start=\"4565\" data-end=\"4626\">H\u1ed7 tr\u1ee3 k\u1ef9 thu\u1eadt t\u00f9y ch\u1ec9nh cho c\u00e1c nh\u00e0 s\u1ea3n xu\u1ea5t thi\u1ebft b\u1ecb g\u1ed1c (OEM) v\u00e0 m\u00e1y m\u00f3c c\u00f4ng nghi\u1ec7p.<\/p>\n<\/li>\n<li data-start=\"4627\" data-end=\"4676\">\n<p data-start=\"4629\" data-end=\"4676\">Gi\u1ea3m m\u00e0i m\u00f2n, th\u1eddi gian ng\u1eebng ho\u1ea1t \u0111\u1ed9ng v\u00e0 chi ph\u00ed b\u1ea3o tr\u00ec.<\/p>\n<\/li>\n<li data-start=\"4677\" data-end=\"4732\">\n<p data-start=\"4679\" data-end=\"4732\">T\u1eeb m\u1eabu th\u1eed nghi\u1ec7m \u0111\u1ebfn s\u1ea3n xu\u1ea5t h\u00e0ng lo\u1ea1t v\u1edbi th\u1eddi gian giao h\u00e0ng \u0111\u00e1ng tin c\u1eady.<\/p>\n<\/li>\n<\/ul>\n<h2 data-start=\"4739\" data-end=\"4780\"><strong data-start=\"4742\" data-end=\"4778\">C\u00e2u h\u1ecfi th\u01b0\u1eddng g\u1eb7p (FAQ)<\/strong><\/h2>\n<h3 data-start=\"4782\" data-end=\"4834\"><strong data-start=\"4786\" data-end=\"4832\">C\u00e2u 1: C\u00e1c b\u1ed9 ph\u1eadn l\u00f3t g\u1ed1m \u0111\u01b0\u1ee3c s\u1eed d\u1ee5ng \u0111\u1ec3 l\u00e0m g\u00ec?<\/strong><\/h3>\n<p data-start=\"4835\" data-end=\"4934\">Ch\u00fang b\u1ea3o v\u1ec7 thi\u1ebft b\u1ecb kh\u1ecfi m\u00e0i m\u00f2n, va \u0111\u1eadp v\u00e0 \u0103n m\u00f2n trong c\u00e1c \u1ee9ng d\u1ee5ng c\u00f4ng nghi\u1ec7p c\u00f3 \u0111\u1ed9 m\u00e0i m\u00f2n cao.<\/p>\n<h3 data-start=\"4936\" data-end=\"4984\"><strong data-start=\"4940\" data-end=\"4982\">C\u00e2u h\u1ecfi 2: T\u00f4i c\u00f3 th\u1ec3 \u0111\u1eb7t h\u00e0ng c\u00e1c h\u00ecnh d\u1ea1ng v\u00e0 k\u00edch th\u01b0\u1edbc t\u00f9y ch\u1ec9nh kh\u00f4ng?<\/strong><\/h3>\n<p data-start=\"4985\" data-end=\"5086\">\u0110\u00fang. Ch\u00fang t\u00f4i s\u1ea3n xu\u1ea5t c\u00e1c b\u1ed9 ph\u1eadn l\u00f3t g\u1ed1m d\u1ef1a tr\u00ean b\u1ea3n v\u1ebd, m\u00f4 h\u00ecnh thi\u1ebft b\u1ecb ho\u1eb7c ti\u00eau chu\u1ea9n OEM.<\/p>\n<h3 data-start=\"5088\" data-end=\"5140\"><strong data-start=\"5092\" data-end=\"5138\">C\u00e2u 3: C\u00e1c lo\u1ea1i v\u1eadt li\u1ec7u g\u1ed1m s\u1ee9 n\u00e0o c\u00f3 s\u1eb5n?<\/strong><\/h3>\n<p data-start=\"5141\" data-end=\"5271\">C\u00e1c t\u00f9y ch\u1ecdn bao g\u1ed3m <strong data-start=\"5157\" data-end=\"5214\">Alumina, Zirconia, Silic cacbua v\u00e0 Boron cacbua<\/strong>, T\u00f9y thu\u1ed9c v\u00e0o m\u1ee9c \u0111\u1ed9 m\u00e0i m\u00f2n, va \u0111\u1eadp v\u00e0 y\u00eau c\u1ea7u h\u00f3a h\u1ecdc.<\/p>\n<h3 data-start=\"5273\" data-end=\"5328\"><strong data-start=\"5277\" data-end=\"5326\">C\u00e2u 4: C\u00f3 th\u1ec3 d\u00e1n g\u1ed1m s\u1ee9 l\u00ean c\u00e1c kim lo\u1ea1i kh\u00e1c nhau kh\u00f4ng?<\/strong><\/h3>\n<p data-start=\"5329\" data-end=\"5473\">\u0110\u00fang. Ch\u00fang t\u00f4i d\u00e1n g\u1ed1m s\u1ee9 v\u00e0o <strong data-start=\"5354\" data-end=\"5404\">th\u00e9p carbon, th\u00e9p h\u1ee3p kim v\u00e0 th\u00e9p kh\u00f4ng g\u1ec9<\/strong> S\u1eed d\u1ee5ng c\u00e1c k\u1ef9 thu\u1eadt nung \u1edf nhi\u1ec7t \u0111\u1ed9 cao, h\u00e0n ho\u1eb7c d\u00e1n keo.<\/p>\n<h3 data-start=\"5475\" data-end=\"5538\"><strong data-start=\"5479\" data-end=\"5536\">C\u00e2u h\u1ecfi 5: C\u00e1c ng\u00e0nh c\u00f4ng nghi\u1ec7p n\u00e0o th\u01b0\u1eddng s\u1eed d\u1ee5ng c\u00e1c b\u1ed9 ph\u1eadn l\u00f3t g\u1ed1m?<\/strong><\/h3>\n<p data-start=\"5539\" data-end=\"5636\">C\u00e1c ng\u00e0nh c\u00f4ng nghi\u1ec7p khai th\u00e1c m\u1ecf, xi m\u0103ng, th\u00e9p, ch\u1ebf bi\u1ebfn h\u00f3a ch\u1ea5t, s\u1ea3n xu\u1ea5t \u0111i\u1ec7n v\u00e0 x\u1eed l\u00fd v\u1eadt li\u1ec7u.<\/p>","protected":false},"excerpt":{"rendered":"<p>C\u00e1c b\u1ed9 ph\u1eadn l\u00f3t g\u1ed1m do Wonzh cung c\u1ea5p \u0111\u01b0\u1ee3c thi\u1ebft k\u1ebf \u0111\u1ec3 ch\u1ecbu \u0111\u01b0\u1ee3c m\u00e0i m\u00f2n nghi\u00eam tr\u1ecdng, va \u0111\u1eadp m\u1ea1nh v\u00e0 m\u00f4i tr\u01b0\u1eddng \u0103n m\u00f2n trong m\u00e1y m\u00f3c c\u00f4ng nghi\u1ec7p. C\u00e1c b\u1ed9 ph\u1eadn n\u00e0y \u0111\u01b0\u1ee3c s\u1eed d\u1ee5ng r\u1ed9ng r\u00e3i trong c\u00e1c ng\u00e0nh khai th\u00e1c m\u1ecf, xi m\u0103ng, th\u00e9p, ch\u1ebf bi\u1ebfn h\u00f3a ch\u1ea5t, s\u1ea3n xu\u1ea5t \u0111i\u1ec7n v\u00e0 thi\u1ebft b\u1ecb x\u1eed l\u00fd v\u1eadt li\u1ec7u \u0111\u1ec3 k\u00e9o d\u00e0i tu\u1ed5i th\u1ecd c\u1ee7a c\u00e1c b\u1ed9 ph\u1eadn ch\u1ecbu m\u00e0i m\u00f2n cao.<\/p>","protected":false},"featured_media":1542,"comment_status":"open","ping_status":"closed","template":"","meta":{"site-sidebar-layout":"default","site-content-layout":"","ast-site-content-layout":"default","site-content-style":"default","site-sidebar-style":"default","ast-global-header-display":"","ast-banner-title-visibility":"","ast-main-header-display":"","ast-hfb-above-header-display":"","ast-hfb-below-header-display":"","ast-hfb-mobile-header-display":"","site-post-title":"","ast-breadcrumbs-content":"","ast-featured-img":"","footer-sml-layout":"","ast-disable-related-posts":"","theme-transparent-header-meta":"default","adv-header-id-meta":"","stick-header-meta":"default","header-above-stick-meta":"","header-main-stick-meta":"","header-below-stick-meta":"","astra-migrate-meta-layouts":"set","ast-page-background-enabled":"default","ast-page-background-meta":{"desktop":{"background-color":"","background-image":"","background-repeat":"repeat","background-position":"center center","background-size":"auto","background-attachment":"scroll","background-type":"","background-media":"","overlay-type":"","overlay-color":"","overlay-opacity":"","overlay-gradient":""},"tablet":{"background-color":"","background-image":"","background-repeat":"repeat","background-position":"center center","background-size":"auto","background-attachment":"scroll","background-type":"","background-media":"","overlay-type":"","overlay-color":"","overlay-opacity":"","overlay-gradient":""},"mobile":{"background-color":"","background-image":"","background-repeat":"repeat","background-position":"center center","background-size":"auto","background-attachment":"scroll","background-type":"","background-media":"","overlay-type":"","overlay-color":"","overlay-opacity":"","overlay-gradient":""}},"ast-content-background-meta":{"desktop":{"background-color":"var(--ast-global-color-5)","background-image":"","background-repeat":"repeat","background-position":"center center","background-size":"auto","background-attachment":"scroll","background-type":"","background-media":"","overlay-type":"","overlay-color":"","overlay-opacity":"","overlay-gradient":""},"tablet":{"background-color":"var(--ast-global-color-5)","background-image":"","background-repeat":"repeat","background-position":"center center","background-size":"auto","background-attachment":"scroll","background-type":"","background-media":"","overlay-type":"","overlay-color":"","overlay-opacity":"","overlay-gradient":""},"mobile":{"background-color":"var(--ast-global-color-5)","background-image":"","background-repeat":"repeat","background-position":"center center","background-size":"auto","background-attachment":"scroll","background-type":"","background-media":"","overlay-type":"","overlay-color":"","overlay-opacity":"","overlay-gradient":""}}},"product_brand":[],"product_cat":[24],"product_tag":[434,429,432,428,440,343,439,420,435,436,437,431,438,433,430],"class_list":{"0":"post-1480","1":"product","2":"type-product","3":"status-publish","4":"has-post-thumbnail","6":"product_cat-wear-parts-wear-components","7":"product_tag-abrasion-resistant-parts","8":"product_tag-alumina-lined-parts","9":"product_tag-boron-carbide-lined-parts","10":"product_tag-ceramic-lined-parts","11":"product_tag-china-ceramic-lined-manufacturer","12":"product_tag-crusher-liners","13":"product_tag-custom-ceramic-lined-parts","14":"product_tag-hopper-liners","15":"product_tag-industrial-liners","16":"product_tag-mill-liners","17":"product_tag-pipe-liners","18":"product_tag-sic-lined-parts","19":"product_tag-slurry-handling-parts","20":"product_tag-wear-resistant-components","21":"product_tag-zirconia-lined-parts","22":"desktop-align-left","23":"tablet-align-left","24":"mobile-align-left","26":"first","27":"instock","28":"shipping-taxable","29":"product-type-simple"},"_links":{"self":[{"href":"https:\/\/www.wonzh.com\/vi\/wp-json\/wp\/v2\/product\/1480","targetHints":{"allow":["GET"]}}],"collection":[{"href":"https:\/\/www.wonzh.com\/vi\/wp-json\/wp\/v2\/product"}],"about":[{"href":"https:\/\/www.wonzh.com\/vi\/wp-json\/wp\/v2\/types\/product"}],"replies":[{"embeddable":true,"href":"https:\/\/www.wonzh.com\/vi\/wp-json\/wp\/v2\/comments?post=1480"}],"wp:featuredmedia":[{"embeddable":true,"href":"https:\/\/www.wonzh.com\/vi\/wp-json\/wp\/v2\/media\/1542"}],"wp:attachment":[{"href":"https:\/\/www.wonzh.com\/vi\/wp-json\/wp\/v2\/media?parent=1480"}],"wp:term":[{"taxonomy":"product_brand","embeddable":true,"href":"https:\/\/www.wonzh.com\/vi\/wp-json\/wp\/v2\/product_brand?post=1480"},{"taxonomy":"product_cat","embeddable":true,"href":"https:\/\/www.wonzh.com\/vi\/wp-json\/wp\/v2\/product_cat?post=1480"},{"taxonomy":"product_tag","embeddable":true,"href":"https:\/\/www.wonzh.com\/vi\/wp-json\/wp\/v2\/product_tag?post=1480"}],"curies":[{"name":"wp","href":"https:\/\/api.w.org\/{rel}","templated":true}]}}