{"id":1463,"date":"2026-02-03T14:44:49","date_gmt":"2026-02-03T14:44:49","guid":{"rendered":"https:\/\/www.wonzh.com\/?post_type=product&#038;p=1463"},"modified":"2026-02-05T09:35:08","modified_gmt":"2026-02-05T09:35:08","slug":"precision-cnc-machined-parts-for-industrial-equipment-and-oem-applications","status":"publish","type":"product","link":"https:\/\/www.wonzh.com\/vi\/product\/precision-cnc-machined-parts-for-industrial-equipment-and-oem-applications\/","title":{"rendered":"C\u00e1c b\u1ed9 ph\u1eadn gia c\u00f4ng CNC ch\u00ednh x\u00e1c cho thi\u1ebft b\u1ecb c\u00f4ng nghi\u1ec7p v\u00e0 \u1ee9ng d\u1ee5ng OEM"},"content":{"rendered":"<p data-start=\"529\" data-end=\"893\">C\u00e1c b\u1ed9 ph\u1eadn gia c\u00f4ng CNC do <strong data-start=\"560\" data-end=\"569\">Wonzh<\/strong> L\u00e0 c\u00e1c b\u1ed9 ph\u1eadn \u0111\u01b0\u1ee3c gia c\u00f4ng ch\u00ednh x\u00e1c b\u1eb1ng c\u00f4ng ngh\u1ec7 CNC ti\u00ean ti\u1ebfn bao g\u1ed3m ti\u1ec7n, phay, khoan v\u00e0 m\u00e0i. \u0110\u01b0\u1ee3c thi\u1ebft k\u1ebf \u0111\u1ec3 \u0111\u00e1p \u1ee9ng c\u00e1c y\u00eau c\u1ea7u nghi\u00eam ng\u1eb7t v\u1ec1 dung sai k\u00edch th\u01b0\u1edbc v\u00e0 ch\u1ea5t l\u01b0\u1ee3ng b\u1ec1 m\u1eb7t, c\u00e1c b\u1ed9 ph\u1eadn gia c\u00f4ng c\u1ee7a ch\u00fang t\u00f4i \u0111\u01b0\u1ee3c s\u1eed d\u1ee5ng r\u1ed9ng r\u00e3i trong m\u00e1y m\u00f3c c\u00f4ng nghi\u1ec7p, h\u1ec7 th\u1ed1ng t\u1ef1 \u0111\u1ed9ng h\u00f3a, thi\u1ebft b\u1ecb n\u1eb7ng v\u00e0 s\u1ea3n xu\u1ea5t OEM.<\/p>\n<p data-start=\"895\" data-end=\"1258\">Ch\u00fang t\u00f4i gia c\u00f4ng m\u1ed9t lo\u1ea1t c\u00e1c v\u1eadt li\u1ec7u bao g\u1ed3m th\u00e9p carbon, th\u00e9p kh\u00f4ng g\u1ec9, h\u1ee3p kim nh\u00f4m, \u0111\u1ed3ng thau, \u0111\u1ed3ng v\u00e0 nh\u1ef1a k\u1ef9 thu\u1eadt. Th\u00f4ng qua c\u00e1c quy tr\u00ecnh gia c\u00f4ng t\u1ed1i \u01b0u, ki\u1ec3m so\u00e1t ch\u1ea5t l\u01b0\u1ee3ng nghi\u00eam ng\u1eb7t v\u00e0 ki\u1ec3m tra trong qu\u00e1 tr\u00ecnh s\u1ea3n xu\u1ea5t, Wonzh \u0111\u1ea3m b\u1ea3o \u0111\u1ed9 l\u1eb7p l\u1ea1i cao, b\u1ec1 m\u1eb7t ho\u00e0n thi\u1ec7n xu\u1ea5t s\u1eafc v\u00e0 hi\u1ec7u su\u1ea5t c\u01a1 h\u1ecdc \u0111\u00e1ng tin c\u1eady ngay c\u1ea3 trong m\u00f4i tr\u01b0\u1eddng ho\u1ea1t \u0111\u1ed9ng kh\u1eafc nghi\u1ec7t.<\/p>\n<p data-start=\"1260\" data-end=\"1574\">V\u1edbi t\u01b0 c\u00e1ch l\u00e0 \u0111\u1ed1i t\u00e1c s\u1ea3n xu\u1ea5t c\u00f4ng nghi\u1ec7p gi\u00e0u kinh nghi\u1ec7m, Wonzh h\u1ed7 tr\u1ee3 <strong data-start=\"1327\" data-end=\"1404\">T\u00f9y ch\u1ec9nh d\u1ef1a tr\u00ean b\u1ea3n v\u1ebd, s\u1ea3n xu\u1ea5t m\u1eabu s\u1ed1 l\u01b0\u1ee3ng nh\u1ecf v\u00e0 s\u1ea3n xu\u1ea5t h\u00e0ng lo\u1ea1t.<\/strong>. \u0110\u1ed9i ng\u0169 k\u1ef9 s\u01b0 c\u1ee7a ch\u00fang t\u00f4i h\u1ee3p t\u00e1c v\u1edbi kh\u00e1ch h\u00e0ng trong c\u00e1c l\u0129nh v\u1ef1c kh\u1ea3 n\u0103ng s\u1ea3n xu\u1ea5t (DFM), t\u1ed1i \u01b0u h\u00f3a dung sai v\u00e0 l\u1ef1a ch\u1ecdn v\u1eadt li\u1ec7u \u0111\u1ec3 c\u00e2n b\u1eb1ng gi\u1eefa hi\u1ec7u su\u1ea5t, chi ph\u00ed v\u00e0 th\u1eddi gian giao h\u00e0ng.<\/p>\n<h2 data-start=\"1581\" data-end=\"1600\"><strong data-start=\"1584\" data-end=\"1600\">T\u00ednh n\u0103ng ch\u00ednh<\/strong><\/h2>\n<ul data-start=\"1602\" data-end=\"1912\">\n<li data-start=\"1602\" data-end=\"1647\">\n<p data-start=\"1604\" data-end=\"1647\">\u0110\u1ed9 ch\u00ednh x\u00e1c v\u00e0 t\u00ednh nh\u1ea5t qu\u00e1n cao trong c\u00e1c chi\u1ec1u kh\u00f4ng gian.<\/p>\n<\/li>\n<li data-start=\"1648\" data-end=\"1701\">\n<p data-start=\"1650\" data-end=\"1701\">B\u1ec1 m\u1eb7t ho\u00e0n thi\u1ec7n tuy\u1ec7t v\u1eddi v\u00e0 \u0111\u1ed9 b\u1ec1n k\u1ebft c\u1ea5u<\/p>\n<\/li>\n<li data-start=\"1702\" data-end=\"1758\">\n<p data-start=\"1704\" data-end=\"1758\">Ph\u00f9 h\u1ee3p v\u1edbi c\u00e1c h\u00ecnh d\u1ea1ng ph\u1ee9c t\u1ea1p v\u00e0 dung sai ch\u1eb7t ch\u1ebd.<\/p>\n<\/li>\n<li data-start=\"1759\" data-end=\"1819\">\n<p data-start=\"1761\" data-end=\"1819\">T\u01b0\u01a1ng th\u00edch v\u1edbi nhi\u1ec1u lo\u1ea1i kim lo\u1ea1i v\u00e0 nh\u1ef1a k\u1ef9 thu\u1eadt.<\/p>\n<\/li>\n<li data-start=\"1820\" data-end=\"1864\">\n<p data-start=\"1822\" data-end=\"1864\">H\u1ed7 tr\u1ee3 t\u1eeb giai \u0111o\u1ea1n m\u1eabu th\u1eed \u0111\u1ebfn s\u1ea3n xu\u1ea5t h\u00e0ng lo\u1ea1t<\/p>\n<\/li>\n<li data-start=\"1865\" data-end=\"1912\">\n<p data-start=\"1867\" data-end=\"1912\">\u0110\u01b0\u1ee3c t\u00f9y ch\u1ec9nh ho\u00e0n to\u00e0n theo b\u1ea3n v\u1ebd c\u1ee7a kh\u00e1ch h\u00e0ng.<\/p>\n<\/li>\n<\/ul>\n<h2 data-start=\"1919\" data-end=\"1946\"><strong data-start=\"1922\" data-end=\"1946\">\u1ee8ng d\u1ee5ng \u0111i\u1ec3n h\u00ecnh<\/strong><\/h2>\n<ul data-start=\"1948\" data-end=\"2262\">\n<li data-start=\"1948\" data-end=\"1983\">\n<p data-start=\"1950\" data-end=\"1983\">C\u00e1c b\u1ed9 ph\u1eadn c\u1ee7a m\u00e1y m\u00f3c c\u00f4ng nghi\u1ec7p<\/p>\n<\/li>\n<li data-start=\"1984\" data-end=\"2017\">\n<p data-start=\"1986\" data-end=\"2017\">C\u00e1c b\u1ed9 ph\u1eadn t\u1ef1 \u0111\u1ed9ng h\u00f3a v\u00e0 robot<\/p>\n<\/li>\n<li data-start=\"2018\" data-end=\"2054\">\n<p data-start=\"2020\" data-end=\"2054\">B\u01a1m, van v\u00e0 h\u1ec7 th\u1ed1ng ch\u1ea5t l\u1ecfng<\/p>\n<\/li>\n<li data-start=\"2055\" data-end=\"2093\">\n<p data-start=\"2057\" data-end=\"2093\">H\u1ed9p s\u1ed1 v\u00e0 h\u1ec7 th\u1ed1ng truy\u1ec1n \u0111\u1ed9ng<\/p>\n<\/li>\n<li data-start=\"2094\" data-end=\"2131\">\n<p data-start=\"2096\" data-end=\"2131\">Thi\u1ebft b\u1ecb x\u00e2y d\u1ef1ng v\u00e0 khai th\u00e1c m\u1ecf<\/p>\n<\/li>\n<li data-start=\"2132\" data-end=\"2173\">\n<p data-start=\"2134\" data-end=\"2173\">Thi\u1ebft b\u1ecb s\u1ea3n xu\u1ea5t n\u0103ng l\u01b0\u1ee3ng v\u00e0 \u0111i\u1ec7n l\u1ef1c<\/p>\n<\/li>\n<li data-start=\"2174\" data-end=\"2211\">\n<p data-start=\"2176\" data-end=\"2211\">C\u00e1c thi\u1ebft b\u1ecb y t\u1ebf v\u00e0 thi\u1ebft b\u1ecb ch\u00ednh x\u00e1c<\/p>\n<\/li>\n<li data-start=\"2212\" data-end=\"2262\">\n<p data-start=\"2214\" data-end=\"2262\">Thi\u1ebft b\u1ecb b\u00e1n d\u1eabn v\u00e0 thi\u1ebft b\u1ecb c\u00f4ng ngh\u1ec7 cao<\/p>\n<\/li>\n<\/ul>\n<h2 data-start=\"2269\" data-end=\"2298\"><strong data-start=\"2272\" data-end=\"2298\">Kh\u1ea3 n\u0103ng gia c\u00f4ng<\/strong><\/h2>\n<div class=\"TyagGW_tableContainer\">\n<div class=\"group TyagGW_tableWrapper flex flex-col-reverse w-fit\" tabindex=\"-1\">\n<table class=\"w-fit min-w-(--thread-content-width)\" data-start=\"2300\" data-end=\"2688\">\n<thead data-start=\"2300\" data-end=\"2324\">\n<tr data-start=\"2300\" data-end=\"2324\">\n<th data-start=\"2300\" data-end=\"2310\" data-col-size=\"sm\">Quy tr\u00ecnh<\/th>\n<th data-start=\"2310\" data-end=\"2324\" data-col-size=\"md\">Kh\u1ea3 n\u0103ng<\/th>\n<\/tr>\n<\/thead>\n<tbody data-start=\"2335\" data-end=\"2688\">\n<tr data-start=\"2335\" data-end=\"2384\">\n<td data-start=\"2335\" data-end=\"2349\" data-col-size=\"sm\">Ti\u1ec7n CNC<\/td>\n<td data-start=\"2349\" data-end=\"2384\" data-col-size=\"md\">Tr\u1ee5c, v\u00f2ng bi, m\u1eb7t b\u00edch, ch\u1ed1t<\/td>\n<\/tr>\n<tr data-start=\"2385\" data-end=\"2445\">\n<td data-start=\"2385\" data-end=\"2399\" data-col-size=\"sm\">Phay CNC<\/td>\n<td data-start=\"2399\" data-end=\"2445\" data-col-size=\"md\">B\u1ed9 ph\u1eadn k\u1eb9p, t\u1ea5m, v\u1ecf, h\u00ecnh d\u1ea1ng ph\u1ee9c t\u1ea1p<\/td>\n<\/tr>\n<tr data-start=\"2446\" data-end=\"2510\">\n<td data-start=\"2446\" data-end=\"2467\" data-col-size=\"sm\">Khoan v\u00e0 T\u1ea1o ren<\/td>\n<td data-start=\"2467\" data-end=\"2510\" data-col-size=\"md\">C\u00e1c b\u1ed9 ph\u1eadn c\u00f3 ren v\u00e0 l\u1ed7 ch\u00ednh x\u00e1c<\/td>\n<\/tr>\n<tr data-start=\"2511\" data-end=\"2570\">\n<td data-start=\"2511\" data-end=\"2522\" data-col-size=\"sm\">M\u00e0i<\/td>\n<td data-start=\"2522\" data-end=\"2570\" data-col-size=\"md\">B\u1ec1 m\u1eb7t c\u00f3 \u0111\u1ed9 ch\u00ednh x\u00e1c cao v\u00e0 dung sai ch\u1eb7t ch\u1ebd<\/td>\n<\/tr>\n<tr data-start=\"2571\" data-end=\"2635\">\n<td data-start=\"2571\" data-end=\"2591\" data-col-size=\"sm\">X\u1eed l\u00fd b\u1ec1 m\u1eb7t<\/td>\n<td data-start=\"2591\" data-end=\"2635\" data-col-size=\"md\">Anod h\u00f3a, m\u1ea1 \u0111i\u1ec7n, passivation, ph\u1ee7 l\u1edbp b\u1ea3o v\u1ec7<\/td>\n<\/tr>\n<tr data-start=\"2636\" data-end=\"2688\">\n<td data-start=\"2636\" data-end=\"2653\" data-col-size=\"sm\">X\u1eed l\u00fd nhi\u1ec7t<\/td>\n<td data-start=\"2653\" data-end=\"2688\" data-col-size=\"md\">L\u00e0m c\u1ee9ng, \u1ee7, \u1ee7 m\u1ec1m<\/td>\n<\/tr>\n<\/tbody>\n<\/table>\n<\/div>\n<\/div>\n<h2 data-start=\"2695\" data-end=\"2747\"><strong data-start=\"2698\" data-end=\"2745\">Th\u00f4ng s\u1ed1 k\u1ef9 thu\u1eadt (Ph\u1ea1m vi \u0111\u1ea1i di\u1ec7n)<\/strong><\/h2>\n<div class=\"TyagGW_tableContainer\">\n<div class=\"group TyagGW_tableWrapper flex flex-col-reverse w-fit\" tabindex=\"-1\">\n<table class=\"w-fit min-w-(--thread-content-width)\" data-start=\"2749\" data-end=\"3246\">\n<thead data-start=\"2749\" data-end=\"2775\">\n<tr data-start=\"2749\" data-end=\"2775\">\n<th data-start=\"2749\" data-end=\"2761\" data-col-size=\"sm\">Tham s\u1ed1<\/th>\n<th data-start=\"2761\" data-end=\"2775\" data-col-size=\"md\">Kh\u1ea3 n\u0103ng<\/th>\n<\/tr>\n<\/thead>\n<tbody data-start=\"2786\" data-end=\"3246\">\n<tr data-start=\"2786\" data-end=\"2885\">\n<td data-start=\"2786\" data-end=\"2805\" data-col-size=\"sm\">C\u00e1c t\u00f9y ch\u1ecdn v\u1eadt li\u1ec7u<\/td>\n<td data-start=\"2805\" data-end=\"2885\" data-col-size=\"md\">Th\u00e9p carbon, th\u00e9p kh\u00f4ng g\u1ec9, nh\u00f4m, \u0111\u1ed3ng thau, \u0111\u1ed3ng, nh\u1ef1a k\u1ef9 thu\u1eadt<\/td>\n<\/tr>\n<tr data-start=\"2886\" data-end=\"2945\">\n<td data-start=\"2886\" data-end=\"2910\" data-col-size=\"sm\">Dung sai k\u00edch th\u01b0\u1edbc<\/td>\n<td data-start=\"2910\" data-end=\"2945\" data-col-size=\"md\">\u0110\u1ed9 ch\u00ednh x\u00e1c l\u00ean \u0111\u1ebfn \u00b10.01 mm (t\u00f9y thu\u1ed9c v\u00e0o b\u1ed9 ph\u1eadn)<\/td>\n<\/tr>\n<tr data-start=\"2946\" data-end=\"3014\">\n<td data-start=\"2946\" data-end=\"2966\" data-col-size=\"sm\">\u0110\u1ed9 nh\u00e1m b\u1ec1 m\u1eb7t<\/td>\n<td data-start=\"2966\" data-end=\"3014\" data-col-size=\"md\">Ra 0.8 \u2013 Ra 3.2 (c\u00f3 th\u1ec3 cung c\u1ea5p \u0111\u1ed9 m\u1ecbn cao h\u01a1n theo y\u00eau c\u1ea7u)<\/td>\n<\/tr>\n<tr data-start=\"3015\" data-end=\"3068\">\n<td data-start=\"3015\" data-end=\"3031\" data-col-size=\"sm\">K\u00edch th\u01b0\u1edbc t\u1ed1i \u0111a c\u1ee7a b\u1ed9 ph\u1eadn<\/td>\n<td data-start=\"3031\" data-end=\"3068\" data-col-size=\"md\">T\u1ed1i \u0111a 1200 mm (t\u00f9y thu\u1ed9c v\u00e0o d\u1ef1 \u00e1n)<\/td>\n<\/tr>\n<tr data-start=\"3069\" data-end=\"3130\">\n<td data-start=\"3069\" data-end=\"3087\" data-col-size=\"sm\">Lo\u1ea1i h\u00ecnh s\u1ea3n xu\u1ea5t<\/td>\n<td data-start=\"3087\" data-end=\"3130\" data-col-size=\"md\">M\u1eabu th\u1eed nghi\u1ec7m, s\u1ea3n xu\u1ea5t s\u1ed1 l\u01b0\u1ee3ng nh\u1ecf, s\u1ea3n xu\u1ea5t h\u00e0ng lo\u1ea1t<\/td>\n<\/tr>\n<tr data-start=\"3131\" data-end=\"3183\">\n<td data-start=\"3131\" data-end=\"3151\" data-col-size=\"sm\">Ti\u00eau chu\u1ea9n ch\u1ea5t l\u01b0\u1ee3ng<\/td>\n<td data-start=\"3151\" data-end=\"3183\" data-col-size=\"md\">Quy tr\u00ecnh ki\u1ec3m tra d\u1ef1a tr\u00ean ti\u00eau chu\u1ea9n ISO<\/td>\n<\/tr>\n<tr data-start=\"3184\" data-end=\"3246\">\n<td data-start=\"3184\" data-end=\"3197\" data-col-size=\"sm\">Ki\u1ec3m tra<\/td>\n<td data-start=\"3197\" data-end=\"3246\" data-col-size=\"md\">CMM, th\u01b0\u1edbc k\u1eb9p, th\u01b0\u1edbc \u0111o \u0111\u1ed9 d\u00e0y, thi\u1ebft b\u1ecb ki\u1ec3m tra \u0111\u1ed9 nh\u00e1m<\/td>\n<\/tr>\n<\/tbody>\n<\/table>\n<\/div>\n<\/div>\n<h2 data-start=\"3253\" data-end=\"3284\"><strong data-start=\"3256\" data-end=\"3284\">H\u01b0\u1edbng d\u1eabn l\u1ef1a ch\u1ecdn v\u1eadt li\u1ec7u<\/strong><\/h2>\n<div class=\"TyagGW_tableContainer\">\n<div class=\"group TyagGW_tableWrapper flex flex-col-reverse w-fit\" tabindex=\"-1\">\n<table class=\"w-fit min-w-(--thread-content-width)\" data-start=\"3286\" data-end=\"3776\">\n<thead data-start=\"3286\" data-end=\"3325\">\n<tr data-start=\"3286\" data-end=\"3325\">\n<th data-start=\"3286\" data-end=\"3297\" data-col-size=\"sm\">V\u1eadt li\u1ec7u<\/th>\n<th data-start=\"3297\" data-end=\"3310\" data-col-size=\"sm\">\u01afu \u0111i\u1ec3m<\/th>\n<th data-start=\"3310\" data-end=\"3325\" data-col-size=\"sm\">S\u1eed d\u1ee5ng th\u00f4ng th\u01b0\u1eddng<\/th>\n<\/tr>\n<\/thead>\n<tbody data-start=\"3340\" data-end=\"3776\">\n<tr data-start=\"3340\" data-end=\"3416\">\n<td data-start=\"3340\" data-end=\"3359\" data-col-size=\"sm\"><strong data-start=\"3342\" data-end=\"3358\">Th\u00e9p carbon<\/strong><\/td>\n<td data-start=\"3359\" data-end=\"3391\" data-col-size=\"sm\">\u0110\u1ed9 b\u1ec1n cao, hi\u1ec7u qu\u1ea3 v\u1ec1 chi ph\u00ed<\/td>\n<td data-start=\"3391\" data-end=\"3416\" data-col-size=\"sm\">Ph\u1ee5 t\u00f9ng m\u00e1y m\u00f3c h\u1ea1ng n\u1eb7ng<\/td>\n<\/tr>\n<tr data-start=\"3417\" data-end=\"3507\">\n<td data-start=\"3417\" data-end=\"3449\" data-col-size=\"sm\"><strong data-start=\"3419\" data-end=\"3448\">Th\u00e9p kh\u00f4ng g\u1ec9 (304\/316)<\/strong><\/td>\n<td data-start=\"3449\" data-end=\"3471\" data-col-size=\"sm\">Ch\u1ed1ng \u0103n m\u00f2n<\/td>\n<td data-start=\"3471\" data-end=\"3507\" data-col-size=\"sm\">Thi\u1ebft b\u1ecb h\u00f3a ch\u1ea5t, thi\u1ebft b\u1ecb h\u00e0ng h\u1ea3i, thi\u1ebft b\u1ecb th\u1ef1c ph\u1ea9m<\/td>\n<\/tr>\n<tr data-start=\"3508\" data-end=\"3590\">\n<td data-start=\"3508\" data-end=\"3529\" data-col-size=\"sm\"><strong data-start=\"3510\" data-end=\"3528\">H\u1ee3p kim nh\u00f4m<\/strong><\/td>\n<td data-start=\"3529\" data-end=\"3563\" data-col-size=\"sm\">Nh\u1eb9, d\u1ec5 gia c\u00f4ng<\/td>\n<td data-start=\"3563\" data-end=\"3590\" data-col-size=\"sm\">T\u1ef1 \u0111\u1ed9ng h\u00f3a, \u0111i\u1ec7n t\u1eed<\/td>\n<\/tr>\n<tr data-start=\"3591\" data-end=\"3674\">\n<td data-start=\"3591\" data-end=\"3610\" data-col-size=\"sm\"><strong data-start=\"3593\" data-end=\"3609\">\u0110\u1ed3ng thau\/\u0110\u1ed3ng<\/strong><\/td>\n<td data-start=\"3610\" data-end=\"3652\" data-col-size=\"sm\">\u0110\u1ed9 d\u1eabn \u0111i\u1ec7n t\u1ed1t, kh\u1ea3 n\u0103ng ch\u1ed1ng \u0103n m\u00f2n<\/td>\n<td data-start=\"3652\" data-end=\"3674\" data-col-size=\"sm\">Van, \u0111\u1ea7u n\u1ed1i<\/td>\n<\/tr>\n<tr data-start=\"3675\" data-end=\"3776\">\n<td data-start=\"3675\" data-end=\"3721\" data-col-size=\"sm\"><strong data-start=\"3677\" data-end=\"3720\">Nh\u1ef1a k\u1ef9 thu\u1eadt (POM, Nylon, PTFE)<\/strong><\/td>\n<td data-start=\"3721\" data-end=\"3757\" data-col-size=\"sm\">Ma s\u00e1t th\u1ea5p, kh\u00e1ng h\u00f3a ch\u1ea5t<\/td>\n<td data-start=\"3757\" data-end=\"3776\" data-col-size=\"sm\">C\u00e1c b\u1ed9 ph\u1eadn hao m\u00f2n<\/td>\n<\/tr>\n<\/tbody>\n<\/table>\n<\/div>\n<\/div>\n<h2 data-start=\"3783\" data-end=\"3806\"><strong data-start=\"3786\" data-end=\"3806\">T\u1ea1i sao n\u00ean ch\u1ecdn Wonzh?<\/strong><\/h2>\n<ul data-start=\"3808\" data-end=\"4094\">\n<li data-start=\"3808\" data-end=\"3872\">\n<p data-start=\"3810\" data-end=\"3872\">Ki\u1ec3m so\u00e1t ch\u1ea5t l\u01b0\u1ee3ng nghi\u00eam ng\u1eb7t t\u1eeb nguy\u00ean li\u1ec7u th\u00f4 \u0111\u1ebfn ki\u1ec3m tra cu\u1ed1i c\u00f9ng.<\/p>\n<\/li>\n<li data-start=\"3873\" data-end=\"3933\">\n<p data-start=\"3875\" data-end=\"3933\">K\u1ef9 s\u01b0 gia c\u00f4ng c\u00f3 kinh nghi\u1ec7m v\u00e0 thi\u1ebft b\u1ecb CNC hi\u1ec7n \u0111\u1ea1i<\/p>\n<\/li>\n<li data-start=\"3934\" data-end=\"3989\">\n<p data-start=\"3936\" data-end=\"3989\">H\u1ed7 tr\u1ee3 cho c\u00e1c h\u00ecnh h\u1ecdc ph\u1ee9c t\u1ea1p v\u00e0 dung sai ch\u1eb7t ch\u1ebd<\/p>\n<\/li>\n<li data-start=\"3990\" data-end=\"4039\">\n<p data-start=\"3992\" data-end=\"4039\">Thi\u1ebft k\u1ebf m\u1eabu nhanh v\u00e0 s\u1ea3n xu\u1ea5t h\u00e0ng lo\u1ea1t \u0111\u00e1ng tin c\u1eady<\/p>\n<\/li>\n<li data-start=\"4040\" data-end=\"4094\">\n<p data-start=\"4042\" data-end=\"4094\">Ngu\u1ed3n cung \u1ee9ng \u1ed5n \u0111\u1ecbnh v\u00e0 kh\u1ea3 n\u0103ng giao h\u00e0ng to\u00e0n c\u1ea7u<\/p>\n<\/li>\n<\/ul>\n<h2 data-start=\"4101\" data-end=\"4142\"><strong data-start=\"4104\" data-end=\"4140\">C\u00e2u h\u1ecfi th\u01b0\u1eddng g\u1eb7p (FAQ)<\/strong><\/h2>\n<h3 data-start=\"4144\" data-end=\"4204\"><strong data-start=\"4148\" data-end=\"4202\">C\u00e2u h\u1ecfi 1: Qu\u00fd c\u00f4ng ty c\u00f3 s\u1ea3n xu\u1ea5t d\u1ef1a tr\u00ean b\u1ea3n v\u1ebd c\u1ee7a kh\u00e1ch h\u00e0ng kh\u00f4ng?<\/strong><\/h3>\n<p data-start=\"4205\" data-end=\"4280\">\u0110\u00fang v\u1eady. Ch\u00fang t\u00f4i s\u1ea3n xu\u1ea5t c\u00e1c b\u1ed9 ph\u1eadn theo \u0111\u00fang b\u1ea3n v\u1ebd 2D\/3D ho\u1eb7c m\u1eabu c\u1ee7a qu\u00fd kh\u00e1ch.<\/p>\n<h3 data-start=\"4282\" data-end=\"4328\"><strong data-start=\"4286\" data-end=\"4326\">C\u00e2u 2: B\u1ea1n ch\u1ea5p nh\u1eadn nh\u1eefng \u0111\u1ecbnh d\u1ea1ng file n\u00e0o?<\/strong><\/h3>\n<p data-start=\"4329\" data-end=\"4382\">Ch\u00fang t\u00f4i ch\u1ea5p nh\u1eadn <strong data-start=\"4339\" data-end=\"4381\">B\u1ea3n v\u1ebd STEP, IGES, DXF, DWG v\u00e0 PDF<\/strong>.<\/p>\n<h3 data-start=\"4384\" data-end=\"4429\"><strong data-start=\"4388\" data-end=\"4427\">C\u00e2u 3: Th\u1eddi gian ch\u1edd \u0111\u1ee3i th\u00f4ng th\u01b0\u1eddng c\u1ee7a qu\u00fd c\u00f4ng ty l\u00e0 bao l\u00e2u?<\/strong><\/h3>\n<ul data-start=\"4430\" data-end=\"4527\">\n<li data-start=\"4430\" data-end=\"4459\">\n<p data-start=\"4432\" data-end=\"4459\">M\u1eabu th\u1eed nghi\u1ec7m: <strong data-start=\"4444\" data-end=\"4457\">1\u20132 tu\u1ea7n<\/strong><\/p>\n<\/li>\n<li data-start=\"4460\" data-end=\"4490\">\n<p data-start=\"4462\" data-end=\"4490\">S\u1ea3n xu\u1ea5t theo l\u00f4 nh\u1ecf: <strong data-start=\"4475\" data-end=\"4488\">2\u20134 tu\u1ea7n<\/strong><\/p>\n<\/li>\n<li data-start=\"4491\" data-end=\"4527\">\n<p data-start=\"4493\" data-end=\"4527\">S\u1ea3n xu\u1ea5t h\u00e0ng lo\u1ea1t: t\u00f9y thu\u1ed9c v\u00e0o d\u1ef1 \u00e1n<\/p>\n<\/li>\n<\/ul>\n<h3 data-start=\"4529\" data-end=\"4578\"><strong data-start=\"4533\" data-end=\"4576\">C\u00e2u 4: Qu\u00fd c\u00f4ng ty c\u00f3 cung c\u1ea5p c\u00e1c d\u1ecbch v\u1ee5 x\u1eed l\u00fd b\u1ec1 m\u1eb7t kh\u00f4ng?<\/strong><\/h3>\n<p data-start=\"4579\" data-end=\"4657\">\u0110\u00fang. Ch\u00fang t\u00f4i cung c\u1ea5p c\u00e1c d\u1ecbch v\u1ee5 anot h\u00f3a, m\u1ea1, s\u01a1n, passivation v\u00e0 ph\u1ee7 l\u1edbp.<\/p>\n<h3 data-start=\"4659\" data-end=\"4707\"><strong data-start=\"4663\" data-end=\"4705\">C\u00e2u h\u1ecfi 5: Qu\u00fd c\u00f4ng ty c\u00f3 h\u1ed7 tr\u1ee3 \u0111\u01a1n h\u00e0ng s\u1ed1 l\u01b0\u1ee3ng nh\u1ecf kh\u00f4ng?<\/strong><\/h3>\n<p data-start=\"4708\" data-end=\"4778\">\u0110\u00fang. Ch\u00fang t\u00f4i h\u1ed7 tr\u1ee3 s\u1ea3n xu\u1ea5t m\u1eabu th\u1eed, s\u1ea3n xu\u1ea5t s\u1ed1 l\u01b0\u1ee3ng nh\u1ecf v\u00e0 s\u1ea3n xu\u1ea5t quy m\u00f4 l\u1edbn.<\/p>","protected":false},"excerpt":{"rendered":"<p>C\u00e1c b\u1ed9 ph\u1eadn gia c\u00f4ng CNC do <strong data-start=\"560\" data-end=\"569\">Wonzh<\/strong> L\u00e0 c\u00e1c b\u1ed9 ph\u1eadn \u0111\u01b0\u1ee3c gia c\u00f4ng ch\u00ednh x\u00e1c b\u1eb1ng c\u00f4ng ngh\u1ec7 CNC ti\u00ean ti\u1ebfn bao g\u1ed3m ti\u1ec7n, phay, khoan v\u00e0 m\u00e0i. \u0110\u01b0\u1ee3c thi\u1ebft k\u1ebf \u0111\u1ec3 \u0111\u00e1p \u1ee9ng c\u00e1c y\u00eau c\u1ea7u nghi\u00eam ng\u1eb7t v\u1ec1 dung sai k\u00edch th\u01b0\u1edbc v\u00e0 ch\u1ea5t l\u01b0\u1ee3ng b\u1ec1 m\u1eb7t, c\u00e1c b\u1ed9 ph\u1eadn gia c\u00f4ng c\u1ee7a ch\u00fang t\u00f4i \u0111\u01b0\u1ee3c s\u1eed d\u1ee5ng r\u1ed9ng r\u00e3i trong m\u00e1y m\u00f3c c\u00f4ng nghi\u1ec7p, h\u1ec7 th\u1ed1ng t\u1ef1 \u0111\u1ed9ng h\u00f3a, thi\u1ebft b\u1ecb n\u1eb7ng v\u00e0 s\u1ea3n xu\u1ea5t OEM.<\/p>","protected":false},"featured_media":1518,"comment_status":"open","ping_status":"closed","template":"","meta":{"site-sidebar-layout":"default","site-content-layout":"","ast-site-content-layout":"default","site-content-style":"default","site-sidebar-style":"default","ast-global-header-display":"","ast-banner-title-visibility":"","ast-main-header-display":"","ast-hfb-above-header-display":"","ast-hfb-below-header-display":"","ast-hfb-mobile-header-display":"","site-post-title":"","ast-breadcrumbs-content":"","ast-featured-img":"","footer-sml-layout":"","ast-disable-related-posts":"","theme-transparent-header-meta":"default","adv-header-id-meta":"","stick-header-meta":"default","header-above-stick-meta":"","header-main-stick-meta":"","header-below-stick-meta":"","astra-migrate-meta-layouts":"set","ast-page-background-enabled":"default","ast-page-background-meta":{"desktop":{"background-color":"","background-image":"","background-repeat":"repeat","background-position":"center center","background-size":"auto","background-attachment":"scroll","background-type":"","background-media":"","overlay-type":"","overlay-color":"","overlay-opacity":"","overlay-gradient":""},"tablet":{"background-color":"","background-image":"","background-repeat":"repeat","background-position":"center center","background-size":"auto","background-attachment":"scroll","background-type":"","background-media":"","overlay-type":"","overlay-color":"","overlay-opacity":"","overlay-gradient":""},"mobile":{"background-color":"","background-image":"","background-repeat":"repeat","background-position":"center center","background-size":"auto","background-attachment":"scroll","background-type":"","background-media":"","overlay-type":"","overlay-color":"","overlay-opacity":"","overlay-gradient":""}},"ast-content-background-meta":{"desktop":{"background-color":"var(--ast-global-color-5)","background-image":"","background-repeat":"repeat","background-position":"center center","background-size":"auto","background-attachment":"scroll","background-type":"","background-media":"","overlay-type":"","overlay-color":"","overlay-opacity":"","overlay-gradient":""},"tablet":{"background-color":"var(--ast-global-color-5)","background-image":"","background-repeat":"repeat","background-position":"center center","background-size":"auto","background-attachment":"scroll","background-type":"","background-media":"","overlay-type":"","overlay-color":"","overlay-opacity":"","overlay-gradient":""},"mobile":{"background-color":"var(--ast-global-color-5)","background-image":"","background-repeat":"repeat","background-position":"center center","background-size":"auto","background-attachment":"scroll","background-type":"","background-media":"","overlay-type":"","overlay-color":"","overlay-opacity":"","overlay-gradient":""}}},"product_brand":[],"product_cat":[23],"product_tag":[305,311,299,302,301,303,309,306,307,300,308,304,310],"class_list":{"0":"post-1463","1":"product","2":"type-product","3":"status-publish","4":"has-post-thumbnail","6":"product_cat-precision-machined-parts","7":"product_tag-aluminum-machining","8":"product_tag-china-cnc-manufacturer","9":"product_tag-cnc-machined-parts","10":"product_tag-cnc-milling-parts","11":"product_tag-cnc-turning-parts","12":"product_tag-custom-machined-components","13":"product_tag-high-precision-parts","14":"product_tag-industrial-parts-manufacturing","15":"product_tag-oem-machined-parts","16":"product_tag-precision-machining","17":"product_tag-prototype-machining","18":"product_tag-stainless-steel-machining","19":"product_tag-surface-treatment-machining","20":"desktop-align-left","21":"tablet-align-left","22":"mobile-align-left","24":"first","25":"instock","26":"shipping-taxable","27":"product-type-simple"},"_links":{"self":[{"href":"https:\/\/www.wonzh.com\/vi\/wp-json\/wp\/v2\/product\/1463","targetHints":{"allow":["GET"]}}],"collection":[{"href":"https:\/\/www.wonzh.com\/vi\/wp-json\/wp\/v2\/product"}],"about":[{"href":"https:\/\/www.wonzh.com\/vi\/wp-json\/wp\/v2\/types\/product"}],"replies":[{"embeddable":true,"href":"https:\/\/www.wonzh.com\/vi\/wp-json\/wp\/v2\/comments?post=1463"}],"wp:featuredmedia":[{"embeddable":true,"href":"https:\/\/www.wonzh.com\/vi\/wp-json\/wp\/v2\/media\/1518"}],"wp:attachment":[{"href":"https:\/\/www.wonzh.com\/vi\/wp-json\/wp\/v2\/media?parent=1463"}],"wp:term":[{"taxonomy":"product_brand","embeddable":true,"href":"https:\/\/www.wonzh.com\/vi\/wp-json\/wp\/v2\/product_brand?post=1463"},{"taxonomy":"product_cat","embeddable":true,"href":"https:\/\/www.wonzh.com\/vi\/wp-json\/wp\/v2\/product_cat?post=1463"},{"taxonomy":"product_tag","embeddable":true,"href":"https:\/\/www.wonzh.com\/vi\/wp-json\/wp\/v2\/product_tag?post=1463"}],"curies":[{"name":"wp","href":"https:\/\/api.w.org\/{rel}","templated":true}]}}