{"id":1446,"date":"2026-02-03T14:22:59","date_gmt":"2026-02-03T14:22:59","guid":{"rendered":"https:\/\/www.wonzh.com\/?post_type=product&#038;p=1446"},"modified":"2026-02-04T15:05:01","modified_gmt":"2026-02-04T15:05:01","slug":"high-performance-hydraulic-seals-for-cylinders-and-fluid-power-systems","status":"publish","type":"product","link":"https:\/\/www.wonzh.com\/vi\/product\/high-performance-hydraulic-seals-for-cylinders-and-fluid-power-systems\/","title":{"rendered":"Ph\u1edbt th\u1ee7y l\u1ef1c hi\u1ec7u su\u1ea5t cao cho xi lanh v\u00e0 h\u1ec7 th\u1ed1ng truy\u1ec1n \u0111\u1ed9ng th\u1ee7y l\u1ef1c"},"content":{"rendered":"<p data-start=\"555\" data-end=\"914\">C\u00e1c ph\u1edbt th\u1ee7y l\u1ef1c do Wonzh cung c\u1ea5p l\u00e0 c\u00e1c b\u1ed9 ph\u1eadn l\u00e0m k\u00edn \u0111\u01b0\u1ee3c thi\u1ebft k\u1ebf ch\u00ednh x\u00e1c, c\u00f3 ch\u1ee9c n\u0103ng ng\u0103n ch\u1eb7n r\u00f2 r\u1ec9 ch\u1ea5t l\u1ecfng v\u00e0 duy tr\u00ec s\u1ef1 \u1ed5n \u0111\u1ecbnh \u00e1p su\u1ea5t trong xi lanh th\u1ee7y l\u1ef1c, b\u01a1m v\u00e0 h\u1ec7 th\u1ed1ng truy\u1ec1n \u0111\u1ed9ng th\u1ee7y l\u1ef1c. C\u00e1c ph\u1edbt n\u00e0y \u0111\u00f3ng vai tr\u00f2 quan tr\u1ecdng trong vi\u1ec7c \u0111\u1ea3m b\u1ea3o chuy\u1ec3n \u0111\u1ed9ng tr\u01a1n tru c\u1ee7a piston, ng\u0103n ch\u1eb7n r\u00f2 r\u1ec9 b\u00ean trong v\u00e0 b\u1ea3o v\u1ec7 h\u1ec7 th\u1ed1ng th\u1ee7y l\u1ef1c kh\u1ecfi \u00f4 nhi\u1ec5m v\u00e0 m\u00e0i m\u00f2n.<\/p>\n<p data-start=\"916\" data-end=\"1340\">\u0110\u01b0\u1ee3c s\u1ea3n xu\u1ea5t t\u1eeb c\u00e1c v\u1eadt li\u1ec7u elastomer v\u00e0 polymer ti\u00ean ti\u1ebfn nh\u01b0 PU (Polyurethane), NBR, FKM, PTFE v\u00e0 c\u00e1c h\u1ee3p ch\u1ea5t composite PTFE, c\u00e1c ph\u1edbt th\u1ee7y l\u1ef1c Wonzh mang l\u1ea1i kh\u1ea3 n\u0103ng ch\u1ed1ng m\u00e0i m\u00f2n xu\u1ea5t s\u1eafc, hi\u1ec7u su\u1ea5t ma s\u00e1t th\u1ea5p v\u00e0 \u0111\u1ed9 b\u1ec1n cao d\u01b0\u1edbi \u00e1p su\u1ea5t cao. Quy tr\u00ecnh \u0111\u00fac ch\u00ednh x\u00e1c, gia c\u00f4ng CNC v\u00e0 ki\u1ec3m tra ch\u1ea5t l\u01b0\u1ee3ng nghi\u00eam ng\u1eb7t \u0111\u1ea3m b\u1ea3o \u0111\u1ed9 ch\u00ednh x\u00e1c k\u00edch th\u01b0\u1edbc, kh\u1ea3 n\u0103ng \u0111\u00f3ng k\u00edn \u0111\u00e1ng tin c\u1eady v\u00e0 tu\u1ed5i th\u1ecd k\u00e9o d\u00e0i ngay c\u1ea3 trong \u0111i\u1ec1u ki\u1ec7n v\u1eadn h\u00e0nh kh\u1eafc nghi\u1ec7t.<\/p>\n<p data-start=\"1342\" data-end=\"1686\">V\u1edbi t\u01b0 c\u00e1ch l\u00e0 nh\u00e0 cung c\u1ea5p gi\u1ea3i ph\u00e1p \u0111\u00f3ng k\u00edn c\u00f4ng nghi\u1ec7p c\u00f3 kinh nghi\u1ec7m, Wonzh cung c\u1ea5p c\u00e1c m\u1eabu ph\u1edbt th\u1ee7y l\u1ef1c ti\u00eau chu\u1ea9n c\u0169ng nh\u01b0 c\u00e1c gi\u1ea3i ph\u00e1p t\u00f9y ch\u1ec9nh ph\u00f9 h\u1ee3p v\u1edbi y\u00eau c\u1ea7u v\u1ec1 \u00e1p su\u1ea5t, t\u1ed1c \u0111\u1ed9, nhi\u1ec7t \u0111\u1ed9 v\u00e0 t\u01b0\u01a1ng th\u00edch v\u1edbi ch\u1ea5t l\u1ecfng. \u0110\u1ed9i ng\u0169 k\u1ef9 s\u01b0 c\u1ee7a ch\u00fang t\u00f4i h\u1ed7 tr\u1ee3 l\u1ef1a ch\u1ecdn ph\u1edbt, t\u1ed1i \u01b0u h\u00f3a thi\u1ebft k\u1ebf r\u00e3nh v\u00e0 gi\u1ea3i quy\u1ebft c\u00e1c v\u1ea5n \u0111\u1ec1 trong \u1ee9ng d\u1ee5ng \u0111\u1ec3 t\u1ed1i \u0111a h\u00f3a \u0111\u1ed9 tin c\u1eady c\u1ee7a h\u1ec7 th\u1ed1ng.<\/p>\n<h2 data-start=\"1693\" data-end=\"1712\"><strong data-start=\"1696\" data-end=\"1712\">T\u00ednh n\u0103ng ch\u00ednh<\/strong><\/h2>\n<ul data-start=\"1714\" data-end=\"2014\">\n<li data-start=\"1714\" data-end=\"1767\">\n<p data-start=\"1716\" data-end=\"1767\">Hi\u1ec7u su\u1ea5t \u0111\u00f3ng k\u00edn xu\u1ea5t s\u1eafc d\u01b0\u1edbi \u00e1p su\u1ea5t cao<\/p>\n<\/li>\n<li data-start=\"1768\" data-end=\"1815\">\n<p data-start=\"1770\" data-end=\"1815\">Ma s\u00e1t th\u1ea5p v\u00e0 ti\u00eau th\u1ee5 n\u0103ng l\u01b0\u1ee3ng gi\u1ea3m<\/p>\n<\/li>\n<li data-start=\"1816\" data-end=\"1860\">\n<p data-start=\"1818\" data-end=\"1860\">Kh\u1ea3 n\u0103ng ch\u1ed1ng m\u00e0i m\u00f2n v\u00e0 ch\u1ed1ng \u00e9p cao.<\/p>\n<\/li>\n<li data-start=\"1861\" data-end=\"1906\">\n<p data-start=\"1863\" data-end=\"1906\">Ph\u00f9 h\u1ee3p cho chuy\u1ec3n \u0111\u1ed9ng dao \u0111\u1ed9ng \u0111\u1ed9ng.<\/p>\n<\/li>\n<li data-start=\"1907\" data-end=\"1960\">\n<p data-start=\"1909\" data-end=\"1960\">T\u01b0\u01a1ng th\u00edch r\u1ed9ng r\u00e3i v\u1edbi c\u00e1c lo\u1ea1i d\u1ea7u th\u1ee7y l\u1ef1c<\/p>\n<\/li>\n<li data-start=\"1961\" data-end=\"2014\">\n<p data-start=\"1963\" data-end=\"2014\">C\u00e1c thi\u1ebft k\u1ebf t\u00f9y ch\u1ec9nh c\u00f3 s\u1eb5n cho c\u00e1c \u1ee9ng d\u1ee5ng \u0111\u1eb7c bi\u1ec7t.<\/p>\n<\/li>\n<\/ul>\n<h2 data-start=\"2021\" data-end=\"2048\"><strong data-start=\"2024\" data-end=\"2048\">\u1ee8ng d\u1ee5ng \u0111i\u1ec3n h\u00ecnh<\/strong><\/h2>\n<ul data-start=\"2050\" data-end=\"2337\">\n<li data-start=\"2050\" data-end=\"2073\">\n<p data-start=\"2052\" data-end=\"2073\">Xy lanh th\u1ee7y l\u1ef1c<\/p>\n<\/li>\n<li data-start=\"2074\" data-end=\"2115\">\n<p data-start=\"2076\" data-end=\"2115\">M\u00e1y \u0111\u00e0o v\u00e0 thi\u1ebft b\u1ecb x\u00e2y d\u1ef1ng<\/p>\n<\/li>\n<li data-start=\"2116\" data-end=\"2163\">\n<p data-start=\"2118\" data-end=\"2163\">M\u00e1y \u00e9p c\u00f4ng nghi\u1ec7p v\u00e0 thi\u1ebft b\u1ecb t\u1ef1 \u0111\u1ed9ng h\u00f3a<\/p>\n<\/li>\n<li data-start=\"2164\" data-end=\"2184\">\n<p data-start=\"2166\" data-end=\"2184\">Thi\u1ebft b\u1ecb khai th\u00e1c m\u1ecf<\/p>\n<\/li>\n<li data-start=\"2185\" data-end=\"2228\">\n<p data-start=\"2187\" data-end=\"2228\">Xe n\u00e2ng v\u00e0 h\u1ec7 th\u1ed1ng x\u1eed l\u00fd v\u1eadt li\u1ec7u<\/p>\n<\/li>\n<li data-start=\"2229\" data-end=\"2255\">\n<p data-start=\"2231\" data-end=\"2255\">Thi\u1ebft b\u1ecb n\u00f4ng nghi\u1ec7p<\/p>\n<\/li>\n<li data-start=\"2256\" data-end=\"2289\">\n<p data-start=\"2258\" data-end=\"2289\">H\u1ec7 th\u1ed1ng th\u1ee7y l\u1ef1c d\u1ea7u kh\u00ed<\/p>\n<\/li>\n<li data-start=\"2290\" data-end=\"2337\">\n<p data-start=\"2292\" data-end=\"2337\">C\u00e1c \u0111\u01a1n v\u1ecb ngu\u1ed3n \u0111i\u1ec7n th\u1ee7y l\u1ef1c di \u0111\u1ed9ng v\u00e0 c\u1ed1 \u0111\u1ecbnh<\/p>\n<\/li>\n<\/ul>\n<h2 data-start=\"2344\" data-end=\"2381\"><strong data-start=\"2347\" data-end=\"2381\">C\u00e1c lo\u1ea1i ph\u1edbt th\u1ee7y l\u1ef1c m\u00e0 ch\u00fang t\u00f4i cung c\u1ea5p<\/strong><\/h2>\n<div class=\"TyagGW_tableContainer\">\n<div class=\"group TyagGW_tableWrapper flex flex-col-reverse w-fit\" tabindex=\"-1\">\n<table class=\"w-fit min-w-(--thread-content-width)\" data-start=\"2383\" data-end=\"2809\">\n<thead data-start=\"2383\" data-end=\"2426\">\n<tr data-start=\"2383\" data-end=\"2426\">\n<th data-start=\"2383\" data-end=\"2395\" data-col-size=\"sm\">Lo\u1ea1i ni\u00eam phong<\/th>\n<th data-start=\"2395\" data-end=\"2406\" data-col-size=\"md\">Ch\u1ee9c n\u0103ng<\/th>\n<th data-start=\"2406\" data-end=\"2426\" data-col-size=\"sm\">V\u1ecb tr\u00ed \u0111i\u1ec3n h\u00ecnh<\/th>\n<\/tr>\n<\/thead>\n<tbody data-start=\"2441\" data-end=\"2809\">\n<tr data-start=\"2441\" data-end=\"2516\">\n<td data-start=\"2441\" data-end=\"2455\" data-col-size=\"sm\">Ph\u1edbt piston<\/td>\n<td data-start=\"2455\" data-end=\"2497\" data-col-size=\"md\">Ng\u0103n ch\u1eb7n r\u00f2 r\u1ec9 b\u00ean trong qua piston<\/td>\n<td data-start=\"2497\" data-end=\"2516\" data-col-size=\"sm\">B\u00ean trong xilanh<\/td>\n<\/tr>\n<tr data-start=\"2517\" data-end=\"2591\">\n<td data-start=\"2517\" data-end=\"2528\" data-col-size=\"sm\">Ph\u1edbt tr\u1ee5c<\/td>\n<td data-start=\"2528\" data-end=\"2570\" data-col-size=\"md\">Ng\u0103n ch\u1eb7n r\u00f2 r\u1ec9 t\u1eeb b\u00ean ngo\u00e0i ra kh\u1ecfi xi lanh.<\/td>\n<td data-start=\"2570\" data-end=\"2591\" data-col-size=\"sm\">Tr\u1ee5c xi lanh tho\u00e1t ra<\/td>\n<\/tr>\n<tr data-start=\"2592\" data-end=\"2662\">\n<td data-start=\"2592\" data-end=\"2605\" data-col-size=\"sm\">Ph\u1edbt g\u1ea1t n\u01b0\u1edbc<\/td>\n<td data-start=\"2605\" data-end=\"2643\" data-col-size=\"md\">Ch\u1eb7n b\u1ee5i, b\u1ea9n v\u00e0 c\u00e1c ch\u1ea5t g\u00e2y \u00f4 nhi\u1ec5m.<\/td>\n<td data-start=\"2643\" data-end=\"2662\" data-col-size=\"sm\">\u0110i\u1ec3m v\u00e0o c\u1ee7a thanh<\/td>\n<\/tr>\n<tr data-start=\"2663\" data-end=\"2728\">\n<td data-start=\"2663\" data-end=\"2676\" data-col-size=\"sm\">V\u00f2ng d\u1eabn h\u01b0\u1edbng<\/td>\n<td data-start=\"2676\" data-end=\"2710\" data-col-size=\"md\">Ng\u0103n ch\u1eb7n ti\u1ebfp x\u00fac kim lo\u1ea1i v\u1edbi kim lo\u1ea1i<\/td>\n<td data-start=\"2710\" data-end=\"2728\" data-col-size=\"sm\">Piston v\u00e0 thanh truy\u1ec1n<\/td>\n<\/tr>\n<tr data-start=\"2729\" data-end=\"2809\">\n<td data-start=\"2729\" data-end=\"2743\" data-col-size=\"sm\">V\u00f2ng d\u1ef1 ph\u00f2ng<\/td>\n<td data-start=\"2743\" data-end=\"2789\" data-col-size=\"md\">Ng\u0103n ch\u1eb7n hi\u1ec7n t\u01b0\u1ee3ng tr\u00e0n keo d\u01b0\u1edbi \u00e1p su\u1ea5t cao.<\/td>\n<td data-start=\"2789\" data-end=\"2809\" data-col-size=\"sm\">Ph\u00eda sau ph\u1edbt ch\u00ednh<\/td>\n<\/tr>\n<\/tbody>\n<\/table>\n<\/div>\n<\/div>\n<h2 data-start=\"2816\" data-end=\"2868\"><strong data-start=\"2819\" data-end=\"2866\">Th\u00f4ng s\u1ed1 k\u1ef9 thu\u1eadt (Ph\u1ea1m vi \u0111\u1ea1i di\u1ec7n)<\/strong><\/h2>\n<div class=\"TyagGW_tableContainer\">\n<div class=\"group TyagGW_tableWrapper flex flex-col-reverse w-fit\" tabindex=\"-1\">\n<table class=\"w-fit min-w-(--thread-content-width)\" data-start=\"2870\" data-end=\"3388\">\n<thead data-start=\"2870\" data-end=\"2907\">\n<tr data-start=\"2870\" data-end=\"2907\">\n<th data-start=\"2870\" data-end=\"2882\" data-col-size=\"sm\">Tham s\u1ed1<\/th>\n<th data-start=\"2882\" data-end=\"2907\" data-col-size=\"md\">Th\u00f4ng s\u1ed1 k\u1ef9 thu\u1eadt \/ Ph\u1ea1m vi<\/th>\n<\/tr>\n<\/thead>\n<tbody data-start=\"2918\" data-end=\"3388\">\n<tr data-start=\"2918\" data-end=\"2967\">\n<td data-start=\"2918\" data-end=\"2930\" data-col-size=\"sm\">Lo\u1ea1i ni\u00eam phong<\/td>\n<td data-start=\"2930\" data-end=\"2967\" data-col-size=\"md\">Piston, Thanh truy\u1ec1n, C\u1ea7n g\u1ea1t, H\u01b0\u1edbng d\u1eabn, D\u1ef1 ph\u00f2ng<\/td>\n<\/tr>\n<tr data-start=\"2968\" data-end=\"3029\">\n<td data-start=\"2968\" data-end=\"2989\" data-col-size=\"sm\">\u00c1p su\u1ea5t ho\u1ea1t \u0111\u1ed9ng<\/td>\n<td data-start=\"2989\" data-end=\"3029\" data-col-size=\"md\">L\u00ean \u0111\u1ebfn 40 MPa (t\u00f9y thu\u1ed9c v\u00e0o \u1ee9ng d\u1ee5ng)<\/td>\n<\/tr>\n<tr data-start=\"3030\" data-end=\"3090\">\n<td data-start=\"3030\" data-end=\"3050\" data-col-size=\"sm\">Ph\u1ea1m vi nhi\u1ec7t \u0111\u1ed9<\/td>\n<td data-start=\"3050\" data-end=\"3090\" data-col-size=\"md\">-40\u00b0C \u0111\u1ebfn +120\u00b0C (t\u00f9y thu\u1ed9c v\u00e0o v\u1eadt li\u1ec7u)<\/td>\n<\/tr>\n<tr data-start=\"3091\" data-end=\"3150\">\n<td data-start=\"3091\" data-end=\"3107\" data-col-size=\"sm\">T\u1ed1c \u0111\u1ed9 tr\u01b0\u1ee3t<\/td>\n<td data-start=\"3107\" data-end=\"3150\" data-col-size=\"md\">L\u00ean \u0111\u1ebfn 1,0 m\/s (t\u00f9y thu\u1ed9c v\u00e0o c\u1ea5u h\u00ecnh)<\/td>\n<\/tr>\n<tr data-start=\"3151\" data-end=\"3220\">\n<td data-start=\"3151\" data-end=\"3173\" data-col-size=\"sm\">T\u01b0\u01a1ng th\u00edch v\u1edbi c\u00e1c ph\u01b0\u01a1ng ti\u1ec7n truy\u1ec1n th\u00f4ng<\/td>\n<td data-start=\"3173\" data-end=\"3220\" data-col-size=\"md\">D\u1ea7u kho\u00e1ng, dung d\u1ecbch n\u01b0\u1edbc-glycol, ch\u1ea5t l\u1ecfng t\u1ed5ng h\u1ee3p<\/td>\n<\/tr>\n<tr data-start=\"3221\" data-end=\"3281\">\n<td data-start=\"3221\" data-end=\"3243\" data-col-size=\"sm\">C\u00e1c t\u00e0i li\u1ec7u c\u00f3 s\u1eb5n<\/td>\n<td data-start=\"3243\" data-end=\"3281\" data-col-size=\"md\">PU, NBR, FKM, PTFE, Composite PTFE<\/td>\n<\/tr>\n<tr data-start=\"3282\" data-end=\"3339\">\n<td data-start=\"3282\" data-end=\"3308\" data-col-size=\"sm\">\u0110\u1ed9 nh\u00e1m b\u1ec1 m\u1eb7t (Thanh)<\/td>\n<td data-start=\"3308\" data-end=\"3339\" data-col-size=\"md\">Ra 0,2 \u2013 0,4 \u03bcm \u0111\u01b0\u1ee3c khuy\u1ebfn ngh\u1ecb<\/td>\n<\/tr>\n<tr data-start=\"3340\" data-end=\"3388\">\n<td data-start=\"3340\" data-end=\"3362\" data-col-size=\"sm\">C\u00e1c ti\u00eau chu\u1ea9n \u0111\u01b0\u1ee3c h\u1ed7 tr\u1ee3<\/td>\n<td data-start=\"3362\" data-end=\"3388\" data-col-size=\"md\">C\u00e1c h\u1ed3 s\u01a1 ISO c\u00f3 s\u1eb5n<\/td>\n<\/tr>\n<\/tbody>\n<\/table>\n<\/div>\n<\/div>\n<h2 data-start=\"3395\" data-end=\"3426\"><strong data-start=\"3398\" data-end=\"3426\">H\u01b0\u1edbng d\u1eabn l\u1ef1a ch\u1ecdn v\u1eadt li\u1ec7u<\/strong><\/h2>\n<div class=\"TyagGW_tableContainer\">\n<div class=\"group TyagGW_tableWrapper flex flex-col-reverse w-fit\" tabindex=\"-1\">\n<table class=\"w-fit min-w-(--thread-content-width)\" data-start=\"3428\" data-end=\"3860\">\n<thead data-start=\"3428\" data-end=\"3467\">\n<tr data-start=\"3428\" data-end=\"3467\">\n<th data-start=\"3428\" data-end=\"3439\" data-col-size=\"sm\">V\u1eadt li\u1ec7u<\/th>\n<th data-start=\"3439\" data-end=\"3453\" data-col-size=\"sm\">S\u1eed d\u1ee5ng th\u00f4ng th\u01b0\u1eddng<\/th>\n<th data-start=\"3453\" data-end=\"3467\" data-col-size=\"sm\">\u01afu \u0111i\u1ec3m<\/th>\n<\/tr>\n<\/thead>\n<tbody data-start=\"3482\" data-end=\"3860\">\n<tr data-start=\"3482\" data-end=\"3558\">\n<td data-start=\"3482\" data-end=\"3506\" data-col-size=\"sm\"><strong data-start=\"3484\" data-end=\"3505\">PU (Polyurethane)<\/strong><\/td>\n<td data-start=\"3506\" data-end=\"3529\" data-col-size=\"sm\">Xy lanh ch\u1ecbu t\u1ea3i n\u1eb7ng<\/td>\n<td data-start=\"3529\" data-end=\"3558\" data-col-size=\"sm\">Kh\u1ea3 n\u0103ng ch\u1ed1ng m\u00e0i m\u00f2n xu\u1ea5t s\u1eafc<\/td>\n<\/tr>\n<tr data-start=\"3559\" data-end=\"3632\">\n<td data-start=\"3559\" data-end=\"3569\" data-col-size=\"sm\"><strong data-start=\"3561\" data-end=\"3568\">NBR<\/strong><\/td>\n<td data-start=\"3569\" data-end=\"3593\" data-col-size=\"sm\">D\u1ea7u th\u1ee7y l\u1ef1c th\u00f4ng d\u1ee5ng<\/td>\n<td data-start=\"3593\" data-end=\"3632\" data-col-size=\"sm\">Hi\u1ec7u qu\u1ea3 v\u1ec1 chi ph\u00ed, kh\u1ea3 n\u0103ng ch\u1ed1ng d\u1ea7u t\u1ed1t<\/td>\n<\/tr>\n<tr data-start=\"3633\" data-end=\"3706\">\n<td data-start=\"3633\" data-end=\"3651\" data-col-size=\"sm\"><strong data-start=\"3635\" data-end=\"3650\">FKM (Viton)<\/strong><\/td>\n<td data-start=\"3651\" data-end=\"3678\" data-col-size=\"sm\">H\u1ec7 th\u1ed1ng nhi\u1ec7t \u0111\u1ed9 cao<\/td>\n<td data-start=\"3678\" data-end=\"3706\" data-col-size=\"sm\">Kh\u1ea3 n\u0103ng ch\u1ecbu nhi\u1ec7t v\u01b0\u1ee3t tr\u1ed9i<\/td>\n<\/tr>\n<tr data-start=\"3707\" data-end=\"3781\">\n<td data-start=\"3707\" data-end=\"3718\" data-col-size=\"sm\"><strong data-start=\"3709\" data-end=\"3717\">Polytetrafluoroethylene (PTFE)<\/strong><\/td>\n<td data-start=\"3718\" data-end=\"3746\" data-col-size=\"sm\">\u1ee8ng d\u1ee5ng c\u00f3 ma s\u00e1t th\u1ea5p<\/td>\n<td data-start=\"3746\" data-end=\"3781\" data-col-size=\"sm\">Kh\u1ea3 n\u0103ng ch\u1ed1ng h\u00f3a ch\u1ea5t v\u01b0\u1ee3t tr\u1ed9i<\/td>\n<\/tr>\n<tr data-start=\"3782\" data-end=\"3860\">\n<td data-start=\"3782\" data-end=\"3803\" data-col-size=\"sm\"><strong data-start=\"3784\" data-end=\"3802\">H\u1ee3p ch\u1ea5t PTFE<\/strong><\/td>\n<td data-start=\"3803\" data-end=\"3828\" data-col-size=\"sm\">T\u1ea3i tr\u1ecdng cao &amp; t\u1ed1c \u0111\u1ed9 cao<\/td>\n<td data-start=\"3828\" data-end=\"3860\" data-col-size=\"sm\">Ma s\u00e1t r\u1ea5t th\u1ea5p, tu\u1ed5i th\u1ecd cao<\/td>\n<\/tr>\n<\/tbody>\n<\/table>\n<\/div>\n<\/div>\n<h2 data-start=\"3867\" data-end=\"3890\"><strong data-start=\"3870\" data-end=\"3890\">T\u1ea1i sao n\u00ean ch\u1ecdn Wonzh?<\/strong><\/h2>\n<ul data-start=\"3892\" data-end=\"4160\">\n<li data-start=\"3892\" data-end=\"3956\">\n<p data-start=\"3894\" data-end=\"3956\">Ki\u1ec3m so\u00e1t ch\u1ea5t l\u01b0\u1ee3ng nghi\u00eam ng\u1eb7t t\u1eeb nguy\u00ean li\u1ec7u th\u00f4 \u0111\u1ebfn ki\u1ec3m tra cu\u1ed1i c\u00f9ng.<\/p>\n<\/li>\n<li data-start=\"3957\" data-end=\"4008\">\n<p data-start=\"3959\" data-end=\"4008\">D\u1ea3i s\u1ea3n ph\u1ea9m \u0111a d\u1ea1ng bao g\u1ed3m c\u00e1c m\u1eabu seal ti\u00eau chu\u1ea9n v\u00e0 t\u00f9y ch\u1ec9nh.<\/p>\n<\/li>\n<li data-start=\"4009\" data-end=\"4069\">\n<p data-start=\"4011\" data-end=\"4069\">H\u1ed7 tr\u1ee3 k\u1ef9 thu\u1eadt trong thi\u1ebft k\u1ebf r\u00e3nh v\u00e0 l\u1ef1a ch\u1ecdn ph\u1edbt<\/p>\n<\/li>\n<li data-start=\"4070\" data-end=\"4122\">\n<p data-start=\"4072\" data-end=\"4122\">Hi\u1ec7u su\u1ea5t \u1ed5n \u0111\u1ecbnh trong m\u00f4i tr\u01b0\u1eddng l\u00e0m vi\u1ec7c kh\u1eafc nghi\u1ec7t<\/p>\n<\/li>\n<li data-start=\"4123\" data-end=\"4160\">\n<p data-start=\"4125\" data-end=\"4160\">Kh\u1ea3 n\u0103ng cung \u1ee9ng to\u00e0n c\u1ea7u \u0111\u00e1ng tin c\u1eady<\/p>\n<\/li>\n<\/ul>\n<h2 data-start=\"4167\" data-end=\"4208\"><strong data-start=\"4170\" data-end=\"4206\">C\u00e2u h\u1ecfi th\u01b0\u1eddng g\u1eb7p (FAQ)<\/strong><\/h2>\n<h3 data-start=\"4210\" data-end=\"4258\"><strong data-start=\"4214\" data-end=\"4256\">C\u00e2u 1: Van th\u1ee7y l\u1ef1c \u0111\u01b0\u1ee3c s\u1eed d\u1ee5ng \u0111\u1ec3 l\u00e0m g\u00ec?<\/strong><\/h3>\n<p data-start=\"4259\" data-end=\"4400\">Ph\u1edbt th\u1ee7y l\u1ef1c ng\u0103n ch\u1eb7n r\u00f2 r\u1ec9 ch\u1ea5t l\u1ecfng v\u00e0 duy tr\u00ec \u00e1p su\u1ea5t trong xi lanh v\u00e0 h\u1ec7 th\u1ed1ng th\u1ee7y l\u1ef1c \u0111\u1ed3ng th\u1eddi cho ph\u00e9p chuy\u1ec3n \u0111\u1ed9ng qua l\u1ea1i m\u01b0\u1ee3t m\u00e0.<\/p>\n<h3 data-start=\"4402\" data-end=\"4472\"><strong data-start=\"4406\" data-end=\"4470\">C\u00e2u 2: S\u1ef1 kh\u00e1c bi\u1ec7t gi\u1eefa ph\u1edbt piston v\u00e0 ph\u1edbt tr\u1ee5c l\u00e0 g\u00ec?<\/strong><\/h3>\n<ul data-start=\"4473\" data-end=\"4620\">\n<li data-start=\"4473\" data-end=\"4540\">\n<p data-start=\"4475\" data-end=\"4540\"><strong data-start=\"4475\" data-end=\"4491\">Ph\u1edbt piston:<\/strong> Ng\u0103n ch\u1eb7n r\u00f2 r\u1ec9 b\u00ean trong xi lanh.<\/p>\n<\/li>\n<li data-start=\"4541\" data-end=\"4620\">\n<p data-start=\"4543\" data-end=\"4620\"><strong data-start=\"4543\" data-end=\"4556\">Ph\u1edbt tr\u1ee5c:<\/strong> Ng\u0103n ch\u1eb7n r\u00f2 r\u1ec9 t\u1eeb xi lanh ra m\u00f4i tr\u01b0\u1eddng b\u00ean ngo\u00e0i.<\/p>\n<\/li>\n<\/ul>\n<h3 data-start=\"4622\" data-end=\"4681\"><strong data-start=\"4626\" data-end=\"4679\">C\u00e2u 3: C\u00e1c ph\u1edbt th\u1ee7y l\u1ef1c c\u00f3 th\u1ec3 ho\u1ea1t \u0111\u1ed9ng d\u01b0\u1edbi \u00e1p su\u1ea5t cao kh\u00f4ng?<\/strong><\/h3>\n<p data-start=\"4682\" data-end=\"4785\">\u0110\u00fang. V\u1edbi vi\u1ec7c l\u1ef1a ch\u1ecdn v\u1eadt li\u1ec7u ph\u00f9 h\u1ee3p v\u00e0 thi\u1ebft k\u1ebf r\u00e3nh h\u1ee3p l\u00fd, c\u00e1c ph\u1edbt c\u1ee7a ch\u00fang t\u00f4i c\u00f3 th\u1ec3 ho\u1ea1t \u0111\u1ed9ng \u0111\u00e1ng tin c\u1eady l\u00ean \u0111\u1ebfn <strong data-start=\"4774\" data-end=\"4784\">40 MPa<\/strong>.<\/p>\n<h3 data-start=\"4787\" data-end=\"4832\"><strong data-start=\"4791\" data-end=\"4830\">C\u00e2u 4: T\u00f4i n\u00ean ch\u1ecdn v\u1eadt li\u1ec7u n\u00e0o?<\/strong><\/h3>\n<ul data-start=\"4833\" data-end=\"4960\">\n<li data-start=\"4833\" data-end=\"4865\">\n<p data-start=\"4835\" data-end=\"4865\">D\u00e0nh cho c\u00e1c \u1ee9ng d\u1ee5ng \u0111\u00f2i h\u1ecfi \u0111\u1ed9 b\u1ec1n cao \u2192 <strong data-start=\"4857\" data-end=\"4863\">PU<\/strong><\/p>\n<\/li>\n<li data-start=\"4866\" data-end=\"4900\">\n<p data-start=\"4868\" data-end=\"4900\">\u0110\u1ed1i v\u1edbi nhi\u1ec7t \u0111\u1ed9 cao \u2192 <strong data-start=\"4891\" data-end=\"4898\">FKM<\/strong><\/p>\n<\/li>\n<li data-start=\"4901\" data-end=\"4932\">\n<p data-start=\"4903\" data-end=\"4932\">\u0110\u1ed1i v\u1edbi ma s\u00e1t th\u1ea5p \u2192 <strong data-start=\"4922\" data-end=\"4930\">Polytetrafluoroethylene (PTFE)<\/strong><\/p>\n<\/li>\n<li data-start=\"4933\" data-end=\"4960\">\n<p data-start=\"4935\" data-end=\"4960\">D\u00f9ng cho m\u1ee5c \u0111\u00edch chung \u2192 <strong data-start=\"4953\" data-end=\"4960\">NBR<\/strong><\/p>\n<\/li>\n<\/ul>\n<h3 data-start=\"4962\" data-end=\"5004\"><strong data-start=\"4966\" data-end=\"5002\">C\u00e2u h\u1ecfi 5: Qu\u00fd c\u00f4ng ty c\u00f3 cung c\u1ea5p k\u00edch th\u01b0\u1edbc t\u00f9y ch\u1ec9nh kh\u00f4ng?<\/strong><\/h3>\n<p data-start=\"5005\" data-end=\"5122\">\u0110\u00fang v\u1eady. Ch\u00fang t\u00f4i c\u00f3 th\u1ec3 s\u1ea3n xu\u1ea5t c\u00e1c lo\u1ea1i ph\u1edbt theo k\u00edch th\u01b0\u1edbc xi lanh ch\u00ednh x\u00e1c, \u00e1p su\u1ea5t, t\u1ed1c \u0111\u1ed9 v\u00e0 y\u00eau c\u1ea7u nhi\u1ec7t \u0111\u1ed9 c\u1ee7a qu\u00fd kh\u00e1ch.<\/p>","protected":false},"excerpt":{"rendered":"<p>C\u00e1c ph\u1edbt th\u1ee7y l\u1ef1c do Wonzh cung c\u1ea5p l\u00e0 c\u00e1c b\u1ed9 ph\u1eadn l\u00e0m k\u00edn \u0111\u01b0\u1ee3c thi\u1ebft k\u1ebf ch\u00ednh x\u00e1c, nh\u1eb1m ng\u0103n ch\u1eb7n r\u00f2 r\u1ec9 ch\u1ea5t l\u1ecfng v\u00e0 duy tr\u00ec s\u1ef1 \u1ed5n \u0111\u1ecbnh \u00e1p su\u1ea5t trong xi lanh th\u1ee7y l\u1ef1c, b\u01a1m v\u00e0 h\u1ec7 th\u1ed1ng truy\u1ec1n \u0111\u1ed9ng th\u1ee7y l\u1ef1c.<\/p>","protected":false},"featured_media":1496,"comment_status":"open","ping_status":"closed","template":"","meta":{"site-sidebar-layout":"default","site-content-layout":"","ast-site-content-layout":"default","site-content-style":"default","site-sidebar-style":"default","ast-global-header-display":"","ast-banner-title-visibility":"","ast-main-header-display":"","ast-hfb-above-header-display":"","ast-hfb-below-header-display":"","ast-hfb-mobile-header-display":"","site-post-title":"","ast-breadcrumbs-content":"","ast-featured-img":"","footer-sml-layout":"","ast-disable-related-posts":"","theme-transparent-header-meta":"default","adv-header-id-meta":"","stick-header-meta":"default","header-above-stick-meta":"","header-main-stick-meta":"","header-below-stick-meta":"","astra-migrate-meta-layouts":"set","ast-page-background-enabled":"default","ast-page-background-meta":{"desktop":{"background-color":"","background-image":"","background-repeat":"repeat","background-position":"center center","background-size":"auto","background-attachment":"scroll","background-type":"","background-media":"","overlay-type":"","overlay-color":"","overlay-opacity":"","overlay-gradient":""},"tablet":{"background-color":"","background-image":"","background-repeat":"repeat","background-position":"center center","background-size":"auto","background-attachment":"scroll","background-type":"","background-media":"","overlay-type":"","overlay-color":"","overlay-opacity":"","overlay-gradient":""},"mobile":{"background-color":"","background-image":"","background-repeat":"repeat","background-position":"center center","background-size":"auto","background-attachment":"scroll","background-type":"","background-media":"","overlay-type":"","overlay-color":"","overlay-opacity":"","overlay-gradient":""}},"ast-content-background-meta":{"desktop":{"background-color":"var(--ast-global-color-5)","background-image":"","background-repeat":"repeat","background-position":"center center","background-size":"auto","background-attachment":"scroll","background-type":"","background-media":"","overlay-type":"","overlay-color":"","overlay-opacity":"","overlay-gradient":""},"tablet":{"background-color":"var(--ast-global-color-5)","background-image":"","background-repeat":"repeat","background-position":"center center","background-size":"auto","background-attachment":"scroll","background-type":"","background-media":"","overlay-type":"","overlay-color":"","overlay-opacity":"","overlay-gradient":""},"mobile":{"background-color":"var(--ast-global-color-5)","background-image":"","background-repeat":"repeat","background-position":"center center","background-size":"auto","background-attachment":"scroll","background-type":"","background-media":"","overlay-type":"","overlay-color":"","overlay-opacity":"","overlay-gradient":""}}},"product_brand":[],"product_cat":[21],"product_tag":[230,214,237,233,236,229,195,235,203,190,232,226,234,231,227,228],"class_list":{"0":"post-1446","1":"product","2":"type-product","3":"status-publish","4":"has-post-thumbnail","6":"product_cat-sealing-parts-sealing-systems","7":"product_tag-backup-ring","8":"product_tag-china-seal-manufacturer","9":"product_tag-custom-hydraulic-seal","10":"product_tag-fkm-hydraulic-seal","11":"product_tag-fluid-power-seal","12":"product_tag-guide-ring","13":"product_tag-high-pressure-seal","14":"product_tag-hydraulic-cylinder-seal","15":"product_tag-hydraulic-seal","16":"product_tag-industrial-sealing","17":"product_tag-nbr-hydraulic-seal","18":"product_tag-piston-seal","19":"product_tag-ptfe-hydraulic-seal","20":"product_tag-pu-hydraulic-seal","21":"product_tag-rod-seal","22":"product_tag-wiper-seal","23":"desktop-align-left","24":"tablet-align-left","25":"mobile-align-left","27":"first","28":"instock","29":"shipping-taxable","30":"product-type-simple"},"_links":{"self":[{"href":"https:\/\/www.wonzh.com\/vi\/wp-json\/wp\/v2\/product\/1446","targetHints":{"allow":["GET"]}}],"collection":[{"href":"https:\/\/www.wonzh.com\/vi\/wp-json\/wp\/v2\/product"}],"about":[{"href":"https:\/\/www.wonzh.com\/vi\/wp-json\/wp\/v2\/types\/product"}],"replies":[{"embeddable":true,"href":"https:\/\/www.wonzh.com\/vi\/wp-json\/wp\/v2\/comments?post=1446"}],"wp:featuredmedia":[{"embeddable":true,"href":"https:\/\/www.wonzh.com\/vi\/wp-json\/wp\/v2\/media\/1496"}],"wp:attachment":[{"href":"https:\/\/www.wonzh.com\/vi\/wp-json\/wp\/v2\/media?parent=1446"}],"wp:term":[{"taxonomy":"product_brand","embeddable":true,"href":"https:\/\/www.wonzh.com\/vi\/wp-json\/wp\/v2\/product_brand?post=1446"},{"taxonomy":"product_cat","embeddable":true,"href":"https:\/\/www.wonzh.com\/vi\/wp-json\/wp\/v2\/product_cat?post=1446"},{"taxonomy":"product_tag","embeddable":true,"href":"https:\/\/www.wonzh.com\/vi\/wp-json\/wp\/v2\/product_tag?post=1446"}],"curies":[{"name":"wp","href":"https:\/\/api.w.org\/{rel}","templated":true}]}}