{"id":273,"date":"2026-01-29T14:22:45","date_gmt":"2026-01-29T14:22:45","guid":{"rendered":"https:\/\/www.wonzh.com\/training\/"},"modified":"2026-02-01T01:38:18","modified_gmt":"2026-02-01T01:38:18","slug":"ung-dung","status":"publish","type":"page","link":"https:\/\/www.wonzh.com\/vi\/applications\/","title":{"rendered":"\u1ee8ng d\u1ee5ng"},"content":{"rendered":"<div data-elementor-type=\"wp-page\" data-elementor-id=\"273\" class=\"elementor elementor-273\" data-elementor-post-type=\"page\">\n\t\t\t\t<div class=\"elementor-element elementor-element-c8f1513 e-flex e-con-boxed e-con e-parent\" data-id=\"c8f1513\" data-element_type=\"container\" data-e-type=\"container\" data-settings=\"{&quot;background_background&quot;:&quot;classic&quot;}\">\n\t\t\t\t\t<div class=\"e-con-inner\">\n\t\t<div class=\"elementor-element elementor-element-e238a3f e-con-full e-flex e-con e-child\" data-id=\"e238a3f\" data-element_type=\"container\" data-e-type=\"container\">\n\t\t\t\t<div class=\"elementor-element elementor-element-024ca05 elementor-widget elementor-widget-heading\" data-id=\"024ca05\" data-element_type=\"widget\" data-e-type=\"widget\" data-widget_type=\"heading.default\">\n\t\t\t\t<div class=\"elementor-widget-container\">\n\t\t\t\t\t<h1 class=\"elementor-heading-title elementor-size-default\">\u1ee8ng d\u1ee5ng<\/h1>\t\t\t\t<\/div>\n\t\t\t\t<\/div>\n\t\t\t\t<div class=\"elementor-element elementor-element-66f6130 elementor-widget-divider--view-line elementor-widget elementor-widget-divider\" data-id=\"66f6130\" data-element_type=\"widget\" data-e-type=\"widget\" data-widget_type=\"divider.default\">\n\t\t\t\t<div class=\"elementor-widget-container\">\n\t\t\t\t\t\t\t<div class=\"elementor-divider\">\n\t\t\t<span class=\"elementor-divider-separator\">\n\t\t\t\t\t\t<\/span>\n\t\t<\/div>\n\t\t\t\t\t\t<\/div>\n\t\t\t\t<\/div>\n\t\t\t\t<\/div>\n\t\t\t\t\t<\/div>\n\t\t\t\t<\/div>\n\t\t<div class=\"elementor-element elementor-element-95aaa2c e-flex e-con-boxed e-con e-parent\" data-id=\"95aaa2c\" data-element_type=\"container\" data-e-type=\"container\">\n\t\t\t\t\t<div class=\"e-con-inner\">\n\t\t<div class=\"elementor-element elementor-element-fccb6b4 e-con-full e-flex e-con e-child\" data-id=\"fccb6b4\" data-element_type=\"container\" data-e-type=\"container\">\n\t\t\t\t<div class=\"elementor-element elementor-element-09f4d0c elementor-position-right elementor-vertical-align-middle elementor-widget elementor-widget-image-box\" data-id=\"09f4d0c\" data-element_type=\"widget\" data-e-type=\"widget\" data-widget_type=\"image-box.default\">\n\t\t\t\t<div class=\"elementor-widget-container\">\n\t\t\t\t\t<div class=\"elementor-image-box-wrapper\"><figure class=\"elementor-image-box-img\"><img fetchpriority=\"high\" decoding=\"async\" width=\"1024\" height=\"683\" src=\"https:\/\/www.wonzh.com\/wp-content\/uploads\/2026\/02\/Industrial-Equipment-Parts-for-Real-World-Applications.jpeg\" class=\"attachment-full size-full wp-image-1374\" alt=\"Ph\u1ee5 t\u00f9ng thi\u1ebft b\u1ecb c\u00f4ng nghi\u1ec7p cho c\u00e1c \u1ee9ng d\u1ee5ng th\u1ef1c t\u1ebf\" srcset=\"https:\/\/www.wonzh.com\/wp-content\/uploads\/2026\/02\/Industrial-Equipment-Parts-for-Real-World-Applications.jpeg 1024w, https:\/\/www.wonzh.com\/wp-content\/uploads\/2026\/02\/Industrial-Equipment-Parts-for-Real-World-Applications-300x200.jpeg 300w, https:\/\/www.wonzh.com\/wp-content\/uploads\/2026\/02\/Industrial-Equipment-Parts-for-Real-World-Applications-768x512.jpeg 768w, https:\/\/www.wonzh.com\/wp-content\/uploads\/2026\/02\/Industrial-Equipment-Parts-for-Real-World-Applications-600x400.jpeg 600w\" sizes=\"(max-width: 1024px) 100vw, 1024px\" \/><\/figure><div class=\"elementor-image-box-content\"><h2 class=\"elementor-image-box-title\">Ph\u1ee5 t\u00f9ng thi\u1ebft b\u1ecb c\u00f4ng nghi\u1ec7p cho c\u00e1c \u1ee9ng d\u1ee5ng th\u1ef1c t\u1ebf<\/h2><p class=\"elementor-image-box-description\">C\u00f4ng ty TNHH S\u1ea3n xu\u1ea5t Ch\u00ednh x\u00e1c Henan Wonzh cung c\u1ea5p c\u00e1c linh ki\u1ec7n thi\u1ebft b\u1ecb c\u00f4ng nghi\u1ec7p v\u00e0 ph\u1ee5 t\u00f9ng m\u00e0i m\u00f2n cho nhi\u1ec1u m\u00f4i tr\u01b0\u1eddng ho\u1ea1t \u0111\u1ed9ng kh\u00e1c nhau. S\u1ea3n ph\u1ea9m c\u1ee7a ch\u00fang t\u00f4i \u0111\u01b0\u1ee3c s\u1eed d\u1ee5ng r\u1ed9ng r\u00e3i trong b\u1ea3o tr\u00ec thi\u1ebft b\u1ecb, s\u1ea3n xu\u1ea5t OEM v\u00e0 thay th\u1ebf ph\u1ee5 t\u00f9ng MRO, gi\u00fap kh\u00e1ch h\u00e0ng duy tr\u00ec ho\u1ea1t \u0111\u1ed9ng \u1ed5n \u0111\u1ecbnh v\u00e0 ki\u1ec3m so\u00e1t chi ph\u00ed b\u1ea3o tr\u00ec. D\u01b0\u1edbi \u0111\u00e2y l\u00e0 c\u00e1c t\u00ecnh hu\u1ed1ng \u1ee9ng d\u1ee5ng ch\u00ednh c\u1ee7a ch\u00fang t\u00f4i, ph\u1ea3n \u00e1nh c\u00e1ch s\u1ea3n ph\u1ea9m c\u1ee7a ch\u00fang t\u00f4i \u0111\u01b0\u1ee3c s\u1eed d\u1ee5ng trong \u0111i\u1ec1u ki\u1ec7n c\u00f4ng nghi\u1ec7p th\u1ef1c t\u1ebf.<\/p><\/div><\/div>\t\t\t\t<\/div>\n\t\t\t\t<\/div>\n\t\t\t\t<div class=\"elementor-element elementor-element-1cff81d elementor-widget__width-initial elementor-widget-mobile__width-inherit elementor-position-top elementor-widget elementor-widget-image-box\" data-id=\"1cff81d\" data-element_type=\"widget\" data-e-type=\"widget\" data-widget_type=\"image-box.default\">\n\t\t\t\t<div class=\"elementor-widget-container\">\n\t\t\t\t\t<div class=\"elementor-image-box-wrapper\"><figure class=\"elementor-image-box-img\"><a href=\"#\" tabindex=\"-1\"><img decoding=\"async\" width=\"1536\" height=\"1024\" src=\"https:\/\/www.wonzh.com\/wp-content\/uploads\/2026\/02\/Industrial-Machinery-Maintenance.png\" class=\"attachment-full size-full wp-image-1376\" alt=\"B\u1ea3o tr\u00ec m\u00e1y m\u00f3c c\u00f4ng nghi\u1ec7p\" srcset=\"https:\/\/www.wonzh.com\/wp-content\/uploads\/2026\/02\/Industrial-Machinery-Maintenance.png 1536w, https:\/\/www.wonzh.com\/wp-content\/uploads\/2026\/02\/Industrial-Machinery-Maintenance-300x200.png 300w, https:\/\/www.wonzh.com\/wp-content\/uploads\/2026\/02\/Industrial-Machinery-Maintenance-1024x683.png 1024w, https:\/\/www.wonzh.com\/wp-content\/uploads\/2026\/02\/Industrial-Machinery-Maintenance-768x512.png 768w, https:\/\/www.wonzh.com\/wp-content\/uploads\/2026\/02\/Industrial-Machinery-Maintenance-600x400.png 600w\" sizes=\"(max-width: 1536px) 100vw, 1536px\" \/><\/a><\/figure><div class=\"elementor-image-box-content\"><h4 class=\"elementor-image-box-title\"><a href=\"#\">B\u1ea3o tr\u00ec m\u00e1y m\u00f3c c\u00f4ng nghi\u1ec7p<\/a><\/h4><p class=\"elementor-image-box-description\">M\u00e1y m\u00f3c c\u00f4ng nghi\u1ec7p y\u00eau c\u1ea7u vi\u1ec7c thay th\u1ebf \u0111\u1ecbnh k\u1ef3 c\u00e1c b\u1ed9 ph\u1eadn ch\u1ecbu m\u00e0i m\u00f2n cao v\u00e0 b\u1ed9 ph\u1eadn quan tr\u1ecdng \u0111\u1ec3 \u0111\u1ea3m b\u1ea3o ho\u1ea1t \u0111\u1ed9ng li\u00ean t\u1ee5c. Ch\u00fang t\u00f4i cung c\u1ea5p c\u00e1c lo\u1ea1i b\u1ea1c \u0111\u1ea1n, b\u1ed9 ph\u1eadn l\u00e0m k\u00edn, b\u1ed9 ph\u1eadn ch\u1ecbu m\u00e0i m\u00f2n v\u00e0 b\u1ed9 ph\u1eadn truy\u1ec1n \u0111\u1ed9ng th\u01b0\u1eddng \u0111\u01b0\u1ee3c s\u1eed d\u1ee5ng trong m\u00e1y m\u00f3c c\u00f4ng nghi\u1ec7p th\u00f4ng d\u1ee5ng.<\/p><\/div><\/div>\t\t\t\t<\/div>\n\t\t\t\t<\/div>\n\t\t\t\t<div class=\"elementor-element elementor-element-43bee2a elementor-widget__width-initial elementor-widget-mobile__width-inherit elementor-position-top elementor-widget elementor-widget-image-box\" data-id=\"43bee2a\" data-element_type=\"widget\" data-e-type=\"widget\" data-widget_type=\"image-box.default\">\n\t\t\t\t<div class=\"elementor-widget-container\">\n\t\t\t\t\t<div class=\"elementor-image-box-wrapper\"><figure class=\"elementor-image-box-img\"><a href=\"#\" tabindex=\"-1\"><img decoding=\"async\" width=\"1783\" height=\"1191\" src=\"https:\/\/www.wonzh.com\/wp-content\/uploads\/2026\/02\/BoydHydraulicHead.jpg\" class=\"attachment-full size-full wp-image-1377\" alt=\"\u0110\u1ea7u th\u1ee7y l\u1ef1c\" srcset=\"https:\/\/www.wonzh.com\/wp-content\/uploads\/2026\/02\/BoydHydraulicHead.jpg 1783w, https:\/\/www.wonzh.com\/wp-content\/uploads\/2026\/02\/BoydHydraulicHead-300x200.jpg 300w, https:\/\/www.wonzh.com\/wp-content\/uploads\/2026\/02\/BoydHydraulicHead-1024x684.jpg 1024w, https:\/\/www.wonzh.com\/wp-content\/uploads\/2026\/02\/BoydHydraulicHead-768x513.jpg 768w, https:\/\/www.wonzh.com\/wp-content\/uploads\/2026\/02\/BoydHydraulicHead-1536x1026.jpg 1536w, https:\/\/www.wonzh.com\/wp-content\/uploads\/2026\/02\/BoydHydraulicHead-600x401.jpg 600w\" sizes=\"(max-width: 1783px) 100vw, 1783px\" \/><\/a><\/figure><div class=\"elementor-image-box-content\"><h4 class=\"elementor-image-box-title\"><a href=\"#\">H\u1ec7 th\u1ed1ng th\u1ee7y l\u1ef1c v\u00e0 kh\u00ed n\u00e9n<\/a><\/h4><p class=\"elementor-image-box-description\">H\u1ec7 th\u1ed1ng th\u1ee7y l\u1ef1c v\u00e0 kh\u00ed n\u00e9n ho\u1ea1t \u0111\u1ed9ng d\u01b0\u1edbi \u00e1p su\u1ea5t, bi\u1ebfn \u0111\u1ed5i nhi\u1ec7t \u0111\u1ed9 v\u00e0 chuy\u1ec3n \u0111\u1ed9ng th\u01b0\u1eddng xuy\u00ean. C\u00e1c th\u00e0nh ph\u1ea7n k\u00edn kh\u00edt \u0111\u00e1ng tin c\u1eady v\u00e0 ch\u00ednh x\u00e1c l\u00e0 y\u1ebfu t\u1ed1 quan tr\u1ecdng \u0111\u1ec3 ng\u0103n ch\u1eb7n r\u00f2 r\u1ec9 v\u00e0 m\u1ea5t hi\u1ec7u su\u1ea5t.<\/p><\/div><\/div>\t\t\t\t<\/div>\n\t\t\t\t<\/div>\n\t\t\t\t<div class=\"elementor-element elementor-element-3b535ac elementor-widget__width-initial elementor-widget-mobile__width-inherit elementor-position-top elementor-widget elementor-widget-image-box\" data-id=\"3b535ac\" data-element_type=\"widget\" data-e-type=\"widget\" data-widget_type=\"image-box.default\">\n\t\t\t\t<div class=\"elementor-widget-container\">\n\t\t\t\t\t<div class=\"elementor-image-box-wrapper\"><figure class=\"elementor-image-box-img\"><a href=\"#\" tabindex=\"-1\"><img loading=\"lazy\" decoding=\"async\" width=\"750\" height=\"500\" src=\"https:\/\/www.wonzh.com\/wp-content\/uploads\/2026\/02\/industrial-workers-operating-machinery-in-factory.jpg\" class=\"attachment-full size-full wp-image-1378\" alt=\"C\u00f4ng nh\u00e2n c\u00f4ng nghi\u1ec7p v\u1eadn h\u00e0nh m\u00e1y m\u00f3c trong nh\u00e0 m\u00e1y\" srcset=\"https:\/\/www.wonzh.com\/wp-content\/uploads\/2026\/02\/industrial-workers-operating-machinery-in-factory.jpg 750w, https:\/\/www.wonzh.com\/wp-content\/uploads\/2026\/02\/industrial-workers-operating-machinery-in-factory-300x200.jpg 300w, https:\/\/www.wonzh.com\/wp-content\/uploads\/2026\/02\/industrial-workers-operating-machinery-in-factory-600x400.jpg 600w\" sizes=\"(max-width: 750px) 100vw, 750px\" \/><\/a><\/figure><div class=\"elementor-image-box-content\"><h4 class=\"elementor-image-box-title\"><a href=\"#\">Thi\u1ebft b\u1ecb x\u1eed l\u00fd v\u1eadt li\u1ec7u v\u00e0 n\u00e2ng h\u1ea1<\/a><\/h4><p class=\"elementor-image-box-description\">Thi\u1ebft b\u1ecb x\u1eed l\u00fd v\u1eadt li\u1ec7u v\u00e0 n\u00e2ng h\u1ea1 ho\u1ea1t \u0111\u1ed9ng trong \u0111i\u1ec1u ki\u1ec7n t\u1ea3i li\u00ean t\u1ee5c v\u00e0 \u1ee9ng su\u1ea5t \u0111\u1ed9ng. C\u00e1c b\u1ed9 ph\u1eadn \u0111\u01b0\u1ee3c s\u1eed d\u1ee5ng trong c\u00e1c h\u1ec7 th\u1ed1ng n\u00e0y ph\u1ea3i \u0111\u00e1p \u1ee9ng c\u00e1c y\u00eau c\u1ea7u v\u1ec1 \u0111\u1ed9 b\u1ec1n, an to\u00e0n v\u00e0 \u0111\u1ed9 b\u1ec1n.<\/p><\/div><\/div>\t\t\t\t<\/div>\n\t\t\t\t<\/div>\n\t\t\t\t<div class=\"elementor-element elementor-element-ec19072 elementor-widget__width-initial elementor-widget-mobile__width-inherit elementor-position-top elementor-widget elementor-widget-image-box\" data-id=\"ec19072\" data-element_type=\"widget\" data-e-type=\"widget\" data-widget_type=\"image-box.default\">\n\t\t\t\t<div class=\"elementor-widget-container\">\n\t\t\t\t\t<div class=\"elementor-image-box-wrapper\"><figure class=\"elementor-image-box-img\"><a href=\"#\" tabindex=\"-1\"><img loading=\"lazy\" decoding=\"async\" width=\"1200\" height=\"800\" src=\"https:\/\/www.wonzh.com\/wp-content\/uploads\/2026\/02\/OEM.jpg\" class=\"attachment-full size-full wp-image-1379\" alt=\"OEM\" srcset=\"https:\/\/www.wonzh.com\/wp-content\/uploads\/2026\/02\/OEM.jpg 1200w, https:\/\/www.wonzh.com\/wp-content\/uploads\/2026\/02\/OEM-300x200.jpg 300w, https:\/\/www.wonzh.com\/wp-content\/uploads\/2026\/02\/OEM-1024x683.jpg 1024w, https:\/\/www.wonzh.com\/wp-content\/uploads\/2026\/02\/OEM-768x512.jpg 768w, https:\/\/www.wonzh.com\/wp-content\/uploads\/2026\/02\/OEM-600x400.jpg 600w\" sizes=\"(max-width: 1200px) 100vw, 1200px\" \/><\/a><\/figure><div class=\"elementor-image-box-content\"><h4 class=\"elementor-image-box-title\"><a href=\"#\">S\u1ea3n xu\u1ea5t thi\u1ebft b\u1ecb OEM<\/a><\/h4><p class=\"elementor-image-box-description\">Ch\u00fang t\u00f4i h\u1ed7 tr\u1ee3 c\u00e1c nh\u00e0 s\u1ea3n xu\u1ea5t thi\u1ebft b\u1ecb g\u1ed1c (OEM) v\u1edbi c\u00e1c linh ki\u1ec7n ti\u00eau chu\u1ea9n, linh ki\u1ec7n thay th\u1ebf t\u01b0\u01a1ng th\u00edch v\u00e0 linh ki\u1ec7n gia c\u00f4ng theo y\u00eau c\u1ea7u d\u1ef1a tr\u00ean b\u1ea3n v\u1ebd ho\u1eb7c m\u1eabu.<\/p><\/div><\/div>\t\t\t\t<\/div>\n\t\t\t\t<\/div>\n\t\t\t\t<div class=\"elementor-element elementor-element-f92d5c5 elementor-widget__width-initial elementor-widget-mobile__width-inherit elementor-position-top elementor-widget elementor-widget-image-box\" data-id=\"f92d5c5\" data-element_type=\"widget\" data-e-type=\"widget\" data-widget_type=\"image-box.default\">\n\t\t\t\t<div class=\"elementor-widget-container\">\n\t\t\t\t\t<div class=\"elementor-image-box-wrapper\"><figure class=\"elementor-image-box-img\"><a href=\"#\" tabindex=\"-1\"><img loading=\"lazy\" decoding=\"async\" width=\"500\" height=\"333\" src=\"https:\/\/www.wonzh.com\/wp-content\/uploads\/2026\/02\/MRO.png\" class=\"attachment-full size-full wp-image-1380\" alt=\"mro\" srcset=\"https:\/\/www.wonzh.com\/wp-content\/uploads\/2026\/02\/MRO.png 500w, https:\/\/www.wonzh.com\/wp-content\/uploads\/2026\/02\/MRO-300x200.png 300w\" sizes=\"(max-width: 500px) 100vw, 500px\" \/><\/a><\/figure><div class=\"elementor-image-box-content\"><h4 class=\"elementor-image-box-title\"><a href=\"#\">B\u1ea3o tr\u00ec, s\u1eeda ch\u1eefa v\u00e0 thay th\u1ebf ph\u1ee5 t\u00f9ng<\/a><\/h4><p class=\"elementor-image-box-description\">\u0110\u1ed1i v\u1edbi c\u00e1c \u0111\u1ed9i ng\u0169 b\u1ea3o tr\u00ec v\u00e0 ng\u01b0\u1eddi mua MRO, vi\u1ec7c t\u00ecm ki\u1ebfm linh ki\u1ec7n thay th\u1ebf nhanh ch\u00f3ng v\u00e0 ch\u00ednh x\u00e1c l\u00e0 v\u00f4 c\u00f9ng quan tr\u1ecdng. Ch\u00fang t\u00f4i h\u1ed7 tr\u1ee3 kh\u00e1ch h\u00e0ng x\u00e1c \u0111\u1ecbnh c\u00e1c linh ki\u1ec7n thay th\u1ebf ph\u00f9 h\u1ee3p, ngay c\u1ea3 khi s\u1ed1 hi\u1ec7u linh ki\u1ec7n g\u1ed1c ho\u1eb7c b\u1ea3n v\u1ebd kh\u00f4ng \u0111\u1ea7y \u0111\u1ee7.<\/p><\/div><\/div>\t\t\t\t<\/div>\n\t\t\t\t<\/div>\n\t\t\t\t<div class=\"elementor-element elementor-element-9b00271 elementor-widget__width-initial elementor-widget-mobile__width-inherit elementor-position-top elementor-widget elementor-widget-image-box\" data-id=\"9b00271\" data-element_type=\"widget\" data-e-type=\"widget\" data-widget_type=\"image-box.default\">\n\t\t\t\t<div class=\"elementor-widget-container\">\n\t\t\t\t\t<div class=\"elementor-image-box-wrapper\"><figure class=\"elementor-image-box-img\"><a href=\"#\" tabindex=\"-1\"><img loading=\"lazy\" decoding=\"async\" width=\"660\" height=\"439\" src=\"https:\/\/www.wonzh.com\/wp-content\/uploads\/2026\/02\/Transmission.webp\" class=\"attachment-full size-full wp-image-1381\" alt=\"truy\u1ec1n t\u1ea3i\" srcset=\"https:\/\/www.wonzh.com\/wp-content\/uploads\/2026\/02\/Transmission.webp 660w, https:\/\/www.wonzh.com\/wp-content\/uploads\/2026\/02\/Transmission-300x200.webp 300w, https:\/\/www.wonzh.com\/wp-content\/uploads\/2026\/02\/Transmission-600x399.webp 600w\" sizes=\"(max-width: 660px) 100vw, 660px\" \/><\/a><\/figure><div class=\"elementor-image-box-content\"><h4 class=\"elementor-image-box-title\"><a href=\"#\">H\u1ec7 th\u1ed1ng truy\u1ec1n \u0111\u1ed9ng v\u00e0 truy\u1ec1n l\u1ef1c<\/a><\/h4><p class=\"elementor-image-box-description\">H\u1ec7 th\u1ed1ng truy\u1ec1n \u0111\u1ed9ng c\u01a1 kh\u00ed \u0111\u01b0\u1ee3c s\u1eed d\u1ee5ng r\u1ed9ng r\u00e3i trong c\u00e1c thi\u1ebft b\u1ecb c\u00f4ng nghi\u1ec7p. Vi\u1ec7c l\u1ef1a ch\u1ecdn \u0111\u00fang c\u00e1c th\u00e0nh ph\u1ea7n \u0111\u1ea3m b\u1ea3o truy\u1ec1n \u0111\u1ed9ng hi\u1ec7u qu\u1ea3 v\u00e0 gi\u1ea3m thi\u1ec3u m\u00e0i m\u00f2n c\u1ee7a h\u1ec7 th\u1ed1ng.<\/p><\/div><\/div>\t\t\t\t<\/div>\n\t\t\t\t<\/div>\n\t\t\t\t<\/div>\n\t\t\t\t\t<\/div>\n\t\t\t\t<\/div>\n\t\t<div class=\"elementor-element elementor-element-612b94a e-flex e-con-boxed e-con e-parent\" data-id=\"612b94a\" data-element_type=\"container\" data-e-type=\"container\" data-settings=\"{&quot;background_background&quot;:&quot;classic&quot;}\">\n\t\t\t\t\t<div class=\"e-con-inner\">\n\t\t<div class=\"elementor-element elementor-element-0d15ea1 e-con-full e-flex e-con e-child\" data-id=\"0d15ea1\" data-element_type=\"container\" data-e-type=\"container\">\n\t\t\t\t<div class=\"elementor-element elementor-element-2a8ed68 elementor-widget elementor-widget-heading\" data-id=\"2a8ed68\" data-element_type=\"widget\" data-e-type=\"widget\" data-widget_type=\"heading.default\">\n\t\t\t\t<div class=\"elementor-widget-container\">\n\t\t\t\t\t<h6 class=\"elementor-heading-title elementor-size-default\">C\u00e1ch ch\u00fang t\u00f4i h\u1ed7 tr\u1ee3 \u0111\u01a1n \u0111\u0103ng k\u00fd c\u1ee7a b\u1ea1n<\/h6>\t\t\t\t<\/div>\n\t\t\t\t<\/div>\n\t\t\t\t<div class=\"elementor-element elementor-element-00d2124 elementor-widget elementor-widget-heading\" data-id=\"00d2124\" data-element_type=\"widget\" data-e-type=\"widget\" data-widget_type=\"heading.default\">\n\t\t\t\t<div class=\"elementor-widget-container\">\n\t\t\t\t\t<h5 class=\"elementor-heading-title elementor-size-default\">Ch\u00fang t\u00f4i cung c\u1ea5p c\u00e1c linh ki\u1ec7n ti\u00eau chu\u1ea9n, linh ki\u1ec7n thay th\u1ebf, s\u1ea3n xu\u1ea5t OEM v\u00e0 gia c\u00f4ng theo y\u00eau c\u1ea7u, v\u1edbi ngu\u1ed3n cung \u1ee9ng d\u1ef1a tr\u00ean b\u1ea3n v\u1ebd, m\u1eabu s\u1ea3n ph\u1ea9m v\u00e0 y\u00eau c\u1ea7u \u1ee9ng d\u1ee5ng. \u0110\u1ed9i ng\u0169 c\u1ee7a ch\u00fang t\u00f4i t\u1eadp trung v\u00e0o giao ti\u1ebfp r\u00f5 r\u00e0ng v\u00e0 c\u00e1c \u0111\u1ec1 xu\u1ea5t th\u1ef1c ti\u1ec5n, gi\u00fap kh\u00e1ch h\u00e0ng x\u00e1c \u0111\u1ecbnh c\u00e1c gi\u1ea3i ph\u00e1p ph\u00f9 h\u1ee3p m\u1ed9t c\u00e1ch hi\u1ec7u qu\u1ea3. S\u1ed1 l\u01b0\u1ee3ng linh ho\u1ea1t c\u00f3 s\u1eb5n cho c\u1ea3 \u0111\u01a1n h\u00e0ng th\u1eed nghi\u1ec7m v\u00e0 cung c\u1ea5p l\u1eb7p l\u1ea1i. N\u1ebfu b\u1ea1n kh\u00f4ng ch\u1eafc ch\u1eafn v\u1ec1 th\u00f4ng s\u1ed1 k\u1ef9 thu\u1eadt c\u1ee7a linh ki\u1ec7n ho\u1eb7c t\u00ednh t\u01b0\u01a1ng th\u00edch c\u1ee7a linh ki\u1ec7n thay th\u1ebf, vui l\u00f2ng li\u00ean h\u1ec7 v\u1edbi ch\u00fang t\u00f4i k\u00e8m theo chi ti\u1ebft \u1ee9ng d\u1ee5ng c\u1ee7a b\u1ea1n, v\u00e0 ch\u00fang t\u00f4i s\u1ebd xem x\u00e9t y\u00eau c\u1ea7u c\u1ee7a b\u1ea1n v\u00e0 cung c\u1ea5p c\u00e1c t\u00f9y ch\u1ecdn ph\u00f9 h\u1ee3p.<\/h5>\t\t\t\t<\/div>\n\t\t\t\t<\/div>\n\t\t\t\t<div class=\"elementor-element elementor-element-d7df4bf elementor-widget elementor-widget-text-editor\" data-id=\"d7df4bf\" data-element_type=\"widget\" data-e-type=\"widget\" data-widget_type=\"text-editor.default\">\n\t\t\t\t<div class=\"elementor-widget-container\">\n\t\t\t\t\t\t\t\t\t<p>Amet, m\u1ed9t con v\u1eadt th\u00f4ng minh, gh\u00e9t s\u1ef1 gi\u00e0 nua v\u00e0 hi\u1ec7n t\u1ea1i, n\u00f3 \u0111ang t\u00ecm ki\u1ebfm m\u1ed9t n\u01a1i \u0111\u1ec3 ngh\u1ec9 ng\u01a1i.<\/p>\t\t\t\t\t\t\t\t<\/div>\n\t\t\t\t<\/div>\n\t\t\t\t<div class=\"elementor-element elementor-element-30677dc elementor-align-center elementor-widget elementor-widget-button\" data-id=\"30677dc\" data-element_type=\"widget\" data-e-type=\"widget\" data-widget_type=\"button.default\">\n\t\t\t\t<div class=\"elementor-widget-container\">\n\t\t\t\t\t\t\t\t\t<div class=\"elementor-button-wrapper\">\n\t\t\t\t\t<a class=\"elementor-button elementor-button-link elementor-size-sm\" href=\"mailto:sales@wonzh.com\">\n\t\t\t\t\t\t<span class=\"elementor-button-content-wrapper\">\n\t\t\t\t\t\t\t\t\t<span class=\"elementor-button-text\">Li\u00ean h\u1ec7 v\u1edbi ch\u00fang t\u00f4i ngay h\u00f4m nay<\/span>\n\t\t\t\t\t<\/span>\n\t\t\t\t\t<\/a>\n\t\t\t\t<\/div>\n\t\t\t\t\t\t\t\t<\/div>\n\t\t\t\t<\/div>\n\t\t\t\t<\/div>\n\t\t\t\t\t<\/div>\n\t\t\t\t<\/div>\n\t\t\t\t<\/div>","protected":false},"excerpt":{"rendered":"<p>Applications Industrial Equipment Parts for Real-World Applications Henan Wonzh Precision Manufacturing Co., Ltd. supplies industrial equipment components and wear parts for a wide range of operating environments. Our products are commonly used in equipment maintenance, OEM manufacturing, and MRO spare parts replacement, helping customers maintain stable operation and control maintenance costs. Below are our core [&hellip;]<\/p>\n","protected":false},"author":1,"featured_media":0,"parent":0,"menu_order":0,"comment_status":"closed","ping_status":"closed","template":"","meta":{"site-sidebar-layout":"no-sidebar","site-content-layout":"page-builder","ast-site-content-layout":"default","site-content-style":"default","site-sidebar-style":"default","ast-global-header-display":"","ast-banner-title-visibility":"","ast-main-header-display":"","ast-hfb-above-header-display":"","ast-hfb-below-header-display":"","ast-hfb-mobile-header-display":"","site-post-title":"disabled","ast-breadcrumbs-content":"disabled","ast-featured-img":"disabled","footer-sml-layout":"","ast-disable-related-posts":"","theme-transparent-header-meta":"enabled","adv-header-id-meta":"","stick-header-meta":"","header-above-stick-meta":"","header-main-stick-meta":"","header-below-stick-meta":"","astra-migrate-meta-layouts":"default","ast-page-background-enabled":"default","ast-page-background-meta":{"desktop":{"background-color":"","background-image":"","background-repeat":"repeat","background-position":"center center","background-size":"auto","background-attachment":"scroll","background-type":"","background-media":"","overlay-type":"","overlay-color":"","overlay-opacity":"","overlay-gradient":""},"tablet":{"background-color":"","background-image":"","background-repeat":"repeat","background-position":"center center","background-size":"auto","background-attachment":"scroll","background-type":"","background-media":"","overlay-type":"","overlay-color":"","overlay-opacity":"","overlay-gradient":""},"mobile":{"background-color":"","background-image":"","background-repeat":"repeat","background-position":"center center","background-size":"auto","background-attachment":"scroll","background-type":"","background-media":"","overlay-type":"","overlay-color":"","overlay-opacity":"","overlay-gradient":""}},"ast-content-background-meta":{"desktop":{"background-color":"var(--ast-global-color-5)","background-image":"","background-repeat":"repeat","background-position":"center center","background-size":"auto","background-attachment":"scroll","background-type":"","background-media":"","overlay-type":"","overlay-color":"","overlay-opacity":"","overlay-gradient":""},"tablet":{"background-color":"var(--ast-global-color-5)","background-image":"","background-repeat":"repeat","background-position":"center center","background-size":"auto","background-attachment":"scroll","background-type":"","background-media":"","overlay-type":"","overlay-color":"","overlay-opacity":"","overlay-gradient":""},"mobile":{"background-color":"var(--ast-global-color-5)","background-image":"","background-repeat":"repeat","background-position":"center center","background-size":"auto","background-attachment":"scroll","background-type":"","background-media":"","overlay-type":"","overlay-color":"","overlay-opacity":"","overlay-gradient":""}},"footnotes":""},"class_list":["post-273","page","type-page","status-publish","hentry"],"_links":{"self":[{"href":"https:\/\/www.wonzh.com\/vi\/wp-json\/wp\/v2\/pages\/273","targetHints":{"allow":["GET"]}}],"collection":[{"href":"https:\/\/www.wonzh.com\/vi\/wp-json\/wp\/v2\/pages"}],"about":[{"href":"https:\/\/www.wonzh.com\/vi\/wp-json\/wp\/v2\/types\/page"}],"author":[{"embeddable":true,"href":"https:\/\/www.wonzh.com\/vi\/wp-json\/wp\/v2\/users\/1"}],"replies":[{"embeddable":true,"href":"https:\/\/www.wonzh.com\/vi\/wp-json\/wp\/v2\/comments?post=273"}],"version-history":[{"count":10,"href":"https:\/\/www.wonzh.com\/vi\/wp-json\/wp\/v2\/pages\/273\/revisions"}],"predecessor-version":[{"id":1384,"href":"https:\/\/www.wonzh.com\/vi\/wp-json\/wp\/v2\/pages\/273\/revisions\/1384"}],"wp:attachment":[{"href":"https:\/\/www.wonzh.com\/vi\/wp-json\/wp\/v2\/media?parent=273"}],"curies":[{"name":"wp","href":"https:\/\/api.w.org\/{rel}","templated":true}]}}