{"id":2155,"date":"2026-04-29T15:46:24","date_gmt":"2026-04-29T15:46:24","guid":{"rendered":"https:\/\/www.wonzh.com\/?post_type=product&#038;p=2155"},"modified":"2026-04-29T15:46:25","modified_gmt":"2026-04-29T15:46:25","slug":"dfw-series-cable-branch-box-outdoor-indoor-underground-fully-insulated-cable-distribution-junction-box-for-power-cable-network-system","status":"publish","type":"product","link":"https:\/\/www.wonzh.com\/tr\/product\/dfw-series-cable-branch-box-outdoor-indoor-underground-fully-insulated-cable-distribution-junction-box-for-power-cable-network-system\/","title":{"rendered":"DFW Serisi Kablo Bran\u015fman Kutusu (G\u00fc\u00e7 Kablosu A\u011f Sistemi i\u00e7in D\u0131\u015f Mekan \/ \u0130\u00e7 Mekan \/ Yeralt\u0131 Tam Yal\u0131t\u0131ml\u0131 Kablo Da\u011f\u0131t\u0131m Ba\u011flant\u0131 Kutusu)"},"content":{"rendered":"<p data-start=\"267\" data-end=\"438\">DFW serisi kablo bran\u015fman kutusu, modern g\u00fc\u00e7 kablosu a\u011f sistemleri i\u00e7in tasarlanm\u0131\u015f \u00e7ok y\u00f6nl\u00fc bir orta ve al\u00e7ak gerilim kablo da\u011f\u0131t\u0131m ve ba\u011flant\u0131 cihaz\u0131d\u0131r.<\/p>\n<p data-start=\"440\" data-end=\"483\">Birden fazla konfig\u00fcrasyonda mevcuttur:<\/p>\n<ul data-start=\"484\" data-end=\"585\">\n<li data-section-id=\"1b1rycm\" data-start=\"484\" data-end=\"518\">Amerikan tipi kablo bran\u015fman kutusu<\/li>\n<li data-section-id=\"4zhipb\" data-start=\"519\" data-end=\"553\">Avrupa tipi kablo bran\u015fman kutusu<\/li>\n<li data-section-id=\"1y53ypx\" data-start=\"554\" data-end=\"585\">Y\u00fck anahtar\u0131 tipi bran\u015fman kutusu<\/li>\n<\/ul>\n<p data-start=\"587\" data-end=\"610\">\u0130\u00e7ine monte edilebilir:<\/p>\n<ul data-start=\"611\" data-end=\"688\">\n<li data-section-id=\"ogmok6\" data-start=\"611\" data-end=\"635\">D\u0131\u015f ortamlar<\/li>\n<li data-section-id=\"1ga8o2c\" data-start=\"636\" data-end=\"658\">Kapal\u0131 trafo merkezleri<\/li>\n<li data-section-id=\"4gvg0a\" data-start=\"659\" data-end=\"688\">Yeralt\u0131 tesisatlar\u0131<\/li>\n<\/ul>\n<p data-start=\"690\" data-end=\"738\">Sistem, g\u00fc\u00e7 kablolar\u0131n\u0131 ba\u011flamak i\u00e7in kullan\u0131l\u0131r:<\/p>\n<ul data-start=\"739\" data-end=\"850\">\n<li data-section-id=\"1wb0xsk\" data-start=\"739\" data-end=\"767\">Tampona monte transformat\u00f6rler<\/li>\n<li data-section-id=\"204qt5\" data-start=\"768\" data-end=\"792\">Y\u00fck \u015falteri dolaplar\u0131<\/li>\n<li data-section-id=\"1n6bpa2\" data-start=\"793\" data-end=\"824\">Sigorta-kombinasyon \u015falt sistemi<\/li>\n<li data-section-id=\"1nbsyjz\" data-start=\"825\" data-end=\"850\">Halka ana \u00fcniteler (RMU)<\/li>\n<\/ul>\n<p data-start=\"852\" data-end=\"955\">\ud83d\udc49 G\u00fc\u00e7 kablolar\u0131n\u0131n dallanma, da\u011f\u0131t\u0131m, aktar\u0131m ve ara ba\u011flant\u0131 i\u015flevlerini sa\u011flar.<\/p>\n<hr data-start=\"957\" data-end=\"960\" \/>\n<h2 data-section-id=\"17fvu7l\" data-start=\"962\" data-end=\"980\">\ud83d\udd39 Temel \u00d6zellikler<\/h2>\n<h3 data-section-id=\"83kma6\" data-start=\"982\" data-end=\"1022\">\u2714 Esnek Kablo A\u011f\u0131 Entegrasyonu<\/h3>\n<ul data-start=\"1023\" data-end=\"1127\">\n<li data-section-id=\"1xveqe0\" data-start=\"1023\" data-end=\"1076\">\u00c7oklu kablo ba\u011flant\u0131 konfig\u00fcrasyonlar\u0131n\u0131 destekler<\/li>\n<li data-section-id=\"qn3ivt\" data-start=\"1077\" data-end=\"1127\">\u00c7e\u015fitli da\u011f\u0131t\u0131m ekipmanlar\u0131 ile uyumlu<\/li>\n<\/ul>\n<p data-start=\"1129\" data-end=\"1174\">\ud83d\udc49 Esnek g\u00fc\u00e7 a\u011f\u0131 geni\u015flemesi sa\u011flar<\/p>\n<hr data-start=\"1176\" data-end=\"1179\" \/>\n<h3 data-section-id=\"eb4elr\" data-start=\"1181\" data-end=\"1218\">\u2714 Tam Yal\u0131t\u0131ml\u0131 ve S\u0131zd\u0131rmaz Tasar\u0131m<\/h3>\n<ul data-start=\"1219\" data-end=\"1318\">\n<li data-section-id=\"j9zwqu\" data-start=\"1219\" data-end=\"1256\">\u00d6nceden kal\u0131planm\u0131\u015f kablo ba\u011flant\u0131 sistemi<\/li>\n<li data-section-id=\"7jmlji\" data-start=\"1257\" data-end=\"1286\">Tam yal\u0131t\u0131ml\u0131 yap\u0131<\/li>\n<li data-section-id=\"1p7zya\" data-start=\"1287\" data-end=\"1318\">Tamamen s\u0131zd\u0131rmaz ve su ge\u00e7irmez<\/li>\n<\/ul>\n<p data-start=\"1320\" data-end=\"1369\">\ud83d\udc49 Zorlu ortamlarda g\u00fcvenli \u00e7al\u0131\u015fma sa\u011flar<\/p>\n<hr data-start=\"1371\" data-end=\"1374\" \/>\n<h3 data-section-id=\"11uvrqb\" data-start=\"1376\" data-end=\"1408\">\u2714 Bak\u0131m Gerektirmeyen \u00c7al\u0131\u015fma<\/h3>\n<ul data-start=\"1409\" data-end=\"1473\">\n<li data-section-id=\"1s9s2lf\" data-start=\"1409\" data-end=\"1444\">Rutin bak\u0131m gerektirmez<\/li>\n<li data-section-id=\"3m3xcb\" data-start=\"1445\" data-end=\"1473\">Uzun \u00f6m\u00fcrl\u00fc tasar\u0131m<\/li>\n<\/ul>\n<p data-start=\"1475\" data-end=\"1518\">\ud83d\udc49 \u0130\u015fletme ve bak\u0131m maliyetini azalt\u0131r<\/p>\n<hr data-start=\"1520\" data-end=\"1523\" \/>\n<h3 data-section-id=\"1yk88wo\" data-start=\"1525\" data-end=\"1554\">\u2714 Y\u00fcksek G\u00fcvenlik Performans\u0131<\/h3>\n<ul data-start=\"1555\" data-end=\"1668\">\n<li data-section-id=\"1sbxal4\" data-start=\"1555\" data-end=\"1590\">Dokunmaya kar\u015f\u0131 g\u00fcvenli yal\u0131t\u0131ml\u0131 konekt\u00f6rler<\/li>\n<li data-section-id=\"1j4yelu\" data-start=\"1591\" data-end=\"1626\">Su ve toz ge\u00e7irmez tasar\u0131m<\/li>\n<li data-section-id=\"xrwnq4\" data-start=\"1627\" data-end=\"1668\">A\u00e7\u0131k havada \u00e7al\u0131\u015fmada y\u00fcksek g\u00fcvenilirlik<\/li>\n<\/ul>\n<hr data-start=\"1670\" data-end=\"1673\" \/>\n<h3 data-section-id=\"5ae8zy\" data-start=\"1675\" data-end=\"1710\">\u2714 \u00c7oklu Kurulum Se\u00e7enekleri<\/h3>\n<ul data-start=\"1711\" data-end=\"1789\">\n<li data-section-id=\"1psv4z0\" data-start=\"1711\" data-end=\"1729\">Zemine monte<\/li>\n<li data-section-id=\"15dtqpx\" data-start=\"1730\" data-end=\"1753\">\u0130\u00e7 mekan kurulumu<\/li>\n<li data-section-id=\"drzzpw\" data-start=\"1754\" data-end=\"1789\">Yeralt\u0131 g\u00f6m\u00fcl\u00fc kurulum<\/li>\n<\/ul>\n<p data-start=\"1791\" data-end=\"1840\">\ud83d\udc49 Farkl\u0131 m\u00fchendislik senaryolar\u0131 i\u00e7in uygundur<\/p>\n<hr data-start=\"1842\" data-end=\"1845\" \/>\n<h3 data-section-id=\"lo4pv\" data-start=\"1847\" data-end=\"1871\">\u2714 Geni\u015f Uyumluluk<\/h3>\n<p data-start=\"1872\" data-end=\"1889\">Ba\u011flanabilir:<\/p>\n<ul data-start=\"1890\" data-end=\"2006\">\n<li data-section-id=\"9e8jry\" data-start=\"1890\" data-end=\"1917\">Trafo merkezleri<\/li>\n<li data-section-id=\"204qt5\" data-start=\"1918\" data-end=\"1942\">Y\u00fck \u015falteri dolaplar\u0131<\/li>\n<li data-section-id=\"17bv308\" data-start=\"1943\" data-end=\"1971\">RMU halka a\u011f sistemleri<\/li>\n<li data-section-id=\"1hei0ww\" data-start=\"1972\" data-end=\"2006\">Kombine elektrik \u015falt sistemi<\/li>\n<\/ul>\n<hr data-start=\"2008\" data-end=\"2011\" \/>\n<h2 data-section-id=\"1hq6i26\" data-start=\"2013\" data-end=\"2036\">\ud83d\udd39 Yap\u0131sal Tasar\u0131m<\/h2>\n<h3 data-section-id=\"1y35nqk\" data-start=\"2038\" data-end=\"2067\">\ud83d\udd38 Kablo Ba\u011flant\u0131 Sistemi<\/h3>\n<ul data-start=\"2068\" data-end=\"2151\">\n<li data-section-id=\"alh734\" data-start=\"2068\" data-end=\"2103\">\u00d6nceden kal\u0131planm\u0131\u015f izoleli konnekt\u00f6rler<\/li>\n<li data-section-id=\"1c3b4xr\" data-start=\"2104\" data-end=\"2151\">Birden fazla boyut ve konfig\u00fcrasyon mevcuttur<\/li>\n<\/ul>\n<hr data-start=\"2153\" data-end=\"2156\" \/>\n<h3 data-section-id=\"10wxqng\" data-start=\"2158\" data-end=\"2184\">\ud83d\udd38 Muhafaza Yap\u0131s\u0131<\/h3>\n<ul data-start=\"2185\" data-end=\"2286\">\n<li data-section-id=\"3ajclp\" data-start=\"2185\" data-end=\"2214\">Hava ko\u015fullar\u0131na dayan\u0131kl\u0131 muhafaza<\/li>\n<li data-section-id=\"1twjtjg\" data-start=\"2215\" data-end=\"2244\">Korozyona kar\u015f\u0131 koruma<\/li>\n<li data-section-id=\"127ycka\" data-start=\"2245\" data-end=\"2286\">Zorlu d\u0131\u015f ortam ko\u015fullar\u0131 i\u00e7in uygundur<\/li>\n<\/ul>\n<hr data-start=\"2288\" data-end=\"2291\" \/>\n<h3 data-section-id=\"1u5i8v2\" data-start=\"2293\" data-end=\"2317\">\ud83d\udd38 Fonksiyonel Tasar\u0131m<\/h3>\n<ul data-start=\"2318\" data-end=\"2406\">\n<li data-section-id=\"1wjoi39\" data-start=\"2318\" data-end=\"2337\">Kablo dallanmas\u0131<\/li>\n<li data-section-id=\"1nucvvf\" data-start=\"2338\" data-end=\"2360\">Kablo da\u011f\u0131t\u0131m\u0131<\/li>\n<li data-section-id=\"1o2p1be\" data-start=\"2361\" data-end=\"2379\">Kablo aktar\u0131m\u0131<\/li>\n<li data-section-id=\"koqqbj\" data-start=\"2380\" data-end=\"2406\">Sistem ara ba\u011flant\u0131s\u0131<\/li>\n<\/ul>\n<hr data-start=\"2408\" data-end=\"2411\" \/>\n<h2 data-section-id=\"15du31k\" data-start=\"2413\" data-end=\"2431\">\ud83d\udd39 Uygulamalar<\/h2>\n<p data-start=\"2433\" data-end=\"2476\">DFW kablo bran\u015fman kutusu yayg\u0131n olarak kullan\u0131lmaktad\u0131r:<\/p>\n<ul data-start=\"2478\" data-end=\"2684\">\n<li data-section-id=\"cptaoa\" data-start=\"2478\" data-end=\"2515\">Kentsel elektrik da\u011f\u0131t\u0131m \u015febekeleri<\/li>\n<li data-section-id=\"16vuyds\" data-start=\"2516\" data-end=\"2544\">End\u00fcstriyel kablo sistemleri<\/li>\n<li data-section-id=\"zs3gyb\" data-start=\"2545\" data-end=\"2586\">Konut elektrik altyap\u0131s\u0131<\/li>\n<li data-section-id=\"hfihxt\" data-start=\"2587\" data-end=\"2611\">Ticari binalar<\/li>\n<li data-section-id=\"rysg9z\" data-start=\"2612\" data-end=\"2653\">Yenilenebilir enerji da\u011f\u0131t\u0131m sistemleri<\/li>\n<li data-section-id=\"7b60u9\" data-start=\"2654\" data-end=\"2684\">Yeralt\u0131 kablo \u015febekeleri<\/li>\n<\/ul>\n<hr data-start=\"2686\" data-end=\"2689\" \/>\n<h2 data-section-id=\"1rg4wz9\" data-start=\"2691\" data-end=\"2715\">\ud83d\udd39 Avantajlar \u00d6zet<\/h2>\n<ul data-start=\"2717\" data-end=\"2982\">\n<li data-section-id=\"1cqn87z\" data-start=\"2717\" data-end=\"2757\">Tam yal\u0131t\u0131ml\u0131 ve s\u0131zd\u0131rmaz yap\u0131<\/li>\n<li data-section-id=\"yjho9c\" data-start=\"2758\" data-end=\"2803\">G\u00fcvenli ve g\u00fcvenilir kablo ba\u011flant\u0131 sistemi<\/li>\n<li data-section-id=\"phyv7z\" data-start=\"2804\" data-end=\"2851\">Esnek \u00e7ok y\u00f6nl\u00fc kablo da\u011f\u0131t\u0131m\u0131<\/li>\n<li data-section-id=\"sjf3fy\" data-start=\"2852\" data-end=\"2905\">\u0130\u00e7 mekan, d\u0131\u015f mekan ve yeralt\u0131 kullan\u0131m\u0131 i\u00e7in uygundur<\/li>\n<li data-section-id=\"1ysv9yx\" data-start=\"2906\" data-end=\"2936\">Bak\u0131m gerektirmeyen \u00e7al\u0131\u015fma<\/li>\n<li data-section-id=\"1azmre0\" data-start=\"2937\" data-end=\"2982\">Modern kablo a\u011f sistemleri i\u00e7in ideal<\/li>\n<\/ul>\n<hr data-start=\"2984\" data-end=\"2987\" \/>\n<h1 data-section-id=\"1lxd8kj\" data-start=\"2989\" data-end=\"2996\">\u2753 SSS<\/h1>\n<h3 data-section-id=\"10d5nh0\" data-start=\"2998\" data-end=\"3046\">1\ufe0f\u20e3 DFW kablo \u015fube kutusu ne i\u00e7in kullan\u0131l\u0131r?<\/h3>\n<p data-start=\"3048\" data-end=\"3145\">\u0130\u00e7in kullan\u0131l\u0131r:<br \/>\n\ud83d\udc49 G\u00fc\u00e7 kablosu \u015febekelerinde kablo da\u011f\u0131t\u0131m\u0131, dallanma ve ara ba\u011flant\u0131<\/p>\n<hr data-start=\"3147\" data-end=\"3150\" \/>\n<h3 data-section-id=\"m8r8u4\" data-start=\"3152\" data-end=\"3192\">2\ufe0f\u20e3 Yeralt\u0131na monte edilebilir mi?<\/h3>\n<p data-start=\"3194\" data-end=\"3262\">Evet, destekliyor:<br \/>\n\ud83d\udc49 D\u0131\u015f mekan, i\u00e7 mekan ve yeralt\u0131 kurulumu<\/p>\n<hr data-start=\"3264\" data-end=\"3267\" \/>\n<h3 data-section-id=\"3v9qy9\" data-start=\"3269\" data-end=\"3312\">3\ufe0f\u20e3 Sistem d\u0131\u015f mekan kullan\u0131m\u0131 i\u00e7in g\u00fcvenli mi?<\/h3>\n<p data-start=\"3314\" data-end=\"3331\">Evet, \u00f6zellikleri var:<\/p>\n<ul data-start=\"3332\" data-end=\"3420\">\n<li data-section-id=\"1rm48rt\" data-start=\"3332\" data-end=\"3358\">Tam yal\u0131t\u0131ml\u0131 tasar\u0131m<\/li>\n<li data-section-id=\"1n1cccd\" data-start=\"3359\" data-end=\"3394\">Su ge\u00e7irmez ve s\u0131zd\u0131rmaz yap\u0131<\/li>\n<li data-section-id=\"rm0pq9\" data-start=\"3395\" data-end=\"3420\">Dokunmaya kar\u015f\u0131 g\u00fcvenli konekt\u00f6rler<\/li>\n<\/ul>\n<hr data-start=\"3422\" data-end=\"3425\" \/>\n<h3 data-section-id=\"b3qzgx\" data-start=\"3427\" data-end=\"3463\">4\ufe0f\u20e3 Bak\u0131m gerektiriyor mu?<\/h3>\n<p data-start=\"3465\" data-end=\"3529\">Hay\u0131r, \u00f6yle:<br \/>\n\ud83d\udc49 Uzun hizmet \u00f6mr\u00fc ile bak\u0131m gerektirmeyen tasar\u0131m<\/p>\n<hr data-start=\"3531\" data-end=\"3534\" \/>\n<h3 data-section-id=\"17drfyl\" data-start=\"3536\" data-end=\"3579\">5\ufe0f\u20e3 Hangi ekipmanlarla ba\u011flant\u0131 kurabilir?<\/h3>\n<p data-start=\"3581\" data-end=\"3604\">Ba\u011flanabilir:<\/p>\n<ul data-start=\"3605\" data-end=\"3704\">\n<li data-section-id=\"nqkthc\" data-start=\"3605\" data-end=\"3621\">Transformers<\/li>\n<li data-section-id=\"h6gab3\" data-start=\"3622\" data-end=\"3647\">RMU (Halka Ana Birimler)<\/li>\n<li data-section-id=\"204qt5\" data-start=\"3648\" data-end=\"3672\">Y\u00fck \u015falteri dolaplar\u0131<\/li>\n<li data-section-id=\"rbnifp\" data-start=\"3673\" data-end=\"3704\">Kombine elektrik sistemleri<\/li>\n<\/ul>","protected":false},"excerpt":{"rendered":"<p data-start=\"267\" data-end=\"438\">DFW serisi kablo bran\u015fman kutusu, modern g\u00fc\u00e7 kablosu a\u011f sistemleri i\u00e7in tasarlanm\u0131\u015f \u00e7ok y\u00f6nl\u00fc bir orta ve al\u00e7ak gerilim kablo da\u011f\u0131t\u0131m ve ba\u011flant\u0131 cihaz\u0131d\u0131r.<\/p>\n<p data-start=\"440\" data-end=\"483\">Birden fazla konfig\u00fcrasyonda mevcuttur:<\/p>\n<ul data-start=\"484\" data-end=\"585\">\n<li data-section-id=\"1b1rycm\" data-start=\"484\" data-end=\"518\">Amerikan tipi kablo bran\u015fman kutusu<\/li>\n<li data-section-id=\"4zhipb\" data-start=\"519\" data-end=\"553\">Avrupa tipi kablo bran\u015fman kutusu<\/li>\n<li data-section-id=\"1y53ypx\" data-start=\"554\" data-end=\"585\">Y\u00fck anahtar\u0131 tipi bran\u015fman kutusu<\/li>\n<\/ul>","protected":false},"featured_media":2158,"comment_status":"open","ping_status":"closed","template":"","meta":{"site-sidebar-layout":"default","site-content-layout":"","ast-site-content-layout":"default","site-content-style":"default","site-sidebar-style":"default","ast-global-header-display":"","ast-banner-title-visibility":"","ast-main-header-display":"","ast-hfb-above-header-display":"","ast-hfb-below-header-display":"","ast-hfb-mobile-header-display":"","site-post-title":"","ast-breadcrumbs-content":"","ast-featured-img":"","footer-sml-layout":"","ast-disable-related-posts":"","theme-transparent-header-meta":"default","adv-header-id-meta":"","stick-header-meta":"","header-above-stick-meta":"","header-main-stick-meta":"","header-below-stick-meta":"","astra-migrate-meta-layouts":"set","ast-page-background-enabled":"default","ast-page-background-meta":{"desktop":{"background-color":"","background-image":"","background-repeat":"repeat","background-position":"center center","background-size":"auto","background-attachment":"scroll","background-type":"","background-media":"","overlay-type":"","overlay-color":"","overlay-opacity":"","overlay-gradient":""},"tablet":{"background-color":"","background-image":"","background-repeat":"repeat","background-position":"center center","background-size":"auto","background-attachment":"scroll","background-type":"","background-media":"","overlay-type":"","overlay-color":"","overlay-opacity":"","overlay-gradient":""},"mobile":{"background-color":"","background-image":"","background-repeat":"repeat","background-position":"center center","background-size":"auto","background-attachment":"scroll","background-type":"","background-media":"","overlay-type":"","overlay-color":"","overlay-opacity":"","overlay-gradient":""}},"ast-content-background-meta":{"desktop":{"background-color":"var(--ast-global-color-5)","background-image":"","background-repeat":"repeat","background-position":"center center","background-size":"auto","background-attachment":"scroll","background-type":"","background-media":"","overlay-type":"","overlay-color":"","overlay-opacity":"","overlay-gradient":""},"tablet":{"background-color":"var(--ast-global-color-5)","background-image":"","background-repeat":"repeat","background-position":"center center","background-size":"auto","background-attachment":"scroll","background-type":"","background-media":"","overlay-type":"","overlay-color":"","overlay-opacity":"","overlay-gradient":""},"mobile":{"background-color":"var(--ast-global-color-5)","background-image":"","background-repeat":"repeat","background-position":"center center","background-size":"auto","background-attachment":"scroll","background-type":"","background-media":"","overlay-type":"","overlay-color":"","overlay-opacity":"","overlay-gradient":""}}},"product_brand":[],"product_cat":[2036,2032],"product_tag":[2164,2165,2163,2170,2167,2171,2169,2166,2172,2168],"class_list":{"0":"post-2155","1":"product","2":"type-product","3":"status-publish","4":"has-post-thumbnail","6":"product_cat-renewable-energy-products","7":"product_cat-electrical-equipment","8":"product_tag-cable-distribution-box","9":"product_tag-cable-junction-box","10":"product_tag-dfw-cable-branch-box","11":"product_tag-electrical-cable-network-equipment","12":"product_tag-fully-insulated-cable-box","13":"product_tag-medium-voltage-cable-system","14":"product_tag-outdoor-cable-branch-cabinet","15":"product_tag-power-cable-branch-system","16":"product_tag-power-distribution-accessories","17":"product_tag-underground-cable-distribution-box","18":"desktop-align-left","19":"tablet-align-left","20":"mobile-align-left","22":"first","23":"instock","24":"shipping-taxable","25":"product-type-simple"},"_links":{"self":[{"href":"https:\/\/www.wonzh.com\/tr\/wp-json\/wp\/v2\/product\/2155","targetHints":{"allow":["GET"]}}],"collection":[{"href":"https:\/\/www.wonzh.com\/tr\/wp-json\/wp\/v2\/product"}],"about":[{"href":"https:\/\/www.wonzh.com\/tr\/wp-json\/wp\/v2\/types\/product"}],"replies":[{"embeddable":true,"href":"https:\/\/www.wonzh.com\/tr\/wp-json\/wp\/v2\/comments?post=2155"}],"wp:featuredmedia":[{"embeddable":true,"href":"https:\/\/www.wonzh.com\/tr\/wp-json\/wp\/v2\/media\/2158"}],"wp:attachment":[{"href":"https:\/\/www.wonzh.com\/tr\/wp-json\/wp\/v2\/media?parent=2155"}],"wp:term":[{"taxonomy":"product_brand","embeddable":true,"href":"https:\/\/www.wonzh.com\/tr\/wp-json\/wp\/v2\/product_brand?post=2155"},{"taxonomy":"product_cat","embeddable":true,"href":"https:\/\/www.wonzh.com\/tr\/wp-json\/wp\/v2\/product_cat?post=2155"},{"taxonomy":"product_tag","embeddable":true,"href":"https:\/\/www.wonzh.com\/tr\/wp-json\/wp\/v2\/product_tag?post=2155"}],"curies":[{"name":"wp","href":"https:\/\/api.w.org\/{rel}","templated":true}]}}