{"id":2153,"date":"2026-04-29T15:31:51","date_gmt":"2026-04-29T15:31:51","guid":{"rendered":"https:\/\/www.wonzh.com\/?post_type=product&#038;p=2153"},"modified":"2026-04-29T15:31:53","modified_gmt":"2026-04-29T15:31:53","slug":"zgs13-wind-solar-power-pad-mounted-step-up-transformer-0-69kv-to-10kv-35kv-compact-substation-transformer-for-renewable-energy-systems","status":"publish","type":"product","link":"https:\/\/www.wonzh.com\/tr\/product\/zgs13-wind-solar-power-pad-mounted-step-up-transformer-0-69kv-to-10kv-35kv-compact-substation-transformer-for-renewable-energy-systems\/","title":{"rendered":"ZGS13 R\u00fczgar ve G\u00fcne\u015f Enerjisi Pad-Mounted Step-Up Transformat\u00f6r (Yenilenebilir Enerji Sistemleri i\u00e7in 0.69kV - 10kV \/ 35kV Kompakt Trafo Merkezi Transformat\u00f6r\u00fc)"},"content":{"rendered":"<p data-start=\"283\" data-end=\"466\">ZGS13 serisi r\u00fczgar ve g\u00fcne\u015f enerjisine \u00f6zel y\u00fckseltici transformat\u00f6r, yenilenebilir enerji \u00fcretim sistemleri i\u00e7in tasarlanm\u0131\u015f entegre kompakt trafo merkezi tipi bir transformat\u00f6r \u00fcnitesidir.<\/p>\n<p data-start=\"468\" data-end=\"532\">A\u015fa\u011f\u0131daki bile\u015fenleri tek bir kompakt yap\u0131da birle\u015ftirir:<\/p>\n<ul data-start=\"533\" data-end=\"630\">\n<li data-section-id=\"159gwlz\" data-start=\"533\" data-end=\"565\">Transformat\u00f6r n\u00fcvesi ve sarg\u0131s\u0131<\/li>\n<li data-section-id=\"1nd1vfv\" data-start=\"566\" data-end=\"580\">\u015ealt Cihazlar\u0131<\/li>\n<li data-section-id=\"1gutmwu\" data-start=\"581\" data-end=\"590\">Sigortalar<\/li>\n<li data-section-id=\"1b2jgah\" data-start=\"591\" data-end=\"606\">Musluk de\u011fi\u015ftirici<\/li>\n<li data-section-id=\"1d1nt9k\" data-start=\"607\" data-end=\"630\">Yard\u0131mc\u0131 ekipman<\/li>\n<\/ul>\n<p data-start=\"632\" data-end=\"762\">\u00dcnite, hem yal\u0131t\u0131m hem de so\u011futma ortam\u0131 olarak transformat\u00f6r yal\u0131t\u0131m ya\u011f\u0131 kullan\u0131r ve y\u00fcksek verimlilik ve istikrarl\u0131 \u00e7al\u0131\u015fma sa\u011flar.<\/p>\n<p data-start=\"764\" data-end=\"889\">\u00dcretilen g\u00fcc\u00fc d\u00f6n\u00fc\u015ft\u00fcrmek i\u00e7in tasarlanm\u0131\u015ft\u0131r:<br \/>\n\ud83d\udc49 0,69kV (0,27-1,14kV)<br data-start=\"839\" data-end=\"842\" \/>i\u00e7ine<br data-start=\"846\" data-end=\"849\" \/>\ud83d\udc49 10kV veya 35kV orta gerilim seviyesi<\/p>\n<p data-start=\"891\" data-end=\"954\">yeralt\u0131 kablolar\u0131 veya havai hatlar arac\u0131l\u0131\u011f\u0131yla \u015febeke iletimi i\u00e7in.<\/p>\n<hr data-start=\"956\" data-end=\"959\" \/>\n<h2 data-section-id=\"lmz2ep\" data-start=\"961\" data-end=\"984\">\ud83d\udd39 Uygulama Kapsam\u0131<\/h2>\n<p data-start=\"986\" data-end=\"1001\">Yayg\u0131n olarak kullan\u0131l\u0131r:<\/p>\n<ul data-start=\"1002\" data-end=\"1152\">\n<li data-section-id=\"2kgmpf\" data-start=\"1002\" data-end=\"1035\">R\u00fczgar enerjisi \u00fcretim sistemleri<\/li>\n<li data-section-id=\"aj1s75\" data-start=\"1036\" data-end=\"1076\">G\u00fcne\u015f fotovoltaik (PV) enerji santralleri<\/li>\n<li data-section-id=\"x0107k\" data-start=\"1077\" data-end=\"1120\">Yenilenebilir enerji toplama trafo merkezleri<\/li>\n<li data-section-id=\"dyo4pr\" data-start=\"1121\" data-end=\"1152\">Da\u011f\u0131t\u0131lm\u0131\u015f enerji projeleri<\/li>\n<\/ul>\n<hr data-start=\"1154\" data-end=\"1157\" \/>\n<h2 data-section-id=\"17fvu7l\" data-start=\"1159\" data-end=\"1177\">\ud83d\udd39 Temel \u00d6zellikler<\/h2>\n<h3 data-section-id=\"8xngy4\" data-start=\"1179\" data-end=\"1209\">\u2714 Son Derece Entegre Tasar\u0131m<\/h3>\n<ul data-start=\"1210\" data-end=\"1338\">\n<li data-section-id=\"18mz8ju\" data-start=\"1210\" data-end=\"1282\">Transformat\u00f6r + \u015falt + koruma cihazlar\u0131 tek bir \u00fcnitede entegre<\/li>\n<li data-section-id=\"h1zq8k\" data-start=\"1283\" data-end=\"1338\">D\u0131\u015f mekanda kuruluma uygun kompakt yap\u0131<\/li>\n<\/ul>\n<p data-start=\"1340\" data-end=\"1392\">\ud83d\udc49 Sistem karma\u015f\u0131kl\u0131\u011f\u0131n\u0131 ve kurulum maliyetini azalt\u0131r<\/p>\n<hr data-start=\"1394\" data-end=\"1397\" \/>\n<h3 data-section-id=\"13rpt0v\" data-start=\"1399\" data-end=\"1429\">\u2714 Step-Up G\u00fc\u00e7 D\u00f6n\u00fc\u015f\u00fcm\u00fc<\/h3>\n<ul data-start=\"1430\" data-end=\"1532\">\n<li data-section-id=\"n0iuwa\" data-start=\"1430\" data-end=\"1490\">D\u00fc\u015f\u00fck voltajl\u0131 \u00fcretim \u00e7\u0131k\u0131\u015f\u0131n\u0131 orta voltaja d\u00f6n\u00fc\u015ft\u00fcr\u00fcr<\/li>\n<li data-section-id=\"1udo1p2\" data-start=\"1491\" data-end=\"1532\">\u015eebeke ba\u011flant\u0131 gereksinimlerini destekler<\/li>\n<\/ul>\n<p data-start=\"1534\" data-end=\"1590\">\ud83d\udc49 Yenilenebilir enerji iletim sistemleri i\u00e7in gereklidir<\/p>\n<hr data-start=\"1592\" data-end=\"1595\" \/>\n<h3 data-section-id=\"dsrx6t\" data-start=\"1597\" data-end=\"1643\">\u2714 Ya\u011fa Bat\u0131r\u0131lm\u0131\u015f Yal\u0131t\u0131m ve So\u011futma Sistemi<\/h3>\n<ul data-start=\"1644\" data-end=\"1734\">\n<li data-section-id=\"13xv2st\" data-start=\"1644\" data-end=\"1734\">Yal\u0131t\u0131m ya\u011f\u0131 olarak kullan\u0131r:\n<ul data-start=\"1672\" data-end=\"1734\">\n<li data-section-id=\"s7zkff\" data-start=\"1672\" data-end=\"1704\">Elektrik yal\u0131t\u0131m malzemesi<\/li>\n<li data-section-id=\"m3lgqs\" data-start=\"1707\" data-end=\"1734\">Is\u0131 da\u011f\u0131tma ortam\u0131<\/li>\n<\/ul>\n<\/li>\n<\/ul>\n<p data-start=\"1736\" data-end=\"1775\">\ud83d\udc49 \u0130stikrarl\u0131 uzun s\u00fcreli \u00e7al\u0131\u015fma sa\u011flar<\/p>\n<hr data-start=\"1777\" data-end=\"1780\" \/>\n<h3 data-section-id=\"q0elz3\" data-start=\"1782\" data-end=\"1823\">\u2714 H\u0131zl\u0131 Kurulum ve Kolay Da\u011f\u0131t\u0131m<\/h3>\n<ul data-start=\"1824\" data-end=\"1894\">\n<li data-section-id=\"1oiyy76\" data-start=\"1824\" data-end=\"1856\">Fabrikada \u00f6nceden monte edilmi\u015f tasar\u0131m<\/li>\n<li data-section-id=\"8zqbpt\" data-start=\"1857\" data-end=\"1894\">Minimum yerinde kurulum \u00e7al\u0131\u015fmas\u0131<\/li>\n<\/ul>\n<p data-start=\"1896\" data-end=\"1938\">\ud83d\udc49 Uzak r\u00fczgar ve g\u00fcne\u015f enerjisi \u00e7iftlikleri i\u00e7in ideal<\/p>\n<hr data-start=\"1940\" data-end=\"1943\" \/>\n<h3 data-section-id=\"1ney3w6\" data-start=\"1945\" data-end=\"1976\">\u2714 Y\u00fcksek G\u00fcvenlik ve G\u00fcvenilirlik<\/h3>\n<ul data-start=\"1977\" data-end=\"2059\">\n<li data-section-id=\"18wyaby\" data-start=\"1977\" data-end=\"2005\">Tamamen kapal\u0131 yap\u0131<\/li>\n<li data-section-id=\"1yfbqna\" data-start=\"2006\" data-end=\"2059\">Entegre koruma sistemi (sigortalar + \u015falt)<\/li>\n<\/ul>\n<p data-start=\"2061\" data-end=\"2105\">\ud83d\udc49 Zorlu d\u0131\u015f ortamlar i\u00e7in uygundur<\/p>\n<hr data-start=\"2107\" data-end=\"2110\" \/>\n<h3 data-section-id=\"1ukkhrg\" data-start=\"2112\" data-end=\"2149\">\u2714 Enerji Verimli ve \u00c7evre Dostu<\/h3>\n<ul data-start=\"2150\" data-end=\"2242\">\n<li data-section-id=\"10oncp9\" data-start=\"2150\" data-end=\"2169\">D\u00fc\u015f\u00fck kay\u0131pl\u0131 tasar\u0131m<\/li>\n<li data-section-id=\"19wmozq\" data-start=\"2170\" data-end=\"2203\">Optimize edilmi\u015f termal performans<\/li>\n<li data-section-id=\"14ijk6v\" data-start=\"2204\" data-end=\"2242\">\u00c7evre dostu \u00e7al\u0131\u015fma<\/li>\n<\/ul>\n<hr data-start=\"2244\" data-end=\"2247\" \/>\n<h3 data-section-id=\"mvgs39\" data-start=\"2249\" data-end=\"2285\">\u2714 Esnek Voltaj Konfig\u00fcrasyonu<\/h3>\n<p data-start=\"2286\" data-end=\"2295\">Destekler:<\/p>\n<ul data-start=\"2296\" data-end=\"2363\">\n<li data-section-id=\"mzelvn\" data-start=\"2296\" data-end=\"2332\">0,69kV giri\u015f (0,27-1,14kV aral\u0131\u011f\u0131)<\/li>\n<li data-section-id=\"11dvkj3\" data-start=\"2333\" data-end=\"2363\">10kV \/ 35kV \u00e7\u0131k\u0131\u015f se\u00e7enekleri<\/li>\n<\/ul>\n<hr data-start=\"2365\" data-end=\"2368\" \/>\n<h2 data-section-id=\"149biba\" data-start=\"2370\" data-end=\"2393\">\ud83d\udd39 \u00c7al\u0131\u015fma Prensibi<\/h2>\n<ol data-start=\"2395\" data-end=\"2716\">\n<li data-section-id=\"4w3r9l\" data-start=\"2395\" data-end=\"2477\">R\u00fczgar t\u00fcrbinleri veya PV inverterler taraf\u0131ndan \u00fcretilen elektrik trafoya girer<\/li>\n<li data-section-id=\"1s3j0n7\" data-start=\"2478\" data-end=\"2539\">Voltaj d\u00fc\u015f\u00fck voltajdan orta voltaja y\u00fckseltilir<\/li>\n<li data-section-id=\"asu5i3\" data-start=\"2540\" data-end=\"2641\">G\u00fc\u00e7, toplama sistemine \u015fu yolla iletilir:\n<ul data-start=\"2597\" data-end=\"2641\">\n<li data-section-id=\"1y41j33\" data-start=\"2597\" data-end=\"2619\">Yeralt\u0131 kablolar\u0131<\/li>\n<li data-section-id=\"1yxobhv\" data-start=\"2623\" data-end=\"2641\">Havai hatlar<\/li>\n<\/ul>\n<\/li>\n<li data-section-id=\"fb5a62\" data-start=\"2642\" data-end=\"2716\">Enerji, \u015febeke entegrasyonu i\u00e7in r\u00fczgar\/g\u00fcne\u015f trafo merkezine teslim edilir<\/li>\n<\/ol>\n<hr data-start=\"2718\" data-end=\"2721\" \/>\n<h2 data-section-id=\"1rg4wz9\" data-start=\"2723\" data-end=\"2747\">\ud83d\udd39 Avantajlar \u00d6zet<\/h2>\n<ul data-start=\"2749\" data-end=\"3022\">\n<li data-section-id=\"223ev8\" data-start=\"2749\" data-end=\"2807\">Yenilenebilir enerji sistemleri i\u00e7in kompakt entegre tasar\u0131m<\/li>\n<li data-section-id=\"3v4amq\" data-start=\"2808\" data-end=\"2847\">H\u0131zl\u0131 kurulum ve devreye alma<\/li>\n<li data-section-id=\"1kyl9qx\" data-start=\"2848\" data-end=\"2891\">Y\u00fcksek g\u00fcvenilirlik ve operasyonel g\u00fcvenlik<\/li>\n<li data-section-id=\"1o44870\" data-start=\"2892\" data-end=\"2935\">Zorlu d\u0131\u015f ortamlar i\u00e7in uygundur<\/li>\n<li data-section-id=\"5k48t5\" data-start=\"2936\" data-end=\"2980\">\u015eebeke d\u00fczeyinde gerilim gereksinimlerini destekler<\/li>\n<li data-section-id=\"18rnbjv\" data-start=\"2981\" data-end=\"3022\">D\u00fc\u015f\u00fck bak\u0131m ve uzun servis \u00f6mr\u00fc<\/li>\n<\/ul>\n<hr data-start=\"3024\" data-end=\"3027\" \/>\n<h1 data-section-id=\"1lxd8kj\" data-start=\"3029\" data-end=\"3036\">\u2753 SSS<\/h1>\n<h3 data-section-id=\"16tdf6s\" data-start=\"3038\" data-end=\"3091\">1\ufe0f\u20e3 ZGS13 y\u00fckseltici transformat\u00f6r ne i\u00e7in kullan\u0131l\u0131r?<\/h3>\n<p data-start=\"3093\" data-end=\"3211\">\u015eunun i\u00e7in kullan\u0131l\u0131r:<br \/>\n\ud83d\udc49 R\u00fczgar veya g\u00fcne\u015f enerjisi \u00fcretim sistemlerinden gelen voltaj\u0131 \u015febeke iletim seviyesine (10kV veya 35kV) y\u00fckseltmek<\/p>\n<hr data-start=\"3213\" data-end=\"3216\" \/>\n<h3 data-section-id=\"6385e5\" data-start=\"3218\" data-end=\"3248\">2\ufe0f\u20e3 Nereye monte edildi?<\/h3>\n<p data-start=\"3250\" data-end=\"3273\">Yayg\u0131n olarak kullan\u0131l\u0131r:<\/p>\n<ul data-start=\"3274\" data-end=\"3347\">\n<li data-section-id=\"1ryn0s7\" data-start=\"3274\" data-end=\"3288\">R\u00fczgar \u00e7iftlikleri<\/li>\n<li data-section-id=\"igs886\" data-start=\"3289\" data-end=\"3314\">G\u00fcne\u015f PV enerji santralleri<\/li>\n<li data-section-id=\"1aribom\" data-start=\"3315\" data-end=\"3347\">Yenilenebilir enerji trafo merkezleri<\/li>\n<\/ul>\n<hr data-start=\"3349\" data-end=\"3352\" \/>\n<h3 data-section-id=\"eaniav\" data-start=\"3354\" data-end=\"3412\">3\ufe0f\u20e3 Neden kompakt trafo merkezi transformat\u00f6r\u00fc olarak adland\u0131r\u0131l\u0131yor?<\/h3>\n<p data-start=\"3414\" data-end=\"3436\">\u00c7\u00fcnk\u00fc entegre oluyor:<\/p>\n<ul data-start=\"3437\" data-end=\"3490\">\n<li data-section-id=\"1c2mxqr\" data-start=\"3437\" data-end=\"3452\">Transformat\u00f6r<\/li>\n<li data-section-id=\"1nd1vfv\" data-start=\"3453\" data-end=\"3467\">\u015ealt Cihazlar\u0131<\/li>\n<li data-section-id=\"9lz69s\" data-start=\"3468\" data-end=\"3490\">Koruma cihazlar\u0131<\/li>\n<\/ul>\n<p data-start=\"3492\" data-end=\"3524\">\ud83d\udc49 Tek bir prefabrik \u00fcnite halinde<\/p>\n<hr data-start=\"3526\" data-end=\"3529\" \/>\n<h3 data-section-id=\"kdbnzc\" data-start=\"3531\" data-end=\"3592\">4\ufe0f\u20e3 Yenilenebilir enerji projeleri i\u00e7in uygun k\u0131lan nedir?<\/h3>\n<ul data-start=\"3594\" data-end=\"3686\">\n<li data-section-id=\"5svd5d\" data-start=\"3594\" data-end=\"3613\">H\u0131zl\u0131 da\u011f\u0131t\u0131m<\/li>\n<li data-section-id=\"4sp4nl\" data-start=\"3614\" data-end=\"3636\">D\u0131\u015f mekan dayan\u0131kl\u0131l\u0131\u011f\u0131<\/li>\n<li data-section-id=\"1cqlean\" data-start=\"3637\" data-end=\"3666\">Kararl\u0131 gerilim d\u00f6n\u00fc\u015f\u00fcm\u00fc<\/li>\n<li data-section-id=\"1s8wp6p\" data-start=\"3667\" data-end=\"3686\">Az bak\u0131m gerektirir<\/li>\n<\/ul>\n<hr data-start=\"3688\" data-end=\"3691\" \/>\n<h3 data-section-id=\"e1lsee\" data-start=\"3693\" data-end=\"3725\">5\ufe0f\u20e3 Ya\u011f so\u011futma kullan\u0131yor mu?<\/h3>\n<p data-start=\"3727\" data-end=\"3794\">Evet, kullan\u0131yor:<br \/>\n\ud83d\udc49 Hem so\u011futma hem de yal\u0131t\u0131m i\u00e7in izolasyon ya\u011f\u0131<\/p>","protected":false},"excerpt":{"rendered":"<p data-start=\"283\" data-end=\"466\">ZGS13 serisi r\u00fczgar ve g\u00fcne\u015f enerjisine \u00f6zel y\u00fckseltici transformat\u00f6r, yenilenebilir enerji \u00fcretim sistemleri i\u00e7in tasarlanm\u0131\u015f entegre kompakt trafo merkezi tipi bir transformat\u00f6r \u00fcnitesidir.<\/p>\n<p data-start=\"468\" data-end=\"532\">A\u015fa\u011f\u0131daki bile\u015fenleri tek bir kompakt yap\u0131da birle\u015ftirir:<\/p>\n<ul data-start=\"533\" data-end=\"630\">\n<li data-section-id=\"159gwlz\" data-start=\"533\" data-end=\"565\">Transformat\u00f6r n\u00fcvesi ve sarg\u0131s\u0131<\/li>\n<li data-section-id=\"1nd1vfv\" data-start=\"566\" data-end=\"580\">\u015ealt Cihazlar\u0131<\/li>\n<li data-section-id=\"1gutmwu\" data-start=\"581\" data-end=\"590\">Sigortalar<\/li>\n<li data-section-id=\"1b2jgah\" data-start=\"591\" data-end=\"606\">Musluk de\u011fi\u015ftirici<\/li>\n<li data-section-id=\"1d1nt9k\" data-start=\"607\" data-end=\"630\">Yard\u0131mc\u0131 ekipman<\/li>\n<\/ul>","protected":false},"featured_media":2154,"comment_status":"open","ping_status":"closed","template":"","meta":{"site-sidebar-layout":"default","site-content-layout":"","ast-site-content-layout":"default","site-content-style":"default","site-sidebar-style":"default","ast-global-header-display":"","ast-banner-title-visibility":"","ast-main-header-display":"","ast-hfb-above-header-display":"","ast-hfb-below-header-display":"","ast-hfb-mobile-header-display":"","site-post-title":"","ast-breadcrumbs-content":"","ast-featured-img":"","footer-sml-layout":"","ast-disable-related-posts":"","theme-transparent-header-meta":"default","adv-header-id-meta":"","stick-header-meta":"","header-above-stick-meta":"","header-main-stick-meta":"","header-below-stick-meta":"","astra-migrate-meta-layouts":"set","ast-page-background-enabled":"default","ast-page-background-meta":{"desktop":{"background-color":"","background-image":"","background-repeat":"repeat","background-position":"center center","background-size":"auto","background-attachment":"scroll","background-type":"","background-media":"","overlay-type":"","overlay-color":"","overlay-opacity":"","overlay-gradient":""},"tablet":{"background-color":"","background-image":"","background-repeat":"repeat","background-position":"center center","background-size":"auto","background-attachment":"scroll","background-type":"","background-media":"","overlay-type":"","overlay-color":"","overlay-opacity":"","overlay-gradient":""},"mobile":{"background-color":"","background-image":"","background-repeat":"repeat","background-position":"center center","background-size":"auto","background-attachment":"scroll","background-type":"","background-media":"","overlay-type":"","overlay-color":"","overlay-opacity":"","overlay-gradient":""}},"ast-content-background-meta":{"desktop":{"background-color":"var(--ast-global-color-5)","background-image":"","background-repeat":"repeat","background-position":"center center","background-size":"auto","background-attachment":"scroll","background-type":"","background-media":"","overlay-type":"","overlay-color":"","overlay-opacity":"","overlay-gradient":""},"tablet":{"background-color":"var(--ast-global-color-5)","background-image":"","background-repeat":"repeat","background-position":"center center","background-size":"auto","background-attachment":"scroll","background-type":"","background-media":"","overlay-type":"","overlay-color":"","overlay-opacity":"","overlay-gradient":""},"mobile":{"background-color":"var(--ast-global-color-5)","background-image":"","background-repeat":"repeat","background-position":"center center","background-size":"auto","background-attachment":"scroll","background-type":"","background-media":"","overlay-type":"","overlay-color":"","overlay-opacity":"","overlay-gradient":""}}},"product_brand":[],"product_cat":[2036,2032],"product_tag":[2156,2157,2160,2159,2155,2158,2162,2154,2161,2153,2152],"class_list":{"0":"post-2153","1":"product","2":"type-product","3":"status-publish","4":"has-post-thumbnail","6":"product_cat-renewable-energy-products","7":"product_cat-electrical-equipment","8":"product_tag-0-69kv-to-10kv-transformer","9":"product_tag-35kv-step-up-transformer","10":"product_tag-compact-substation-transformer","11":"product_tag-pad-mounted-transformer","12":"product_tag-pv-substation-transformer","13":"product_tag-renewable-energy-transformer","14":"product_tag-solar-power-equipment","15":"product_tag-solar-step-up-transformer","16":"product_tag-wind-farm-electrical-equipment","17":"product_tag-wind-power-transformer","18":"product_tag-zgs13-transformer","19":"desktop-align-left","20":"tablet-align-left","21":"mobile-align-left","23":"first","24":"instock","25":"shipping-taxable","26":"product-type-simple"},"_links":{"self":[{"href":"https:\/\/www.wonzh.com\/tr\/wp-json\/wp\/v2\/product\/2153","targetHints":{"allow":["GET"]}}],"collection":[{"href":"https:\/\/www.wonzh.com\/tr\/wp-json\/wp\/v2\/product"}],"about":[{"href":"https:\/\/www.wonzh.com\/tr\/wp-json\/wp\/v2\/types\/product"}],"replies":[{"embeddable":true,"href":"https:\/\/www.wonzh.com\/tr\/wp-json\/wp\/v2\/comments?post=2153"}],"wp:featuredmedia":[{"embeddable":true,"href":"https:\/\/www.wonzh.com\/tr\/wp-json\/wp\/v2\/media\/2154"}],"wp:attachment":[{"href":"https:\/\/www.wonzh.com\/tr\/wp-json\/wp\/v2\/media?parent=2153"}],"wp:term":[{"taxonomy":"product_brand","embeddable":true,"href":"https:\/\/www.wonzh.com\/tr\/wp-json\/wp\/v2\/product_brand?post=2153"},{"taxonomy":"product_cat","embeddable":true,"href":"https:\/\/www.wonzh.com\/tr\/wp-json\/wp\/v2\/product_cat?post=2153"},{"taxonomy":"product_tag","embeddable":true,"href":"https:\/\/www.wonzh.com\/tr\/wp-json\/wp\/v2\/product_tag?post=2153"}],"curies":[{"name":"wp","href":"https:\/\/api.w.org\/{rel}","templated":true}]}}