{"id":2151,"date":"2026-04-29T15:21:33","date_gmt":"2026-04-29T15:21:33","guid":{"rendered":"https:\/\/www.wonzh.com\/?post_type=product&#038;p=2151"},"modified":"2026-04-29T15:21:35","modified_gmt":"2026-04-29T15:21:35","slug":"ybh-series-hybrid-compact-substation-10kv-35kv-prefabricated-substation-for-solar-wind-power-distribution","status":"publish","type":"product","link":"https:\/\/www.wonzh.com\/tr\/product\/ybh-series-hybrid-compact-substation-10kv-35kv-prefabricated-substation-for-solar-wind-power-distribution\/","title":{"rendered":"YBH Serisi Hibrit Kompakt Trafo Merkezi (G\u00fcne\u015f ve R\u00fczgar Enerjisi Da\u011f\u0131t\u0131m\u0131 i\u00e7in 10kV\/35kV Prefabrik Trafo Merkezi)"},"content":{"rendered":"<p data-start=\"252\" data-end=\"450\">YBH Serisi Hibrit Kompakt Trafo Merkezi, hem Amerikan tipi (pad-mounted) hem de Avrupa tipi kompakt trafo merkezlerinin avantajlar\u0131n\u0131 bir araya getiren yenilik\u00e7i bir prefabrik trafo merkezidir.<\/p>\n<p data-start=\"452\" data-end=\"611\">Geleneksel tasar\u0131mlardan farkl\u0131 olarak YBH serisi, tescilli teknolojiye sahip benzersiz bir y\u00fcksek voltaj ba\u011flant\u0131 yap\u0131s\u0131 benimseyerek \u00fcst\u00fcn bir denge sunar:<\/p>\n<p data-start=\"613\" data-end=\"689\">\ud83d\udc49 G\u00fcvenlik<br data-start=\"622\" data-end=\"625\" \/>\ud83d\udc49 G\u00fcvenilirlik<br data-start=\"639\" data-end=\"642\" \/>\ud83d\udc49 Esneklik<br data-start=\"656\" data-end=\"659\" \/>\ud83d\udc49 \u00c7evresel performans<\/p>\n<p data-start=\"691\" data-end=\"712\">Yayg\u0131n olarak kullan\u0131lmaktad\u0131r:<\/p>\n<ul data-start=\"713\" data-end=\"811\">\n<li data-section-id=\"1w4tyzr\" data-start=\"713\" data-end=\"744\">G\u00fcne\u015f enerjisi (PV) tesisleri<\/li>\n<li data-section-id=\"z32h6d\" data-start=\"745\" data-end=\"771\">R\u00fczgar enerjisi sistemleri<\/li>\n<li data-section-id=\"1xsivcn\" data-start=\"772\" data-end=\"811\">10kV \/ 35kV da\u011f\u0131t\u0131m \u015febekeleri<\/li>\n<\/ul>\n<hr data-start=\"813\" data-end=\"816\" \/>\n<h2 data-section-id=\"17fvu7l\" data-start=\"818\" data-end=\"836\">\ud83d\udd39 Temel \u00d6zellikler<\/h2>\n<h3 data-section-id=\"p055a8\" data-start=\"838\" data-end=\"893\">\u2714 Hibrit Tasar\u0131m (Amerikan ve Avrupa Tiplerinin En \u0130yisi)<\/h3>\n<ul data-start=\"894\" data-end=\"996\">\n<li data-section-id=\"1ravmmf\" data-start=\"894\" data-end=\"941\">Amerikan tipi kompakt yap\u0131y\u0131 birle\u015ftirir<\/li>\n<li data-section-id=\"h5akx7\" data-start=\"942\" data-end=\"996\">Avrupa tipi esnek konfig\u00fcrasyonu entegre eder<\/li>\n<\/ul>\n<p data-start=\"998\" data-end=\"1048\">\ud83d\udc49 Modern g\u00fc\u00e7 da\u011f\u0131t\u0131m ihtiya\u00e7lar\u0131 i\u00e7in optimize edilmi\u015ftir<\/p>\n<hr data-start=\"1050\" data-end=\"1053\" \/>\n<h3 data-section-id=\"jwo2v2\" data-start=\"1055\" data-end=\"1107\">\u2714 Tescilli Y\u00fcksek Gerilim Ba\u011flant\u0131 Teknolojisi<\/h3>\n<ul data-start=\"1108\" data-end=\"1180\">\n<li data-section-id=\"eeyv5\" data-start=\"1108\" data-end=\"1139\">Benzersiz YG ba\u011flant\u0131 tasar\u0131m\u0131<\/li>\n<li data-section-id=\"1neig4x\" data-start=\"1140\" data-end=\"1180\">Geli\u015ftirilmi\u015f sistem kararl\u0131l\u0131\u011f\u0131 ve g\u00fcvenli\u011fi<\/li>\n<\/ul>\n<p data-start=\"1182\" data-end=\"1232\">\ud83d\udc49 Projeler i\u00e7in farkl\u0131la\u015ft\u0131r\u0131lm\u0131\u015f \u00fcr\u00fcn avantaj\u0131<\/p>\n<hr data-start=\"1234\" data-end=\"1237\" \/>\n<h3 data-section-id=\"1mr7066\" data-start=\"1239\" data-end=\"1279\">\u2714 Entegre Prefabrik Yap\u0131<\/h3>\n<ul data-start=\"1280\" data-end=\"1350\">\n<li data-section-id=\"kygouv\" data-start=\"1280\" data-end=\"1324\">Transformat\u00f6r + YG + AG sistemi tek bir \u00fcnitede<\/li>\n<li data-section-id=\"y5las0\" data-start=\"1325\" data-end=\"1350\">Fabrika \u00f6n montajl\u0131<\/li>\n<\/ul>\n<p data-start=\"1352\" data-end=\"1390\">\ud83d\udc49 Sahada kurulum s\u00fcresini azalt\u0131r<\/p>\n<hr data-start=\"1392\" data-end=\"1395\" \/>\n<h3 data-section-id=\"1ney3w6\" data-start=\"1397\" data-end=\"1428\">\u2714 Y\u00fcksek G\u00fcvenlik ve G\u00fcvenilirlik<\/h3>\n<ul data-start=\"1429\" data-end=\"1488\">\n<li data-section-id=\"18wyaby\" data-start=\"1429\" data-end=\"1457\">Tamamen kapal\u0131 yap\u0131<\/li>\n<li data-section-id=\"eqylk7\" data-start=\"1458\" data-end=\"1488\">Komple koruma sistemi<\/li>\n<\/ul>\n<p data-start=\"1490\" data-end=\"1534\">\ud83d\udc49 Zorlu d\u0131\u015f ortamlar i\u00e7in uygundur<\/p>\n<hr data-start=\"1536\" data-end=\"1539\" \/>\n<h3 data-section-id=\"1ep4gse\" data-start=\"1541\" data-end=\"1569\">\u2714 Kompakt ve Yer Tasarruflu<\/h3>\n<ul data-start=\"1570\" data-end=\"1678\">\n<li data-section-id=\"1kzytt9\" data-start=\"1570\" data-end=\"1627\">Geleneksel trafo merkezlerine k\u0131yasla daha k\u00fc\u00e7\u00fck ayak izi<\/li>\n<li data-section-id=\"1bdhfgw\" data-start=\"1628\" data-end=\"1678\">Kentsel ve da\u011f\u0131t\u0131k enerji sistemleri i\u00e7in ideal<\/li>\n<\/ul>\n<hr data-start=\"1680\" data-end=\"1683\" \/>\n<h3 data-section-id=\"nixv8q\" data-start=\"1685\" data-end=\"1722\">\u2714 \u00c7evre Dostu Tasar\u0131m<\/h3>\n<ul data-start=\"1723\" data-end=\"1802\">\n<li data-section-id=\"16visxu\" data-start=\"1723\" data-end=\"1736\">D\u00fc\u015f\u00fck g\u00fcr\u00fclt\u00fc<\/li>\n<li data-section-id=\"xnrp06\" data-start=\"1737\" data-end=\"1771\">Azalt\u0131lm\u0131\u015f elektromanyetik etki<\/li>\n<li data-section-id=\"fwrxgr\" data-start=\"1772\" data-end=\"1802\">Enerji tasarruflu \u00e7al\u0131\u015fma<\/li>\n<\/ul>\n<p data-start=\"1804\" data-end=\"1843\">\ud83d\udc49 Ye\u015fil enerji projeleri i\u00e7in uygundur<\/p>\n<hr data-start=\"1845\" data-end=\"1848\" \/>\n<h2 data-section-id=\"1hq6i26\" data-start=\"1850\" data-end=\"1873\">\ud83d\udd39 Yap\u0131sal Tasar\u0131m<\/h2>\n<h3 data-section-id=\"18zdobt\" data-start=\"1875\" data-end=\"1899\">\ud83d\udd38 Y\u00fcksek Gerilim \u00dcnitesi<\/h3>\n<ul data-start=\"1900\" data-end=\"1965\">\n<li data-section-id=\"1vszvk\" data-start=\"1900\" data-end=\"1933\">Esnek YG ba\u011flant\u0131 \u015femas\u0131<\/li>\n<li data-section-id=\"wvv6oo\" data-start=\"1934\" data-end=\"1965\">G\u00fcvenli ve g\u00fcvenilir anahtarlama<\/li>\n<\/ul>\n<hr data-start=\"1967\" data-end=\"1970\" \/>\n<h3 data-section-id=\"ebkzy6\" data-start=\"1972\" data-end=\"1995\">\ud83d\udd38 Transformat\u00f6r \u00dcnitesi<\/h3>\n<ul data-start=\"1996\" data-end=\"2071\">\n<li data-section-id=\"c29kbn\" data-start=\"1996\" data-end=\"2045\">Ya\u011fa bat\u0131r\u0131lm\u0131\u015f veya kuru tip transformat\u00f6r\u00fc destekler<\/li>\n<li data-section-id=\"zfd45y\" data-start=\"2046\" data-end=\"2071\">\u00d6zelle\u015ftirilebilir kapasite<\/li>\n<\/ul>\n<hr data-start=\"2073\" data-end=\"2076\" \/>\n<h3 data-section-id=\"1ts15o3\" data-start=\"2078\" data-end=\"2101\">\ud83d\udd38 Al\u00e7ak Gerilim \u00dcnitesi<\/h3>\n<ul data-start=\"2102\" data-end=\"2177\">\n<li data-section-id=\"1nhl37j\" data-start=\"2102\" data-end=\"2140\">Da\u011f\u0131t\u0131m ve koruma sistemi<\/li>\n<li data-section-id=\"nc910x\" data-start=\"2141\" data-end=\"2177\">\u00d6l\u00e7\u00fcm ve kontrol entegrasyonu<\/li>\n<\/ul>\n<hr data-start=\"2179\" data-end=\"2182\" \/>\n<h3 data-section-id=\"1m6twft\" data-start=\"2184\" data-end=\"2200\">\ud83d\udd38 Muhafaza<\/h3>\n<ul data-start=\"2201\" data-end=\"2286\">\n<li data-section-id=\"1ut0yto\" data-start=\"2201\" data-end=\"2222\">Hava ko\u015fullar\u0131na dayan\u0131kl\u0131<\/li>\n<li data-section-id=\"xvhfr1\" data-start=\"2223\" data-end=\"2248\">Korozyon \u00f6nleyici tasar\u0131m<\/li>\n<li data-section-id=\"1qum606\" data-start=\"2249\" data-end=\"2286\">D\u0131\u015f mekan kurulumu i\u00e7in uygundur<\/li>\n<\/ul>\n<hr data-start=\"2288\" data-end=\"2291\" \/>\n<h2 data-section-id=\"15du31k\" data-start=\"2293\" data-end=\"2311\">\ud83d\udd39 Uygulamalar<\/h2>\n<p data-start=\"2313\" data-end=\"2357\">YBH Hibrit Trafo Merkezi yayg\u0131n olarak kullan\u0131lmaktad\u0131r:<\/p>\n<ul data-start=\"2359\" data-end=\"2542\">\n<li data-section-id=\"aj1s75\" data-start=\"2359\" data-end=\"2399\">G\u00fcne\u015f fotovoltaik (PV) enerji santralleri<\/li>\n<li data-section-id=\"pdj8ig\" data-start=\"2400\" data-end=\"2424\">R\u00fczgar enerjisi projeleri<\/li>\n<li data-section-id=\"1oiocup\" data-start=\"2425\" data-end=\"2461\">Kentsel elektrik da\u011f\u0131t\u0131m sistemleri<\/li>\n<li data-section-id=\"ikoknv\" data-start=\"2462\" data-end=\"2502\">End\u00fcstriyel ve ticari tesisler<\/li>\n<li data-section-id=\"gftaf6\" data-start=\"2503\" data-end=\"2542\">Altyap\u0131 ve kamu hizmeti projeleri<\/li>\n<\/ul>\n<hr data-start=\"2544\" data-end=\"2547\" \/>\n<h2 data-section-id=\"1rg4wz9\" data-start=\"2549\" data-end=\"2573\">\ud83d\udd39 Avantajlar \u00d6zet<\/h2>\n<ul data-start=\"2575\" data-end=\"2866\">\n<li data-section-id=\"1gwl3b8\" data-start=\"2575\" data-end=\"2632\">ABD ve AB trafo merkezi avantajlar\u0131n\u0131 birle\u015ftiren hibrit tasar\u0131m<\/li>\n<li data-section-id=\"2hkvtw\" data-start=\"2633\" data-end=\"2683\">Tescilli y\u00fcksek gerilim ba\u011flant\u0131 teknolojisi<\/li>\n<li data-section-id=\"17kae4n\" data-start=\"2684\" data-end=\"2728\">Kompakt, entegre ve kurulumu kolay<\/li>\n<li data-section-id=\"el1xvd\" data-start=\"2729\" data-end=\"2772\">Y\u00fcksek g\u00fcvenlik ve operasyonel g\u00fcvenilirlik<\/li>\n<li data-section-id=\"blvuyk\" data-start=\"2773\" data-end=\"2816\">Yenilenebilir enerji uygulamalar\u0131 i\u00e7in ideal<\/li>\n<li data-section-id=\"5i22eq\" data-start=\"2817\" data-end=\"2866\">\u00c7evre dostu ve enerji tasarruflu<\/li>\n<\/ul>\n<hr data-start=\"2868\" data-end=\"2871\" \/>\n<h1 data-section-id=\"1lxd8kj\" data-start=\"2873\" data-end=\"2880\">\u2753 SSS<\/h1>\n<h3 data-section-id=\"z3zs38\" data-start=\"2882\" data-end=\"2922\">1\ufe0f\u20e3 YBH hibrit trafo merkezi nedir?<\/h3>\n<p data-start=\"2924\" data-end=\"3023\">\u00d6yle:<br \/>\n\ud83d\udc49 Amerikan ve Avrupa tiplerinin \u00f6zelliklerini birle\u015ftiren prefabrik kompakt bir trafo merkezi.<\/p>\n<hr data-start=\"3025\" data-end=\"3028\" \/>\n<h3 data-section-id=\"12cezs5\" data-start=\"3030\" data-end=\"3074\">2\ufe0f\u20e3 Hangi voltaj seviyelerini destekliyor?<\/h3>\n<p data-start=\"3076\" data-end=\"3128\">Tipik olarak:<br \/>\n\ud83d\udc49 10kV ve 35kV da\u011f\u0131t\u0131m sistemleri<\/p>\n<hr data-start=\"3130\" data-end=\"3133\" \/>\n<h3 data-section-id=\"67s3uz\" data-start=\"3135\" data-end=\"3194\">3\ufe0f\u20e3 YBH'yi standart trafo merkezlerinden farkl\u0131 k\u0131lan nedir?<\/h3>\n<ul data-start=\"3196\" data-end=\"3301\">\n<li data-section-id=\"1hj524x\" data-start=\"3196\" data-end=\"3216\">Hibrit yap\u0131<\/li>\n<li data-section-id=\"whfq98\" data-start=\"3217\" data-end=\"3251\">Benzersiz y\u00fcksek gerilim ba\u011flant\u0131s\u0131<\/li>\n<li data-section-id=\"111rkfh\" data-start=\"3252\" data-end=\"3301\">Daha iyi kompaktl\u0131k ve esneklik dengesi<\/li>\n<\/ul>\n<hr data-start=\"3303\" data-end=\"3306\" \/>\n<h3 data-section-id=\"1638i42\" data-start=\"3308\" data-end=\"3360\">4\ufe0f\u20e3 Yenilenebilir enerji projelerinde kullan\u0131labilir mi?<\/h3>\n<p data-start=\"3362\" data-end=\"3427\">Evet, yayg\u0131n olarak kullan\u0131lmaktad\u0131r:<br \/>\n\ud83d\udc49 G\u00fcne\u015f (PV) ve r\u00fczgar enerjisi sistemleri<\/p>\n<hr data-start=\"3429\" data-end=\"3432\" \/>\n<h3 data-section-id=\"zb1fot\" data-start=\"3434\" data-end=\"3461\">5\ufe0f\u20e3 \u00d6zelle\u015ftirilebilir mi?<\/h3>\n<p data-start=\"3463\" data-end=\"3480\">Evet, destekliyor:<\/p>\n<ul data-start=\"3481\" data-end=\"3574\">\n<li data-section-id=\"sbuquj\" data-start=\"3481\" data-end=\"3511\">Transformat\u00f6r tipi se\u00e7imi<\/li>\n<li data-section-id=\"1aqod29\" data-start=\"3512\" data-end=\"3538\">Kapasite \u00f6zelle\u015ftirme<\/li>\n<li data-section-id=\"5l4zr8\" data-start=\"3539\" data-end=\"3574\">Elektrik konfig\u00fcrasyon tasar\u0131m\u0131<\/li>\n<\/ul>","protected":false},"excerpt":{"rendered":"<p data-start=\"252\" data-end=\"450\">YBH Serisi Hibrit Kompakt Trafo Merkezi, hem Amerikan tipi (pad-mounted) hem de Avrupa tipi kompakt trafo merkezlerinin avantajlar\u0131n\u0131 bir araya getiren yenilik\u00e7i bir prefabrik trafo merkezidir.<\/p>\n<p data-start=\"452\" data-end=\"611\">Geleneksel tasar\u0131mlardan farkl\u0131 olarak YBH serisi, tescilli teknolojiye sahip benzersiz bir y\u00fcksek voltaj ba\u011flant\u0131 yap\u0131s\u0131 benimseyerek \u00fcst\u00fcn bir denge sunar:<\/p>","protected":false},"featured_media":2152,"comment_status":"open","ping_status":"closed","template":"","meta":{"site-sidebar-layout":"default","site-content-layout":"","ast-site-content-layout":"default","site-content-style":"default","site-sidebar-style":"default","ast-global-header-display":"","ast-banner-title-visibility":"","ast-main-header-display":"","ast-hfb-above-header-display":"","ast-hfb-below-header-display":"","ast-hfb-mobile-header-display":"","site-post-title":"","ast-breadcrumbs-content":"","ast-featured-img":"","footer-sml-layout":"","ast-disable-related-posts":"","theme-transparent-header-meta":"default","adv-header-id-meta":"","stick-header-meta":"","header-above-stick-meta":"","header-main-stick-meta":"","header-below-stick-meta":"","astra-migrate-meta-layouts":"set","ast-page-background-enabled":"default","ast-page-background-meta":{"desktop":{"background-color":"","background-image":"","background-repeat":"repeat","background-position":"center center","background-size":"auto","background-attachment":"scroll","background-type":"","background-media":"","overlay-type":"","overlay-color":"","overlay-opacity":"","overlay-gradient":""},"tablet":{"background-color":"","background-image":"","background-repeat":"repeat","background-position":"center center","background-size":"auto","background-attachment":"scroll","background-type":"","background-media":"","overlay-type":"","overlay-color":"","overlay-opacity":"","overlay-gradient":""},"mobile":{"background-color":"","background-image":"","background-repeat":"repeat","background-position":"center center","background-size":"auto","background-attachment":"scroll","background-type":"","background-media":"","overlay-type":"","overlay-color":"","overlay-opacity":"","overlay-gradient":""}},"ast-content-background-meta":{"desktop":{"background-color":"var(--ast-global-color-5)","background-image":"","background-repeat":"repeat","background-position":"center center","background-size":"auto","background-attachment":"scroll","background-type":"","background-media":"","overlay-type":"","overlay-color":"","overlay-opacity":"","overlay-gradient":""},"tablet":{"background-color":"var(--ast-global-color-5)","background-image":"","background-repeat":"repeat","background-position":"center center","background-size":"auto","background-attachment":"scroll","background-type":"","background-media":"","overlay-type":"","overlay-color":"","overlay-opacity":"","overlay-gradient":""},"mobile":{"background-color":"var(--ast-global-color-5)","background-image":"","background-repeat":"repeat","background-position":"center center","background-size":"auto","background-attachment":"scroll","background-type":"","background-media":"","overlay-type":"","overlay-color":"","overlay-opacity":"","overlay-gradient":""}}},"product_brand":[],"product_cat":[2032,2036],"product_tag":[2145,2146,2149,2144,2151,2150,2064,2147,2148,2143],"class_list":{"0":"post-2151","1":"product","2":"type-product","3":"status-publish","4":"has-post-thumbnail","6":"product_cat-electrical-equipment","7":"product_cat-renewable-energy-products","8":"product_tag-10kv-substation","9":"product_tag-35kv-substation","10":"product_tag-compact-transformer-substation","11":"product_tag-hybrid-compact-substation","12":"product_tag-outdoor-substation-equipment","13":"product_tag-power-distribution-substation","14":"product_tag-prefabricated-substation","15":"product_tag-solar-substation","16":"product_tag-wind-power-substation","17":"product_tag-ybh-substation","18":"desktop-align-left","19":"tablet-align-left","20":"mobile-align-left","22":"first","23":"instock","24":"shipping-taxable","25":"product-type-simple"},"_links":{"self":[{"href":"https:\/\/www.wonzh.com\/tr\/wp-json\/wp\/v2\/product\/2151","targetHints":{"allow":["GET"]}}],"collection":[{"href":"https:\/\/www.wonzh.com\/tr\/wp-json\/wp\/v2\/product"}],"about":[{"href":"https:\/\/www.wonzh.com\/tr\/wp-json\/wp\/v2\/types\/product"}],"replies":[{"embeddable":true,"href":"https:\/\/www.wonzh.com\/tr\/wp-json\/wp\/v2\/comments?post=2151"}],"wp:featuredmedia":[{"embeddable":true,"href":"https:\/\/www.wonzh.com\/tr\/wp-json\/wp\/v2\/media\/2152"}],"wp:attachment":[{"href":"https:\/\/www.wonzh.com\/tr\/wp-json\/wp\/v2\/media?parent=2151"}],"wp:term":[{"taxonomy":"product_brand","embeddable":true,"href":"https:\/\/www.wonzh.com\/tr\/wp-json\/wp\/v2\/product_brand?post=2151"},{"taxonomy":"product_cat","embeddable":true,"href":"https:\/\/www.wonzh.com\/tr\/wp-json\/wp\/v2\/product_cat?post=2151"},{"taxonomy":"product_tag","embeddable":true,"href":"https:\/\/www.wonzh.com\/tr\/wp-json\/wp\/v2\/product_tag?post=2151"}],"curies":[{"name":"wp","href":"https:\/\/api.w.org\/{rel}","templated":true}]}}