{"id":2140,"date":"2026-04-29T14:46:34","date_gmt":"2026-04-29T14:46:34","guid":{"rendered":"https:\/\/www.wonzh.com\/?post_type=product&#038;p=2140"},"modified":"2026-04-29T14:46:35","modified_gmt":"2026-04-29T14:46:35","slug":"xgn15-12-sf6-ring-main-unit-12kv-metal-enclosed-air-insulated-switchgear-for-power-distribution","status":"publish","type":"product","link":"https:\/\/www.wonzh.com\/tr\/product\/xgn15-12-sf6-ring-main-unit-12kv-metal-enclosed-air-insulated-switchgear-for-power-distribution\/","title":{"rendered":"XGN15-12 SF6 Ring Ana \u00dcnite (G\u00fc\u00e7 Da\u011f\u0131t\u0131m\u0131 i\u00e7in 12kV Metal Kapal\u0131 Hava \u0130zoleli \u015ealt)"},"content":{"rendered":"<p data-start=\"244\" data-end=\"452\">XGN15-12 serisi SF6 Halka Ana \u00dcnite (RMU), ana anahtarlama bile\u015feni olarak SF6 y\u00fck ay\u0131rma anahtarlar\u0131 ve hava yal\u0131t\u0131m yap\u0131s\u0131 ile tasarlanm\u0131\u015f yeni nesil bir orta gerilim \u015falt cihaz\u0131d\u0131r.<\/p>\n<p data-start=\"454\" data-end=\"609\">Kompakt, mod\u00fcler ve geni\u015fletilebilir bir tasar\u0131ma sahiptir, bu da onu modern ring \u015febekesi g\u00fc\u00e7 da\u011f\u0131t\u0131m sistemleri ve terminal trafo merkezleri i\u00e7in ideal hale getirir.<\/p>\n<p data-start=\"611\" data-end=\"638\">\u015ealt sistemi \u015fu \u015fekilde \u00e7al\u0131\u015f\u0131r:<\/p>\n<ul data-start=\"639\" data-end=\"696\">\n<li data-section-id=\"w0xwqv\" data-start=\"639\" data-end=\"668\">Nominal frekans: 50Hz<\/li>\n<li data-section-id=\"1hfgq88\" data-start=\"669\" data-end=\"696\">Anma gerilimi: 12kV<\/li>\n<\/ul>\n<p data-start=\"698\" data-end=\"845\">Kentsel ve end\u00fcstriyel g\u00fc\u00e7 da\u011f\u0131t\u0131m \u015febekelerinde, \u00f6zellikle kablo ring sistemlerinde ve terminal g\u00fc\u00e7 kayna\u011f\u0131 uygulamalar\u0131nda yayg\u0131n olarak kullan\u0131lmaktad\u0131r.<\/p>\n<hr data-start=\"847\" data-end=\"850\" \/>\n<h2 data-section-id=\"17fvu7l\" data-start=\"852\" data-end=\"870\">\ud83d\udd39 Temel \u00d6zellikler<\/h2>\n<h3 data-section-id=\"17n3pcd\" data-start=\"872\" data-end=\"902\">\u2714 Kompakt ve Mod\u00fcler Tasar\u0131m<\/h3>\n<ul data-start=\"903\" data-end=\"974\">\n<li data-section-id=\"1exxsfo\" data-start=\"903\" data-end=\"922\">K\u00fc\u00e7\u00fck ayak izi<\/li>\n<li data-section-id=\"1pg46p\" data-start=\"923\" data-end=\"947\">Geni\u015fletilebilir yap\u0131<\/li>\n<li data-section-id=\"1lwy1yl\" data-start=\"948\" data-end=\"974\">Esnek yap\u0131land\u0131rma<\/li>\n<\/ul>\n<p data-start=\"976\" data-end=\"1018\">\ud83d\udc49 S\u0131n\u0131rl\u0131 alana sahip kurulumlar i\u00e7in ideal<\/p>\n<hr data-start=\"1020\" data-end=\"1023\" \/>\n<h3 data-section-id=\"1rmabi4\" data-start=\"1025\" data-end=\"1063\">\u2714 SF6 Y\u00fck Ay\u0131r\u0131c\u0131 Anahtar Teknolojisi<\/h3>\n<ul data-start=\"1064\" data-end=\"1149\">\n<li data-section-id=\"xmiurg\" data-start=\"1064\" data-end=\"1106\">Y\u00fcksek g\u00fcvenilirlikli anahtarlama performans\u0131<\/li>\n<li data-section-id=\"g919cy\" data-start=\"1107\" data-end=\"1149\">M\u00fckemmel ark s\u00f6nd\u00fcrme \u00f6zelli\u011fi<\/li>\n<\/ul>\n<p data-start=\"1151\" data-end=\"1189\">\ud83d\udc49 G\u00fcvenli ve istikrarl\u0131 \u00e7al\u0131\u015fma sa\u011flar<\/p>\n<hr data-start=\"1191\" data-end=\"1194\" \/>\n<h3 data-section-id=\"1xt7gxu\" data-start=\"1196\" data-end=\"1226\">\u2714 Metal Kapal\u0131 Yap\u0131<\/h3>\n<ul data-start=\"1227\" data-end=\"1298\">\n<li data-section-id=\"jufgzz\" data-start=\"1227\" data-end=\"1261\">Tamamen kapal\u0131 z\u0131rhl\u0131 kabin<\/li>\n<li data-section-id=\"1cbibis\" data-start=\"1262\" data-end=\"1298\">Hava yal\u0131t\u0131ml\u0131 i\u00e7 yap\u0131<\/li>\n<\/ul>\n<p data-start=\"1300\" data-end=\"1332\">\ud83d\udc49 Operasyonel g\u00fcvenli\u011fi art\u0131r\u0131r<\/p>\n<hr data-start=\"1334\" data-end=\"1337\" \/>\n<h3 data-section-id=\"nmp87m\" data-start=\"1339\" data-end=\"1369\">\u2714 Esnek Devre \u015eemalar\u0131<\/h3>\n<ul data-start=\"1370\" data-end=\"1462\">\n<li data-section-id=\"ivfvff\" data-start=\"1370\" data-end=\"1415\">Terminal ve halka a\u011f kablolamas\u0131n\u0131 destekler<\/li>\n<li data-section-id=\"1l6lnne\" data-start=\"1416\" data-end=\"1462\">\u00c7e\u015fitli sistem konfig\u00fcrasyonlar\u0131na uyarlanabilir<\/li>\n<\/ul>\n<hr data-start=\"1464\" data-end=\"1467\" \/>\n<h3 data-section-id=\"1gxptii\" data-start=\"1469\" data-end=\"1505\">\u2714 Eksiksiz Bile\u015fen Entegrasyonu<\/h3>\n<p data-start=\"1506\" data-end=\"1515\">\u0130\u00e7erir:<\/p>\n<ul data-start=\"1516\" data-end=\"1629\">\n<li data-section-id=\"zza4lc\" data-start=\"1516\" data-end=\"1541\">SF6 y\u00fck kesme anahtar\u0131<\/li>\n<li data-section-id=\"1wup980\" data-start=\"1542\" data-end=\"1561\">Topraklama anahtar\u0131<\/li>\n<li data-section-id=\"1yhabhp\" data-start=\"1562\" data-end=\"1570\">Sigorta<\/li>\n<li data-section-id=\"1vf5890\" data-start=\"1571\" data-end=\"1603\">Ak\u0131m\/gerilim transformat\u00f6rleri<\/li>\n<li data-section-id=\"9wlt9w\" data-start=\"1604\" data-end=\"1629\">\u0130kincil ara\u00e7lar<\/li>\n<\/ul>\n<p data-start=\"1631\" data-end=\"1674\">\ud83d\udc49 Farkl\u0131 m\u00fchendislik gereksinimlerini kar\u015f\u0131lar<\/p>\n<hr data-start=\"1676\" data-end=\"1679\" \/>\n<h3 data-section-id=\"12n2clq\" data-start=\"1681\" data-end=\"1719\">\u2714 G\u00fcvenilir Mekanik Kilitleme<\/h3>\n<ul data-start=\"1720\" data-end=\"1905\">\n<li data-section-id=\"12itbxq\" data-start=\"1720\" data-end=\"1749\">Dahili kilitleme sistemi<\/li>\n<li data-section-id=\"opbivp\" data-start=\"1750\" data-end=\"1905\">Tam olarak kar\u015f\u0131l\u0131yor <strong data-start=\"1764\" data-end=\"1805\">\u201cBe\u015f \u00d6nleme\u201d g\u00fcvenlik gereklilikleri<\/strong>:\n<ul data-start=\"1809\" data-end=\"1905\">\n<li data-section-id=\"10220o4\" data-start=\"1809\" data-end=\"1833\">Yanl\u0131\u015f \u00e7al\u0131\u015fmay\u0131 \u00f6nleme<\/li>\n<li data-section-id=\"1d8zgdx\" data-start=\"1836\" data-end=\"1862\">Canl\u0131 topraklamay\u0131 \u00f6nleyin<\/li>\n<li data-section-id=\"1xh9vyq\" data-start=\"1865\" data-end=\"1905\">Yanl\u0131\u015f anahtarlama s\u0131ras\u0131n\u0131 \u00f6nleme<\/li>\n<\/ul>\n<\/li>\n<\/ul>\n<hr data-start=\"1907\" data-end=\"1910\" \/>\n<h3 data-section-id=\"1ney3w6\" data-start=\"1912\" data-end=\"1943\">\u2714 Y\u00fcksek G\u00fcvenlik ve G\u00fcvenilirlik<\/h3>\n<ul data-start=\"1944\" data-end=\"2044\">\n<li data-section-id=\"1trnttq\" data-start=\"1944\" data-end=\"1990\">Orta gerilim sistemlerinde kararl\u0131 \u00e7al\u0131\u015fma<\/li>\n<li data-section-id=\"1upbm1x\" data-start=\"1991\" data-end=\"2044\">S\u00fcrekli g\u00fc\u00e7 kayna\u011f\u0131 ortamlar\u0131 i\u00e7in uygundur<\/li>\n<\/ul>\n<hr data-start=\"2046\" data-end=\"2049\" \/>\n<h2 data-section-id=\"1hq6i26\" data-start=\"2051\" data-end=\"2074\">\ud83d\udd39 Yap\u0131sal Tasar\u0131m<\/h2>\n<h3 data-section-id=\"8fsvm5\" data-start=\"2076\" data-end=\"2095\">\ud83d\udd38 Dolap Tipi<\/h3>\n<ul data-start=\"2096\" data-end=\"2183\">\n<li data-section-id=\"6ycy0i\" data-start=\"2096\" data-end=\"2129\">Metal kapl\u0131 kapal\u0131 yap\u0131<\/li>\n<li data-section-id=\"9mhacx\" data-start=\"2130\" data-end=\"2160\">Hava yal\u0131t\u0131ml\u0131 b\u00f6lmeler<\/li>\n<li data-section-id=\"19bdaax\" data-start=\"2161\" data-end=\"2183\">Kompakt ve sa\u011flam<\/li>\n<\/ul>\n<hr data-start=\"2185\" data-end=\"2188\" \/>\n<h3 data-section-id=\"1k4dlis\" data-start=\"2190\" data-end=\"2213\">\ud83d\udd38 Anahtarlama Sistemi<\/h3>\n<ul data-start=\"2214\" data-end=\"2300\">\n<li data-section-id=\"1pc7u17\" data-start=\"2214\" data-end=\"2254\">Ana \u015falter olarak SF6 y\u00fck kesme \u015falteri<\/li>\n<li data-section-id=\"19peevs\" data-start=\"2255\" data-end=\"2300\">Entegre topraklama ve koruma sistemi<\/li>\n<\/ul>\n<hr data-start=\"2302\" data-end=\"2305\" \/>\n<h3 data-section-id=\"1x6mgn9\" data-start=\"2307\" data-end=\"2331\">\ud83d\udd38 Koruma Sistemi<\/h3>\n<ul data-start=\"2332\" data-end=\"2409\">\n<li data-section-id=\"1vzhk71\" data-start=\"2332\" data-end=\"2368\">Transformat\u00f6rler i\u00e7in sigorta korumas\u0131<\/li>\n<li data-section-id=\"1jqn82g\" data-start=\"2369\" data-end=\"2409\">Komple ar\u0131za koruma \u00f6zelli\u011fi<\/li>\n<\/ul>\n<hr data-start=\"2411\" data-end=\"2414\" \/>\n<h3 data-section-id=\"1ux2mw7\" data-start=\"2416\" data-end=\"2436\">\ud83d\udd38 Geni\u015fletilebilirlik<\/h3>\n<ul data-start=\"2437\" data-end=\"2518\">\n<li data-section-id=\"hkvjgg\" data-start=\"2437\" data-end=\"2479\">Mod\u00fcler tasar\u0131m gelecekte geni\u015flemeye olanak sa\u011flar<\/li>\n<li data-section-id=\"cucwfa\" data-start=\"2480\" data-end=\"2518\">B\u00fcy\u00fcyen g\u00fc\u00e7 sistemleri i\u00e7in uygundur<\/li>\n<\/ul>\n<hr data-start=\"2520\" data-end=\"2523\" \/>\n<h2 data-section-id=\"15du31k\" data-start=\"2525\" data-end=\"2543\">\ud83d\udd39 Uygulamalar<\/h2>\n<p data-start=\"2545\" data-end=\"2580\">XGN15-12 RMU yayg\u0131n olarak kullan\u0131lmaktad\u0131r:<\/p>\n<ul data-start=\"2582\" data-end=\"2841\">\n<li data-section-id=\"86zm1h\" data-start=\"2582\" data-end=\"2622\">Kentsel konut elektrik da\u011f\u0131t\u0131m\u0131<\/li>\n<li data-section-id=\"zcg4fz\" data-start=\"2623\" data-end=\"2648\">\u0130kincil trafo merkezleri<\/li>\n<li data-section-id=\"114sfdf\" data-start=\"2649\" data-end=\"2671\">Anahtarlama istasyonlar\u0131<\/li>\n<li data-section-id=\"eakz7s\" data-start=\"2672\" data-end=\"2709\">Sanayi ve maden i\u015fletmeleri<\/li>\n<li data-section-id=\"hfihxt\" data-start=\"2710\" data-end=\"2734\">Ticari binalar<\/li>\n<li data-section-id=\"1b8blr8\" data-start=\"2735\" data-end=\"2765\">Havaalanlar\u0131 ve metro sistemleri<\/li>\n<li data-section-id=\"18stwit\" data-start=\"2766\" data-end=\"2789\">R\u00fczgar enerjisi projeleri<\/li>\n<li data-section-id=\"1v8duec\" data-start=\"2790\" data-end=\"2816\">Hastaneler ve stadyumlar<\/li>\n<li data-section-id=\"11oc9le\" data-start=\"2817\" data-end=\"2841\">Demiryollar\u0131 ve t\u00fcneller<\/li>\n<\/ul>\n<hr data-start=\"2843\" data-end=\"2846\" \/>\n<h2 data-section-id=\"1rg4wz9\" data-start=\"2848\" data-end=\"2872\">\ud83d\udd39 Avantajlar \u00d6zet<\/h2>\n<ul data-start=\"2874\" data-end=\"3139\">\n<li data-section-id=\"1x16qe3\" data-start=\"2874\" data-end=\"2909\">Kompakt ve yerden tasarruf sa\u011flayan tasar\u0131m<\/li>\n<li data-section-id=\"1bsc137\" data-start=\"2910\" data-end=\"2960\">SF6 anahtarlama teknolojisi ile y\u00fcksek g\u00fcvenilirlik<\/li>\n<li data-section-id=\"lol72i\" data-start=\"2961\" data-end=\"3002\">Esnek ve geni\u015fletilebilir konfig\u00fcrasyon<\/li>\n<li data-section-id=\"1nkqwt3\" data-start=\"3003\" data-end=\"3042\">Komple g\u00fcvenlik kilitleme sistemi<\/li>\n<li data-section-id=\"18p92t7\" data-start=\"3043\" data-end=\"3098\">Ring \u015febekesi ve terminal da\u011f\u0131t\u0131m\u0131 i\u00e7in uygundur<\/li>\n<li data-section-id=\"crou16\" data-start=\"3099\" data-end=\"3139\">Modern kentsel g\u00fc\u00e7 sistemleri i\u00e7in ideal<\/li>\n<\/ul>\n<hr data-start=\"3141\" data-end=\"3144\" \/>\n<h1 data-section-id=\"1lxd8kj\" data-start=\"3146\" data-end=\"3153\">\u2753 SSS<\/h1>\n<h3 data-section-id=\"1ukyt9j\" data-start=\"3155\" data-end=\"3193\">1\ufe0f\u20e3 SF6 Ring Ana \u00dcnitesi nedir?<\/h3>\n<p data-start=\"3195\" data-end=\"3344\">Bir <strong data-start=\"3198\" data-end=\"3209\">SF6 RMU<\/strong> kullanan bir orta gerilim \u015falt cihaz\u0131d\u0131r. <strong data-start=\"3247\" data-end=\"3278\">SF6 gaz y\u00fck kesme anahtarlar\u0131<\/strong> Halka a\u011f sistemlerinde g\u00fcvenli ve g\u00fcvenilir g\u00fc\u00e7 da\u011f\u0131t\u0131m\u0131 i\u00e7in.<\/p>\n<hr data-start=\"3346\" data-end=\"3349\" \/>\n<h3 data-section-id=\"uv2j8y\" data-start=\"3351\" data-end=\"3403\">2\ufe0f\u20e3 XGN15-12 hangi voltaj seviyesi i\u00e7in uygundur?<\/h3>\n<p data-start=\"3405\" data-end=\"3465\">\u015eunlar i\u00e7in tasarlanm\u0131\u015ft\u0131r:<br \/>\n\ud83d\udc49 <strong data-start=\"3428\" data-end=\"3465\">12kV orta gerilim g\u00fc\u00e7 sistemleri<\/strong><\/p>\n<hr data-start=\"3467\" data-end=\"3470\" \/>\n<h3 data-section-id=\"tk3rvm\" data-start=\"3472\" data-end=\"3512\">3\ufe0f\u20e3 Bu RMU yayg\u0131n olarak nerede kullan\u0131l\u0131r?<\/h3>\n<p data-start=\"3514\" data-end=\"3535\">Yayg\u0131n olarak kullan\u0131lmaktad\u0131r:<\/p>\n<ul data-start=\"3536\" data-end=\"3607\">\n<li data-section-id=\"1k1ryxi\" data-start=\"3536\" data-end=\"3557\">Kentsel elektrik \u015febekeleri<\/li>\n<li data-section-id=\"8295nf\" data-start=\"3558\" data-end=\"3579\">End\u00fcstriyel tesisler<\/li>\n<li data-section-id=\"1e17v55\" data-start=\"3580\" data-end=\"3607\">Altyap\u0131 projeleri<\/li>\n<\/ul>\n<hr data-start=\"3609\" data-end=\"3612\" \/>\n<h3 data-section-id=\"4brwmt\" data-start=\"3614\" data-end=\"3664\">4\ufe0f\u20e3 SF6 \u015falt cihaz\u0131n\u0131n avantajlar\u0131 nelerdir?<\/h3>\n<ul data-start=\"3666\" data-end=\"3782\">\n<li data-section-id=\"1b4urz8\" data-start=\"3666\" data-end=\"3702\">M\u00fckemmel yal\u0131t\u0131m performans\u0131<\/li>\n<li data-section-id=\"ub7qiv\" data-start=\"3703\" data-end=\"3739\">G\u00fc\u00e7l\u00fc ark s\u00f6nd\u00fcrme yetene\u011fi<\/li>\n<li data-section-id=\"hlwggc\" data-start=\"3740\" data-end=\"3782\">Y\u00fcksek g\u00fcvenilirlik ve uzun hizmet \u00f6mr\u00fc<\/li>\n<\/ul>\n<hr data-start=\"3784\" data-end=\"3787\" \/>\n<h3 data-section-id=\"1vzxbic\" data-start=\"3789\" data-end=\"3830\">5\ufe0f\u20e3 XGN15-12 RMU geni\u015fletilebilir mi?<\/h3>\n<p data-start=\"3832\" data-end=\"3915\">Evet, i\u00e7inde bir <strong data-start=\"3851\" data-end=\"3880\">mod\u00fcler geni\u015fletilebilir tasar\u0131m<\/strong>, Gelecekte sistemin geni\u015flemesine izin verir.<\/p>","protected":false},"excerpt":{"rendered":"<p data-start=\"244\" data-end=\"452\">XGN15-12 serisi SF6 Halka Ana \u00dcnite (RMU), ana anahtarlama bile\u015feni olarak SF6 y\u00fck ay\u0131rma anahtarlar\u0131 ve hava yal\u0131t\u0131m yap\u0131s\u0131 ile tasarlanm\u0131\u015f yeni nesil bir orta gerilim \u015falt cihaz\u0131d\u0131r.<\/p>\n<p data-start=\"454\" data-end=\"609\">Kompakt, mod\u00fcler ve geni\u015fletilebilir bir tasar\u0131ma sahiptir, bu da onu modern ring \u015febekesi g\u00fc\u00e7 da\u011f\u0131t\u0131m sistemleri ve terminal trafo merkezleri i\u00e7in ideal hale getirir.<\/p>","protected":false},"featured_media":2141,"comment_status":"open","ping_status":"closed","template":"","meta":{"site-sidebar-layout":"default","site-content-layout":"","ast-site-content-layout":"default","site-content-style":"default","site-sidebar-style":"default","ast-global-header-display":"","ast-banner-title-visibility":"","ast-main-header-display":"","ast-hfb-above-header-display":"","ast-hfb-below-header-display":"","ast-hfb-mobile-header-display":"","site-post-title":"","ast-breadcrumbs-content":"","ast-featured-img":"","footer-sml-layout":"","ast-disable-related-posts":"","theme-transparent-header-meta":"default","adv-header-id-meta":"","stick-header-meta":"","header-above-stick-meta":"","header-main-stick-meta":"","header-below-stick-meta":"","astra-migrate-meta-layouts":"set","ast-page-background-enabled":"default","ast-page-background-meta":{"desktop":{"background-color":"","background-image":"","background-repeat":"repeat","background-position":"center center","background-size":"auto","background-attachment":"scroll","background-type":"","background-media":"","overlay-type":"","overlay-color":"","overlay-opacity":"","overlay-gradient":""},"tablet":{"background-color":"","background-image":"","background-repeat":"repeat","background-position":"center center","background-size":"auto","background-attachment":"scroll","background-type":"","background-media":"","overlay-type":"","overlay-color":"","overlay-opacity":"","overlay-gradient":""},"mobile":{"background-color":"","background-image":"","background-repeat":"repeat","background-position":"center center","background-size":"auto","background-attachment":"scroll","background-type":"","background-media":"","overlay-type":"","overlay-color":"","overlay-opacity":"","overlay-gradient":""}},"ast-content-background-meta":{"desktop":{"background-color":"var(--ast-global-color-5)","background-image":"","background-repeat":"repeat","background-position":"center center","background-size":"auto","background-attachment":"scroll","background-type":"","background-media":"","overlay-type":"","overlay-color":"","overlay-opacity":"","overlay-gradient":""},"tablet":{"background-color":"var(--ast-global-color-5)","background-image":"","background-repeat":"repeat","background-position":"center center","background-size":"auto","background-attachment":"scroll","background-type":"","background-media":"","overlay-type":"","overlay-color":"","overlay-opacity":"","overlay-gradient":""},"mobile":{"background-color":"var(--ast-global-color-5)","background-image":"","background-repeat":"repeat","background-position":"center center","background-size":"auto","background-attachment":"scroll","background-type":"","background-media":"","overlay-type":"","overlay-color":"","overlay-opacity":"","overlay-gradient":""}}},"product_brand":[],"product_cat":[2035,2032],"product_tag":[2119,2124,2104,2125,2120,2122,2097,2123,2121,2117,2114,2118],"class_list":{"0":"post-2140","1":"product","2":"type-product","3":"status-publish","4":"has-post-thumbnail","6":"product_cat-high-and-low-voltage-switchgear","7":"product_cat-electrical-equipment","8":"product_tag-12kv-rmu","9":"product_tag-air-insulated-switchgear","10":"product_tag-electrical-switchgear","11":"product_tag-industrial-power-equipment","12":"product_tag-medium-voltage-switchgear","13":"product_tag-metal-enclosed-switchgear","14":"product_tag-power-distribution-equipment","15":"product_tag-ring-network-cabinet","16":"product_tag-sf6-load-break-switch","17":"product_tag-sf6-ring-main-unit","18":"product_tag-substation-equipment","19":"product_tag-xgn15-12-switchgear","20":"desktop-align-left","21":"tablet-align-left","22":"mobile-align-left","24":"first","25":"instock","26":"shipping-taxable","27":"product-type-simple"},"_links":{"self":[{"href":"https:\/\/www.wonzh.com\/tr\/wp-json\/wp\/v2\/product\/2140","targetHints":{"allow":["GET"]}}],"collection":[{"href":"https:\/\/www.wonzh.com\/tr\/wp-json\/wp\/v2\/product"}],"about":[{"href":"https:\/\/www.wonzh.com\/tr\/wp-json\/wp\/v2\/types\/product"}],"replies":[{"embeddable":true,"href":"https:\/\/www.wonzh.com\/tr\/wp-json\/wp\/v2\/comments?post=2140"}],"wp:featuredmedia":[{"embeddable":true,"href":"https:\/\/www.wonzh.com\/tr\/wp-json\/wp\/v2\/media\/2141"}],"wp:attachment":[{"href":"https:\/\/www.wonzh.com\/tr\/wp-json\/wp\/v2\/media?parent=2140"}],"wp:term":[{"taxonomy":"product_brand","embeddable":true,"href":"https:\/\/www.wonzh.com\/tr\/wp-json\/wp\/v2\/product_brand?post=2140"},{"taxonomy":"product_cat","embeddable":true,"href":"https:\/\/www.wonzh.com\/tr\/wp-json\/wp\/v2\/product_cat?post=2140"},{"taxonomy":"product_tag","embeddable":true,"href":"https:\/\/www.wonzh.com\/tr\/wp-json\/wp\/v2\/product_tag?post=2140"}],"curies":[{"name":"wp","href":"https:\/\/api.w.org\/{rel}","templated":true}]}}