{"id":2132,"date":"2026-04-28T15:33:52","date_gmt":"2026-04-28T15:33:52","guid":{"rendered":"https:\/\/www.wonzh.com\/?post_type=product&#038;p=2132"},"modified":"2026-04-29T16:14:16","modified_gmt":"2026-04-29T16:14:16","slug":"gcs-low-voltage-withdrawable-switchgear-up-to-4000a-power-distribution-motor-control-system","status":"publish","type":"product","link":"https:\/\/www.wonzh.com\/tr\/product\/gcs-low-voltage-withdrawable-switchgear-up-to-4000a-power-distribution-motor-control-system\/","title":{"rendered":"GCS Al\u00e7ak Gerilim \u00c7ekmeceli H\u00fccre (4000A'e kadar G\u00fc\u00e7 Da\u011f\u0131t\u0131m ve Motor Kontrol Sistemi)"},"content":{"rendered":"<p data-start=\"255\" data-end=\"423\">GCS serisi al\u00e7ak gerilim \u00e7ekmeceli \u015falt cihazlar\u0131, modern g\u00fc\u00e7 sistemlerinde g\u00fc\u00e7 da\u011f\u0131t\u0131m\u0131, motor kontrol\u00fc ve reaktif g\u00fc\u00e7 kompanzasyonu i\u00e7in tasarlanm\u0131\u015ft\u0131r.<\/p>\n<p data-start=\"425\" data-end=\"483\">\u00dc\u00e7 fazl\u0131 AC sistemler (50Hz) i\u00e7in uygundur.<img fetchpriority=\"high\" decoding=\"async\" class=\"size-medium wp-image-2133 alignright\" src=\"https:\/\/www.wonzh.com\/wp-content\/uploads\/2026\/04\/GCS-Low-Voltage-Withdrawable-Switchgear-Up-to-4000A-Power-Distribution-Motor-Control-System-300x300.png\" alt=\"\" width=\"300\" height=\"300\" srcset=\"https:\/\/www.wonzh.com\/wp-content\/uploads\/2026\/04\/GCS-Low-Voltage-Withdrawable-Switchgear-Up-to-4000A-Power-Distribution-Motor-Control-System-300x300.png 300w, https:\/\/www.wonzh.com\/wp-content\/uploads\/2026\/04\/GCS-Low-Voltage-Withdrawable-Switchgear-Up-to-4000A-Power-Distribution-Motor-Control-System-150x150.png 150w, https:\/\/www.wonzh.com\/wp-content\/uploads\/2026\/04\/GCS-Low-Voltage-Withdrawable-Switchgear-Up-to-4000A-Power-Distribution-Motor-Control-System-768x768.png 768w, https:\/\/www.wonzh.com\/wp-content\/uploads\/2026\/04\/GCS-Low-Voltage-Withdrawable-Switchgear-Up-to-4000A-Power-Distribution-Motor-Control-System-12x12.png 12w, https:\/\/www.wonzh.com\/wp-content\/uploads\/2026\/04\/GCS-Low-Voltage-Withdrawable-Switchgear-Up-to-4000A-Power-Distribution-Motor-Control-System-600x600.png 600w, https:\/\/www.wonzh.com\/wp-content\/uploads\/2026\/04\/GCS-Low-Voltage-Withdrawable-Switchgear-Up-to-4000A-Power-Distribution-Motor-Control-System-100x100.png 100w, https:\/\/www.wonzh.com\/wp-content\/uploads\/2026\/04\/GCS-Low-Voltage-Withdrawable-Switchgear-Up-to-4000A-Power-Distribution-Motor-Control-System.png 1000w\" sizes=\"(max-width: 300px) 100vw, 300px\" \/>h:<\/p>\n<ul data-start=\"484\" data-end=\"553\">\n<li data-section-id=\"1ua275e\" data-start=\"484\" data-end=\"518\">Nominal gerilim: 400V \/ 690V<\/li>\n<li data-section-id=\"1ui9t9i\" data-start=\"519\" data-end=\"553\">Nominal ak\u0131m: 4000A'e kadar<\/li>\n<\/ul>\n<p data-start=\"555\" data-end=\"789\">Mod\u00fcler \u00e7ekilebilir tasar\u0131m\u0131 esnek \u00e7al\u0131\u015fma, kolay bak\u0131m ve y\u00fcksek sistem g\u00fcvenilirli\u011fi sa\u011flayarak s\u00fcrekli ve ak\u0131ll\u0131 g\u00fc\u00e7 y\u00f6netimi gerektiren end\u00fcstriyel ve altyap\u0131 uygulamalar\u0131 i\u00e7in idealdir.<\/p>\n<p data-start=\"791\" data-end=\"812\">Yayg\u0131n olarak kullan\u0131lmaktad\u0131r:<\/p>\n<ul data-start=\"813\" data-end=\"1000\">\n<li data-section-id=\"13gp9hh\" data-start=\"813\" data-end=\"845\">Enerji santralleri ve trafo merkezleri<\/li>\n<li data-section-id=\"v68dal\" data-start=\"846\" data-end=\"882\">Petrokimya ve petrol end\u00fcstrileri<\/li>\n<li data-section-id=\"17rxug5\" data-start=\"883\" data-end=\"929\">Metal\u00fcrji ve imalat sanayileri<\/li>\n<li data-section-id=\"18q0d1j\" data-start=\"930\" data-end=\"951\">Tekstil fabrikalar\u0131<\/li>\n<li data-section-id=\"1ij7n1e\" data-start=\"952\" data-end=\"1000\">Y\u00fcksek binalar ve ticari kompleksler<\/li>\n<\/ul>\n<hr data-start=\"1002\" data-end=\"1005\" \/>\n<h2 data-section-id=\"17fvu7l\" data-start=\"1007\" data-end=\"1025\">\ud83d\udd39 Temel \u00d6zellikler<\/h2>\n<h3 data-section-id=\"1ms3rs4\" data-start=\"1027\" data-end=\"1060\">\u2714 Mod\u00fcler \u00c7ekmeceli Tasar\u0131m<\/h3>\n<ul data-start=\"1061\" data-end=\"1145\">\n<li data-section-id=\"rzk20g\" data-start=\"1061\" data-end=\"1093\">\u00c7ekmece tipi fonksiyonel \u00fcniteler<\/li>\n<li data-section-id=\"1bdsdea\" data-start=\"1094\" data-end=\"1145\">Kolay kurulum, de\u011fi\u015ftirme ve bak\u0131m<\/li>\n<\/ul>\n<p data-start=\"1147\" data-end=\"1192\">\ud83d\udc49 Ar\u0131za s\u00fcresini azalt\u0131r ve verimlili\u011fi art\u0131r\u0131r<\/p>\n<hr data-start=\"1194\" data-end=\"1197\" \/>\n<h3 data-section-id=\"2w9o6u\" data-start=\"1199\" data-end=\"1230\">\u2714 Y\u00fcksek G\u00fcvenilirlik ve G\u00fcvenlik<\/h3>\n<ul data-start=\"1231\" data-end=\"1328\">\n<li data-section-id=\"1gq6mz6\" data-start=\"1231\" data-end=\"1274\">Geli\u015fmi\u015f elektrikli kilitleme sistemi<\/li>\n<li data-section-id=\"nhyewn\" data-start=\"1275\" data-end=\"1300\">Yanl\u0131\u015f \u00e7al\u0131\u015fmay\u0131 \u00f6nler<\/li>\n<li data-section-id=\"1605knx\" data-start=\"1301\" data-end=\"1328\">Operat\u00f6r g\u00fcvenli\u011fini sa\u011flar<\/li>\n<\/ul>\n<hr data-start=\"1330\" data-end=\"1333\" \/>\n<h3 data-section-id=\"u4z51z\" data-start=\"1335\" data-end=\"1363\">\u2714 Esnek Yap\u0131land\u0131rma<\/h3>\n<ul data-start=\"1364\" data-end=\"1455\">\n<li data-section-id=\"sazqw8\" data-start=\"1364\" data-end=\"1455\">Destekler:\n<ul data-start=\"1378\" data-end=\"1455\">\n<li data-section-id=\"1tv7qr1\" data-start=\"1378\" data-end=\"1400\">G\u00fc\u00e7 da\u011f\u0131t\u0131m\u0131<\/li>\n<li data-section-id=\"zm7t8o\" data-start=\"1403\" data-end=\"1426\">Motor kontrol\u00fc (MCC)<\/li>\n<li data-section-id=\"yuz8vg\" data-start=\"1429\" data-end=\"1455\">Kondansat\u00f6r kompanzasyonu<\/li>\n<\/ul>\n<\/li>\n<\/ul>\n<p data-start=\"1457\" data-end=\"1504\">\ud83d\udc49 \u00c7e\u015fitli uygulama senaryolar\u0131 i\u00e7in uygundur<\/p>\n<hr data-start=\"1506\" data-end=\"1509\" \/>\n<h3 data-section-id=\"11dpq2p\" data-start=\"1511\" data-end=\"1538\">\u2714 Y\u00fcksek Ak\u0131m Kapasitesi<\/h3>\n<ul data-start=\"1539\" data-end=\"1615\">\n<li data-section-id=\"1udyif0\" data-start=\"1539\" data-end=\"1572\">4000A'e kadar nominal ak\u0131m<\/li>\n<li data-section-id=\"11waltv\" data-start=\"1573\" data-end=\"1615\">B\u00fcy\u00fck \u00f6l\u00e7ekli g\u00fc\u00e7 sistemleri i\u00e7in uygundur<\/li>\n<\/ul>\n<hr data-start=\"1617\" data-end=\"1620\" \/>\n<h3 data-section-id=\"56aejm\" data-start=\"1622\" data-end=\"1658\">\u2714 Ak\u0131ll\u0131 Kontrol Yetene\u011fi<\/h3>\n<ul data-start=\"1659\" data-end=\"1759\">\n<li data-section-id=\"1q3ju9x\" data-start=\"1659\" data-end=\"1697\">Otomasyon sistemleri ile uyumlu<\/li>\n<li data-section-id=\"ls73aw\" data-start=\"1698\" data-end=\"1759\">Bilgisayarlar ve kontrol sistemleri ile ileti\u015fimi destekler<\/li>\n<\/ul>\n<p data-start=\"1761\" data-end=\"1813\">\ud83d\udc49 Ak\u0131ll\u0131 fabrikalar ve otomatik sistemler i\u00e7in ideal<\/p>\n<hr data-start=\"1815\" data-end=\"1818\" \/>\n<h3 data-section-id=\"1hweg03\" data-start=\"1820\" data-end=\"1845\">\u2714 G\u00fc\u00e7l\u00fc Uyum Yetene\u011fi<\/h3>\n<ul data-start=\"1846\" data-end=\"1942\">\n<li data-section-id=\"ug4n5v\" data-start=\"1846\" data-end=\"1892\">Zorlu end\u00fcstriyel ortamlar i\u00e7in uygundur<\/li>\n<li data-section-id=\"1e4pl9p\" data-start=\"1893\" data-end=\"1942\">S\u00fcrekli \u00e7al\u0131\u015fma alt\u0131nda istikrarl\u0131 performans<\/li>\n<\/ul>\n<hr data-start=\"1944\" data-end=\"1947\" \/>\n<h2 data-section-id=\"1hq6i26\" data-start=\"1949\" data-end=\"1972\">\ud83d\udd39 Yap\u0131sal Tasar\u0131m<\/h2>\n<h3 data-section-id=\"1xh03j4\" data-start=\"1974\" data-end=\"1998\">\ud83d\udd38 Kabin Yap\u0131s\u0131<\/h3>\n<ul data-start=\"1999\" data-end=\"2099\">\n<li data-section-id=\"rca4d3\" data-start=\"1999\" data-end=\"2030\">Mod\u00fcler montajl\u0131 yap\u0131<\/li>\n<li data-section-id=\"i5treg\" data-start=\"2031\" data-end=\"2060\">Y\u00fcksek mukavemetli \u00e7elik \u00e7er\u00e7eve<\/li>\n<li data-section-id=\"1bdd9s6\" data-start=\"2061\" data-end=\"2099\">Kompakt ve az yer kaplayan tasar\u0131m<\/li>\n<\/ul>\n<hr data-start=\"2101\" data-end=\"2104\" \/>\n<h3 data-section-id=\"v76t0e\" data-start=\"2106\" data-end=\"2131\">\ud83d\udd38 \u00c7ekilebilir Birimler<\/h3>\n<ul data-start=\"2132\" data-end=\"2221\">\n<li data-section-id=\"gzz3tl\" data-start=\"2132\" data-end=\"2175\">Fonksiyonel birimler i\u00e7in \u00e7ekmece tipi tasar\u0131m<\/li>\n<li data-section-id=\"mhiher\" data-start=\"2176\" data-end=\"2221\">Kolay de\u011fi\u015ftirme i\u00e7in standartla\u015ft\u0131r\u0131lm\u0131\u015f mod\u00fcller<\/li>\n<\/ul>\n<p data-start=\"2223\" data-end=\"2234\">\u27a1 Faydalar:<\/p>\n<ul data-start=\"2235\" data-end=\"2277\">\n<li data-section-id=\"1o62h68\" data-start=\"2235\" data-end=\"2256\">H\u0131zl\u0131 bak\u0131m<\/li>\n<li data-section-id=\"16zesr\" data-start=\"2257\" data-end=\"2277\">Azalt\u0131lm\u0131\u015f ar\u0131za s\u00fcresi<\/li>\n<\/ul>\n<hr data-start=\"2279\" data-end=\"2282\" \/>\n<h3 data-section-id=\"1tnodmb\" data-start=\"2284\" data-end=\"2304\">\ud83d\udd38 Busbar Sistemi<\/h3>\n<ul data-start=\"2305\" data-end=\"2383\">\n<li data-section-id=\"rj0pb8\" data-start=\"2305\" data-end=\"2341\">Y\u00fcksek iletkenlikli bak\u0131r baralar<\/li>\n<li data-section-id=\"11i1xl1\" data-start=\"2342\" data-end=\"2383\">Is\u0131 da\u011f\u0131t\u0131m\u0131 i\u00e7in optimize edilmi\u015f yerle\u015fim<\/li>\n<\/ul>\n<p data-start=\"2385\" data-end=\"2396\">\u27a1 \u00d6zellikler:<\/p>\n<ul data-start=\"2397\" data-end=\"2447\">\n<li data-section-id=\"11d9kpn\" data-start=\"2397\" data-end=\"2422\">Y\u00fcksek ak\u0131m kapasitesi<\/li>\n<li data-section-id=\"173shq5\" data-start=\"2423\" data-end=\"2447\">D\u00fc\u015f\u00fck s\u0131cakl\u0131k art\u0131\u015f\u0131<\/li>\n<\/ul>\n<hr data-start=\"2449\" data-end=\"2452\" \/>\n<h3 data-section-id=\"1x6mgn9\" data-start=\"2454\" data-end=\"2478\">\ud83d\udd38 Koruma Sistemi<\/h3>\n<ul data-start=\"2479\" data-end=\"2590\">\n<li data-section-id=\"1qpbf50\" data-start=\"2479\" data-end=\"2590\">Eksiksiz koruma fonksiyonlar\u0131:\n<ul data-start=\"2514\" data-end=\"2590\">\n<li data-section-id=\"14s7m03\" data-start=\"2514\" data-end=\"2537\">A\u015f\u0131r\u0131 y\u00fck korumas\u0131<\/li>\n<li data-section-id=\"xnufhj\" data-start=\"2540\" data-end=\"2568\">K\u0131sa devre korumas\u0131<\/li>\n<li data-section-id=\"1gniwxy\" data-start=\"2571\" data-end=\"2590\">Ar\u0131za izolasyonu<\/li>\n<\/ul>\n<\/li>\n<\/ul>\n<hr data-start=\"2592\" data-end=\"2595\" \/>\n<h3 data-section-id=\"jsk2jm\" data-start=\"2597\" data-end=\"2627\">\ud83d\udd38 Kontrol ve \u0130leti\u015fim<\/h3>\n<ul data-start=\"2628\" data-end=\"2710\">\n<li data-section-id=\"12xyfr6\" data-start=\"2628\" data-end=\"2667\">PLC ve bilgisayar aray\u00fcz\u00fcn\u00fc destekler<\/li>\n<li data-section-id=\"bkrhvp\" data-start=\"2668\" data-end=\"2710\">Otomatik kontrol sistemleri i\u00e7in uygundur<\/li>\n<\/ul>\n<hr data-start=\"2712\" data-end=\"2715\" \/>\n<h2 data-section-id=\"15du31k\" data-start=\"2717\" data-end=\"2735\">\ud83d\udd39 Uygulamalar<\/h2>\n<ul data-start=\"2737\" data-end=\"2922\">\n<li data-section-id=\"19y712\" data-start=\"2737\" data-end=\"2782\">G\u00fc\u00e7 \u00fcretim ve da\u011f\u0131t\u0131m sistemleri<\/li>\n<li data-section-id=\"1qs4a2s\" data-start=\"2783\" data-end=\"2807\">Petrokimya tesisleri<\/li>\n<li data-section-id=\"1y4z0ss\" data-start=\"2808\" data-end=\"2847\">End\u00fcstriyel \u00fcretim tesisleri<\/li>\n<li data-section-id=\"6m4zjg\" data-start=\"2848\" data-end=\"2894\">Y\u00fcksek binalar ve ticari merkezler<\/li>\n<li data-section-id=\"1e17v55\" data-start=\"2895\" data-end=\"2922\">Altyap\u0131 projeleri<\/li>\n<\/ul>\n<hr data-start=\"2924\" data-end=\"2927\" \/>\n<h2 data-section-id=\"1rg4wz9\" data-start=\"2929\" data-end=\"2953\">\ud83d\udd39 Avantajlar \u00d6zet<\/h2>\n<ul data-start=\"2955\" data-end=\"3197\">\n<li data-section-id=\"z0351a\" data-start=\"2955\" data-end=\"2986\">Mod\u00fcler \u00e7ekilebilir tasar\u0131m<\/li>\n<li data-section-id=\"1wao6ap\" data-start=\"2987\" data-end=\"3018\">Y\u00fcksek g\u00fcvenlik ve g\u00fcvenilirlik<\/li>\n<li data-section-id=\"1q8mitz\" data-start=\"3019\" data-end=\"3068\">\u00c7oklu i\u015flevler i\u00e7in esnek yap\u0131land\u0131rma<\/li>\n<li data-section-id=\"82rthe\" data-start=\"3069\" data-end=\"3109\">Ak\u0131ll\u0131 kontrol sistemlerini destekler<\/li>\n<li data-section-id=\"1am4nmt\" data-start=\"3110\" data-end=\"3144\">Kolay bak\u0131m ve kullan\u0131m<\/li>\n<li data-section-id=\"1kvgnyc\" data-start=\"3145\" data-end=\"3197\">B\u00fcy\u00fck \u00f6l\u00e7ekli end\u00fcstriyel uygulamalar i\u00e7in uygundur<\/li>\n<\/ul>\n<hr data-start=\"3199\" data-end=\"3202\" \/>\n<h1 data-section-id=\"1lxd8kj\" data-start=\"3204\" data-end=\"3211\">\u2753 SSS<\/h1>\n<h3 data-section-id=\"n1rjwe\" data-start=\"3213\" data-end=\"3255\">1\ufe0f\u20e3 \u00c7ekmeceli \u015falt cihaz\u0131 nedir?<\/h3>\n<p data-start=\"3257\" data-end=\"3384\">\u00c7ekmeceli \u015falt sistemi, t\u00fcm sistemi kapatmadan \u00e7\u0131kar\u0131labilen veya de\u011fi\u015ftirilebilen \u00e7ekmece tipi \u00fcniteler kullan\u0131r.<\/p>\n<p data-start=\"3386\" data-end=\"3449\">\ud83d\udc49 Bu, bak\u0131m verimlili\u011fini ve sistem g\u00fcvenilirli\u011fini art\u0131r\u0131r.<\/p>\n<hr data-start=\"3451\" data-end=\"3454\" \/>\n<h3 data-section-id=\"vheh8a\" data-start=\"3456\" data-end=\"3520\">2\ufe0f\u20e3 GCS ve sabit \u015falt sistemi aras\u0131ndaki fark nedir?<\/h3>\n<ul data-start=\"3522\" data-end=\"3624\">\n<li data-section-id=\"fkedhn\" data-start=\"3522\" data-end=\"3575\">GCS: \u00c7ekilebilir, esnek, kolay bak\u0131m<\/li>\n<li data-section-id=\"zfbo4r\" data-start=\"3576\" data-end=\"3624\">Sabit tip: Daha d\u00fc\u015f\u00fck maliyetli ancak daha az esnek<\/li>\n<\/ul>\n<p data-start=\"3626\" data-end=\"3676\">\ud83d\udc49 GCS karma\u015f\u0131k ve kritik sistemler i\u00e7in daha iyidir.<\/p>\n<hr data-start=\"3678\" data-end=\"3681\" \/>\n<h3 data-section-id=\"17jpg85\" data-start=\"3683\" data-end=\"3748\">3\ufe0f\u20e3 GCS \u015falt cihazlar\u0131 otomasyon sistemleri ile entegre edilebilir mi?<\/h3>\n<p data-start=\"3750\" data-end=\"3767\">Evet, destekliyor:<\/p>\n<ul data-start=\"3768\" data-end=\"3833\">\n<li data-section-id=\"11o480x\" data-start=\"3768\" data-end=\"3783\">PLC sistemleri<\/li>\n<li data-section-id=\"f41at5\" data-start=\"3784\" data-end=\"3807\">Bilgisayar aray\u00fczleri<\/li>\n<li data-section-id=\"ecp77k\" data-start=\"3808\" data-end=\"3833\">Ak\u0131ll\u0131 kontrol sistemleri<\/li>\n<\/ul>\n<p data-start=\"3835\" data-end=\"3886\">\ud83d\udc49 End\u00fcstriyel otomasyon ve ak\u0131ll\u0131 \u015febekeler i\u00e7in idealdir.<\/p>\n<hr data-start=\"3888\" data-end=\"3891\" \/>\n<h3 data-section-id=\"1a8r5p4\" data-start=\"3893\" data-end=\"3945\">4\ufe0f\u20e3 Hangi sekt\u00f6rlerde GCS \u015falt cihazlar\u0131 yayg\u0131n olarak kullan\u0131l\u0131r?<\/h3>\n<p data-start=\"3947\" data-end=\"3968\">Yayg\u0131n olarak kullan\u0131lmaktad\u0131r:<\/p>\n<ul data-start=\"3969\" data-end=\"4062\">\n<li data-section-id=\"1q4mphf\" data-start=\"3969\" data-end=\"3985\">Enerji santralleri<\/li>\n<li data-section-id=\"njd3e2\" data-start=\"3986\" data-end=\"4012\">Petrokimya end\u00fcstrisi<\/li>\n<li data-section-id=\"u3fi1o\" data-start=\"4013\" data-end=\"4037\">\u00dcretim tesisleri<\/li>\n<li data-section-id=\"hfihxt\" data-start=\"4038\" data-end=\"4062\">Ticari binalar<\/li>\n<\/ul>","protected":false},"excerpt":{"rendered":"<p data-start=\"255\" data-end=\"423\">GCS serisi al\u00e7ak gerilim \u00e7ekmeceli \u015falt cihazlar\u0131, modern g\u00fc\u00e7 sistemlerinde g\u00fc\u00e7 da\u011f\u0131t\u0131m\u0131, motor kontrol\u00fc ve reaktif g\u00fc\u00e7 kompanzasyonu i\u00e7in tasarlanm\u0131\u015ft\u0131r.<\/p>\n<p data-start=\"425\" data-end=\"483\">\u00dc\u00e7 fazl\u0131 AC sistemler (50Hz) i\u00e7in uygundur:<\/p>\n<ul data-start=\"484\" data-end=\"553\">\n<li data-section-id=\"1ua275e\" data-start=\"484\" data-end=\"518\">Nominal gerilim: 400V \/ 690V<\/li>\n<li data-section-id=\"1ui9t9i\" data-start=\"519\" data-end=\"553\">Nominal ak\u0131m: 4000A'e kadar<\/li>\n<\/ul>","protected":false},"featured_media":2133,"comment_status":"open","ping_status":"closed","template":"","meta":{"site-sidebar-layout":"default","site-content-layout":"","ast-site-content-layout":"default","site-content-style":"default","site-sidebar-style":"default","ast-global-header-display":"","ast-banner-title-visibility":"","ast-main-header-display":"","ast-hfb-above-header-display":"","ast-hfb-below-header-display":"","ast-hfb-mobile-header-display":"","site-post-title":"","ast-breadcrumbs-content":"","ast-featured-img":"","footer-sml-layout":"","ast-disable-related-posts":"","theme-transparent-header-meta":"default","adv-header-id-meta":"","stick-header-meta":"","header-above-stick-meta":"","header-main-stick-meta":"","header-below-stick-meta":"","astra-migrate-meta-layouts":"set","ast-page-background-enabled":"default","ast-page-background-meta":{"desktop":{"background-color":"","background-image":"","background-repeat":"repeat","background-position":"center center","background-size":"auto","background-attachment":"scroll","background-type":"","background-media":"","overlay-type":"","overlay-color":"","overlay-opacity":"","overlay-gradient":""},"tablet":{"background-color":"","background-image":"","background-repeat":"repeat","background-position":"center center","background-size":"auto","background-attachment":"scroll","background-type":"","background-media":"","overlay-type":"","overlay-color":"","overlay-opacity":"","overlay-gradient":""},"mobile":{"background-color":"","background-image":"","background-repeat":"repeat","background-position":"center center","background-size":"auto","background-attachment":"scroll","background-type":"","background-media":"","overlay-type":"","overlay-color":"","overlay-opacity":"","overlay-gradient":""}},"ast-content-background-meta":{"desktop":{"background-color":"var(--ast-global-color-5)","background-image":"","background-repeat":"repeat","background-position":"center center","background-size":"auto","background-attachment":"scroll","background-type":"","background-media":"","overlay-type":"","overlay-color":"","overlay-opacity":"","overlay-gradient":""},"tablet":{"background-color":"var(--ast-global-color-5)","background-image":"","background-repeat":"repeat","background-position":"center center","background-size":"auto","background-attachment":"scroll","background-type":"","background-media":"","overlay-type":"","overlay-color":"","overlay-opacity":"","overlay-gradient":""},"mobile":{"background-color":"var(--ast-global-color-5)","background-image":"","background-repeat":"repeat","background-position":"center center","background-size":"auto","background-attachment":"scroll","background-type":"","background-media":"","overlay-type":"","overlay-color":"","overlay-opacity":"","overlay-gradient":""}}},"product_brand":[],"product_cat":[2035,2032],"product_tag":[2096,2043,2093,2099,2094,2098,2097,2100,2101,2095],"class_list":{"0":"post-2132","1":"product","2":"type-product","3":"status-publish","4":"has-post-thumbnail","6":"product_cat-high-and-low-voltage-switchgear","7":"product_cat-electrical-equipment","8":"product_tag-electrical-cabinet","9":"product_tag-electrical-equipment","10":"product_tag-gcs-switchgear","11":"product_tag-industrial-switchgear","12":"product_tag-low-voltage-switchgear","13":"product_tag-mcc-panel","14":"product_tag-power-distribution-equipment","15":"product_tag-smart-switchgear","16":"product_tag-transformer-equipment","17":"product_tag-withdrawable-switchgear","18":"desktop-align-left","19":"tablet-align-left","20":"mobile-align-left","22":"first","23":"instock","24":"shipping-taxable","25":"product-type-simple"},"_links":{"self":[{"href":"https:\/\/www.wonzh.com\/tr\/wp-json\/wp\/v2\/product\/2132","targetHints":{"allow":["GET"]}}],"collection":[{"href":"https:\/\/www.wonzh.com\/tr\/wp-json\/wp\/v2\/product"}],"about":[{"href":"https:\/\/www.wonzh.com\/tr\/wp-json\/wp\/v2\/types\/product"}],"replies":[{"embeddable":true,"href":"https:\/\/www.wonzh.com\/tr\/wp-json\/wp\/v2\/comments?post=2132"}],"wp:featuredmedia":[{"embeddable":true,"href":"https:\/\/www.wonzh.com\/tr\/wp-json\/wp\/v2\/media\/2133"}],"wp:attachment":[{"href":"https:\/\/www.wonzh.com\/tr\/wp-json\/wp\/v2\/media?parent=2132"}],"wp:term":[{"taxonomy":"product_brand","embeddable":true,"href":"https:\/\/www.wonzh.com\/tr\/wp-json\/wp\/v2\/product_brand?post=2132"},{"taxonomy":"product_cat","embeddable":true,"href":"https:\/\/www.wonzh.com\/tr\/wp-json\/wp\/v2\/product_cat?post=2132"},{"taxonomy":"product_tag","embeddable":true,"href":"https:\/\/www.wonzh.com\/tr\/wp-json\/wp\/v2\/product_tag?post=2132"}],"curies":[{"name":"wp","href":"https:\/\/api.w.org\/{rel}","templated":true}]}}