{"id":1480,"date":"2026-02-03T15:17:38","date_gmt":"2026-02-03T15:17:38","guid":{"rendered":"https:\/\/www.wonzh.com\/?post_type=product&#038;p=1480"},"modified":"2026-02-05T15:25:42","modified_gmt":"2026-02-05T15:25:42","slug":"ceramic-lined-parts-for-abrasion-resistant-industrial-applications","status":"publish","type":"product","link":"https:\/\/www.wonzh.com\/tr\/product\/ceramic-lined-parts-for-abrasion-resistant-industrial-applications\/","title":{"rendered":"A\u015f\u0131nmaya Dayan\u0131kl\u0131 End\u00fcstriyel Uygulamalar i\u00e7in Seramik Kapl\u0131 Par\u00e7alar"},"content":{"rendered":"<p data-start=\"580\" data-end=\"910\">Wonzh taraf\u0131ndan tedarik edilen Seramik Kapl\u0131 Par\u00e7alar, end\u00fcstriyel makinelerdeki \u015fiddetli a\u015f\u0131nma, y\u00fcksek darbe ve korozif ortamlara dayanacak \u015fekilde tasarlanm\u0131\u015ft\u0131r. Bu par\u00e7alar, y\u00fcksek a\u015f\u0131nma bile\u015fenlerinin \u00f6mr\u00fcn\u00fc uzatmak i\u00e7in madencilik, \u00e7imento, \u00e7elik, kimyasal i\u015fleme, enerji \u00fcretimi ve malzeme ta\u015f\u0131ma ekipmanlar\u0131nda yayg\u0131n olarak kullan\u0131lmaktad\u0131r.<\/p>\n<p data-start=\"912\" data-end=\"1304\">Par\u00e7alar\u0131m\u0131z sa\u011flam bir metal taban\u0131 (karbon \u00e7eli\u011fi, ala\u015f\u0131ml\u0131 \u00e7elik veya paslanmaz \u00e7elik) ola\u011fan\u00fcst\u00fc sertlik, a\u015f\u0131nma direnci ve darbe tolerans\u0131 sa\u011flayan y\u00fcksek kaliteli bir seramik astarla birle\u015ftirir. \u00dcretim s\u00fcre\u00e7leri hassas CNC i\u015fleme, seramik g\u00f6mme, yap\u0131\u015ft\u0131rma ve y\u00fczey bitirme i\u015flemlerini i\u00e7erir ve astar\u0131n dayan\u0131kl\u0131, d\u00fczg\u00fcn ve tabana g\u00fcvenli bir \u015fekilde ba\u011flanmas\u0131n\u0131 sa\u011flar.<\/p>\n<p data-start=\"1306\" data-end=\"1612\">Wonzh, m\u00fc\u015fteri spesifikasyonlar\u0131na, OEM gereksinimlerine veya ekipman modellerine g\u00f6re tasarlanm\u0131\u015f standart ve \u00f6zel seramik kapl\u0131 par\u00e7alar sunar. Teknik ekibimiz, zorlu \u00e7al\u0131\u015fma ko\u015fullar\u0131nda performans\u0131 optimize etmek i\u00e7in seramik malzeme se\u00e7imi, kal\u0131nl\u0131k, geometri ve yap\u0131\u015ft\u0131rma teknikleri konusunda tavsiyelerde bulunur.<\/p>\n<h2 data-start=\"1619\" data-end=\"1638\"><strong data-start=\"1622\" data-end=\"1638\">Temel \u00d6zellikler<\/strong><\/h2>\n<ul data-start=\"1640\" data-end=\"1959\">\n<li data-start=\"1640\" data-end=\"1681\">\n<p data-start=\"1642\" data-end=\"1681\">\u00dcst\u00fcn a\u015f\u0131nma ve y\u0131pranma direnci<\/p>\n<\/li>\n<li data-start=\"1682\" data-end=\"1719\">\n<p data-start=\"1684\" data-end=\"1719\">Darbe ve korozyona kar\u015f\u0131 dayan\u0131kl\u0131<\/p>\n<\/li>\n<li data-start=\"1720\" data-end=\"1780\">\n<p data-start=\"1722\" data-end=\"1780\">Tutarl\u0131 uyum ve i\u015flev i\u00e7in y\u00fcksek hassasiyetli i\u015fleme<\/p>\n<\/li>\n<li data-start=\"1781\" data-end=\"1836\">\n<p data-start=\"1783\" data-end=\"1836\">\u00d6zelle\u015ftirilebilir \u015fekiller, boyutlar ve seramik kal\u0131nl\u0131klar\u0131<\/p>\n<\/li>\n<li data-start=\"1837\" data-end=\"1894\">\n<p data-start=\"1839\" data-end=\"1894\">Prototip, k\u00fc\u00e7\u00fck parti ve seri \u00fcretim destekli<\/p>\n<\/li>\n<li data-start=\"1895\" data-end=\"1959\">\n<p data-start=\"1897\" data-end=\"1959\">Ekipman\u0131n hizmet \u00f6mr\u00fcn\u00fc uzat\u0131r ve bak\u0131m maliyetlerini azalt\u0131r<\/p>\n<\/li>\n<\/ul>\n<h2 data-start=\"1966\" data-end=\"1993\"><strong data-start=\"1969\" data-end=\"1993\">Tipik Uygulamalar<\/strong><\/h2>\n<ul data-start=\"1995\" data-end=\"2334\">\n<li data-start=\"1995\" data-end=\"2062\">\n<p data-start=\"1997\" data-end=\"2062\">Madencilik ve \u00e7imento end\u00fcstrilerinde \u015futlar, bunkerler ve besleme borular\u0131<\/p>\n<\/li>\n<li data-start=\"2063\" data-end=\"2112\">\n<p data-start=\"2065\" data-end=\"2112\">De\u011firmenler, k\u0131r\u0131c\u0131lar ve \u00f6\u011f\u00fct\u00fcc\u00fcler i\u00e7in a\u015f\u0131nma astarlar\u0131<\/p>\n<\/li>\n<li data-start=\"2113\" data-end=\"2158\">\n<p data-start=\"2115\" data-end=\"2158\">A\u015f\u0131nd\u0131r\u0131c\u0131 bulama\u00e7la \u00e7al\u0131\u015fan pompalar ve valfler<\/p>\n<\/li>\n<li data-start=\"2159\" data-end=\"2210\">\n<p data-start=\"2161\" data-end=\"2210\">Malzeme ta\u015f\u0131ma ve y\u0131\u011f\u0131n i\u015fleme ekipmanlar\u0131<\/p>\n<\/li>\n<li data-start=\"2211\" data-end=\"2266\">\n<p data-start=\"2213\" data-end=\"2266\">Enerji \u00fcretim makineleri ve end\u00fcstriyel boru hatlar\u0131<\/p>\n<\/li>\n<li data-start=\"2267\" data-end=\"2334\">\n<p data-start=\"2269\" data-end=\"2334\">A\u015f\u0131nma ve korozyona maruz kalan kimyasal ve i\u015fleme ekipmanlar\u0131<\/p>\n<\/li>\n<\/ul>\n<h2 data-start=\"2341\" data-end=\"2382\"><strong data-start=\"2344\" data-end=\"2382\">Tedarik Etti\u011fimiz Seramik Kapl\u0131 Par\u00e7a \u00c7e\u015fitleri<\/strong><\/h2>\n<div class=\"TyagGW_tableContainer\">\n<div class=\"group TyagGW_tableWrapper flex flex-col-reverse w-fit\" tabindex=\"-1\">\n<table class=\"w-fit min-w-(--thread-content-width)\" data-start=\"2384\" data-end=\"2969\">\n<thead data-start=\"2384\" data-end=\"2430\">\n<tr data-start=\"2384\" data-end=\"2430\">\n<th data-start=\"2384\" data-end=\"2401\" data-col-size=\"sm\">Bile\u015fen Tipi<\/th>\n<th data-start=\"2401\" data-end=\"2415\" data-col-size=\"md\">A\u00e7\u0131klama<\/th>\n<th data-start=\"2415\" data-end=\"2430\" data-col-size=\"sm\">Tipik Kullan\u0131m<\/th>\n<\/tr>\n<\/thead>\n<tbody data-start=\"2445\" data-end=\"2969\">\n<tr data-start=\"2445\" data-end=\"2543\">\n<td data-start=\"2445\" data-end=\"2473\" data-col-size=\"sm\"><strong data-start=\"2447\" data-end=\"2472\">Hazne \/ \u015eut G\u00f6mlekleri<\/strong><\/td>\n<td data-start=\"2473\" data-end=\"2513\" data-col-size=\"md\">Seramikle kaplanm\u0131\u015f plakalar veya segmentler<\/td>\n<td data-start=\"2513\" data-end=\"2543\" data-col-size=\"sm\">A\u015f\u0131nd\u0131r\u0131c\u0131 malzeme ta\u015f\u0131ma<\/td>\n<\/tr>\n<tr data-start=\"2544\" data-end=\"2640\">\n<td data-start=\"2544\" data-end=\"2572\" data-col-size=\"sm\"><strong data-start=\"2546\" data-end=\"2571\">De\u011firmen \/ K\u0131r\u0131c\u0131 G\u00f6mlekleri<\/strong><\/td>\n<td data-start=\"2572\" data-end=\"2604\" data-col-size=\"md\">Seramik kapl\u0131 plakalar veya \u00e7ubuklar<\/td>\n<td data-start=\"2604\" data-end=\"2640\" data-col-size=\"sm\">\u00d6\u011f\u00fctme ve k\u0131rma i\u015flemleri<\/td>\n<\/tr>\n<tr data-start=\"2641\" data-end=\"2752\">\n<td data-start=\"2641\" data-end=\"2671\" data-col-size=\"sm\"><strong data-start=\"2643\" data-end=\"2670\">Pompa \/ Valf Bile\u015fenleri<\/strong><\/td>\n<td data-start=\"2671\" data-end=\"2714\" data-col-size=\"md\">\u00c7arklar ve muhafazalar i\u00e7in seramik kaplama<\/td>\n<td data-start=\"2714\" data-end=\"2752\" data-col-size=\"sm\">Bulama\u00e7 ve a\u015f\u0131nd\u0131r\u0131c\u0131 s\u0131v\u0131 elle\u00e7leme<\/td>\n<\/tr>\n<tr data-start=\"2753\" data-end=\"2850\">\n<td data-start=\"2753\" data-end=\"2778\" data-col-size=\"sm\"><strong data-start=\"2755\" data-end=\"2777\">Boru \/ T\u00fcp G\u00f6mlekleri<\/strong><\/td>\n<td data-start=\"2778\" data-end=\"2810\" data-col-size=\"md\">Boru hatlar\u0131 i\u00e7in seramik u\u00e7lar<\/td>\n<td data-start=\"2810\" data-end=\"2850\" data-col-size=\"sm\">Bulama\u00e7 ve a\u015f\u0131nd\u0131r\u0131c\u0131 madde ta\u015f\u0131mac\u0131l\u0131\u011f\u0131<\/td>\n<\/tr>\n<tr data-start=\"2851\" data-end=\"2969\">\n<td data-start=\"2851\" data-end=\"2884\" data-col-size=\"sm\"><strong data-start=\"2853\" data-end=\"2883\">\u00d6zel Seramik Kapl\u0131 Par\u00e7alar<\/strong><\/td>\n<td data-start=\"2884\" data-end=\"2930\" data-col-size=\"md\">\u00c7izim veya OEM spesifikasyonuna g\u00f6re tasarlanm\u0131\u015f<\/td>\n<td data-start=\"2930\" data-end=\"2969\" data-col-size=\"sm\">\u00d6zel end\u00fcstriyel uygulamalar<\/td>\n<\/tr>\n<\/tbody>\n<\/table>\n<\/div>\n<\/div>\n<h2 data-start=\"2976\" data-end=\"3028\"><strong data-start=\"2979\" data-end=\"3026\">Teknik Parametreler (Temsili Aral\u0131k)<\/strong><\/h2>\n<div class=\"TyagGW_tableContainer\">\n<div class=\"group TyagGW_tableWrapper flex flex-col-reverse w-fit\" tabindex=\"-1\">\n<table class=\"w-fit min-w-(--thread-content-width)\" data-start=\"3030\" data-end=\"3579\">\n<thead data-start=\"3030\" data-end=\"3067\">\n<tr data-start=\"3030\" data-end=\"3067\">\n<th data-start=\"3030\" data-end=\"3042\" data-col-size=\"sm\">Parametre<\/th>\n<th data-start=\"3042\" data-end=\"3067\" data-col-size=\"md\">\u00d6zellikler \/ Aral\u0131k<\/th>\n<\/tr>\n<\/thead>\n<tbody data-start=\"3078\" data-end=\"3579\">\n<tr data-start=\"3078\" data-end=\"3146\">\n<td data-start=\"3078\" data-end=\"3100\" data-col-size=\"sm\">Metal Taban Malzemesi<\/td>\n<td data-start=\"3100\" data-end=\"3146\" data-col-size=\"md\">Karbon \u00e7eli\u011fi, ala\u015f\u0131ml\u0131 \u00e7elik, paslanmaz \u00e7elik<\/td>\n<\/tr>\n<tr data-start=\"3147\" data-end=\"3246\">\n<td data-start=\"3147\" data-end=\"3166\" data-col-size=\"sm\">Seramik Malzeme<\/td>\n<td data-start=\"3166\" data-end=\"3246\" data-col-size=\"md\">Al\u00fcmina (Al\u2082O\u2083), Zirkonya (ZrO\u2082), Silisyum Karb\u00fcr (SiC), Bor Karb\u00fcr (B\u2084C)<\/td>\n<\/tr>\n<tr data-start=\"3247\" data-end=\"3298\">\n<td data-start=\"3247\" data-end=\"3267\" data-col-size=\"sm\">Seramik Kal\u0131nl\u0131\u011f\u0131<\/td>\n<td data-start=\"3267\" data-end=\"3298\" data-col-size=\"md\">2 mm - 20 mm (\u00f6zelle\u015ftirilebilir)<\/td>\n<\/tr>\n<tr data-start=\"3299\" data-end=\"3366\">\n<td data-start=\"3299\" data-end=\"3324\" data-col-size=\"sm\">Plaka \/ Bile\u015fen Boyutu<\/td>\n<td data-start=\"3324\" data-end=\"3366\" data-col-size=\"md\">2000 mm \u00d7 1000 mm'ye kadar (\u00f6zelle\u015ftirilebilir)<\/td>\n<\/tr>\n<tr data-start=\"3367\" data-end=\"3403\">\n<td data-start=\"3367\" data-end=\"3378\" data-col-size=\"sm\">Sertlik<\/td>\n<td data-start=\"3378\" data-end=\"3403\" data-col-size=\"md\">\u0130HD 85 - 92 (seramik)<\/td>\n<\/tr>\n<tr data-start=\"3404\" data-end=\"3478\">\n<td data-start=\"3404\" data-end=\"3421\" data-col-size=\"sm\">Yap\u0131\u015ft\u0131rma Y\u00f6ntemi<\/td>\n<td data-start=\"3421\" data-end=\"3478\" data-col-size=\"md\">Y\u00fcksek s\u0131cakl\u0131kta sinterleme, sert lehimleme, yap\u0131\u015fkanl\u0131 yap\u0131\u015ft\u0131rma<\/td>\n<\/tr>\n<tr data-start=\"3479\" data-end=\"3540\">\n<td data-start=\"3479\" data-end=\"3497\" data-col-size=\"sm\">\u00dcretim Tipi<\/td>\n<td data-start=\"3497\" data-end=\"3540\" data-col-size=\"md\">Prototip, k\u00fc\u00e7\u00fck parti, seri \u00fcretim<\/td>\n<\/tr>\n<tr data-start=\"3541\" data-end=\"3579\">\n<td data-start=\"3541\" data-end=\"3563\" data-col-size=\"sm\">Desteklenen Standartlar<\/td>\n<td data-start=\"3563\" data-end=\"3579\" data-col-size=\"md\">ISO, DIN, GB<\/td>\n<\/tr>\n<\/tbody>\n<\/table>\n<\/div>\n<\/div>\n<h2 data-start=\"3586\" data-end=\"3619\"><strong data-start=\"3589\" data-end=\"3619\">Malzeme ve Se\u00e7im K\u0131lavuzu<\/strong><\/h2>\n<div class=\"TyagGW_tableContainer\">\n<div class=\"group TyagGW_tableWrapper flex flex-col-reverse w-fit\" tabindex=\"-1\">\n<table class=\"w-fit min-w-(--thread-content-width)\" data-start=\"3621\" data-end=\"3913\">\n<thead data-start=\"3621\" data-end=\"3665\">\n<tr data-start=\"3621\" data-end=\"3665\">\n<th data-start=\"3621\" data-end=\"3637\" data-col-size=\"sm\">Temel Malzeme<\/th>\n<th data-start=\"3637\" data-end=\"3650\" data-col-size=\"sm\">Avantajlar<\/th>\n<th data-start=\"3650\" data-end=\"3665\" data-col-size=\"sm\">Tipik Kullan\u0131m<\/th>\n<\/tr>\n<\/thead>\n<tbody data-start=\"3680\" data-end=\"3913\">\n<tr data-start=\"3680\" data-end=\"3763\">\n<td data-start=\"3680\" data-end=\"3695\" data-col-size=\"sm\">Karbon \u00c7elik<\/td>\n<td data-start=\"3695\" data-end=\"3728\" data-col-size=\"sm\">Uygun maliyetli, kolay i\u015fleme<\/td>\n<td data-start=\"3728\" data-end=\"3763\" data-col-size=\"sm\">Genel end\u00fcstriyel uygulamalar<\/td>\n<\/tr>\n<tr data-start=\"3764\" data-end=\"3836\">\n<td data-start=\"3764\" data-end=\"3778\" data-col-size=\"sm\">Ala\u015f\u0131ml\u0131 \u00c7elik<\/td>\n<td data-start=\"3778\" data-end=\"3812\" data-col-size=\"sm\">Y\u00fcksek mukavemetli, darbeye dayan\u0131kl\u0131<\/td>\n<td data-start=\"3812\" data-end=\"3836\" data-col-size=\"sm\">A\u011f\u0131r i\u015f makineleri<\/td>\n<\/tr>\n<tr data-start=\"3837\" data-end=\"3913\">\n<td data-start=\"3837\" data-end=\"3855\" data-col-size=\"sm\">Paslanmaz \u00c7elik<\/td>\n<td data-start=\"3855\" data-end=\"3877\" data-col-size=\"sm\">Korozyona dayan\u0131kl\u0131<\/td>\n<td data-start=\"3877\" data-end=\"3913\" data-col-size=\"sm\">Kimyasal ve deniz ortamlar\u0131<\/td>\n<\/tr>\n<\/tbody>\n<\/table>\n<\/div>\n<\/div>\n<div class=\"TyagGW_tableContainer\">\n<div class=\"group TyagGW_tableWrapper flex flex-col-reverse w-fit\" tabindex=\"-1\">\n<table class=\"w-fit min-w-(--thread-content-width)\" data-start=\"3915\" data-end=\"4351\">\n<thead data-start=\"3915\" data-end=\"3966\">\n<tr data-start=\"3915\" data-end=\"3966\">\n<th data-start=\"3915\" data-end=\"3934\" data-col-size=\"sm\">Seramik Malzeme<\/th>\n<th data-start=\"3934\" data-end=\"3947\" data-col-size=\"sm\">Avantajlar<\/th>\n<th data-start=\"3947\" data-end=\"3966\" data-col-size=\"md\">\u015eunlar i\u00e7in \u00f6nerilir<\/th>\n<\/tr>\n<\/thead>\n<tbody data-start=\"3981\" data-end=\"4351\">\n<tr data-start=\"3981\" data-end=\"4059\">\n<td data-start=\"3981\" data-end=\"3999\" data-col-size=\"sm\">Al\u00fcmina (Al\u2082O\u2083)<\/td>\n<td data-start=\"3999\" data-end=\"4031\" data-col-size=\"sm\">Y\u00fcksek sertlik, a\u015f\u0131nmaya dayan\u0131kl\u0131<\/td>\n<td data-start=\"4031\" data-end=\"4059\" data-col-size=\"md\">A\u015f\u0131nd\u0131r\u0131c\u0131 bulama\u00e7 kullan\u0131m\u0131<\/td>\n<\/tr>\n<tr data-start=\"4060\" data-end=\"4147\">\n<td data-start=\"4060\" data-end=\"4078\" data-col-size=\"sm\">Zirkonya (ZrO\u2082)<\/td>\n<td data-start=\"4078\" data-end=\"4120\" data-col-size=\"sm\">Y\u00fcksek k\u0131r\u0131lma toklu\u011fu, a\u015f\u0131nmaya dayan\u0131kl\u0131<\/td>\n<td data-start=\"4120\" data-end=\"4147\" data-col-size=\"md\">Darbe a\u011f\u0131rl\u0131kl\u0131 operasyonlar<\/td>\n<\/tr>\n<tr data-start=\"4148\" data-end=\"4255\">\n<td data-start=\"4148\" data-end=\"4172\" data-col-size=\"sm\">Silisyum Karb\u00fcr (SiC)<\/td>\n<td data-start=\"4172\" data-end=\"4209\" data-col-size=\"sm\">Son derece sert, kimyasallara dayan\u0131kl\u0131<\/td>\n<td data-start=\"4209\" data-end=\"4255\" data-col-size=\"md\">Kimyasal bulama\u00e7, a\u015f\u0131r\u0131 a\u015f\u0131nma ortamlar\u0131<\/td>\n<\/tr>\n<tr data-start=\"4256\" data-end=\"4351\">\n<td data-start=\"4256\" data-end=\"4278\" data-col-size=\"sm\">Bor Karb\u00fcr (B\u2084C)<\/td>\n<td data-start=\"4278\" data-end=\"4315\" data-col-size=\"sm\">Ultra sert, y\u00fcksek darbe dayan\u0131m\u0131<\/td>\n<td data-start=\"4315\" data-end=\"4351\" data-col-size=\"md\">Y\u00fcksek a\u015f\u0131nma, y\u00fcksek darbe ekipman\u0131<\/td>\n<\/tr>\n<\/tbody>\n<\/table>\n<\/div>\n<\/div>\n<h2 data-start=\"4358\" data-end=\"4381\"><strong data-start=\"4361\" data-end=\"4381\">Neden Wonzh'u Se\u00e7melisiniz<\/strong><\/h2>\n<ul data-start=\"4383\" data-end=\"4732\">\n<li data-start=\"4383\" data-end=\"4437\">\n<p data-start=\"4385\" data-end=\"4437\">Seramik astarl\u0131 bile\u015fenlerin geli\u015fmi\u015f \u00fcretimi<\/p>\n<\/li>\n<li data-start=\"4438\" data-end=\"4494\">\n<p data-start=\"4440\" data-end=\"4494\">Y\u00fcksek hassasiyetli i\u015fleme ve dayan\u0131kl\u0131 seramik yap\u0131\u015ft\u0131rma<\/p>\n<\/li>\n<li data-start=\"4495\" data-end=\"4562\">\n<p data-start=\"4497\" data-end=\"4562\">Zorlu ortamlar i\u00e7in geni\u015f seramik ve baz malzeme yelpazesi<\/p>\n<\/li>\n<li data-start=\"4563\" data-end=\"4626\">\n<p data-start=\"4565\" data-end=\"4626\">OEM ve end\u00fcstriyel makineler i\u00e7in \u00f6zel m\u00fchendislik deste\u011fi<\/p>\n<\/li>\n<li data-start=\"4627\" data-end=\"4676\">\n<p data-start=\"4629\" data-end=\"4676\">A\u015f\u0131nma, ar\u0131za s\u00fcresi ve bak\u0131m maliyetlerini azalt\u0131r<\/p>\n<\/li>\n<li data-start=\"4677\" data-end=\"4732\">\n<p data-start=\"4679\" data-end=\"4732\">G\u00fcvenilir teslimat ile prototipten seri \u00fcretime<\/p>\n<\/li>\n<\/ul>\n<h2 data-start=\"4739\" data-end=\"4780\"><strong data-start=\"4742\" data-end=\"4778\">S\u0131k\u00e7a Sorulan Sorular (SSS)<\/strong><\/h2>\n<h3 data-start=\"4782\" data-end=\"4834\"><strong data-start=\"4786\" data-end=\"4832\">S1: Seramik astarl\u0131 par\u00e7alar ne i\u00e7in kullan\u0131l\u0131r?<\/strong><\/h3>\n<p data-start=\"4835\" data-end=\"4934\">Y\u00fcksek a\u015f\u0131nmal\u0131 end\u00fcstriyel uygulamalarda ekipman\u0131 a\u015f\u0131nma, darbe ve korozyona kar\u015f\u0131 korurlar.<\/p>\n<h3 data-start=\"4936\" data-end=\"4984\"><strong data-start=\"4940\" data-end=\"4982\">S2: \u00d6zel \u015fekiller ve boyutlar alabilir miyim?<\/strong><\/h3>\n<p data-start=\"4985\" data-end=\"5086\">Evet. \u00c7izimlere, ekipman modellerine veya OEM spesifikasyonlar\u0131na g\u00f6re seramik astarl\u0131 par\u00e7alar \u00fcretiyoruz.<\/p>\n<h3 data-start=\"5088\" data-end=\"5140\"><strong data-start=\"5092\" data-end=\"5138\">S3: Hangi seramik malzemeler mevcuttur?<\/strong><\/h3>\n<p data-start=\"5141\" data-end=\"5271\">Se\u00e7enekler \u015funlar\u0131 i\u00e7erir <strong data-start=\"5157\" data-end=\"5214\">Al\u00fcmina, Zirkonya, Silisyum Karb\u00fcr ve Bor Karb\u00fcr<\/strong>, a\u015f\u0131nma, darbe ve kimyasal gereksinimlere ba\u011fl\u0131 olarak.<\/p>\n<h3 data-start=\"5273\" data-end=\"5328\"><strong data-start=\"5277\" data-end=\"5326\">S4: Serami\u011fi farkl\u0131 metallere yap\u0131\u015ft\u0131rabilir misiniz?<\/strong><\/h3>\n<p data-start=\"5329\" data-end=\"5473\">Evet. Seramikleri <strong data-start=\"5354\" data-end=\"5404\">karbon \u00e7eli\u011fi, ala\u015f\u0131ml\u0131 \u00e7elik ve paslanmaz \u00e7elik<\/strong> y\u00fcksek s\u0131cakl\u0131kta sinterleme, lehimleme veya yap\u0131\u015ft\u0131rma teknikleri kullan\u0131larak.<\/p>\n<h3 data-start=\"5475\" data-end=\"5538\"><strong data-start=\"5479\" data-end=\"5536\">S5: Seramik astarl\u0131 par\u00e7alar hangi sekt\u00f6rlerde yayg\u0131n olarak kullan\u0131l\u0131r?<\/strong><\/h3>\n<p data-start=\"5539\" data-end=\"5636\">Madencilik, \u00e7imento, \u00e7elik, kimyasal i\u015fleme, enerji \u00fcretimi ve malzeme ta\u015f\u0131ma end\u00fcstrileri.<\/p>","protected":false},"excerpt":{"rendered":"<p>Wonzh taraf\u0131ndan tedarik edilen Seramik Kapl\u0131 Par\u00e7alar, end\u00fcstriyel makinelerdeki \u015fiddetli a\u015f\u0131nma, y\u00fcksek darbe ve korozif ortamlara dayanacak \u015fekilde tasarlanm\u0131\u015ft\u0131r. Bu par\u00e7alar, y\u00fcksek a\u015f\u0131nma bile\u015fenlerinin \u00f6mr\u00fcn\u00fc uzatmak i\u00e7in madencilik, \u00e7imento, \u00e7elik, kimyasal i\u015fleme, enerji \u00fcretimi ve malzeme ta\u015f\u0131ma ekipmanlar\u0131nda yayg\u0131n olarak kullan\u0131lmaktad\u0131r.<\/p>","protected":false},"featured_media":1542,"comment_status":"open","ping_status":"closed","template":"","meta":{"site-sidebar-layout":"default","site-content-layout":"","ast-site-content-layout":"default","site-content-style":"default","site-sidebar-style":"default","ast-global-header-display":"","ast-banner-title-visibility":"","ast-main-header-display":"","ast-hfb-above-header-display":"","ast-hfb-below-header-display":"","ast-hfb-mobile-header-display":"","site-post-title":"","ast-breadcrumbs-content":"","ast-featured-img":"","footer-sml-layout":"","ast-disable-related-posts":"","theme-transparent-header-meta":"default","adv-header-id-meta":"","stick-header-meta":"default","header-above-stick-meta":"","header-main-stick-meta":"","header-below-stick-meta":"","astra-migrate-meta-layouts":"set","ast-page-background-enabled":"default","ast-page-background-meta":{"desktop":{"background-color":"","background-image":"","background-repeat":"repeat","background-position":"center center","background-size":"auto","background-attachment":"scroll","background-type":"","background-media":"","overlay-type":"","overlay-color":"","overlay-opacity":"","overlay-gradient":""},"tablet":{"background-color":"","background-image":"","background-repeat":"repeat","background-position":"center center","background-size":"auto","background-attachment":"scroll","background-type":"","background-media":"","overlay-type":"","overlay-color":"","overlay-opacity":"","overlay-gradient":""},"mobile":{"background-color":"","background-image":"","background-repeat":"repeat","background-position":"center center","background-size":"auto","background-attachment":"scroll","background-type":"","background-media":"","overlay-type":"","overlay-color":"","overlay-opacity":"","overlay-gradient":""}},"ast-content-background-meta":{"desktop":{"background-color":"var(--ast-global-color-5)","background-image":"","background-repeat":"repeat","background-position":"center center","background-size":"auto","background-attachment":"scroll","background-type":"","background-media":"","overlay-type":"","overlay-color":"","overlay-opacity":"","overlay-gradient":""},"tablet":{"background-color":"var(--ast-global-color-5)","background-image":"","background-repeat":"repeat","background-position":"center center","background-size":"auto","background-attachment":"scroll","background-type":"","background-media":"","overlay-type":"","overlay-color":"","overlay-opacity":"","overlay-gradient":""},"mobile":{"background-color":"var(--ast-global-color-5)","background-image":"","background-repeat":"repeat","background-position":"center center","background-size":"auto","background-attachment":"scroll","background-type":"","background-media":"","overlay-type":"","overlay-color":"","overlay-opacity":"","overlay-gradient":""}}},"product_brand":[],"product_cat":[24],"product_tag":[434,429,432,428,440,343,439,420,435,436,437,431,438,433,430],"class_list":{"0":"post-1480","1":"product","2":"type-product","3":"status-publish","4":"has-post-thumbnail","6":"product_cat-wear-parts-wear-components","7":"product_tag-abrasion-resistant-parts","8":"product_tag-alumina-lined-parts","9":"product_tag-boron-carbide-lined-parts","10":"product_tag-ceramic-lined-parts","11":"product_tag-china-ceramic-lined-manufacturer","12":"product_tag-crusher-liners","13":"product_tag-custom-ceramic-lined-parts","14":"product_tag-hopper-liners","15":"product_tag-industrial-liners","16":"product_tag-mill-liners","17":"product_tag-pipe-liners","18":"product_tag-sic-lined-parts","19":"product_tag-slurry-handling-parts","20":"product_tag-wear-resistant-components","21":"product_tag-zirconia-lined-parts","22":"desktop-align-left","23":"tablet-align-left","24":"mobile-align-left","26":"first","27":"instock","28":"shipping-taxable","29":"product-type-simple"},"_links":{"self":[{"href":"https:\/\/www.wonzh.com\/tr\/wp-json\/wp\/v2\/product\/1480","targetHints":{"allow":["GET"]}}],"collection":[{"href":"https:\/\/www.wonzh.com\/tr\/wp-json\/wp\/v2\/product"}],"about":[{"href":"https:\/\/www.wonzh.com\/tr\/wp-json\/wp\/v2\/types\/product"}],"replies":[{"embeddable":true,"href":"https:\/\/www.wonzh.com\/tr\/wp-json\/wp\/v2\/comments?post=1480"}],"wp:featuredmedia":[{"embeddable":true,"href":"https:\/\/www.wonzh.com\/tr\/wp-json\/wp\/v2\/media\/1542"}],"wp:attachment":[{"href":"https:\/\/www.wonzh.com\/tr\/wp-json\/wp\/v2\/media?parent=1480"}],"wp:term":[{"taxonomy":"product_brand","embeddable":true,"href":"https:\/\/www.wonzh.com\/tr\/wp-json\/wp\/v2\/product_brand?post=1480"},{"taxonomy":"product_cat","embeddable":true,"href":"https:\/\/www.wonzh.com\/tr\/wp-json\/wp\/v2\/product_cat?post=1480"},{"taxonomy":"product_tag","embeddable":true,"href":"https:\/\/www.wonzh.com\/tr\/wp-json\/wp\/v2\/product_tag?post=1480"}],"curies":[{"name":"wp","href":"https:\/\/api.w.org\/{rel}","templated":true}]}}