{"id":1463,"date":"2026-02-03T14:44:49","date_gmt":"2026-02-03T14:44:49","guid":{"rendered":"https:\/\/www.wonzh.com\/?post_type=product&#038;p=1463"},"modified":"2026-02-05T09:35:08","modified_gmt":"2026-02-05T09:35:08","slug":"precision-cnc-machined-parts-for-industrial-equipment-and-oem-applications","status":"publish","type":"product","link":"https:\/\/www.wonzh.com\/tr\/product\/precision-cnc-machined-parts-for-industrial-equipment-and-oem-applications\/","title":{"rendered":"End\u00fcstriyel Ekipmanlar ve OEM Uygulamalar\u0131 i\u00e7in Hassas CNC \u0130\u015flenmi\u015f Par\u00e7alar"},"content":{"rendered":"<p data-start=\"529\" data-end=\"893\">CNC \u0130\u015flenmi\u015f Par\u00e7alar taraf\u0131ndan sa\u011flan\u0131r <strong data-start=\"560\" data-end=\"569\">Wonzh<\/strong> geli\u015fmi\u015f CNC tornalama, frezeleme, delme ve ta\u015flama teknolojileri kullan\u0131larak \u00fcretilen hassas m\u00fchendislik \u00fcr\u00fcn\u00fc bile\u015fenlerdir. Kat\u0131 boyut toleranslar\u0131n\u0131 ve y\u00fczey kalitesi gereksinimlerini kar\u015f\u0131lamak \u00fczere tasarlanan i\u015flenmi\u015f par\u00e7alar\u0131m\u0131z end\u00fcstriyel makinelerde, otomasyon sistemlerinde, a\u011f\u0131r ekipmanlarda ve OEM imalat\u0131nda yayg\u0131n olarak kullan\u0131lmaktad\u0131r.<\/p>\n<p data-start=\"895\" data-end=\"1258\">Karbon \u00e7eli\u011fi, paslanmaz \u00e7elik, al\u00fcminyum ala\u015f\u0131mlar\u0131, pirin\u00e7, bak\u0131r ve m\u00fchendislik plastikleri dahil olmak \u00fczere geni\u015f bir malzeme yelpazesini i\u015fliyoruz. Optimize edilmi\u015f i\u015fleme s\u00fcre\u00e7leri, s\u0131k\u0131 kalite kontrol ve s\u00fcre\u00e7 i\u00e7i denetim sayesinde Wonzh, zorlu \u00e7al\u0131\u015fma ortamlar\u0131nda bile y\u00fcksek tekrarlanabilirlik, m\u00fckemmel y\u00fczey kalitesi ve g\u00fcvenilir mekanik performans sa\u011flar.<\/p>\n<p data-start=\"1260\" data-end=\"1574\">Deneyimli bir end\u00fcstriyel \u00fcretim orta\u011f\u0131 olarak Wonzh \u015funlar\u0131 destekler <strong data-start=\"1327\" data-end=\"1404\">\u00e7izim tabanl\u0131 \u00f6zelle\u015ftirme, k\u00fc\u00e7\u00fck parti prototipleme ve seri \u00fcretim<\/strong>. M\u00fchendislik ekibimiz, performans, maliyet ve teslim s\u00fcresini dengelemek i\u00e7in \u00fcretilebilirlik (DFM), tolerans optimizasyonu ve malzeme se\u00e7imi konular\u0131nda m\u00fc\u015fterilerle i\u015fbirli\u011fi yapmaktad\u0131r.<\/p>\n<h2 data-start=\"1581\" data-end=\"1600\"><strong data-start=\"1584\" data-end=\"1600\">Temel \u00d6zellikler<\/strong><\/h2>\n<ul data-start=\"1602\" data-end=\"1912\">\n<li data-start=\"1602\" data-end=\"1647\">\n<p data-start=\"1604\" data-end=\"1647\">Y\u00fcksek boyutsal do\u011fruluk ve tutarl\u0131l\u0131k<\/p>\n<\/li>\n<li data-start=\"1648\" data-end=\"1701\">\n<p data-start=\"1650\" data-end=\"1701\">M\u00fckemmel y\u00fczey kalitesi ve yap\u0131sal b\u00fct\u00fcnl\u00fck<\/p>\n<\/li>\n<li data-start=\"1702\" data-end=\"1758\">\n<p data-start=\"1704\" data-end=\"1758\">Karma\u015f\u0131k geometriler ve dar toleranslar i\u00e7in uygundur<\/p>\n<\/li>\n<li data-start=\"1759\" data-end=\"1819\">\n<p data-start=\"1761\" data-end=\"1819\">\u00c7oklu metaller ve m\u00fchendislik plastikleri ile uyumludur<\/p>\n<\/li>\n<li data-start=\"1820\" data-end=\"1864\">\n<p data-start=\"1822\" data-end=\"1864\">Prototipten seri \u00fcretime kadar destek<\/p>\n<\/li>\n<li data-start=\"1865\" data-end=\"1912\">\n<p data-start=\"1867\" data-end=\"1912\">M\u00fc\u015fteri \u00e7izimlerine g\u00f6re tamamen \u00f6zelle\u015ftirilmi\u015f<\/p>\n<\/li>\n<\/ul>\n<h2 data-start=\"1919\" data-end=\"1946\"><strong data-start=\"1922\" data-end=\"1946\">Tipik Uygulamalar<\/strong><\/h2>\n<ul data-start=\"1948\" data-end=\"2262\">\n<li data-start=\"1948\" data-end=\"1983\">\n<p data-start=\"1950\" data-end=\"1983\">End\u00fcstriyel makine bile\u015fenleri<\/p>\n<\/li>\n<li data-start=\"1984\" data-end=\"2017\">\n<p data-start=\"1986\" data-end=\"2017\">Otomasyon ve robotik par\u00e7alar<\/p>\n<\/li>\n<li data-start=\"2018\" data-end=\"2054\">\n<p data-start=\"2020\" data-end=\"2054\">Pompalar, valfler ve ak\u0131\u015fkan sistemleri<\/p>\n<\/li>\n<li data-start=\"2055\" data-end=\"2093\">\n<p data-start=\"2057\" data-end=\"2093\">\u015eanz\u0131manlar ve aktarma sistemleri<\/p>\n<\/li>\n<li data-start=\"2094\" data-end=\"2131\">\n<p data-start=\"2096\" data-end=\"2131\">\u0130n\u015faat ve madencilik ekipmanlar\u0131<\/p>\n<\/li>\n<li data-start=\"2132\" data-end=\"2173\">\n<p data-start=\"2134\" data-end=\"2173\">Enerji ve g\u00fc\u00e7 \u00fcretim ekipmanlar\u0131<\/p>\n<\/li>\n<li data-start=\"2174\" data-end=\"2211\">\n<p data-start=\"2176\" data-end=\"2211\">T\u0131bbi ve hassas aletler<\/p>\n<\/li>\n<li data-start=\"2212\" data-end=\"2262\">\n<p data-start=\"2214\" data-end=\"2262\">Yar\u0131 iletken ve y\u00fcksek teknoloji ekipman destekleri<\/p>\n<\/li>\n<\/ul>\n<h2 data-start=\"2269\" data-end=\"2298\"><strong data-start=\"2272\" data-end=\"2298\">\u0130\u015fleme Yetenekleri<\/strong><\/h2>\n<div class=\"TyagGW_tableContainer\">\n<div class=\"group TyagGW_tableWrapper flex flex-col-reverse w-fit\" tabindex=\"-1\">\n<table class=\"w-fit min-w-(--thread-content-width)\" data-start=\"2300\" data-end=\"2688\">\n<thead data-start=\"2300\" data-end=\"2324\">\n<tr data-start=\"2300\" data-end=\"2324\">\n<th data-start=\"2300\" data-end=\"2310\" data-col-size=\"sm\">S\u00fcre\u00e7<\/th>\n<th data-start=\"2310\" data-end=\"2324\" data-col-size=\"md\">Yetenek<\/th>\n<\/tr>\n<\/thead>\n<tbody data-start=\"2335\" data-end=\"2688\">\n<tr data-start=\"2335\" data-end=\"2384\">\n<td data-start=\"2335\" data-end=\"2349\" data-col-size=\"sm\">CNC Torna<\/td>\n<td data-start=\"2349\" data-end=\"2384\" data-col-size=\"md\">\u015eaftlar, bur\u00e7lar, flan\u015flar, pimler<\/td>\n<\/tr>\n<tr data-start=\"2385\" data-end=\"2445\">\n<td data-start=\"2385\" data-end=\"2399\" data-col-size=\"sm\">CNC Freze<\/td>\n<td data-start=\"2399\" data-end=\"2445\" data-col-size=\"md\">Braketler, plakalar, muhafazalar, karma\u015f\u0131k \u015fekiller<\/td>\n<\/tr>\n<tr data-start=\"2446\" data-end=\"2510\">\n<td data-start=\"2446\" data-end=\"2467\" data-col-size=\"sm\">Delme ve K\u0131lavuz \u00c7ekme<\/td>\n<td data-start=\"2467\" data-end=\"2510\" data-col-size=\"md\">Di\u015fli bile\u015fenler ve hassas delikler<\/td>\n<\/tr>\n<tr data-start=\"2511\" data-end=\"2570\">\n<td data-start=\"2511\" data-end=\"2522\" data-col-size=\"sm\">Ta\u015flama<\/td>\n<td data-start=\"2522\" data-end=\"2570\" data-col-size=\"md\">Y\u00fcksek hassasiyetli y\u00fczeyler ve dar toleranslar<\/td>\n<\/tr>\n<tr data-start=\"2571\" data-end=\"2635\">\n<td data-start=\"2571\" data-end=\"2591\" data-col-size=\"sm\">Y\u00fczey \u0130\u015flemleri<\/td>\n<td data-start=\"2591\" data-end=\"2635\" data-col-size=\"md\">Eloksal, kaplama, pasivasyon, kaplama<\/td>\n<\/tr>\n<tr data-start=\"2636\" data-end=\"2688\">\n<td data-start=\"2636\" data-end=\"2653\" data-col-size=\"sm\">Is\u0131l \u0130\u015flem<\/td>\n<td data-start=\"2653\" data-end=\"2688\" data-col-size=\"md\">Sertle\u015ftirme, temperleme, tavlama<\/td>\n<\/tr>\n<\/tbody>\n<\/table>\n<\/div>\n<\/div>\n<h2 data-start=\"2695\" data-end=\"2747\"><strong data-start=\"2698\" data-end=\"2745\">Teknik Parametreler (Temsili Aral\u0131k)<\/strong><\/h2>\n<div class=\"TyagGW_tableContainer\">\n<div class=\"group TyagGW_tableWrapper flex flex-col-reverse w-fit\" tabindex=\"-1\">\n<table class=\"w-fit min-w-(--thread-content-width)\" data-start=\"2749\" data-end=\"3246\">\n<thead data-start=\"2749\" data-end=\"2775\">\n<tr data-start=\"2749\" data-end=\"2775\">\n<th data-start=\"2749\" data-end=\"2761\" data-col-size=\"sm\">Parametre<\/th>\n<th data-start=\"2761\" data-end=\"2775\" data-col-size=\"md\">Yetenek<\/th>\n<\/tr>\n<\/thead>\n<tbody data-start=\"2786\" data-end=\"3246\">\n<tr data-start=\"2786\" data-end=\"2885\">\n<td data-start=\"2786\" data-end=\"2805\" data-col-size=\"sm\">Malzeme Se\u00e7enekleri<\/td>\n<td data-start=\"2805\" data-end=\"2885\" data-col-size=\"md\">Karbon \u00e7eli\u011fi, paslanmaz \u00e7elik, al\u00fcminyum, pirin\u00e7, bak\u0131r, m\u00fchendislik plastikleri<\/td>\n<\/tr>\n<tr data-start=\"2886\" data-end=\"2945\">\n<td data-start=\"2886\" data-end=\"2910\" data-col-size=\"sm\">Boyutsal Tolerans<\/td>\n<td data-start=\"2910\" data-end=\"2945\" data-col-size=\"md\">0,01 mm'ye kadar (par\u00e7aya ba\u011fl\u0131)<\/td>\n<\/tr>\n<tr data-start=\"2946\" data-end=\"3014\">\n<td data-start=\"2946\" data-end=\"2966\" data-col-size=\"sm\">Y\u00fczey P\u00fcr\u00fczl\u00fcl\u00fc\u011f\u00fc<\/td>\n<td data-start=\"2966\" data-end=\"3014\" data-col-size=\"md\">Ra 0.8 - Ra 3.2 (istek \u00fczerine daha incesi mevcuttur)<\/td>\n<\/tr>\n<tr data-start=\"3015\" data-end=\"3068\">\n<td data-start=\"3015\" data-end=\"3031\" data-col-size=\"sm\">Maksimum Par\u00e7a Boyutu<\/td>\n<td data-start=\"3031\" data-end=\"3068\" data-col-size=\"md\">1200 mm'ye kadar (projeye ba\u011fl\u0131)<\/td>\n<\/tr>\n<tr data-start=\"3069\" data-end=\"3130\">\n<td data-start=\"3069\" data-end=\"3087\" data-col-size=\"sm\">\u00dcretim Tipi<\/td>\n<td data-start=\"3087\" data-end=\"3130\" data-col-size=\"md\">Prototip, k\u00fc\u00e7\u00fck parti, seri \u00fcretim<\/td>\n<\/tr>\n<tr data-start=\"3131\" data-end=\"3183\">\n<td data-start=\"3131\" data-end=\"3151\" data-col-size=\"sm\">Kalite Standartlar\u0131<\/td>\n<td data-start=\"3151\" data-end=\"3183\" data-col-size=\"md\">ISO tabanl\u0131 denetim s\u00fcreci<\/td>\n<\/tr>\n<tr data-start=\"3184\" data-end=\"3246\">\n<td data-start=\"3184\" data-end=\"3197\" data-col-size=\"sm\">Tefti\u015f<\/td>\n<td data-start=\"3197\" data-end=\"3246\" data-col-size=\"md\">CMM, kumpaslar, mikrometreler, p\u00fcr\u00fczl\u00fcl\u00fck testi<\/td>\n<\/tr>\n<\/tbody>\n<\/table>\n<\/div>\n<\/div>\n<h2 data-start=\"3253\" data-end=\"3284\"><strong data-start=\"3256\" data-end=\"3284\">Malzeme Se\u00e7im K\u0131lavuzu<\/strong><\/h2>\n<div class=\"TyagGW_tableContainer\">\n<div class=\"group TyagGW_tableWrapper flex flex-col-reverse w-fit\" tabindex=\"-1\">\n<table class=\"w-fit min-w-(--thread-content-width)\" data-start=\"3286\" data-end=\"3776\">\n<thead data-start=\"3286\" data-end=\"3325\">\n<tr data-start=\"3286\" data-end=\"3325\">\n<th data-start=\"3286\" data-end=\"3297\" data-col-size=\"sm\">Malzeme<\/th>\n<th data-start=\"3297\" data-end=\"3310\" data-col-size=\"sm\">Avantajlar<\/th>\n<th data-start=\"3310\" data-end=\"3325\" data-col-size=\"sm\">Tipik Kullan\u0131m<\/th>\n<\/tr>\n<\/thead>\n<tbody data-start=\"3340\" data-end=\"3776\">\n<tr data-start=\"3340\" data-end=\"3416\">\n<td data-start=\"3340\" data-end=\"3359\" data-col-size=\"sm\"><strong data-start=\"3342\" data-end=\"3358\">Karbon \u00c7elik<\/strong><\/td>\n<td data-start=\"3359\" data-end=\"3391\" data-col-size=\"sm\">Y\u00fcksek mukavemetli, uygun maliyetli<\/td>\n<td data-start=\"3391\" data-end=\"3416\" data-col-size=\"sm\">A\u011f\u0131r makine par\u00e7alar\u0131<\/td>\n<\/tr>\n<tr data-start=\"3417\" data-end=\"3507\">\n<td data-start=\"3417\" data-end=\"3449\" data-col-size=\"sm\"><strong data-start=\"3419\" data-end=\"3448\">Paslanmaz \u00c7elik (304\/316)<\/strong><\/td>\n<td data-start=\"3449\" data-end=\"3471\" data-col-size=\"sm\">Korozyona dayan\u0131kl\u0131<\/td>\n<td data-start=\"3471\" data-end=\"3507\" data-col-size=\"sm\">Kimyasal, denizcilik, g\u0131da ekipmanlar\u0131<\/td>\n<\/tr>\n<tr data-start=\"3508\" data-end=\"3590\">\n<td data-start=\"3508\" data-end=\"3529\" data-col-size=\"sm\"><strong data-start=\"3510\" data-end=\"3528\">Al\u00fcminyum Ala\u015f\u0131m<\/strong><\/td>\n<td data-start=\"3529\" data-end=\"3563\" data-col-size=\"sm\">Hafif, iyi i\u015flenebilirlik<\/td>\n<td data-start=\"3563\" data-end=\"3590\" data-col-size=\"sm\">Otomasyon, elektronik<\/td>\n<\/tr>\n<tr data-start=\"3591\" data-end=\"3674\">\n<td data-start=\"3591\" data-end=\"3610\" data-col-size=\"sm\"><strong data-start=\"3593\" data-end=\"3609\">Pirin\u00e7\/Bak\u0131r<\/strong><\/td>\n<td data-start=\"3610\" data-end=\"3652\" data-col-size=\"sm\">\u0130yi iletkenlik, korozyon direnci<\/td>\n<td data-start=\"3652\" data-end=\"3674\" data-col-size=\"sm\">Valfler, konekt\u00f6rler<\/td>\n<\/tr>\n<tr data-start=\"3675\" data-end=\"3776\">\n<td data-start=\"3675\" data-end=\"3721\" data-col-size=\"sm\"><strong data-start=\"3677\" data-end=\"3720\">M\u00fchendislik Plastikleri (POM, Naylon, PTFE)<\/strong><\/td>\n<td data-start=\"3721\" data-end=\"3757\" data-col-size=\"sm\">D\u00fc\u015f\u00fck s\u00fcrt\u00fcnme, kimyasal diren\u00e7<\/td>\n<td data-start=\"3757\" data-end=\"3776\" data-col-size=\"sm\">A\u015f\u0131nma bile\u015fenleri<\/td>\n<\/tr>\n<\/tbody>\n<\/table>\n<\/div>\n<\/div>\n<h2 data-start=\"3783\" data-end=\"3806\"><strong data-start=\"3786\" data-end=\"3806\">Neden Wonzh'u Se\u00e7melisiniz<\/strong><\/h2>\n<ul data-start=\"3808\" data-end=\"4094\">\n<li data-start=\"3808\" data-end=\"3872\">\n<p data-start=\"3810\" data-end=\"3872\">Hammaddeden son denetime kadar s\u0131k\u0131 kalite kontrol\u00fc<\/p>\n<\/li>\n<li data-start=\"3873\" data-end=\"3933\">\n<p data-start=\"3875\" data-end=\"3933\">Deneyimli i\u015fleme m\u00fchendisleri ve modern CNC ekipmanlar\u0131<\/p>\n<\/li>\n<li data-start=\"3934\" data-end=\"3989\">\n<p data-start=\"3936\" data-end=\"3989\">Karma\u015f\u0131k geometriler ve dar toleranslar i\u00e7in destek<\/p>\n<\/li>\n<li data-start=\"3990\" data-end=\"4039\">\n<p data-start=\"3992\" data-end=\"4039\">H\u0131zl\u0131 prototipleme ve g\u00fcvenilir seri \u00fcretim<\/p>\n<\/li>\n<li data-start=\"4040\" data-end=\"4094\">\n<p data-start=\"4042\" data-end=\"4094\">\u0130stikrarl\u0131 tedarik zinciri ve k\u00fcresel teslimat kabiliyeti<\/p>\n<\/li>\n<\/ul>\n<h2 data-start=\"4101\" data-end=\"4142\"><strong data-start=\"4104\" data-end=\"4140\">S\u0131k\u00e7a Sorulan Sorular (SSS)<\/strong><\/h2>\n<h3 data-start=\"4144\" data-end=\"4204\"><strong data-start=\"4148\" data-end=\"4202\">S1: M\u00fc\u015fteri \u00e7izimlerine g\u00f6re mi \u00fcretim yap\u0131yorsunuz?<\/strong><\/h3>\n<p data-start=\"4205\" data-end=\"4280\">Evet. Par\u00e7alar\u0131 kesinlikle 2D\/3D \u00e7izimlerinize veya numunelerinize g\u00f6re \u00fcretiyoruz.<\/p>\n<h3 data-start=\"4282\" data-end=\"4328\"><strong data-start=\"4286\" data-end=\"4326\">S2: Hangi dosya formatlar\u0131n\u0131 kabul ediyorsunuz?<\/strong><\/h3>\n<p data-start=\"4329\" data-end=\"4382\">Biz kabul ediyoruz <strong data-start=\"4339\" data-end=\"4381\">STEP, IGES, DXF, DWG ve PDF \u00e7izimleri<\/strong>.<\/p>\n<h3 data-start=\"4384\" data-end=\"4429\"><strong data-start=\"4388\" data-end=\"4427\">S3: Tipik teslim s\u00fcreniz nedir?<\/strong><\/h3>\n<ul data-start=\"4430\" data-end=\"4527\">\n<li data-start=\"4430\" data-end=\"4459\">\n<p data-start=\"4432\" data-end=\"4459\">Prototipler: <strong data-start=\"4444\" data-end=\"4457\">1-2 hafta<\/strong><\/p>\n<\/li>\n<li data-start=\"4460\" data-end=\"4490\">\n<p data-start=\"4462\" data-end=\"4490\">K\u00fc\u00e7\u00fck bir parti: <strong data-start=\"4475\" data-end=\"4488\">2-4 hafta<\/strong><\/p>\n<\/li>\n<li data-start=\"4491\" data-end=\"4527\">\n<p data-start=\"4493\" data-end=\"4527\">Seri \u00fcretim: projeye ba\u011fl\u0131<\/p>\n<\/li>\n<\/ul>\n<h3 data-start=\"4529\" data-end=\"4578\"><strong data-start=\"4533\" data-end=\"4576\">S4: Y\u00fczey i\u015flemleri sa\u011flayabilir misiniz?<\/strong><\/h3>\n<p data-start=\"4579\" data-end=\"4657\">Evet. Eloksal, kaplama, boyama, pasivasyon ve kaplama hizmetleri sunuyoruz.<\/p>\n<h3 data-start=\"4659\" data-end=\"4707\"><strong data-start=\"4663\" data-end=\"4705\">S5: K\u00fc\u00e7\u00fck parti sipari\u015fleri destekliyor musunuz?<\/strong><\/h3>\n<p data-start=\"4708\" data-end=\"4778\">Evet. Prototipleri, k\u00fc\u00e7\u00fck partileri ve b\u00fcy\u00fck \u00f6l\u00e7ekli \u00fcretimi destekliyoruz.<\/p>","protected":false},"excerpt":{"rendered":"<p>CNC \u0130\u015flenmi\u015f Par\u00e7alar taraf\u0131ndan sa\u011flan\u0131r <strong data-start=\"560\" data-end=\"569\">Wonzh<\/strong> geli\u015fmi\u015f CNC tornalama, frezeleme, delme ve ta\u015flama teknolojileri kullan\u0131larak \u00fcretilen hassas m\u00fchendislik \u00fcr\u00fcn\u00fc bile\u015fenlerdir. Kat\u0131 boyut toleranslar\u0131n\u0131 ve y\u00fczey kalitesi gereksinimlerini kar\u015f\u0131lamak \u00fczere tasarlanan i\u015flenmi\u015f par\u00e7alar\u0131m\u0131z end\u00fcstriyel makinelerde, otomasyon sistemlerinde, a\u011f\u0131r ekipmanlarda ve OEM imalat\u0131nda yayg\u0131n olarak kullan\u0131lmaktad\u0131r.<\/p>","protected":false},"featured_media":1518,"comment_status":"open","ping_status":"closed","template":"","meta":{"site-sidebar-layout":"default","site-content-layout":"","ast-site-content-layout":"default","site-content-style":"default","site-sidebar-style":"default","ast-global-header-display":"","ast-banner-title-visibility":"","ast-main-header-display":"","ast-hfb-above-header-display":"","ast-hfb-below-header-display":"","ast-hfb-mobile-header-display":"","site-post-title":"","ast-breadcrumbs-content":"","ast-featured-img":"","footer-sml-layout":"","ast-disable-related-posts":"","theme-transparent-header-meta":"default","adv-header-id-meta":"","stick-header-meta":"default","header-above-stick-meta":"","header-main-stick-meta":"","header-below-stick-meta":"","astra-migrate-meta-layouts":"set","ast-page-background-enabled":"default","ast-page-background-meta":{"desktop":{"background-color":"","background-image":"","background-repeat":"repeat","background-position":"center center","background-size":"auto","background-attachment":"scroll","background-type":"","background-media":"","overlay-type":"","overlay-color":"","overlay-opacity":"","overlay-gradient":""},"tablet":{"background-color":"","background-image":"","background-repeat":"repeat","background-position":"center center","background-size":"auto","background-attachment":"scroll","background-type":"","background-media":"","overlay-type":"","overlay-color":"","overlay-opacity":"","overlay-gradient":""},"mobile":{"background-color":"","background-image":"","background-repeat":"repeat","background-position":"center center","background-size":"auto","background-attachment":"scroll","background-type":"","background-media":"","overlay-type":"","overlay-color":"","overlay-opacity":"","overlay-gradient":""}},"ast-content-background-meta":{"desktop":{"background-color":"var(--ast-global-color-5)","background-image":"","background-repeat":"repeat","background-position":"center center","background-size":"auto","background-attachment":"scroll","background-type":"","background-media":"","overlay-type":"","overlay-color":"","overlay-opacity":"","overlay-gradient":""},"tablet":{"background-color":"var(--ast-global-color-5)","background-image":"","background-repeat":"repeat","background-position":"center center","background-size":"auto","background-attachment":"scroll","background-type":"","background-media":"","overlay-type":"","overlay-color":"","overlay-opacity":"","overlay-gradient":""},"mobile":{"background-color":"var(--ast-global-color-5)","background-image":"","background-repeat":"repeat","background-position":"center center","background-size":"auto","background-attachment":"scroll","background-type":"","background-media":"","overlay-type":"","overlay-color":"","overlay-opacity":"","overlay-gradient":""}}},"product_brand":[],"product_cat":[23],"product_tag":[305,311,299,302,301,303,309,306,307,300,308,304,310],"class_list":{"0":"post-1463","1":"product","2":"type-product","3":"status-publish","4":"has-post-thumbnail","6":"product_cat-precision-machined-parts","7":"product_tag-aluminum-machining","8":"product_tag-china-cnc-manufacturer","9":"product_tag-cnc-machined-parts","10":"product_tag-cnc-milling-parts","11":"product_tag-cnc-turning-parts","12":"product_tag-custom-machined-components","13":"product_tag-high-precision-parts","14":"product_tag-industrial-parts-manufacturing","15":"product_tag-oem-machined-parts","16":"product_tag-precision-machining","17":"product_tag-prototype-machining","18":"product_tag-stainless-steel-machining","19":"product_tag-surface-treatment-machining","20":"desktop-align-left","21":"tablet-align-left","22":"mobile-align-left","24":"first","25":"instock","26":"shipping-taxable","27":"product-type-simple"},"_links":{"self":[{"href":"https:\/\/www.wonzh.com\/tr\/wp-json\/wp\/v2\/product\/1463","targetHints":{"allow":["GET"]}}],"collection":[{"href":"https:\/\/www.wonzh.com\/tr\/wp-json\/wp\/v2\/product"}],"about":[{"href":"https:\/\/www.wonzh.com\/tr\/wp-json\/wp\/v2\/types\/product"}],"replies":[{"embeddable":true,"href":"https:\/\/www.wonzh.com\/tr\/wp-json\/wp\/v2\/comments?post=1463"}],"wp:featuredmedia":[{"embeddable":true,"href":"https:\/\/www.wonzh.com\/tr\/wp-json\/wp\/v2\/media\/1518"}],"wp:attachment":[{"href":"https:\/\/www.wonzh.com\/tr\/wp-json\/wp\/v2\/media?parent=1463"}],"wp:term":[{"taxonomy":"product_brand","embeddable":true,"href":"https:\/\/www.wonzh.com\/tr\/wp-json\/wp\/v2\/product_brand?post=1463"},{"taxonomy":"product_cat","embeddable":true,"href":"https:\/\/www.wonzh.com\/tr\/wp-json\/wp\/v2\/product_cat?post=1463"},{"taxonomy":"product_tag","embeddable":true,"href":"https:\/\/www.wonzh.com\/tr\/wp-json\/wp\/v2\/product_tag?post=1463"}],"curies":[{"name":"wp","href":"https:\/\/api.w.org\/{rel}","templated":true}]}}