{"id":1446,"date":"2026-02-03T14:22:59","date_gmt":"2026-02-03T14:22:59","guid":{"rendered":"https:\/\/www.wonzh.com\/?post_type=product&#038;p=1446"},"modified":"2026-02-04T15:05:01","modified_gmt":"2026-02-04T15:05:01","slug":"high-performance-hydraulic-seals-for-cylinders-and-fluid-power-systems","status":"publish","type":"product","link":"https:\/\/www.wonzh.com\/tr\/product\/high-performance-hydraulic-seals-for-cylinders-and-fluid-power-systems\/","title":{"rendered":"Silindirler ve Ak\u0131\u015fkan G\u00fcc\u00fc Sistemleri i\u00e7in Y\u00fcksek Performansl\u0131 Hidrolik Ke\u00e7eler"},"content":{"rendered":"<p data-start=\"555\" data-end=\"914\">Wonzh taraf\u0131ndan tedarik edilen Hidrolik Ke\u00e7eler, hidrolik silindirler, pompalar ve ak\u0131\u015fkan g\u00fcc\u00fc sistemlerinde s\u0131v\u0131 s\u0131z\u0131nt\u0131s\u0131n\u0131 \u00f6nlemek ve bas\u0131n\u00e7 dengesini korumak i\u00e7in tasarlanm\u0131\u015f hassas m\u00fchendislik \u00fcr\u00fcn\u00fc s\u0131zd\u0131rmazl\u0131k bile\u015fenleridir. Bu contalar, d\u00fczg\u00fcn piston hareketinin sa\u011flanmas\u0131nda, i\u00e7 s\u0131z\u0131nt\u0131n\u0131n \u00f6nlenmesinde ve hidrolik sistemlerin kirlenme ve a\u015f\u0131nmadan korunmas\u0131nda kritik bir rol oynar.<\/p>\n<p data-start=\"916\" data-end=\"1340\">PU (Poli\u00fcretan), NBR, FKM, PTFE ve PTFE kompozit bile\u015fikleri gibi geli\u015fmi\u015f elastomer ve polimer malzemelerden \u00fcretilen Wonzh hidrolik contalar m\u00fckemmel a\u015f\u0131nma direnci, d\u00fc\u015f\u00fck s\u00fcrt\u00fcnme performans\u0131 ve y\u00fcksek bas\u0131n\u00e7 dayan\u0131kl\u0131l\u0131\u011f\u0131 sunar. Hassas kal\u0131plama, CNC i\u015fleme ve s\u0131k\u0131 kalite denetimi, zorlu \u00e7al\u0131\u015fma ko\u015fullar\u0131 alt\u0131nda bile boyutsal do\u011fruluk, g\u00fcvenilir s\u0131zd\u0131rmazl\u0131k ve uzun hizmet \u00f6mr\u00fc sa\u011flar.<\/p>\n<p data-start=\"1342\" data-end=\"1686\">Deneyimli bir end\u00fcstriyel s\u0131zd\u0131rmazl\u0131k tedarik\u00e7isi olarak Wonzh, standart hidrolik s\u0131zd\u0131rmazl\u0131k profillerinin yan\u0131 s\u0131ra bas\u0131n\u00e7, h\u0131z, s\u0131cakl\u0131k ve s\u0131v\u0131 uyumlulu\u011fu gereksinimlerine g\u00f6re uyarlanm\u0131\u015f \u00f6zelle\u015ftirilmi\u015f \u00e7\u00f6z\u00fcmler sunar. M\u00fchendislik ekibimiz, sistem g\u00fcvenilirli\u011fini en \u00fcst d\u00fczeye \u00e7\u0131karmak i\u00e7in conta se\u00e7imini, oluk tasar\u0131m optimizasyonunu ve uygulama sorunlar\u0131n\u0131 gidermeyi destekler.<\/p>\n<h2 data-start=\"1693\" data-end=\"1712\"><strong data-start=\"1696\" data-end=\"1712\">Temel \u00d6zellikler<\/strong><\/h2>\n<ul data-start=\"1714\" data-end=\"2014\">\n<li data-start=\"1714\" data-end=\"1767\">\n<p data-start=\"1716\" data-end=\"1767\">Y\u00fcksek bas\u0131n\u00e7 alt\u0131nda m\u00fckemmel s\u0131zd\u0131rmazl\u0131k performans\u0131<\/p>\n<\/li>\n<li data-start=\"1768\" data-end=\"1815\">\n<p data-start=\"1770\" data-end=\"1815\">D\u00fc\u015f\u00fck s\u00fcrt\u00fcnme ve daha az enerji t\u00fcketimi<\/p>\n<\/li>\n<li data-start=\"1816\" data-end=\"1860\">\n<p data-start=\"1818\" data-end=\"1860\">G\u00fc\u00e7l\u00fc a\u015f\u0131nma ve ekstr\u00fczyon direnci<\/p>\n<\/li>\n<li data-start=\"1861\" data-end=\"1906\">\n<p data-start=\"1863\" data-end=\"1906\">Dinamik ileri geri hareket i\u00e7in uygundur<\/p>\n<\/li>\n<li data-start=\"1907\" data-end=\"1960\">\n<p data-start=\"1909\" data-end=\"1960\">Hidrolik s\u0131v\u0131larla geni\u015f malzeme uyumlulu\u011fu<\/p>\n<\/li>\n<li data-start=\"1961\" data-end=\"2014\">\n<p data-start=\"1963\" data-end=\"2014\">\u00d6zel uygulamalar i\u00e7in \u00f6zel tasar\u0131mlar mevcuttur<\/p>\n<\/li>\n<\/ul>\n<h2 data-start=\"2021\" data-end=\"2048\"><strong data-start=\"2024\" data-end=\"2048\">Tipik Uygulamalar<\/strong><\/h2>\n<ul data-start=\"2050\" data-end=\"2337\">\n<li data-start=\"2050\" data-end=\"2073\">\n<p data-start=\"2052\" data-end=\"2073\">Hidrolik silindirler<\/p>\n<\/li>\n<li data-start=\"2074\" data-end=\"2115\">\n<p data-start=\"2076\" data-end=\"2115\">Ekskavat\u00f6rler ve in\u015faat makineleri<\/p>\n<\/li>\n<li data-start=\"2116\" data-end=\"2163\">\n<p data-start=\"2118\" data-end=\"2163\">End\u00fcstriyel presler ve otomasyon ekipmanlar\u0131<\/p>\n<\/li>\n<li data-start=\"2164\" data-end=\"2184\">\n<p data-start=\"2166\" data-end=\"2184\">Madencilik makineleri<\/p>\n<\/li>\n<li data-start=\"2185\" data-end=\"2228\">\n<p data-start=\"2187\" data-end=\"2228\">Forkliftler ve malzeme ta\u015f\u0131ma sistemleri<\/p>\n<\/li>\n<li data-start=\"2229\" data-end=\"2255\">\n<p data-start=\"2231\" data-end=\"2255\">Tar\u0131msal ekipman<\/p>\n<\/li>\n<li data-start=\"2256\" data-end=\"2289\">\n<p data-start=\"2258\" data-end=\"2289\">Petrol ve gaz hidrolik sistemleri<\/p>\n<\/li>\n<li data-start=\"2290\" data-end=\"2337\">\n<p data-start=\"2292\" data-end=\"2337\">Mobil ve sabit hidrolik g\u00fc\u00e7 \u00fcniteleri<\/p>\n<\/li>\n<\/ul>\n<h2 data-start=\"2344\" data-end=\"2381\"><strong data-start=\"2347\" data-end=\"2381\">Tedarik Etti\u011fimiz Hidrolik Salmastra \u00c7e\u015fitleri<\/strong><\/h2>\n<div class=\"TyagGW_tableContainer\">\n<div class=\"group TyagGW_tableWrapper flex flex-col-reverse w-fit\" tabindex=\"-1\">\n<table class=\"w-fit min-w-(--thread-content-width)\" data-start=\"2383\" data-end=\"2809\">\n<thead data-start=\"2383\" data-end=\"2426\">\n<tr data-start=\"2383\" data-end=\"2426\">\n<th data-start=\"2383\" data-end=\"2395\" data-col-size=\"sm\">Conta Tipi<\/th>\n<th data-start=\"2395\" data-end=\"2406\" data-col-size=\"md\">Fonksiyon<\/th>\n<th data-start=\"2406\" data-end=\"2426\" data-col-size=\"sm\">Tipik Pozisyon<\/th>\n<\/tr>\n<\/thead>\n<tbody data-start=\"2441\" data-end=\"2809\">\n<tr data-start=\"2441\" data-end=\"2516\">\n<td data-start=\"2441\" data-end=\"2455\" data-col-size=\"sm\">Piston Contas\u0131<\/td>\n<td data-start=\"2455\" data-end=\"2497\" data-col-size=\"md\">Piston boyunca i\u00e7 s\u0131z\u0131nt\u0131y\u0131 \u00f6nler<\/td>\n<td data-start=\"2497\" data-end=\"2516\" data-col-size=\"sm\">\u0130\u00e7 silindir<\/td>\n<\/tr>\n<tr data-start=\"2517\" data-end=\"2591\">\n<td data-start=\"2517\" data-end=\"2528\" data-col-size=\"sm\">\u00c7ubuk Contas\u0131<\/td>\n<td data-start=\"2528\" data-end=\"2570\" data-col-size=\"md\">Silindirden harici s\u0131z\u0131nt\u0131y\u0131 \u00f6nler<\/td>\n<td data-start=\"2570\" data-end=\"2591\" data-col-size=\"sm\">Silindir \u00e7ubu\u011fu \u00e7\u0131k\u0131\u015f\u0131<\/td>\n<\/tr>\n<tr data-start=\"2592\" data-end=\"2662\">\n<td data-start=\"2592\" data-end=\"2605\" data-col-size=\"sm\">Silecek Contas\u0131<\/td>\n<td data-start=\"2605\" data-end=\"2643\" data-col-size=\"md\">Toz, kir ve kirleticileri engeller<\/td>\n<td data-start=\"2643\" data-end=\"2662\" data-col-size=\"sm\">\u00c7ubuk giri\u015f noktas\u0131<\/td>\n<\/tr>\n<tr data-start=\"2663\" data-end=\"2728\">\n<td data-start=\"2663\" data-end=\"2676\" data-col-size=\"sm\">K\u0131lavuz Halka<\/td>\n<td data-start=\"2676\" data-end=\"2710\" data-col-size=\"md\">Metal-metal temas\u0131n\u0131 \u00f6nler<\/td>\n<td data-start=\"2710\" data-end=\"2728\" data-col-size=\"sm\">Piston ve rot<\/td>\n<\/tr>\n<tr data-start=\"2729\" data-end=\"2809\">\n<td data-start=\"2729\" data-end=\"2743\" data-col-size=\"sm\">Yedekleme Halkas\u0131<\/td>\n<td data-start=\"2743\" data-end=\"2789\" data-col-size=\"md\">Y\u00fcksek bas\u0131n\u00e7 alt\u0131nda conta ekstr\u00fczyonunu \u00f6nler<\/td>\n<td data-start=\"2789\" data-end=\"2809\" data-col-size=\"sm\">Ana contan\u0131n arkas\u0131nda<\/td>\n<\/tr>\n<\/tbody>\n<\/table>\n<\/div>\n<\/div>\n<h2 data-start=\"2816\" data-end=\"2868\"><strong data-start=\"2819\" data-end=\"2866\">Teknik Parametreler (Temsili Aral\u0131k)<\/strong><\/h2>\n<div class=\"TyagGW_tableContainer\">\n<div class=\"group TyagGW_tableWrapper flex flex-col-reverse w-fit\" tabindex=\"-1\">\n<table class=\"w-fit min-w-(--thread-content-width)\" data-start=\"2870\" data-end=\"3388\">\n<thead data-start=\"2870\" data-end=\"2907\">\n<tr data-start=\"2870\" data-end=\"2907\">\n<th data-start=\"2870\" data-end=\"2882\" data-col-size=\"sm\">Parametre<\/th>\n<th data-start=\"2882\" data-end=\"2907\" data-col-size=\"md\">\u00d6zellikler \/ Aral\u0131k<\/th>\n<\/tr>\n<\/thead>\n<tbody data-start=\"2918\" data-end=\"3388\">\n<tr data-start=\"2918\" data-end=\"2967\">\n<td data-start=\"2918\" data-end=\"2930\" data-col-size=\"sm\">Conta Tipi<\/td>\n<td data-start=\"2930\" data-end=\"2967\" data-col-size=\"md\">Piston, \u00c7ubuk, Silecek, K\u0131lavuz, Destek<\/td>\n<\/tr>\n<tr data-start=\"2968\" data-end=\"3029\">\n<td data-start=\"2968\" data-end=\"2989\" data-col-size=\"sm\">\u00c7al\u0131\u015fma Bas\u0131nc\u0131<\/td>\n<td data-start=\"2989\" data-end=\"3029\" data-col-size=\"md\">40 MPa'ya kadar (uygulamaya ba\u011fl\u0131)<\/td>\n<\/tr>\n<tr data-start=\"3030\" data-end=\"3090\">\n<td data-start=\"3030\" data-end=\"3050\" data-col-size=\"sm\">S\u0131cakl\u0131k Aral\u0131\u011f\u0131<\/td>\n<td data-start=\"3050\" data-end=\"3090\" data-col-size=\"md\">-40\u00b0C ila +120\u00b0C (malzemeye ba\u011fl\u0131)<\/td>\n<\/tr>\n<tr data-start=\"3091\" data-end=\"3150\">\n<td data-start=\"3091\" data-end=\"3107\" data-col-size=\"sm\">Kayma H\u0131z\u0131<\/td>\n<td data-start=\"3107\" data-end=\"3150\" data-col-size=\"md\">1,0 m\/s'ye kadar (yap\u0131land\u0131rmaya ba\u011fl\u0131)<\/td>\n<\/tr>\n<tr data-start=\"3151\" data-end=\"3220\">\n<td data-start=\"3151\" data-end=\"3173\" data-col-size=\"sm\">Medya Uyumlulu\u011fu<\/td>\n<td data-start=\"3173\" data-end=\"3220\" data-col-size=\"md\">Mineral ya\u011f, su-glikol, sentetik s\u0131v\u0131lar<\/td>\n<\/tr>\n<tr data-start=\"3221\" data-end=\"3281\">\n<td data-start=\"3221\" data-end=\"3243\" data-col-size=\"sm\">Mevcut Malzemeler<\/td>\n<td data-start=\"3243\" data-end=\"3281\" data-col-size=\"md\">PU, NBR, FKM, PTFE, PTFE Kompozit<\/td>\n<\/tr>\n<tr data-start=\"3282\" data-end=\"3339\">\n<td data-start=\"3282\" data-end=\"3308\" data-col-size=\"sm\">Y\u00fczey P\u00fcr\u00fczl\u00fcl\u00fc\u011f\u00fc (\u00c7ubuk)<\/td>\n<td data-start=\"3308\" data-end=\"3339\" data-col-size=\"md\">Ra 0,2 - 0,4 \u03bcm \u00f6nerilir<\/td>\n<\/tr>\n<tr data-start=\"3340\" data-end=\"3388\">\n<td data-start=\"3340\" data-end=\"3362\" data-col-size=\"sm\">Desteklenen Standartlar<\/td>\n<td data-start=\"3362\" data-end=\"3388\" data-col-size=\"md\">ISO profilleri mevcut<\/td>\n<\/tr>\n<\/tbody>\n<\/table>\n<\/div>\n<\/div>\n<h2 data-start=\"3395\" data-end=\"3426\"><strong data-start=\"3398\" data-end=\"3426\">Malzeme Se\u00e7im K\u0131lavuzu<\/strong><\/h2>\n<div class=\"TyagGW_tableContainer\">\n<div class=\"group TyagGW_tableWrapper flex flex-col-reverse w-fit\" tabindex=\"-1\">\n<table class=\"w-fit min-w-(--thread-content-width)\" data-start=\"3428\" data-end=\"3860\">\n<thead data-start=\"3428\" data-end=\"3467\">\n<tr data-start=\"3428\" data-end=\"3467\">\n<th data-start=\"3428\" data-end=\"3439\" data-col-size=\"sm\">Malzeme<\/th>\n<th data-start=\"3439\" data-end=\"3453\" data-col-size=\"sm\">Tipik Kullan\u0131m<\/th>\n<th data-start=\"3453\" data-end=\"3467\" data-col-size=\"sm\">Avantajlar<\/th>\n<\/tr>\n<\/thead>\n<tbody data-start=\"3482\" data-end=\"3860\">\n<tr data-start=\"3482\" data-end=\"3558\">\n<td data-start=\"3482\" data-end=\"3506\" data-col-size=\"sm\"><strong data-start=\"3484\" data-end=\"3505\">PU (Poli\u00fcretan)<\/strong><\/td>\n<td data-start=\"3506\" data-end=\"3529\" data-col-size=\"sm\">A\u011f\u0131r hizmet tipi silindirler<\/td>\n<td data-start=\"3529\" data-end=\"3558\" data-col-size=\"sm\">M\u00fckemmel a\u015f\u0131nma direnci<\/td>\n<\/tr>\n<tr data-start=\"3559\" data-end=\"3632\">\n<td data-start=\"3559\" data-end=\"3569\" data-col-size=\"sm\"><strong data-start=\"3561\" data-end=\"3568\">NBR<\/strong><\/td>\n<td data-start=\"3569\" data-end=\"3593\" data-col-size=\"sm\">Genel hidrolik ya\u011f\u0131<\/td>\n<td data-start=\"3593\" data-end=\"3632\" data-col-size=\"sm\">Uygun maliyetli, iyi ya\u011f direnci<\/td>\n<\/tr>\n<tr data-start=\"3633\" data-end=\"3706\">\n<td data-start=\"3633\" data-end=\"3651\" data-col-size=\"sm\"><strong data-start=\"3635\" data-end=\"3650\">FKM (Viton)<\/strong><\/td>\n<td data-start=\"3651\" data-end=\"3678\" data-col-size=\"sm\">Y\u00fcksek s\u0131cakl\u0131k sistemleri<\/td>\n<td data-start=\"3678\" data-end=\"3706\" data-col-size=\"sm\">\u00dcst\u00fcn \u0131s\u0131 direnci<\/td>\n<\/tr>\n<tr data-start=\"3707\" data-end=\"3781\">\n<td data-start=\"3707\" data-end=\"3718\" data-col-size=\"sm\"><strong data-start=\"3709\" data-end=\"3717\">PTFE<\/strong><\/td>\n<td data-start=\"3718\" data-end=\"3746\" data-col-size=\"sm\">D\u00fc\u015f\u00fck s\u00fcrt\u00fcnmeli uygulamalar<\/td>\n<td data-start=\"3746\" data-end=\"3781\" data-col-size=\"sm\">\u00dcst\u00fcn kimyasal diren\u00e7<\/td>\n<\/tr>\n<tr data-start=\"3782\" data-end=\"3860\">\n<td data-start=\"3782\" data-end=\"3803\" data-col-size=\"sm\"><strong data-start=\"3784\" data-end=\"3802\">PTFE Kompozit<\/strong><\/td>\n<td data-start=\"3803\" data-end=\"3828\" data-col-size=\"sm\">Y\u00fcksek y\u00fck ve y\u00fcksek h\u0131z<\/td>\n<td data-start=\"3828\" data-end=\"3860\" data-col-size=\"sm\">\u00c7ok d\u00fc\u015f\u00fck s\u00fcrt\u00fcnme, uzun \u00f6m\u00fcr<\/td>\n<\/tr>\n<\/tbody>\n<\/table>\n<\/div>\n<\/div>\n<h2 data-start=\"3867\" data-end=\"3890\"><strong data-start=\"3870\" data-end=\"3890\">Neden Wonzh'u Se\u00e7melisiniz<\/strong><\/h2>\n<ul data-start=\"3892\" data-end=\"4160\">\n<li data-start=\"3892\" data-end=\"3956\">\n<p data-start=\"3894\" data-end=\"3956\">Hammaddeden son denetime kadar s\u0131k\u0131 kalite kontrol\u00fc<\/p>\n<\/li>\n<li data-start=\"3957\" data-end=\"4008\">\n<p data-start=\"3959\" data-end=\"4008\">\u00c7ok \u00e7e\u015fitli standart ve \u00f6zel conta profilleri<\/p>\n<\/li>\n<li data-start=\"4009\" data-end=\"4069\">\n<p data-start=\"4011\" data-end=\"4069\">Yiv tasar\u0131m\u0131 ve conta se\u00e7imi i\u00e7in m\u00fchendislik deste\u011fi<\/p>\n<\/li>\n<li data-start=\"4070\" data-end=\"4122\">\n<p data-start=\"4072\" data-end=\"4122\">Zorlu \u00e7al\u0131\u015fma ortamlar\u0131nda istikrarl\u0131 performans<\/p>\n<\/li>\n<li data-start=\"4123\" data-end=\"4160\">\n<p data-start=\"4125\" data-end=\"4160\">G\u00fcvenilir k\u00fcresel tedarik kapasitesi<\/p>\n<\/li>\n<\/ul>\n<h2 data-start=\"4167\" data-end=\"4208\"><strong data-start=\"4170\" data-end=\"4206\">S\u0131k\u00e7a Sorulan Sorular (SSS)<\/strong><\/h2>\n<h3 data-start=\"4210\" data-end=\"4258\"><strong data-start=\"4214\" data-end=\"4256\">S1: Hidrolik salmastra ne i\u00e7in kullan\u0131l\u0131r?<\/strong><\/h3>\n<p data-start=\"4259\" data-end=\"4400\">Hidrolik conta, s\u0131v\u0131 s\u0131z\u0131nt\u0131s\u0131n\u0131 \u00f6nler ve hidrolik silindirler ve sistemlerdeki bas\u0131nc\u0131 korurken d\u00fczg\u00fcn ileri geri hareket sa\u011flar.<\/p>\n<h3 data-start=\"4402\" data-end=\"4472\"><strong data-start=\"4406\" data-end=\"4470\">S2: Piston ke\u00e7esi ile rot ke\u00e7esi aras\u0131ndaki fark nedir?<\/strong><\/h3>\n<ul data-start=\"4473\" data-end=\"4620\">\n<li data-start=\"4473\" data-end=\"4540\">\n<p data-start=\"4475\" data-end=\"4540\"><strong data-start=\"4475\" data-end=\"4491\">Piston contas\u0131:<\/strong> silindir i\u00e7inde i\u00e7 s\u0131z\u0131nt\u0131y\u0131 \u00f6nler.<\/p>\n<\/li>\n<li data-start=\"4541\" data-end=\"4620\">\n<p data-start=\"4543\" data-end=\"4620\"><strong data-start=\"4543\" data-end=\"4556\">\u00c7ubuk contas\u0131:<\/strong> silindirden \u00e7evreye harici s\u0131z\u0131nt\u0131y\u0131 \u00f6nler.<\/p>\n<\/li>\n<\/ul>\n<h3 data-start=\"4622\" data-end=\"4681\"><strong data-start=\"4626\" data-end=\"4679\">S3: Hidrolik contalar y\u00fcksek bas\u0131n\u00e7 alt\u0131nda \u00e7al\u0131\u015fabilir mi?<\/strong><\/h3>\n<p data-start=\"4682\" data-end=\"4785\">Evet. Uygun malzeme se\u00e7imi ve kanal tasar\u0131m\u0131yla, contalar\u0131m\u0131z a\u015fa\u011f\u0131dakilere kadar g\u00fcvenilir bir \u015fekilde \u00e7al\u0131\u015fabilir <strong data-start=\"4774\" data-end=\"4784\">40 MPa<\/strong>.<\/p>\n<h3 data-start=\"4787\" data-end=\"4832\"><strong data-start=\"4791\" data-end=\"4830\">S4: Hangi malzemeyi se\u00e7meliyim?<\/strong><\/h3>\n<ul data-start=\"4833\" data-end=\"4960\">\n<li data-start=\"4833\" data-end=\"4865\">\n<p data-start=\"4835\" data-end=\"4865\">A\u011f\u0131r hizmet tipi a\u015f\u0131nma i\u00e7in \u2192 <strong data-start=\"4857\" data-end=\"4863\">PU<\/strong><\/p>\n<\/li>\n<li data-start=\"4866\" data-end=\"4900\">\n<p data-start=\"4868\" data-end=\"4900\">Y\u00fcksek s\u0131cakl\u0131k i\u00e7in \u2192 <strong data-start=\"4891\" data-end=\"4898\">FKM<\/strong><\/p>\n<\/li>\n<li data-start=\"4901\" data-end=\"4932\">\n<p data-start=\"4903\" data-end=\"4932\">D\u00fc\u015f\u00fck s\u00fcrt\u00fcnme i\u00e7in \u2192 <strong data-start=\"4922\" data-end=\"4930\">PTFE<\/strong><\/p>\n<\/li>\n<li data-start=\"4933\" data-end=\"4960\">\n<p data-start=\"4935\" data-end=\"4960\">Genel kullan\u0131m i\u00e7in \u2192 <strong data-start=\"4953\" data-end=\"4960\">NBR<\/strong><\/p>\n<\/li>\n<\/ul>\n<h3 data-start=\"4962\" data-end=\"5004\"><strong data-start=\"4966\" data-end=\"5002\">S5: \u00d6zel \u00f6l\u00e7\u00fcler sa\u011fl\u0131yor musunuz?<\/strong><\/h3>\n<p data-start=\"5005\" data-end=\"5122\">Evet. Tam silindir boyutlar\u0131n\u0131za, bas\u0131n\u00e7, h\u0131z ve s\u0131cakl\u0131k gereksinimlerinize g\u00f6re contalar \u00fcretebiliriz.<\/p>","protected":false},"excerpt":{"rendered":"<p>Wonzh taraf\u0131ndan tedarik edilen Hidrolik Ke\u00e7eler, hidrolik silindirler, pompalar ve ak\u0131\u015fkan g\u00fcc\u00fc sistemlerinde s\u0131v\u0131 s\u0131z\u0131nt\u0131s\u0131n\u0131 \u00f6nlemek ve bas\u0131n\u00e7 stabilitesini korumak i\u00e7in tasarlanm\u0131\u015f hassas m\u00fchendislik \u00fcr\u00fcn\u00fc s\u0131zd\u0131rmazl\u0131k bile\u015fenleridir.<\/p>","protected":false},"featured_media":1496,"comment_status":"open","ping_status":"closed","template":"","meta":{"site-sidebar-layout":"default","site-content-layout":"","ast-site-content-layout":"default","site-content-style":"default","site-sidebar-style":"default","ast-global-header-display":"","ast-banner-title-visibility":"","ast-main-header-display":"","ast-hfb-above-header-display":"","ast-hfb-below-header-display":"","ast-hfb-mobile-header-display":"","site-post-title":"","ast-breadcrumbs-content":"","ast-featured-img":"","footer-sml-layout":"","ast-disable-related-posts":"","theme-transparent-header-meta":"default","adv-header-id-meta":"","stick-header-meta":"default","header-above-stick-meta":"","header-main-stick-meta":"","header-below-stick-meta":"","astra-migrate-meta-layouts":"set","ast-page-background-enabled":"default","ast-page-background-meta":{"desktop":{"background-color":"","background-image":"","background-repeat":"repeat","background-position":"center center","background-size":"auto","background-attachment":"scroll","background-type":"","background-media":"","overlay-type":"","overlay-color":"","overlay-opacity":"","overlay-gradient":""},"tablet":{"background-color":"","background-image":"","background-repeat":"repeat","background-position":"center center","background-size":"auto","background-attachment":"scroll","background-type":"","background-media":"","overlay-type":"","overlay-color":"","overlay-opacity":"","overlay-gradient":""},"mobile":{"background-color":"","background-image":"","background-repeat":"repeat","background-position":"center center","background-size":"auto","background-attachment":"scroll","background-type":"","background-media":"","overlay-type":"","overlay-color":"","overlay-opacity":"","overlay-gradient":""}},"ast-content-background-meta":{"desktop":{"background-color":"var(--ast-global-color-5)","background-image":"","background-repeat":"repeat","background-position":"center center","background-size":"auto","background-attachment":"scroll","background-type":"","background-media":"","overlay-type":"","overlay-color":"","overlay-opacity":"","overlay-gradient":""},"tablet":{"background-color":"var(--ast-global-color-5)","background-image":"","background-repeat":"repeat","background-position":"center center","background-size":"auto","background-attachment":"scroll","background-type":"","background-media":"","overlay-type":"","overlay-color":"","overlay-opacity":"","overlay-gradient":""},"mobile":{"background-color":"var(--ast-global-color-5)","background-image":"","background-repeat":"repeat","background-position":"center center","background-size":"auto","background-attachment":"scroll","background-type":"","background-media":"","overlay-type":"","overlay-color":"","overlay-opacity":"","overlay-gradient":""}}},"product_brand":[],"product_cat":[21],"product_tag":[230,214,237,233,236,229,195,235,203,190,232,226,234,231,227,228],"class_list":{"0":"post-1446","1":"product","2":"type-product","3":"status-publish","4":"has-post-thumbnail","6":"product_cat-sealing-parts-sealing-systems","7":"product_tag-backup-ring","8":"product_tag-china-seal-manufacturer","9":"product_tag-custom-hydraulic-seal","10":"product_tag-fkm-hydraulic-seal","11":"product_tag-fluid-power-seal","12":"product_tag-guide-ring","13":"product_tag-high-pressure-seal","14":"product_tag-hydraulic-cylinder-seal","15":"product_tag-hydraulic-seal","16":"product_tag-industrial-sealing","17":"product_tag-nbr-hydraulic-seal","18":"product_tag-piston-seal","19":"product_tag-ptfe-hydraulic-seal","20":"product_tag-pu-hydraulic-seal","21":"product_tag-rod-seal","22":"product_tag-wiper-seal","23":"desktop-align-left","24":"tablet-align-left","25":"mobile-align-left","27":"first","28":"instock","29":"shipping-taxable","30":"product-type-simple"},"_links":{"self":[{"href":"https:\/\/www.wonzh.com\/tr\/wp-json\/wp\/v2\/product\/1446","targetHints":{"allow":["GET"]}}],"collection":[{"href":"https:\/\/www.wonzh.com\/tr\/wp-json\/wp\/v2\/product"}],"about":[{"href":"https:\/\/www.wonzh.com\/tr\/wp-json\/wp\/v2\/types\/product"}],"replies":[{"embeddable":true,"href":"https:\/\/www.wonzh.com\/tr\/wp-json\/wp\/v2\/comments?post=1446"}],"wp:featuredmedia":[{"embeddable":true,"href":"https:\/\/www.wonzh.com\/tr\/wp-json\/wp\/v2\/media\/1496"}],"wp:attachment":[{"href":"https:\/\/www.wonzh.com\/tr\/wp-json\/wp\/v2\/media?parent=1446"}],"wp:term":[{"taxonomy":"product_brand","embeddable":true,"href":"https:\/\/www.wonzh.com\/tr\/wp-json\/wp\/v2\/product_brand?post=1446"},{"taxonomy":"product_cat","embeddable":true,"href":"https:\/\/www.wonzh.com\/tr\/wp-json\/wp\/v2\/product_cat?post=1446"},{"taxonomy":"product_tag","embeddable":true,"href":"https:\/\/www.wonzh.com\/tr\/wp-json\/wp\/v2\/product_tag?post=1446"}],"curies":[{"name":"wp","href":"https:\/\/api.w.org\/{rel}","templated":true}]}}