{"id":1436,"date":"2026-02-02T15:35:41","date_gmt":"2026-02-02T15:35:41","guid":{"rendered":"https:\/\/www.wonzh.com\/?post_type=product&#038;p=1436"},"modified":"2026-02-02T15:35:42","modified_gmt":"2026-02-02T15:35:42","slug":"industrial-pillow-block-bearings-for-heavy-machinery-and-equipment-support","status":"publish","type":"product","link":"https:\/\/www.wonzh.com\/tr\/product\/industrial-pillow-block-bearings-for-heavy-machinery-and-equipment-support\/","title":{"rendered":"A\u011f\u0131r Makine ve Ekipman Deste\u011fi i\u00e7in End\u00fcstriyel Yast\u0131k Blok Rulmanlar"},"content":{"rendered":"<p data-start=\"470\" data-end=\"809\">Wonzh taraf\u0131ndan tedarik edilen Yast\u0131k Blok Rulmanlar, end\u00fcstriyel makinelerdeki d\u00f6nen \u015faftlar i\u00e7in istikrarl\u0131 ve g\u00fcvenilir bir destek \u00e7\u00f6z\u00fcm\u00fc sa\u011flayan monte edilmi\u015f rulmanlard\u0131r. Entegre bir yuva ve kendinden hizalamal\u0131 yatak par\u00e7as\u0131 ile tasarlanan bu rulmanlar, montaj kolayl\u0131\u011f\u0131, y\u00fcksek y\u00fck ta\u015f\u0131ma kapasitesi ve a\u011f\u0131r hizmet ko\u015fullar\u0131 alt\u0131nda istikrarl\u0131 \u00e7al\u0131\u015fma sunar.<\/p>\n<p data-start=\"811\" data-end=\"1210\">Hassas i\u015fleme ve optimize edilmi\u015f \u0131s\u0131l i\u015flemle y\u00fcksek kaliteli rulman \u00e7eli\u011finden (GCr15 \/ AISI 52100 e\u015fde\u011feri) \u00fcretilen Wonzh yast\u0131k blok rulmanlar, tutarl\u0131 boyutsal do\u011fruluk, d\u00fc\u015f\u00fck s\u00fcrt\u00fcnme ve uzun hizmet \u00f6mr\u00fc sunar. Rulman u\u00e7lar\u0131 hafif hizalama bozukluklar\u0131na uyum sa\u011flayabilir ve toz, d\u00f6k\u00fcnt\u00fc ve kirlenmeye kar\u015f\u0131 koruma sa\u011flamak i\u00e7in standart ve s\u0131zd\u0131rmaz konfig\u00fcrasyonlarda mevcuttur.<\/p>\n<p data-start=\"1212\" data-end=\"1466\">Konvey\u00f6r sistemlerinde, malzeme ta\u015f\u0131ma ekipmanlar\u0131nda, pompalarda, fanlarda, kompres\u00f6rlerde ve genel end\u00fcstriyel makinelerde yayg\u0131n olarak kullan\u0131lan bu rulmanlar, bak\u0131m verimlili\u011fi, g\u00fcvenilirlik ve istikrarl\u0131 d\u00f6nme performans\u0131n\u0131n kritik oldu\u011fu uygulamalar i\u00e7in idealdir.<\/p>\n<h2 data-start=\"1473\" data-end=\"1492\"><strong data-start=\"1476\" data-end=\"1492\">Temel \u00d6zellikler<\/strong><\/h2>\n<ul data-start=\"1494\" data-end=\"1788\">\n<li data-start=\"1494\" data-end=\"1563\">\n<p data-start=\"1496\" data-end=\"1563\">Milin yanl\u0131\u015f hizalanmas\u0131n\u0131 telafi etmek i\u00e7in kendinden hizalamal\u0131 rulman eki<\/p>\n<\/li>\n<li data-start=\"1564\" data-end=\"1606\">\n<p data-start=\"1566\" data-end=\"1606\">G\u00fcvenli montaj i\u00e7in a\u011f\u0131r hizmet tipi muhafaza<\/p>\n<\/li>\n<li data-start=\"1607\" data-end=\"1644\">\n<p data-start=\"1609\" data-end=\"1644\">Y\u00fcksek y\u00fck kapasitesi ve dayan\u0131kl\u0131l\u0131k<\/p>\n<\/li>\n<li data-start=\"1645\" data-end=\"1697\">\n<p data-start=\"1647\" data-end=\"1697\">\u00c7e\u015fitli ortamlar i\u00e7in kapal\u0131 ve a\u00e7\u0131k se\u00e7enekler<\/p>\n<\/li>\n<li data-start=\"1698\" data-end=\"1735\">\n<p data-start=\"1700\" data-end=\"1735\">Kolay kurulum ve bak\u0131m<\/p>\n<\/li>\n<li data-start=\"1736\" data-end=\"1788\">\n<p data-start=\"1738\" data-end=\"1788\">\u00d6zelle\u015ftirilebilir g\u00f6vde malzemeleri ve rulman tipleri<\/p>\n<\/li>\n<\/ul>\n<h2 data-start=\"1795\" data-end=\"1822\"><strong data-start=\"1798\" data-end=\"1822\">Tipik Uygulamalar<\/strong><\/h2>\n<ul data-start=\"1824\" data-end=\"2033\">\n<li data-start=\"1824\" data-end=\"1866\">\n<p data-start=\"1826\" data-end=\"1866\">Konvey\u00f6r ve malzeme ta\u015f\u0131ma sistemleri<\/p>\n<\/li>\n<li data-start=\"1867\" data-end=\"1898\">\n<p data-start=\"1869\" data-end=\"1898\">End\u00fcstriyel fanlar ve \u00fcfleyiciler<\/p>\n<\/li>\n<li data-start=\"1899\" data-end=\"1924\">\n<p data-start=\"1901\" data-end=\"1924\">Pompalar ve kompres\u00f6rler<\/p>\n<\/li>\n<li data-start=\"1925\" data-end=\"1963\">\n<p data-start=\"1927\" data-end=\"1963\">Paketleme ve i\u015fleme makineleri<\/p>\n<\/li>\n<li data-start=\"1964\" data-end=\"2002\">\n<p data-start=\"1966\" data-end=\"2002\">A\u011f\u0131r ekipman ve montaj hatlar\u0131<\/p>\n<\/li>\n<li data-start=\"2003\" data-end=\"2033\">\n<p data-start=\"2005\" data-end=\"2033\">G\u00fc\u00e7 aktar\u0131m sistemleri<\/p>\n<\/li>\n<\/ul>\n<h2 data-start=\"2040\" data-end=\"2092\"><strong data-start=\"2043\" data-end=\"2090\">Teknik Parametreler (Temsili Aral\u0131k)<\/strong><\/h2>\n<div class=\"TyagGW_tableContainer\">\n<div class=\"group TyagGW_tableWrapper flex flex-col-reverse w-fit\" tabindex=\"-1\">\n<table class=\"w-fit min-w-(--thread-content-width)\" data-start=\"2094\" data-end=\"2702\">\n<thead data-start=\"2094\" data-end=\"2131\">\n<tr data-start=\"2094\" data-end=\"2131\">\n<th data-start=\"2094\" data-end=\"2106\" data-col-size=\"sm\">Parametre<\/th>\n<th data-start=\"2106\" data-end=\"2131\" data-col-size=\"md\">\u00d6zellikler \/ Aral\u0131k<\/th>\n<\/tr>\n<\/thead>\n<tbody data-start=\"2142\" data-end=\"2702\">\n<tr data-start=\"2142\" data-end=\"2199\">\n<td data-start=\"2142\" data-end=\"2157\" data-col-size=\"sm\">Rulman Tipi<\/td>\n<td data-start=\"2157\" data-end=\"2199\" data-col-size=\"md\">Yast\u0131k Blok Rulman (Monteli Rulman)<\/td>\n<\/tr>\n<tr data-start=\"2200\" data-end=\"2271\">\n<td data-start=\"2200\" data-end=\"2211\" data-col-size=\"sm\">Malzeme<\/td>\n<td data-start=\"2211\" data-end=\"2271\" data-col-size=\"md\">G\u00f6vde: D\u00f6kme Demir veya \u00c7elik; Rulman: GCr15 \/ AISI 52100<\/td>\n<\/tr>\n<tr data-start=\"2272\" data-end=\"2307\">\n<td data-start=\"2272\" data-end=\"2289\" data-col-size=\"sm\">Delik Boyutu (ID)<\/td>\n<td data-start=\"2289\" data-end=\"2307\" data-col-size=\"md\">12 mm - 100 mm<\/td>\n<\/tr>\n<tr data-start=\"2308\" data-end=\"2360\">\n<td data-start=\"2308\" data-end=\"2323\" data-col-size=\"sm\">Konut Tipi<\/td>\n<td data-start=\"2323\" data-end=\"2360\" data-col-size=\"md\">UCP, UCF, UCFL veya \u00f6zel tasar\u0131mlar<\/td>\n<\/tr>\n<tr data-start=\"2361\" data-end=\"2402\">\n<td data-start=\"2361\" data-end=\"2373\" data-col-size=\"sm\">Y\u00fck Tipi<\/td>\n<td data-start=\"2373\" data-end=\"2402\" data-col-size=\"md\">Radyal + Eksenel (orta)<\/td>\n<\/tr>\n<tr data-start=\"2403\" data-end=\"2467\">\n<td data-start=\"2403\" data-end=\"2422\" data-col-size=\"sm\">H\u0131z Kapasitesi<\/td>\n<td data-start=\"2422\" data-end=\"2467\" data-col-size=\"md\">Orta h\u0131z (delik ve y\u00fcke ba\u011fl\u0131)<\/td>\n<\/tr>\n<tr data-start=\"2468\" data-end=\"2511\">\n<td data-start=\"2468\" data-end=\"2492\" data-col-size=\"sm\">\u00c7al\u0131\u015fma S\u0131cakl\u0131\u011f\u0131<\/td>\n<td data-start=\"2492\" data-end=\"2511\" data-col-size=\"md\">-20\u00b0C ila +120\u00b0C<\/td>\n<\/tr>\n<tr data-start=\"2512\" data-end=\"2582\">\n<td data-start=\"2512\" data-end=\"2529\" data-col-size=\"sm\">Rulman Ek Par\u00e7as\u0131<\/td>\n<td data-start=\"2529\" data-end=\"2582\" data-col-size=\"md\">Tek s\u0131ral\u0131 bilyal\u0131 rulman \/ Oynak makaral\u0131 insert<\/td>\n<\/tr>\n<tr data-start=\"2583\" data-end=\"2649\">\n<td data-start=\"2583\" data-end=\"2601\" data-col-size=\"sm\">S\u0131zd\u0131rmazl\u0131k Se\u00e7enekleri<\/td>\n<td data-start=\"2601\" data-end=\"2649\" data-col-size=\"md\">A\u00e7\u0131k \/ 2RS (kau\u00e7uk conta) \/ ZZ (metal kalkan)<\/td>\n<\/tr>\n<tr data-start=\"2650\" data-end=\"2702\">\n<td data-start=\"2650\" data-end=\"2664\" data-col-size=\"sm\">Ya\u011flama<\/td>\n<td data-start=\"2664\" data-end=\"2702\" data-col-size=\"md\">Gres (standart) \/ Ya\u011f (iste\u011fe ba\u011fl\u0131)<\/td>\n<\/tr>\n<\/tbody>\n<\/table>\n<\/div>\n<\/div>\n<h2 data-start=\"2709\" data-end=\"2745\"><strong data-start=\"2712\" data-end=\"2745\">Temsili Model \u00d6rnekleri<\/strong><\/h2>\n<div class=\"TyagGW_tableContainer\">\n<div class=\"group TyagGW_tableWrapper flex flex-col-reverse w-fit\" tabindex=\"-1\">\n<table class=\"w-fit min-w-(--thread-content-width)\" data-start=\"2747\" data-end=\"3157\">\n<thead data-start=\"2747\" data-end=\"2788\">\n<tr data-start=\"2747\" data-end=\"2788\">\n<th data-start=\"2747\" data-end=\"2756\" data-col-size=\"sm\">Seri<\/th>\n<th data-start=\"2756\" data-end=\"2773\" data-col-size=\"sm\">\u00d6rnek Modeller<\/th>\n<th data-start=\"2773\" data-end=\"2788\" data-col-size=\"sm\">Tipik Kullan\u0131m<\/th>\n<\/tr>\n<\/thead>\n<tbody data-start=\"2803\" data-end=\"3157\">\n<tr data-start=\"2803\" data-end=\"2876\">\n<td data-start=\"2803\" data-end=\"2816\" data-col-size=\"sm\">UCP Serisi<\/td>\n<td data-start=\"2816\" data-end=\"2841\" data-col-size=\"sm\">UCP205, UCP206, UCP207<\/td>\n<td data-start=\"2841\" data-end=\"2876\" data-col-size=\"sm\">Hafif ila orta konvey\u00f6rler, fanlar<\/td>\n<\/tr>\n<tr data-start=\"2877\" data-end=\"2944\">\n<td data-start=\"2877\" data-end=\"2890\" data-col-size=\"sm\">UCF Serisi<\/td>\n<td data-start=\"2890\" data-end=\"2907\" data-col-size=\"sm\">UCF208, UCF209<\/td>\n<td data-start=\"2907\" data-end=\"2944\" data-col-size=\"sm\">A\u011f\u0131r i\u015f makineleri, kompres\u00f6rler<\/td>\n<\/tr>\n<tr data-start=\"2945\" data-end=\"3020\">\n<td data-start=\"2945\" data-end=\"2959\" data-col-size=\"sm\">UCFL Serisi<\/td>\n<td data-start=\"2959\" data-end=\"2978\" data-col-size=\"sm\">UCFL210, UCFL211<\/td>\n<td data-start=\"2978\" data-end=\"3020\" data-col-size=\"sm\">End\u00fcstriyel i\u015fleme, paketleme hatlar\u0131<\/td>\n<\/tr>\n<tr data-start=\"3021\" data-end=\"3080\">\n<td data-start=\"3021\" data-end=\"3034\" data-col-size=\"sm\">UCT Serisi<\/td>\n<td data-start=\"3034\" data-end=\"3051\" data-col-size=\"sm\">UCT212, UCT213<\/td>\n<td data-start=\"3051\" data-end=\"3080\" data-col-size=\"sm\">Madencilik, malzeme ta\u015f\u0131ma<\/td>\n<\/tr>\n<tr data-start=\"3081\" data-end=\"3157\">\n<td data-start=\"3081\" data-end=\"3097\" data-col-size=\"sm\">\u00d6zel Seri<\/td>\n<td data-start=\"3097\" data-end=\"3123\" data-col-size=\"sm\">\u00d6zel delik ve g\u00f6vde<\/td>\n<td data-start=\"3123\" data-end=\"3157\" data-col-size=\"sm\">\u00d6zel makine uygulamalar\u0131<\/td>\n<\/tr>\n<\/tbody>\n<\/table>\n<\/div>\n<\/div>\n<p data-start=\"3159\" data-end=\"3249\"><strong data-start=\"3159\" data-end=\"3168\">Not:<\/strong> Ek boyutlar, g\u00f6vde tasar\u0131mlar\u0131 ve rulman tipleri talep \u00fczerine temin edilebilir.<\/p>\n<h2 data-start=\"3256\" data-end=\"3279\"><strong data-start=\"3259\" data-end=\"3279\">Neden Wonzh'u Se\u00e7melisiniz<\/strong><\/h2>\n<ul data-start=\"3281\" data-end=\"3651\">\n<li data-start=\"3281\" data-end=\"3354\">\n<p data-start=\"3283\" data-end=\"3354\">Stabilite ve dayan\u0131kl\u0131l\u0131k i\u00e7in y\u00fcksek kaliteli d\u00f6kme demir veya \u00e7elik muhafazalar<\/p>\n<\/li>\n<li data-start=\"3355\" data-end=\"3421\">\n<p data-start=\"3357\" data-end=\"3421\">D\u00fc\u015f\u00fck s\u00fcrt\u00fcnmeli ve uzun \u00f6m\u00fcrl\u00fc hassas rulmanlar<\/p>\n<\/li>\n<li data-start=\"3422\" data-end=\"3483\">\n<p data-start=\"3424\" data-end=\"3483\">\u015eaft hizas\u0131zl\u0131\u011f\u0131n\u0131n telafisi i\u00e7in kendinden hizalamal\u0131 kesici u\u00e7lar<\/p>\n<\/li>\n<li data-start=\"3484\" data-end=\"3534\">\n<p data-start=\"3486\" data-end=\"3534\">Zorlu ortamlar i\u00e7in s\u0131zd\u0131rmaz ve a\u00e7\u0131k se\u00e7enekler<\/p>\n<\/li>\n<li data-start=\"3535\" data-end=\"3603\">\n<p data-start=\"3537\" data-end=\"3603\">Kurulum, se\u00e7im ve \u00f6zelle\u015ftirme i\u00e7in teknik destek<\/p>\n<\/li>\n<li data-start=\"3604\" data-end=\"3651\">\n<p data-start=\"3606\" data-end=\"3651\">G\u00fcvenilir k\u00fcresel tedarik ve zaman\u0131nda teslimat<\/p>\n<\/li>\n<\/ul>\n<h2 data-start=\"3658\" data-end=\"3699\"><strong data-start=\"3661\" data-end=\"3697\">S\u0131k\u00e7a Sorulan Sorular (SSS)<\/strong><\/h2>\n<h3 data-start=\"3701\" data-end=\"3755\"><strong data-start=\"3705\" data-end=\"3753\">S1: Yast\u0131k blok rulman ne i\u00e7in kullan\u0131l\u0131r?<\/strong><\/h3>\n<p data-start=\"3756\" data-end=\"3895\">Yast\u0131k blok rulmanlar konvey\u00f6rler, fanlar, pompalar, kompres\u00f6rler ve genel end\u00fcstriyel makinelerdeki d\u00f6nen \u015faftlar i\u00e7in monte edilmi\u015f destek sa\u011flar.<\/p>\n<h3 data-start=\"3897\" data-end=\"3955\"><strong data-start=\"3901\" data-end=\"3953\">S2: Bu rulmanlar yanl\u0131\u015f hizalamay\u0131 kar\u015f\u0131layabilir mi?<\/strong><\/h3>\n<p data-start=\"3956\" data-end=\"4072\">Evet. Yast\u0131k blok rulmanlar tipik olarak k\u00fc\u00e7\u00fck \u015faft ka\u00e7\u0131kl\u0131klar\u0131n\u0131 telafi edebilen kendinden hizalamal\u0131 kesici u\u00e7lar i\u00e7erir.<\/p>\n<h3 data-start=\"4074\" data-end=\"4121\"><strong data-start=\"4078\" data-end=\"4119\">S3: Hangi konut tipleri mevcut?<\/strong><\/h3>\n<p data-start=\"4122\" data-end=\"4242\">Standart tipler UCP, UCF, UCFL ve UCT serilerini i\u00e7erir. \u00d6zel makine uygulamalar\u0131 i\u00e7in \u00f6zel muhafazalar mevcuttur.<\/p>\n<h3 data-start=\"4244\" data-end=\"4288\"><strong data-start=\"4248\" data-end=\"4286\">S4: Ke\u00e7eli rulmanlar mevcut mu?<\/strong><\/h3>\n<p data-start=\"4289\" data-end=\"4405\">Evet. Ortama ve uygulamaya ba\u011fl\u0131 olarak s\u0131zd\u0131rmaz (2RS kau\u00e7uk conta veya ZZ metal kalkan) ve a\u00e7\u0131k se\u00e7enekler sunuyoruz.<\/p>\n<h3 data-start=\"4407\" data-end=\"4471\"><strong data-start=\"4411\" data-end=\"4469\">S5: Delik boyutlar\u0131n\u0131 veya g\u00f6vde malzemelerini \u00f6zelle\u015ftirebilir misiniz?<\/strong><\/h3>\n<p data-start=\"4472\" data-end=\"4589\">Evet. Wonzh, uygulamaya \u00f6zel gereksinimleri kar\u015f\u0131lamak i\u00e7in \u00f6zel delik boyutlar\u0131n\u0131, g\u00f6vde malzemelerini ve kesici u\u00e7 t\u00fcrlerini destekler.<\/p>","protected":false},"excerpt":{"rendered":"<p>Wonzh taraf\u0131ndan tedarik edilen Yast\u0131k Blok Rulmanlar, end\u00fcstriyel makinelerdeki d\u00f6nen \u015faftlar i\u00e7in istikrarl\u0131 ve g\u00fcvenilir bir destek \u00e7\u00f6z\u00fcm\u00fc sa\u011flayan monte edilmi\u015f rulmanlard\u0131r. Entegre bir yuva ve kendinden hizalamal\u0131 yatak par\u00e7as\u0131 ile tasarlanan bu rulmanlar, montaj kolayl\u0131\u011f\u0131, y\u00fcksek y\u00fck ta\u015f\u0131ma kapasitesi ve a\u011f\u0131r hizmet ko\u015fullar\u0131 alt\u0131nda istikrarl\u0131 \u00e7al\u0131\u015fma sunar.<\/p>","protected":false},"featured_media":1438,"comment_status":"open","ping_status":"closed","template":"","meta":{"site-sidebar-layout":"default","site-content-layout":"","ast-site-content-layout":"default","site-content-style":"default","site-sidebar-style":"default","ast-global-header-display":"","ast-banner-title-visibility":"","ast-main-header-display":"","ast-hfb-above-header-display":"","ast-hfb-below-header-display":"","ast-hfb-mobile-header-display":"","site-post-title":"","ast-breadcrumbs-content":"","ast-featured-img":"","footer-sml-layout":"","ast-disable-related-posts":"","theme-transparent-header-meta":"default","adv-header-id-meta":"","stick-header-meta":"default","header-above-stick-meta":"","header-main-stick-meta":"","header-below-stick-meta":"","astra-migrate-meta-layouts":"set","ast-page-background-enabled":"default","ast-page-background-meta":{"desktop":{"background-color":"","background-image":"","background-repeat":"repeat","background-position":"center center","background-size":"auto","background-attachment":"scroll","background-type":"","background-media":"","overlay-type":"","overlay-color":"","overlay-opacity":"","overlay-gradient":""},"tablet":{"background-color":"","background-image":"","background-repeat":"repeat","background-position":"center center","background-size":"auto","background-attachment":"scroll","background-type":"","background-media":"","overlay-type":"","overlay-color":"","overlay-opacity":"","overlay-gradient":""},"mobile":{"background-color":"","background-image":"","background-repeat":"repeat","background-position":"center center","background-size":"auto","background-attachment":"scroll","background-type":"","background-media":"","overlay-type":"","overlay-color":"","overlay-opacity":"","overlay-gradient":""}},"ast-content-background-meta":{"desktop":{"background-color":"var(--ast-global-color-5)","background-image":"","background-repeat":"repeat","background-position":"center center","background-size":"auto","background-attachment":"scroll","background-type":"","background-media":"","overlay-type":"","overlay-color":"","overlay-opacity":"","overlay-gradient":""},"tablet":{"background-color":"var(--ast-global-color-5)","background-image":"","background-repeat":"repeat","background-position":"center center","background-size":"auto","background-attachment":"scroll","background-type":"","background-media":"","overlay-type":"","overlay-color":"","overlay-opacity":"","overlay-gradient":""},"mobile":{"background-color":"var(--ast-global-color-5)","background-image":"","background-repeat":"repeat","background-position":"center center","background-size":"auto","background-attachment":"scroll","background-type":"","background-media":"","overlay-type":"","overlay-color":"","overlay-opacity":"","overlay-gradient":""}}},"product_brand":[],"product_cat":[15],"product_tag":[140,148,174,172,144,173,139,171,136,167,153,166,149,156,169,170,168],"class_list":{"0":"post-1436","1":"product","2":"type-product","3":"status-publish","4":"has-post-thumbnail","6":"product_cat-bearings-bearing-components","7":"product_tag-aisi-52100-bearing","8":"product_tag-bearing-manufacturer-china","9":"product_tag-compressor-bearing","10":"product_tag-conveyor-bearing","11":"product_tag-custom-bearings","12":"product_tag-fan-bearing","13":"product_tag-gcr15-bearing","14":"product_tag-heavy-machinery-bearing","15":"product_tag-industrial-bearings","16":"product_tag-mounted-bearing","17":"product_tag-oem-bearings","18":"product_tag-pillow-block-bearing","19":"product_tag-precision-bearings","20":"product_tag-self-aligning-bearing","21":"product_tag-ucf-bearing","22":"product_tag-ucfl-bearing","23":"product_tag-ucp-bearing","24":"desktop-align-left","25":"tablet-align-left","26":"mobile-align-left","28":"first","29":"instock","30":"shipping-taxable","31":"product-type-simple"},"_links":{"self":[{"href":"https:\/\/www.wonzh.com\/tr\/wp-json\/wp\/v2\/product\/1436","targetHints":{"allow":["GET"]}}],"collection":[{"href":"https:\/\/www.wonzh.com\/tr\/wp-json\/wp\/v2\/product"}],"about":[{"href":"https:\/\/www.wonzh.com\/tr\/wp-json\/wp\/v2\/types\/product"}],"replies":[{"embeddable":true,"href":"https:\/\/www.wonzh.com\/tr\/wp-json\/wp\/v2\/comments?post=1436"}],"wp:featuredmedia":[{"embeddable":true,"href":"https:\/\/www.wonzh.com\/tr\/wp-json\/wp\/v2\/media\/1438"}],"wp:attachment":[{"href":"https:\/\/www.wonzh.com\/tr\/wp-json\/wp\/v2\/media?parent=1436"}],"wp:term":[{"taxonomy":"product_brand","embeddable":true,"href":"https:\/\/www.wonzh.com\/tr\/wp-json\/wp\/v2\/product_brand?post=1436"},{"taxonomy":"product_cat","embeddable":true,"href":"https:\/\/www.wonzh.com\/tr\/wp-json\/wp\/v2\/product_cat?post=1436"},{"taxonomy":"product_tag","embeddable":true,"href":"https:\/\/www.wonzh.com\/tr\/wp-json\/wp\/v2\/product_tag?post=1436"}],"curies":[{"name":"wp","href":"https:\/\/api.w.org\/{rel}","templated":true}]}}