{"id":1428,"date":"2026-02-02T14:54:21","date_gmt":"2026-02-02T14:54:21","guid":{"rendered":"https:\/\/www.wonzh.com\/?post_type=product&#038;p=1428"},"modified":"2026-02-02T15:07:33","modified_gmt":"2026-02-02T15:07:33","slug":"industrial-tapered-roller-bearings-for-heavy-load-and-high-reliability-applications","status":"publish","type":"product","link":"https:\/\/www.wonzh.com\/tr\/product\/industrial-tapered-roller-bearings-for-heavy-load-and-high-reliability-applications\/","title":{"rendered":"A\u011f\u0131r Y\u00fck ve Y\u00fcksek G\u00fcvenilirlik Uygulamalar\u0131 i\u00e7in End\u00fcstriyel Konik Makaral\u0131 Rulmanlar"},"content":{"rendered":"<p data-start=\"588\" data-end=\"902\">Wonzh taraf\u0131ndan tedarik edilen Konik Makaral\u0131 Rulmanlar, tek y\u00f6nde hem radyal hem de eksenel y\u00fckleri ta\u015f\u0131mak i\u00e7in tasarlanm\u0131\u015f hassas m\u00fchendislik \u00fcr\u00fcn\u00fc rulmanlard\u0131r. Konik geometrileri sayesinde bu rulmanlar, a\u011f\u0131r \u00e7al\u0131\u015fma ko\u015fullar\u0131 alt\u0131nda m\u00fckemmel y\u00fck ta\u015f\u0131ma kapasitesi, y\u00fcksek sertlik ve \u00fcst\u00fcn dayan\u0131kl\u0131l\u0131k sa\u011flar.<\/p>\n<p data-start=\"904\" data-end=\"1327\">GCr15 (AISI 52100 e\u015fde\u011feri) gibi y\u00fcksek kaliteli rulman \u00e7eli\u011finden \u00fcretilen ve geli\u015fmi\u015f \u0131s\u0131l i\u015flem ve hassas ta\u015flama ile i\u015flenen Wonzh konik makaral\u0131 rulmanlar, tutarl\u0131 boyutsal do\u011fruluk, g\u00fcvenilir performans ve uzun hizmet \u00f6mr\u00fc sunar. Otomotiv akslar\u0131nda, di\u015fli kutular\u0131nda, in\u015faat makinelerinde, madencilik ekipmanlar\u0131nda, end\u00fcstriyel \u015fanz\u0131manlarda ve a\u011f\u0131r d\u00f6nen makinelerde yayg\u0131n olarak kullan\u0131l\u0131rlar.<\/p>\n<p data-start=\"1329\" data-end=\"1611\">Deneyimli bir end\u00fcstriyel bile\u015fen tedarik\u00e7isi olarak Wonzh, hem standart hem de \u00f6zelle\u015ftirilmi\u015f konik makaral\u0131 rulmanlar sunmaktad\u0131r. M\u00fchendislik ekibimiz, ger\u00e7ek d\u00fcnyadaki uygulamalarda performans\u0131 optimize etmek i\u00e7in uygun boyutlar\u0131, bo\u015fluklar\u0131, malzemeleri ve konfig\u00fcrasyonlar\u0131 se\u00e7me konusunda m\u00fc\u015fterileri destekler.<\/p>\n<h2 data-start=\"1618\" data-end=\"1637\"><strong data-start=\"1621\" data-end=\"1637\">Temel \u00d6zellikler<\/strong><\/h2>\n<ul data-start=\"1639\" data-end=\"1918\">\n<li data-start=\"1639\" data-end=\"1683\">\n<p data-start=\"1641\" data-end=\"1683\">M\u00fckemmel radyal ve eksenel y\u00fck kapasitesi<\/p>\n<\/li>\n<li data-start=\"1684\" data-end=\"1726\">\n<p data-start=\"1686\" data-end=\"1726\">Y\u00fcksek rijitlik ve yap\u0131sal stabilite<\/p>\n<\/li>\n<li data-start=\"1727\" data-end=\"1774\">\n<p data-start=\"1729\" data-end=\"1774\">\u015eok ve darbe y\u00fcklerine kar\u015f\u0131 g\u00fc\u00e7l\u00fc diren\u00e7<\/p>\n<\/li>\n<li data-start=\"1775\" data-end=\"1831\">\n<p data-start=\"1777\" data-end=\"1831\">A\u011f\u0131r hizmet ve y\u00fcksek tork uygulamalar\u0131 i\u00e7in uygundur<\/p>\n<\/li>\n<li data-start=\"1832\" data-end=\"1877\">\n<p data-start=\"1834\" data-end=\"1877\">Do\u011fru ya\u011flama ile uzun hizmet \u00f6mr\u00fc<\/p>\n<\/li>\n<li data-start=\"1878\" data-end=\"1918\">\n<p data-start=\"1880\" data-end=\"1918\">\u00d6zel boyutlar ve malzemeler mevcuttur<\/p>\n<\/li>\n<\/ul>\n<h2 data-start=\"1925\" data-end=\"1952\"><strong data-start=\"1928\" data-end=\"1952\">Tipik Uygulamalar<\/strong><\/h2>\n<ul data-start=\"1954\" data-end=\"2180\">\n<li data-start=\"1954\" data-end=\"1989\">\n<p data-start=\"1956\" data-end=\"1989\">Otomotiv akslar\u0131 ve tekerlek g\u00f6bekleri<\/p>\n<\/li>\n<li data-start=\"1990\" data-end=\"2016\">\n<p data-start=\"1992\" data-end=\"2016\">Red\u00fckt\u00f6rler ve red\u00fckt\u00f6rler<\/p>\n<\/li>\n<li data-start=\"2017\" data-end=\"2054\">\n<p data-start=\"2019\" data-end=\"2054\">Madencilik ve in\u015faat makineleri<\/p>\n<\/li>\n<li data-start=\"2055\" data-end=\"2083\">\n<p data-start=\"2057\" data-end=\"2083\">End\u00fcstriyel \u015fanz\u0131manlar<\/p>\n<\/li>\n<li data-start=\"2084\" data-end=\"2132\">\n<p data-start=\"2086\" data-end=\"2132\">A\u011f\u0131r ekipman ve g\u00fc\u00e7 \u00fcretim sistemleri<\/p>\n<\/li>\n<li data-start=\"2133\" data-end=\"2180\">\n<p data-start=\"2135\" data-end=\"2180\">\u00c7elik fabrikalar\u0131 ve malzeme ta\u015f\u0131ma ekipmanlar\u0131<\/p>\n<\/li>\n<\/ul>\n<h2 data-start=\"2187\" data-end=\"2239\"><strong data-start=\"2190\" data-end=\"2237\">Teknik Parametreler (Temsili Aral\u0131k)<\/strong><\/h2>\n<div class=\"TyagGW_tableContainer\">\n<div class=\"group TyagGW_tableWrapper flex flex-col-reverse w-fit\" tabindex=\"-1\">\n<table class=\"w-fit min-w-(--thread-content-width)\" data-start=\"2241\" data-end=\"2765\">\n<thead data-start=\"2241\" data-end=\"2278\">\n<tr data-start=\"2241\" data-end=\"2278\">\n<th data-start=\"2241\" data-end=\"2253\" data-col-size=\"sm\">Parametre<\/th>\n<th data-start=\"2253\" data-end=\"2278\" data-col-size=\"md\">\u00d6zellikler \/ Aral\u0131k<\/th>\n<\/tr>\n<\/thead>\n<tbody data-start=\"2289\" data-end=\"2765\">\n<tr data-start=\"2289\" data-end=\"2330\">\n<td data-start=\"2289\" data-end=\"2304\" data-col-size=\"sm\">Rulman Tipi<\/td>\n<td data-col-size=\"md\" data-start=\"2304\" data-end=\"2330\">Konik Makaral\u0131 Rulman<\/td>\n<\/tr>\n<tr data-start=\"2331\" data-end=\"2398\">\n<td data-start=\"2331\" data-end=\"2342\" data-col-size=\"sm\">Malzeme<\/td>\n<td data-col-size=\"md\" data-start=\"2342\" data-end=\"2398\">GCr15 (AISI 52100 e\u015fde\u011feri) veya \u00f6zel ala\u015f\u0131ml\u0131 \u00e7elik<\/td>\n<\/tr>\n<tr data-start=\"2399\" data-end=\"2434\">\n<td data-start=\"2399\" data-end=\"2416\" data-col-size=\"sm\">Delik Boyutu (ID)<\/td>\n<td data-start=\"2416\" data-end=\"2434\" data-col-size=\"md\">20 mm - 300 mm<\/td>\n<\/tr>\n<tr data-start=\"2435\" data-end=\"2475\">\n<td data-start=\"2435\" data-end=\"2457\" data-col-size=\"sm\">D\u0131\u015f \u00c7ap (OD)<\/td>\n<td data-start=\"2457\" data-end=\"2475\" data-col-size=\"md\">47 mm - 600 mm<\/td>\n<\/tr>\n<tr data-start=\"2476\" data-end=\"2522\">\n<td data-start=\"2476\" data-end=\"2488\" data-col-size=\"sm\">Y\u00fck Tipi<\/td>\n<td data-start=\"2488\" data-end=\"2522\" data-col-size=\"md\">Radyal + Eksenel (tek y\u00f6n)<\/td>\n<\/tr>\n<tr data-start=\"2523\" data-end=\"2575\">\n<td data-start=\"2523\" data-end=\"2542\" data-col-size=\"sm\">H\u0131z Kapasitesi<\/td>\n<td data-start=\"2542\" data-end=\"2575\" data-col-size=\"md\">Orta h\u0131z (y\u00fcke ba\u011fl\u0131)<\/td>\n<\/tr>\n<tr data-start=\"2576\" data-end=\"2619\">\n<td data-start=\"2576\" data-end=\"2600\" data-col-size=\"sm\">\u00c7al\u0131\u015fma S\u0131cakl\u0131\u011f\u0131<\/td>\n<td data-start=\"2600\" data-end=\"2619\" data-col-size=\"md\">-20\u00b0C ila +120\u00b0C<\/td>\n<\/tr>\n<tr data-start=\"2620\" data-end=\"2669\">\n<td data-start=\"2620\" data-end=\"2632\" data-col-size=\"sm\">G\u00fcmr\u00fckleme<\/td>\n<td data-start=\"2632\" data-end=\"2669\" data-col-size=\"md\">Uygulamaya g\u00f6re \u00f6zelle\u015ftirilebilir<\/td>\n<\/tr>\n<tr data-start=\"2670\" data-end=\"2733\">\n<td data-start=\"2670\" data-end=\"2686\" data-col-size=\"sm\">Konfig\u00fcrasyon<\/td>\n<td data-start=\"2686\" data-end=\"2733\" data-col-size=\"md\">Tek s\u0131ral\u0131, \u00e7ift s\u0131ral\u0131 veya \u00e7ift s\u0131ral\u0131 mevcuttur<\/td>\n<\/tr>\n<tr data-start=\"2734\" data-end=\"2765\">\n<td data-start=\"2734\" data-end=\"2748\" data-col-size=\"sm\">Ya\u011flama<\/td>\n<td data-start=\"2748\" data-end=\"2765\" data-col-size=\"md\">Gres veya ya\u011f<\/td>\n<\/tr>\n<\/tbody>\n<\/table>\n<\/div>\n<\/div>\n<h2 data-start=\"2772\" data-end=\"2808\"><strong data-start=\"2775\" data-end=\"2808\">Temsili Model \u00d6rnekleri<\/strong><\/h2>\n<p data-start=\"2810\" data-end=\"2871\"><em data-start=\"2810\" data-end=\"2871\">(Sadece referans i\u00e7indir - tam katalog talep \u00fczerine temin edilebilir)<\/em><\/p>\n<div class=\"TyagGW_tableContainer\">\n<div class=\"group TyagGW_tableWrapper flex flex-col-reverse w-fit\" tabindex=\"-1\">\n<table class=\"w-fit min-w-(--thread-content-width)\" data-start=\"2873\" data-end=\"3217\">\n<thead data-start=\"2873\" data-end=\"2914\">\n<tr data-start=\"2873\" data-end=\"2914\">\n<th data-start=\"2873\" data-end=\"2882\" data-col-size=\"sm\">Seri<\/th>\n<th data-start=\"2882\" data-end=\"2899\" data-col-size=\"sm\">\u00d6rnek Modeller<\/th>\n<th data-start=\"2899\" data-end=\"2914\" data-col-size=\"sm\">Tipik Kullan\u0131m<\/th>\n<\/tr>\n<\/thead>\n<tbody data-start=\"2929\" data-end=\"3217\">\n<tr data-start=\"2929\" data-end=\"2993\">\n<td data-start=\"2929\" data-end=\"2942\" data-col-size=\"sm\">302 Serisi<\/td>\n<td data-start=\"2942\" data-end=\"2964\" data-col-size=\"sm\">30205, 30206, 30208<\/td>\n<td data-start=\"2964\" data-end=\"2993\" data-col-size=\"sm\">Hafif ila orta \u00f6l\u00e7ekli makineler<\/td>\n<\/tr>\n<tr data-start=\"2994\" data-end=\"3050\">\n<td data-start=\"2994\" data-end=\"3007\" data-col-size=\"sm\">303 Serisi<\/td>\n<td data-start=\"3007\" data-end=\"3022\" data-col-size=\"sm\">30306, 30308<\/td>\n<td data-start=\"3022\" data-end=\"3050\" data-col-size=\"sm\">End\u00fcstriyel \u015fanz\u0131manlar<\/td>\n<\/tr>\n<tr data-start=\"3051\" data-end=\"3103\">\n<td data-start=\"3051\" data-end=\"3064\" data-col-size=\"sm\">322 Serisi<\/td>\n<td data-col-size=\"sm\" data-start=\"3064\" data-end=\"3079\">32208, 32210<\/td>\n<td data-col-size=\"sm\" data-start=\"3079\" data-end=\"3103\">A\u011f\u0131r hizmet tipi di\u015fli kutular\u0131<\/td>\n<\/tr>\n<tr data-start=\"3104\" data-end=\"3162\">\n<td data-start=\"3104\" data-end=\"3117\" data-col-size=\"sm\">323 Serisi<\/td>\n<td data-start=\"3117\" data-end=\"3132\" data-col-size=\"sm\">32308, 32310<\/td>\n<td data-start=\"3132\" data-end=\"3162\" data-col-size=\"sm\">Madencilik ve \u00e7elik ekipmanlar\u0131<\/td>\n<\/tr>\n<tr data-start=\"3163\" data-end=\"3217\">\n<td data-start=\"3163\" data-end=\"3176\" data-col-size=\"sm\">329 Serisi<\/td>\n<td data-start=\"3176\" data-end=\"3191\" data-col-size=\"sm\">32908, 32910<\/td>\n<td data-start=\"3191\" data-end=\"3217\" data-col-size=\"sm\">Y\u00fcksek y\u00fck uygulamalar\u0131<\/td>\n<\/tr>\n<\/tbody>\n<\/table>\n<\/div>\n<\/div>\n<p data-start=\"3219\" data-end=\"3311\"><strong data-start=\"3219\" data-end=\"3228\">Not:<\/strong> Ek boyutlar, malzemeler ve e\u015fle\u015ftirilmi\u015f konfig\u00fcrasyonlar talep \u00fczerine temin edilebilir.<\/p>\n<h2 data-start=\"3318\" data-end=\"3341\"><strong data-start=\"3321\" data-end=\"3341\">Neden Wonzh'u Se\u00e7melisiniz<\/strong><\/h2>\n<ul data-start=\"3343\" data-end=\"3637\">\n<li data-start=\"3343\" data-end=\"3407\">\n<p data-start=\"3345\" data-end=\"3407\">Hammaddeden son denetime kadar s\u0131k\u0131 kalite kontrol\u00fc<\/p>\n<\/li>\n<li data-start=\"3408\" data-end=\"3460\">\n<p data-start=\"3410\" data-end=\"3460\">Hassas i\u015fleme ve istikrarl\u0131 parti tutarl\u0131l\u0131\u011f\u0131<\/p>\n<\/li>\n<li data-start=\"3461\" data-end=\"3518\">\n<p data-start=\"3463\" data-end=\"3518\">Y\u00fck ve uygulama e\u015fle\u015ftirmesi i\u00e7in m\u00fchendislik deste\u011fi<\/p>\n<\/li>\n<li data-start=\"3519\" data-end=\"3580\">\n<p data-start=\"3521\" data-end=\"3580\">\u00d6zel \u00e7al\u0131\u015fma ko\u015fullar\u0131 i\u00e7in \u00f6zel tasar\u0131mlar mevcuttur<\/p>\n<\/li>\n<li data-start=\"3581\" data-end=\"3637\">\n<p data-start=\"3583\" data-end=\"3637\">G\u00fcvenilir tedarik zinciri ve k\u00fcresel teslimat kabiliyeti<\/p>\n<\/li>\n<\/ul>\n<h2 data-start=\"3644\" data-end=\"3685\"><strong data-start=\"3647\" data-end=\"3683\">S\u0131k\u00e7a Sorulan Sorular (SSS)<\/strong><\/h2>\n<h3 data-start=\"3687\" data-end=\"3743\"><strong data-start=\"3691\" data-end=\"3741\">S1: Konik makaral\u0131 rulman ne i\u00e7in kullan\u0131l\u0131r?<\/strong><\/h3>\n<p data-start=\"3744\" data-end=\"3917\">Konik makaral\u0131 rulmanlar genellikle otomotiv akslar\u0131nda, di\u015fli kutular\u0131nda, madencilik makinelerinde ve birle\u015fik radyal ve eksenel y\u00fcklerin mevcut oldu\u011fu a\u011f\u0131r end\u00fcstriyel ekipmanlarda kullan\u0131l\u0131r.<\/p>\n<h3 data-start=\"3919\" data-end=\"3980\"><strong data-start=\"3923\" data-end=\"3978\">S2: Konik makaral\u0131 rulmanlar a\u011f\u0131r y\u00fckleri kald\u0131rabilir mi?<\/strong><\/h3>\n<p data-start=\"3981\" data-end=\"4110\">Evet. Konik tasar\u0131mlar\u0131 ve geni\u015f temas alanlar\u0131 nedeniyle, \u00f6zellikle y\u00fcksek y\u00fck ve y\u00fcksek darbe uygulamalar\u0131 i\u00e7in uygundurlar.<\/p>\n<h3 data-start=\"4112\" data-end=\"4156\"><strong data-start=\"4116\" data-end=\"4154\">S3: E\u015fle\u015ftirilmi\u015f rulmanlar mevcut mu?<\/strong><\/h3>\n<p data-start=\"4157\" data-end=\"4284\">Evet. Uygulama ihtiya\u00e7lar\u0131na g\u00f6re tek s\u0131ral\u0131, arka arkaya, y\u00fcz y\u00fcze veya tandem e\u015fle\u015ftirilmi\u015f konik makaral\u0131 rulmanlar tedarik edebiliriz.<\/p>\n<h3 data-start=\"4286\" data-end=\"4329\"><strong data-start=\"4290\" data-end=\"4327\">S4: Hangi malzemeler mevcut?<\/strong><\/h3>\n<p data-start=\"4330\" data-end=\"4454\">Standart malzeme GCr15'tir (AISI 52100 e\u015fde\u011feri). \u00d6zel ala\u015f\u0131ml\u0131 \u00e7elikler ve paslanmaz se\u00e7enekleri talep \u00fczerine sa\u011flanabilir.<\/p>\n<h3 data-start=\"4456\" data-end=\"4499\"><strong data-start=\"4460\" data-end=\"4497\">S5: \u00d6zelle\u015ftirmeyi destekliyor musunuz?<\/strong><\/h3>\n<p data-start=\"4500\" data-end=\"4618\">Evet. Wonzh, belirli performans gereksinimlerini kar\u015f\u0131lamak i\u00e7in \u00f6zel boyutlar\u0131, malzemeleri, a\u00e7\u0131kl\u0131klar\u0131 ve yap\u0131land\u0131rmalar\u0131 destekler.<\/p>","protected":false},"excerpt":{"rendered":"<p>Wonzh taraf\u0131ndan tedarik edilen Konik Makaral\u0131 Rulmanlar, tek y\u00f6nde hem radyal hem de eksenel y\u00fckleri ta\u015f\u0131mak i\u00e7in tasarlanm\u0131\u015f hassas m\u00fchendislik \u00fcr\u00fcn\u00fc rulmanlard\u0131r. Konik geometrileri sayesinde bu rulmanlar, a\u011f\u0131r \u00e7al\u0131\u015fma ko\u015fullar\u0131 alt\u0131nda m\u00fckemmel y\u00fck ta\u015f\u0131ma kapasitesi, y\u00fcksek sertlik ve \u00fcst\u00fcn dayan\u0131kl\u0131l\u0131k sa\u011flar.<\/p>","protected":false},"featured_media":1429,"comment_status":"open","ping_status":"closed","template":"","meta":{"site-sidebar-layout":"default","site-content-layout":"","ast-site-content-layout":"default","site-content-style":"default","site-sidebar-style":"default","ast-global-header-display":"","ast-banner-title-visibility":"","ast-main-header-display":"","ast-hfb-above-header-display":"","ast-hfb-below-header-display":"","ast-hfb-mobile-header-display":"","site-post-title":"","ast-breadcrumbs-content":"","ast-featured-img":"","footer-sml-layout":"","ast-disable-related-posts":"","theme-transparent-header-meta":"default","adv-header-id-meta":"","stick-header-meta":"default","header-above-stick-meta":"","header-main-stick-meta":"","header-below-stick-meta":"","astra-migrate-meta-layouts":"set","ast-page-background-enabled":"default","ast-page-background-meta":{"desktop":{"background-color":"","background-image":"","background-repeat":"repeat","background-position":"center center","background-size":"auto","background-attachment":"scroll","background-type":"","background-media":"","overlay-type":"","overlay-color":"","overlay-opacity":"","overlay-gradient":""},"tablet":{"background-color":"","background-image":"","background-repeat":"repeat","background-position":"center center","background-size":"auto","background-attachment":"scroll","background-type":"","background-media":"","overlay-type":"","overlay-color":"","overlay-opacity":"","overlay-gradient":""},"mobile":{"background-color":"","background-image":"","background-repeat":"repeat","background-position":"center center","background-size":"auto","background-attachment":"scroll","background-type":"","background-media":"","overlay-type":"","overlay-color":"","overlay-opacity":"","overlay-gradient":""}},"ast-content-background-meta":{"desktop":{"background-color":"var(--ast-global-color-5)","background-image":"","background-repeat":"repeat","background-position":"center center","background-size":"auto","background-attachment":"scroll","background-type":"","background-media":"","overlay-type":"","overlay-color":"","overlay-opacity":"","overlay-gradient":""},"tablet":{"background-color":"var(--ast-global-color-5)","background-image":"","background-repeat":"repeat","background-position":"center center","background-size":"auto","background-attachment":"scroll","background-type":"","background-media":"","overlay-type":"","overlay-color":"","overlay-opacity":"","overlay-gradient":""},"mobile":{"background-color":"var(--ast-global-color-5)","background-image":"","background-repeat":"repeat","background-position":"center center","background-size":"auto","background-attachment":"scroll","background-type":"","background-media":"","overlay-type":"","overlay-color":"","overlay-opacity":"","overlay-gradient":""}}},"product_brand":[],"product_cat":[15],"product_tag":[140,165,148,144,139,164,157,136,152,158,153,149,163,162],"class_list":{"0":"post-1428","1":"product","2":"type-product","3":"status-publish","4":"has-post-thumbnail","6":"product_cat-bearings-bearing-components","7":"product_tag-aisi-52100-bearing","8":"product_tag-automotive-axle-bearing","9":"product_tag-bearing-manufacturer-china","10":"product_tag-custom-bearings","11":"product_tag-gcr15-bearing","12":"product_tag-gearbox-bearing","13":"product_tag-heavy-load-bearing","14":"product_tag-industrial-bearings","15":"product_tag-industrial-components","16":"product_tag-mining-machinery-bearing","17":"product_tag-oem-bearings","18":"product_tag-precision-bearings","19":"product_tag-radial-and-axial-bearing","20":"product_tag-tapered-roller-bearing","21":"desktop-align-left","22":"tablet-align-left","23":"mobile-align-left","25":"first","26":"instock","27":"shipping-taxable","28":"product-type-simple"},"_links":{"self":[{"href":"https:\/\/www.wonzh.com\/tr\/wp-json\/wp\/v2\/product\/1428","targetHints":{"allow":["GET"]}}],"collection":[{"href":"https:\/\/www.wonzh.com\/tr\/wp-json\/wp\/v2\/product"}],"about":[{"href":"https:\/\/www.wonzh.com\/tr\/wp-json\/wp\/v2\/types\/product"}],"replies":[{"embeddable":true,"href":"https:\/\/www.wonzh.com\/tr\/wp-json\/wp\/v2\/comments?post=1428"}],"wp:featuredmedia":[{"embeddable":true,"href":"https:\/\/www.wonzh.com\/tr\/wp-json\/wp\/v2\/media\/1429"}],"wp:attachment":[{"href":"https:\/\/www.wonzh.com\/tr\/wp-json\/wp\/v2\/media?parent=1428"}],"wp:term":[{"taxonomy":"product_brand","embeddable":true,"href":"https:\/\/www.wonzh.com\/tr\/wp-json\/wp\/v2\/product_brand?post=1428"},{"taxonomy":"product_cat","embeddable":true,"href":"https:\/\/www.wonzh.com\/tr\/wp-json\/wp\/v2\/product_cat?post=1428"},{"taxonomy":"product_tag","embeddable":true,"href":"https:\/\/www.wonzh.com\/tr\/wp-json\/wp\/v2\/product_tag?post=1428"}],"curies":[{"name":"wp","href":"https:\/\/api.w.org\/{rel}","templated":true}]}}