{"id":273,"date":"2026-01-29T14:22:45","date_gmt":"2026-01-29T14:22:45","guid":{"rendered":"https:\/\/www.wonzh.com\/training\/"},"modified":"2026-02-01T01:38:18","modified_gmt":"2026-02-01T01:38:18","slug":"uygulamalar","status":"publish","type":"page","link":"https:\/\/www.wonzh.com\/tr\/applications\/","title":{"rendered":"Uygulamalar"},"content":{"rendered":"<div data-elementor-type=\"wp-page\" data-elementor-id=\"273\" class=\"elementor elementor-273\" data-elementor-post-type=\"page\">\n\t\t\t\t<div class=\"elementor-element elementor-element-c8f1513 e-flex e-con-boxed e-con e-parent\" data-id=\"c8f1513\" data-element_type=\"container\" data-e-type=\"container\" data-settings=\"{&quot;background_background&quot;:&quot;classic&quot;}\">\n\t\t\t\t\t<div class=\"e-con-inner\">\n\t\t<div class=\"elementor-element elementor-element-e238a3f e-con-full e-flex e-con e-child\" data-id=\"e238a3f\" data-element_type=\"container\" data-e-type=\"container\">\n\t\t\t\t<div class=\"elementor-element elementor-element-024ca05 elementor-widget elementor-widget-heading\" data-id=\"024ca05\" data-element_type=\"widget\" data-e-type=\"widget\" data-widget_type=\"heading.default\">\n\t\t\t\t<div class=\"elementor-widget-container\">\n\t\t\t\t\t<h1 class=\"elementor-heading-title elementor-size-default\">Uygulamalar<\/h1>\t\t\t\t<\/div>\n\t\t\t\t<\/div>\n\t\t\t\t<div class=\"elementor-element elementor-element-66f6130 elementor-widget-divider--view-line elementor-widget elementor-widget-divider\" data-id=\"66f6130\" data-element_type=\"widget\" data-e-type=\"widget\" data-widget_type=\"divider.default\">\n\t\t\t\t<div class=\"elementor-widget-container\">\n\t\t\t\t\t\t\t<div class=\"elementor-divider\">\n\t\t\t<span class=\"elementor-divider-separator\">\n\t\t\t\t\t\t<\/span>\n\t\t<\/div>\n\t\t\t\t\t\t<\/div>\n\t\t\t\t<\/div>\n\t\t\t\t<\/div>\n\t\t\t\t\t<\/div>\n\t\t\t\t<\/div>\n\t\t<div class=\"elementor-element elementor-element-95aaa2c e-flex e-con-boxed e-con e-parent\" data-id=\"95aaa2c\" data-element_type=\"container\" data-e-type=\"container\">\n\t\t\t\t\t<div class=\"e-con-inner\">\n\t\t<div class=\"elementor-element elementor-element-fccb6b4 e-con-full e-flex e-con e-child\" data-id=\"fccb6b4\" data-element_type=\"container\" data-e-type=\"container\">\n\t\t\t\t<div class=\"elementor-element elementor-element-09f4d0c elementor-position-right elementor-vertical-align-middle elementor-widget elementor-widget-image-box\" data-id=\"09f4d0c\" data-element_type=\"widget\" data-e-type=\"widget\" data-widget_type=\"image-box.default\">\n\t\t\t\t<div class=\"elementor-widget-container\">\n\t\t\t\t\t<div class=\"elementor-image-box-wrapper\"><figure class=\"elementor-image-box-img\"><img fetchpriority=\"high\" decoding=\"async\" width=\"1024\" height=\"683\" src=\"https:\/\/www.wonzh.com\/wp-content\/uploads\/2026\/02\/Industrial-Equipment-Parts-for-Real-World-Applications.jpeg\" class=\"attachment-full size-full wp-image-1374\" alt=\"ger\u00e7ek d\u00fcnya uygulamalari i\u0307\u00e7i\u0307n end\u00fcstri\u0307yel eki\u0307pman par\u00e7alari\" srcset=\"https:\/\/www.wonzh.com\/wp-content\/uploads\/2026\/02\/Industrial-Equipment-Parts-for-Real-World-Applications.jpeg 1024w, https:\/\/www.wonzh.com\/wp-content\/uploads\/2026\/02\/Industrial-Equipment-Parts-for-Real-World-Applications-300x200.jpeg 300w, https:\/\/www.wonzh.com\/wp-content\/uploads\/2026\/02\/Industrial-Equipment-Parts-for-Real-World-Applications-768x512.jpeg 768w, https:\/\/www.wonzh.com\/wp-content\/uploads\/2026\/02\/Industrial-Equipment-Parts-for-Real-World-Applications-600x400.jpeg 600w\" sizes=\"(max-width: 1024px) 100vw, 1024px\" \/><\/figure><div class=\"elementor-image-box-content\"><h2 class=\"elementor-image-box-title\">Ger\u00e7ek D\u00fcnya Uygulamalar\u0131 i\u00e7in End\u00fcstriyel Ekipman Par\u00e7alar\u0131<\/h2><p class=\"elementor-image-box-description\">Henan Wonzh Precision Manufacturing Co, Ltd. \u00e7ok \u00e7e\u015fitli \u00e7al\u0131\u015fma ortamlar\u0131 i\u00e7in end\u00fcstriyel ekipman bile\u015fenleri ve a\u015f\u0131nma par\u00e7alar\u0131 tedarik etmektedir. \u00dcr\u00fcnlerimiz ekipman bak\u0131m\u0131, OEM \u00fcretimi ve MRO yedek par\u00e7a de\u011fi\u015fiminde yayg\u0131n olarak kullan\u0131lmakta, m\u00fc\u015fterilerin istikrarl\u0131 \u00e7al\u0131\u015fmay\u0131 s\u00fcrd\u00fcrmelerine ve bak\u0131m maliyetlerini kontrol etmelerine yard\u0131mc\u0131 olmaktad\u0131r.\n\nA\u015fa\u011f\u0131da, \u00fcr\u00fcnlerimizin ger\u00e7ek end\u00fcstriyel ko\u015fullarda nas\u0131l kullan\u0131ld\u0131\u011f\u0131n\u0131 yans\u0131tan temel uygulama senaryolar\u0131m\u0131z yer almaktad\u0131r.<\/p><\/div><\/div>\t\t\t\t<\/div>\n\t\t\t\t<\/div>\n\t\t\t\t<div class=\"elementor-element elementor-element-1cff81d elementor-widget__width-initial elementor-widget-mobile__width-inherit elementor-position-top elementor-widget elementor-widget-image-box\" data-id=\"1cff81d\" data-element_type=\"widget\" data-e-type=\"widget\" data-widget_type=\"image-box.default\">\n\t\t\t\t<div class=\"elementor-widget-container\">\n\t\t\t\t\t<div class=\"elementor-image-box-wrapper\"><figure class=\"elementor-image-box-img\"><a href=\"#\" tabindex=\"-1\"><img decoding=\"async\" width=\"1536\" height=\"1024\" src=\"https:\/\/www.wonzh.com\/wp-content\/uploads\/2026\/02\/Industrial-Machinery-Maintenance.png\" class=\"attachment-full size-full wp-image-1376\" alt=\"end\u00fcstri\u0307yel maki\u0307ne bakimi\" srcset=\"https:\/\/www.wonzh.com\/wp-content\/uploads\/2026\/02\/Industrial-Machinery-Maintenance.png 1536w, https:\/\/www.wonzh.com\/wp-content\/uploads\/2026\/02\/Industrial-Machinery-Maintenance-300x200.png 300w, https:\/\/www.wonzh.com\/wp-content\/uploads\/2026\/02\/Industrial-Machinery-Maintenance-1024x683.png 1024w, https:\/\/www.wonzh.com\/wp-content\/uploads\/2026\/02\/Industrial-Machinery-Maintenance-768x512.png 768w, https:\/\/www.wonzh.com\/wp-content\/uploads\/2026\/02\/Industrial-Machinery-Maintenance-600x400.png 600w\" sizes=\"(max-width: 1536px) 100vw, 1536px\" \/><\/a><\/figure><div class=\"elementor-image-box-content\"><h4 class=\"elementor-image-box-title\"><a href=\"#\">End\u00fcstriyel Makine Bak\u0131m\u0131<\/a><\/h4><p class=\"elementor-image-box-description\">End\u00fcstriyel makineler, s\u00fcrekli \u00e7al\u0131\u015fmay\u0131 sa\u011flamak i\u00e7in y\u00fcksek a\u015f\u0131nmal\u0131 ve kritik bile\u015fenlerin d\u00fczenli olarak de\u011fi\u015ftirilmesini gerektirir. Genel end\u00fcstriyel makinelerde yayg\u0131n olarak kullan\u0131lan rulmanlar, s\u0131zd\u0131rmazl\u0131k par\u00e7alar\u0131, a\u015f\u0131nma bile\u015fenleri ve \u015fanz\u0131man par\u00e7alar\u0131 tedarik ediyoruz.<\/p><\/div><\/div>\t\t\t\t<\/div>\n\t\t\t\t<\/div>\n\t\t\t\t<div class=\"elementor-element elementor-element-43bee2a elementor-widget__width-initial elementor-widget-mobile__width-inherit elementor-position-top elementor-widget elementor-widget-image-box\" data-id=\"43bee2a\" data-element_type=\"widget\" data-e-type=\"widget\" data-widget_type=\"image-box.default\">\n\t\t\t\t<div class=\"elementor-widget-container\">\n\t\t\t\t\t<div class=\"elementor-image-box-wrapper\"><figure class=\"elementor-image-box-img\"><a href=\"#\" tabindex=\"-1\"><img decoding=\"async\" width=\"1783\" height=\"1191\" src=\"https:\/\/www.wonzh.com\/wp-content\/uploads\/2026\/02\/BoydHydraulicHead.jpg\" class=\"attachment-full size-full wp-image-1377\" alt=\"hidrolikkafa\" srcset=\"https:\/\/www.wonzh.com\/wp-content\/uploads\/2026\/02\/BoydHydraulicHead.jpg 1783w, https:\/\/www.wonzh.com\/wp-content\/uploads\/2026\/02\/BoydHydraulicHead-300x200.jpg 300w, https:\/\/www.wonzh.com\/wp-content\/uploads\/2026\/02\/BoydHydraulicHead-1024x684.jpg 1024w, https:\/\/www.wonzh.com\/wp-content\/uploads\/2026\/02\/BoydHydraulicHead-768x513.jpg 768w, https:\/\/www.wonzh.com\/wp-content\/uploads\/2026\/02\/BoydHydraulicHead-1536x1026.jpg 1536w, https:\/\/www.wonzh.com\/wp-content\/uploads\/2026\/02\/BoydHydraulicHead-600x401.jpg 600w\" sizes=\"(max-width: 1783px) 100vw, 1783px\" \/><\/a><\/figure><div class=\"elementor-image-box-content\"><h4 class=\"elementor-image-box-title\"><a href=\"#\">Hidrolik ve Pn\u00f6matik Sistemler<\/a><\/h4><p class=\"elementor-image-box-description\">Hidrolik ve pn\u00f6matik sistemler bas\u0131n\u00e7, s\u0131cakl\u0131k de\u011fi\u015fimi ve s\u0131k hareket alt\u0131nda \u00e7al\u0131\u015f\u0131r. S\u0131z\u0131nt\u0131 ve performans kayb\u0131n\u0131 \u00f6nlemek i\u00e7in g\u00fcvenilir s\u0131zd\u0131rmazl\u0131k ve hassas bile\u015fenler \u015fartt\u0131r.<\/p><\/div><\/div>\t\t\t\t<\/div>\n\t\t\t\t<\/div>\n\t\t\t\t<div class=\"elementor-element elementor-element-3b535ac elementor-widget__width-initial elementor-widget-mobile__width-inherit elementor-position-top elementor-widget elementor-widget-image-box\" data-id=\"3b535ac\" data-element_type=\"widget\" data-e-type=\"widget\" data-widget_type=\"image-box.default\">\n\t\t\t\t<div class=\"elementor-widget-container\">\n\t\t\t\t\t<div class=\"elementor-image-box-wrapper\"><figure class=\"elementor-image-box-img\"><a href=\"#\" tabindex=\"-1\"><img loading=\"lazy\" decoding=\"async\" width=\"750\" height=\"500\" src=\"https:\/\/www.wonzh.com\/wp-content\/uploads\/2026\/02\/industrial-workers-operating-machinery-in-factory.jpg\" class=\"attachment-full size-full wp-image-1378\" alt=\"fabrikada makine kullanan sanayi i\u015f\u00e7ileri\" srcset=\"https:\/\/www.wonzh.com\/wp-content\/uploads\/2026\/02\/industrial-workers-operating-machinery-in-factory.jpg 750w, https:\/\/www.wonzh.com\/wp-content\/uploads\/2026\/02\/industrial-workers-operating-machinery-in-factory-300x200.jpg 300w, https:\/\/www.wonzh.com\/wp-content\/uploads\/2026\/02\/industrial-workers-operating-machinery-in-factory-600x400.jpg 600w\" sizes=\"(max-width: 750px) 100vw, 750px\" \/><\/a><\/figure><div class=\"elementor-image-box-content\"><h4 class=\"elementor-image-box-title\"><a href=\"#\">Malzeme Ta\u015f\u0131ma ve Kald\u0131rma Ekipmanlar\u0131<\/a><\/h4><p class=\"elementor-image-box-description\">Malzeme ta\u015f\u0131ma ve kald\u0131rma ekipmanlar\u0131 s\u00fcrekli y\u00fck ve dinamik stres alt\u0131nda \u00e7al\u0131\u015f\u0131r. Bu sistemlerde kullan\u0131lan bile\u015fenler g\u00fc\u00e7, g\u00fcvenlik ve dayan\u0131kl\u0131l\u0131k gereksinimlerini kar\u015f\u0131lamal\u0131d\u0131r.<\/p><\/div><\/div>\t\t\t\t<\/div>\n\t\t\t\t<\/div>\n\t\t\t\t<div class=\"elementor-element elementor-element-ec19072 elementor-widget__width-initial elementor-widget-mobile__width-inherit elementor-position-top elementor-widget elementor-widget-image-box\" data-id=\"ec19072\" data-element_type=\"widget\" data-e-type=\"widget\" data-widget_type=\"image-box.default\">\n\t\t\t\t<div class=\"elementor-widget-container\">\n\t\t\t\t\t<div class=\"elementor-image-box-wrapper\"><figure class=\"elementor-image-box-img\"><a href=\"#\" tabindex=\"-1\"><img loading=\"lazy\" decoding=\"async\" width=\"1200\" height=\"800\" src=\"https:\/\/www.wonzh.com\/wp-content\/uploads\/2026\/02\/OEM.jpg\" class=\"attachment-full size-full wp-image-1379\" alt=\"oem\" srcset=\"https:\/\/www.wonzh.com\/wp-content\/uploads\/2026\/02\/OEM.jpg 1200w, https:\/\/www.wonzh.com\/wp-content\/uploads\/2026\/02\/OEM-300x200.jpg 300w, https:\/\/www.wonzh.com\/wp-content\/uploads\/2026\/02\/OEM-1024x683.jpg 1024w, https:\/\/www.wonzh.com\/wp-content\/uploads\/2026\/02\/OEM-768x512.jpg 768w, https:\/\/www.wonzh.com\/wp-content\/uploads\/2026\/02\/OEM-600x400.jpg 600w\" sizes=\"(max-width: 1200px) 100vw, 1200px\" \/><\/a><\/figure><div class=\"elementor-image-box-content\"><h4 class=\"elementor-image-box-title\"><a href=\"#\">OEM Ekipman \u0130malat\u0131<\/a><\/h4><p class=\"elementor-image-box-description\">Orijinal ekipman \u00fcreticilerini standart bile\u015fenler, yedek uyumlu par\u00e7alar ve \u00e7izimlere veya numunelere dayal\u0131 \u00f6zel i\u015flenmi\u015f par\u00e7alarla destekliyoruz.<\/p><\/div><\/div>\t\t\t\t<\/div>\n\t\t\t\t<\/div>\n\t\t\t\t<div class=\"elementor-element elementor-element-f92d5c5 elementor-widget__width-initial elementor-widget-mobile__width-inherit elementor-position-top elementor-widget elementor-widget-image-box\" data-id=\"f92d5c5\" data-element_type=\"widget\" data-e-type=\"widget\" data-widget_type=\"image-box.default\">\n\t\t\t\t<div class=\"elementor-widget-container\">\n\t\t\t\t\t<div class=\"elementor-image-box-wrapper\"><figure class=\"elementor-image-box-img\"><a href=\"#\" tabindex=\"-1\"><img loading=\"lazy\" decoding=\"async\" width=\"500\" height=\"333\" src=\"https:\/\/www.wonzh.com\/wp-content\/uploads\/2026\/02\/MRO.png\" class=\"attachment-full size-full wp-image-1380\" alt=\"mro\" srcset=\"https:\/\/www.wonzh.com\/wp-content\/uploads\/2026\/02\/MRO.png 500w, https:\/\/www.wonzh.com\/wp-content\/uploads\/2026\/02\/MRO-300x200.png 300w\" sizes=\"(max-width: 500px) 100vw, 500px\" \/><\/a><\/figure><div class=\"elementor-image-box-content\"><h4 class=\"elementor-image-box-title\"><a href=\"#\">MRO &amp; Yedek Par\u00e7a De\u011fi\u015fimi<\/a><\/h4><p class=\"elementor-image-box-description\">Bak\u0131m ekipleri ve MRO al\u0131c\u0131lar\u0131 i\u00e7in h\u0131zl\u0131 ve do\u011fru yedek par\u00e7a tedariki kritik \u00f6neme sahiptir. Orijinal par\u00e7a numaralar\u0131 veya \u00e7izimler eksik olsa bile m\u00fc\u015fterilerin uygun yedek par\u00e7alar\u0131 belirlemelerine yard\u0131mc\u0131 oluyoruz.<\/p><\/div><\/div>\t\t\t\t<\/div>\n\t\t\t\t<\/div>\n\t\t\t\t<div class=\"elementor-element elementor-element-9b00271 elementor-widget__width-initial elementor-widget-mobile__width-inherit elementor-position-top elementor-widget elementor-widget-image-box\" data-id=\"9b00271\" data-element_type=\"widget\" data-e-type=\"widget\" data-widget_type=\"image-box.default\">\n\t\t\t\t<div class=\"elementor-widget-container\">\n\t\t\t\t\t<div class=\"elementor-image-box-wrapper\"><figure class=\"elementor-image-box-img\"><a href=\"#\" tabindex=\"-1\"><img loading=\"lazy\" decoding=\"async\" width=\"660\" height=\"439\" src=\"https:\/\/www.wonzh.com\/wp-content\/uploads\/2026\/02\/Transmission.webp\" class=\"attachment-full size-full wp-image-1381\" alt=\"\u015eanz\u0131man\" srcset=\"https:\/\/www.wonzh.com\/wp-content\/uploads\/2026\/02\/Transmission.webp 660w, https:\/\/www.wonzh.com\/wp-content\/uploads\/2026\/02\/Transmission-300x200.webp 300w, https:\/\/www.wonzh.com\/wp-content\/uploads\/2026\/02\/Transmission-600x399.webp 600w\" sizes=\"(max-width: 660px) 100vw, 660px\" \/><\/a><\/figure><div class=\"elementor-image-box-content\"><h4 class=\"elementor-image-box-title\"><a href=\"#\">\u015eanz\u0131man ve Tahrik Sistemleri<\/a><\/h4><p class=\"elementor-image-box-description\">Mekanik aktar\u0131m sistemleri end\u00fcstriyel ekipmanlarda yayg\u0131n olarak kullan\u0131lmaktad\u0131r. Do\u011fru bile\u015fen se\u00e7imi verimli g\u00fc\u00e7 aktar\u0131m\u0131 sa\u011flar ve sistem a\u015f\u0131nmas\u0131n\u0131 azalt\u0131r.<\/p><\/div><\/div>\t\t\t\t<\/div>\n\t\t\t\t<\/div>\n\t\t\t\t<\/div>\n\t\t\t\t\t<\/div>\n\t\t\t\t<\/div>\n\t\t<div class=\"elementor-element elementor-element-612b94a e-flex e-con-boxed e-con e-parent\" data-id=\"612b94a\" data-element_type=\"container\" data-e-type=\"container\" data-settings=\"{&quot;background_background&quot;:&quot;classic&quot;}\">\n\t\t\t\t\t<div class=\"e-con-inner\">\n\t\t<div class=\"elementor-element elementor-element-0d15ea1 e-con-full e-flex e-con e-child\" data-id=\"0d15ea1\" data-element_type=\"container\" data-e-type=\"container\">\n\t\t\t\t<div class=\"elementor-element elementor-element-2a8ed68 elementor-widget elementor-widget-heading\" data-id=\"2a8ed68\" data-element_type=\"widget\" data-e-type=\"widget\" data-widget_type=\"heading.default\">\n\t\t\t\t<div class=\"elementor-widget-container\">\n\t\t\t\t\t<h6 class=\"elementor-heading-title elementor-size-default\">Ba\u015fvurunuzu Nas\u0131l Destekliyoruz<\/h6>\t\t\t\t<\/div>\n\t\t\t\t<\/div>\n\t\t\t\t<div class=\"elementor-element elementor-element-00d2124 elementor-widget elementor-widget-heading\" data-id=\"00d2124\" data-element_type=\"widget\" data-e-type=\"widget\" data-widget_type=\"heading.default\">\n\t\t\t\t<div class=\"elementor-widget-container\">\n\t\t\t\t\t<h5 class=\"elementor-heading-title elementor-size-default\">\u00c7izimlere, numunelere ve uygulama gereksinimlerine g\u00f6re kaynak sa\u011flayarak standart par\u00e7alar\u0131, yedek bile\u015fenleri, OEM \u00fcretimini ve \u00f6zel \u00fcretimi destekliyoruz. Ekibimiz a\u00e7\u0131k ileti\u015fime ve pratik \u00f6nerilere odaklanarak m\u00fc\u015fterilerin uygun \u00e7\u00f6z\u00fcmleri verimli bir \u015fekilde belirlemelerine yard\u0131mc\u0131 olur. Hem deneme sipari\u015fleri hem de tekrarlanan tedarikler i\u00e7in esnek miktarlar mevcuttur. Par\u00e7a \u00f6zellikleri veya de\u011fi\u015ftirme uyumlulu\u011fu konusunda emin de\u011filseniz, uygulama ayr\u0131nt\u0131lar\u0131n\u0131zla birlikte bizimle ileti\u015fime ge\u00e7mekten \u00e7ekinmeyin; gereksinimlerinizi g\u00f6zden ge\u00e7irecek ve uygun se\u00e7enekler sunaca\u011f\u0131z.<\/h5>\t\t\t\t<\/div>\n\t\t\t\t<\/div>\n\t\t\t\t<div class=\"elementor-element elementor-element-d7df4bf elementor-widget elementor-widget-text-editor\" data-id=\"d7df4bf\" data-element_type=\"widget\" data-e-type=\"widget\" data-widget_type=\"text-editor.default\">\n\t\t\t\t<div class=\"elementor-widget-container\">\n\t\t\t\t\t\t\t\t\t<p>Amet facilisis viverra sapien odio senectus et in nunc eget volutpat adipiscing<\/p>\t\t\t\t\t\t\t\t<\/div>\n\t\t\t\t<\/div>\n\t\t\t\t<div class=\"elementor-element elementor-element-30677dc elementor-align-center elementor-widget elementor-widget-button\" data-id=\"30677dc\" data-element_type=\"widget\" data-e-type=\"widget\" data-widget_type=\"button.default\">\n\t\t\t\t<div class=\"elementor-widget-container\">\n\t\t\t\t\t\t\t\t\t<div class=\"elementor-button-wrapper\">\n\t\t\t\t\t<a class=\"elementor-button elementor-button-link elementor-size-sm\" href=\"mailto:sales@wonzh.com\">\n\t\t\t\t\t\t<span class=\"elementor-button-content-wrapper\">\n\t\t\t\t\t\t\t\t\t<span class=\"elementor-button-text\">Bug\u00fcn Bize Ula\u015f\u0131n<\/span>\n\t\t\t\t\t<\/span>\n\t\t\t\t\t<\/a>\n\t\t\t\t<\/div>\n\t\t\t\t\t\t\t\t<\/div>\n\t\t\t\t<\/div>\n\t\t\t\t<\/div>\n\t\t\t\t\t<\/div>\n\t\t\t\t<\/div>\n\t\t\t\t<\/div>","protected":false},"excerpt":{"rendered":"<p>Applications Industrial Equipment Parts for Real-World Applications Henan Wonzh Precision Manufacturing Co., Ltd. supplies industrial equipment components and wear parts for a wide range of operating environments. Our products are commonly used in equipment maintenance, OEM manufacturing, and MRO spare parts replacement, helping customers maintain stable operation and control maintenance costs. Below are our core [&hellip;]<\/p>\n","protected":false},"author":1,"featured_media":0,"parent":0,"menu_order":0,"comment_status":"closed","ping_status":"closed","template":"","meta":{"site-sidebar-layout":"no-sidebar","site-content-layout":"page-builder","ast-site-content-layout":"default","site-content-style":"default","site-sidebar-style":"default","ast-global-header-display":"","ast-banner-title-visibility":"","ast-main-header-display":"","ast-hfb-above-header-display":"","ast-hfb-below-header-display":"","ast-hfb-mobile-header-display":"","site-post-title":"disabled","ast-breadcrumbs-content":"disabled","ast-featured-img":"disabled","footer-sml-layout":"","ast-disable-related-posts":"","theme-transparent-header-meta":"enabled","adv-header-id-meta":"","stick-header-meta":"","header-above-stick-meta":"","header-main-stick-meta":"","header-below-stick-meta":"","astra-migrate-meta-layouts":"default","ast-page-background-enabled":"default","ast-page-background-meta":{"desktop":{"background-color":"","background-image":"","background-repeat":"repeat","background-position":"center center","background-size":"auto","background-attachment":"scroll","background-type":"","background-media":"","overlay-type":"","overlay-color":"","overlay-opacity":"","overlay-gradient":""},"tablet":{"background-color":"","background-image":"","background-repeat":"repeat","background-position":"center center","background-size":"auto","background-attachment":"scroll","background-type":"","background-media":"","overlay-type":"","overlay-color":"","overlay-opacity":"","overlay-gradient":""},"mobile":{"background-color":"","background-image":"","background-repeat":"repeat","background-position":"center center","background-size":"auto","background-attachment":"scroll","background-type":"","background-media":"","overlay-type":"","overlay-color":"","overlay-opacity":"","overlay-gradient":""}},"ast-content-background-meta":{"desktop":{"background-color":"var(--ast-global-color-5)","background-image":"","background-repeat":"repeat","background-position":"center center","background-size":"auto","background-attachment":"scroll","background-type":"","background-media":"","overlay-type":"","overlay-color":"","overlay-opacity":"","overlay-gradient":""},"tablet":{"background-color":"var(--ast-global-color-5)","background-image":"","background-repeat":"repeat","background-position":"center center","background-size":"auto","background-attachment":"scroll","background-type":"","background-media":"","overlay-type":"","overlay-color":"","overlay-opacity":"","overlay-gradient":""},"mobile":{"background-color":"var(--ast-global-color-5)","background-image":"","background-repeat":"repeat","background-position":"center center","background-size":"auto","background-attachment":"scroll","background-type":"","background-media":"","overlay-type":"","overlay-color":"","overlay-opacity":"","overlay-gradient":""}},"footnotes":""},"class_list":["post-273","page","type-page","status-publish","hentry"],"_links":{"self":[{"href":"https:\/\/www.wonzh.com\/tr\/wp-json\/wp\/v2\/pages\/273","targetHints":{"allow":["GET"]}}],"collection":[{"href":"https:\/\/www.wonzh.com\/tr\/wp-json\/wp\/v2\/pages"}],"about":[{"href":"https:\/\/www.wonzh.com\/tr\/wp-json\/wp\/v2\/types\/page"}],"author":[{"embeddable":true,"href":"https:\/\/www.wonzh.com\/tr\/wp-json\/wp\/v2\/users\/1"}],"replies":[{"embeddable":true,"href":"https:\/\/www.wonzh.com\/tr\/wp-json\/wp\/v2\/comments?post=273"}],"version-history":[{"count":10,"href":"https:\/\/www.wonzh.com\/tr\/wp-json\/wp\/v2\/pages\/273\/revisions"}],"predecessor-version":[{"id":1384,"href":"https:\/\/www.wonzh.com\/tr\/wp-json\/wp\/v2\/pages\/273\/revisions\/1384"}],"wp:attachment":[{"href":"https:\/\/www.wonzh.com\/tr\/wp-json\/wp\/v2\/media?parent=273"}],"curies":[{"name":"wp","href":"https:\/\/api.w.org\/{rel}","templated":true}]}}