{"id":2155,"date":"2026-04-29T15:46:24","date_gmt":"2026-04-29T15:46:24","guid":{"rendered":"https:\/\/www.wonzh.com\/?post_type=product&#038;p=2155"},"modified":"2026-04-29T15:46:25","modified_gmt":"2026-04-29T15:46:25","slug":"dfw-series-cable-branch-box-outdoor-indoor-underground-fully-insulated-cable-distribution-junction-box-for-power-cable-network-system","status":"publish","type":"product","link":"https:\/\/www.wonzh.com\/sv\/product\/dfw-series-cable-branch-box-outdoor-indoor-underground-fully-insulated-cable-distribution-junction-box-for-power-cable-network-system\/","title":{"rendered":"Kabelf\u00f6rgreningsl\u00e5da i DFW-serien (utomhus \/ inomhus \/ underjordisk helisolerad kabelf\u00f6rdelningsl\u00e5da f\u00f6r kraftkabeln\u00e4tverkssystem)"},"content":{"rendered":"<p data-start=\"267\" data-end=\"438\">Kabelf\u00f6rgreningsboxen i DFW-serien \u00e4r en m\u00e5ngsidig distributions- och anslutningsanordning f\u00f6r mellan- och l\u00e5gsp\u00e4nningskablar, utformad f\u00f6r moderna n\u00e4tverksystem f\u00f6r kraftkablar.<\/p>\n<p data-start=\"440\" data-end=\"483\">Den finns tillg\u00e4nglig i flera olika konfigurationer:<\/p>\n<ul data-start=\"484\" data-end=\"585\">\n<li data-section-id=\"1b1rycm\" data-start=\"484\" data-end=\"518\">Kabelf\u00f6rgreningsbox av amerikansk typ<\/li>\n<li data-section-id=\"4zhipb\" data-start=\"519\" data-end=\"553\">Kabelf\u00f6rgreningsbox av europeisk typ<\/li>\n<li data-section-id=\"1y53ypx\" data-start=\"554\" data-end=\"585\">Lastv\u00e4xlare typ grenbox<\/li>\n<\/ul>\n<p data-start=\"587\" data-end=\"610\">Den kan installeras i:<\/p>\n<ul data-start=\"611\" data-end=\"688\">\n<li data-section-id=\"ogmok6\" data-start=\"611\" data-end=\"635\">Utomhusmilj\u00f6er<\/li>\n<li data-section-id=\"1ga8o2c\" data-start=\"636\" data-end=\"658\">Transformatorstationer inomhus<\/li>\n<li data-section-id=\"4gvg0a\" data-start=\"659\" data-end=\"688\">Underjordiska installationer<\/li>\n<\/ul>\n<p data-start=\"690\" data-end=\"738\">Systemet anv\u00e4nds f\u00f6r att ansluta str\u00f6mkablar med:<\/p>\n<ul data-start=\"739\" data-end=\"850\">\n<li data-section-id=\"1wb0xsk\" data-start=\"739\" data-end=\"767\">Pad-monterade transformatorer<\/li>\n<li data-section-id=\"204qt5\" data-start=\"768\" data-end=\"792\">Lastv\u00e4xlarsk\u00e5p<\/li>\n<li data-section-id=\"1n6bpa2\" data-start=\"793\" data-end=\"824\">Kombinationsst\u00e4llverk med s\u00e4kringar<\/li>\n<li data-section-id=\"1nbsyjz\" data-start=\"825\" data-end=\"850\">Ring huvudenheter (RMU)<\/li>\n<\/ul>\n<p data-start=\"852\" data-end=\"955\">\ud83d\udc49 Den tillhandah\u00e5ller funktioner f\u00f6r f\u00f6rgrening, distribution, \u00f6verf\u00f6ring och sammankoppling av kraftkablar.<\/p>\n<hr data-start=\"957\" data-end=\"960\" \/>\n<h2 data-section-id=\"17fvu7l\" data-start=\"962\" data-end=\"980\">\ud83d\udd39 Viktiga funktioner<\/h2>\n<h3 data-section-id=\"83kma6\" data-start=\"982\" data-end=\"1022\">\u2714 Flexibel integrering av kabeln\u00e4tverk<\/h3>\n<ul data-start=\"1023\" data-end=\"1127\">\n<li data-section-id=\"1xveqe0\" data-start=\"1023\" data-end=\"1076\">St\u00f6djer flera konfigurationer f\u00f6r kabelanslutning<\/li>\n<li data-section-id=\"qn3ivt\" data-start=\"1077\" data-end=\"1127\">Kompatibel med olika distributionsutrustningar<\/li>\n<\/ul>\n<p data-start=\"1129\" data-end=\"1174\">\ud83d\udc49 M\u00f6jligg\u00f6r flexibel expansion av kraftn\u00e4tet<\/p>\n<hr data-start=\"1176\" data-end=\"1179\" \/>\n<h3 data-section-id=\"eb4elr\" data-start=\"1181\" data-end=\"1218\">\u2714 Helt isolerad och f\u00f6rseglad konstruktion<\/h3>\n<ul data-start=\"1219\" data-end=\"1318\">\n<li data-section-id=\"j9zwqu\" data-start=\"1219\" data-end=\"1256\">F\u00f6rformade kabelanslutningssystem<\/li>\n<li data-section-id=\"7jmlji\" data-start=\"1257\" data-end=\"1286\">Fullt isolerad konstruktion<\/li>\n<li data-section-id=\"1p7zya\" data-start=\"1287\" data-end=\"1318\">Helt f\u00f6rseglad och vattent\u00e4t<\/li>\n<\/ul>\n<p data-start=\"1320\" data-end=\"1369\">\ud83d\udc49 S\u00e4ker drift i tuffa milj\u00f6er<\/p>\n<hr data-start=\"1371\" data-end=\"1374\" \/>\n<h3 data-section-id=\"11uvrqb\" data-start=\"1376\" data-end=\"1408\">\u2714 Underh\u00e5llsfri drift<\/h3>\n<ul data-start=\"1409\" data-end=\"1473\">\n<li data-section-id=\"1s9s2lf\" data-start=\"1409\" data-end=\"1444\">Inget rutinm\u00e4ssigt underh\u00e5ll kr\u00e4vs<\/li>\n<li data-section-id=\"3m3xcb\" data-start=\"1445\" data-end=\"1473\">Design f\u00f6r l\u00e5ng livsl\u00e4ngd<\/li>\n<\/ul>\n<p data-start=\"1475\" data-end=\"1518\">\ud83d\udc49 Minskar drifts- och underh\u00e5llskostnader<\/p>\n<hr data-start=\"1520\" data-end=\"1523\" \/>\n<h3 data-section-id=\"1yk88wo\" data-start=\"1525\" data-end=\"1554\">\u2714 H\u00f6g s\u00e4kerhetsprestanda<\/h3>\n<ul data-start=\"1555\" data-end=\"1668\">\n<li data-section-id=\"1sbxal4\" data-start=\"1555\" data-end=\"1590\">Ber\u00f6ringss\u00e4kra isolerade kontakter<\/li>\n<li data-section-id=\"1j4yelu\" data-start=\"1591\" data-end=\"1626\">Vattent\u00e4t och dammt\u00e4t design<\/li>\n<li data-section-id=\"xrwnq4\" data-start=\"1627\" data-end=\"1668\">H\u00f6g tillf\u00f6rlitlighet vid utomhusdrift<\/li>\n<\/ul>\n<hr data-start=\"1670\" data-end=\"1673\" \/>\n<h3 data-section-id=\"5ae8zy\" data-start=\"1675\" data-end=\"1710\">\u2714 Flera olika installationsalternativ<\/h3>\n<ul data-start=\"1711\" data-end=\"1789\">\n<li data-section-id=\"1psv4z0\" data-start=\"1711\" data-end=\"1729\">Markmonterad<\/li>\n<li data-section-id=\"15dtqpx\" data-start=\"1730\" data-end=\"1753\">Installation inomhus<\/li>\n<li data-section-id=\"drzzpw\" data-start=\"1754\" data-end=\"1789\">Underjordisk nedgr\u00e4vd installation<\/li>\n<\/ul>\n<p data-start=\"1791\" data-end=\"1840\">\ud83d\udc49 L\u00e4mplig f\u00f6r olika tekniska scenarier<\/p>\n<hr data-start=\"1842\" data-end=\"1845\" \/>\n<h3 data-section-id=\"lo4pv\" data-start=\"1847\" data-end=\"1871\">\u2714 Bred kompatibilitet<\/h3>\n<p data-start=\"1872\" data-end=\"1889\">Kan ansluta till:<\/p>\n<ul data-start=\"1890\" data-end=\"2006\">\n<li data-section-id=\"9e8jry\" data-start=\"1890\" data-end=\"1917\">Transformatorstationer<\/li>\n<li data-section-id=\"204qt5\" data-start=\"1918\" data-end=\"1942\">Lastv\u00e4xlarsk\u00e5p<\/li>\n<li data-section-id=\"17bv308\" data-start=\"1943\" data-end=\"1971\">RMU ringn\u00e4tverkssystem<\/li>\n<li data-section-id=\"1hei0ww\" data-start=\"1972\" data-end=\"2006\">Kombinerade elektriska st\u00e4llverk<\/li>\n<\/ul>\n<hr data-start=\"2008\" data-end=\"2011\" \/>\n<h2 data-section-id=\"1hq6i26\" data-start=\"2013\" data-end=\"2036\">\ud83d\udd39 Strukturell design<\/h2>\n<h3 data-section-id=\"1y35nqk\" data-start=\"2038\" data-end=\"2067\">\ud83d\udd38 Kabelanslutningssystem<\/h3>\n<ul data-start=\"2068\" data-end=\"2151\">\n<li data-section-id=\"alh734\" data-start=\"2068\" data-end=\"2103\">F\u00f6rformade isolerade kontakter<\/li>\n<li data-section-id=\"1c3b4xr\" data-start=\"2104\" data-end=\"2151\">Flera storlekar och konfigurationer tillg\u00e4ngliga<\/li>\n<\/ul>\n<hr data-start=\"2153\" data-end=\"2156\" \/>\n<h3 data-section-id=\"10wxqng\" data-start=\"2158\" data-end=\"2184\">\ud83d\udd38 Struktur f\u00f6r inneslutning<\/h3>\n<ul data-start=\"2185\" data-end=\"2286\">\n<li data-section-id=\"3ajclp\" data-start=\"2185\" data-end=\"2214\">V\u00e4derbest\u00e4ndigt h\u00f6lje<\/li>\n<li data-section-id=\"1twjtjg\" data-start=\"2215\" data-end=\"2244\">Skydd mot korrosion<\/li>\n<li data-section-id=\"127ycka\" data-start=\"2245\" data-end=\"2286\">L\u00e4mplig f\u00f6r tuffa utomhusf\u00f6rh\u00e5llanden<\/li>\n<\/ul>\n<hr data-start=\"2288\" data-end=\"2291\" \/>\n<h3 data-section-id=\"1u5i8v2\" data-start=\"2293\" data-end=\"2317\">\ud83d\udd38 Funktionell design<\/h3>\n<ul data-start=\"2318\" data-end=\"2406\">\n<li data-section-id=\"1wjoi39\" data-start=\"2318\" data-end=\"2337\">F\u00f6rgrening av kabel<\/li>\n<li data-section-id=\"1nucvvf\" data-start=\"2338\" data-end=\"2360\">Kabeldistribution<\/li>\n<li data-section-id=\"1o2p1be\" data-start=\"2361\" data-end=\"2379\">Kabel\u00f6verf\u00f6ring<\/li>\n<li data-section-id=\"koqqbj\" data-start=\"2380\" data-end=\"2406\">Sammankoppling av system<\/li>\n<\/ul>\n<hr data-start=\"2408\" data-end=\"2411\" \/>\n<h2 data-section-id=\"15du31k\" data-start=\"2413\" data-end=\"2431\">\ud83d\udd39 Till\u00e4mpningar<\/h2>\n<p data-start=\"2433\" data-end=\"2476\">DFW-kabelgrenboxen anv\u00e4nds ofta i:<\/p>\n<ul data-start=\"2478\" data-end=\"2684\">\n<li data-section-id=\"cptaoa\" data-start=\"2478\" data-end=\"2515\">Eldistributionsn\u00e4t i st\u00e4der<\/li>\n<li data-section-id=\"16vuyds\" data-start=\"2516\" data-end=\"2544\">Industriella kabelsystem<\/li>\n<li data-section-id=\"zs3gyb\" data-start=\"2545\" data-end=\"2586\">Elektrisk infrastruktur f\u00f6r bost\u00e4der<\/li>\n<li data-section-id=\"hfihxt\" data-start=\"2587\" data-end=\"2611\">Kommersiella byggnader<\/li>\n<li data-section-id=\"rysg9z\" data-start=\"2612\" data-end=\"2653\">Distributionssystem f\u00f6r f\u00f6rnybar energi<\/li>\n<li data-section-id=\"7b60u9\" data-start=\"2654\" data-end=\"2684\">Underjordiska kabeln\u00e4t<\/li>\n<\/ul>\n<hr data-start=\"2686\" data-end=\"2689\" \/>\n<h2 data-section-id=\"1rg4wz9\" data-start=\"2691\" data-end=\"2715\">\ud83d\udd39 F\u00f6rdelar Sammanfattning<\/h2>\n<ul data-start=\"2717\" data-end=\"2982\">\n<li data-section-id=\"1cqn87z\" data-start=\"2717\" data-end=\"2757\">Helt isolerad och t\u00e4tad konstruktion<\/li>\n<li data-section-id=\"yjho9c\" data-start=\"2758\" data-end=\"2803\">S\u00e4kert och tillf\u00f6rlitligt kabelanslutningssystem<\/li>\n<li data-section-id=\"phyv7z\" data-start=\"2804\" data-end=\"2851\">Flexibel kabelf\u00f6rdelning i flera riktningar<\/li>\n<li data-section-id=\"sjf3fy\" data-start=\"2852\" data-end=\"2905\">L\u00e4mplig f\u00f6r inomhus-, utomhus- och underjordisk anv\u00e4ndning<\/li>\n<li data-section-id=\"1ysv9yx\" data-start=\"2906\" data-end=\"2936\">Underh\u00e5llsfri drift<\/li>\n<li data-section-id=\"1azmre0\" data-start=\"2937\" data-end=\"2982\">Idealisk f\u00f6r moderna kabeln\u00e4tverkssystem<\/li>\n<\/ul>\n<hr data-start=\"2984\" data-end=\"2987\" \/>\n<h1 data-section-id=\"1lxd8kj\" data-start=\"2989\" data-end=\"2996\">\u2753 VANLIGA FR\u00c5GOR<\/h1>\n<h3 data-section-id=\"10d5nh0\" data-start=\"2998\" data-end=\"3046\">1\ufe0f\u20e3 Vad anv\u00e4nds en kabelf\u00f6rgreningsbox fr\u00e5n DFW till?<\/h3>\n<p data-start=\"3048\" data-end=\"3145\">Den anv\u00e4nds f\u00f6r:<br \/>\n\ud83d\udc49 Kabeldistribution, f\u00f6rgrening och sammankoppling i kraftkabeln\u00e4t<\/p>\n<hr data-start=\"3147\" data-end=\"3150\" \/>\n<h3 data-section-id=\"m8r8u4\" data-start=\"3152\" data-end=\"3192\">2\ufe0f\u20e3 Kan den installeras under jord?<\/h3>\n<p data-start=\"3194\" data-end=\"3262\">Ja, det st\u00f6der:<br \/>\n\ud83d\udc49 Utomhus-, inomhus- och underjordisk installation<\/p>\n<hr data-start=\"3264\" data-end=\"3267\" \/>\n<h3 data-section-id=\"3v9qy9\" data-start=\"3269\" data-end=\"3312\">3\ufe0f\u20e3 \u00c4r systemet s\u00e4kert f\u00f6r utomhusbruk?<\/h3>\n<p data-start=\"3314\" data-end=\"3331\">Ja, den har det:<\/p>\n<ul data-start=\"3332\" data-end=\"3420\">\n<li data-section-id=\"1rm48rt\" data-start=\"3332\" data-end=\"3358\">Fullt isolerad design<\/li>\n<li data-section-id=\"1n1cccd\" data-start=\"3359\" data-end=\"3394\">Vattent\u00e4t och f\u00f6rseglad struktur<\/li>\n<li data-section-id=\"rm0pq9\" data-start=\"3395\" data-end=\"3420\">Ber\u00f6ringss\u00e4kra kontakter<\/li>\n<\/ul>\n<hr data-start=\"3422\" data-end=\"3425\" \/>\n<h3 data-section-id=\"b3qzgx\" data-start=\"3427\" data-end=\"3463\">4\ufe0f\u20e3 Kr\u00e4ver den underh\u00e5ll?<\/h3>\n<p data-start=\"3465\" data-end=\"3529\">Nej, det \u00e4r det inte:<br \/>\n\ud83d\udc49 Underh\u00e5llsfri design med l\u00e5ng livsl\u00e4ngd<\/p>\n<hr data-start=\"3531\" data-end=\"3534\" \/>\n<h3 data-section-id=\"17drfyl\" data-start=\"3536\" data-end=\"3579\">5\ufe0f\u20e3 Vilken utrustning kan den anslutas till?<\/h3>\n<p data-start=\"3581\" data-end=\"3604\">Den kan anslutas till:<\/p>\n<ul data-start=\"3605\" data-end=\"3704\">\n<li data-section-id=\"nqkthc\" data-start=\"3605\" data-end=\"3621\">Transformatorer<\/li>\n<li data-section-id=\"h6gab3\" data-start=\"3622\" data-end=\"3647\">RMU (Ring Main Units)<\/li>\n<li data-section-id=\"204qt5\" data-start=\"3648\" data-end=\"3672\">Lastv\u00e4xlarsk\u00e5p<\/li>\n<li data-section-id=\"rbnifp\" data-start=\"3673\" data-end=\"3704\">Kombinerade elektriska system<\/li>\n<\/ul>","protected":false},"excerpt":{"rendered":"<p data-start=\"267\" data-end=\"438\">Kabelf\u00f6rgreningsboxen i DFW-serien \u00e4r en m\u00e5ngsidig distributions- och anslutningsanordning f\u00f6r mellan- och l\u00e5gsp\u00e4nningskablar, utformad f\u00f6r moderna n\u00e4tverksystem f\u00f6r kraftkablar.<\/p>\n<p data-start=\"440\" data-end=\"483\">Den finns tillg\u00e4nglig i flera olika konfigurationer:<\/p>\n<ul data-start=\"484\" data-end=\"585\">\n<li data-section-id=\"1b1rycm\" data-start=\"484\" data-end=\"518\">Kabelf\u00f6rgreningsbox av amerikansk typ<\/li>\n<li data-section-id=\"4zhipb\" data-start=\"519\" data-end=\"553\">Kabelf\u00f6rgreningsbox av europeisk typ<\/li>\n<li data-section-id=\"1y53ypx\" data-start=\"554\" data-end=\"585\">Lastv\u00e4xlare typ grenbox<\/li>\n<\/ul>","protected":false},"featured_media":2158,"comment_status":"open","ping_status":"closed","template":"","meta":{"site-sidebar-layout":"default","site-content-layout":"","ast-site-content-layout":"default","site-content-style":"default","site-sidebar-style":"default","ast-global-header-display":"","ast-banner-title-visibility":"","ast-main-header-display":"","ast-hfb-above-header-display":"","ast-hfb-below-header-display":"","ast-hfb-mobile-header-display":"","site-post-title":"","ast-breadcrumbs-content":"","ast-featured-img":"","footer-sml-layout":"","ast-disable-related-posts":"","theme-transparent-header-meta":"default","adv-header-id-meta":"","stick-header-meta":"","header-above-stick-meta":"","header-main-stick-meta":"","header-below-stick-meta":"","astra-migrate-meta-layouts":"set","ast-page-background-enabled":"default","ast-page-background-meta":{"desktop":{"background-color":"","background-image":"","background-repeat":"repeat","background-position":"center center","background-size":"auto","background-attachment":"scroll","background-type":"","background-media":"","overlay-type":"","overlay-color":"","overlay-opacity":"","overlay-gradient":""},"tablet":{"background-color":"","background-image":"","background-repeat":"repeat","background-position":"center center","background-size":"auto","background-attachment":"scroll","background-type":"","background-media":"","overlay-type":"","overlay-color":"","overlay-opacity":"","overlay-gradient":""},"mobile":{"background-color":"","background-image":"","background-repeat":"repeat","background-position":"center center","background-size":"auto","background-attachment":"scroll","background-type":"","background-media":"","overlay-type":"","overlay-color":"","overlay-opacity":"","overlay-gradient":""}},"ast-content-background-meta":{"desktop":{"background-color":"var(--ast-global-color-5)","background-image":"","background-repeat":"repeat","background-position":"center center","background-size":"auto","background-attachment":"scroll","background-type":"","background-media":"","overlay-type":"","overlay-color":"","overlay-opacity":"","overlay-gradient":""},"tablet":{"background-color":"var(--ast-global-color-5)","background-image":"","background-repeat":"repeat","background-position":"center center","background-size":"auto","background-attachment":"scroll","background-type":"","background-media":"","overlay-type":"","overlay-color":"","overlay-opacity":"","overlay-gradient":""},"mobile":{"background-color":"var(--ast-global-color-5)","background-image":"","background-repeat":"repeat","background-position":"center center","background-size":"auto","background-attachment":"scroll","background-type":"","background-media":"","overlay-type":"","overlay-color":"","overlay-opacity":"","overlay-gradient":""}}},"product_brand":[],"product_cat":[2036,2032],"product_tag":[2164,2165,2163,2170,2167,2171,2169,2166,2172,2168],"class_list":{"0":"post-2155","1":"product","2":"type-product","3":"status-publish","4":"has-post-thumbnail","6":"product_cat-renewable-energy-products","7":"product_cat-electrical-equipment","8":"product_tag-cable-distribution-box","9":"product_tag-cable-junction-box","10":"product_tag-dfw-cable-branch-box","11":"product_tag-electrical-cable-network-equipment","12":"product_tag-fully-insulated-cable-box","13":"product_tag-medium-voltage-cable-system","14":"product_tag-outdoor-cable-branch-cabinet","15":"product_tag-power-cable-branch-system","16":"product_tag-power-distribution-accessories","17":"product_tag-underground-cable-distribution-box","18":"desktop-align-left","19":"tablet-align-left","20":"mobile-align-left","22":"first","23":"instock","24":"shipping-taxable","25":"product-type-simple"},"_links":{"self":[{"href":"https:\/\/www.wonzh.com\/sv\/wp-json\/wp\/v2\/product\/2155","targetHints":{"allow":["GET"]}}],"collection":[{"href":"https:\/\/www.wonzh.com\/sv\/wp-json\/wp\/v2\/product"}],"about":[{"href":"https:\/\/www.wonzh.com\/sv\/wp-json\/wp\/v2\/types\/product"}],"replies":[{"embeddable":true,"href":"https:\/\/www.wonzh.com\/sv\/wp-json\/wp\/v2\/comments?post=2155"}],"wp:featuredmedia":[{"embeddable":true,"href":"https:\/\/www.wonzh.com\/sv\/wp-json\/wp\/v2\/media\/2158"}],"wp:attachment":[{"href":"https:\/\/www.wonzh.com\/sv\/wp-json\/wp\/v2\/media?parent=2155"}],"wp:term":[{"taxonomy":"product_brand","embeddable":true,"href":"https:\/\/www.wonzh.com\/sv\/wp-json\/wp\/v2\/product_brand?post=2155"},{"taxonomy":"product_cat","embeddable":true,"href":"https:\/\/www.wonzh.com\/sv\/wp-json\/wp\/v2\/product_cat?post=2155"},{"taxonomy":"product_tag","embeddable":true,"href":"https:\/\/www.wonzh.com\/sv\/wp-json\/wp\/v2\/product_tag?post=2155"}],"curies":[{"name":"wp","href":"https:\/\/api.w.org\/{rel}","templated":true}]}}