{"id":2153,"date":"2026-04-29T15:31:51","date_gmt":"2026-04-29T15:31:51","guid":{"rendered":"https:\/\/www.wonzh.com\/?post_type=product&#038;p=2153"},"modified":"2026-04-29T15:31:53","modified_gmt":"2026-04-29T15:31:53","slug":"zgs13-wind-solar-power-pad-mounted-step-up-transformer-0-69kv-to-10kv-35kv-compact-substation-transformer-for-renewable-energy-systems","status":"publish","type":"product","link":"https:\/\/www.wonzh.com\/sv\/product\/zgs13-wind-solar-power-pad-mounted-step-up-transformer-0-69kv-to-10kv-35kv-compact-substation-transformer-for-renewable-energy-systems\/","title":{"rendered":"ZGS13 Padmonterad Step-Up-transformator f\u00f6r vind- och solkraft (0,69 kV till 10 kV \/ 35 kV kompakt substationstransformator f\u00f6r f\u00f6rnybara energisystem)"},"content":{"rendered":"<p data-start=\"283\" data-end=\"466\">ZGS13-seriens upptransformator f\u00f6r vind- och solkraft \u00e4r en integrerad kompakt transformator av transformatorstationstyp avsedd f\u00f6r system f\u00f6r produktion av f\u00f6rnybar energi.<\/p>\n<p data-start=\"468\" data-end=\"532\">Den kombinerar f\u00f6ljande komponenter i en kompakt struktur:<\/p>\n<ul data-start=\"533\" data-end=\"630\">\n<li data-section-id=\"159gwlz\" data-start=\"533\" data-end=\"565\">Transformatork\u00e4rna och lindning<\/li>\n<li data-section-id=\"1nd1vfv\" data-start=\"566\" data-end=\"580\">St\u00e4llverk<\/li>\n<li data-section-id=\"1gutmwu\" data-start=\"581\" data-end=\"590\">S\u00e4kringar<\/li>\n<li data-section-id=\"1b2jgah\" data-start=\"591\" data-end=\"606\">Tappv\u00e4xlare<\/li>\n<li data-section-id=\"1d1nt9k\" data-start=\"607\" data-end=\"630\">Extrautrustning<\/li>\n<\/ul>\n<p data-start=\"632\" data-end=\"762\">Enheten anv\u00e4nder transformatorisoleringsolja som b\u00e5de isolerings- och kylmedium, vilket garanterar h\u00f6g effektivitet och stabil drift.<\/p>\n<p data-start=\"764\" data-end=\"889\">Den \u00e4r utformad f\u00f6r att omvandla genererad kraft fr\u00e5n:<br \/>\n\ud83d\udc49 0,69kV (0,27-1,14kV)<br data-start=\"839\" data-end=\"842\" \/>in i<br data-start=\"846\" data-end=\"849\" \/>\ud83d\udc49 10kV eller 35kV mellansp\u00e4nningsniv\u00e5<\/p>\n<p data-start=\"891\" data-end=\"954\">f\u00f6r n\u00e4t\u00f6verf\u00f6ring via jordkablar eller luftledningar.<\/p>\n<hr data-start=\"956\" data-end=\"959\" \/>\n<h2 data-section-id=\"lmz2ep\" data-start=\"961\" data-end=\"984\">\ud83d\udd39 Till\u00e4mpningsomr\u00e5de<\/h2>\n<p data-start=\"986\" data-end=\"1001\">Anv\u00e4nds ofta i:<\/p>\n<ul data-start=\"1002\" data-end=\"1152\">\n<li data-section-id=\"2kgmpf\" data-start=\"1002\" data-end=\"1035\">System f\u00f6r produktion av vindkraft<\/li>\n<li data-section-id=\"aj1s75\" data-start=\"1036\" data-end=\"1076\">Kraftverk f\u00f6r solceller (PV)<\/li>\n<li data-section-id=\"x0107k\" data-start=\"1077\" data-end=\"1120\">Transformatorstationer f\u00f6r insamling av f\u00f6rnybar energi<\/li>\n<li data-section-id=\"dyo4pr\" data-start=\"1121\" data-end=\"1152\">Projekt f\u00f6r distribuerad energi<\/li>\n<\/ul>\n<hr data-start=\"1154\" data-end=\"1157\" \/>\n<h2 data-section-id=\"17fvu7l\" data-start=\"1159\" data-end=\"1177\">\ud83d\udd39 Viktiga funktioner<\/h2>\n<h3 data-section-id=\"8xngy4\" data-start=\"1179\" data-end=\"1209\">\u2714 H\u00f6ggradigt integrerad design<\/h3>\n<ul data-start=\"1210\" data-end=\"1338\">\n<li data-section-id=\"18mz8ju\" data-start=\"1210\" data-end=\"1282\">Transformator + st\u00e4llverk + skyddsanordningar integrerade i en enhet<\/li>\n<li data-section-id=\"h1zq8k\" data-start=\"1283\" data-end=\"1338\">Kompakt konstruktion som l\u00e4mpar sig f\u00f6r utomhusinstallation<\/li>\n<\/ul>\n<p data-start=\"1340\" data-end=\"1392\">\ud83d\udc49 Minskar systemets komplexitet och installationskostnaden<\/p>\n<hr data-start=\"1394\" data-end=\"1397\" \/>\n<h3 data-section-id=\"13rpt0v\" data-start=\"1399\" data-end=\"1429\">\u2714 Stegvis effektomvandling<\/h3>\n<ul data-start=\"1430\" data-end=\"1532\">\n<li data-section-id=\"n0iuwa\" data-start=\"1430\" data-end=\"1490\">Omvandlar l\u00e5gsp\u00e4nningsproduktion till mellansp\u00e4nning<\/li>\n<li data-section-id=\"1udo1p2\" data-start=\"1491\" data-end=\"1532\">St\u00f6djer krav p\u00e5 n\u00e4tanslutning<\/li>\n<\/ul>\n<p data-start=\"1534\" data-end=\"1590\">\ud83d\udc49 Viktigt f\u00f6r \u00f6verf\u00f6ringssystem f\u00f6r f\u00f6rnybar energi<\/p>\n<hr data-start=\"1592\" data-end=\"1595\" \/>\n<h3 data-section-id=\"dsrx6t\" data-start=\"1597\" data-end=\"1643\">\u2714 Oljeindr\u00e4nkt isolering och kylsystem<\/h3>\n<ul data-start=\"1644\" data-end=\"1734\">\n<li data-section-id=\"13xv2st\" data-start=\"1644\" data-end=\"1734\">Anv\u00e4nder isolerande olja som:\n<ul data-start=\"1672\" data-end=\"1734\">\n<li data-section-id=\"s7zkff\" data-start=\"1672\" data-end=\"1704\">Elektriskt isoleringsmedium<\/li>\n<li data-section-id=\"m3lgqs\" data-start=\"1707\" data-end=\"1734\">Medium f\u00f6r v\u00e4rmeavledning<\/li>\n<\/ul>\n<\/li>\n<\/ul>\n<p data-start=\"1736\" data-end=\"1775\">\ud83d\udc49 S\u00e4kerst\u00e4ller stabil l\u00e5ngsiktig drift<\/p>\n<hr data-start=\"1777\" data-end=\"1780\" \/>\n<h3 data-section-id=\"q0elz3\" data-start=\"1782\" data-end=\"1823\">\u2714 Snabb installation och enkel drifts\u00e4ttning<\/h3>\n<ul data-start=\"1824\" data-end=\"1894\">\n<li data-section-id=\"1oiyy76\" data-start=\"1824\" data-end=\"1856\">Fabriksf\u00f6rmonterad design<\/li>\n<li data-section-id=\"8zqbpt\" data-start=\"1857\" data-end=\"1894\">Minimalt installationsarbete p\u00e5 plats<\/li>\n<\/ul>\n<p data-start=\"1896\" data-end=\"1938\">\ud83d\udc49 Perfekt f\u00f6r avl\u00e4gsna vind- och solkraftsparker<\/p>\n<hr data-start=\"1940\" data-end=\"1943\" \/>\n<h3 data-section-id=\"1ney3w6\" data-start=\"1945\" data-end=\"1976\">\u2714 H\u00f6g s\u00e4kerhet och tillf\u00f6rlitlighet<\/h3>\n<ul data-start=\"1977\" data-end=\"2059\">\n<li data-section-id=\"18wyaby\" data-start=\"1977\" data-end=\"2005\">Helt sluten struktur<\/li>\n<li data-section-id=\"1yfbqna\" data-start=\"2006\" data-end=\"2059\">Integrerat skyddssystem (s\u00e4kringar + st\u00e4llverk)<\/li>\n<\/ul>\n<p data-start=\"2061\" data-end=\"2105\">\ud83d\udc49 L\u00e4mplig f\u00f6r tuffa utomhusmilj\u00f6er<\/p>\n<hr data-start=\"2107\" data-end=\"2110\" \/>\n<h3 data-section-id=\"1ukkhrg\" data-start=\"2112\" data-end=\"2149\">\u2714 Energieffektiv och milj\u00f6v\u00e4nlig<\/h3>\n<ul data-start=\"2150\" data-end=\"2242\">\n<li data-section-id=\"10oncp9\" data-start=\"2150\" data-end=\"2169\">Design med l\u00e5g f\u00f6rlust<\/li>\n<li data-section-id=\"19wmozq\" data-start=\"2170\" data-end=\"2203\">Optimerad termisk prestanda<\/li>\n<li data-section-id=\"14ijk6v\" data-start=\"2204\" data-end=\"2242\">Milj\u00f6v\u00e4nlig drift<\/li>\n<\/ul>\n<hr data-start=\"2244\" data-end=\"2247\" \/>\n<h3 data-section-id=\"mvgs39\" data-start=\"2249\" data-end=\"2285\">\u2714 Flexibel sp\u00e4nningskonfiguration<\/h3>\n<p data-start=\"2286\" data-end=\"2295\">St\u00f6djer:<\/p>\n<ul data-start=\"2296\" data-end=\"2363\">\n<li data-section-id=\"mzelvn\" data-start=\"2296\" data-end=\"2332\">0,69kV ing\u00e5ng (intervall 0,27-1,14kV)<\/li>\n<li data-section-id=\"11dvkj3\" data-start=\"2333\" data-end=\"2363\">10kV \/ 35kV utg\u00e5ngsalternativ<\/li>\n<\/ul>\n<hr data-start=\"2365\" data-end=\"2368\" \/>\n<h2 data-section-id=\"149biba\" data-start=\"2370\" data-end=\"2393\">\ud83d\udd39 Arbetsprincip<\/h2>\n<ol data-start=\"2395\" data-end=\"2716\">\n<li data-section-id=\"4w3r9l\" data-start=\"2395\" data-end=\"2477\">Elektricitet som genereras av vindkraftverk eller PV-v\u00e4xelriktare g\u00e5r in i transformatorn<\/li>\n<li data-section-id=\"1s3j0n7\" data-start=\"2478\" data-end=\"2539\">Sp\u00e4nningen trappas upp fr\u00e5n l\u00e5gsp\u00e4nning till mellansp\u00e4nning<\/li>\n<li data-section-id=\"asu5i3\" data-start=\"2540\" data-end=\"2641\">Str\u00f6mmen \u00f6verf\u00f6rs till insamlingssystemet via:\n<ul data-start=\"2597\" data-end=\"2641\">\n<li data-section-id=\"1y41j33\" data-start=\"2597\" data-end=\"2619\">Underjordiska kablar<\/li>\n<li data-section-id=\"1yxobhv\" data-start=\"2623\" data-end=\"2641\">\u00d6verliggande ledningar<\/li>\n<\/ul>\n<\/li>\n<li data-section-id=\"fb5a62\" data-start=\"2642\" data-end=\"2716\">Energi levereras till vind-\/solstationen f\u00f6r integrering i eln\u00e4tet<\/li>\n<\/ol>\n<hr data-start=\"2718\" data-end=\"2721\" \/>\n<h2 data-section-id=\"1rg4wz9\" data-start=\"2723\" data-end=\"2747\">\ud83d\udd39 F\u00f6rdelar Sammanfattning<\/h2>\n<ul data-start=\"2749\" data-end=\"3022\">\n<li data-section-id=\"223ev8\" data-start=\"2749\" data-end=\"2807\">Kompakt integrerad design f\u00f6r system f\u00f6r f\u00f6rnybar energi<\/li>\n<li data-section-id=\"3v4amq\" data-start=\"2808\" data-end=\"2847\">Snabb installation och idrifttagning<\/li>\n<li data-section-id=\"1kyl9qx\" data-start=\"2848\" data-end=\"2891\">H\u00f6g tillf\u00f6rlitlighet och drifts\u00e4kerhet<\/li>\n<li data-section-id=\"1o44870\" data-start=\"2892\" data-end=\"2935\">L\u00e4mplig f\u00f6r kr\u00e4vande utomhusmilj\u00f6er<\/li>\n<li data-section-id=\"5k48t5\" data-start=\"2936\" data-end=\"2980\">St\u00f6djer sp\u00e4nningskrav p\u00e5 n\u00e4tniv\u00e5<\/li>\n<li data-section-id=\"18rnbjv\" data-start=\"2981\" data-end=\"3022\">L\u00e5gt underh\u00e5llsbehov och l\u00e5ng livsl\u00e4ngd<\/li>\n<\/ul>\n<hr data-start=\"3024\" data-end=\"3027\" \/>\n<h1 data-section-id=\"1lxd8kj\" data-start=\"3029\" data-end=\"3036\">\u2753 VANLIGA FR\u00c5GOR<\/h1>\n<h3 data-section-id=\"16tdf6s\" data-start=\"3038\" data-end=\"3091\">1\ufe0f\u20e3 Vad anv\u00e4nds en ZGS13 step-up transformator till?<\/h3>\n<p data-start=\"3093\" data-end=\"3211\">Den anv\u00e4nds f\u00f6r att:<br \/>\n\ud83d\udc49 \u00d6ka sp\u00e4nningen fr\u00e5n vind- eller solgenereringssystem till n\u00e4t\u00f6verf\u00f6ringsniv\u00e5 (10kV eller 35kV)<\/p>\n<hr data-start=\"3213\" data-end=\"3216\" \/>\n<h3 data-section-id=\"6385e5\" data-start=\"3218\" data-end=\"3248\">2\ufe0f\u20e3 Var \u00e4r den installerad?<\/h3>\n<p data-start=\"3250\" data-end=\"3273\">Det anv\u00e4nds ofta i:<\/p>\n<ul data-start=\"3274\" data-end=\"3347\">\n<li data-section-id=\"1ryn0s7\" data-start=\"3274\" data-end=\"3288\">Vindkraftsparker<\/li>\n<li data-section-id=\"igs886\" data-start=\"3289\" data-end=\"3314\">Kraftverk f\u00f6r solceller<\/li>\n<li data-section-id=\"1aribom\" data-start=\"3315\" data-end=\"3347\">Transformatorstationer f\u00f6r f\u00f6rnybar energi<\/li>\n<\/ul>\n<hr data-start=\"3349\" data-end=\"3352\" \/>\n<h3 data-section-id=\"eaniav\" data-start=\"3354\" data-end=\"3412\">3\ufe0f\u20e3 Varf\u00f6r kallas den f\u00f6r en kompakt transformatorstation?<\/h3>\n<p data-start=\"3414\" data-end=\"3436\">F\u00f6r att den integreras:<\/p>\n<ul data-start=\"3437\" data-end=\"3490\">\n<li data-section-id=\"1c2mxqr\" data-start=\"3437\" data-end=\"3452\">Transformator<\/li>\n<li data-section-id=\"1nd1vfv\" data-start=\"3453\" data-end=\"3467\">St\u00e4llverk<\/li>\n<li data-section-id=\"9lz69s\" data-start=\"3468\" data-end=\"3490\">Skyddsanordningar<\/li>\n<\/ul>\n<p data-start=\"3492\" data-end=\"3524\">\ud83d\udc49 Till en prefabricerad enhet<\/p>\n<hr data-start=\"3526\" data-end=\"3529\" \/>\n<h3 data-section-id=\"kdbnzc\" data-start=\"3531\" data-end=\"3592\">4\ufe0f\u20e3 Vad \u00e4r det som g\u00f6r den l\u00e4mplig f\u00f6r projekt inom f\u00f6rnybar energi?<\/h3>\n<ul data-start=\"3594\" data-end=\"3686\">\n<li data-section-id=\"5svd5d\" data-start=\"3594\" data-end=\"3613\">Snabb drifts\u00e4ttning<\/li>\n<li data-section-id=\"4sp4nl\" data-start=\"3614\" data-end=\"3636\">H\u00e5llbarhet utomhus<\/li>\n<li data-section-id=\"1cqlean\" data-start=\"3637\" data-end=\"3666\">Stabil sp\u00e4nningsomvandling<\/li>\n<li data-section-id=\"1s8wp6p\" data-start=\"3667\" data-end=\"3686\">L\u00e5gt underh\u00e5llsbehov<\/li>\n<\/ul>\n<hr data-start=\"3688\" data-end=\"3691\" \/>\n<h3 data-section-id=\"e1lsee\" data-start=\"3693\" data-end=\"3725\">5\ufe0f\u20e3 Anv\u00e4nder den oljekylning?<\/h3>\n<p data-start=\"3727\" data-end=\"3794\">Ja, den anv\u00e4nder:<br \/>\n\ud83d\udc49 Isolerande olja f\u00f6r b\u00e5de kylning och isolering<\/p>","protected":false},"excerpt":{"rendered":"<p data-start=\"283\" data-end=\"466\">ZGS13-seriens upptransformator f\u00f6r vind- och solkraft \u00e4r en integrerad kompakt transformator av transformatorstationstyp avsedd f\u00f6r system f\u00f6r produktion av f\u00f6rnybar energi.<\/p>\n<p data-start=\"468\" data-end=\"532\">Den kombinerar f\u00f6ljande komponenter i en kompakt struktur:<\/p>\n<ul data-start=\"533\" data-end=\"630\">\n<li data-section-id=\"159gwlz\" data-start=\"533\" data-end=\"565\">Transformatork\u00e4rna och lindning<\/li>\n<li data-section-id=\"1nd1vfv\" data-start=\"566\" data-end=\"580\">St\u00e4llverk<\/li>\n<li data-section-id=\"1gutmwu\" data-start=\"581\" data-end=\"590\">S\u00e4kringar<\/li>\n<li data-section-id=\"1b2jgah\" data-start=\"591\" data-end=\"606\">Tappv\u00e4xlare<\/li>\n<li data-section-id=\"1d1nt9k\" data-start=\"607\" data-end=\"630\">Extrautrustning<\/li>\n<\/ul>","protected":false},"featured_media":2154,"comment_status":"open","ping_status":"closed","template":"","meta":{"site-sidebar-layout":"default","site-content-layout":"","ast-site-content-layout":"default","site-content-style":"default","site-sidebar-style":"default","ast-global-header-display":"","ast-banner-title-visibility":"","ast-main-header-display":"","ast-hfb-above-header-display":"","ast-hfb-below-header-display":"","ast-hfb-mobile-header-display":"","site-post-title":"","ast-breadcrumbs-content":"","ast-featured-img":"","footer-sml-layout":"","ast-disable-related-posts":"","theme-transparent-header-meta":"default","adv-header-id-meta":"","stick-header-meta":"","header-above-stick-meta":"","header-main-stick-meta":"","header-below-stick-meta":"","astra-migrate-meta-layouts":"set","ast-page-background-enabled":"default","ast-page-background-meta":{"desktop":{"background-color":"","background-image":"","background-repeat":"repeat","background-position":"center center","background-size":"auto","background-attachment":"scroll","background-type":"","background-media":"","overlay-type":"","overlay-color":"","overlay-opacity":"","overlay-gradient":""},"tablet":{"background-color":"","background-image":"","background-repeat":"repeat","background-position":"center center","background-size":"auto","background-attachment":"scroll","background-type":"","background-media":"","overlay-type":"","overlay-color":"","overlay-opacity":"","overlay-gradient":""},"mobile":{"background-color":"","background-image":"","background-repeat":"repeat","background-position":"center center","background-size":"auto","background-attachment":"scroll","background-type":"","background-media":"","overlay-type":"","overlay-color":"","overlay-opacity":"","overlay-gradient":""}},"ast-content-background-meta":{"desktop":{"background-color":"var(--ast-global-color-5)","background-image":"","background-repeat":"repeat","background-position":"center center","background-size":"auto","background-attachment":"scroll","background-type":"","background-media":"","overlay-type":"","overlay-color":"","overlay-opacity":"","overlay-gradient":""},"tablet":{"background-color":"var(--ast-global-color-5)","background-image":"","background-repeat":"repeat","background-position":"center center","background-size":"auto","background-attachment":"scroll","background-type":"","background-media":"","overlay-type":"","overlay-color":"","overlay-opacity":"","overlay-gradient":""},"mobile":{"background-color":"var(--ast-global-color-5)","background-image":"","background-repeat":"repeat","background-position":"center center","background-size":"auto","background-attachment":"scroll","background-type":"","background-media":"","overlay-type":"","overlay-color":"","overlay-opacity":"","overlay-gradient":""}}},"product_brand":[],"product_cat":[2036,2032],"product_tag":[2156,2157,2160,2159,2155,2158,2162,2154,2161,2153,2152],"class_list":{"0":"post-2153","1":"product","2":"type-product","3":"status-publish","4":"has-post-thumbnail","6":"product_cat-renewable-energy-products","7":"product_cat-electrical-equipment","8":"product_tag-0-69kv-to-10kv-transformer","9":"product_tag-35kv-step-up-transformer","10":"product_tag-compact-substation-transformer","11":"product_tag-pad-mounted-transformer","12":"product_tag-pv-substation-transformer","13":"product_tag-renewable-energy-transformer","14":"product_tag-solar-power-equipment","15":"product_tag-solar-step-up-transformer","16":"product_tag-wind-farm-electrical-equipment","17":"product_tag-wind-power-transformer","18":"product_tag-zgs13-transformer","19":"desktop-align-left","20":"tablet-align-left","21":"mobile-align-left","23":"first","24":"instock","25":"shipping-taxable","26":"product-type-simple"},"_links":{"self":[{"href":"https:\/\/www.wonzh.com\/sv\/wp-json\/wp\/v2\/product\/2153","targetHints":{"allow":["GET"]}}],"collection":[{"href":"https:\/\/www.wonzh.com\/sv\/wp-json\/wp\/v2\/product"}],"about":[{"href":"https:\/\/www.wonzh.com\/sv\/wp-json\/wp\/v2\/types\/product"}],"replies":[{"embeddable":true,"href":"https:\/\/www.wonzh.com\/sv\/wp-json\/wp\/v2\/comments?post=2153"}],"wp:featuredmedia":[{"embeddable":true,"href":"https:\/\/www.wonzh.com\/sv\/wp-json\/wp\/v2\/media\/2154"}],"wp:attachment":[{"href":"https:\/\/www.wonzh.com\/sv\/wp-json\/wp\/v2\/media?parent=2153"}],"wp:term":[{"taxonomy":"product_brand","embeddable":true,"href":"https:\/\/www.wonzh.com\/sv\/wp-json\/wp\/v2\/product_brand?post=2153"},{"taxonomy":"product_cat","embeddable":true,"href":"https:\/\/www.wonzh.com\/sv\/wp-json\/wp\/v2\/product_cat?post=2153"},{"taxonomy":"product_tag","embeddable":true,"href":"https:\/\/www.wonzh.com\/sv\/wp-json\/wp\/v2\/product_tag?post=2153"}],"curies":[{"name":"wp","href":"https:\/\/api.w.org\/{rel}","templated":true}]}}