{"id":2151,"date":"2026-04-29T15:21:33","date_gmt":"2026-04-29T15:21:33","guid":{"rendered":"https:\/\/www.wonzh.com\/?post_type=product&#038;p=2151"},"modified":"2026-04-29T15:21:35","modified_gmt":"2026-04-29T15:21:35","slug":"ybh-series-hybrid-compact-substation-10kv-35kv-prefabricated-substation-for-solar-wind-power-distribution","status":"publish","type":"product","link":"https:\/\/www.wonzh.com\/sv\/product\/ybh-series-hybrid-compact-substation-10kv-35kv-prefabricated-substation-for-solar-wind-power-distribution\/","title":{"rendered":"YBH Series Hybrid Compact Substation (10kV\/35kV prefabricerad understation f\u00f6r distribution av sol- och vindkraft)"},"content":{"rendered":"<p data-start=\"252\" data-end=\"450\">YBH Series Hybrid Compact Substation \u00e4r en innovativ prefabricerad transformatorstation som kombinerar f\u00f6rdelarna med b\u00e5de kompakta transformatorstationer av amerikansk typ (padmonterade) och europeisk typ.<\/p>\n<p data-start=\"452\" data-end=\"611\">Till skillnad fr\u00e5n traditionella konstruktioner anv\u00e4nder YBH-serien en unik h\u00f6gsp\u00e4nningsanslutningsstruktur med egenutvecklad teknik, vilket ger en \u00f6verl\u00e4gsen balans mellan:<\/p>\n<p data-start=\"613\" data-end=\"689\">\ud83d\udc49 S\u00e4kerhet<br data-start=\"622\" data-end=\"625\" \/>\ud83d\udc49 Tillf\u00f6rlitlighet<br data-start=\"639\" data-end=\"642\" \/>\ud83d\udc49 Flexibilitet<br data-start=\"656\" data-end=\"659\" \/>\ud83d\udc49 Milj\u00f6prestanda<\/p>\n<p data-start=\"691\" data-end=\"712\">Det anv\u00e4nds i stor utstr\u00e4ckning i:<\/p>\n<ul data-start=\"713\" data-end=\"811\">\n<li data-section-id=\"1w4tyzr\" data-start=\"713\" data-end=\"744\">Anl\u00e4ggningar f\u00f6r solenergi (PV)<\/li>\n<li data-section-id=\"z32h6d\" data-start=\"745\" data-end=\"771\">Vindkraftssystem<\/li>\n<li data-section-id=\"1xsivcn\" data-start=\"772\" data-end=\"811\">10kV \/ 35kV distributionsn\u00e4t<\/li>\n<\/ul>\n<hr data-start=\"813\" data-end=\"816\" \/>\n<h2 data-section-id=\"17fvu7l\" data-start=\"818\" data-end=\"836\">\ud83d\udd39 Viktiga funktioner<\/h2>\n<h3 data-section-id=\"p055a8\" data-start=\"838\" data-end=\"893\">\u2714 Hybriddesign (det b\u00e4sta av amerikanska och europeiska typer)<\/h3>\n<ul data-start=\"894\" data-end=\"996\">\n<li data-section-id=\"1ravmmf\" data-start=\"894\" data-end=\"941\">Kombinerar kompakt struktur av amerikansk typ<\/li>\n<li data-section-id=\"h5akx7\" data-start=\"942\" data-end=\"996\">Integrerar flexibel konfiguration av europeisk typ<\/li>\n<\/ul>\n<p data-start=\"998\" data-end=\"1048\">\ud83d\udc49 Optimerad f\u00f6r moderna behov av kraftdistribution<\/p>\n<hr data-start=\"1050\" data-end=\"1053\" \/>\n<h3 data-section-id=\"jwo2v2\" data-start=\"1055\" data-end=\"1107\">\u2714 Egenutvecklad anslutningsteknik f\u00f6r h\u00f6gsp\u00e4nning<\/h3>\n<ul data-start=\"1108\" data-end=\"1180\">\n<li data-section-id=\"eeyv5\" data-start=\"1108\" data-end=\"1139\">Unik design f\u00f6r HV-anslutning<\/li>\n<li data-section-id=\"1neig4x\" data-start=\"1140\" data-end=\"1180\">F\u00f6rb\u00e4ttrad systemstabilitet och s\u00e4kerhet<\/li>\n<\/ul>\n<p data-start=\"1182\" data-end=\"1232\">\ud83d\udc49 Differentierade produktf\u00f6rdelar f\u00f6r projekt<\/p>\n<hr data-start=\"1234\" data-end=\"1237\" \/>\n<h3 data-section-id=\"1mr7066\" data-start=\"1239\" data-end=\"1279\">\u2714 Integrerad prefabricerad struktur<\/h3>\n<ul data-start=\"1280\" data-end=\"1350\">\n<li data-section-id=\"kygouv\" data-start=\"1280\" data-end=\"1324\">Transformator + HV + LV-system i en enhet<\/li>\n<li data-section-id=\"y5las0\" data-start=\"1325\" data-end=\"1350\">F\u00f6rmonterad i fabrik<\/li>\n<\/ul>\n<p data-start=\"1352\" data-end=\"1390\">\ud83d\udc49 Minskar installationstiden p\u00e5 plats<\/p>\n<hr data-start=\"1392\" data-end=\"1395\" \/>\n<h3 data-section-id=\"1ney3w6\" data-start=\"1397\" data-end=\"1428\">\u2714 H\u00f6g s\u00e4kerhet och tillf\u00f6rlitlighet<\/h3>\n<ul data-start=\"1429\" data-end=\"1488\">\n<li data-section-id=\"18wyaby\" data-start=\"1429\" data-end=\"1457\">Helt sluten struktur<\/li>\n<li data-section-id=\"eqylk7\" data-start=\"1458\" data-end=\"1488\">Komplett skyddssystem<\/li>\n<\/ul>\n<p data-start=\"1490\" data-end=\"1534\">\ud83d\udc49 L\u00e4mplig f\u00f6r tuffa utomhusmilj\u00f6er<\/p>\n<hr data-start=\"1536\" data-end=\"1539\" \/>\n<h3 data-section-id=\"1ep4gse\" data-start=\"1541\" data-end=\"1569\">\u2714 Kompakt och platsbesparande<\/h3>\n<ul data-start=\"1570\" data-end=\"1678\">\n<li data-section-id=\"1kzytt9\" data-start=\"1570\" data-end=\"1627\">Mindre fotavtryck j\u00e4mf\u00f6rt med traditionella transformatorstationer<\/li>\n<li data-section-id=\"1bdhfgw\" data-start=\"1628\" data-end=\"1678\">Idealisk f\u00f6r urbana och distribuerade energisystem<\/li>\n<\/ul>\n<hr data-start=\"1680\" data-end=\"1683\" \/>\n<h3 data-section-id=\"nixv8q\" data-start=\"1685\" data-end=\"1722\">\u2714 Milj\u00f6v\u00e4nlig design<\/h3>\n<ul data-start=\"1723\" data-end=\"1802\">\n<li data-section-id=\"16visxu\" data-start=\"1723\" data-end=\"1736\">L\u00e5g ljudniv\u00e5<\/li>\n<li data-section-id=\"xnrp06\" data-start=\"1737\" data-end=\"1771\">Minskad elektromagnetisk p\u00e5verkan<\/li>\n<li data-section-id=\"fwrxgr\" data-start=\"1772\" data-end=\"1802\">Energieffektiv drift<\/li>\n<\/ul>\n<p data-start=\"1804\" data-end=\"1843\">\ud83d\udc49 L\u00e4mplig f\u00f6r projekt inom gr\u00f6n energi<\/p>\n<hr data-start=\"1845\" data-end=\"1848\" \/>\n<h2 data-section-id=\"1hq6i26\" data-start=\"1850\" data-end=\"1873\">\ud83d\udd39 Strukturell design<\/h2>\n<h3 data-section-id=\"18zdobt\" data-start=\"1875\" data-end=\"1899\">\ud83d\udd38 H\u00f6gsp\u00e4nningsenhet<\/h3>\n<ul data-start=\"1900\" data-end=\"1965\">\n<li data-section-id=\"1vszvk\" data-start=\"1900\" data-end=\"1933\">Flexibelt system f\u00f6r HV-anslutning<\/li>\n<li data-section-id=\"wvv6oo\" data-start=\"1934\" data-end=\"1965\">S\u00e4ker och tillf\u00f6rlitlig omkoppling<\/li>\n<\/ul>\n<hr data-start=\"1967\" data-end=\"1970\" \/>\n<h3 data-section-id=\"ebkzy6\" data-start=\"1972\" data-end=\"1995\">\ud83d\udd38 Transformatornhet<\/h3>\n<ul data-start=\"1996\" data-end=\"2071\">\n<li data-section-id=\"c29kbn\" data-start=\"1996\" data-end=\"2045\">St\u00f6der oljes\u00e4nkt eller torr typ av transformator<\/li>\n<li data-section-id=\"zfd45y\" data-start=\"2046\" data-end=\"2071\">Anpassningsbar kapacitet<\/li>\n<\/ul>\n<hr data-start=\"2073\" data-end=\"2076\" \/>\n<h3 data-section-id=\"1ts15o3\" data-start=\"2078\" data-end=\"2101\">\ud83d\udd38 L\u00e5gsp\u00e4nningsenhet<\/h3>\n<ul data-start=\"2102\" data-end=\"2177\">\n<li data-section-id=\"1nhl37j\" data-start=\"2102\" data-end=\"2140\">Distributions- och skyddssystem<\/li>\n<li data-section-id=\"nc910x\" data-start=\"2141\" data-end=\"2177\">Integration av m\u00e4tning och styrning<\/li>\n<\/ul>\n<hr data-start=\"2179\" data-end=\"2182\" \/>\n<h3 data-section-id=\"1m6twft\" data-start=\"2184\" data-end=\"2200\">\ud83d\udd38 Kapsling<\/h3>\n<ul data-start=\"2201\" data-end=\"2286\">\n<li data-section-id=\"1ut0yto\" data-start=\"2201\" data-end=\"2222\">V\u00e4derbest\u00e4ndig<\/li>\n<li data-section-id=\"xvhfr1\" data-start=\"2223\" data-end=\"2248\">Antikorrosionsdesign<\/li>\n<li data-section-id=\"1qum606\" data-start=\"2249\" data-end=\"2286\">L\u00e4mplig f\u00f6r utomhusinstallation<\/li>\n<\/ul>\n<hr data-start=\"2288\" data-end=\"2291\" \/>\n<h2 data-section-id=\"15du31k\" data-start=\"2293\" data-end=\"2311\">\ud83d\udd39 Till\u00e4mpningar<\/h2>\n<p data-start=\"2313\" data-end=\"2357\">YBH Hybrid Substation anv\u00e4nds i stor utstr\u00e4ckning i:<\/p>\n<ul data-start=\"2359\" data-end=\"2542\">\n<li data-section-id=\"aj1s75\" data-start=\"2359\" data-end=\"2399\">Kraftverk f\u00f6r solceller (PV)<\/li>\n<li data-section-id=\"pdj8ig\" data-start=\"2400\" data-end=\"2424\">Projekt inom vindkraft<\/li>\n<li data-section-id=\"1oiocup\" data-start=\"2425\" data-end=\"2461\">Kraftdistributionssystem i st\u00e4der<\/li>\n<li data-section-id=\"ikoknv\" data-start=\"2462\" data-end=\"2502\">Industriella och kommersiella anl\u00e4ggningar<\/li>\n<li data-section-id=\"gftaf6\" data-start=\"2503\" data-end=\"2542\">Infrastruktur- och f\u00f6rs\u00f6rjningsprojekt<\/li>\n<\/ul>\n<hr data-start=\"2544\" data-end=\"2547\" \/>\n<h2 data-section-id=\"1rg4wz9\" data-start=\"2549\" data-end=\"2573\">\ud83d\udd39 F\u00f6rdelar Sammanfattning<\/h2>\n<ul data-start=\"2575\" data-end=\"2866\">\n<li data-section-id=\"1gwl3b8\" data-start=\"2575\" data-end=\"2632\">Hybridkonstruktion som kombinerar f\u00f6rdelarna med transformatorstationer i USA och EU<\/li>\n<li data-section-id=\"2hkvtw\" data-start=\"2633\" data-end=\"2683\">Egenutvecklad teknik f\u00f6r h\u00f6gsp\u00e4nningsanslutning<\/li>\n<li data-section-id=\"17kae4n\" data-start=\"2684\" data-end=\"2728\">Kompakt, integrerad och enkel att installera<\/li>\n<li data-section-id=\"el1xvd\" data-start=\"2729\" data-end=\"2772\">H\u00f6g s\u00e4kerhet och drifts\u00e4kerhet<\/li>\n<li data-section-id=\"blvuyk\" data-start=\"2773\" data-end=\"2816\">Idealisk f\u00f6r applikationer inom f\u00f6rnybar energi<\/li>\n<li data-section-id=\"5i22eq\" data-start=\"2817\" data-end=\"2866\">Milj\u00f6v\u00e4nlig och energieffektiv<\/li>\n<\/ul>\n<hr data-start=\"2868\" data-end=\"2871\" \/>\n<h1 data-section-id=\"1lxd8kj\" data-start=\"2873\" data-end=\"2880\">\u2753 VANLIGA FR\u00c5GOR<\/h1>\n<h3 data-section-id=\"z3zs38\" data-start=\"2882\" data-end=\"2922\">1\ufe0f\u20e3 Vad \u00e4r en hybridstation av YBH-typ?<\/h3>\n<p data-start=\"2924\" data-end=\"3023\">Det \u00e4r det:<br \/>\n\ud83d\udc49 En prefabricerad kompakt transformatorstation som kombinerar egenskaper fr\u00e5n amerikanska och europeiska typer.<\/p>\n<hr data-start=\"3025\" data-end=\"3028\" \/>\n<h3 data-section-id=\"12cezs5\" data-start=\"3030\" data-end=\"3074\">2\ufe0f\u20e3 Vilka sp\u00e4nningsniv\u00e5er har den st\u00f6d f\u00f6r?<\/h3>\n<p data-start=\"3076\" data-end=\"3128\">Typiskt:<br \/>\n\ud83d\udc49 10kV- och 35kV-distributionssystem<\/p>\n<hr data-start=\"3130\" data-end=\"3133\" \/>\n<h3 data-section-id=\"67s3uz\" data-start=\"3135\" data-end=\"3194\">3\ufe0f\u20e3 Vad g\u00f6r YBH annorlunda \u00e4n vanliga transformatorstationer?<\/h3>\n<ul data-start=\"3196\" data-end=\"3301\">\n<li data-section-id=\"1hj524x\" data-start=\"3196\" data-end=\"3216\">Hybridstruktur<\/li>\n<li data-section-id=\"whfq98\" data-start=\"3217\" data-end=\"3251\">Unik h\u00f6gsp\u00e4nningsanslutning<\/li>\n<li data-section-id=\"111rkfh\" data-start=\"3252\" data-end=\"3301\">B\u00e4ttre balans mellan kompakthet och flexibilitet<\/li>\n<\/ul>\n<hr data-start=\"3303\" data-end=\"3306\" \/>\n<h3 data-section-id=\"1638i42\" data-start=\"3308\" data-end=\"3360\">4\ufe0f\u20e3 Kan det anv\u00e4ndas i projekt f\u00f6r f\u00f6rnybar energi?<\/h3>\n<p data-start=\"3362\" data-end=\"3427\">Ja, det anv\u00e4nds ofta i:<br \/>\n\ud83d\udc49 System f\u00f6r solkraft (PV) och vindkraft<\/p>\n<hr data-start=\"3429\" data-end=\"3432\" \/>\n<h3 data-section-id=\"zb1fot\" data-start=\"3434\" data-end=\"3461\">5\ufe0f\u20e3 \u00c4r den anpassningsbar?<\/h3>\n<p data-start=\"3463\" data-end=\"3480\">Ja, det st\u00f6der:<\/p>\n<ul data-start=\"3481\" data-end=\"3574\">\n<li data-section-id=\"sbuquj\" data-start=\"3481\" data-end=\"3511\">Val av transformatortyp<\/li>\n<li data-section-id=\"1aqod29\" data-start=\"3512\" data-end=\"3538\">Anpassning av kapacitet<\/li>\n<li data-section-id=\"5l4zr8\" data-start=\"3539\" data-end=\"3574\">Design av elektrisk konfiguration<\/li>\n<\/ul>","protected":false},"excerpt":{"rendered":"<p data-start=\"252\" data-end=\"450\">YBH Series Hybrid Compact Substation \u00e4r en innovativ prefabricerad transformatorstation som kombinerar f\u00f6rdelarna med b\u00e5de kompakta transformatorstationer av amerikansk typ (padmonterade) och europeisk typ.<\/p>\n<p data-start=\"452\" data-end=\"611\">Till skillnad fr\u00e5n traditionella konstruktioner anv\u00e4nder YBH-serien en unik h\u00f6gsp\u00e4nningsanslutningsstruktur med egenutvecklad teknik, vilket ger en \u00f6verl\u00e4gsen balans mellan:<\/p>","protected":false},"featured_media":2152,"comment_status":"open","ping_status":"closed","template":"","meta":{"site-sidebar-layout":"default","site-content-layout":"","ast-site-content-layout":"default","site-content-style":"default","site-sidebar-style":"default","ast-global-header-display":"","ast-banner-title-visibility":"","ast-main-header-display":"","ast-hfb-above-header-display":"","ast-hfb-below-header-display":"","ast-hfb-mobile-header-display":"","site-post-title":"","ast-breadcrumbs-content":"","ast-featured-img":"","footer-sml-layout":"","ast-disable-related-posts":"","theme-transparent-header-meta":"default","adv-header-id-meta":"","stick-header-meta":"","header-above-stick-meta":"","header-main-stick-meta":"","header-below-stick-meta":"","astra-migrate-meta-layouts":"set","ast-page-background-enabled":"default","ast-page-background-meta":{"desktop":{"background-color":"","background-image":"","background-repeat":"repeat","background-position":"center center","background-size":"auto","background-attachment":"scroll","background-type":"","background-media":"","overlay-type":"","overlay-color":"","overlay-opacity":"","overlay-gradient":""},"tablet":{"background-color":"","background-image":"","background-repeat":"repeat","background-position":"center center","background-size":"auto","background-attachment":"scroll","background-type":"","background-media":"","overlay-type":"","overlay-color":"","overlay-opacity":"","overlay-gradient":""},"mobile":{"background-color":"","background-image":"","background-repeat":"repeat","background-position":"center center","background-size":"auto","background-attachment":"scroll","background-type":"","background-media":"","overlay-type":"","overlay-color":"","overlay-opacity":"","overlay-gradient":""}},"ast-content-background-meta":{"desktop":{"background-color":"var(--ast-global-color-5)","background-image":"","background-repeat":"repeat","background-position":"center center","background-size":"auto","background-attachment":"scroll","background-type":"","background-media":"","overlay-type":"","overlay-color":"","overlay-opacity":"","overlay-gradient":""},"tablet":{"background-color":"var(--ast-global-color-5)","background-image":"","background-repeat":"repeat","background-position":"center center","background-size":"auto","background-attachment":"scroll","background-type":"","background-media":"","overlay-type":"","overlay-color":"","overlay-opacity":"","overlay-gradient":""},"mobile":{"background-color":"var(--ast-global-color-5)","background-image":"","background-repeat":"repeat","background-position":"center center","background-size":"auto","background-attachment":"scroll","background-type":"","background-media":"","overlay-type":"","overlay-color":"","overlay-opacity":"","overlay-gradient":""}}},"product_brand":[],"product_cat":[2032,2036],"product_tag":[2145,2146,2149,2144,2151,2150,2064,2147,2148,2143],"class_list":{"0":"post-2151","1":"product","2":"type-product","3":"status-publish","4":"has-post-thumbnail","6":"product_cat-electrical-equipment","7":"product_cat-renewable-energy-products","8":"product_tag-10kv-substation","9":"product_tag-35kv-substation","10":"product_tag-compact-transformer-substation","11":"product_tag-hybrid-compact-substation","12":"product_tag-outdoor-substation-equipment","13":"product_tag-power-distribution-substation","14":"product_tag-prefabricated-substation","15":"product_tag-solar-substation","16":"product_tag-wind-power-substation","17":"product_tag-ybh-substation","18":"desktop-align-left","19":"tablet-align-left","20":"mobile-align-left","22":"first","23":"instock","24":"shipping-taxable","25":"product-type-simple"},"_links":{"self":[{"href":"https:\/\/www.wonzh.com\/sv\/wp-json\/wp\/v2\/product\/2151","targetHints":{"allow":["GET"]}}],"collection":[{"href":"https:\/\/www.wonzh.com\/sv\/wp-json\/wp\/v2\/product"}],"about":[{"href":"https:\/\/www.wonzh.com\/sv\/wp-json\/wp\/v2\/types\/product"}],"replies":[{"embeddable":true,"href":"https:\/\/www.wonzh.com\/sv\/wp-json\/wp\/v2\/comments?post=2151"}],"wp:featuredmedia":[{"embeddable":true,"href":"https:\/\/www.wonzh.com\/sv\/wp-json\/wp\/v2\/media\/2152"}],"wp:attachment":[{"href":"https:\/\/www.wonzh.com\/sv\/wp-json\/wp\/v2\/media?parent=2151"}],"wp:term":[{"taxonomy":"product_brand","embeddable":true,"href":"https:\/\/www.wonzh.com\/sv\/wp-json\/wp\/v2\/product_brand?post=2151"},{"taxonomy":"product_cat","embeddable":true,"href":"https:\/\/www.wonzh.com\/sv\/wp-json\/wp\/v2\/product_cat?post=2151"},{"taxonomy":"product_tag","embeddable":true,"href":"https:\/\/www.wonzh.com\/sv\/wp-json\/wp\/v2\/product_tag?post=2151"}],"curies":[{"name":"wp","href":"https:\/\/api.w.org\/{rel}","templated":true}]}}