{"id":2132,"date":"2026-04-28T15:33:52","date_gmt":"2026-04-28T15:33:52","guid":{"rendered":"https:\/\/www.wonzh.com\/?post_type=product&#038;p=2132"},"modified":"2026-04-29T16:14:16","modified_gmt":"2026-04-29T16:14:16","slug":"gcs-low-voltage-withdrawable-switchgear-up-to-4000a-power-distribution-motor-control-system","status":"publish","type":"product","link":"https:\/\/www.wonzh.com\/sv\/product\/gcs-low-voltage-withdrawable-switchgear-up-to-4000a-power-distribution-motor-control-system\/","title":{"rendered":"GCS utdragbart st\u00e4llverk f\u00f6r l\u00e5gsp\u00e4nning (upp till 4000A str\u00f6mf\u00f6rdelning och motorstyrsystem)"},"content":{"rendered":"<p data-start=\"255\" data-end=\"423\">De utdragbara l\u00e5gsp\u00e4nningsst\u00e4llverken i GCS-serien \u00e4r konstruerade f\u00f6r kraftdistribution, motorstyrning och kompensation av reaktiv effekt i moderna kraftsystem.<\/p>\n<p data-start=\"425\" data-end=\"483\">Den \u00e4r l\u00e4mplig f\u00f6r trefas AC-system (50Hz) med<img fetchpriority=\"high\" decoding=\"async\" class=\"size-medium wp-image-2133 alignright\" src=\"https:\/\/www.wonzh.com\/wp-content\/uploads\/2026\/04\/GCS-Low-Voltage-Withdrawable-Switchgear-Up-to-4000A-Power-Distribution-Motor-Control-System-300x300.png\" alt=\"\" width=\"300\" height=\"300\" srcset=\"https:\/\/www.wonzh.com\/wp-content\/uploads\/2026\/04\/GCS-Low-Voltage-Withdrawable-Switchgear-Up-to-4000A-Power-Distribution-Motor-Control-System-300x300.png 300w, https:\/\/www.wonzh.com\/wp-content\/uploads\/2026\/04\/GCS-Low-Voltage-Withdrawable-Switchgear-Up-to-4000A-Power-Distribution-Motor-Control-System-150x150.png 150w, https:\/\/www.wonzh.com\/wp-content\/uploads\/2026\/04\/GCS-Low-Voltage-Withdrawable-Switchgear-Up-to-4000A-Power-Distribution-Motor-Control-System-768x768.png 768w, https:\/\/www.wonzh.com\/wp-content\/uploads\/2026\/04\/GCS-Low-Voltage-Withdrawable-Switchgear-Up-to-4000A-Power-Distribution-Motor-Control-System-12x12.png 12w, https:\/\/www.wonzh.com\/wp-content\/uploads\/2026\/04\/GCS-Low-Voltage-Withdrawable-Switchgear-Up-to-4000A-Power-Distribution-Motor-Control-System-600x600.png 600w, https:\/\/www.wonzh.com\/wp-content\/uploads\/2026\/04\/GCS-Low-Voltage-Withdrawable-Switchgear-Up-to-4000A-Power-Distribution-Motor-Control-System-100x100.png 100w, https:\/\/www.wonzh.com\/wp-content\/uploads\/2026\/04\/GCS-Low-Voltage-Withdrawable-Switchgear-Up-to-4000A-Power-Distribution-Motor-Control-System.png 1000w\" sizes=\"(max-width: 300px) 100vw, 300px\" \/>h:<\/p>\n<ul data-start=\"484\" data-end=\"553\">\n<li data-section-id=\"1ua275e\" data-start=\"484\" data-end=\"518\">M\u00e4rksp\u00e4nning: 400V \/ 690V<\/li>\n<li data-section-id=\"1ui9t9i\" data-start=\"519\" data-end=\"553\">M\u00e4rkstr\u00f6m: upp till 4000A<\/li>\n<\/ul>\n<p data-start=\"555\" data-end=\"789\">Den modul\u00e4ra, utdragbara designen m\u00f6jligg\u00f6r flexibel drift, enkelt underh\u00e5ll och h\u00f6g systemtillf\u00f6rlitlighet, vilket g\u00f6r den idealisk f\u00f6r industri- och infrastrukturapplikationer som kr\u00e4ver kontinuerlig och intelligent str\u00f6mhantering.<\/p>\n<p data-start=\"791\" data-end=\"812\">Det anv\u00e4nds i stor utstr\u00e4ckning i:<\/p>\n<ul data-start=\"813\" data-end=\"1000\">\n<li data-section-id=\"13gp9hh\" data-start=\"813\" data-end=\"845\">Kraftverk och transformatorstationer<\/li>\n<li data-section-id=\"v68dal\" data-start=\"846\" data-end=\"882\">Petrokemisk industri och oljeindustri<\/li>\n<li data-section-id=\"17rxug5\" data-start=\"883\" data-end=\"929\">Metallurgisk industri och tillverkningsindustri<\/li>\n<li data-section-id=\"18q0d1j\" data-start=\"930\" data-end=\"951\">Textilfabriker<\/li>\n<li data-section-id=\"1ij7n1e\" data-start=\"952\" data-end=\"1000\">H\u00f6ghus och kommersiella komplex<\/li>\n<\/ul>\n<hr data-start=\"1002\" data-end=\"1005\" \/>\n<h2 data-section-id=\"17fvu7l\" data-start=\"1007\" data-end=\"1025\">\ud83d\udd39 Viktiga funktioner<\/h2>\n<h3 data-section-id=\"1ms3rs4\" data-start=\"1027\" data-end=\"1060\">\u2714 Modul\u00e4rt uttagbart utf\u00f6rande<\/h3>\n<ul data-start=\"1061\" data-end=\"1145\">\n<li data-section-id=\"rzk20g\" data-start=\"1061\" data-end=\"1093\">Funktionella enheter av l\u00e5dtyp<\/li>\n<li data-section-id=\"1bdsdea\" data-start=\"1094\" data-end=\"1145\">Enkel installation, utbyte och underh\u00e5ll<\/li>\n<\/ul>\n<p data-start=\"1147\" data-end=\"1192\">\ud83d\udc49 Minskar stillest\u00e5ndstiden och f\u00f6rb\u00e4ttrar effektiviteten<\/p>\n<hr data-start=\"1194\" data-end=\"1197\" \/>\n<h3 data-section-id=\"2w9o6u\" data-start=\"1199\" data-end=\"1230\">\u2714 H\u00f6g tillf\u00f6rlitlighet och s\u00e4kerhet<\/h3>\n<ul data-start=\"1231\" data-end=\"1328\">\n<li data-section-id=\"1gq6mz6\" data-start=\"1231\" data-end=\"1274\">Avancerat elektriskt f\u00f6rreglingssystem<\/li>\n<li data-section-id=\"nhyewn\" data-start=\"1275\" data-end=\"1300\">F\u00f6rhindrar felaktig drift<\/li>\n<li data-section-id=\"1605knx\" data-start=\"1301\" data-end=\"1328\">S\u00e4kerst\u00e4ller operat\u00f6rens s\u00e4kerhet<\/li>\n<\/ul>\n<hr data-start=\"1330\" data-end=\"1333\" \/>\n<h3 data-section-id=\"u4z51z\" data-start=\"1335\" data-end=\"1363\">\u2714 Flexibel konfiguration<\/h3>\n<ul data-start=\"1364\" data-end=\"1455\">\n<li data-section-id=\"sazqw8\" data-start=\"1364\" data-end=\"1455\">St\u00f6djer:\n<ul data-start=\"1378\" data-end=\"1455\">\n<li data-section-id=\"1tv7qr1\" data-start=\"1378\" data-end=\"1400\">Str\u00f6mf\u00f6rdelning<\/li>\n<li data-section-id=\"zm7t8o\" data-start=\"1403\" data-end=\"1426\">Motorstyrning (MCC)<\/li>\n<li data-section-id=\"yuz8vg\" data-start=\"1429\" data-end=\"1455\">Kompensation av kondensator<\/li>\n<\/ul>\n<\/li>\n<\/ul>\n<p data-start=\"1457\" data-end=\"1504\">\ud83d\udc49 L\u00e4mplig f\u00f6r olika applikationsscenarier<\/p>\n<hr data-start=\"1506\" data-end=\"1509\" \/>\n<h3 data-section-id=\"11dpq2p\" data-start=\"1511\" data-end=\"1538\">\u2714 H\u00f6g str\u00f6mkapacitet<\/h3>\n<ul data-start=\"1539\" data-end=\"1615\">\n<li data-section-id=\"1udyif0\" data-start=\"1539\" data-end=\"1572\">M\u00e4rkstr\u00f6m upp till 4000A<\/li>\n<li data-section-id=\"11waltv\" data-start=\"1573\" data-end=\"1615\">L\u00e4mplig f\u00f6r storskaliga kraftsystem<\/li>\n<\/ul>\n<hr data-start=\"1617\" data-end=\"1620\" \/>\n<h3 data-section-id=\"56aejm\" data-start=\"1622\" data-end=\"1658\">\u2714 F\u00f6rm\u00e5ga till intelligent styrning<\/h3>\n<ul data-start=\"1659\" data-end=\"1759\">\n<li data-section-id=\"1q3ju9x\" data-start=\"1659\" data-end=\"1697\">Kompatibel med automationssystem<\/li>\n<li data-section-id=\"ls73aw\" data-start=\"1698\" data-end=\"1759\">St\u00f6djer kommunikation med datorer och styrsystem<\/li>\n<\/ul>\n<p data-start=\"1761\" data-end=\"1813\">\ud83d\udc49 Idealisk f\u00f6r smarta fabriker och automatiserade system<\/p>\n<hr data-start=\"1815\" data-end=\"1818\" \/>\n<h3 data-section-id=\"1hweg03\" data-start=\"1820\" data-end=\"1845\">\u2714 Stark anpassningsf\u00f6rm\u00e5ga<\/h3>\n<ul data-start=\"1846\" data-end=\"1942\">\n<li data-section-id=\"ug4n5v\" data-start=\"1846\" data-end=\"1892\">L\u00e4mplig f\u00f6r tuffa industriella milj\u00f6er<\/li>\n<li data-section-id=\"1e4pl9p\" data-start=\"1893\" data-end=\"1942\">Stabila prestanda under kontinuerlig drift<\/li>\n<\/ul>\n<hr data-start=\"1944\" data-end=\"1947\" \/>\n<h2 data-section-id=\"1hq6i26\" data-start=\"1949\" data-end=\"1972\">\ud83d\udd39 Strukturell design<\/h2>\n<h3 data-section-id=\"1xh03j4\" data-start=\"1974\" data-end=\"1998\">\ud83d\udd38 Sk\u00e5pets struktur<\/h3>\n<ul data-start=\"1999\" data-end=\"2099\">\n<li data-section-id=\"rca4d3\" data-start=\"1999\" data-end=\"2030\">Modul\u00e4rt sammansatt struktur<\/li>\n<li data-section-id=\"i5treg\" data-start=\"2031\" data-end=\"2060\">Ram av h\u00f6gh\u00e5llfast st\u00e5l<\/li>\n<li data-section-id=\"1bdd9s6\" data-start=\"2061\" data-end=\"2099\">Kompakt och utrymmeseffektiv design<\/li>\n<\/ul>\n<hr data-start=\"2101\" data-end=\"2104\" \/>\n<h3 data-section-id=\"v76t0e\" data-start=\"2106\" data-end=\"2131\">\ud83d\udd38 Uttagbara enheter<\/h3>\n<ul data-start=\"2132\" data-end=\"2221\">\n<li data-section-id=\"gzz3tl\" data-start=\"2132\" data-end=\"2175\">L\u00e5dkonstruktion f\u00f6r funktionella enheter<\/li>\n<li data-section-id=\"mhiher\" data-start=\"2176\" data-end=\"2221\">Standardiserade moduler f\u00f6r enkelt utbyte<\/li>\n<\/ul>\n<p data-start=\"2223\" data-end=\"2234\">\u27a1 F\u00f6rdelar:<\/p>\n<ul data-start=\"2235\" data-end=\"2277\">\n<li data-section-id=\"1o62h68\" data-start=\"2235\" data-end=\"2256\">Snabbt underh\u00e5ll<\/li>\n<li data-section-id=\"16zesr\" data-start=\"2257\" data-end=\"2277\">Minskad stillest\u00e5ndstid<\/li>\n<\/ul>\n<hr data-start=\"2279\" data-end=\"2282\" \/>\n<h3 data-section-id=\"1tnodmb\" data-start=\"2284\" data-end=\"2304\">\ud83d\udd38 Samlingsskenesystem<\/h3>\n<ul data-start=\"2305\" data-end=\"2383\">\n<li data-section-id=\"rj0pb8\" data-start=\"2305\" data-end=\"2341\">Samlingsskenor av koppar med h\u00f6g ledningsf\u00f6rm\u00e5ga<\/li>\n<li data-section-id=\"11i1xl1\" data-start=\"2342\" data-end=\"2383\">Optimerad layout f\u00f6r v\u00e4rmeavledning<\/li>\n<\/ul>\n<p data-start=\"2385\" data-end=\"2396\">\u27a1 Funktioner:<\/p>\n<ul data-start=\"2397\" data-end=\"2447\">\n<li data-section-id=\"11d9kpn\" data-start=\"2397\" data-end=\"2422\">H\u00f6g str\u00f6mkapacitet<\/li>\n<li data-section-id=\"173shq5\" data-start=\"2423\" data-end=\"2447\">L\u00e5g temperatur\u00f6kning<\/li>\n<\/ul>\n<hr data-start=\"2449\" data-end=\"2452\" \/>\n<h3 data-section-id=\"1x6mgn9\" data-start=\"2454\" data-end=\"2478\">\ud83d\udd38 Skyddssystem<\/h3>\n<ul data-start=\"2479\" data-end=\"2590\">\n<li data-section-id=\"1qpbf50\" data-start=\"2479\" data-end=\"2590\">Kompletta skyddsfunktioner:\n<ul data-start=\"2514\" data-end=\"2590\">\n<li data-section-id=\"14s7m03\" data-start=\"2514\" data-end=\"2537\">Skydd mot \u00f6verbelastning<\/li>\n<li data-section-id=\"xnufhj\" data-start=\"2540\" data-end=\"2568\">Skydd mot kortslutning<\/li>\n<li data-section-id=\"1gniwxy\" data-start=\"2571\" data-end=\"2590\">Isolering av fel<\/li>\n<\/ul>\n<\/li>\n<\/ul>\n<hr data-start=\"2592\" data-end=\"2595\" \/>\n<h3 data-section-id=\"jsk2jm\" data-start=\"2597\" data-end=\"2627\">\ud83d\udd38 Styrning &amp; kommunikation<\/h3>\n<ul data-start=\"2628\" data-end=\"2710\">\n<li data-section-id=\"12xyfr6\" data-start=\"2628\" data-end=\"2667\">St\u00f6djer PLC- och datorgr\u00e4nssnitt<\/li>\n<li data-section-id=\"bkrhvp\" data-start=\"2668\" data-end=\"2710\">L\u00e4mplig f\u00f6r automatiserade styrsystem<\/li>\n<\/ul>\n<hr data-start=\"2712\" data-end=\"2715\" \/>\n<h2 data-section-id=\"15du31k\" data-start=\"2717\" data-end=\"2735\">\ud83d\udd39 Till\u00e4mpningar<\/h2>\n<ul data-start=\"2737\" data-end=\"2922\">\n<li data-section-id=\"19y712\" data-start=\"2737\" data-end=\"2782\">Kraftgenerering och distributionssystem<\/li>\n<li data-section-id=\"1qs4a2s\" data-start=\"2783\" data-end=\"2807\">Petrokemiska anl\u00e4ggningar<\/li>\n<li data-section-id=\"1y4z0ss\" data-start=\"2808\" data-end=\"2847\">Industriella tillverkningsanl\u00e4ggningar<\/li>\n<li data-section-id=\"6m4zjg\" data-start=\"2848\" data-end=\"2894\">H\u00f6ghus och kommersiella centra<\/li>\n<li data-section-id=\"1e17v55\" data-start=\"2895\" data-end=\"2922\">Infrastrukturprojekt<\/li>\n<\/ul>\n<hr data-start=\"2924\" data-end=\"2927\" \/>\n<h2 data-section-id=\"1rg4wz9\" data-start=\"2929\" data-end=\"2953\">\ud83d\udd39 F\u00f6rdelar Sammanfattning<\/h2>\n<ul data-start=\"2955\" data-end=\"3197\">\n<li data-section-id=\"z0351a\" data-start=\"2955\" data-end=\"2986\">Modul\u00e4rt utdragbar design<\/li>\n<li data-section-id=\"1wao6ap\" data-start=\"2987\" data-end=\"3018\">H\u00f6g s\u00e4kerhet och tillf\u00f6rlitlighet<\/li>\n<li data-section-id=\"1q8mitz\" data-start=\"3019\" data-end=\"3068\">Flexibel konfiguration f\u00f6r flera funktioner<\/li>\n<li data-section-id=\"82rthe\" data-start=\"3069\" data-end=\"3109\">St\u00f6djer intelligenta styrsystem<\/li>\n<li data-section-id=\"1am4nmt\" data-start=\"3110\" data-end=\"3144\">Enkelt underh\u00e5ll och enkel drift<\/li>\n<li data-section-id=\"1kvgnyc\" data-start=\"3145\" data-end=\"3197\">L\u00e4mplig f\u00f6r storskaliga industriella till\u00e4mpningar<\/li>\n<\/ul>\n<hr data-start=\"3199\" data-end=\"3202\" \/>\n<h1 data-section-id=\"1lxd8kj\" data-start=\"3204\" data-end=\"3211\">\u2753 VANLIGA FR\u00c5GOR<\/h1>\n<h3 data-section-id=\"n1rjwe\" data-start=\"3213\" data-end=\"3255\">1\ufe0f\u20e3 Vad \u00e4r ett utdragbart st\u00e4llverk?<\/h3>\n<p data-start=\"3257\" data-end=\"3384\">I ett utdragbart st\u00e4llverk anv\u00e4nds enheter av l\u00e5dtyp som kan tas bort eller bytas ut utan att hela systemet st\u00e4ngs av.<\/p>\n<p data-start=\"3386\" data-end=\"3449\">\ud83d\udc49 Detta f\u00f6rb\u00e4ttrar underh\u00e5llseffektiviteten och systemets tillf\u00f6rlitlighet.<\/p>\n<hr data-start=\"3451\" data-end=\"3454\" \/>\n<h3 data-section-id=\"vheh8a\" data-start=\"3456\" data-end=\"3520\">2\ufe0f\u20e3 Vad \u00e4r skillnaden mellan GCS och fasta st\u00e4llverk?<\/h3>\n<ul data-start=\"3522\" data-end=\"3624\">\n<li data-section-id=\"fkedhn\" data-start=\"3522\" data-end=\"3575\">GCS: Uttagbar, flexibel, enkelt underh\u00e5ll<\/li>\n<li data-section-id=\"zfbo4r\" data-start=\"3576\" data-end=\"3624\">Fast typ: L\u00e4gre kostnad men mindre flexibel<\/li>\n<\/ul>\n<p data-start=\"3626\" data-end=\"3676\">\ud83d\udc49 GCS \u00e4r b\u00e4ttre f\u00f6r komplexa och kritiska system.<\/p>\n<hr data-start=\"3678\" data-end=\"3681\" \/>\n<h3 data-section-id=\"17jpg85\" data-start=\"3683\" data-end=\"3748\">3\ufe0f\u20e3 Kan GCS st\u00e4llverk integreras med automationssystem?<\/h3>\n<p data-start=\"3750\" data-end=\"3767\">Ja, det st\u00f6der:<\/p>\n<ul data-start=\"3768\" data-end=\"3833\">\n<li data-section-id=\"11o480x\" data-start=\"3768\" data-end=\"3783\">PLC-system<\/li>\n<li data-section-id=\"f41at5\" data-start=\"3784\" data-end=\"3807\">Datorgr\u00e4nssnitt<\/li>\n<li data-section-id=\"ecp77k\" data-start=\"3808\" data-end=\"3833\">Smarta styrsystem<\/li>\n<\/ul>\n<p data-start=\"3835\" data-end=\"3886\">\ud83d\udc49 Idealisk f\u00f6r industriell automation och smarta eln\u00e4t.<\/p>\n<hr data-start=\"3888\" data-end=\"3891\" \/>\n<h3 data-section-id=\"1a8r5p4\" data-start=\"3893\" data-end=\"3945\">4\ufe0f\u20e3 Vilka branscher anv\u00e4nder vanligen GCS st\u00e4llverk?<\/h3>\n<p data-start=\"3947\" data-end=\"3968\">Det anv\u00e4nds i stor utstr\u00e4ckning i:<\/p>\n<ul data-start=\"3969\" data-end=\"4062\">\n<li data-section-id=\"1q4mphf\" data-start=\"3969\" data-end=\"3985\">Kraftverk<\/li>\n<li data-section-id=\"njd3e2\" data-start=\"3986\" data-end=\"4012\">Petrokemisk industri<\/li>\n<li data-section-id=\"u3fi1o\" data-start=\"4013\" data-end=\"4037\">Tillverkningsanl\u00e4ggningar<\/li>\n<li data-section-id=\"hfihxt\" data-start=\"4038\" data-end=\"4062\">Kommersiella byggnader<\/li>\n<\/ul>","protected":false},"excerpt":{"rendered":"<p data-start=\"255\" data-end=\"423\">De utdragbara l\u00e5gsp\u00e4nningsst\u00e4llverken i GCS-serien \u00e4r konstruerade f\u00f6r kraftdistribution, motorstyrning och kompensation av reaktiv effekt i moderna kraftsystem.<\/p>\n<p data-start=\"425\" data-end=\"483\">Den \u00e4r l\u00e4mplig f\u00f6r trefas AC-system (50Hz) med:<\/p>\n<ul data-start=\"484\" data-end=\"553\">\n<li data-section-id=\"1ua275e\" data-start=\"484\" data-end=\"518\">M\u00e4rksp\u00e4nning: 400V \/ 690V<\/li>\n<li data-section-id=\"1ui9t9i\" data-start=\"519\" data-end=\"553\">M\u00e4rkstr\u00f6m: upp till 4000A<\/li>\n<\/ul>","protected":false},"featured_media":2133,"comment_status":"open","ping_status":"closed","template":"","meta":{"site-sidebar-layout":"default","site-content-layout":"","ast-site-content-layout":"default","site-content-style":"default","site-sidebar-style":"default","ast-global-header-display":"","ast-banner-title-visibility":"","ast-main-header-display":"","ast-hfb-above-header-display":"","ast-hfb-below-header-display":"","ast-hfb-mobile-header-display":"","site-post-title":"","ast-breadcrumbs-content":"","ast-featured-img":"","footer-sml-layout":"","ast-disable-related-posts":"","theme-transparent-header-meta":"default","adv-header-id-meta":"","stick-header-meta":"","header-above-stick-meta":"","header-main-stick-meta":"","header-below-stick-meta":"","astra-migrate-meta-layouts":"set","ast-page-background-enabled":"default","ast-page-background-meta":{"desktop":{"background-color":"","background-image":"","background-repeat":"repeat","background-position":"center center","background-size":"auto","background-attachment":"scroll","background-type":"","background-media":"","overlay-type":"","overlay-color":"","overlay-opacity":"","overlay-gradient":""},"tablet":{"background-color":"","background-image":"","background-repeat":"repeat","background-position":"center center","background-size":"auto","background-attachment":"scroll","background-type":"","background-media":"","overlay-type":"","overlay-color":"","overlay-opacity":"","overlay-gradient":""},"mobile":{"background-color":"","background-image":"","background-repeat":"repeat","background-position":"center center","background-size":"auto","background-attachment":"scroll","background-type":"","background-media":"","overlay-type":"","overlay-color":"","overlay-opacity":"","overlay-gradient":""}},"ast-content-background-meta":{"desktop":{"background-color":"var(--ast-global-color-5)","background-image":"","background-repeat":"repeat","background-position":"center center","background-size":"auto","background-attachment":"scroll","background-type":"","background-media":"","overlay-type":"","overlay-color":"","overlay-opacity":"","overlay-gradient":""},"tablet":{"background-color":"var(--ast-global-color-5)","background-image":"","background-repeat":"repeat","background-position":"center center","background-size":"auto","background-attachment":"scroll","background-type":"","background-media":"","overlay-type":"","overlay-color":"","overlay-opacity":"","overlay-gradient":""},"mobile":{"background-color":"var(--ast-global-color-5)","background-image":"","background-repeat":"repeat","background-position":"center center","background-size":"auto","background-attachment":"scroll","background-type":"","background-media":"","overlay-type":"","overlay-color":"","overlay-opacity":"","overlay-gradient":""}}},"product_brand":[],"product_cat":[2035,2032],"product_tag":[2096,2043,2093,2099,2094,2098,2097,2100,2101,2095],"class_list":{"0":"post-2132","1":"product","2":"type-product","3":"status-publish","4":"has-post-thumbnail","6":"product_cat-high-and-low-voltage-switchgear","7":"product_cat-electrical-equipment","8":"product_tag-electrical-cabinet","9":"product_tag-electrical-equipment","10":"product_tag-gcs-switchgear","11":"product_tag-industrial-switchgear","12":"product_tag-low-voltage-switchgear","13":"product_tag-mcc-panel","14":"product_tag-power-distribution-equipment","15":"product_tag-smart-switchgear","16":"product_tag-transformer-equipment","17":"product_tag-withdrawable-switchgear","18":"desktop-align-left","19":"tablet-align-left","20":"mobile-align-left","22":"first","23":"instock","24":"shipping-taxable","25":"product-type-simple"},"_links":{"self":[{"href":"https:\/\/www.wonzh.com\/sv\/wp-json\/wp\/v2\/product\/2132","targetHints":{"allow":["GET"]}}],"collection":[{"href":"https:\/\/www.wonzh.com\/sv\/wp-json\/wp\/v2\/product"}],"about":[{"href":"https:\/\/www.wonzh.com\/sv\/wp-json\/wp\/v2\/types\/product"}],"replies":[{"embeddable":true,"href":"https:\/\/www.wonzh.com\/sv\/wp-json\/wp\/v2\/comments?post=2132"}],"wp:featuredmedia":[{"embeddable":true,"href":"https:\/\/www.wonzh.com\/sv\/wp-json\/wp\/v2\/media\/2133"}],"wp:attachment":[{"href":"https:\/\/www.wonzh.com\/sv\/wp-json\/wp\/v2\/media?parent=2132"}],"wp:term":[{"taxonomy":"product_brand","embeddable":true,"href":"https:\/\/www.wonzh.com\/sv\/wp-json\/wp\/v2\/product_brand?post=2132"},{"taxonomy":"product_cat","embeddable":true,"href":"https:\/\/www.wonzh.com\/sv\/wp-json\/wp\/v2\/product_cat?post=2132"},{"taxonomy":"product_tag","embeddable":true,"href":"https:\/\/www.wonzh.com\/sv\/wp-json\/wp\/v2\/product_tag?post=2132"}],"curies":[{"name":"wp","href":"https:\/\/api.w.org\/{rel}","templated":true}]}}