{"id":1480,"date":"2026-02-03T15:17:38","date_gmt":"2026-02-03T15:17:38","guid":{"rendered":"https:\/\/www.wonzh.com\/?post_type=product&#038;p=1480"},"modified":"2026-02-05T15:25:42","modified_gmt":"2026-02-05T15:25:42","slug":"ceramic-lined-parts-for-abrasion-resistant-industrial-applications","status":"publish","type":"product","link":"https:\/\/www.wonzh.com\/sv\/product\/ceramic-lined-parts-for-abrasion-resistant-industrial-applications\/","title":{"rendered":"Keramiskt fodrade delar f\u00f6r n\u00f6tningsbest\u00e4ndiga industriapplikationer"},"content":{"rendered":"<p data-start=\"580\" data-end=\"910\">Keramiskt fodrade delar som levereras av Wonzh \u00e4r konstruerade f\u00f6r att motst\u00e5 sv\u00e5r n\u00f6tning, h\u00f6g p\u00e5verkan och korrosiva milj\u00f6er i industrimaskiner. Dessa delar anv\u00e4nds ofta i gruvdrift, cement, st\u00e5l, kemisk bearbetning, kraftproduktion och materialhanteringsutrustning f\u00f6r att f\u00f6rl\u00e4nga livsl\u00e4ngden p\u00e5 komponenter med h\u00f6gt slitage.<\/p>\n<p data-start=\"912\" data-end=\"1304\">V\u00e5ra delar kombinerar en t\u00e5lig metallbas (kolst\u00e5l, legerat st\u00e5l eller rostfritt st\u00e5l) med ett h\u00f6gkvalitativt keramiskt foder som ger exceptionell h\u00e5rdhet, slitstyrka och slagt\u00e5lighet. Tillverkningsprocesserna omfattar CNC-bearbetning med precision, keramisk inb\u00e4ddning, limning och ytbehandling, vilket s\u00e4kerst\u00e4ller att fodret \u00e4r h\u00e5llbart, enhetligt och s\u00e4kert f\u00e4st vid basen.<\/p>\n<p data-start=\"1306\" data-end=\"1612\">Wonzh erbjuder standard- och kundanpassade keramiskt fodrade delar, konstruerade enligt kundens specifikationer, OEM-krav eller utrustningsmodeller. V\u00e5rt tekniska team ger r\u00e5d om val av keramiskt material, tjocklek, geometri och limningstekniker f\u00f6r att optimera prestanda under tuffa driftsf\u00f6rh\u00e5llanden.<\/p>\n<h2 data-start=\"1619\" data-end=\"1638\"><strong data-start=\"1622\" data-end=\"1638\">Viktiga funktioner<\/strong><\/h2>\n<ul data-start=\"1640\" data-end=\"1959\">\n<li data-start=\"1640\" data-end=\"1681\">\n<p data-start=\"1642\" data-end=\"1681\">\u00d6verl\u00e4gsen slitstyrka och n\u00f6tningsbest\u00e4ndighet<\/p>\n<\/li>\n<li data-start=\"1682\" data-end=\"1719\">\n<p data-start=\"1684\" data-end=\"1719\">Motst\u00e5ndskraftig mot st\u00f6tar och korrosion<\/p>\n<\/li>\n<li data-start=\"1720\" data-end=\"1780\">\n<p data-start=\"1722\" data-end=\"1780\">Maskinbearbetning med h\u00f6g precision f\u00f6r konsekvent passform och funktion<\/p>\n<\/li>\n<li data-start=\"1781\" data-end=\"1836\">\n<p data-start=\"1783\" data-end=\"1836\">Anpassningsbara former, storlekar och keramiktjocklekar<\/p>\n<\/li>\n<li data-start=\"1837\" data-end=\"1894\">\n<p data-start=\"1839\" data-end=\"1894\">St\u00f6d f\u00f6r prototyp-, sm\u00e5parti- och massproduktion<\/p>\n<\/li>\n<li data-start=\"1895\" data-end=\"1959\">\n<p data-start=\"1897\" data-end=\"1959\">F\u00f6rl\u00e4nger utrustningens livsl\u00e4ngd och minskar underh\u00e5llskostnaderna<\/p>\n<\/li>\n<\/ul>\n<h2 data-start=\"1966\" data-end=\"1993\"><strong data-start=\"1969\" data-end=\"1993\">Typiska till\u00e4mpningar<\/strong><\/h2>\n<ul data-start=\"1995\" data-end=\"2334\">\n<li data-start=\"1995\" data-end=\"2062\">\n<p data-start=\"1997\" data-end=\"2062\">R\u00e4nnor, trattar och matarr\u00f6r inom gruv- och cementindustrin<\/p>\n<\/li>\n<li data-start=\"2063\" data-end=\"2112\">\n<p data-start=\"2065\" data-end=\"2112\">Slitfoder f\u00f6r kvarnar, krossar och malverk<\/p>\n<\/li>\n<li data-start=\"2113\" data-end=\"2158\">\n<p data-start=\"2115\" data-end=\"2158\">Pumpar och ventiler f\u00f6r hantering av abrasiv slurry<\/p>\n<\/li>\n<li data-start=\"2159\" data-end=\"2210\">\n<p data-start=\"2161\" data-end=\"2210\">Materialhanterings- och bulkbearbetningsutrustning<\/p>\n<\/li>\n<li data-start=\"2211\" data-end=\"2266\">\n<p data-start=\"2213\" data-end=\"2266\">Maskiner f\u00f6r kraftgenerering och industriella r\u00f6rledningar<\/p>\n<\/li>\n<li data-start=\"2267\" data-end=\"2334\">\n<p data-start=\"2269\" data-end=\"2334\">Kemi- och processutrustning som uts\u00e4tts f\u00f6r slitage och korrosion<\/p>\n<\/li>\n<\/ul>\n<h2 data-start=\"2341\" data-end=\"2382\"><strong data-start=\"2344\" data-end=\"2382\">Delar med keramiskt foder - typer vi levererar<\/strong><\/h2>\n<div class=\"TyagGW_tableContainer\">\n<div class=\"group TyagGW_tableWrapper flex flex-col-reverse w-fit\" tabindex=\"-1\">\n<table class=\"w-fit min-w-(--thread-content-width)\" data-start=\"2384\" data-end=\"2969\">\n<thead data-start=\"2384\" data-end=\"2430\">\n<tr data-start=\"2384\" data-end=\"2430\">\n<th data-start=\"2384\" data-end=\"2401\" data-col-size=\"sm\">Komponenttyp<\/th>\n<th data-start=\"2401\" data-end=\"2415\" data-col-size=\"md\">Beskrivning<\/th>\n<th data-start=\"2415\" data-end=\"2430\" data-col-size=\"sm\">Typisk anv\u00e4ndning<\/th>\n<\/tr>\n<\/thead>\n<tbody data-start=\"2445\" data-end=\"2969\">\n<tr data-start=\"2445\" data-end=\"2543\">\n<td data-start=\"2445\" data-end=\"2473\" data-col-size=\"sm\"><strong data-start=\"2447\" data-end=\"2472\">Foder f\u00f6r beh\u00e5llare och r\u00e4nnor<\/strong><\/td>\n<td data-start=\"2473\" data-end=\"2513\" data-col-size=\"md\">Plattor eller segment kl\u00e4dda med keramik<\/td>\n<td data-start=\"2513\" data-end=\"2543\" data-col-size=\"sm\">Hantering av abrasiva material<\/td>\n<\/tr>\n<tr data-start=\"2544\" data-end=\"2640\">\n<td data-start=\"2544\" data-end=\"2572\" data-col-size=\"sm\"><strong data-start=\"2546\" data-end=\"2571\">Liners f\u00f6r kvarn\/kross<\/strong><\/td>\n<td data-start=\"2572\" data-end=\"2604\" data-col-size=\"md\">Keramiskt belagda plattor eller st\u00e4nger<\/td>\n<td data-start=\"2604\" data-end=\"2640\" data-col-size=\"sm\">Slipning och krossning<\/td>\n<\/tr>\n<tr data-start=\"2641\" data-end=\"2752\">\n<td data-start=\"2641\" data-end=\"2671\" data-col-size=\"sm\"><strong data-start=\"2643\" data-end=\"2670\">Pump- \/ ventilkomponenter<\/strong><\/td>\n<td data-start=\"2671\" data-end=\"2714\" data-col-size=\"md\">Keramiskt foder f\u00f6r pumphjul och h\u00f6ljen<\/td>\n<td data-start=\"2714\" data-end=\"2752\" data-col-size=\"sm\">Hantering av slurry och slipande v\u00e4tskor<\/td>\n<\/tr>\n<tr data-start=\"2753\" data-end=\"2850\">\n<td data-start=\"2753\" data-end=\"2778\" data-col-size=\"sm\"><strong data-start=\"2755\" data-end=\"2777\">Foderr\u00f6r \/ r\u00f6rfoder<\/strong><\/td>\n<td data-start=\"2778\" data-end=\"2810\" data-col-size=\"md\">Keramiska insatser f\u00f6r r\u00f6rledningar<\/td>\n<td data-start=\"2810\" data-end=\"2850\" data-col-size=\"sm\">Transport av slam och korrosiva medier<\/td>\n<\/tr>\n<tr data-start=\"2851\" data-end=\"2969\">\n<td data-start=\"2851\" data-end=\"2884\" data-col-size=\"sm\"><strong data-start=\"2853\" data-end=\"2883\">Kundanpassade keramiskt fodrade delar<\/strong><\/td>\n<td data-start=\"2884\" data-end=\"2930\" data-col-size=\"md\">Konstruerad enligt ritning eller OEM-specifikation<\/td>\n<td data-start=\"2930\" data-end=\"2969\" data-col-size=\"sm\">Specialiserade industriella till\u00e4mpningar<\/td>\n<\/tr>\n<\/tbody>\n<\/table>\n<\/div>\n<\/div>\n<h2 data-start=\"2976\" data-end=\"3028\"><strong data-start=\"2979\" data-end=\"3026\">Tekniska parametrar (representativt omr\u00e5de)<\/strong><\/h2>\n<div class=\"TyagGW_tableContainer\">\n<div class=\"group TyagGW_tableWrapper flex flex-col-reverse w-fit\" tabindex=\"-1\">\n<table class=\"w-fit min-w-(--thread-content-width)\" data-start=\"3030\" data-end=\"3579\">\n<thead data-start=\"3030\" data-end=\"3067\">\n<tr data-start=\"3030\" data-end=\"3067\">\n<th data-start=\"3030\" data-end=\"3042\" data-col-size=\"sm\">Parameter<\/th>\n<th data-start=\"3042\" data-end=\"3067\" data-col-size=\"md\">Specifikation\/intervall<\/th>\n<\/tr>\n<\/thead>\n<tbody data-start=\"3078\" data-end=\"3579\">\n<tr data-start=\"3078\" data-end=\"3146\">\n<td data-start=\"3078\" data-end=\"3100\" data-col-size=\"sm\">Basmaterial av metall<\/td>\n<td data-start=\"3100\" data-end=\"3146\" data-col-size=\"md\">Kolst\u00e5l, legerat st\u00e5l, rostfritt st\u00e5l<\/td>\n<\/tr>\n<tr data-start=\"3147\" data-end=\"3246\">\n<td data-start=\"3147\" data-end=\"3166\" data-col-size=\"sm\">Keramiskt material<\/td>\n<td data-start=\"3166\" data-end=\"3246\" data-col-size=\"md\">Aluminiumoxid (Al\u2082O\u2083), zirkoniumdioxid (ZrO\u2082), kiselkarbid (SiC), borkarbid (B\u2084C)<\/td>\n<\/tr>\n<tr data-start=\"3247\" data-end=\"3298\">\n<td data-start=\"3247\" data-end=\"3267\" data-col-size=\"sm\">Keramisk tjocklek<\/td>\n<td data-start=\"3267\" data-end=\"3298\" data-col-size=\"md\">2 mm - 20 mm (anpassningsbar)<\/td>\n<\/tr>\n<tr data-start=\"3299\" data-end=\"3366\">\n<td data-start=\"3299\" data-end=\"3324\" data-col-size=\"sm\">Storlek p\u00e5 platta\/komponent<\/td>\n<td data-start=\"3324\" data-end=\"3366\" data-col-size=\"md\">Upp till 2000 mm \u00d7 1000 mm (anpassningsbar)<\/td>\n<\/tr>\n<tr data-start=\"3367\" data-end=\"3403\">\n<td data-start=\"3367\" data-end=\"3378\" data-col-size=\"sm\">H\u00e5rdhet<\/td>\n<td data-start=\"3378\" data-end=\"3403\" data-col-size=\"md\">HRA 85 - 92 (keramik)<\/td>\n<\/tr>\n<tr data-start=\"3404\" data-end=\"3478\">\n<td data-start=\"3404\" data-end=\"3421\" data-col-size=\"sm\">Metod f\u00f6r limning<\/td>\n<td data-start=\"3421\" data-end=\"3478\" data-col-size=\"md\">Sintring vid h\u00f6g temperatur, h\u00e5rdl\u00f6dning, limning<\/td>\n<\/tr>\n<tr data-start=\"3479\" data-end=\"3540\">\n<td data-start=\"3479\" data-end=\"3497\" data-col-size=\"sm\">Produktionstyp<\/td>\n<td data-start=\"3497\" data-end=\"3540\" data-col-size=\"md\">Prototyp, sm\u00e5 serier, massproduktion<\/td>\n<\/tr>\n<tr data-start=\"3541\" data-end=\"3579\">\n<td data-start=\"3541\" data-end=\"3563\" data-col-size=\"sm\">Standarder som st\u00f6ds<\/td>\n<td data-start=\"3563\" data-end=\"3579\" data-col-size=\"md\">ISO, DIN, GB<\/td>\n<\/tr>\n<\/tbody>\n<\/table>\n<\/div>\n<\/div>\n<h2 data-start=\"3586\" data-end=\"3619\"><strong data-start=\"3589\" data-end=\"3619\">Material- och urvalsguide<\/strong><\/h2>\n<div class=\"TyagGW_tableContainer\">\n<div class=\"group TyagGW_tableWrapper flex flex-col-reverse w-fit\" tabindex=\"-1\">\n<table class=\"w-fit min-w-(--thread-content-width)\" data-start=\"3621\" data-end=\"3913\">\n<thead data-start=\"3621\" data-end=\"3665\">\n<tr data-start=\"3621\" data-end=\"3665\">\n<th data-start=\"3621\" data-end=\"3637\" data-col-size=\"sm\">Basmaterial<\/th>\n<th data-start=\"3637\" data-end=\"3650\" data-col-size=\"sm\">F\u00f6rdelar<\/th>\n<th data-start=\"3650\" data-end=\"3665\" data-col-size=\"sm\">Typisk anv\u00e4ndning<\/th>\n<\/tr>\n<\/thead>\n<tbody data-start=\"3680\" data-end=\"3913\">\n<tr data-start=\"3680\" data-end=\"3763\">\n<td data-start=\"3680\" data-end=\"3695\" data-col-size=\"sm\">Kolst\u00e5l<\/td>\n<td data-start=\"3695\" data-end=\"3728\" data-col-size=\"sm\">Kostnadseffektiv, enkel maskinbearbetning<\/td>\n<td data-start=\"3728\" data-end=\"3763\" data-col-size=\"sm\">Allm\u00e4nna industriella till\u00e4mpningar<\/td>\n<\/tr>\n<tr data-start=\"3764\" data-end=\"3836\">\n<td data-start=\"3764\" data-end=\"3778\" data-col-size=\"sm\">Legerat st\u00e5l<\/td>\n<td data-start=\"3778\" data-end=\"3812\" data-col-size=\"sm\">H\u00f6g h\u00e5llfasthet, slagt\u00e5lig<\/td>\n<td data-start=\"3812\" data-end=\"3836\" data-col-size=\"sm\">Kraftiga maskiner<\/td>\n<\/tr>\n<tr data-start=\"3837\" data-end=\"3913\">\n<td data-start=\"3837\" data-end=\"3855\" data-col-size=\"sm\">Rostfritt st\u00e5l<\/td>\n<td data-start=\"3855\" data-end=\"3877\" data-col-size=\"sm\">Korrosionsbest\u00e4ndig<\/td>\n<td data-start=\"3877\" data-end=\"3913\" data-col-size=\"sm\">Kemiska och marina milj\u00f6er<\/td>\n<\/tr>\n<\/tbody>\n<\/table>\n<\/div>\n<\/div>\n<div class=\"TyagGW_tableContainer\">\n<div class=\"group TyagGW_tableWrapper flex flex-col-reverse w-fit\" tabindex=\"-1\">\n<table class=\"w-fit min-w-(--thread-content-width)\" data-start=\"3915\" data-end=\"4351\">\n<thead data-start=\"3915\" data-end=\"3966\">\n<tr data-start=\"3915\" data-end=\"3966\">\n<th data-start=\"3915\" data-end=\"3934\" data-col-size=\"sm\">Keramiskt material<\/th>\n<th data-start=\"3934\" data-end=\"3947\" data-col-size=\"sm\">F\u00f6rdelar<\/th>\n<th data-start=\"3947\" data-end=\"3966\" data-col-size=\"md\">Rekommenderas f\u00f6r<\/th>\n<\/tr>\n<\/thead>\n<tbody data-start=\"3981\" data-end=\"4351\">\n<tr data-start=\"3981\" data-end=\"4059\">\n<td data-start=\"3981\" data-end=\"3999\" data-col-size=\"sm\">Aluminiumoxid (Al\u2082O\u2083)<\/td>\n<td data-start=\"3999\" data-end=\"4031\" data-col-size=\"sm\">H\u00f6g h\u00e5rdhet, slitstark<\/td>\n<td data-start=\"4031\" data-end=\"4059\" data-col-size=\"md\">Hantering av abrasiv slurry<\/td>\n<\/tr>\n<tr data-start=\"4060\" data-end=\"4147\">\n<td data-start=\"4060\" data-end=\"4078\" data-col-size=\"sm\">Zirkoniumdioxid (ZrO\u2082)<\/td>\n<td data-start=\"4078\" data-end=\"4120\" data-col-size=\"sm\">H\u00f6g brottseghet, slitstark<\/td>\n<td data-start=\"4120\" data-end=\"4147\" data-col-size=\"md\">Slagtunga operationer<\/td>\n<\/tr>\n<tr data-start=\"4148\" data-end=\"4255\">\n<td data-start=\"4148\" data-end=\"4172\" data-col-size=\"sm\">Kiselkarbid (SiC)<\/td>\n<td data-start=\"4172\" data-end=\"4209\" data-col-size=\"sm\">Extremt h\u00e5rd, kemikaliebest\u00e4ndig<\/td>\n<td data-start=\"4209\" data-end=\"4255\" data-col-size=\"md\">Kemisk slurry, extrema slitagemilj\u00f6er<\/td>\n<\/tr>\n<tr data-start=\"4256\" data-end=\"4351\">\n<td data-start=\"4256\" data-end=\"4278\" data-col-size=\"sm\">Boronkarbid (B\u2084C)<\/td>\n<td data-start=\"4278\" data-end=\"4315\" data-col-size=\"sm\">Ultrah\u00e5rd, h\u00f6g slagh\u00e5llfasthet<\/td>\n<td data-start=\"4315\" data-end=\"4351\" data-col-size=\"md\">Utrustning med h\u00f6gt slitage och h\u00f6g belastning<\/td>\n<\/tr>\n<\/tbody>\n<\/table>\n<\/div>\n<\/div>\n<h2 data-start=\"4358\" data-end=\"4381\"><strong data-start=\"4361\" data-end=\"4381\">Varf\u00f6r v\u00e4lja Wonzh<\/strong><\/h2>\n<ul data-start=\"4383\" data-end=\"4732\">\n<li data-start=\"4383\" data-end=\"4437\">\n<p data-start=\"4385\" data-end=\"4437\">Avancerad tillverkning av keramiskt fodrade komponenter<\/p>\n<\/li>\n<li data-start=\"4438\" data-end=\"4494\">\n<p data-start=\"4440\" data-end=\"4494\">Bearbetning med h\u00f6g precision och h\u00e5llbar keramisk bindning<\/p>\n<\/li>\n<li data-start=\"4495\" data-end=\"4562\">\n<p data-start=\"4497\" data-end=\"4562\">Brett utbud av keramiska material och basmaterial f\u00f6r kr\u00e4vande milj\u00f6er<\/p>\n<\/li>\n<li data-start=\"4563\" data-end=\"4626\">\n<p data-start=\"4565\" data-end=\"4626\">Kundanpassad teknisk support f\u00f6r OEM- och industrimaskiner<\/p>\n<\/li>\n<li data-start=\"4627\" data-end=\"4676\">\n<p data-start=\"4629\" data-end=\"4676\">Minskar slitage, stillest\u00e5ndstid och underh\u00e5llskostnader<\/p>\n<\/li>\n<li data-start=\"4677\" data-end=\"4732\">\n<p data-start=\"4679\" data-end=\"4732\">Prototyp till massproduktion med tillf\u00f6rlitlig leverans<\/p>\n<\/li>\n<\/ul>\n<h2 data-start=\"4739\" data-end=\"4780\"><strong data-start=\"4742\" data-end=\"4778\">Vanliga fr\u00e5gor och svar (FAQ)<\/strong><\/h2>\n<h3 data-start=\"4782\" data-end=\"4834\"><strong data-start=\"4786\" data-end=\"4832\">Q1: Vad anv\u00e4nds keramiskt fodrade delar till?<\/strong><\/h3>\n<p data-start=\"4835\" data-end=\"4934\">De skyddar utrustningen mot n\u00f6tning, st\u00f6tar och korrosion i industriella till\u00e4mpningar med h\u00f6gt slitage.<\/p>\n<h3 data-start=\"4936\" data-end=\"4984\"><strong data-start=\"4940\" data-end=\"4982\">F2: Kan jag f\u00e5 anpassade former och storlekar?<\/strong><\/h3>\n<p data-start=\"4985\" data-end=\"5086\">Ja, det g\u00f6r vi. Vi tillverkar keramiskt fodrade delar baserat p\u00e5 ritningar, utrustningsmodeller eller OEM-specifikationer.<\/p>\n<h3 data-start=\"5088\" data-end=\"5140\"><strong data-start=\"5092\" data-end=\"5138\">F3: Vilka keramiska material finns tillg\u00e4ngliga?<\/strong><\/h3>\n<p data-start=\"5141\" data-end=\"5271\">Tillvalen omfattar <strong data-start=\"5157\" data-end=\"5214\">Aluminiumoxid, zirkoniumoxid, kiselkarbid och borkarbid<\/strong>, beroende p\u00e5 slitage, st\u00f6tar och kemiska krav.<\/p>\n<h3 data-start=\"5273\" data-end=\"5328\"><strong data-start=\"5277\" data-end=\"5326\">Q4: Kan man binda keramik till olika metaller?<\/strong><\/h3>\n<p data-start=\"5329\" data-end=\"5473\">Ja, det g\u00f6r vi. Vi binder keramik till <strong data-start=\"5354\" data-end=\"5404\">kolst\u00e5l, legerat st\u00e5l och rostfritt st\u00e5l<\/strong> med hj\u00e4lp av h\u00f6gtemperatursintring, h\u00e5rdl\u00f6dning eller limning.<\/p>\n<h3 data-start=\"5475\" data-end=\"5538\"><strong data-start=\"5479\" data-end=\"5536\">F5: Vilka industrier anv\u00e4nder vanligtvis keramiskt fodrade delar?<\/strong><\/h3>\n<p data-start=\"5539\" data-end=\"5636\">Gruv-, cement-, st\u00e5l-, kemisk process-, kraftverks- och materialhanteringsindustri.<\/p>","protected":false},"excerpt":{"rendered":"<p>Keramiskt fodrade delar som levereras av Wonzh \u00e4r konstruerade f\u00f6r att motst\u00e5 sv\u00e5r n\u00f6tning, h\u00f6g p\u00e5verkan och korrosiva milj\u00f6er i industrimaskiner. Dessa delar anv\u00e4nds ofta i gruvdrift, cement, st\u00e5l, kemisk bearbetning, kraftproduktion och materialhanteringsutrustning f\u00f6r att f\u00f6rl\u00e4nga livsl\u00e4ngden p\u00e5 komponenter med h\u00f6gt slitage.<\/p>","protected":false},"featured_media":1542,"comment_status":"open","ping_status":"closed","template":"","meta":{"site-sidebar-layout":"default","site-content-layout":"","ast-site-content-layout":"default","site-content-style":"default","site-sidebar-style":"default","ast-global-header-display":"","ast-banner-title-visibility":"","ast-main-header-display":"","ast-hfb-above-header-display":"","ast-hfb-below-header-display":"","ast-hfb-mobile-header-display":"","site-post-title":"","ast-breadcrumbs-content":"","ast-featured-img":"","footer-sml-layout":"","ast-disable-related-posts":"","theme-transparent-header-meta":"default","adv-header-id-meta":"","stick-header-meta":"default","header-above-stick-meta":"","header-main-stick-meta":"","header-below-stick-meta":"","astra-migrate-meta-layouts":"set","ast-page-background-enabled":"default","ast-page-background-meta":{"desktop":{"background-color":"","background-image":"","background-repeat":"repeat","background-position":"center center","background-size":"auto","background-attachment":"scroll","background-type":"","background-media":"","overlay-type":"","overlay-color":"","overlay-opacity":"","overlay-gradient":""},"tablet":{"background-color":"","background-image":"","background-repeat":"repeat","background-position":"center center","background-size":"auto","background-attachment":"scroll","background-type":"","background-media":"","overlay-type":"","overlay-color":"","overlay-opacity":"","overlay-gradient":""},"mobile":{"background-color":"","background-image":"","background-repeat":"repeat","background-position":"center center","background-size":"auto","background-attachment":"scroll","background-type":"","background-media":"","overlay-type":"","overlay-color":"","overlay-opacity":"","overlay-gradient":""}},"ast-content-background-meta":{"desktop":{"background-color":"var(--ast-global-color-5)","background-image":"","background-repeat":"repeat","background-position":"center center","background-size":"auto","background-attachment":"scroll","background-type":"","background-media":"","overlay-type":"","overlay-color":"","overlay-opacity":"","overlay-gradient":""},"tablet":{"background-color":"var(--ast-global-color-5)","background-image":"","background-repeat":"repeat","background-position":"center center","background-size":"auto","background-attachment":"scroll","background-type":"","background-media":"","overlay-type":"","overlay-color":"","overlay-opacity":"","overlay-gradient":""},"mobile":{"background-color":"var(--ast-global-color-5)","background-image":"","background-repeat":"repeat","background-position":"center center","background-size":"auto","background-attachment":"scroll","background-type":"","background-media":"","overlay-type":"","overlay-color":"","overlay-opacity":"","overlay-gradient":""}}},"product_brand":[],"product_cat":[24],"product_tag":[434,429,432,428,440,343,439,420,435,436,437,431,438,433,430],"class_list":{"0":"post-1480","1":"product","2":"type-product","3":"status-publish","4":"has-post-thumbnail","6":"product_cat-wear-parts-wear-components","7":"product_tag-abrasion-resistant-parts","8":"product_tag-alumina-lined-parts","9":"product_tag-boron-carbide-lined-parts","10":"product_tag-ceramic-lined-parts","11":"product_tag-china-ceramic-lined-manufacturer","12":"product_tag-crusher-liners","13":"product_tag-custom-ceramic-lined-parts","14":"product_tag-hopper-liners","15":"product_tag-industrial-liners","16":"product_tag-mill-liners","17":"product_tag-pipe-liners","18":"product_tag-sic-lined-parts","19":"product_tag-slurry-handling-parts","20":"product_tag-wear-resistant-components","21":"product_tag-zirconia-lined-parts","22":"desktop-align-left","23":"tablet-align-left","24":"mobile-align-left","26":"first","27":"instock","28":"shipping-taxable","29":"product-type-simple"},"_links":{"self":[{"href":"https:\/\/www.wonzh.com\/sv\/wp-json\/wp\/v2\/product\/1480","targetHints":{"allow":["GET"]}}],"collection":[{"href":"https:\/\/www.wonzh.com\/sv\/wp-json\/wp\/v2\/product"}],"about":[{"href":"https:\/\/www.wonzh.com\/sv\/wp-json\/wp\/v2\/types\/product"}],"replies":[{"embeddable":true,"href":"https:\/\/www.wonzh.com\/sv\/wp-json\/wp\/v2\/comments?post=1480"}],"wp:featuredmedia":[{"embeddable":true,"href":"https:\/\/www.wonzh.com\/sv\/wp-json\/wp\/v2\/media\/1542"}],"wp:attachment":[{"href":"https:\/\/www.wonzh.com\/sv\/wp-json\/wp\/v2\/media?parent=1480"}],"wp:term":[{"taxonomy":"product_brand","embeddable":true,"href":"https:\/\/www.wonzh.com\/sv\/wp-json\/wp\/v2\/product_brand?post=1480"},{"taxonomy":"product_cat","embeddable":true,"href":"https:\/\/www.wonzh.com\/sv\/wp-json\/wp\/v2\/product_cat?post=1480"},{"taxonomy":"product_tag","embeddable":true,"href":"https:\/\/www.wonzh.com\/sv\/wp-json\/wp\/v2\/product_tag?post=1480"}],"curies":[{"name":"wp","href":"https:\/\/api.w.org\/{rel}","templated":true}]}}