{"id":1476,"date":"2026-02-03T15:06:59","date_gmt":"2026-02-03T15:06:59","guid":{"rendered":"https:\/\/www.wonzh.com\/?post_type=product&#038;p=1476"},"modified":"2026-02-05T15:03:37","modified_gmt":"2026-02-05T15:03:37","slug":"sprockets-chain-components-for-industrial-power-transmission","status":"publish","type":"product","link":"https:\/\/www.wonzh.com\/sv\/product\/sprockets-chain-components-for-industrial-power-transmission\/","title":{"rendered":"Sprockets &amp; kedjekomponenter f\u00f6r industriell kraft\u00f6verf\u00f6ring"},"content":{"rendered":"<p data-start=\"615\" data-end=\"909\">Sprockets och Chain Components som levereras av Wonzh \u00e4r precisionstillverkade delar som \u00e4r konstruerade f\u00f6r att \u00f6verf\u00f6ra mekanisk kraft i kedjedrivna system. De anv\u00e4nds ofta i transport\u00f6rer, jordbruksmaskiner, byggutrustning, industriell automation och materialhanteringssystem.<\/p>\n<p data-start=\"911\" data-end=\"1262\">V\u00e5ra kedjehjul tillverkas av kolst\u00e5l, legerat st\u00e5l, rostfritt st\u00e5l eller teknisk plast och bearbetas med h\u00f6g precision och strikta toleranser f\u00f6r tandprofilerna. Kedjorna tillverkas av h\u00f6gh\u00e5llfast legerat st\u00e5l med v\u00e4rmebehandling och ytfinish f\u00f6r att s\u00e4kerst\u00e4lla slitstyrka, utmattningsh\u00e5llfasthet och l\u00e5ng livsl\u00e4ngd.<\/p>\n<p data-start=\"1264\" data-end=\"1667\">Wonzh tillhandah\u00e5ller ett omfattande sortiment av rullkedjor, tysta kedjor, transport\u00f6rkedjor, standardkedjehjul, anpassade kedjehjul och kedjeaggregat. Vi erbjuder ocks\u00e5 anpassade storlekar, tandantal, material och bel\u00e4ggningar f\u00f6r att passa applikationsspecifika krav. V\u00e5rt ingenj\u00f6rsteam hj\u00e4lper till med att v\u00e4lja kedjetyper, kedjehjulsmaterial och kompatibilitet, vilket s\u00e4kerst\u00e4ller smidig och tillf\u00f6rlitlig drift.<\/p>\n<h2 data-start=\"1674\" data-end=\"1693\"><strong data-start=\"1677\" data-end=\"1693\">Viktiga funktioner<\/strong><\/h2>\n<ul data-start=\"1695\" data-end=\"2057\">\n<li data-start=\"1695\" data-end=\"1764\">\n<p data-start=\"1697\" data-end=\"1764\">Kedjehjulets tandprofil med h\u00f6g precision f\u00f6r smidig kedjeg\u00e5ng<\/p>\n<\/li>\n<li data-start=\"1765\" data-end=\"1832\">\n<p data-start=\"1767\" data-end=\"1832\">Kedjor konstruerade f\u00f6r h\u00f6g dragh\u00e5llfasthet och slitstyrka<\/p>\n<\/li>\n<li data-start=\"1833\" data-end=\"1889\">\n<p data-start=\"1835\" data-end=\"1889\">St\u00f6djer flera olika typer av kedjedrivna applikationer<\/p>\n<\/li>\n<li data-start=\"1890\" data-end=\"1945\">\n<p data-start=\"1892\" data-end=\"1945\">Anpassade storlekar, tandantal och material tillg\u00e4ngliga<\/p>\n<\/li>\n<li data-start=\"1946\" data-end=\"1996\">\n<p data-start=\"1948\" data-end=\"1996\">H\u00e5llbar under h\u00f6g belastning och i tuffa milj\u00f6er<\/p>\n<\/li>\n<li data-start=\"1997\" data-end=\"2057\">\n<p data-start=\"1999\" data-end=\"2057\">L\u00e4mplig f\u00f6r prototyp-, sm\u00e5serie- och massproduktion<\/p>\n<\/li>\n<\/ul>\n<h2 data-start=\"2064\" data-end=\"2091\"><strong data-start=\"2067\" data-end=\"2091\">Typiska till\u00e4mpningar<\/strong><\/h2>\n<ul data-start=\"2093\" data-end=\"2348\">\n<li data-start=\"2093\" data-end=\"2139\">\n<p data-start=\"2095\" data-end=\"2139\">Industriella transport\u00f6rer och materialhantering<\/p>\n<\/li>\n<li data-start=\"2140\" data-end=\"2178\">\n<p data-start=\"2142\" data-end=\"2178\">Lantbruks- och jordbruksmaskiner<\/p>\n<\/li>\n<li data-start=\"2179\" data-end=\"2216\">\n<p data-start=\"2181\" data-end=\"2216\">Anl\u00e4ggnings- och gruvutrustning<\/p>\n<\/li>\n<li data-start=\"2217\" data-end=\"2273\">\n<p data-start=\"2219\" data-end=\"2273\">F\u00f6rpacknings-, livsmedelsbearbetnings- och automationsmaskiner<\/p>\n<\/li>\n<li data-start=\"2274\" data-end=\"2307\">\n<p data-start=\"2276\" data-end=\"2307\">Kraft\u00f6verf\u00f6ring i fordon<\/p>\n<\/li>\n<li data-start=\"2308\" data-end=\"2348\">\n<p data-start=\"2310\" data-end=\"2348\">Drivning av tunga maskiner och utrustning<\/p>\n<\/li>\n<\/ul>\n<h2 data-start=\"2355\" data-end=\"2394\"><strong data-start=\"2358\" data-end=\"2394\">Typer av kedjehjul och kedjor som vi levererar<\/strong><\/h2>\n<div class=\"TyagGW_tableContainer\">\n<div class=\"group TyagGW_tableWrapper flex flex-col-reverse w-fit\" tabindex=\"-1\">\n<table class=\"w-fit min-w-(--thread-content-width)\" data-start=\"2396\" data-end=\"3034\">\n<thead data-start=\"2396\" data-end=\"2442\">\n<tr data-start=\"2396\" data-end=\"2442\">\n<th data-start=\"2396\" data-end=\"2413\" data-col-size=\"sm\">Komponenttyp<\/th>\n<th data-start=\"2413\" data-end=\"2427\" data-col-size=\"md\">Beskrivning<\/th>\n<th data-start=\"2427\" data-end=\"2442\" data-col-size=\"sm\">Typisk anv\u00e4ndning<\/th>\n<\/tr>\n<\/thead>\n<tbody data-start=\"2457\" data-end=\"3034\">\n<tr data-start=\"2457\" data-end=\"2548\">\n<td data-start=\"2457\" data-end=\"2476\" data-col-size=\"sm\"><strong data-start=\"2459\" data-end=\"2475\">Rullkedja<\/strong><\/td>\n<td data-start=\"2476\" data-end=\"2516\" data-col-size=\"md\">Standardkedja f\u00f6r kraft\u00f6verf\u00f6ring<\/td>\n<td data-start=\"2516\" data-end=\"2548\" data-col-size=\"sm\">Transport\u00f6rer, industriella drivenheter<\/td>\n<\/tr>\n<tr data-start=\"2549\" data-end=\"2650\">\n<td data-start=\"2549\" data-end=\"2577\" data-col-size=\"sm\"><strong data-start=\"2551\" data-end=\"2576\">Tyst \/ Kuggst\u00e5ngskedja<\/strong><\/td>\n<td data-start=\"2577\" data-end=\"2612\" data-col-size=\"md\">Smidig drift, exakt timing<\/td>\n<td data-start=\"2612\" data-end=\"2650\" data-col-size=\"sm\">Fordon, CNC-maskiner, robotteknik<\/td>\n<\/tr>\n<tr data-start=\"2651\" data-end=\"2743\">\n<td data-start=\"2651\" data-end=\"2672\" data-col-size=\"sm\"><strong data-start=\"2653\" data-end=\"2671\">Transport\u00f6rkedja<\/strong><\/td>\n<td data-start=\"2672\" data-end=\"2702\" data-col-size=\"md\">Kraftig eller modul\u00e4r kedja<\/td>\n<td data-start=\"2702\" data-end=\"2743\" data-col-size=\"sm\">Materialhantering och f\u00f6rpackningslinjer<\/td>\n<\/tr>\n<tr data-start=\"2744\" data-end=\"2846\">\n<td data-start=\"2744\" data-end=\"2768\" data-col-size=\"sm\"><strong data-start=\"2746\" data-end=\"2767\">Standard kedjehjul<\/strong><\/td>\n<td data-start=\"2768\" data-end=\"2812\" data-col-size=\"md\">Cirkul\u00e4r v\u00e4xel med kuggar f\u00f6r att koppla in kedjor<\/td>\n<td data-start=\"2812\" data-end=\"2846\" data-col-size=\"sm\">Rullkedjedrivning, transport\u00f6rer<\/td>\n<\/tr>\n<tr data-start=\"2847\" data-end=\"2946\">\n<td data-start=\"2847\" data-end=\"2869\" data-col-size=\"sm\"><strong data-start=\"2849\" data-end=\"2868\">Anpassat kedjehjul<\/strong><\/td>\n<td data-start=\"2869\" data-end=\"2910\" data-col-size=\"md\">Konstruerad enligt ritning\/specifikationer<\/td>\n<td data-start=\"2910\" data-end=\"2946\" data-col-size=\"sm\">OEM och specialiserade applikationer<\/td>\n<\/tr>\n<tr data-start=\"2947\" data-end=\"3034\">\n<td data-start=\"2947\" data-end=\"2971\" data-col-size=\"sm\"><strong data-start=\"2949\" data-end=\"2970\">Tillbeh\u00f6r till kedjor<\/strong><\/td>\n<td data-start=\"2971\" data-end=\"3000\" data-col-size=\"md\">Kontaktdon, stift, bussningar<\/td>\n<td data-start=\"3000\" data-end=\"3034\" data-col-size=\"sm\">Montering och underh\u00e5ll av kedjor<\/td>\n<\/tr>\n<\/tbody>\n<\/table>\n<\/div>\n<\/div>\n<h2 data-start=\"3041\" data-end=\"3093\"><strong data-start=\"3044\" data-end=\"3091\">Tekniska parametrar (representativt omr\u00e5de)<\/strong><\/h2>\n<div class=\"TyagGW_tableContainer\">\n<div class=\"group TyagGW_tableWrapper flex flex-col-reverse w-fit\" tabindex=\"-1\">\n<table class=\"w-fit min-w-(--thread-content-width)\" data-start=\"3095\" data-end=\"3617\">\n<thead data-start=\"3095\" data-end=\"3132\">\n<tr data-start=\"3095\" data-end=\"3132\">\n<th data-start=\"3095\" data-end=\"3107\" data-col-size=\"sm\">Parameter<\/th>\n<th data-start=\"3107\" data-end=\"3132\" data-col-size=\"md\">Specifikation\/intervall<\/th>\n<\/tr>\n<\/thead>\n<tbody data-start=\"3143\" data-end=\"3617\">\n<tr data-start=\"3143\" data-end=\"3230\">\n<td data-start=\"3143\" data-end=\"3162\" data-col-size=\"sm\">Materialalternativ<\/td>\n<td data-start=\"3162\" data-end=\"3230\" data-col-size=\"md\">Kolst\u00e5l, legerat st\u00e5l, rostfritt st\u00e5l, konstruktionsplast<\/td>\n<\/tr>\n<tr data-start=\"3231\" data-end=\"3282\">\n<td data-start=\"3231\" data-end=\"3245\" data-col-size=\"sm\">Kedjans delning<\/td>\n<td data-start=\"3245\" data-end=\"3282\" data-col-size=\"md\">6 mm - 100 mm (standard &amp; specialanpassad)<\/td>\n<\/tr>\n<tr data-start=\"3283\" data-end=\"3331\">\n<td data-start=\"3283\" data-end=\"3299\" data-col-size=\"sm\">Borrning f\u00f6r kedjehjul<\/td>\n<td data-start=\"3299\" data-end=\"3331\" data-col-size=\"md\">5 mm - 150 mm (anpassningsbar)<\/td>\n<\/tr>\n<tr data-start=\"3332\" data-end=\"3377\">\n<td data-start=\"3332\" data-end=\"3350\" data-col-size=\"sm\">Antal t\u00e4nder<\/td>\n<td data-start=\"3350\" data-end=\"3377\" data-col-size=\"md\">10 - 200 (anpassningsbar)<\/td>\n<\/tr>\n<tr data-start=\"3378\" data-end=\"3442\">\n<td data-start=\"3378\" data-end=\"3394\" data-col-size=\"sm\">Lastkapacitet<\/td>\n<td data-start=\"3394\" data-end=\"3442\" data-col-size=\"md\">Kedjor f\u00f6r l\u00e4tt till tung belastning (beroende p\u00e5 typ)<\/td>\n<\/tr>\n<tr data-start=\"3443\" data-end=\"3510\">\n<td data-start=\"3443\" data-end=\"3463\" data-col-size=\"sm\">Ytbehandling<\/td>\n<td data-start=\"3463\" data-end=\"3510\" data-col-size=\"md\">H\u00e4rdning, pl\u00e4tering, bel\u00e4ggning, v\u00e4rmebehandling<\/td>\n<\/tr>\n<tr data-start=\"3511\" data-end=\"3572\">\n<td data-start=\"3511\" data-end=\"3529\" data-col-size=\"sm\">Produktionstyp<\/td>\n<td data-start=\"3529\" data-end=\"3572\" data-col-size=\"md\">Prototyp, sm\u00e5 serier, massproduktion<\/td>\n<\/tr>\n<tr data-start=\"3573\" data-end=\"3617\">\n<td data-start=\"3573\" data-end=\"3595\" data-col-size=\"sm\">Standarder som st\u00f6ds<\/td>\n<td data-start=\"3595\" data-end=\"3617\" data-col-size=\"md\">ISO, DIN, ANSI, GB<\/td>\n<\/tr>\n<\/tbody>\n<\/table>\n<\/div>\n<\/div>\n<h2 data-start=\"3624\" data-end=\"3657\"><strong data-start=\"3627\" data-end=\"3657\">Material- och urvalsguide<\/strong><\/h2>\n<div class=\"TyagGW_tableContainer\">\n<div class=\"group TyagGW_tableWrapper flex flex-col-reverse w-fit\" tabindex=\"-1\">\n<table class=\"w-fit min-w-(--thread-content-width)\" data-start=\"3659\" data-end=\"4079\">\n<thead data-start=\"3659\" data-end=\"3702\">\n<tr data-start=\"3659\" data-end=\"3702\">\n<th data-start=\"3659\" data-end=\"3670\" data-col-size=\"sm\">Material<\/th>\n<th data-start=\"3670\" data-end=\"3683\" data-col-size=\"sm\">F\u00f6rdelar<\/th>\n<th data-start=\"3683\" data-end=\"3702\" data-col-size=\"sm\">Rekommenderas f\u00f6r<\/th>\n<\/tr>\n<\/thead>\n<tbody data-start=\"3717\" data-end=\"4079\">\n<tr data-start=\"3717\" data-end=\"3805\">\n<td data-start=\"3717\" data-end=\"3736\" data-col-size=\"sm\"><strong data-start=\"3719\" data-end=\"3735\">Kolst\u00e5l<\/strong><\/td>\n<td data-start=\"3736\" data-end=\"3761\" data-col-size=\"sm\">Stark, kostnadseffektiv<\/td>\n<td data-start=\"3761\" data-end=\"3805\" data-col-size=\"sm\">Industriella standardkedjor och kedjehjul<\/td>\n<\/tr>\n<tr data-start=\"3806\" data-end=\"3902\">\n<td data-start=\"3806\" data-end=\"3824\" data-col-size=\"sm\"><strong data-start=\"3808\" data-end=\"3823\">Legerat st\u00e5l<\/strong><\/td>\n<td data-start=\"3824\" data-end=\"3864\" data-col-size=\"sm\">H\u00f6g dragh\u00e5llfasthet, slitstark<\/td>\n<td data-start=\"3864\" data-end=\"3902\" data-col-size=\"sm\">Tunga applikationer med h\u00f6g belastning<\/td>\n<\/tr>\n<tr data-start=\"3903\" data-end=\"3987\">\n<td data-start=\"3903\" data-end=\"3925\" data-col-size=\"sm\"><strong data-start=\"3905\" data-end=\"3924\">Rostfritt st\u00e5l<\/strong><\/td>\n<td data-start=\"3925\" data-end=\"3947\" data-col-size=\"sm\">Korrosionsbest\u00e4ndig<\/td>\n<td data-start=\"3947\" data-end=\"3987\" data-col-size=\"sm\">Livsmedels-, kemi- och marinmaskiner<\/td>\n<\/tr>\n<tr data-start=\"3988\" data-end=\"4079\">\n<td data-start=\"3988\" data-end=\"4015\" data-col-size=\"sm\"><strong data-start=\"3990\" data-end=\"4014\">Teknisk plast<\/strong><\/td>\n<td data-start=\"4015\" data-end=\"4043\" data-col-size=\"sm\">L\u00e4ttvikt, l\u00e5g friktion<\/td>\n<td data-start=\"4043\" data-end=\"4079\" data-col-size=\"sm\">Applikationer med l\u00e5g belastning och l\u00e5ga hastigheter<\/td>\n<\/tr>\n<\/tbody>\n<\/table>\n<\/div>\n<\/div>\n<div class=\"TyagGW_tableContainer\">\n<div class=\"group TyagGW_tableWrapper flex flex-col-reverse w-fit\" tabindex=\"-1\">\n<table class=\"w-fit min-w-(--thread-content-width)\" data-start=\"4081\" data-end=\"4427\">\n<thead data-start=\"4081\" data-end=\"4125\">\n<tr data-start=\"4081\" data-end=\"4125\">\n<th data-start=\"4081\" data-end=\"4098\" data-col-size=\"sm\">Komponenttyp<\/th>\n<th data-start=\"4098\" data-end=\"4110\" data-col-size=\"sm\">F\u00f6rdel<\/th>\n<th data-start=\"4110\" data-end=\"4125\" data-col-size=\"sm\">Typisk anv\u00e4ndning<\/th>\n<\/tr>\n<\/thead>\n<tbody data-start=\"4140\" data-end=\"4427\">\n<tr data-start=\"4140\" data-end=\"4200\">\n<td data-start=\"4140\" data-end=\"4155\" data-col-size=\"sm\">Rullkedja<\/td>\n<td data-start=\"4155\" data-end=\"4179\" data-col-size=\"sm\">H\u00f6g belastning, l\u00e5ng livsl\u00e4ngd<\/td>\n<td data-start=\"4179\" data-end=\"4200\" data-col-size=\"sm\">Transport\u00f6rer, drivenheter<\/td>\n<\/tr>\n<tr data-start=\"4201\" data-end=\"4274\">\n<td data-start=\"4201\" data-end=\"4225\" data-col-size=\"sm\">Kuggst\u00e5ng \/ tyst kedja<\/td>\n<td data-start=\"4225\" data-end=\"4245\" data-col-size=\"sm\">J\u00e4mn, l\u00e5g ljudniv\u00e5<\/td>\n<td data-start=\"4245\" data-end=\"4274\" data-col-size=\"sm\">Fordon, CNC, robotteknik<\/td>\n<\/tr>\n<tr data-start=\"4275\" data-end=\"4350\">\n<td data-start=\"4275\" data-end=\"4286\" data-col-size=\"sm\">Sprocket<\/td>\n<td data-start=\"4286\" data-end=\"4310\" data-col-size=\"sm\">Exakt tandprofil<\/td>\n<td data-start=\"4310\" data-end=\"4350\" data-col-size=\"sm\">Kedjekoppling, kraft\u00f6verf\u00f6ring<\/td>\n<\/tr>\n<tr data-start=\"4351\" data-end=\"4427\">\n<td data-start=\"4351\" data-end=\"4371\" data-col-size=\"sm\">Anpassade komponenter<\/td>\n<td data-start=\"4371\" data-end=\"4394\" data-col-size=\"sm\">Applikationsspecifik<\/td>\n<td data-start=\"4394\" data-end=\"4427\" data-col-size=\"sm\">OEM- och specialmaskiner<\/td>\n<\/tr>\n<\/tbody>\n<\/table>\n<\/div>\n<\/div>\n<h2 data-start=\"4434\" data-end=\"4457\"><strong data-start=\"4437\" data-end=\"4457\">Varf\u00f6r v\u00e4lja Wonzh<\/strong><\/h2>\n<ul data-start=\"4459\" data-end=\"4772\">\n<li data-start=\"4459\" data-end=\"4510\">\n<p data-start=\"4461\" data-end=\"4510\">Avancerad tillverkning f\u00f6r kedjehjul och kedjor<\/p>\n<\/li>\n<li data-start=\"4511\" data-end=\"4585\">\n<p data-start=\"4513\" data-end=\"4585\">Strikt kvalitetskontroll f\u00f6r slitstyrka och m\u00e5ttnoggrannhet<\/p>\n<\/li>\n<li data-start=\"4586\" data-end=\"4652\">\n<p data-start=\"4588\" data-end=\"4652\">Kundanpassad teknisk support f\u00f6r OEM- och industriapplikationer<\/p>\n<\/li>\n<li data-start=\"4653\" data-end=\"4716\">\n<p data-start=\"4655\" data-end=\"4716\">Slitstarka, h\u00f6gh\u00e5llfasta komponenter f\u00f6r l\u00e5ng livsl\u00e4ngd<\/p>\n<\/li>\n<li data-start=\"4717\" data-end=\"4772\">\n<p data-start=\"4719\" data-end=\"4772\">Prototyp till massproduktion med tillf\u00f6rlitlig leverans<\/p>\n<\/li>\n<\/ul>\n<h2 data-start=\"4779\" data-end=\"4820\"><strong data-start=\"4782\" data-end=\"4818\">Vanliga fr\u00e5gor och svar (FAQ)<\/strong><\/h2>\n<h3 data-start=\"4822\" data-end=\"4875\"><strong data-start=\"4826\" data-end=\"4873\">F1: Vad anv\u00e4nds kedjehjul och kedjor till?<\/strong><\/h3>\n<p data-start=\"4876\" data-end=\"4965\">De \u00f6verf\u00f6r mekanisk kraft mellan axlar och driver r\u00f6relse i kedjedrivna system.<\/p>\n<h3 data-start=\"4967\" data-end=\"5018\"><strong data-start=\"4971\" data-end=\"5016\">Q2: Kan jag f\u00e5 anpassade kedjehjul eller kedjor?<\/strong><\/h3>\n<p data-start=\"5019\" data-end=\"5121\">Ja, det g\u00f6r vi. Vi tillverkar kedjehjul och kedjor baserat p\u00e5 <strong data-start=\"5069\" data-end=\"5118\">ritningar, specifikationer eller OEM-krav<\/strong>.<\/p>\n<h3 data-start=\"5123\" data-end=\"5166\"><strong data-start=\"5127\" data-end=\"5164\">F3: Vilka material finns tillg\u00e4ngliga?<\/strong><\/h3>\n<p data-start=\"5167\" data-end=\"5301\"><strong data-start=\"5167\" data-end=\"5239\">Kolst\u00e5l, legerat st\u00e5l, rostfritt st\u00e5l och konstruktionsplast<\/strong> beroende p\u00e5 belastning, milj\u00f6 och korrosionskrav.<\/p>\n<h3 data-start=\"5303\" data-end=\"5349\"><strong data-start=\"5307\" data-end=\"5347\">Q4: Vilka kedjetyper st\u00f6ds?<\/strong><\/h3>\n<p data-start=\"5350\" data-end=\"5423\">Vi levererar <strong data-start=\"5360\" data-end=\"5420\">rullkedjor, ljudd\u00e4mpande kedjor och transport\u00f6rkedjor<\/strong>.<\/p>\n<h3 data-start=\"5425\" data-end=\"5473\"><strong data-start=\"5429\" data-end=\"5471\">Q5: Kan ytbehandlingar appliceras?<\/strong><\/h3>\n<p data-start=\"5474\" data-end=\"5600\">Ja, h\u00e4rdning, pl\u00e4tering, bel\u00e4ggning och andra ytbehandlingar finns tillg\u00e4ngliga f\u00f6r att f\u00f6rb\u00e4ttra h\u00e5llbarheten och korrosionsbest\u00e4ndigheten.<\/p>","protected":false},"excerpt":{"rendered":"<p>Sprockets och Chain Components som levereras av Wonzh \u00e4r precisionstillverkade delar som \u00e4r konstruerade f\u00f6r att \u00f6verf\u00f6ra mekanisk kraft i kedjedrivna system. De anv\u00e4nds ofta i transport\u00f6rer, jordbruksmaskiner, byggutrustning, industriell automation och materialhanteringssystem.<\/p>","protected":false},"featured_media":1536,"comment_status":"open","ping_status":"closed","template":"","meta":{"site-sidebar-layout":"default","site-content-layout":"","ast-site-content-layout":"default","site-content-style":"default","site-sidebar-style":"default","ast-global-header-display":"","ast-banner-title-visibility":"","ast-main-header-display":"","ast-hfb-above-header-display":"","ast-hfb-below-header-display":"","ast-hfb-mobile-header-display":"","site-post-title":"","ast-breadcrumbs-content":"","ast-featured-img":"","footer-sml-layout":"","ast-disable-related-posts":"","theme-transparent-header-meta":"default","adv-header-id-meta":"","stick-header-meta":"default","header-above-stick-meta":"","header-main-stick-meta":"","header-below-stick-meta":"","astra-migrate-meta-layouts":"set","ast-page-background-enabled":"default","ast-page-background-meta":{"desktop":{"background-color":"","background-image":"","background-repeat":"repeat","background-position":"center center","background-size":"auto","background-attachment":"scroll","background-type":"","background-media":"","overlay-type":"","overlay-color":"","overlay-opacity":"","overlay-gradient":""},"tablet":{"background-color":"","background-image":"","background-repeat":"repeat","background-position":"center center","background-size":"auto","background-attachment":"scroll","background-type":"","background-media":"","overlay-type":"","overlay-color":"","overlay-opacity":"","overlay-gradient":""},"mobile":{"background-color":"","background-image":"","background-repeat":"repeat","background-position":"center center","background-size":"auto","background-attachment":"scroll","background-type":"","background-media":"","overlay-type":"","overlay-color":"","overlay-opacity":"","overlay-gradient":""}},"ast-content-background-meta":{"desktop":{"background-color":"var(--ast-global-color-5)","background-image":"","background-repeat":"repeat","background-position":"center center","background-size":"auto","background-attachment":"scroll","background-type":"","background-media":"","overlay-type":"","overlay-color":"","overlay-opacity":"","overlay-gradient":""},"tablet":{"background-color":"var(--ast-global-color-5)","background-image":"","background-repeat":"repeat","background-position":"center center","background-size":"auto","background-attachment":"scroll","background-type":"","background-media":"","overlay-type":"","overlay-color":"","overlay-opacity":"","overlay-gradient":""},"mobile":{"background-color":"var(--ast-global-color-5)","background-image":"","background-repeat":"repeat","background-position":"center center","background-size":"auto","background-attachment":"scroll","background-type":"","background-media":"","overlay-type":"","overlay-color":"","overlay-opacity":"","overlay-gradient":""}}},"product_brand":[],"product_cat":[25],"product_tag":[409,408,415,411,405,406,414,407,413,412,402,404,401,410,403],"class_list":{"0":"post-1476","1":"product","2":"type-product","3":"status-publish","4":"has-post-thumbnail","6":"product_cat-transmission-drive-components","7":"product_tag-alloy-steel-chains","8":"product_tag-chain-accessories","9":"product_tag-china-chain-manufacturer","10":"product_tag-cnc-machined-sprockets","11":"product_tag-conveyor-chain","12":"product_tag-custom-sprockets","13":"product_tag-heavy-duty-chains","14":"product_tag-industrial-sprockets","15":"product_tag-oem-chains","16":"product_tag-power-transmission-components","17":"product_tag-roller-chain","18":"product_tag-silent-chain","19":"product_tag-sprocket-components","20":"product_tag-stainless-steel-chains","21":"product_tag-timing-chain","22":"desktop-align-left","23":"tablet-align-left","24":"mobile-align-left","26":"first","27":"instock","28":"shipping-taxable","29":"product-type-simple"},"_links":{"self":[{"href":"https:\/\/www.wonzh.com\/sv\/wp-json\/wp\/v2\/product\/1476","targetHints":{"allow":["GET"]}}],"collection":[{"href":"https:\/\/www.wonzh.com\/sv\/wp-json\/wp\/v2\/product"}],"about":[{"href":"https:\/\/www.wonzh.com\/sv\/wp-json\/wp\/v2\/types\/product"}],"replies":[{"embeddable":true,"href":"https:\/\/www.wonzh.com\/sv\/wp-json\/wp\/v2\/comments?post=1476"}],"wp:featuredmedia":[{"embeddable":true,"href":"https:\/\/www.wonzh.com\/sv\/wp-json\/wp\/v2\/media\/1536"}],"wp:attachment":[{"href":"https:\/\/www.wonzh.com\/sv\/wp-json\/wp\/v2\/media?parent=1476"}],"wp:term":[{"taxonomy":"product_brand","embeddable":true,"href":"https:\/\/www.wonzh.com\/sv\/wp-json\/wp\/v2\/product_brand?post=1476"},{"taxonomy":"product_cat","embeddable":true,"href":"https:\/\/www.wonzh.com\/sv\/wp-json\/wp\/v2\/product_cat?post=1476"},{"taxonomy":"product_tag","embeddable":true,"href":"https:\/\/www.wonzh.com\/sv\/wp-json\/wp\/v2\/product_tag?post=1476"}],"curies":[{"name":"wp","href":"https:\/\/api.w.org\/{rel}","templated":true}]}}