{"id":1443,"date":"2026-02-03T14:19:35","date_gmt":"2026-02-03T14:19:35","guid":{"rendered":"https:\/\/www.wonzh.com\/?post_type=product&#038;p=1443"},"modified":"2026-02-04T14:34:09","modified_gmt":"2026-02-04T14:34:09","slug":"industrial-o-ring-seals-for-static-and-dynamic-sealing-applications","status":"publish","type":"product","link":"https:\/\/www.wonzh.com\/sv\/product\/industrial-o-ring-seals-for-static-and-dynamic-sealing-applications\/","title":{"rendered":"Industriella O-ringst\u00e4tningar f\u00f6r statiska och dynamiska t\u00e4tningsapplikationer"},"content":{"rendered":"<p data-start=\"542\" data-end=\"933\">O-ringst\u00e4tningar som levereras av Wonzh \u00e4r h\u00f6gpresterande t\u00e4tningskomponenter av elastomer som \u00e4r utformade f\u00f6r att f\u00f6rhindra l\u00e4ckage av v\u00e4tskor, gaser och andra medier i b\u00e5de statiska och dynamiska applikationer. O-ringar har ett enkelt cirkul\u00e4rt tv\u00e4rsnitt och ger effektiv t\u00e4tning genom elastisk deformation under kompression, vilket g\u00f6r dem till en av de mest anv\u00e4nda t\u00e4tningsl\u00f6sningarna i industriell utrustning.<\/p>\n<p data-start=\"935\" data-end=\"1293\">Wonzh O-ringar tillverkas av premium elastomermaterial som NBR, FKM (Viton), EPDM, silikon och PTFE-inkapslade f\u00f6reningar och ger utm\u00e4rkt motst\u00e5ndskraft mot v\u00e4rme, olja, kemikalier och slitage. Precisionsgjutning och strikt kvalitetskontroll s\u00e4kerst\u00e4ller dimensionell noggrannhet, l\u00e5ng livsl\u00e4ngd och stabil t\u00e4tningsprestanda under varierande driftsf\u00f6rh\u00e5llanden.<\/p>\n<p data-start=\"1295\" data-end=\"1694\">Som en erfaren leverant\u00f6r av industriella t\u00e4tningar tillhandah\u00e5ller Wonzh standardstorlekar, metriska och tumdimensioner, samt kundanpassade O-ringsl\u00f6sningar som \u00e4r skr\u00e4ddarsydda f\u00f6r specifika krav p\u00e5 tryck, temperatur och mediekompatibilitet. V\u00e5rt ingenj\u00f6rsteam st\u00f6der materialval, rekommendationer f\u00f6r sp\u00e5rdesign och applikationsoptimering f\u00f6r att s\u00e4kerst\u00e4lla tillf\u00f6rlitlig prestanda i verkliga driftsmilj\u00f6er.<\/p>\n<h2 data-start=\"1701\" data-end=\"1720\"><strong data-start=\"1704\" data-end=\"1720\">Viktiga funktioner<\/strong><\/h2>\n<ul data-start=\"1722\" data-end=\"2041\">\n<li data-start=\"1722\" data-end=\"1790\">\n<p data-start=\"1724\" data-end=\"1790\">Utm\u00e4rkt t\u00e4tningsprestanda i statiska och dynamiska applikationer<\/p>\n<\/li>\n<li data-start=\"1791\" data-end=\"1862\">\n<p data-start=\"1793\" data-end=\"1862\">Brett utbud av materialalternativ f\u00f6r olika medier och temperaturer<\/p>\n<\/li>\n<li data-start=\"1863\" data-end=\"1907\">\n<p data-start=\"1865\" data-end=\"1907\">H\u00f6g elasticitet och kompressions\u00e5terh\u00e4mtning<\/p>\n<\/li>\n<li data-start=\"1908\" data-end=\"1958\">\n<p data-start=\"1910\" data-end=\"1958\">Stark best\u00e4ndighet mot olja, kemikalier och \u00e5ldrande<\/p>\n<\/li>\n<li data-start=\"1959\" data-end=\"2000\">\n<p data-start=\"1961\" data-end=\"2000\">Enkel installation och l\u00e5gt underh\u00e5llsbehov<\/p>\n<\/li>\n<li data-start=\"2001\" data-end=\"2041\">\n<p data-start=\"2003\" data-end=\"2041\">Anpassade storlekar och material tillg\u00e4ngliga<\/p>\n<\/li>\n<\/ul>\n<h2 data-start=\"2048\" data-end=\"2075\"><strong data-start=\"2051\" data-end=\"2075\">Typiska till\u00e4mpningar<\/strong><\/h2>\n<ul data-start=\"2077\" data-end=\"2357\">\n<li data-start=\"2077\" data-end=\"2112\">\n<p data-start=\"2079\" data-end=\"2112\">Hydrauliska och pneumatiska system<\/p>\n<\/li>\n<li data-start=\"2113\" data-end=\"2133\">\n<p data-start=\"2115\" data-end=\"2133\">Pumpar och ventiler<\/p>\n<\/li>\n<li data-start=\"2134\" data-end=\"2172\">\n<p data-start=\"2136\" data-end=\"2172\">Industriella maskiner och utrustning<\/p>\n<\/li>\n<li data-start=\"2173\" data-end=\"2198\">\n<p data-start=\"2175\" data-end=\"2198\">Fordonskomponenter<\/p>\n<\/li>\n<li data-start=\"2199\" data-end=\"2232\">\n<p data-start=\"2201\" data-end=\"2232\">Utrustning f\u00f6r kemisk bearbetning<\/p>\n<\/li>\n<li data-start=\"2233\" data-end=\"2294\">\n<p data-start=\"2235\" data-end=\"2294\">Maskiner f\u00f6r livsmedels- och dryckesindustrin (FDA-klassade alternativ tillg\u00e4ngliga)<\/p>\n<\/li>\n<li data-start=\"2295\" data-end=\"2322\">\n<p data-start=\"2297\" data-end=\"2322\">Vattenreningssystem<\/p>\n<\/li>\n<li data-start=\"2323\" data-end=\"2357\">\n<p data-start=\"2325\" data-end=\"2357\">Flyg- och energiutrustning<\/p>\n<\/li>\n<\/ul>\n<h2 data-start=\"2364\" data-end=\"2416\"><strong data-start=\"2367\" data-end=\"2414\">Tekniska parametrar (representativt omr\u00e5de)<\/strong><\/h2>\n<div class=\"TyagGW_tableContainer\">\n<div class=\"group TyagGW_tableWrapper flex flex-col-reverse w-fit\" tabindex=\"-1\">\n<table class=\"w-fit min-w-(--thread-content-width)\" data-start=\"2418\" data-end=\"2984\">\n<thead data-start=\"2418\" data-end=\"2455\">\n<tr data-start=\"2418\" data-end=\"2455\">\n<th data-start=\"2418\" data-end=\"2430\" data-col-size=\"sm\">Parameter<\/th>\n<th data-start=\"2430\" data-end=\"2455\" data-col-size=\"md\">Specifikation\/intervall<\/th>\n<\/tr>\n<\/thead>\n<tbody data-start=\"2466\" data-end=\"2984\">\n<tr data-start=\"2466\" data-end=\"2505\">\n<td data-start=\"2466\" data-end=\"2478\" data-col-size=\"sm\">Typ av t\u00e4tning<\/td>\n<td data-start=\"2478\" data-end=\"2505\" data-col-size=\"md\">O-ring (t\u00e4tning av elastomer)<\/td>\n<\/tr>\n<tr data-start=\"2506\" data-end=\"2558\">\n<td data-start=\"2506\" data-end=\"2522\" data-col-size=\"sm\">Tv\u00e4rsnitt<\/td>\n<td data-start=\"2522\" data-end=\"2558\" data-col-size=\"md\">1,0 - 10,0 mm (kundanpassad tillg\u00e4nglig)<\/td>\n<\/tr>\n<tr data-start=\"2559\" data-end=\"2613\">\n<td data-start=\"2559\" data-end=\"2576\" data-col-size=\"sm\">Innerdiameter<\/td>\n<td data-start=\"2576\" data-end=\"2613\" data-col-size=\"md\">2 mm - 1000 mm (kundanpassad)<\/td>\n<\/tr>\n<tr data-start=\"2614\" data-end=\"2667\">\n<td data-start=\"2614\" data-end=\"2635\" data-col-size=\"sm\">H\u00e5rdhet (Shore A)<\/td>\n<td data-start=\"2635\" data-end=\"2667\" data-col-size=\"md\">60 - 90 (materialberoende)<\/td>\n<\/tr>\n<tr data-start=\"2668\" data-end=\"2728\">\n<td data-start=\"2668\" data-end=\"2688\" data-col-size=\"sm\">Temperaturomr\u00e5de<\/td>\n<td data-start=\"2688\" data-end=\"2728\" data-col-size=\"md\">-40\u00b0C till +250\u00b0C (materialberoende)<\/td>\n<\/tr>\n<tr data-start=\"2729\" data-end=\"2795\">\n<td data-start=\"2729\" data-end=\"2751\" data-col-size=\"sm\">Tryckmotst\u00e5nd<\/td>\n<td data-start=\"2751\" data-end=\"2795\" data-col-size=\"md\">Upp till 40 MPa (med r\u00e4tt utformning av sp\u00e5ren)<\/td>\n<\/tr>\n<tr data-start=\"2796\" data-end=\"2865\">\n<td data-start=\"2796\" data-end=\"2818\" data-col-size=\"sm\">Tillg\u00e4ngliga material<\/td>\n<td data-start=\"2818\" data-end=\"2865\" data-col-size=\"md\">NBR, FKM, EPDM, silikon, PTFE-inkapslad<\/td>\n<\/tr>\n<tr data-start=\"2866\" data-end=\"2937\">\n<td data-start=\"2866\" data-end=\"2882\" data-col-size=\"sm\">F\u00e4rgalternativ<\/td>\n<td data-start=\"2882\" data-end=\"2937\" data-col-size=\"md\">Svart, brun, gr\u00f6n, r\u00f6d, bl\u00e5 (materialberoende)<\/td>\n<\/tr>\n<tr data-start=\"2938\" data-end=\"2984\">\n<td data-start=\"2938\" data-end=\"2960\" data-col-size=\"sm\">Standarder som st\u00f6ds<\/td>\n<td data-start=\"2960\" data-end=\"2984\" data-col-size=\"md\">ISO 3601, AS568, DIN<\/td>\n<\/tr>\n<\/tbody>\n<\/table>\n<\/div>\n<\/div>\n<h2 data-start=\"2991\" data-end=\"3037\"><strong data-start=\"2994\" data-end=\"3037\">Guide f\u00f6r val av representativa material<\/strong><\/h2>\n<div class=\"TyagGW_tableContainer\">\n<div class=\"group TyagGW_tableWrapper flex flex-col-reverse w-fit\" tabindex=\"-1\">\n<table class=\"w-fit min-w-(--thread-content-width)\" data-start=\"3039\" data-end=\"3513\">\n<thead data-start=\"3039\" data-end=\"3078\">\n<tr data-start=\"3039\" data-end=\"3078\">\n<th data-start=\"3039\" data-end=\"3050\" data-col-size=\"sm\">Material<\/th>\n<th data-start=\"3050\" data-end=\"3064\" data-col-size=\"sm\">Typisk anv\u00e4ndning<\/th>\n<th data-start=\"3064\" data-end=\"3078\" data-col-size=\"sm\">F\u00f6rdelar<\/th>\n<\/tr>\n<\/thead>\n<tbody data-start=\"3093\" data-end=\"3513\">\n<tr data-start=\"3093\" data-end=\"3173\">\n<td data-start=\"3093\" data-end=\"3108\" data-col-size=\"sm\">NBR (Buna-N)<\/td>\n<td data-start=\"3108\" data-end=\"3129\" data-col-size=\"sm\">Olje- och br\u00e4nslesystem<\/td>\n<td data-start=\"3129\" data-end=\"3173\" data-col-size=\"sm\">Utm\u00e4rkt oljebest\u00e4ndighet, kostnadseffektivt<\/td>\n<\/tr>\n<tr data-start=\"3174\" data-end=\"3272\">\n<td data-start=\"3174\" data-end=\"3188\" data-col-size=\"sm\">FKM (Viton)<\/td>\n<td data-start=\"3188\" data-end=\"3231\" data-col-size=\"sm\">H\u00f6ga temperaturer och kemiska milj\u00f6er<\/td>\n<td data-start=\"3231\" data-end=\"3272\" data-col-size=\"sm\">\u00d6verl\u00e4gsen v\u00e4rme- och kemikaliebest\u00e4ndighet<\/td>\n<\/tr>\n<tr data-start=\"3273\" data-end=\"3351\">\n<td data-start=\"3273\" data-end=\"3280\" data-col-size=\"sm\">EPDM<\/td>\n<td data-start=\"3280\" data-end=\"3309\" data-col-size=\"sm\">Vatten- och \u00e5ngtill\u00e4mpningar<\/td>\n<td data-start=\"3309\" data-end=\"3351\" data-col-size=\"sm\">Utm\u00e4rkt v\u00e4der- och ozonbest\u00e4ndighet<\/td>\n<\/tr>\n<tr data-start=\"3352\" data-end=\"3434\">\n<td data-start=\"3352\" data-end=\"3363\" data-col-size=\"sm\">Silikon<\/td>\n<td data-start=\"3363\" data-end=\"3390\" data-col-size=\"sm\">Livsmedel &amp; medicinsk utrustning<\/td>\n<td data-start=\"3390\" data-end=\"3434\" data-col-size=\"sm\">H\u00f6g flexibilitet, brett temperaturomr\u00e5de<\/td>\n<\/tr>\n<tr data-start=\"3435\" data-end=\"3513\">\n<td data-start=\"3435\" data-end=\"3455\" data-col-size=\"sm\">PTFE-inkapslad<\/td>\n<td data-start=\"3455\" data-end=\"3478\" data-col-size=\"sm\">Tuffa kemiska medier<\/td>\n<td data-start=\"3478\" data-end=\"3513\" data-col-size=\"sm\">Enast\u00e5ende kemisk best\u00e4ndighet<\/td>\n<\/tr>\n<\/tbody>\n<\/table>\n<\/div>\n<\/div>\n<h2 data-start=\"3520\" data-end=\"3543\"><strong data-start=\"3523\" data-end=\"3543\">Varf\u00f6r v\u00e4lja Wonzh<\/strong><\/h2>\n<ul data-start=\"3545\" data-end=\"3803\">\n<li data-start=\"3545\" data-end=\"3598\">\n<p data-start=\"3547\" data-end=\"3598\">Strikt kvalitetskontroll och dimensionell inspektion<\/p>\n<\/li>\n<li data-start=\"3599\" data-end=\"3651\">\n<p data-start=\"3601\" data-end=\"3651\">Bred materialportf\u00f6lj f\u00f6r olika branscher<\/p>\n<\/li>\n<li data-start=\"3652\" data-end=\"3693\">\n<p data-start=\"3654\" data-end=\"3693\">Tillg\u00e4nglighet i standard- och specialstorlekar<\/p>\n<\/li>\n<li data-start=\"3694\" data-end=\"3757\">\n<p data-start=\"3696\" data-end=\"3757\">Teknisk support f\u00f6r sp\u00e5rdesign och materialmatchning<\/p>\n<\/li>\n<li data-start=\"3758\" data-end=\"3803\">\n<p data-start=\"3760\" data-end=\"3803\">Stabil leveranskedja och tillf\u00f6rlitliga leveranser<\/p>\n<\/li>\n<\/ul>\n<h2 data-start=\"3810\" data-end=\"3851\"><strong data-start=\"3813\" data-end=\"3849\">Vanliga fr\u00e5gor och svar (FAQ)<\/strong><\/h2>\n<h3 data-start=\"3853\" data-end=\"3894\"><strong data-start=\"3857\" data-end=\"3892\">F1: Vad anv\u00e4nds en O-ring till?<\/strong><\/h3>\n<p data-start=\"3895\" data-end=\"4020\">En O-ring anv\u00e4nds f\u00f6r att f\u00f6rhindra l\u00e4ckage mellan tv\u00e5 motst\u00e5ende ytor genom att skapa en komprimerad t\u00e4tning som blockerar v\u00e4tske- eller gasfl\u00f6det.<\/p>\n<h3 data-start=\"4022\" data-end=\"4067\"><strong data-start=\"4026\" data-end=\"4065\">F2: Vilket material ska jag v\u00e4lja?<\/strong><\/h3>\n<ul data-start=\"4068\" data-end=\"4247\">\n<li data-start=\"4068\" data-end=\"4098\">\n<p data-start=\"4070\" data-end=\"4098\">F\u00f6r olja och drivmedel \u2192. <strong data-start=\"4089\" data-end=\"4096\">NBR<\/strong><\/p>\n<\/li>\n<li data-start=\"4099\" data-end=\"4154\">\n<p data-start=\"4101\" data-end=\"4154\">F\u00f6r h\u00f6ga temperaturer eller kemikalier \u2192 <strong data-start=\"4137\" data-end=\"4152\">FKM (Viton)<\/strong><\/p>\n<\/li>\n<li data-start=\"4155\" data-end=\"4185\">\n<p data-start=\"4157\" data-end=\"4185\">F\u00f6r vatten\/\u00e5nga \u2192. <strong data-start=\"4175\" data-end=\"4183\">EPDM<\/strong><\/p>\n<\/li>\n<li data-start=\"4186\" data-end=\"4247\">\n<p data-start=\"4188\" data-end=\"4247\">F\u00f6r livsmedelsklassad anv\u00e4ndning \u2192 <strong data-start=\"4209\" data-end=\"4247\">Silikon eller FDA-godk\u00e4nda material<\/strong><\/p>\n<\/li>\n<\/ul>\n<h3 data-start=\"4249\" data-end=\"4308\"><strong data-start=\"4253\" data-end=\"4306\">F3: Kan O-ringar anv\u00e4ndas i h\u00f6gtryckssystem?<\/strong><\/h3>\n<p data-start=\"4309\" data-end=\"4403\">Ja, det st\u00e4mmer. Med r\u00e4tt sp\u00e5rutformning och reservringar kan O-ringar klara tryck p\u00e5 upp till 40 MPa.<\/p>\n<h3 data-start=\"4405\" data-end=\"4447\"><strong data-start=\"4409\" data-end=\"4445\">Q4: Kan ni erbjuda anpassade storlekar?<\/strong><\/h3>\n<p data-start=\"4448\" data-end=\"4558\">Ja, det kan vi. Vi kan tillverka O-ringar med anpassade diametrar, tv\u00e4rsnitt och material enligt dina krav.<\/p>\n<h3 data-start=\"4560\" data-end=\"4598\"><strong data-start=\"4564\" data-end=\"4596\">Q5: Finns det st\u00f6d f\u00f6r standarder?<\/strong><\/h3>\n<p data-start=\"4599\" data-end=\"4658\">Ja, det g\u00f6r vi. Vi uppfyller kraven i <strong data-start=\"4619\" data-end=\"4647\">ISO 3601, AS568 och DIN<\/strong> standarder.<\/p>","protected":false},"excerpt":{"rendered":"<p>O-ringst\u00e4tningar fr\u00e5n Wonzh \u00e4r h\u00f6gpresterande t\u00e4tningskomponenter av elastomer som \u00e4r utformade f\u00f6r att f\u00f6rhindra l\u00e4ckage av v\u00e4tskor, gaser och andra medier i b\u00e5de statiska och dynamiska applikationer.<\/p>","protected":false},"featured_media":1487,"comment_status":"open","ping_status":"closed","template":"","meta":{"site-sidebar-layout":"default","site-content-layout":"","ast-site-content-layout":"default","site-content-style":"default","site-sidebar-style":"default","ast-global-header-display":"","ast-banner-title-visibility":"","ast-main-header-display":"","ast-hfb-above-header-display":"","ast-hfb-below-header-display":"","ast-hfb-mobile-header-display":"","site-post-title":"","ast-breadcrumbs-content":"","ast-featured-img":"","footer-sml-layout":"","ast-disable-related-posts":"","theme-transparent-header-meta":"default","adv-header-id-meta":"","stick-header-meta":"default","header-above-stick-meta":"","header-main-stick-meta":"","header-below-stick-meta":"","astra-migrate-meta-layouts":"set","ast-page-background-enabled":"default","ast-page-background-meta":{"desktop":{"background-color":"","background-image":"","background-repeat":"repeat","background-position":"center center","background-size":"auto","background-attachment":"scroll","background-type":"","background-media":"","overlay-type":"","overlay-color":"","overlay-opacity":"","overlay-gradient":""},"tablet":{"background-color":"","background-image":"","background-repeat":"repeat","background-position":"center center","background-size":"auto","background-attachment":"scroll","background-type":"","background-media":"","overlay-type":"","overlay-color":"","overlay-opacity":"","overlay-gradient":""},"mobile":{"background-color":"","background-image":"","background-repeat":"repeat","background-position":"center center","background-size":"auto","background-attachment":"scroll","background-type":"","background-media":"","overlay-type":"","overlay-color":"","overlay-opacity":"","overlay-gradient":""}},"ast-content-background-meta":{"desktop":{"background-color":"var(--ast-global-color-5)","background-image":"","background-repeat":"repeat","background-position":"center center","background-size":"auto","background-attachment":"scroll","background-type":"","background-media":"","overlay-type":"","overlay-color":"","overlay-opacity":"","overlay-gradient":""},"tablet":{"background-color":"var(--ast-global-color-5)","background-image":"","background-repeat":"repeat","background-position":"center center","background-size":"auto","background-attachment":"scroll","background-type":"","background-media":"","overlay-type":"","overlay-color":"","overlay-opacity":"","overlay-gradient":""},"mobile":{"background-color":"var(--ast-global-color-5)","background-image":"","background-repeat":"repeat","background-position":"center center","background-size":"auto","background-attachment":"scroll","background-type":"","background-media":"","overlay-type":"","overlay-color":"","overlay-opacity":"","overlay-gradient":""}}},"product_brand":[],"product_cat":[21],"product_tag":[212,214,213,205,202,208,207,203,190,211,206,201,210,209,204],"class_list":{"0":"post-1443","1":"product","2":"type-product","3":"status-publish","4":"has-post-thumbnail","6":"product_cat-sealing-parts-sealing-systems","7":"product_tag-as568-o-ring","8":"product_tag-china-seal-manufacturer","9":"product_tag-custom-o-rings","10":"product_tag-dynamic-seal","11":"product_tag-elastomer-seal","12":"product_tag-epdm-o-ring","13":"product_tag-fkm-o-ring","14":"product_tag-hydraulic-seal","15":"product_tag-industrial-sealing","16":"product_tag-iso-3601-o-ring","17":"product_tag-nbr-o-ring","18":"product_tag-o-ring-seal","19":"product_tag-ptfe-encapsulated-o-ring","20":"product_tag-silicone-o-ring","21":"product_tag-static-seal","22":"desktop-align-left","23":"tablet-align-left","24":"mobile-align-left","26":"first","27":"instock","28":"shipping-taxable","29":"product-type-simple"},"_links":{"self":[{"href":"https:\/\/www.wonzh.com\/sv\/wp-json\/wp\/v2\/product\/1443","targetHints":{"allow":["GET"]}}],"collection":[{"href":"https:\/\/www.wonzh.com\/sv\/wp-json\/wp\/v2\/product"}],"about":[{"href":"https:\/\/www.wonzh.com\/sv\/wp-json\/wp\/v2\/types\/product"}],"replies":[{"embeddable":true,"href":"https:\/\/www.wonzh.com\/sv\/wp-json\/wp\/v2\/comments?post=1443"}],"wp:featuredmedia":[{"embeddable":true,"href":"https:\/\/www.wonzh.com\/sv\/wp-json\/wp\/v2\/media\/1487"}],"wp:attachment":[{"href":"https:\/\/www.wonzh.com\/sv\/wp-json\/wp\/v2\/media?parent=1443"}],"wp:term":[{"taxonomy":"product_brand","embeddable":true,"href":"https:\/\/www.wonzh.com\/sv\/wp-json\/wp\/v2\/product_brand?post=1443"},{"taxonomy":"product_cat","embeddable":true,"href":"https:\/\/www.wonzh.com\/sv\/wp-json\/wp\/v2\/product_cat?post=1443"},{"taxonomy":"product_tag","embeddable":true,"href":"https:\/\/www.wonzh.com\/sv\/wp-json\/wp\/v2\/product_tag?post=1443"}],"curies":[{"name":"wp","href":"https:\/\/api.w.org\/{rel}","templated":true}]}}