{"id":1424,"date":"2026-02-02T14:35:53","date_gmt":"2026-02-02T14:35:53","guid":{"rendered":"https:\/\/www.wonzh.com\/?post_type=product&#038;p=1424"},"modified":"2026-02-02T14:35:54","modified_gmt":"2026-02-02T14:35:54","slug":"industrial-deep-groove-ball-bearings-for-heavy-machinery-motors-and-pumps","status":"publish","type":"product","link":"https:\/\/www.wonzh.com\/sv\/product\/industrial-deep-groove-ball-bearings-for-heavy-machinery-motors-and-pumps\/","title":{"rendered":"Industriella sp\u00e5rkullager f\u00f6r tunga maskiner, motorer och pumpar"},"content":{"rendered":"<p data-start=\"684\" data-end=\"1058\">Sp\u00e5rkullager fr\u00e5n Wonzh \u00e4r precisionstillverkade radiallager som \u00e4r konstruerade f\u00f6r att klara b\u00e5de radiella och m\u00e5ttliga axiella belastningar i h\u00f6ghastighets- och tunga industriella applikationer. Dessa lager tillverkas enligt strikta ISO-baserade kvalitetskontrollprocesser och ger stabil rotation, l\u00e5g friktion och utm\u00e4rkt h\u00e5llbarhet i kr\u00e4vande driftsmilj\u00f6er.<\/p>\n<p data-start=\"1060\" data-end=\"1424\">Genom optimerad v\u00e4rmebehandling, precisionsslipning och h\u00f6gkvalitativa lagerst\u00e5l som GCr15 (motsvarande AISI 52100) uppn\u00e5r Wonzh sp\u00e5rkullager konsekvent m\u00e5ttnoggrannhet, smidig drift och f\u00f6rl\u00e4ngd livsl\u00e4ngd. De anv\u00e4nds ofta i elmotorer, pumpar, v\u00e4xell\u00e5dor, kompressorer, transportsystem och allm\u00e4nna industrimaskiner.<\/p>\n<p data-start=\"1426\" data-end=\"1747\">Som en erfaren leverant\u00f6r av industrikomponenter tillhandah\u00e5ller Wonzh b\u00e5de standardlager och kundanpassade l\u00f6sningar f\u00f6r att uppfylla specifika krav p\u00e5 belastning, hastighet, temperatur och milj\u00f6. V\u00e5rt ingenj\u00f6rsteam st\u00f6der materialval, t\u00e4tningsalternativ och prestandaoptimering baserat p\u00e5 verkliga applikationsf\u00f6rh\u00e5llanden.<\/p>\n<h2 data-start=\"1754\" data-end=\"1773\"><strong data-start=\"1757\" data-end=\"1773\">Viktiga funktioner<\/strong><\/h2>\n<ul data-start=\"1775\" data-end=\"2039\">\n<li data-start=\"1775\" data-end=\"1817\">\n<p data-start=\"1777\" data-end=\"1817\">H\u00f6g rotationsnoggrannhet och stabilitet<\/p>\n<\/li>\n<li data-start=\"1818\" data-end=\"1858\">\n<p data-start=\"1820\" data-end=\"1858\">L\u00e5g friktion och minskad energif\u00f6rlust<\/p>\n<\/li>\n<li data-start=\"1859\" data-end=\"1900\">\n<p data-start=\"1861\" data-end=\"1900\">Starkt motst\u00e5nd mot slitage och utmattning<\/p>\n<\/li>\n<li data-start=\"1901\" data-end=\"1951\">\n<p data-start=\"1903\" data-end=\"1951\">L\u00e4mplig f\u00f6r applikationer med medelh\u00f6g till h\u00f6g hastighet<\/p>\n<\/li>\n<li data-start=\"1952\" data-end=\"1994\">\n<p data-start=\"1954\" data-end=\"1994\">Flera alternativ f\u00f6r t\u00e4tning och avsk\u00e4rmning<\/p>\n<\/li>\n<li data-start=\"1995\" data-end=\"2039\">\n<p data-start=\"1997\" data-end=\"2039\">Specialanpassade material och spelrum tillg\u00e4ngliga<\/p>\n<\/li>\n<\/ul>\n<h2 data-start=\"2046\" data-end=\"2073\"><strong data-start=\"2049\" data-end=\"2073\">Typiska till\u00e4mpningar<\/strong><\/h2>\n<ul data-start=\"2075\" data-end=\"2262\">\n<li data-start=\"2075\" data-end=\"2094\">\n<p data-start=\"2077\" data-end=\"2094\">Elektriska motorer<\/p>\n<\/li>\n<li data-start=\"2095\" data-end=\"2120\">\n<p data-start=\"2097\" data-end=\"2120\">Pumpar och kompressorer<\/p>\n<\/li>\n<li data-start=\"2121\" data-end=\"2145\">\n<p data-start=\"2123\" data-end=\"2145\">Industriella v\u00e4xell\u00e5dor<\/p>\n<\/li>\n<li data-start=\"2146\" data-end=\"2183\">\n<p data-start=\"2148\" data-end=\"2183\">Gruv- och anl\u00e4ggningsutrustning<\/p>\n<\/li>\n<li data-start=\"2184\" data-end=\"2219\">\n<p data-start=\"2186\" data-end=\"2219\">Transport\u00f6r- och automationssystem<\/p>\n<\/li>\n<li data-start=\"2220\" data-end=\"2262\">\n<p data-start=\"2222\" data-end=\"2262\">Tunga maskiner och kraft\u00f6verf\u00f6ring<\/p>\n<\/li>\n<\/ul>\n<h2 data-start=\"2269\" data-end=\"2321\"><strong data-start=\"2272\" data-end=\"2319\">Tekniska parametrar (representativt omr\u00e5de)<\/strong><\/h2>\n<div class=\"TyagGW_tableContainer\">\n<div class=\"group TyagGW_tableWrapper flex flex-col-reverse w-fit\" tabindex=\"-1\">\n<table class=\"w-fit min-w-(--thread-content-width)\" data-start=\"2323\" data-end=\"2835\">\n<thead data-start=\"2323\" data-end=\"2360\">\n<tr data-start=\"2323\" data-end=\"2360\">\n<th data-start=\"2323\" data-end=\"2335\" data-col-size=\"sm\">Parameter<\/th>\n<th data-start=\"2335\" data-end=\"2360\" data-col-size=\"md\">Specifikation\/intervall<\/th>\n<\/tr>\n<\/thead>\n<tbody data-start=\"2371\" data-end=\"2835\">\n<tr data-start=\"2371\" data-end=\"2414\">\n<td data-start=\"2371\" data-end=\"2386\" data-col-size=\"sm\">Lagertyp<\/td>\n<td data-start=\"2386\" data-end=\"2414\" data-col-size=\"md\">Sp\u00e5rkullager med djup sp\u00e5rning<\/td>\n<\/tr>\n<tr data-start=\"2415\" data-end=\"2478\">\n<td data-start=\"2415\" data-end=\"2426\" data-col-size=\"sm\">Material<\/td>\n<td data-start=\"2426\" data-end=\"2478\" data-col-size=\"md\">GCr15 (motsvarande AISI 52100) eller rostfritt st\u00e5l<\/td>\n<\/tr>\n<tr data-start=\"2479\" data-end=\"2514\">\n<td data-start=\"2479\" data-end=\"2496\" data-col-size=\"sm\">Borrh\u00e5lsstorlek (ID)<\/td>\n<td data-start=\"2496\" data-end=\"2514\" data-col-size=\"md\">10 mm - 200 mm<\/td>\n<\/tr>\n<tr data-start=\"2515\" data-end=\"2555\">\n<td data-start=\"2515\" data-end=\"2537\" data-col-size=\"sm\">Yttre diameter (OD)<\/td>\n<td data-start=\"2537\" data-end=\"2555\" data-col-size=\"md\">26 mm - 360 mm<\/td>\n<\/tr>\n<tr data-start=\"2556\" data-end=\"2595\">\n<td data-start=\"2556\" data-end=\"2568\" data-col-size=\"sm\">Typ av last<\/td>\n<td data-start=\"2568\" data-end=\"2595\" data-col-size=\"md\">Radiell + m\u00e5ttlig axiell<\/td>\n<\/tr>\n<tr data-start=\"2596\" data-end=\"2639\">\n<td data-start=\"2596\" data-end=\"2615\" data-col-size=\"sm\">Kapacitet f\u00f6r hastighet<\/td>\n<td data-start=\"2615\" data-end=\"2639\" data-col-size=\"md\">Medelh\u00f6g till h\u00f6g hastighet<\/td>\n<\/tr>\n<tr data-start=\"2640\" data-end=\"2683\">\n<td data-start=\"2640\" data-end=\"2664\" data-col-size=\"sm\">Driftstemperatur<\/td>\n<td data-col-size=\"md\" data-start=\"2664\" data-end=\"2683\">-20\u00b0C till +120\u00b0C<\/td>\n<\/tr>\n<tr data-start=\"2684\" data-end=\"2736\">\n<td data-start=\"2684\" data-end=\"2705\" data-col-size=\"sm\">Internt godk\u00e4nnande<\/td>\n<td data-start=\"2705\" data-end=\"2736\" data-col-size=\"md\">C2 \/ C3 \/ C4 (anpassningsbar)<\/td>\n<\/tr>\n<tr data-start=\"2737\" data-end=\"2803\">\n<td data-start=\"2737\" data-end=\"2755\" data-col-size=\"sm\">Alternativ f\u00f6r t\u00e4tning<\/td>\n<td data-col-size=\"md\" data-start=\"2755\" data-end=\"2803\">\u00d6ppen \/ ZZ (metallsk\u00f6ld) \/ 2RS (gummit\u00e4tning)<\/td>\n<\/tr>\n<tr data-start=\"2804\" data-end=\"2835\">\n<td data-start=\"2804\" data-end=\"2818\" data-col-size=\"sm\">Sm\u00f6rjning<\/td>\n<td data-col-size=\"md\" data-start=\"2818\" data-end=\"2835\">Fett eller olja<\/td>\n<\/tr>\n<\/tbody>\n<\/table>\n<\/div>\n<\/div>\n<h2 data-start=\"2842\" data-end=\"2878\"><strong data-start=\"2845\" data-end=\"2878\">Representativa modellexempel<\/strong><\/h2>\n<p data-start=\"2880\" data-end=\"2941\"><em data-start=\"2880\" data-end=\"2941\">(Endast f\u00f6r referens - fullst\u00e4ndig katalog tillg\u00e4nglig p\u00e5 beg\u00e4ran)<\/em><\/p>\n<div class=\"TyagGW_tableContainer\">\n<div class=\"group TyagGW_tableWrapper flex flex-col-reverse w-fit\" tabindex=\"-1\">\n<table class=\"w-fit min-w-(--thread-content-width)\" data-start=\"2943\" data-end=\"3253\">\n<thead data-start=\"2943\" data-end=\"2984\">\n<tr data-start=\"2943\" data-end=\"2984\">\n<th data-start=\"2943\" data-end=\"2952\" data-col-size=\"sm\">Serie<\/th>\n<th data-start=\"2952\" data-end=\"2969\" data-col-size=\"sm\">Exempel p\u00e5 modeller<\/th>\n<th data-start=\"2969\" data-end=\"2984\" data-col-size=\"sm\">Typisk anv\u00e4ndning<\/th>\n<\/tr>\n<\/thead>\n<tbody data-start=\"2999\" data-end=\"3253\">\n<tr data-start=\"2999\" data-end=\"3049\">\n<td data-start=\"2999\" data-end=\"3013\" data-col-size=\"sm\">6000-serien<\/td>\n<td data-col-size=\"sm\" data-start=\"3013\" data-end=\"3032\">6205, 6206, 6208<\/td>\n<td data-col-size=\"sm\" data-start=\"3032\" data-end=\"3049\">Motorer, pumpar<\/td>\n<\/tr>\n<tr data-start=\"3050\" data-end=\"3102\">\n<td data-start=\"3050\" data-end=\"3064\" data-col-size=\"sm\">6300-serien<\/td>\n<td data-start=\"3064\" data-end=\"3083\" data-col-size=\"sm\">6306, 6308, 6310<\/td>\n<td data-col-size=\"sm\" data-start=\"3083\" data-end=\"3102\">Tunga maskiner<\/td>\n<\/tr>\n<tr data-start=\"3103\" data-end=\"3154\">\n<td data-start=\"3103\" data-end=\"3117\" data-col-size=\"sm\">6400-serien<\/td>\n<td data-start=\"3117\" data-end=\"3130\" data-col-size=\"sm\">6405, 6406<\/td>\n<td data-start=\"3130\" data-end=\"3154\" data-col-size=\"sm\">H\u00f6ghastighetsutrustning<\/td>\n<\/tr>\n<tr data-start=\"3155\" data-end=\"3206\">\n<td data-start=\"3155\" data-end=\"3169\" data-col-size=\"sm\">6800-serien<\/td>\n<td data-col-size=\"sm\" data-start=\"3169\" data-end=\"3182\">6804, 6806<\/td>\n<td data-col-size=\"sm\" data-start=\"3182\" data-end=\"3206\">Kompakta applikationer<\/td>\n<\/tr>\n<tr data-start=\"3207\" data-end=\"3253\">\n<td data-start=\"3207\" data-end=\"3221\" data-col-size=\"sm\">6900-serien<\/td>\n<td data-start=\"3221\" data-end=\"3234\" data-col-size=\"sm\">6905, 6906<\/td>\n<td data-start=\"3234\" data-end=\"3253\" data-col-size=\"sm\">L\u00e4tta maskiner<\/td>\n<\/tr>\n<\/tbody>\n<\/table>\n<\/div>\n<\/div>\n<p data-start=\"3255\" data-end=\"3351\"><strong data-start=\"3255\" data-end=\"3264\">Obs!<\/strong> Ytterligare storlekar, material och kundanpassade specifikationer finns tillg\u00e4ngliga p\u00e5 beg\u00e4ran.<\/p>\n<h2 data-start=\"3358\" data-end=\"3381\"><strong data-start=\"3361\" data-end=\"3381\">Varf\u00f6r v\u00e4lja Wonzh<\/strong><\/h2>\n<ul data-start=\"3383\" data-end=\"3665\">\n<li data-start=\"3383\" data-end=\"3447\">\n<p data-start=\"3385\" data-end=\"3447\">Strikt kvalitetskontroll fr\u00e5n r\u00e5material till slutbesiktning<\/p>\n<\/li>\n<li data-start=\"3448\" data-end=\"3504\">\n<p data-start=\"3450\" data-end=\"3504\">Precisionstillverkning och stabil batchkonsistens<\/p>\n<\/li>\n<li data-start=\"3505\" data-end=\"3553\">\n<p data-start=\"3507\" data-end=\"3553\">Teknisk support f\u00f6r matchning av applikationer<\/p>\n<\/li>\n<li data-start=\"3554\" data-end=\"3608\">\n<p data-start=\"3556\" data-end=\"3608\">Anpassad design och speciella specifikationer tillg\u00e4ngliga<\/p>\n<\/li>\n<li data-start=\"3609\" data-end=\"3665\">\n<p data-start=\"3611\" data-end=\"3665\">Tillf\u00f6rlitlig leveranskedja och global leveransf\u00f6rm\u00e5ga<\/p>\n<\/li>\n<\/ul>\n<h2 data-start=\"3672\" data-end=\"3713\"><strong data-start=\"3675\" data-end=\"3711\">Vanliga fr\u00e5gor och svar (FAQ)<\/strong><\/h2>\n<h3 data-start=\"3715\" data-end=\"3773\"><strong data-start=\"3719\" data-end=\"3771\">F1: Vad anv\u00e4nds ett sp\u00e5rkullager till?<\/strong><\/h3>\n<p data-start=\"3774\" data-end=\"3987\">Sp\u00e5rkullager anv\u00e4nds ofta i elmotorer, pumpar, v\u00e4xell\u00e5dor, transport\u00f6rer, kompressorer och allm\u00e4nna industrimaskiner eftersom de kan hantera b\u00e5de radiella och m\u00e5ttliga axiella belastningar vid h\u00f6ga hastigheter.<\/p>\n<h3 data-start=\"3989\" data-end=\"4032\"><strong data-start=\"3993\" data-end=\"4030\">Q2: Vilka material finns tillg\u00e4ngliga?<\/strong><\/h3>\n<p data-start=\"4033\" data-end=\"4188\">Standardmaterialet \u00e4r h\u00f6gkvalitativt lagerst\u00e5l (GCr15 \/ motsvarande AISI 52100). Rostfritt st\u00e5l och speciallegeringar finns ocks\u00e5 som tillval p\u00e5 beg\u00e4ran.<\/p>\n<h3 data-start=\"4190\" data-end=\"4238\"><strong data-start=\"4194\" data-end=\"4236\">F3: Vilka t\u00e4tningsalternativ erbjuder ni?<\/strong><\/h3>\n<p data-start=\"4239\" data-end=\"4358\">Vi erbjuder \u00f6ppna lager, metallskyddade (ZZ) och gummit\u00e4tade (2RS) versioner f\u00f6r att passa olika driftsmilj\u00f6er.<\/p>\n<h3 data-start=\"4360\" data-end=\"4410\"><strong data-start=\"4364\" data-end=\"4408\">F4: Kan du tillhandah\u00e5lla anpassade lager?<\/strong><\/h3>\n<p data-start=\"4411\" data-end=\"4561\">Ja, det kan vi. Wonzh st\u00f6der anpassade borrstorlekar, inre spel (C2\/C3\/C4), specialbel\u00e4ggningar och materialmodifieringar baserat p\u00e5 applikationskrav.<\/p>\n<h3 data-start=\"4563\" data-end=\"4624\"><strong data-start=\"4567\" data-end=\"4622\">Q5: \u00c4r dessa l\u00e4mpliga f\u00f6r h\u00f6ghastighetsapplikationer?<\/strong><\/h3>\n<p data-start=\"4625\" data-end=\"4758\">Ja, det \u00e4r det. Med r\u00e4tt sm\u00f6rjning \u00e4r sp\u00e5rkullager ett av de b\u00e4sta valen f\u00f6r industriella applikationer med medelh\u00f6g till h\u00f6g hastighet.<\/p>","protected":false},"excerpt":{"rendered":"<p>Sp\u00e5rkullager fr\u00e5n Wonzh \u00e4r precisionstillverkade radiallager som \u00e4r konstruerade f\u00f6r att klara b\u00e5de radiella och m\u00e5ttliga axiella belastningar i h\u00f6ghastighets- och tunga industriella applikationer.<\/p>","protected":false},"featured_media":1425,"comment_status":"open","ping_status":"closed","template":"","meta":{"site-sidebar-layout":"default","site-content-layout":"","ast-site-content-layout":"default","site-content-style":"default","site-sidebar-style":"default","ast-global-header-display":"","ast-banner-title-visibility":"","ast-main-header-display":"","ast-hfb-above-header-display":"","ast-hfb-below-header-display":"","ast-hfb-mobile-header-display":"","site-post-title":"","ast-breadcrumbs-content":"","ast-featured-img":"","footer-sml-layout":"","ast-disable-related-posts":"","theme-transparent-header-meta":"default","adv-header-id-meta":"","stick-header-meta":"default","header-above-stick-meta":"","header-main-stick-meta":"","header-below-stick-meta":"","astra-migrate-meta-layouts":"set","ast-page-background-enabled":"default","ast-page-background-meta":{"desktop":{"background-color":"","background-image":"","background-repeat":"repeat","background-position":"center center","background-size":"auto","background-attachment":"scroll","background-type":"","background-media":"","overlay-type":"","overlay-color":"","overlay-opacity":"","overlay-gradient":""},"tablet":{"background-color":"","background-image":"","background-repeat":"repeat","background-position":"center center","background-size":"auto","background-attachment":"scroll","background-type":"","background-media":"","overlay-type":"","overlay-color":"","overlay-opacity":"","overlay-gradient":""},"mobile":{"background-color":"","background-image":"","background-repeat":"repeat","background-position":"center center","background-size":"auto","background-attachment":"scroll","background-type":"","background-media":"","overlay-type":"","overlay-color":"","overlay-opacity":"","overlay-gradient":""}},"ast-content-background-meta":{"desktop":{"background-color":"var(--ast-global-color-5)","background-image":"","background-repeat":"repeat","background-position":"center center","background-size":"auto","background-attachment":"scroll","background-type":"","background-media":"","overlay-type":"","overlay-color":"","overlay-opacity":"","overlay-gradient":""},"tablet":{"background-color":"var(--ast-global-color-5)","background-image":"","background-repeat":"repeat","background-position":"center center","background-size":"auto","background-attachment":"scroll","background-type":"","background-media":"","overlay-type":"","overlay-color":"","overlay-opacity":"","overlay-gradient":""},"mobile":{"background-color":"var(--ast-global-color-5)","background-image":"","background-repeat":"repeat","background-position":"center center","background-size":"auto","background-attachment":"scroll","background-type":"","background-media":"","overlay-type":"","overlay-color":"","overlay-opacity":"","overlay-gradient":""}}},"product_brand":[],"product_cat":[15],"product_tag":[141,140,148,144,135,139,145,138,136,152,150,151,146,154,153,143,149,147,137,142],"class_list":{"0":"post-1424","1":"product","2":"type-product","3":"status-publish","4":"has-post-thumbnail","6":"product_cat-bearings-bearing-components","7":"product_tag-2rs-bearing","8":"product_tag-aisi-52100-bearing","9":"product_tag-bearing-manufacturer-china","10":"product_tag-custom-bearings","11":"product_tag-deep-groove-ball-bearing","12":"product_tag-gcr15-bearing","13":"product_tag-heavy-machinery-bearings","14":"product_tag-high-speed-bearings","15":"product_tag-industrial-bearings","16":"product_tag-industrial-components","17":"product_tag-iso-quality-bearings","18":"product_tag-low-friction-bearings","19":"product_tag-motor-bearings","20":"product_tag-mro-bearings","21":"product_tag-oem-bearings","22":"product_tag-open-bearing","23":"product_tag-precision-bearings","24":"product_tag-pump-bearings","25":"product_tag-radial-bearings","26":"product_tag-zz-bearing","27":"desktop-align-left","28":"tablet-align-left","29":"mobile-align-left","31":"first","32":"instock","33":"shipping-taxable","34":"product-type-simple"},"_links":{"self":[{"href":"https:\/\/www.wonzh.com\/sv\/wp-json\/wp\/v2\/product\/1424","targetHints":{"allow":["GET"]}}],"collection":[{"href":"https:\/\/www.wonzh.com\/sv\/wp-json\/wp\/v2\/product"}],"about":[{"href":"https:\/\/www.wonzh.com\/sv\/wp-json\/wp\/v2\/types\/product"}],"replies":[{"embeddable":true,"href":"https:\/\/www.wonzh.com\/sv\/wp-json\/wp\/v2\/comments?post=1424"}],"wp:featuredmedia":[{"embeddable":true,"href":"https:\/\/www.wonzh.com\/sv\/wp-json\/wp\/v2\/media\/1425"}],"wp:attachment":[{"href":"https:\/\/www.wonzh.com\/sv\/wp-json\/wp\/v2\/media?parent=1424"}],"wp:term":[{"taxonomy":"product_brand","embeddable":true,"href":"https:\/\/www.wonzh.com\/sv\/wp-json\/wp\/v2\/product_brand?post=1424"},{"taxonomy":"product_cat","embeddable":true,"href":"https:\/\/www.wonzh.com\/sv\/wp-json\/wp\/v2\/product_cat?post=1424"},{"taxonomy":"product_tag","embeddable":true,"href":"https:\/\/www.wonzh.com\/sv\/wp-json\/wp\/v2\/product_tag?post=1424"}],"curies":[{"name":"wp","href":"https:\/\/api.w.org\/{rel}","templated":true}]}}