{"id":2155,"date":"2026-04-29T15:46:24","date_gmt":"2026-04-29T15:46:24","guid":{"rendered":"https:\/\/www.wonzh.com\/?post_type=product&#038;p=2155"},"modified":"2026-04-29T15:46:25","modified_gmt":"2026-04-29T15:46:25","slug":"dfw-series-cable-branch-box-outdoor-indoor-underground-fully-insulated-cable-distribution-junction-box-for-power-cable-network-system","status":"publish","type":"product","link":"https:\/\/www.wonzh.com\/pt\/product\/dfw-series-cable-branch-box-outdoor-indoor-underground-fully-insulated-cable-distribution-junction-box-for-power-cable-network-system\/","title":{"rendered":"Caixa de ramifica\u00e7\u00e3o de cabos da s\u00e9rie DFW (Caixa de jun\u00e7\u00e3o de distribui\u00e7\u00e3o de cabos totalmente isolada para exterior\/interior\/subterr\u00e2nea para sistema de rede de cabos de alimenta\u00e7\u00e3o)"},"content":{"rendered":"<p data-start=\"267\" data-end=\"438\">A caixa de deriva\u00e7\u00e3o de cabos da s\u00e9rie DFW \u00e9 um dispositivo vers\u00e1til de distribui\u00e7\u00e3o e liga\u00e7\u00e3o de cabos de m\u00e9dia e baixa tens\u00e3o, concebido para sistemas modernos de liga\u00e7\u00e3o em rede de cabos el\u00e9ctricos.<\/p>\n<p data-start=\"440\" data-end=\"483\">Est\u00e1 dispon\u00edvel em v\u00e1rias configura\u00e7\u00f5es:<\/p>\n<ul data-start=\"484\" data-end=\"585\">\n<li data-section-id=\"1b1rycm\" data-start=\"484\" data-end=\"518\">Caixa de deriva\u00e7\u00e3o de cabo de tipo americano<\/li>\n<li data-section-id=\"4zhipb\" data-start=\"519\" data-end=\"553\">Caixa de deriva\u00e7\u00e3o de cabo de tipo europeu<\/li>\n<li data-section-id=\"1y53ypx\" data-start=\"554\" data-end=\"585\">Caixa de deriva\u00e7\u00e3o do tipo interrutor de carga<\/li>\n<\/ul>\n<p data-start=\"587\" data-end=\"610\">Pode ser instalado em:<\/p>\n<ul data-start=\"611\" data-end=\"688\">\n<li data-section-id=\"ogmok6\" data-start=\"611\" data-end=\"635\">Ambientes exteriores<\/li>\n<li data-section-id=\"1ga8o2c\" data-start=\"636\" data-end=\"658\">Subesta\u00e7\u00f5es interiores<\/li>\n<li data-section-id=\"4gvg0a\" data-start=\"659\" data-end=\"688\">Instala\u00e7\u00f5es subterr\u00e2neas<\/li>\n<\/ul>\n<p data-start=\"690\" data-end=\"738\">O sistema \u00e9 utilizado para ligar cabos de alimenta\u00e7\u00e3o com:<\/p>\n<ul data-start=\"739\" data-end=\"850\">\n<li data-section-id=\"1wb0xsk\" data-start=\"739\" data-end=\"767\">Transformadores montados em almofada<\/li>\n<li data-section-id=\"204qt5\" data-start=\"768\" data-end=\"792\">Arm\u00e1rios de distribui\u00e7\u00e3o de carga<\/li>\n<li data-section-id=\"1n6bpa2\" data-start=\"793\" data-end=\"824\">Aparelhos de comuta\u00e7\u00e3o combinados com fus\u00edveis<\/li>\n<li data-section-id=\"1nbsyjz\" data-start=\"825\" data-end=\"850\">Unidades principais de anel (RMU)<\/li>\n<\/ul>\n<p data-start=\"852\" data-end=\"955\">Proporciona fun\u00e7\u00f5es de ramifica\u00e7\u00e3o, distribui\u00e7\u00e3o, transfer\u00eancia e interliga\u00e7\u00e3o de cabos el\u00e9ctricos.<\/p>\n<hr data-start=\"957\" data-end=\"960\" \/>\n<h2 data-section-id=\"17fvu7l\" data-start=\"962\" data-end=\"980\">Carater\u00edsticas principais<\/h2>\n<h3 data-section-id=\"83kma6\" data-start=\"982\" data-end=\"1022\">Integra\u00e7\u00e3o flex\u00edvel da rede de cabos<\/h3>\n<ul data-start=\"1023\" data-end=\"1127\">\n<li data-section-id=\"1xveqe0\" data-start=\"1023\" data-end=\"1076\">Suporta v\u00e1rias configura\u00e7\u00f5es de liga\u00e7\u00e3o por cabo<\/li>\n<li data-section-id=\"qn3ivt\" data-start=\"1077\" data-end=\"1127\">Compat\u00edvel com v\u00e1rios equipamentos de distribui\u00e7\u00e3o<\/li>\n<\/ul>\n<p data-start=\"1129\" data-end=\"1174\">Permite a expans\u00e3o flex\u00edvel da rede el\u00e9ctrica<\/p>\n<hr data-start=\"1176\" data-end=\"1179\" \/>\n<h3 data-section-id=\"eb4elr\" data-start=\"1181\" data-end=\"1218\">Design totalmente isolado e selado<\/h3>\n<ul data-start=\"1219\" data-end=\"1318\">\n<li data-section-id=\"j9zwqu\" data-start=\"1219\" data-end=\"1256\">Sistema de conetor de cabo pr\u00e9-moldado<\/li>\n<li data-section-id=\"7jmlji\" data-start=\"1257\" data-end=\"1286\">Estrutura totalmente isolada<\/li>\n<li data-section-id=\"1p7zya\" data-start=\"1287\" data-end=\"1318\">Totalmente selado e \u00e0 prova de \u00e1gua<\/li>\n<\/ul>\n<p data-start=\"1320\" data-end=\"1369\">Garante um funcionamento seguro em ambientes agressivos<\/p>\n<hr data-start=\"1371\" data-end=\"1374\" \/>\n<h3 data-section-id=\"11uvrqb\" data-start=\"1376\" data-end=\"1408\">Funcionamento sem manuten\u00e7\u00e3o<\/h3>\n<ul data-start=\"1409\" data-end=\"1473\">\n<li data-section-id=\"1s9s2lf\" data-start=\"1409\" data-end=\"1444\">N\u00e3o \u00e9 necess\u00e1ria manuten\u00e7\u00e3o de rotina<\/li>\n<li data-section-id=\"3m3xcb\" data-start=\"1445\" data-end=\"1473\">Conce\u00e7\u00e3o de longa vida \u00fatil<\/li>\n<\/ul>\n<p data-start=\"1475\" data-end=\"1518\">Reduz os custos de opera\u00e7\u00e3o e manuten\u00e7\u00e3o<\/p>\n<hr data-start=\"1520\" data-end=\"1523\" \/>\n<h3 data-section-id=\"1yk88wo\" data-start=\"1525\" data-end=\"1554\">Elevado desempenho de seguran\u00e7a<\/h3>\n<ul data-start=\"1555\" data-end=\"1668\">\n<li data-section-id=\"1sbxal4\" data-start=\"1555\" data-end=\"1590\">Conectores isolados \u00e0 prova de contacto<\/li>\n<li data-section-id=\"1j4yelu\" data-start=\"1591\" data-end=\"1626\">Design \u00e0 prova de \u00e1gua e de poeira<\/li>\n<li data-section-id=\"xrwnq4\" data-start=\"1627\" data-end=\"1668\">Elevada fiabilidade em funcionamento no exterior<\/li>\n<\/ul>\n<hr data-start=\"1670\" data-end=\"1673\" \/>\n<h3 data-section-id=\"5ae8zy\" data-start=\"1675\" data-end=\"1710\">M\u00faltiplas op\u00e7\u00f5es de instala\u00e7\u00e3o<\/h3>\n<ul data-start=\"1711\" data-end=\"1789\">\n<li data-section-id=\"1psv4z0\" data-start=\"1711\" data-end=\"1729\">Montagem no solo<\/li>\n<li data-section-id=\"15dtqpx\" data-start=\"1730\" data-end=\"1753\">Instala\u00e7\u00e3o no interior<\/li>\n<li data-section-id=\"drzzpw\" data-start=\"1754\" data-end=\"1789\">Instala\u00e7\u00e3o subterr\u00e2nea enterrada<\/li>\n<\/ul>\n<p data-start=\"1791\" data-end=\"1840\">Adequado para diferentes cen\u00e1rios de engenharia<\/p>\n<hr data-start=\"1842\" data-end=\"1845\" \/>\n<h3 data-section-id=\"lo4pv\" data-start=\"1847\" data-end=\"1871\">Compatibilidade alargada<\/h3>\n<p data-start=\"1872\" data-end=\"1889\">Pode ligar-se a:<\/p>\n<ul data-start=\"1890\" data-end=\"2006\">\n<li data-section-id=\"9e8jry\" data-start=\"1890\" data-end=\"1917\">Subesta\u00e7\u00f5es de transforma\u00e7\u00e3o<\/li>\n<li data-section-id=\"204qt5\" data-start=\"1918\" data-end=\"1942\">Arm\u00e1rios de distribui\u00e7\u00e3o de carga<\/li>\n<li data-section-id=\"17bv308\" data-start=\"1943\" data-end=\"1971\">Sistemas de rede em anel RMU<\/li>\n<li data-section-id=\"1hei0ww\" data-start=\"1972\" data-end=\"2006\">Quadros el\u00e9ctricos combinados<\/li>\n<\/ul>\n<hr data-start=\"2008\" data-end=\"2011\" \/>\n<h2 data-section-id=\"1hq6i26\" data-start=\"2013\" data-end=\"2036\">\ud83d\udd39 Conce\u00e7\u00e3o estrutural<\/h2>\n<h3 data-section-id=\"1y35nqk\" data-start=\"2038\" data-end=\"2067\">Sistema de liga\u00e7\u00e3o de cabos<\/h3>\n<ul data-start=\"2068\" data-end=\"2151\">\n<li data-section-id=\"alh734\" data-start=\"2068\" data-end=\"2103\">Conectores isolados pr\u00e9-moldados<\/li>\n<li data-section-id=\"1c3b4xr\" data-start=\"2104\" data-end=\"2151\">V\u00e1rios tamanhos e configura\u00e7\u00f5es dispon\u00edveis<\/li>\n<\/ul>\n<hr data-start=\"2153\" data-end=\"2156\" \/>\n<h3 data-section-id=\"10wxqng\" data-start=\"2158\" data-end=\"2184\">\ud83d\udd38 Estrutura do inv\u00f3lucro<\/h3>\n<ul data-start=\"2185\" data-end=\"2286\">\n<li data-section-id=\"3ajclp\" data-start=\"2185\" data-end=\"2214\">Caixa resistente \u00e0s intemp\u00e9ries<\/li>\n<li data-section-id=\"1twjtjg\" data-start=\"2215\" data-end=\"2244\">Prote\u00e7\u00e3o anti-corros\u00e3o<\/li>\n<li data-section-id=\"127ycka\" data-start=\"2245\" data-end=\"2286\">Adequado para condi\u00e7\u00f5es exteriores adversas<\/li>\n<\/ul>\n<hr data-start=\"2288\" data-end=\"2291\" \/>\n<h3 data-section-id=\"1u5i8v2\" data-start=\"2293\" data-end=\"2317\">\ud83d\udd38 Conce\u00e7\u00e3o funcional<\/h3>\n<ul data-start=\"2318\" data-end=\"2406\">\n<li data-section-id=\"1wjoi39\" data-start=\"2318\" data-end=\"2337\">Ramifica\u00e7\u00e3o de cabos<\/li>\n<li data-section-id=\"1nucvvf\" data-start=\"2338\" data-end=\"2360\">Distribui\u00e7\u00e3o de cabos<\/li>\n<li data-section-id=\"1o2p1be\" data-start=\"2361\" data-end=\"2379\">Transfer\u00eancia por cabo<\/li>\n<li data-section-id=\"koqqbj\" data-start=\"2380\" data-end=\"2406\">Interliga\u00e7\u00e3o de sistemas<\/li>\n<\/ul>\n<hr data-start=\"2408\" data-end=\"2411\" \/>\n<h2 data-section-id=\"15du31k\" data-start=\"2413\" data-end=\"2431\">\ud83d\udd39 Aplica\u00e7\u00f5es<\/h2>\n<p data-start=\"2433\" data-end=\"2476\">A caixa de deriva\u00e7\u00e3o de cabo DFW \u00e9 amplamente utilizada em:<\/p>\n<ul data-start=\"2478\" data-end=\"2684\">\n<li data-section-id=\"cptaoa\" data-start=\"2478\" data-end=\"2515\">Redes urbanas de distribui\u00e7\u00e3o de energia el\u00e9ctrica<\/li>\n<li data-section-id=\"16vuyds\" data-start=\"2516\" data-end=\"2544\">Sistemas de cabos industriais<\/li>\n<li data-section-id=\"zs3gyb\" data-start=\"2545\" data-end=\"2586\">Infra-estruturas el\u00e9ctricas residenciais<\/li>\n<li data-section-id=\"hfihxt\" data-start=\"2587\" data-end=\"2611\">Edif\u00edcios comerciais<\/li>\n<li data-section-id=\"rysg9z\" data-start=\"2612\" data-end=\"2653\">Sistemas de distribui\u00e7\u00e3o de energia renov\u00e1vel<\/li>\n<li data-section-id=\"7b60u9\" data-start=\"2654\" data-end=\"2684\">Redes subterr\u00e2neas de cabos<\/li>\n<\/ul>\n<hr data-start=\"2686\" data-end=\"2689\" \/>\n<h2 data-section-id=\"1rg4wz9\" data-start=\"2691\" data-end=\"2715\">\ud83d\udd39 Resumo das vantagens<\/h2>\n<ul data-start=\"2717\" data-end=\"2982\">\n<li data-section-id=\"1cqn87z\" data-start=\"2717\" data-end=\"2757\">Estrutura totalmente isolada e selada<\/li>\n<li data-section-id=\"yjho9c\" data-start=\"2758\" data-end=\"2803\">Sistema de liga\u00e7\u00e3o de cabos seguro e fi\u00e1vel<\/li>\n<li data-section-id=\"phyv7z\" data-start=\"2804\" data-end=\"2851\">Distribui\u00e7\u00e3o flex\u00edvel de cabos em v\u00e1rias direc\u00e7\u00f5es<\/li>\n<li data-section-id=\"sjf3fy\" data-start=\"2852\" data-end=\"2905\">Adequado para utiliza\u00e7\u00e3o em interiores, exteriores e subterr\u00e2neos<\/li>\n<li data-section-id=\"1ysv9yx\" data-start=\"2906\" data-end=\"2936\">Funcionamento sem manuten\u00e7\u00e3o<\/li>\n<li data-section-id=\"1azmre0\" data-start=\"2937\" data-end=\"2982\">Ideal para sistemas modernos de liga\u00e7\u00e3o em rede por cabo<\/li>\n<\/ul>\n<hr data-start=\"2984\" data-end=\"2987\" \/>\n<h1 data-section-id=\"1lxd8kj\" data-start=\"2989\" data-end=\"2996\">\u2753 FAQ<\/h1>\n<h3 data-section-id=\"10d5nh0\" data-start=\"2998\" data-end=\"3046\">1\ufe0f\u20e3 Para que serve uma caixa de deriva\u00e7\u00e3o de cabo DFW?<\/h3>\n<p data-start=\"3048\" data-end=\"3145\">\u00c9 utilizado para:<br \/>\nDistribui\u00e7\u00e3o de cabos, ramifica\u00e7\u00e3o e interconex\u00e3o em redes de cabos el\u00e9ctricos<\/p>\n<hr data-start=\"3147\" data-end=\"3150\" \/>\n<h3 data-section-id=\"m8r8u4\" data-start=\"3152\" data-end=\"3192\">2\ufe0f\u20e3 Pode ser instalado no subsolo?<\/h3>\n<p data-start=\"3194\" data-end=\"3262\">Sim, suporta:<br \/>\nInstala\u00e7\u00e3o exterior, interior e subterr\u00e2nea<\/p>\n<hr data-start=\"3264\" data-end=\"3267\" \/>\n<h3 data-section-id=\"3v9qy9\" data-start=\"3269\" data-end=\"3312\">3\ufe0f\u20e3 O sistema \u00e9 seguro para utiliza\u00e7\u00e3o no exterior?<\/h3>\n<p data-start=\"3314\" data-end=\"3331\">Sim, tem carater\u00edsticas:<\/p>\n<ul data-start=\"3332\" data-end=\"3420\">\n<li data-section-id=\"1rm48rt\" data-start=\"3332\" data-end=\"3358\">Design totalmente isolado<\/li>\n<li data-section-id=\"1n1cccd\" data-start=\"3359\" data-end=\"3394\">Estrutura imperme\u00e1vel e selada<\/li>\n<li data-section-id=\"rm0pq9\" data-start=\"3395\" data-end=\"3420\">Conectores \u00e0 prova de toque<\/li>\n<\/ul>\n<hr data-start=\"3422\" data-end=\"3425\" \/>\n<h3 data-section-id=\"b3qzgx\" data-start=\"3427\" data-end=\"3463\">4\ufe0f\u20e3 Necessita de manuten\u00e7\u00e3o?<\/h3>\n<p data-start=\"3465\" data-end=\"3529\">N\u00e3o, \u00e9 sim:<br \/>\n\ud83d\udc49 Design livre de manuten\u00e7\u00e3o com longa vida \u00fatil<\/p>\n<hr data-start=\"3531\" data-end=\"3534\" \/>\n<h3 data-section-id=\"17drfyl\" data-start=\"3536\" data-end=\"3579\">5\ufe0f\u20e3 Com que equipamento se pode ligar?<\/h3>\n<p data-start=\"3581\" data-end=\"3604\">Pode ser ligado a:<\/p>\n<ul data-start=\"3605\" data-end=\"3704\">\n<li data-section-id=\"nqkthc\" data-start=\"3605\" data-end=\"3621\">Transformadores<\/li>\n<li data-section-id=\"h6gab3\" data-start=\"3622\" data-end=\"3647\">RMU (unidades principais de anel)<\/li>\n<li data-section-id=\"204qt5\" data-start=\"3648\" data-end=\"3672\">Arm\u00e1rios de distribui\u00e7\u00e3o de carga<\/li>\n<li data-section-id=\"rbnifp\" data-start=\"3673\" data-end=\"3704\">Sistemas el\u00e9ctricos combinados<\/li>\n<\/ul>","protected":false},"excerpt":{"rendered":"<p data-start=\"267\" data-end=\"438\">A caixa de deriva\u00e7\u00e3o de cabos da s\u00e9rie DFW \u00e9 um dispositivo vers\u00e1til de distribui\u00e7\u00e3o e liga\u00e7\u00e3o de cabos de m\u00e9dia e baixa tens\u00e3o, concebido para sistemas modernos de liga\u00e7\u00e3o em rede de cabos el\u00e9ctricos.<\/p>\n<p data-start=\"440\" data-end=\"483\">Est\u00e1 dispon\u00edvel em v\u00e1rias configura\u00e7\u00f5es:<\/p>\n<ul data-start=\"484\" data-end=\"585\">\n<li data-section-id=\"1b1rycm\" data-start=\"484\" data-end=\"518\">Caixa de deriva\u00e7\u00e3o de cabo de tipo americano<\/li>\n<li data-section-id=\"4zhipb\" data-start=\"519\" data-end=\"553\">Caixa de deriva\u00e7\u00e3o de cabo de tipo europeu<\/li>\n<li data-section-id=\"1y53ypx\" data-start=\"554\" data-end=\"585\">Caixa de deriva\u00e7\u00e3o do tipo interrutor de carga<\/li>\n<\/ul>","protected":false},"featured_media":2158,"comment_status":"open","ping_status":"closed","template":"","meta":{"site-sidebar-layout":"default","site-content-layout":"","ast-site-content-layout":"default","site-content-style":"default","site-sidebar-style":"default","ast-global-header-display":"","ast-banner-title-visibility":"","ast-main-header-display":"","ast-hfb-above-header-display":"","ast-hfb-below-header-display":"","ast-hfb-mobile-header-display":"","site-post-title":"","ast-breadcrumbs-content":"","ast-featured-img":"","footer-sml-layout":"","ast-disable-related-posts":"","theme-transparent-header-meta":"default","adv-header-id-meta":"","stick-header-meta":"","header-above-stick-meta":"","header-main-stick-meta":"","header-below-stick-meta":"","astra-migrate-meta-layouts":"set","ast-page-background-enabled":"default","ast-page-background-meta":{"desktop":{"background-color":"","background-image":"","background-repeat":"repeat","background-position":"center center","background-size":"auto","background-attachment":"scroll","background-type":"","background-media":"","overlay-type":"","overlay-color":"","overlay-opacity":"","overlay-gradient":""},"tablet":{"background-color":"","background-image":"","background-repeat":"repeat","background-position":"center center","background-size":"auto","background-attachment":"scroll","background-type":"","background-media":"","overlay-type":"","overlay-color":"","overlay-opacity":"","overlay-gradient":""},"mobile":{"background-color":"","background-image":"","background-repeat":"repeat","background-position":"center center","background-size":"auto","background-attachment":"scroll","background-type":"","background-media":"","overlay-type":"","overlay-color":"","overlay-opacity":"","overlay-gradient":""}},"ast-content-background-meta":{"desktop":{"background-color":"var(--ast-global-color-5)","background-image":"","background-repeat":"repeat","background-position":"center center","background-size":"auto","background-attachment":"scroll","background-type":"","background-media":"","overlay-type":"","overlay-color":"","overlay-opacity":"","overlay-gradient":""},"tablet":{"background-color":"var(--ast-global-color-5)","background-image":"","background-repeat":"repeat","background-position":"center center","background-size":"auto","background-attachment":"scroll","background-type":"","background-media":"","overlay-type":"","overlay-color":"","overlay-opacity":"","overlay-gradient":""},"mobile":{"background-color":"var(--ast-global-color-5)","background-image":"","background-repeat":"repeat","background-position":"center center","background-size":"auto","background-attachment":"scroll","background-type":"","background-media":"","overlay-type":"","overlay-color":"","overlay-opacity":"","overlay-gradient":""}}},"product_brand":[],"product_cat":[2036,2032],"product_tag":[2164,2165,2163,2170,2167,2171,2169,2166,2172,2168],"class_list":{"0":"post-2155","1":"product","2":"type-product","3":"status-publish","4":"has-post-thumbnail","6":"product_cat-renewable-energy-products","7":"product_cat-electrical-equipment","8":"product_tag-cable-distribution-box","9":"product_tag-cable-junction-box","10":"product_tag-dfw-cable-branch-box","11":"product_tag-electrical-cable-network-equipment","12":"product_tag-fully-insulated-cable-box","13":"product_tag-medium-voltage-cable-system","14":"product_tag-outdoor-cable-branch-cabinet","15":"product_tag-power-cable-branch-system","16":"product_tag-power-distribution-accessories","17":"product_tag-underground-cable-distribution-box","18":"desktop-align-left","19":"tablet-align-left","20":"mobile-align-left","22":"first","23":"instock","24":"shipping-taxable","25":"product-type-simple"},"_links":{"self":[{"href":"https:\/\/www.wonzh.com\/pt\/wp-json\/wp\/v2\/product\/2155","targetHints":{"allow":["GET"]}}],"collection":[{"href":"https:\/\/www.wonzh.com\/pt\/wp-json\/wp\/v2\/product"}],"about":[{"href":"https:\/\/www.wonzh.com\/pt\/wp-json\/wp\/v2\/types\/product"}],"replies":[{"embeddable":true,"href":"https:\/\/www.wonzh.com\/pt\/wp-json\/wp\/v2\/comments?post=2155"}],"wp:featuredmedia":[{"embeddable":true,"href":"https:\/\/www.wonzh.com\/pt\/wp-json\/wp\/v2\/media\/2158"}],"wp:attachment":[{"href":"https:\/\/www.wonzh.com\/pt\/wp-json\/wp\/v2\/media?parent=2155"}],"wp:term":[{"taxonomy":"product_brand","embeddable":true,"href":"https:\/\/www.wonzh.com\/pt\/wp-json\/wp\/v2\/product_brand?post=2155"},{"taxonomy":"product_cat","embeddable":true,"href":"https:\/\/www.wonzh.com\/pt\/wp-json\/wp\/v2\/product_cat?post=2155"},{"taxonomy":"product_tag","embeddable":true,"href":"https:\/\/www.wonzh.com\/pt\/wp-json\/wp\/v2\/product_tag?post=2155"}],"curies":[{"name":"wp","href":"https:\/\/api.w.org\/{rel}","templated":true}]}}