{"id":2153,"date":"2026-04-29T15:31:51","date_gmt":"2026-04-29T15:31:51","guid":{"rendered":"https:\/\/www.wonzh.com\/?post_type=product&#038;p=2153"},"modified":"2026-04-29T15:31:53","modified_gmt":"2026-04-29T15:31:53","slug":"zgs13-wind-solar-power-pad-mounted-step-up-transformer-0-69kv-to-10kv-35kv-compact-substation-transformer-for-renewable-energy-systems","status":"publish","type":"product","link":"https:\/\/www.wonzh.com\/pt\/product\/zgs13-wind-solar-power-pad-mounted-step-up-transformer-0-69kv-to-10kv-35kv-compact-substation-transformer-for-renewable-energy-systems\/","title":{"rendered":"Transformador elevat\u00f3rio montado em bloco para energia e\u00f3lica e solar ZGS13 (Transformador de subesta\u00e7\u00e3o compacto de 0,69kV a 10kV \/ 35kV para sistemas de energia renov\u00e1vel)"},"content":{"rendered":"<p data-start=\"283\" data-end=\"466\">O transformador elevador dedicado para energia e\u00f3lica e solar da s\u00e9rie ZGS13 \u00e9 uma unidade de transformador compacta integrada do tipo subesta\u00e7\u00e3o, concebida para sistemas de produ\u00e7\u00e3o de energia renov\u00e1vel.<\/p>\n<p data-start=\"468\" data-end=\"532\">Combina os seguintes componentes numa estrutura compacta:<\/p>\n<ul data-start=\"533\" data-end=\"630\">\n<li data-section-id=\"159gwlz\" data-start=\"533\" data-end=\"565\">N\u00facleo e enrolamento do transformador<\/li>\n<li data-section-id=\"1nd1vfv\" data-start=\"566\" data-end=\"580\">Aparelhagem de comuta\u00e7\u00e3o<\/li>\n<li data-section-id=\"1gutmwu\" data-start=\"581\" data-end=\"590\">Fus\u00edveis<\/li>\n<li data-section-id=\"1b2jgah\" data-start=\"591\" data-end=\"606\">Comutador de torneiras<\/li>\n<li data-section-id=\"1d1nt9k\" data-start=\"607\" data-end=\"630\">Equipamento auxiliar<\/li>\n<\/ul>\n<p data-start=\"632\" data-end=\"762\">A unidade utiliza \u00f3leo isolante de transformador como meio de isolamento e de arrefecimento, garantindo uma elevada efici\u00eancia e um funcionamento est\u00e1vel.<\/p>\n<p data-start=\"764\" data-end=\"889\">Foi concebido para converter a energia gerada a partir de:<br \/>\n\ud83d\udc49 0,69kV (0,27-1,14kV)<br data-start=\"839\" data-end=\"842\" \/>em<br data-start=\"846\" data-end=\"849\" \/>N\u00edvel de m\u00e9dia tens\u00e3o de 10kV ou 35kV<\/p>\n<p data-start=\"891\" data-end=\"954\">para transmiss\u00e3o \u00e0 rede atrav\u00e9s de cabos subterr\u00e2neos ou linhas a\u00e9reas.<\/p>\n<hr data-start=\"956\" data-end=\"959\" \/>\n<h2 data-section-id=\"lmz2ep\" data-start=\"961\" data-end=\"984\">\u00c2mbito de aplica\u00e7\u00e3o<\/h2>\n<p data-start=\"986\" data-end=\"1001\">Amplamente utilizado em:<\/p>\n<ul data-start=\"1002\" data-end=\"1152\">\n<li data-section-id=\"2kgmpf\" data-start=\"1002\" data-end=\"1035\">Sistemas de produ\u00e7\u00e3o de energia e\u00f3lica<\/li>\n<li data-section-id=\"aj1s75\" data-start=\"1036\" data-end=\"1076\">Centrais de energia solar fotovoltaica (PV)<\/li>\n<li data-section-id=\"x0107k\" data-start=\"1077\" data-end=\"1120\">Subesta\u00e7\u00f5es de capta\u00e7\u00e3o de energias renov\u00e1veis<\/li>\n<li data-section-id=\"dyo4pr\" data-start=\"1121\" data-end=\"1152\">Projectos de energia distribu\u00edda<\/li>\n<\/ul>\n<hr data-start=\"1154\" data-end=\"1157\" \/>\n<h2 data-section-id=\"17fvu7l\" data-start=\"1159\" data-end=\"1177\">Carater\u00edsticas principais<\/h2>\n<h3 data-section-id=\"8xngy4\" data-start=\"1179\" data-end=\"1209\">Design altamente integrado<\/h3>\n<ul data-start=\"1210\" data-end=\"1338\">\n<li data-section-id=\"18mz8ju\" data-start=\"1210\" data-end=\"1282\">Transformador + quadro el\u00e9trico + dispositivos de prote\u00e7\u00e3o integrados numa \u00fanica unidade<\/li>\n<li data-section-id=\"h1zq8k\" data-start=\"1283\" data-end=\"1338\">Estrutura compacta adequada para instala\u00e7\u00e3o no exterior<\/li>\n<\/ul>\n<p data-start=\"1340\" data-end=\"1392\">Reduz a complexidade do sistema e o custo de instala\u00e7\u00e3o<\/p>\n<hr data-start=\"1394\" data-end=\"1397\" \/>\n<h3 data-section-id=\"13rpt0v\" data-start=\"1399\" data-end=\"1429\">Convers\u00e3o de energia passo-a-passo<\/h3>\n<ul data-start=\"1430\" data-end=\"1532\">\n<li data-section-id=\"n0iuwa\" data-start=\"1430\" data-end=\"1490\">Converte a produ\u00e7\u00e3o de baixa tens\u00e3o em m\u00e9dia tens\u00e3o<\/li>\n<li data-section-id=\"1udo1p2\" data-start=\"1491\" data-end=\"1532\">Suporta os requisitos de liga\u00e7\u00e3o \u00e0 rede<\/li>\n<\/ul>\n<p data-start=\"1534\" data-end=\"1590\">Essencial para sistemas de transmiss\u00e3o de energias renov\u00e1veis<\/p>\n<hr data-start=\"1592\" data-end=\"1595\" \/>\n<h3 data-section-id=\"dsrx6t\" data-start=\"1597\" data-end=\"1643\">Sistema de isolamento e arrefecimento imerso em \u00f3leo<\/h3>\n<ul data-start=\"1644\" data-end=\"1734\">\n<li data-section-id=\"13xv2st\" data-start=\"1644\" data-end=\"1734\">Utiliza \u00f3leo isolante como:\n<ul data-start=\"1672\" data-end=\"1734\">\n<li data-section-id=\"s7zkff\" data-start=\"1672\" data-end=\"1704\">Meio de isolamento el\u00e9trico<\/li>\n<li data-section-id=\"m3lgqs\" data-start=\"1707\" data-end=\"1734\">Meio de dissipa\u00e7\u00e3o de calor<\/li>\n<\/ul>\n<\/li>\n<\/ul>\n<p data-start=\"1736\" data-end=\"1775\">Assegura um funcionamento est\u00e1vel a longo prazo<\/p>\n<hr data-start=\"1777\" data-end=\"1780\" \/>\n<h3 data-section-id=\"q0elz3\" data-start=\"1782\" data-end=\"1823\">Instala\u00e7\u00e3o r\u00e1pida e f\u00e1cil implementa\u00e7\u00e3o<\/h3>\n<ul data-start=\"1824\" data-end=\"1894\">\n<li data-section-id=\"1oiyy76\" data-start=\"1824\" data-end=\"1856\">Design pr\u00e9-montado de f\u00e1brica<\/li>\n<li data-section-id=\"8zqbpt\" data-start=\"1857\" data-end=\"1894\">Trabalhos m\u00ednimos de instala\u00e7\u00e3o no local<\/li>\n<\/ul>\n<p data-start=\"1896\" data-end=\"1938\">Ideal para parques e\u00f3licos e solares remotos<\/p>\n<hr data-start=\"1940\" data-end=\"1943\" \/>\n<h3 data-section-id=\"1ney3w6\" data-start=\"1945\" data-end=\"1976\">Elevada seguran\u00e7a e fiabilidade<\/h3>\n<ul data-start=\"1977\" data-end=\"2059\">\n<li data-section-id=\"18wyaby\" data-start=\"1977\" data-end=\"2005\">Estrutura totalmente fechada<\/li>\n<li data-section-id=\"1yfbqna\" data-start=\"2006\" data-end=\"2059\">Sistema de prote\u00e7\u00e3o integrado (fus\u00edveis + interrutor)<\/li>\n<\/ul>\n<p data-start=\"2061\" data-end=\"2105\">Adequado para ambientes exteriores agressivos<\/p>\n<hr data-start=\"2107\" data-end=\"2110\" \/>\n<h3 data-section-id=\"1ukkhrg\" data-start=\"2112\" data-end=\"2149\">Efici\u00eancia energ\u00e9tica e amigo do ambiente<\/h3>\n<ul data-start=\"2150\" data-end=\"2242\">\n<li data-section-id=\"10oncp9\" data-start=\"2150\" data-end=\"2169\">Conce\u00e7\u00e3o de baixas perdas<\/li>\n<li data-section-id=\"19wmozq\" data-start=\"2170\" data-end=\"2203\">Desempenho t\u00e9rmico optimizado<\/li>\n<li data-section-id=\"14ijk6v\" data-start=\"2204\" data-end=\"2242\">Funcionamento amigo do ambiente<\/li>\n<\/ul>\n<hr data-start=\"2244\" data-end=\"2247\" \/>\n<h3 data-section-id=\"mvgs39\" data-start=\"2249\" data-end=\"2285\">Configura\u00e7\u00e3o flex\u00edvel da tens\u00e3o<\/h3>\n<p data-start=\"2286\" data-end=\"2295\">Apoios:<\/p>\n<ul data-start=\"2296\" data-end=\"2363\">\n<li data-section-id=\"mzelvn\" data-start=\"2296\" data-end=\"2332\">Entrada de 0,69kV (intervalo de 0,27-1,14kV)<\/li>\n<li data-section-id=\"11dvkj3\" data-start=\"2333\" data-end=\"2363\">Op\u00e7\u00f5es de sa\u00edda de 10kV \/ 35kV<\/li>\n<\/ul>\n<hr data-start=\"2365\" data-end=\"2368\" \/>\n<h2 data-section-id=\"149biba\" data-start=\"2370\" data-end=\"2393\">\ud83d\udd39 Princ\u00edpio de funcionamento<\/h2>\n<ol data-start=\"2395\" data-end=\"2716\">\n<li data-section-id=\"4w3r9l\" data-start=\"2395\" data-end=\"2477\">A eletricidade gerada por turbinas e\u00f3licas ou inversores fotovoltaicos entra no transformador<\/li>\n<li data-section-id=\"1s3j0n7\" data-start=\"2478\" data-end=\"2539\">A tens\u00e3o \u00e9 aumentada de baixa tens\u00e3o para m\u00e9dia tens\u00e3o<\/li>\n<li data-section-id=\"asu5i3\" data-start=\"2540\" data-end=\"2641\">A energia \u00e9 transmitida ao sistema de recolha atrav\u00e9s de:\n<ul data-start=\"2597\" data-end=\"2641\">\n<li data-section-id=\"1y41j33\" data-start=\"2597\" data-end=\"2619\">Cabos subterr\u00e2neos<\/li>\n<li data-section-id=\"1yxobhv\" data-start=\"2623\" data-end=\"2641\">Linhas a\u00e9reas<\/li>\n<\/ul>\n<\/li>\n<li data-section-id=\"fb5a62\" data-start=\"2642\" data-end=\"2716\">A energia \u00e9 entregue \u00e0 subesta\u00e7\u00e3o e\u00f3lica\/solar para integra\u00e7\u00e3o na rede<\/li>\n<\/ol>\n<hr data-start=\"2718\" data-end=\"2721\" \/>\n<h2 data-section-id=\"1rg4wz9\" data-start=\"2723\" data-end=\"2747\">\ud83d\udd39 Resumo das vantagens<\/h2>\n<ul data-start=\"2749\" data-end=\"3022\">\n<li data-section-id=\"223ev8\" data-start=\"2749\" data-end=\"2807\">Conce\u00e7\u00e3o integrada compacta para sistemas de energias renov\u00e1veis<\/li>\n<li data-section-id=\"3v4amq\" data-start=\"2808\" data-end=\"2847\">Instala\u00e7\u00e3o e coloca\u00e7\u00e3o em funcionamento r\u00e1pidas<\/li>\n<li data-section-id=\"1kyl9qx\" data-start=\"2848\" data-end=\"2891\">Elevada fiabilidade e seguran\u00e7a operacional<\/li>\n<li data-section-id=\"1o44870\" data-start=\"2892\" data-end=\"2935\">Adequado para ambientes exteriores agressivos<\/li>\n<li data-section-id=\"5k48t5\" data-start=\"2936\" data-end=\"2980\">Suporta requisitos de tens\u00e3o ao n\u00edvel da rede<\/li>\n<li data-section-id=\"18rnbjv\" data-start=\"2981\" data-end=\"3022\">Baixa manuten\u00e7\u00e3o e longa vida \u00fatil<\/li>\n<\/ul>\n<hr data-start=\"3024\" data-end=\"3027\" \/>\n<h1 data-section-id=\"1lxd8kj\" data-start=\"3029\" data-end=\"3036\">\u2753 FAQ<\/h1>\n<h3 data-section-id=\"16tdf6s\" data-start=\"3038\" data-end=\"3091\">1\ufe0f\u20e3 Para que \u00e9 utilizado um transformador elevador ZGS13?<\/h3>\n<p data-start=\"3093\" data-end=\"3211\">\u00c9 utilizado para:<br \/>\nAumentar a tens\u00e3o dos sistemas de produ\u00e7\u00e3o e\u00f3lica ou solar para o n\u00edvel de transmiss\u00e3o da rede (10kV ou 35kV)<\/p>\n<hr data-start=\"3213\" data-end=\"3216\" \/>\n<h3 data-section-id=\"6385e5\" data-start=\"3218\" data-end=\"3248\">2\ufe0f\u20e3 Onde \u00e9 que est\u00e1 instalado?<\/h3>\n<p data-start=\"3250\" data-end=\"3273\">\u00c9 normalmente utilizado em:<\/p>\n<ul data-start=\"3274\" data-end=\"3347\">\n<li data-section-id=\"1ryn0s7\" data-start=\"3274\" data-end=\"3288\">Parques e\u00f3licos<\/li>\n<li data-section-id=\"igs886\" data-start=\"3289\" data-end=\"3314\">Centrais solares fotovoltaicas<\/li>\n<li data-section-id=\"1aribom\" data-start=\"3315\" data-end=\"3347\">Subesta\u00e7\u00f5es de energias renov\u00e1veis<\/li>\n<\/ul>\n<hr data-start=\"3349\" data-end=\"3352\" \/>\n<h3 data-section-id=\"eaniav\" data-start=\"3354\" data-end=\"3412\">3\ufe0f\u20e3 Porque \u00e9 que se chama transformador de subesta\u00e7\u00e3o compacto?<\/h3>\n<p data-start=\"3414\" data-end=\"3436\">Porque se integra:<\/p>\n<ul data-start=\"3437\" data-end=\"3490\">\n<li data-section-id=\"1c2mxqr\" data-start=\"3437\" data-end=\"3452\">Transformador<\/li>\n<li data-section-id=\"1nd1vfv\" data-start=\"3453\" data-end=\"3467\">Aparelhagem de comuta\u00e7\u00e3o<\/li>\n<li data-section-id=\"9lz69s\" data-start=\"3468\" data-end=\"3490\">Dispositivos de prote\u00e7\u00e3o<\/li>\n<\/ul>\n<p data-start=\"3492\" data-end=\"3524\">Numa unidade pr\u00e9-fabricada<\/p>\n<hr data-start=\"3526\" data-end=\"3529\" \/>\n<h3 data-section-id=\"kdbnzc\" data-start=\"3531\" data-end=\"3592\">4\ufe0f\u20e3 O que o torna adequado para projectos de energias renov\u00e1veis?<\/h3>\n<ul data-start=\"3594\" data-end=\"3686\">\n<li data-section-id=\"5svd5d\" data-start=\"3594\" data-end=\"3613\">Implementa\u00e7\u00e3o r\u00e1pida<\/li>\n<li data-section-id=\"4sp4nl\" data-start=\"3614\" data-end=\"3636\">Durabilidade no exterior<\/li>\n<li data-section-id=\"1cqlean\" data-start=\"3637\" data-end=\"3666\">Convers\u00e3o de tens\u00e3o est\u00e1vel<\/li>\n<li data-section-id=\"1s8wp6p\" data-start=\"3667\" data-end=\"3686\">Manuten\u00e7\u00e3o reduzida<\/li>\n<\/ul>\n<hr data-start=\"3688\" data-end=\"3691\" \/>\n<h3 data-section-id=\"e1lsee\" data-start=\"3693\" data-end=\"3725\">5\ufe0f\u20e3 Utiliza refrigera\u00e7\u00e3o a \u00f3leo?<\/h3>\n<p data-start=\"3727\" data-end=\"3794\">Sim, utiliza:<br \/>\n\u00d3leo isolante para arrefecimento e isolamento<\/p>","protected":false},"excerpt":{"rendered":"<p data-start=\"283\" data-end=\"466\">O transformador elevador dedicado para energia e\u00f3lica e solar da s\u00e9rie ZGS13 \u00e9 uma unidade de transformador compacta integrada do tipo subesta\u00e7\u00e3o, concebida para sistemas de produ\u00e7\u00e3o de energia renov\u00e1vel.<\/p>\n<p data-start=\"468\" data-end=\"532\">Combina os seguintes componentes numa estrutura compacta:<\/p>\n<ul data-start=\"533\" data-end=\"630\">\n<li data-section-id=\"159gwlz\" data-start=\"533\" data-end=\"565\">N\u00facleo e enrolamento do transformador<\/li>\n<li data-section-id=\"1nd1vfv\" data-start=\"566\" data-end=\"580\">Aparelhagem de comuta\u00e7\u00e3o<\/li>\n<li data-section-id=\"1gutmwu\" data-start=\"581\" data-end=\"590\">Fus\u00edveis<\/li>\n<li data-section-id=\"1b2jgah\" data-start=\"591\" data-end=\"606\">Comutador de torneiras<\/li>\n<li data-section-id=\"1d1nt9k\" data-start=\"607\" data-end=\"630\">Equipamento auxiliar<\/li>\n<\/ul>","protected":false},"featured_media":2154,"comment_status":"open","ping_status":"closed","template":"","meta":{"site-sidebar-layout":"default","site-content-layout":"","ast-site-content-layout":"default","site-content-style":"default","site-sidebar-style":"default","ast-global-header-display":"","ast-banner-title-visibility":"","ast-main-header-display":"","ast-hfb-above-header-display":"","ast-hfb-below-header-display":"","ast-hfb-mobile-header-display":"","site-post-title":"","ast-breadcrumbs-content":"","ast-featured-img":"","footer-sml-layout":"","ast-disable-related-posts":"","theme-transparent-header-meta":"default","adv-header-id-meta":"","stick-header-meta":"","header-above-stick-meta":"","header-main-stick-meta":"","header-below-stick-meta":"","astra-migrate-meta-layouts":"set","ast-page-background-enabled":"default","ast-page-background-meta":{"desktop":{"background-color":"","background-image":"","background-repeat":"repeat","background-position":"center center","background-size":"auto","background-attachment":"scroll","background-type":"","background-media":"","overlay-type":"","overlay-color":"","overlay-opacity":"","overlay-gradient":""},"tablet":{"background-color":"","background-image":"","background-repeat":"repeat","background-position":"center center","background-size":"auto","background-attachment":"scroll","background-type":"","background-media":"","overlay-type":"","overlay-color":"","overlay-opacity":"","overlay-gradient":""},"mobile":{"background-color":"","background-image":"","background-repeat":"repeat","background-position":"center center","background-size":"auto","background-attachment":"scroll","background-type":"","background-media":"","overlay-type":"","overlay-color":"","overlay-opacity":"","overlay-gradient":""}},"ast-content-background-meta":{"desktop":{"background-color":"var(--ast-global-color-5)","background-image":"","background-repeat":"repeat","background-position":"center center","background-size":"auto","background-attachment":"scroll","background-type":"","background-media":"","overlay-type":"","overlay-color":"","overlay-opacity":"","overlay-gradient":""},"tablet":{"background-color":"var(--ast-global-color-5)","background-image":"","background-repeat":"repeat","background-position":"center center","background-size":"auto","background-attachment":"scroll","background-type":"","background-media":"","overlay-type":"","overlay-color":"","overlay-opacity":"","overlay-gradient":""},"mobile":{"background-color":"var(--ast-global-color-5)","background-image":"","background-repeat":"repeat","background-position":"center center","background-size":"auto","background-attachment":"scroll","background-type":"","background-media":"","overlay-type":"","overlay-color":"","overlay-opacity":"","overlay-gradient":""}}},"product_brand":[],"product_cat":[2036,2032],"product_tag":[2156,2157,2160,2159,2155,2158,2162,2154,2161,2153,2152],"class_list":{"0":"post-2153","1":"product","2":"type-product","3":"status-publish","4":"has-post-thumbnail","6":"product_cat-renewable-energy-products","7":"product_cat-electrical-equipment","8":"product_tag-0-69kv-to-10kv-transformer","9":"product_tag-35kv-step-up-transformer","10":"product_tag-compact-substation-transformer","11":"product_tag-pad-mounted-transformer","12":"product_tag-pv-substation-transformer","13":"product_tag-renewable-energy-transformer","14":"product_tag-solar-power-equipment","15":"product_tag-solar-step-up-transformer","16":"product_tag-wind-farm-electrical-equipment","17":"product_tag-wind-power-transformer","18":"product_tag-zgs13-transformer","19":"desktop-align-left","20":"tablet-align-left","21":"mobile-align-left","23":"first","24":"instock","25":"shipping-taxable","26":"product-type-simple"},"_links":{"self":[{"href":"https:\/\/www.wonzh.com\/pt\/wp-json\/wp\/v2\/product\/2153","targetHints":{"allow":["GET"]}}],"collection":[{"href":"https:\/\/www.wonzh.com\/pt\/wp-json\/wp\/v2\/product"}],"about":[{"href":"https:\/\/www.wonzh.com\/pt\/wp-json\/wp\/v2\/types\/product"}],"replies":[{"embeddable":true,"href":"https:\/\/www.wonzh.com\/pt\/wp-json\/wp\/v2\/comments?post=2153"}],"wp:featuredmedia":[{"embeddable":true,"href":"https:\/\/www.wonzh.com\/pt\/wp-json\/wp\/v2\/media\/2154"}],"wp:attachment":[{"href":"https:\/\/www.wonzh.com\/pt\/wp-json\/wp\/v2\/media?parent=2153"}],"wp:term":[{"taxonomy":"product_brand","embeddable":true,"href":"https:\/\/www.wonzh.com\/pt\/wp-json\/wp\/v2\/product_brand?post=2153"},{"taxonomy":"product_cat","embeddable":true,"href":"https:\/\/www.wonzh.com\/pt\/wp-json\/wp\/v2\/product_cat?post=2153"},{"taxonomy":"product_tag","embeddable":true,"href":"https:\/\/www.wonzh.com\/pt\/wp-json\/wp\/v2\/product_tag?post=2153"}],"curies":[{"name":"wp","href":"https:\/\/api.w.org\/{rel}","templated":true}]}}