{"id":2151,"date":"2026-04-29T15:21:33","date_gmt":"2026-04-29T15:21:33","guid":{"rendered":"https:\/\/www.wonzh.com\/?post_type=product&#038;p=2151"},"modified":"2026-04-29T15:21:35","modified_gmt":"2026-04-29T15:21:35","slug":"ybh-series-hybrid-compact-substation-10kv-35kv-prefabricated-substation-for-solar-wind-power-distribution","status":"publish","type":"product","link":"https:\/\/www.wonzh.com\/pt\/product\/ybh-series-hybrid-compact-substation-10kv-35kv-prefabricated-substation-for-solar-wind-power-distribution\/","title":{"rendered":"Subesta\u00e7\u00e3o h\u00edbrida compacta da s\u00e9rie YBH (Subesta\u00e7\u00e3o pr\u00e9-fabricada de 10kV\/35kV para distribui\u00e7\u00e3o de energia solar e e\u00f3lica)"},"content":{"rendered":"<p data-start=\"252\" data-end=\"450\">A subesta\u00e7\u00e3o compacta h\u00edbrida da s\u00e9rie YBH \u00e9 uma subesta\u00e7\u00e3o pr\u00e9-fabricada inovadora que combina as vantagens das subesta\u00e7\u00f5es compactas do tipo americano (pad-mounted) e do tipo europeu.<\/p>\n<p data-start=\"452\" data-end=\"611\">Ao contr\u00e1rio dos modelos tradicionais, a s\u00e9rie YBH adopta uma estrutura \u00fanica de liga\u00e7\u00e3o de alta tens\u00e3o com tecnologia pr\u00f3pria, proporcionando um equil\u00edbrio superior de..:<\/p>\n<p data-start=\"613\" data-end=\"689\">\ud83d\udc49 Seguran\u00e7a<br data-start=\"622\" data-end=\"625\" \/>\ud83d\udc49 Fiabilidade<br data-start=\"639\" data-end=\"642\" \/>\ud83d\udc49 Flexibilidade<br data-start=\"656\" data-end=\"659\" \/>Desempenho ambiental<\/p>\n<p data-start=\"691\" data-end=\"712\">\u00c9 amplamente utilizado em:<\/p>\n<ul data-start=\"713\" data-end=\"811\">\n<li data-section-id=\"1w4tyzr\" data-start=\"713\" data-end=\"744\">Centrais de energia solar (PV)<\/li>\n<li data-section-id=\"z32h6d\" data-start=\"745\" data-end=\"771\">Sistemas de energia e\u00f3lica<\/li>\n<li data-section-id=\"1xsivcn\" data-start=\"772\" data-end=\"811\">Redes de distribui\u00e7\u00e3o 10kV \/ 35kV<\/li>\n<\/ul>\n<hr data-start=\"813\" data-end=\"816\" \/>\n<h2 data-section-id=\"17fvu7l\" data-start=\"818\" data-end=\"836\">Carater\u00edsticas principais<\/h2>\n<h3 data-section-id=\"p055a8\" data-start=\"838\" data-end=\"893\">Design h\u00edbrido (o melhor dos tipos americano e europeu)<\/h3>\n<ul data-start=\"894\" data-end=\"996\">\n<li data-section-id=\"1ravmmf\" data-start=\"894\" data-end=\"941\">Combina a estrutura compacta do tipo americano<\/li>\n<li data-section-id=\"h5akx7\" data-start=\"942\" data-end=\"996\">Integra a configura\u00e7\u00e3o flex\u00edvel do tipo europeu<\/li>\n<\/ul>\n<p data-start=\"998\" data-end=\"1048\">Optimizado para as necessidades modernas de distribui\u00e7\u00e3o de energia<\/p>\n<hr data-start=\"1050\" data-end=\"1053\" \/>\n<h3 data-section-id=\"jwo2v2\" data-start=\"1055\" data-end=\"1107\">Tecnologia propriet\u00e1ria de liga\u00e7\u00e3o de alta tens\u00e3o<\/h3>\n<ul data-start=\"1108\" data-end=\"1180\">\n<li data-section-id=\"eeyv5\" data-start=\"1108\" data-end=\"1139\">Conce\u00e7\u00e3o \u00fanica de liga\u00e7\u00e3o HV<\/li>\n<li data-section-id=\"1neig4x\" data-start=\"1140\" data-end=\"1180\">Maior estabilidade e seguran\u00e7a do sistema<\/li>\n<\/ul>\n<p data-start=\"1182\" data-end=\"1232\">Vantagem diferenciada do produto para projectos<\/p>\n<hr data-start=\"1234\" data-end=\"1237\" \/>\n<h3 data-section-id=\"1mr7066\" data-start=\"1239\" data-end=\"1279\">Estrutura pr\u00e9-fabricada integrada<\/h3>\n<ul data-start=\"1280\" data-end=\"1350\">\n<li data-section-id=\"kygouv\" data-start=\"1280\" data-end=\"1324\">Transformador + sistema AT + BT numa unidade<\/li>\n<li data-section-id=\"y5las0\" data-start=\"1325\" data-end=\"1350\">Pr\u00e9-montado de f\u00e1brica<\/li>\n<\/ul>\n<p data-start=\"1352\" data-end=\"1390\">Reduz o tempo de instala\u00e7\u00e3o no local<\/p>\n<hr data-start=\"1392\" data-end=\"1395\" \/>\n<h3 data-section-id=\"1ney3w6\" data-start=\"1397\" data-end=\"1428\">Elevada seguran\u00e7a e fiabilidade<\/h3>\n<ul data-start=\"1429\" data-end=\"1488\">\n<li data-section-id=\"18wyaby\" data-start=\"1429\" data-end=\"1457\">Estrutura totalmente fechada<\/li>\n<li data-section-id=\"eqylk7\" data-start=\"1458\" data-end=\"1488\">Sistema de prote\u00e7\u00e3o completo<\/li>\n<\/ul>\n<p data-start=\"1490\" data-end=\"1534\">Adequado para ambientes exteriores agressivos<\/p>\n<hr data-start=\"1536\" data-end=\"1539\" \/>\n<h3 data-section-id=\"1ep4gse\" data-start=\"1541\" data-end=\"1569\">Compacto e economizador de espa\u00e7o<\/h3>\n<ul data-start=\"1570\" data-end=\"1678\">\n<li data-section-id=\"1kzytt9\" data-start=\"1570\" data-end=\"1627\">Menor \u00e1rea de implanta\u00e7\u00e3o em compara\u00e7\u00e3o com as subesta\u00e7\u00f5es tradicionais<\/li>\n<li data-section-id=\"1bdhfgw\" data-start=\"1628\" data-end=\"1678\">Ideal para sistemas de energia urbanos e distribu\u00eddos<\/li>\n<\/ul>\n<hr data-start=\"1680\" data-end=\"1683\" \/>\n<h3 data-section-id=\"nixv8q\" data-start=\"1685\" data-end=\"1722\">Design amigo do ambiente<\/h3>\n<ul data-start=\"1723\" data-end=\"1802\">\n<li data-section-id=\"16visxu\" data-start=\"1723\" data-end=\"1736\">Baixo ru\u00eddo<\/li>\n<li data-section-id=\"xnrp06\" data-start=\"1737\" data-end=\"1771\">Impacto eletromagn\u00e9tico reduzido<\/li>\n<li data-section-id=\"fwrxgr\" data-start=\"1772\" data-end=\"1802\">Funcionamento energeticamente eficiente<\/li>\n<\/ul>\n<p data-start=\"1804\" data-end=\"1843\">Adequado para projectos de energia verde<\/p>\n<hr data-start=\"1845\" data-end=\"1848\" \/>\n<h2 data-section-id=\"1hq6i26\" data-start=\"1850\" data-end=\"1873\">\ud83d\udd39 Conce\u00e7\u00e3o estrutural<\/h2>\n<h3 data-section-id=\"18zdobt\" data-start=\"1875\" data-end=\"1899\">Unidade de alta tens\u00e3o<\/h3>\n<ul data-start=\"1900\" data-end=\"1965\">\n<li data-section-id=\"1vszvk\" data-start=\"1900\" data-end=\"1933\">Esquema flex\u00edvel de liga\u00e7\u00e3o AT<\/li>\n<li data-section-id=\"wvv6oo\" data-start=\"1934\" data-end=\"1965\">Comuta\u00e7\u00e3o segura e fi\u00e1vel<\/li>\n<\/ul>\n<hr data-start=\"1967\" data-end=\"1970\" \/>\n<h3 data-section-id=\"ebkzy6\" data-start=\"1972\" data-end=\"1995\">\ud83d\udd38 Unidade de transforma\u00e7\u00e3o<\/h3>\n<ul data-start=\"1996\" data-end=\"2071\">\n<li data-section-id=\"c29kbn\" data-start=\"1996\" data-end=\"2045\">Suporta transformadores imersos em \u00f3leo ou de tipo seco<\/li>\n<li data-section-id=\"zfd45y\" data-start=\"2046\" data-end=\"2071\">Capacidade personaliz\u00e1vel<\/li>\n<\/ul>\n<hr data-start=\"2073\" data-end=\"2076\" \/>\n<h3 data-section-id=\"1ts15o3\" data-start=\"2078\" data-end=\"2101\">Unidade de baixa tens\u00e3o<\/h3>\n<ul data-start=\"2102\" data-end=\"2177\">\n<li data-section-id=\"1nhl37j\" data-start=\"2102\" data-end=\"2140\">Sistema de distribui\u00e7\u00e3o e prote\u00e7\u00e3o<\/li>\n<li data-section-id=\"nc910x\" data-start=\"2141\" data-end=\"2177\">Integra\u00e7\u00e3o da medi\u00e7\u00e3o e do controlo<\/li>\n<\/ul>\n<hr data-start=\"2179\" data-end=\"2182\" \/>\n<h3 data-section-id=\"1m6twft\" data-start=\"2184\" data-end=\"2200\">\ud83d\udd38 Inv\u00f3lucro<\/h3>\n<ul data-start=\"2201\" data-end=\"2286\">\n<li data-section-id=\"1ut0yto\" data-start=\"2201\" data-end=\"2222\">Resistente \u00e0s intemp\u00e9ries<\/li>\n<li data-section-id=\"xvhfr1\" data-start=\"2223\" data-end=\"2248\">Design anti-corros\u00e3o<\/li>\n<li data-section-id=\"1qum606\" data-start=\"2249\" data-end=\"2286\">Adequado para instala\u00e7\u00e3o no exterior<\/li>\n<\/ul>\n<hr data-start=\"2288\" data-end=\"2291\" \/>\n<h2 data-section-id=\"15du31k\" data-start=\"2293\" data-end=\"2311\">\ud83d\udd39 Aplica\u00e7\u00f5es<\/h2>\n<p data-start=\"2313\" data-end=\"2357\">A Subesta\u00e7\u00e3o H\u00edbrida YBH \u00e9 amplamente utilizada em:<\/p>\n<ul data-start=\"2359\" data-end=\"2542\">\n<li data-section-id=\"aj1s75\" data-start=\"2359\" data-end=\"2399\">Centrais de energia solar fotovoltaica (PV)<\/li>\n<li data-section-id=\"pdj8ig\" data-start=\"2400\" data-end=\"2424\">Projectos de energia e\u00f3lica<\/li>\n<li data-section-id=\"1oiocup\" data-start=\"2425\" data-end=\"2461\">Sistemas urbanos de distribui\u00e7\u00e3o de energia el\u00e9ctrica<\/li>\n<li data-section-id=\"ikoknv\" data-start=\"2462\" data-end=\"2502\">Instala\u00e7\u00f5es industriais e comerciais<\/li>\n<li data-section-id=\"gftaf6\" data-start=\"2503\" data-end=\"2542\">Projectos de infra-estruturas e servi\u00e7os p\u00fablicos<\/li>\n<\/ul>\n<hr data-start=\"2544\" data-end=\"2547\" \/>\n<h2 data-section-id=\"1rg4wz9\" data-start=\"2549\" data-end=\"2573\">\ud83d\udd39 Resumo das vantagens<\/h2>\n<ul data-start=\"2575\" data-end=\"2866\">\n<li data-section-id=\"1gwl3b8\" data-start=\"2575\" data-end=\"2632\">Conce\u00e7\u00e3o h\u00edbrida que combina as vantagens das subesta\u00e7\u00f5es dos EUA e da UE<\/li>\n<li data-section-id=\"2hkvtw\" data-start=\"2633\" data-end=\"2683\">Tecnologia pr\u00f3pria de liga\u00e7\u00e3o de alta tens\u00e3o<\/li>\n<li data-section-id=\"17kae4n\" data-start=\"2684\" data-end=\"2728\">Compacto, integrado e f\u00e1cil de instalar<\/li>\n<li data-section-id=\"el1xvd\" data-start=\"2729\" data-end=\"2772\">Elevada seguran\u00e7a e fiabilidade operacional<\/li>\n<li data-section-id=\"blvuyk\" data-start=\"2773\" data-end=\"2816\">Ideal para aplica\u00e7\u00f5es de energia renov\u00e1vel<\/li>\n<li data-section-id=\"5i22eq\" data-start=\"2817\" data-end=\"2866\">Amigo do ambiente e eficiente em termos energ\u00e9ticos<\/li>\n<\/ul>\n<hr data-start=\"2868\" data-end=\"2871\" \/>\n<h1 data-section-id=\"1lxd8kj\" data-start=\"2873\" data-end=\"2880\">\u2753 FAQ<\/h1>\n<h3 data-section-id=\"z3zs38\" data-start=\"2882\" data-end=\"2922\">1\ufe0f\u20e3 O que \u00e9 uma subesta\u00e7\u00e3o h\u00edbrida YBH?<\/h3>\n<p data-start=\"2924\" data-end=\"3023\">E \u00e9:<br \/>\nUma subesta\u00e7\u00e3o compacta pr\u00e9-fabricada que combina carater\u00edsticas dos tipos americano e europeu.<\/p>\n<hr data-start=\"3025\" data-end=\"3028\" \/>\n<h3 data-section-id=\"12cezs5\" data-start=\"3030\" data-end=\"3074\">2\ufe0f\u20e3 Quais s\u00e3o os n\u00edveis de tens\u00e3o suportados?<\/h3>\n<p data-start=\"3076\" data-end=\"3128\">Tipicamente:<br \/>\nSistemas de distribui\u00e7\u00e3o de 10kV e 35kV<\/p>\n<hr data-start=\"3130\" data-end=\"3133\" \/>\n<h3 data-section-id=\"67s3uz\" data-start=\"3135\" data-end=\"3194\">3\ufe0f\u20e3 O que torna a YBH diferente das subesta\u00e7\u00f5es normais?<\/h3>\n<ul data-start=\"3196\" data-end=\"3301\">\n<li data-section-id=\"1hj524x\" data-start=\"3196\" data-end=\"3216\">Estrutura h\u00edbrida<\/li>\n<li data-section-id=\"whfq98\" data-start=\"3217\" data-end=\"3251\">Liga\u00e7\u00e3o \u00fanica de alta tens\u00e3o<\/li>\n<li data-section-id=\"111rkfh\" data-start=\"3252\" data-end=\"3301\">Melhor equil\u00edbrio entre compacidade e flexibilidade<\/li>\n<\/ul>\n<hr data-start=\"3303\" data-end=\"3306\" \/>\n<h3 data-section-id=\"1638i42\" data-start=\"3308\" data-end=\"3360\">4\ufe0f\u20e3 Pode ser utilizado em projectos de energias renov\u00e1veis?<\/h3>\n<p data-start=\"3362\" data-end=\"3427\">Sim, \u00e9 muito utilizado em:<br \/>\nSistemas de energia solar (PV) e e\u00f3lica<\/p>\n<hr data-start=\"3429\" data-end=\"3432\" \/>\n<h3 data-section-id=\"zb1fot\" data-start=\"3434\" data-end=\"3461\">5\ufe0f\u20e3 \u00c9 personaliz\u00e1vel?<\/h3>\n<p data-start=\"3463\" data-end=\"3480\">Sim, suporta:<\/p>\n<ul data-start=\"3481\" data-end=\"3574\">\n<li data-section-id=\"sbuquj\" data-start=\"3481\" data-end=\"3511\">Sele\u00e7\u00e3o do tipo de transformador<\/li>\n<li data-section-id=\"1aqod29\" data-start=\"3512\" data-end=\"3538\">Personaliza\u00e7\u00e3o da capacidade<\/li>\n<li data-section-id=\"5l4zr8\" data-start=\"3539\" data-end=\"3574\">Conce\u00e7\u00e3o da configura\u00e7\u00e3o el\u00e9ctrica<\/li>\n<\/ul>","protected":false},"excerpt":{"rendered":"<p data-start=\"252\" data-end=\"450\">A subesta\u00e7\u00e3o compacta h\u00edbrida da s\u00e9rie YBH \u00e9 uma subesta\u00e7\u00e3o pr\u00e9-fabricada inovadora que combina as vantagens das subesta\u00e7\u00f5es compactas do tipo americano (pad-mounted) e do tipo europeu.<\/p>\n<p data-start=\"452\" data-end=\"611\">Ao contr\u00e1rio dos modelos tradicionais, a s\u00e9rie YBH adopta uma estrutura \u00fanica de liga\u00e7\u00e3o de alta tens\u00e3o com tecnologia pr\u00f3pria, proporcionando um equil\u00edbrio superior de..:<\/p>","protected":false},"featured_media":2152,"comment_status":"open","ping_status":"closed","template":"","meta":{"site-sidebar-layout":"default","site-content-layout":"","ast-site-content-layout":"default","site-content-style":"default","site-sidebar-style":"default","ast-global-header-display":"","ast-banner-title-visibility":"","ast-main-header-display":"","ast-hfb-above-header-display":"","ast-hfb-below-header-display":"","ast-hfb-mobile-header-display":"","site-post-title":"","ast-breadcrumbs-content":"","ast-featured-img":"","footer-sml-layout":"","ast-disable-related-posts":"","theme-transparent-header-meta":"default","adv-header-id-meta":"","stick-header-meta":"","header-above-stick-meta":"","header-main-stick-meta":"","header-below-stick-meta":"","astra-migrate-meta-layouts":"set","ast-page-background-enabled":"default","ast-page-background-meta":{"desktop":{"background-color":"","background-image":"","background-repeat":"repeat","background-position":"center center","background-size":"auto","background-attachment":"scroll","background-type":"","background-media":"","overlay-type":"","overlay-color":"","overlay-opacity":"","overlay-gradient":""},"tablet":{"background-color":"","background-image":"","background-repeat":"repeat","background-position":"center center","background-size":"auto","background-attachment":"scroll","background-type":"","background-media":"","overlay-type":"","overlay-color":"","overlay-opacity":"","overlay-gradient":""},"mobile":{"background-color":"","background-image":"","background-repeat":"repeat","background-position":"center center","background-size":"auto","background-attachment":"scroll","background-type":"","background-media":"","overlay-type":"","overlay-color":"","overlay-opacity":"","overlay-gradient":""}},"ast-content-background-meta":{"desktop":{"background-color":"var(--ast-global-color-5)","background-image":"","background-repeat":"repeat","background-position":"center center","background-size":"auto","background-attachment":"scroll","background-type":"","background-media":"","overlay-type":"","overlay-color":"","overlay-opacity":"","overlay-gradient":""},"tablet":{"background-color":"var(--ast-global-color-5)","background-image":"","background-repeat":"repeat","background-position":"center center","background-size":"auto","background-attachment":"scroll","background-type":"","background-media":"","overlay-type":"","overlay-color":"","overlay-opacity":"","overlay-gradient":""},"mobile":{"background-color":"var(--ast-global-color-5)","background-image":"","background-repeat":"repeat","background-position":"center center","background-size":"auto","background-attachment":"scroll","background-type":"","background-media":"","overlay-type":"","overlay-color":"","overlay-opacity":"","overlay-gradient":""}}},"product_brand":[],"product_cat":[2032,2036],"product_tag":[2145,2146,2149,2144,2151,2150,2064,2147,2148,2143],"class_list":{"0":"post-2151","1":"product","2":"type-product","3":"status-publish","4":"has-post-thumbnail","6":"product_cat-electrical-equipment","7":"product_cat-renewable-energy-products","8":"product_tag-10kv-substation","9":"product_tag-35kv-substation","10":"product_tag-compact-transformer-substation","11":"product_tag-hybrid-compact-substation","12":"product_tag-outdoor-substation-equipment","13":"product_tag-power-distribution-substation","14":"product_tag-prefabricated-substation","15":"product_tag-solar-substation","16":"product_tag-wind-power-substation","17":"product_tag-ybh-substation","18":"desktop-align-left","19":"tablet-align-left","20":"mobile-align-left","22":"first","23":"instock","24":"shipping-taxable","25":"product-type-simple"},"_links":{"self":[{"href":"https:\/\/www.wonzh.com\/pt\/wp-json\/wp\/v2\/product\/2151","targetHints":{"allow":["GET"]}}],"collection":[{"href":"https:\/\/www.wonzh.com\/pt\/wp-json\/wp\/v2\/product"}],"about":[{"href":"https:\/\/www.wonzh.com\/pt\/wp-json\/wp\/v2\/types\/product"}],"replies":[{"embeddable":true,"href":"https:\/\/www.wonzh.com\/pt\/wp-json\/wp\/v2\/comments?post=2151"}],"wp:featuredmedia":[{"embeddable":true,"href":"https:\/\/www.wonzh.com\/pt\/wp-json\/wp\/v2\/media\/2152"}],"wp:attachment":[{"href":"https:\/\/www.wonzh.com\/pt\/wp-json\/wp\/v2\/media?parent=2151"}],"wp:term":[{"taxonomy":"product_brand","embeddable":true,"href":"https:\/\/www.wonzh.com\/pt\/wp-json\/wp\/v2\/product_brand?post=2151"},{"taxonomy":"product_cat","embeddable":true,"href":"https:\/\/www.wonzh.com\/pt\/wp-json\/wp\/v2\/product_cat?post=2151"},{"taxonomy":"product_tag","embeddable":true,"href":"https:\/\/www.wonzh.com\/pt\/wp-json\/wp\/v2\/product_tag?post=2151"}],"curies":[{"name":"wp","href":"https:\/\/api.w.org\/{rel}","templated":true}]}}