{"id":2148,"date":"2026-04-29T15:14:06","date_gmt":"2026-04-29T15:14:06","guid":{"rendered":"https:\/\/www.wonzh.com\/?post_type=product&#038;p=2148"},"modified":"2026-04-29T16:13:36","modified_gmt":"2026-04-29T16:13:36","slug":"jp-series-low-voltage-integrated-distribution-box-0-4kv-outdoor-transformer-distribution-panel-with-metering-reactive-power-compensation","status":"publish","type":"product","link":"https:\/\/www.wonzh.com\/pt\/product\/jp-series-low-voltage-integrated-distribution-box-0-4kv-outdoor-transformer-distribution-panel-with-metering-reactive-power-compensation\/","title":{"rendered":"Caixa de Distribui\u00e7\u00e3o Integrada de Baixa Tens\u00e3o S\u00e9rie JP (Painel de Distribui\u00e7\u00e3o de Transformador Exterior de 0,4kV com Medi\u00e7\u00e3o e Compensa\u00e7\u00e3o de Pot\u00eancia Reactiva)"},"content":{"rendered":"<p data-start=\"283\" data-end=\"475\">The JP Series Low Voltage Integrated Distribution Box is a multi-functional outdoor power distribution unit, specially developed for 10kV transformer low-voltage side applications.<\/p>\n<p data-start=\"477\" data-end=\"496\">Foi concebido para:<\/p>\n<ul data-start=\"497\" data-end=\"551\">\n<li data-section-id=\"1audikh\" data-start=\"497\" data-end=\"520\">Frequency: 50Hz<\/li>\n<li data-section-id=\"zlyv5x\" data-start=\"521\" data-end=\"551\">Rated voltage: \u2264 0.4kV<\/li>\n<\/ul>\n<p data-start=\"553\" data-end=\"568\">Amplamente utilizado em:<\/p>\n<ul data-start=\"569\" data-end=\"671\">\n<li data-section-id=\"t6ntfp\" data-start=\"569\" data-end=\"600\">Redes el\u00e9ctricas urbanas e rurais<\/li>\n<li data-section-id=\"nrfu6q\" data-start=\"601\" data-end=\"637\">Pole-mounted transformer systems<\/li>\n<li data-section-id=\"t1ddbb\" data-start=\"638\" data-end=\"671\">Outdoor distribution networks<\/li>\n<\/ul>\n<p data-start=\"673\" data-end=\"842\">This product integrates multiple functions into one compact system, including:<br \/>\n\ud83d\udc49 Power distribution, metering, monitoring, protection, and reactive power compensation<\/p>\n<hr data-start=\"844\" data-end=\"847\" \/>\n<h2 data-section-id=\"g4vs8k\" data-start=\"849\" data-end=\"875\">\ud83d\udd39 Conformidade com as normas<\/h2>\n<ul data-start=\"877\" data-end=\"1065\">\n<li data-section-id=\"9tfdqo\" data-start=\"877\" data-end=\"946\">GB 7251.1 \u2013 Low Voltage Switchgear and Controlgear Assemblies<\/li>\n<li data-section-id=\"1msrj7c\" data-start=\"947\" data-end=\"1005\">CCC Certification (China Compulsory Certification)<\/li>\n<li data-section-id=\"czjplw\" data-start=\"1006\" data-end=\"1065\">JB 7113 \u2013 Reactive Power Compensation Device Standard<\/li>\n<\/ul>\n<hr data-start=\"1067\" data-end=\"1070\" \/>\n<h2 data-section-id=\"17fvu7l\" data-start=\"1072\" data-end=\"1090\">Carater\u00edsticas principais<\/h2>\n<h3 data-section-id=\"1ezev2f\" data-start=\"1092\" data-end=\"1126\">\u2714 Multi-Functional Integration<\/h3>\n<ul data-start=\"1127\" data-end=\"1245\">\n<li data-section-id=\"1tv7qr1\" data-start=\"1127\" data-end=\"1149\">Distribui\u00e7\u00e3o de energia<\/li>\n<li data-section-id=\"1jv0dcx\" data-start=\"1150\" data-end=\"1169\">Energy metering<\/li>\n<li data-section-id=\"1bq809d\" data-start=\"1170\" data-end=\"1190\">Data acquisition<\/li>\n<li data-section-id=\"1cm6t7q\" data-start=\"1191\" data-end=\"1213\">Voltage monitoring<\/li>\n<li data-section-id=\"tbv5ko\" data-start=\"1214\" data-end=\"1245\">Reactive power compensation<\/li>\n<\/ul>\n<p data-start=\"1247\" data-end=\"1286\">\ud83d\udc49 One unit replaces multiple devices<\/p>\n<hr data-start=\"1288\" data-end=\"1291\" \/>\n<h3 data-section-id=\"13hh20\" data-start=\"1293\" data-end=\"1330\">\u2714 Comprehensive Protection System<\/h3>\n<p data-start=\"1331\" data-end=\"1340\">Inclui:<\/p>\n<ul data-start=\"1341\" data-end=\"1449\">\n<li data-section-id=\"nntoto\" data-start=\"1341\" data-end=\"1367\">Overcurrent protection<\/li>\n<li data-section-id=\"1t9dyzr\" data-start=\"1368\" data-end=\"1393\">Phase loss protection<\/li>\n<li data-section-id=\"g1iz63\" data-start=\"1394\" data-end=\"1416\">Leakage protection<\/li>\n<li data-section-id=\"tpid0s\" data-start=\"1417\" data-end=\"1449\">Surge (lightning) protection<\/li>\n<\/ul>\n<p data-start=\"1451\" data-end=\"1489\">Assegura um funcionamento seguro e est\u00e1vel<\/p>\n<hr data-start=\"1491\" data-end=\"1494\" \/>\n<h3 data-section-id=\"prdkay\" data-start=\"1496\" data-end=\"1532\">\u2714 Automatic Operation Capability<\/h3>\n<ul data-start=\"1533\" data-end=\"1624\">\n<li data-section-id=\"17ayjz6\" data-start=\"1533\" data-end=\"1566\">Fault detection and isolation<\/li>\n<li data-section-id=\"143mw6p\" data-start=\"1567\" data-end=\"1590\">Automatic reclosing<\/li>\n<li data-section-id=\"gq8rx5\" data-start=\"1591\" data-end=\"1624\">Intelligent control functions<\/li>\n<\/ul>\n<p data-start=\"1626\" data-end=\"1688\">\ud83d\udc49 Improves grid reliability and reduces manual intervention<\/p>\n<hr data-start=\"1690\" data-end=\"1693\" \/>\n<h3 data-section-id=\"1rr3q8a\" data-start=\"1695\" data-end=\"1728\">\u2714 Anti-Theft &amp; Outdoor Design<\/h3>\n<ul data-start=\"1729\" data-end=\"1823\">\n<li data-section-id=\"uuzqi6\" data-start=\"1729\" data-end=\"1765\">Anti-electricity theft structure<\/li>\n<li data-section-id=\"13cr8mu\" data-start=\"1766\" data-end=\"1797\">Weather-resistant enclosure<\/li>\n<li data-section-id=\"atyjar\" data-start=\"1798\" data-end=\"1823\">High protection level<\/li>\n<\/ul>\n<p data-start=\"1825\" data-end=\"1869\">Adequado para ambientes exteriores agressivos<\/p>\n<hr data-start=\"1871\" data-end=\"1874\" \/>\n<h3 data-section-id=\"14espup\" data-start=\"1876\" data-end=\"1909\">Instala\u00e7\u00e3o compacta e f\u00e1cil<\/h3>\n<ul data-start=\"1910\" data-end=\"1984\">\n<li data-section-id=\"1exxsfo\" data-start=\"1910\" data-end=\"1929\">Pegada pequena<\/li>\n<li data-section-id=\"8ytwfe\" data-start=\"1930\" data-end=\"1954\">Integrated structure<\/li>\n<li data-section-id=\"1z0cr8z\" data-start=\"1955\" data-end=\"1984\">Fast installation on-site<\/li>\n<\/ul>\n<p data-start=\"1986\" data-end=\"2033\">\ud83d\udc49 Ideal for pole-mounted transformer systems<\/p>\n<hr data-start=\"2035\" data-end=\"2038\" \/>\n<h3 data-section-id=\"1w1v7tu\" data-start=\"2040\" data-end=\"2073\">\u2714 Reactive Power Compensation<\/h3>\n<ul data-start=\"2074\" data-end=\"2156\">\n<li data-section-id=\"136tkt1\" data-start=\"2074\" data-end=\"2106\">Built-in compensation system<\/li>\n<li data-section-id=\"1g4qj83\" data-start=\"2107\" data-end=\"2132\">Improves power factor<\/li>\n<li data-section-id=\"wlmqe2\" data-start=\"2133\" data-end=\"2156\">Reduces energy loss<\/li>\n<\/ul>\n<p data-start=\"2158\" data-end=\"2194\">\ud83d\udc49 Helps optimize power efficiency<\/p>\n<hr data-start=\"2196\" data-end=\"2199\" \/>\n<h2 data-section-id=\"1hq6i26\" data-start=\"2201\" data-end=\"2224\">\ud83d\udd39 Conce\u00e7\u00e3o estrutural<\/h2>\n<h3 data-section-id=\"1xh03j4\" data-start=\"2226\" data-end=\"2250\">\ud83d\udd38 Estrutura do arm\u00e1rio<\/h3>\n<ul data-start=\"2251\" data-end=\"2326\">\n<li data-section-id=\"oj9wuz\" data-start=\"2251\" data-end=\"2278\">Outdoor metal enclosure<\/li>\n<li data-section-id=\"vonv3m\" data-start=\"2279\" data-end=\"2326\">Anti-corrosion and weather-resistant design<\/li>\n<\/ul>\n<hr data-start=\"2328\" data-end=\"2331\" \/>\n<h3 data-section-id=\"vnt5j9\" data-start=\"2333\" data-end=\"2358\">\ud83d\udd38 Functional Modules<\/h3>\n<ul data-start=\"2359\" data-end=\"2466\">\n<li data-section-id=\"1yw7qyc\" data-start=\"2359\" data-end=\"2380\">Distribution unit<\/li>\n<li data-section-id=\"92ipae\" data-start=\"2381\" data-end=\"2400\">Metering system<\/li>\n<li data-section-id=\"3iq13l\" data-start=\"2401\" data-end=\"2422\">Protection module<\/li>\n<li data-section-id=\"imekbq\" data-start=\"2423\" data-end=\"2446\">Compensation module<\/li>\n<li data-section-id=\"l197gi\" data-start=\"2447\" data-end=\"2466\">Monitoring unit<\/li>\n<\/ul>\n<hr data-start=\"2468\" data-end=\"2471\" \/>\n<h3 data-section-id=\"1mgvcv4\" data-start=\"2473\" data-end=\"2499\">\ud83d\udd38 Installation Method<\/h3>\n<ul data-start=\"2500\" data-end=\"2611\">\n<li data-section-id=\"1k613o3\" data-start=\"2500\" data-end=\"2611\">Installed on:\n<ul data-start=\"2518\" data-end=\"2611\">\n<li data-section-id=\"1rllkk3\" data-start=\"2518\" data-end=\"2550\">Transformer low-voltage side<\/li>\n<li data-section-id=\"ges149\" data-start=\"2553\" data-end=\"2577\">Pole-mounted systems<\/li>\n<li data-section-id=\"1mqxhx\" data-start=\"2580\" data-end=\"2611\">Outdoor distribution points<\/li>\n<\/ul>\n<\/li>\n<\/ul>\n<hr data-start=\"2613\" data-end=\"2616\" \/>\n<h2 data-section-id=\"15du31k\" data-start=\"2618\" data-end=\"2636\">\ud83d\udd39 Aplica\u00e7\u00f5es<\/h2>\n<ul data-start=\"2638\" data-end=\"2809\">\n<li data-section-id=\"1c7yfrf\" data-start=\"2638\" data-end=\"2677\">Urban &amp; rural distribution networks<\/li>\n<li data-section-id=\"38urb\" data-start=\"2678\" data-end=\"2707\">Pole-mounted transformers<\/li>\n<li data-section-id=\"1jjdrgv\" data-start=\"2708\" data-end=\"2731\">Smart grid projects<\/li>\n<li data-section-id=\"1koym5i\" data-start=\"2732\" data-end=\"2764\">Infrastructure power systems<\/li>\n<li data-section-id=\"1brbo79\" data-start=\"2765\" data-end=\"2809\">Temporary and outdoor power distribution<\/li>\n<\/ul>\n<hr data-start=\"2811\" data-end=\"2814\" \/>\n<h2 data-section-id=\"1rg4wz9\" data-start=\"2816\" data-end=\"2840\">\ud83d\udd39 Resumo das vantagens<\/h2>\n<ul data-start=\"2842\" data-end=\"3070\">\n<li data-section-id=\"1qoiu4v\" data-start=\"2842\" data-end=\"2874\">All-in-one integrated design<\/li>\n<li data-section-id=\"xzdz9j\" data-start=\"2875\" data-end=\"2911\">High automation and intelligence<\/li>\n<li data-section-id=\"1gxlv34\" data-start=\"2912\" data-end=\"2945\">Strong protection performance<\/li>\n<li data-section-id=\"qrmlse\" data-start=\"2946\" data-end=\"2983\">Anti-theft and outdoor durability<\/li>\n<li data-section-id=\"1ki6ipa\" data-start=\"2984\" data-end=\"3028\">Energy-saving with reactive compensation<\/li>\n<li data-section-id=\"ltwo7s\" data-start=\"3029\" data-end=\"3070\">F\u00e1cil instala\u00e7\u00e3o e baixa manuten\u00e7\u00e3o<\/li>\n<\/ul>\n<hr data-start=\"3072\" data-end=\"3075\" \/>\n<h1 data-section-id=\"1lxd8kj\" data-start=\"3077\" data-end=\"3084\">\u2753 FAQ<\/h1>\n<h3 data-section-id=\"uz1skf\" data-start=\"3086\" data-end=\"3142\">1\ufe0f\u20e3 What is the JP Series distribution box used for?<\/h3>\n<p data-start=\"3144\" data-end=\"3261\">\u00c9 utilizado para:<br \/>\n\ud83d\udc49 Low voltage power distribution, metering, protection, and compensation in transformer systems.<\/p>\n<hr data-start=\"3263\" data-end=\"3266\" \/>\n<h3 data-section-id=\"6385e5\" data-start=\"3268\" data-end=\"3298\">2\ufe0f\u20e3 Onde \u00e9 que est\u00e1 instalado?<\/h3>\n<p data-start=\"3300\" data-end=\"3394\">It is typically installed:<br \/>\n\ud83d\udc49 On the low-voltage side of pole-mounted transformers (0.4kV)<\/p>\n<hr data-start=\"3396\" data-end=\"3399\" \/>\n<h3 data-section-id=\"erv18h\" data-start=\"3401\" data-end=\"3449\">3\ufe0f\u20e3 Does it support smart grid applications?<\/h3>\n<p data-start=\"3451\" data-end=\"3468\">Yes, it includes:<\/p>\n<ul data-start=\"3469\" data-end=\"3536\">\n<li data-section-id=\"1bq809d\" data-start=\"3469\" data-end=\"3489\">Data acquisition<\/li>\n<li data-section-id=\"11k75n9\" data-start=\"3490\" data-end=\"3514\">Monitoring functions<\/li>\n<li data-section-id=\"1963trm\" data-start=\"3515\" data-end=\"3536\">Automatic control<\/li>\n<\/ul>\n<p data-start=\"3538\" data-end=\"3575\">\ud83d\udc49 Suitable for smart grid upgrades<\/p>\n<hr data-start=\"3577\" data-end=\"3580\" \/>\n<h3 data-section-id=\"ow1891\" data-start=\"3582\" data-end=\"3632\">4\ufe0f\u20e3 What protection functions does it include?<\/h3>\n<p data-start=\"3634\" data-end=\"3646\">It provides:<\/p>\n<ul data-start=\"3647\" data-end=\"3750\">\n<li data-section-id=\"nntoto\" data-start=\"3647\" data-end=\"3673\">Overcurrent protection<\/li>\n<li data-section-id=\"ged1j8\" data-start=\"3674\" data-end=\"3702\">Phase failure protection<\/li>\n<li data-section-id=\"g1iz63\" data-start=\"3703\" data-end=\"3725\">Leakage protection<\/li>\n<li data-section-id=\"5qfqaj\" data-start=\"3726\" data-end=\"3750\">Lightning protection<\/li>\n<\/ul>\n<hr data-start=\"3752\" data-end=\"3755\" \/>\n<h3 data-section-id=\"12qv4c8\" data-start=\"3757\" data-end=\"3805\">5\ufe0f\u20e3 Does it include power factor correction?<\/h3>\n<p data-start=\"3807\" data-end=\"3894\">Yes, it has:<br \/>\n\ud83d\udc49 Built-in reactive power compensation system to improve efficiency<\/p>","protected":false},"excerpt":{"rendered":"<p data-start=\"283\" data-end=\"475\">The JP Series Low Voltage Integrated Distribution Box is a multi-functional outdoor power distribution unit, specially developed for 10kV transformer low-voltage side applications.<\/p>\n<p data-start=\"477\" data-end=\"496\">Foi concebido para:<\/p>\n<ul data-start=\"497\" data-end=\"551\">\n<li data-section-id=\"1audikh\" data-start=\"497\" data-end=\"520\">Frequency: 50Hz<\/li>\n<li data-section-id=\"zlyv5x\" data-start=\"521\" data-end=\"551\">Rated voltage: \u2264 0.4kV<\/li>\n<\/ul>\n<p data-start=\"553\" data-end=\"568\">Amplamente utilizado em:<\/p>\n<ul data-start=\"569\" data-end=\"671\">\n<li data-section-id=\"t6ntfp\" data-start=\"569\" data-end=\"600\">Redes el\u00e9ctricas urbanas e rurais<\/li>\n<li data-section-id=\"nrfu6q\" data-start=\"601\" data-end=\"637\">Pole-mounted transformer systems<\/li>\n<li data-section-id=\"t1ddbb\" data-start=\"638\" data-end=\"671\">Outdoor distribution networks<\/li>\n<\/ul>","protected":false},"featured_media":2150,"comment_status":"open","ping_status":"closed","template":"","meta":{"site-sidebar-layout":"default","site-content-layout":"","ast-site-content-layout":"default","site-content-style":"default","site-sidebar-style":"default","ast-global-header-display":"","ast-banner-title-visibility":"","ast-main-header-display":"","ast-hfb-above-header-display":"","ast-hfb-below-header-display":"","ast-hfb-mobile-header-display":"","site-post-title":"","ast-breadcrumbs-content":"","ast-featured-img":"","footer-sml-layout":"","ast-disable-related-posts":"","theme-transparent-header-meta":"default","adv-header-id-meta":"","stick-header-meta":"","header-above-stick-meta":"","header-main-stick-meta":"","header-below-stick-meta":"","astra-migrate-meta-layouts":"set","ast-page-background-enabled":"default","ast-page-background-meta":{"desktop":{"background-color":"","background-image":"","background-repeat":"repeat","background-position":"center center","background-size":"auto","background-attachment":"scroll","background-type":"","background-media":"","overlay-type":"","overlay-color":"","overlay-opacity":"","overlay-gradient":""},"tablet":{"background-color":"","background-image":"","background-repeat":"repeat","background-position":"center center","background-size":"auto","background-attachment":"scroll","background-type":"","background-media":"","overlay-type":"","overlay-color":"","overlay-opacity":"","overlay-gradient":""},"mobile":{"background-color":"","background-image":"","background-repeat":"repeat","background-position":"center center","background-size":"auto","background-attachment":"scroll","background-type":"","background-media":"","overlay-type":"","overlay-color":"","overlay-opacity":"","overlay-gradient":""}},"ast-content-background-meta":{"desktop":{"background-color":"var(--ast-global-color-5)","background-image":"","background-repeat":"repeat","background-position":"center center","background-size":"auto","background-attachment":"scroll","background-type":"","background-media":"","overlay-type":"","overlay-color":"","overlay-opacity":"","overlay-gradient":""},"tablet":{"background-color":"var(--ast-global-color-5)","background-image":"","background-repeat":"repeat","background-position":"center center","background-size":"auto","background-attachment":"scroll","background-type":"","background-media":"","overlay-type":"","overlay-color":"","overlay-opacity":"","overlay-gradient":""},"mobile":{"background-color":"var(--ast-global-color-5)","background-image":"","background-repeat":"repeat","background-position":"center center","background-size":"auto","background-attachment":"scroll","background-type":"","background-media":"","overlay-type":"","overlay-color":"","overlay-opacity":"","overlay-gradient":""}}},"product_brand":[],"product_cat":[2036,2032],"product_tag":[2136,2142,2134,2135,2138,2139,2130,2141,2140,2137],"class_list":{"0":"post-2148","1":"product","2":"type-product","3":"status-publish","4":"has-post-thumbnail","6":"product_cat-renewable-energy-products","7":"product_cat-electrical-equipment","8":"product_tag-0-4kv-distribution-panel","9":"product_tag-electrical-distribution-equipment","10":"product_tag-jp-distribution-box","11":"product_tag-low-voltage-distribution-box","12":"product_tag-outdoor-distribution-cabinet","13":"product_tag-pole-mounted-distribution-box","14":"product_tag-power-distribution-system","15":"product_tag-reactive-power-compensation-cabinet","16":"product_tag-smart-distribution-box","17":"product_tag-transformer-distribution-box","18":"desktop-align-left","19":"tablet-align-left","20":"mobile-align-left","22":"first","23":"instock","24":"shipping-taxable","25":"product-type-simple"},"_links":{"self":[{"href":"https:\/\/www.wonzh.com\/pt\/wp-json\/wp\/v2\/product\/2148","targetHints":{"allow":["GET"]}}],"collection":[{"href":"https:\/\/www.wonzh.com\/pt\/wp-json\/wp\/v2\/product"}],"about":[{"href":"https:\/\/www.wonzh.com\/pt\/wp-json\/wp\/v2\/types\/product"}],"replies":[{"embeddable":true,"href":"https:\/\/www.wonzh.com\/pt\/wp-json\/wp\/v2\/comments?post=2148"}],"wp:featuredmedia":[{"embeddable":true,"href":"https:\/\/www.wonzh.com\/pt\/wp-json\/wp\/v2\/media\/2150"}],"wp:attachment":[{"href":"https:\/\/www.wonzh.com\/pt\/wp-json\/wp\/v2\/media?parent=2148"}],"wp:term":[{"taxonomy":"product_brand","embeddable":true,"href":"https:\/\/www.wonzh.com\/pt\/wp-json\/wp\/v2\/product_brand?post=2148"},{"taxonomy":"product_cat","embeddable":true,"href":"https:\/\/www.wonzh.com\/pt\/wp-json\/wp\/v2\/product_cat?post=2148"},{"taxonomy":"product_tag","embeddable":true,"href":"https:\/\/www.wonzh.com\/pt\/wp-json\/wp\/v2\/product_tag?post=2148"}],"curies":[{"name":"wp","href":"https:\/\/api.w.org\/{rel}","templated":true}]}}