{"id":2140,"date":"2026-04-29T14:46:34","date_gmt":"2026-04-29T14:46:34","guid":{"rendered":"https:\/\/www.wonzh.com\/?post_type=product&#038;p=2140"},"modified":"2026-04-29T14:46:35","modified_gmt":"2026-04-29T14:46:35","slug":"xgn15-12-sf6-ring-main-unit-12kv-metal-enclosed-air-insulated-switchgear-for-power-distribution","status":"publish","type":"product","link":"https:\/\/www.wonzh.com\/pt\/product\/xgn15-12-sf6-ring-main-unit-12kv-metal-enclosed-air-insulated-switchgear-for-power-distribution\/","title":{"rendered":"XGN15-12 Unidade principal em anel SF6 (12kV Metal-Enclosed Air-Insulated Switchgear for Power Distribution)"},"content":{"rendered":"<p data-start=\"244\" data-end=\"452\">A unidade principal em anel (RMU) SF6 da s\u00e9rie XGN15-12 \u00e9 um aparelho de comuta\u00e7\u00e3o de m\u00e9dia tens\u00e3o de nova gera\u00e7\u00e3o concebido com interruptores de corte em carga SF6 como principal componente de comuta\u00e7\u00e3o e estrutura de isolamento de ar.<\/p>\n<p data-start=\"454\" data-end=\"609\">Apresenta um design compacto, modular e extens\u00edvel, tornando-o ideal para sistemas modernos de distribui\u00e7\u00e3o de energia em rede em anel e subesta\u00e7\u00f5es terminais.<\/p>\n<p data-start=\"611\" data-end=\"638\">O aparelho de distribui\u00e7\u00e3o funciona em:<\/p>\n<ul data-start=\"639\" data-end=\"696\">\n<li data-section-id=\"w0xwqv\" data-start=\"639\" data-end=\"668\">Frequ\u00eancia nominal: 50Hz<\/li>\n<li data-section-id=\"1hfgq88\" data-start=\"669\" data-end=\"696\">Tens\u00e3o nominal: 12kV<\/li>\n<\/ul>\n<p data-start=\"698\" data-end=\"845\">\u00c9 amplamente utilizado em redes de distribui\u00e7\u00e3o de energia urbana e industrial, especialmente em sistemas de an\u00e9is de cabos e aplica\u00e7\u00f5es de fornecimento de energia terminal.<\/p>\n<hr data-start=\"847\" data-end=\"850\" \/>\n<h2 data-section-id=\"17fvu7l\" data-start=\"852\" data-end=\"870\">Carater\u00edsticas principais<\/h2>\n<h3 data-section-id=\"17n3pcd\" data-start=\"872\" data-end=\"902\">Design compacto e modular<\/h3>\n<ul data-start=\"903\" data-end=\"974\">\n<li data-section-id=\"1exxsfo\" data-start=\"903\" data-end=\"922\">Pegada pequena<\/li>\n<li data-section-id=\"1pg46p\" data-start=\"923\" data-end=\"947\">Estrutura expans\u00edvel<\/li>\n<li data-section-id=\"1lwy1yl\" data-start=\"948\" data-end=\"974\">Configura\u00e7\u00e3o flex\u00edvel<\/li>\n<\/ul>\n<p data-start=\"976\" data-end=\"1018\">Ideal para instala\u00e7\u00f5es com espa\u00e7o limitado<\/p>\n<hr data-start=\"1020\" data-end=\"1023\" \/>\n<h3 data-section-id=\"1rmabi4\" data-start=\"1025\" data-end=\"1063\">Tecnologia de interrutor de corte em carga SF6<\/h3>\n<ul data-start=\"1064\" data-end=\"1149\">\n<li data-section-id=\"xmiurg\" data-start=\"1064\" data-end=\"1106\">Desempenho de comuta\u00e7\u00e3o de elevada fiabilidade<\/li>\n<li data-section-id=\"g919cy\" data-start=\"1107\" data-end=\"1149\">Excelente capacidade de extin\u00e7\u00e3o de arco<\/li>\n<\/ul>\n<p data-start=\"1151\" data-end=\"1189\">Assegura um funcionamento seguro e est\u00e1vel<\/p>\n<hr data-start=\"1191\" data-end=\"1194\" \/>\n<h3 data-section-id=\"1xt7gxu\" data-start=\"1196\" data-end=\"1226\">Estrutura fechada em metal<\/h3>\n<ul data-start=\"1227\" data-end=\"1298\">\n<li data-section-id=\"jufgzz\" data-start=\"1227\" data-end=\"1261\">Arm\u00e1rio blindado totalmente fechado<\/li>\n<li data-section-id=\"1cbibis\" data-start=\"1262\" data-end=\"1298\">Estrutura interna com isolamento de ar<\/li>\n<\/ul>\n<p data-start=\"1300\" data-end=\"1332\">Aumenta a seguran\u00e7a operacional<\/p>\n<hr data-start=\"1334\" data-end=\"1337\" \/>\n<h3 data-section-id=\"nmp87m\" data-start=\"1339\" data-end=\"1369\">Esquemas de circuitos flex\u00edveis<\/h3>\n<ul data-start=\"1370\" data-end=\"1462\">\n<li data-section-id=\"ivfvff\" data-start=\"1370\" data-end=\"1415\">Suporta cablagem de rede em terminal e em anel<\/li>\n<li data-section-id=\"1l6lnne\" data-start=\"1416\" data-end=\"1462\">Adapt\u00e1vel a v\u00e1rias configura\u00e7\u00f5es de sistema<\/li>\n<\/ul>\n<hr data-start=\"1464\" data-end=\"1467\" \/>\n<h3 data-section-id=\"1gxptii\" data-start=\"1469\" data-end=\"1505\">Integra\u00e7\u00e3o completa de componentes<\/h3>\n<p data-start=\"1506\" data-end=\"1515\">Inclui:<\/p>\n<ul data-start=\"1516\" data-end=\"1629\">\n<li data-section-id=\"zza4lc\" data-start=\"1516\" data-end=\"1541\">Interruptor de corte em carga SF6<\/li>\n<li data-section-id=\"1wup980\" data-start=\"1542\" data-end=\"1561\">Interruptor de liga\u00e7\u00e3o \u00e0 terra<\/li>\n<li data-section-id=\"1yhabhp\" data-start=\"1562\" data-end=\"1570\">Fus\u00edvel<\/li>\n<li data-section-id=\"1vf5890\" data-start=\"1571\" data-end=\"1603\">Transformadores de corrente\/tens\u00e3o<\/li>\n<li data-section-id=\"9wlt9w\" data-start=\"1604\" data-end=\"1629\">Instrumentos secund\u00e1rios<\/li>\n<\/ul>\n<p data-start=\"1631\" data-end=\"1674\">Atende a diversos requisitos de engenharia<\/p>\n<hr data-start=\"1676\" data-end=\"1679\" \/>\n<h3 data-section-id=\"12n2clq\" data-start=\"1681\" data-end=\"1719\">Encravamento mec\u00e2nico fi\u00e1vel<\/h3>\n<ul data-start=\"1720\" data-end=\"1905\">\n<li data-section-id=\"12itbxq\" data-start=\"1720\" data-end=\"1749\">Sistema de interbloqueio incorporado<\/li>\n<li data-section-id=\"opbivp\" data-start=\"1750\" data-end=\"1905\">Cumpre integralmente <strong data-start=\"1764\" data-end=\"1805\">\u201cRequisitos de seguran\u00e7a \u201dCinco Preven\u00e7\u00e3o<\/strong>:\n<ul data-start=\"1809\" data-end=\"1905\">\n<li data-section-id=\"10220o4\" data-start=\"1809\" data-end=\"1833\">Evitar o funcionamento incorreto<\/li>\n<li data-section-id=\"1d8zgdx\" data-start=\"1836\" data-end=\"1862\">Evitar a liga\u00e7\u00e3o \u00e0 terra sob tens\u00e3o<\/li>\n<li data-section-id=\"1xh9vyq\" data-start=\"1865\" data-end=\"1905\">Evitar uma sequ\u00eancia de comuta\u00e7\u00e3o incorrecta<\/li>\n<\/ul>\n<\/li>\n<\/ul>\n<hr data-start=\"1907\" data-end=\"1910\" \/>\n<h3 data-section-id=\"1ney3w6\" data-start=\"1912\" data-end=\"1943\">Elevada seguran\u00e7a e fiabilidade<\/h3>\n<ul data-start=\"1944\" data-end=\"2044\">\n<li data-section-id=\"1trnttq\" data-start=\"1944\" data-end=\"1990\">Funcionamento est\u00e1vel em sistemas de m\u00e9dia tens\u00e3o<\/li>\n<li data-section-id=\"1upbm1x\" data-start=\"1991\" data-end=\"2044\">Adequado para ambientes de alimenta\u00e7\u00e3o cont\u00ednua<\/li>\n<\/ul>\n<hr data-start=\"2046\" data-end=\"2049\" \/>\n<h2 data-section-id=\"1hq6i26\" data-start=\"2051\" data-end=\"2074\">\ud83d\udd39 Conce\u00e7\u00e3o estrutural<\/h2>\n<h3 data-section-id=\"8fsvm5\" data-start=\"2076\" data-end=\"2095\">\ud83d\udd38 Tipo de arm\u00e1rio<\/h3>\n<ul data-start=\"2096\" data-end=\"2183\">\n<li data-section-id=\"6ycy0i\" data-start=\"2096\" data-end=\"2129\">Estrutura met\u00e1lica fechada<\/li>\n<li data-section-id=\"9mhacx\" data-start=\"2130\" data-end=\"2160\">Compartimentos com isolamento de ar<\/li>\n<li data-section-id=\"19bdaax\" data-start=\"2161\" data-end=\"2183\">Compacto e robusto<\/li>\n<\/ul>\n<hr data-start=\"2185\" data-end=\"2188\" \/>\n<h3 data-section-id=\"1k4dlis\" data-start=\"2190\" data-end=\"2213\">Sistema de comuta\u00e7\u00e3o<\/h3>\n<ul data-start=\"2214\" data-end=\"2300\">\n<li data-section-id=\"1pc7u17\" data-start=\"2214\" data-end=\"2254\">Interruptor de corte em carga SF6 como interrutor principal<\/li>\n<li data-section-id=\"19peevs\" data-start=\"2255\" data-end=\"2300\">Sistema integrado de liga\u00e7\u00e3o \u00e0 terra e de prote\u00e7\u00e3o<\/li>\n<\/ul>\n<hr data-start=\"2302\" data-end=\"2305\" \/>\n<h3 data-section-id=\"1x6mgn9\" data-start=\"2307\" data-end=\"2331\">Sistema de prote\u00e7\u00e3o<\/h3>\n<ul data-start=\"2332\" data-end=\"2409\">\n<li data-section-id=\"1vzhk71\" data-start=\"2332\" data-end=\"2368\">Prote\u00e7\u00e3o por fus\u00edveis para transformadores<\/li>\n<li data-section-id=\"1jqn82g\" data-start=\"2369\" data-end=\"2409\">Capacidade completa de prote\u00e7\u00e3o contra falhas<\/li>\n<\/ul>\n<hr data-start=\"2411\" data-end=\"2414\" \/>\n<h3 data-section-id=\"1ux2mw7\" data-start=\"2416\" data-end=\"2436\">Expansibilidade<\/h3>\n<ul data-start=\"2437\" data-end=\"2518\">\n<li data-section-id=\"hkvjgg\" data-start=\"2437\" data-end=\"2479\">A conce\u00e7\u00e3o modular permite uma futura expans\u00e3o<\/li>\n<li data-section-id=\"cucwfa\" data-start=\"2480\" data-end=\"2518\">Adequado para sistemas de energia em crescimento<\/li>\n<\/ul>\n<hr data-start=\"2520\" data-end=\"2523\" \/>\n<h2 data-section-id=\"15du31k\" data-start=\"2525\" data-end=\"2543\">\ud83d\udd39 Aplica\u00e7\u00f5es<\/h2>\n<p data-start=\"2545\" data-end=\"2580\">O RMU XGN15-12 \u00e9 amplamente utilizado em:<\/p>\n<ul data-start=\"2582\" data-end=\"2841\">\n<li data-section-id=\"86zm1h\" data-start=\"2582\" data-end=\"2622\">Distribui\u00e7\u00e3o de energia residencial urbana<\/li>\n<li data-section-id=\"zcg4fz\" data-start=\"2623\" data-end=\"2648\">Subesta\u00e7\u00f5es secund\u00e1rias<\/li>\n<li data-section-id=\"114sfdf\" data-start=\"2649\" data-end=\"2671\">Esta\u00e7\u00f5es de comuta\u00e7\u00e3o<\/li>\n<li data-section-id=\"eakz7s\" data-start=\"2672\" data-end=\"2709\">Empresas industriais e mineiras<\/li>\n<li data-section-id=\"hfihxt\" data-start=\"2710\" data-end=\"2734\">Edif\u00edcios comerciais<\/li>\n<li data-section-id=\"1b8blr8\" data-start=\"2735\" data-end=\"2765\">Aeroportos e sistemas de metro<\/li>\n<li data-section-id=\"18stwit\" data-start=\"2766\" data-end=\"2789\">Projectos de energia e\u00f3lica<\/li>\n<li data-section-id=\"1v8duec\" data-start=\"2790\" data-end=\"2816\">Hospitais e est\u00e1dios<\/li>\n<li data-section-id=\"11oc9le\" data-start=\"2817\" data-end=\"2841\">Caminhos-de-ferro e t\u00faneis<\/li>\n<\/ul>\n<hr data-start=\"2843\" data-end=\"2846\" \/>\n<h2 data-section-id=\"1rg4wz9\" data-start=\"2848\" data-end=\"2872\">\ud83d\udd39 Resumo das vantagens<\/h2>\n<ul data-start=\"2874\" data-end=\"3139\">\n<li data-section-id=\"1x16qe3\" data-start=\"2874\" data-end=\"2909\">Design compacto e economizador de espa\u00e7o<\/li>\n<li data-section-id=\"1bsc137\" data-start=\"2910\" data-end=\"2960\">Elevada fiabilidade com tecnologia de comuta\u00e7\u00e3o SF6<\/li>\n<li data-section-id=\"lol72i\" data-start=\"2961\" data-end=\"3002\">Configura\u00e7\u00e3o flex\u00edvel e expans\u00edvel<\/li>\n<li data-section-id=\"1nkqwt3\" data-start=\"3003\" data-end=\"3042\">Sistema completo de encravamento de seguran\u00e7a<\/li>\n<li data-section-id=\"18p92t7\" data-start=\"3043\" data-end=\"3098\">Adequado para rede em anel e distribui\u00e7\u00e3o terminal<\/li>\n<li data-section-id=\"crou16\" data-start=\"3099\" data-end=\"3139\">Ideal para sistemas el\u00e9ctricos urbanos modernos<\/li>\n<\/ul>\n<hr data-start=\"3141\" data-end=\"3144\" \/>\n<h1 data-section-id=\"1lxd8kj\" data-start=\"3146\" data-end=\"3153\">\u2753 FAQ<\/h1>\n<h3 data-section-id=\"1ukyt9j\" data-start=\"3155\" data-end=\"3193\">1\ufe0f\u20e3 O que \u00e9 uma unidade principal em anel SF6?<\/h3>\n<p data-start=\"3195\" data-end=\"3344\">Um <strong data-start=\"3198\" data-end=\"3209\">SF6 RMU<\/strong> \u00e9 um aparelho de comuta\u00e7\u00e3o de m\u00e9dia tens\u00e3o que utiliza <strong data-start=\"3247\" data-end=\"3278\">Interruptores de corte em carga a g\u00e1s SF6<\/strong> para uma distribui\u00e7\u00e3o de energia segura e fi\u00e1vel em sistemas de rede em anel.<\/p>\n<hr data-start=\"3346\" data-end=\"3349\" \/>\n<h3 data-section-id=\"uv2j8y\" data-start=\"3351\" data-end=\"3403\">2\ufe0f\u20e3 Para que n\u00edvel de tens\u00e3o \u00e9 adequado o XGN15-12?<\/h3>\n<p data-start=\"3405\" data-end=\"3465\">Foi concebido para:<br \/>\n\ud83d\udc49 <strong data-start=\"3428\" data-end=\"3465\">Sistemas de energia de m\u00e9dia tens\u00e3o de 12kV<\/strong><\/p>\n<hr data-start=\"3467\" data-end=\"3470\" \/>\n<h3 data-section-id=\"tk3rvm\" data-start=\"3472\" data-end=\"3512\">3\ufe0f\u20e3 Onde \u00e9 que esta URM \u00e9 habitualmente utilizada?<\/h3>\n<p data-start=\"3514\" data-end=\"3535\">\u00c9 amplamente utilizado em:<\/p>\n<ul data-start=\"3536\" data-end=\"3607\">\n<li data-section-id=\"1k1ryxi\" data-start=\"3536\" data-end=\"3557\">Redes el\u00e9ctricas urbanas<\/li>\n<li data-section-id=\"8295nf\" data-start=\"3558\" data-end=\"3579\">Instala\u00e7\u00f5es industriais<\/li>\n<li data-section-id=\"1e17v55\" data-start=\"3580\" data-end=\"3607\">Projectos de infra-estruturas<\/li>\n<\/ul>\n<hr data-start=\"3609\" data-end=\"3612\" \/>\n<h3 data-section-id=\"4brwmt\" data-start=\"3614\" data-end=\"3664\">4\ufe0f\u20e3 Quais s\u00e3o as vantagens dos comutadores SF6?<\/h3>\n<ul data-start=\"3666\" data-end=\"3782\">\n<li data-section-id=\"1b4urz8\" data-start=\"3666\" data-end=\"3702\">Excelente desempenho de isolamento<\/li>\n<li data-section-id=\"ub7qiv\" data-start=\"3703\" data-end=\"3739\">Forte capacidade de extin\u00e7\u00e3o de arco<\/li>\n<li data-section-id=\"hlwggc\" data-start=\"3740\" data-end=\"3782\">Elevada fiabilidade e longa vida \u00fatil<\/li>\n<\/ul>\n<hr data-start=\"3784\" data-end=\"3787\" \/>\n<h3 data-section-id=\"1vzxbic\" data-start=\"3789\" data-end=\"3830\">5\ufe0f\u20e3 A URM XGN15-12 pode ser expandida?<\/h3>\n<p data-start=\"3832\" data-end=\"3915\">Sim, possui um <strong data-start=\"3851\" data-end=\"3880\">design modular expans\u00edvel<\/strong>, permitindo a expans\u00e3o futura do sistema.<\/p>","protected":false},"excerpt":{"rendered":"<p data-start=\"244\" data-end=\"452\">A unidade principal em anel (RMU) SF6 da s\u00e9rie XGN15-12 \u00e9 um aparelho de comuta\u00e7\u00e3o de m\u00e9dia tens\u00e3o de nova gera\u00e7\u00e3o concebido com interruptores de corte em carga SF6 como principal componente de comuta\u00e7\u00e3o e estrutura de isolamento de ar.<\/p>\n<p data-start=\"454\" data-end=\"609\">Apresenta um design compacto, modular e extens\u00edvel, tornando-o ideal para sistemas modernos de distribui\u00e7\u00e3o de energia em rede em anel e subesta\u00e7\u00f5es terminais.<\/p>","protected":false},"featured_media":2141,"comment_status":"open","ping_status":"closed","template":"","meta":{"site-sidebar-layout":"default","site-content-layout":"","ast-site-content-layout":"default","site-content-style":"default","site-sidebar-style":"default","ast-global-header-display":"","ast-banner-title-visibility":"","ast-main-header-display":"","ast-hfb-above-header-display":"","ast-hfb-below-header-display":"","ast-hfb-mobile-header-display":"","site-post-title":"","ast-breadcrumbs-content":"","ast-featured-img":"","footer-sml-layout":"","ast-disable-related-posts":"","theme-transparent-header-meta":"default","adv-header-id-meta":"","stick-header-meta":"","header-above-stick-meta":"","header-main-stick-meta":"","header-below-stick-meta":"","astra-migrate-meta-layouts":"set","ast-page-background-enabled":"default","ast-page-background-meta":{"desktop":{"background-color":"","background-image":"","background-repeat":"repeat","background-position":"center center","background-size":"auto","background-attachment":"scroll","background-type":"","background-media":"","overlay-type":"","overlay-color":"","overlay-opacity":"","overlay-gradient":""},"tablet":{"background-color":"","background-image":"","background-repeat":"repeat","background-position":"center center","background-size":"auto","background-attachment":"scroll","background-type":"","background-media":"","overlay-type":"","overlay-color":"","overlay-opacity":"","overlay-gradient":""},"mobile":{"background-color":"","background-image":"","background-repeat":"repeat","background-position":"center center","background-size":"auto","background-attachment":"scroll","background-type":"","background-media":"","overlay-type":"","overlay-color":"","overlay-opacity":"","overlay-gradient":""}},"ast-content-background-meta":{"desktop":{"background-color":"var(--ast-global-color-5)","background-image":"","background-repeat":"repeat","background-position":"center center","background-size":"auto","background-attachment":"scroll","background-type":"","background-media":"","overlay-type":"","overlay-color":"","overlay-opacity":"","overlay-gradient":""},"tablet":{"background-color":"var(--ast-global-color-5)","background-image":"","background-repeat":"repeat","background-position":"center center","background-size":"auto","background-attachment":"scroll","background-type":"","background-media":"","overlay-type":"","overlay-color":"","overlay-opacity":"","overlay-gradient":""},"mobile":{"background-color":"var(--ast-global-color-5)","background-image":"","background-repeat":"repeat","background-position":"center center","background-size":"auto","background-attachment":"scroll","background-type":"","background-media":"","overlay-type":"","overlay-color":"","overlay-opacity":"","overlay-gradient":""}}},"product_brand":[],"product_cat":[2035,2032],"product_tag":[2119,2124,2104,2125,2120,2122,2097,2123,2121,2117,2114,2118],"class_list":{"0":"post-2140","1":"product","2":"type-product","3":"status-publish","4":"has-post-thumbnail","6":"product_cat-high-and-low-voltage-switchgear","7":"product_cat-electrical-equipment","8":"product_tag-12kv-rmu","9":"product_tag-air-insulated-switchgear","10":"product_tag-electrical-switchgear","11":"product_tag-industrial-power-equipment","12":"product_tag-medium-voltage-switchgear","13":"product_tag-metal-enclosed-switchgear","14":"product_tag-power-distribution-equipment","15":"product_tag-ring-network-cabinet","16":"product_tag-sf6-load-break-switch","17":"product_tag-sf6-ring-main-unit","18":"product_tag-substation-equipment","19":"product_tag-xgn15-12-switchgear","20":"desktop-align-left","21":"tablet-align-left","22":"mobile-align-left","24":"first","25":"instock","26":"shipping-taxable","27":"product-type-simple"},"_links":{"self":[{"href":"https:\/\/www.wonzh.com\/pt\/wp-json\/wp\/v2\/product\/2140","targetHints":{"allow":["GET"]}}],"collection":[{"href":"https:\/\/www.wonzh.com\/pt\/wp-json\/wp\/v2\/product"}],"about":[{"href":"https:\/\/www.wonzh.com\/pt\/wp-json\/wp\/v2\/types\/product"}],"replies":[{"embeddable":true,"href":"https:\/\/www.wonzh.com\/pt\/wp-json\/wp\/v2\/comments?post=2140"}],"wp:featuredmedia":[{"embeddable":true,"href":"https:\/\/www.wonzh.com\/pt\/wp-json\/wp\/v2\/media\/2141"}],"wp:attachment":[{"href":"https:\/\/www.wonzh.com\/pt\/wp-json\/wp\/v2\/media?parent=2140"}],"wp:term":[{"taxonomy":"product_brand","embeddable":true,"href":"https:\/\/www.wonzh.com\/pt\/wp-json\/wp\/v2\/product_brand?post=2140"},{"taxonomy":"product_cat","embeddable":true,"href":"https:\/\/www.wonzh.com\/pt\/wp-json\/wp\/v2\/product_cat?post=2140"},{"taxonomy":"product_tag","embeddable":true,"href":"https:\/\/www.wonzh.com\/pt\/wp-json\/wp\/v2\/product_tag?post=2140"}],"curies":[{"name":"wp","href":"https:\/\/api.w.org\/{rel}","templated":true}]}}