{"id":2132,"date":"2026-04-28T15:33:52","date_gmt":"2026-04-28T15:33:52","guid":{"rendered":"https:\/\/www.wonzh.com\/?post_type=product&#038;p=2132"},"modified":"2026-04-29T16:14:16","modified_gmt":"2026-04-29T16:14:16","slug":"gcs-low-voltage-withdrawable-switchgear-up-to-4000a-power-distribution-motor-control-system","status":"publish","type":"product","link":"https:\/\/www.wonzh.com\/pt\/product\/gcs-low-voltage-withdrawable-switchgear-up-to-4000a-power-distribution-motor-control-system\/","title":{"rendered":"Painel de distribui\u00e7\u00e3o extra\u00edvel de baixa tens\u00e3o GCS (Sistema de distribui\u00e7\u00e3o de energia e controlo de motores at\u00e9 4000A)"},"content":{"rendered":"<p data-start=\"255\" data-end=\"423\">Os comutadores extra\u00edveis de baixa tens\u00e3o da s\u00e9rie GCS foram concebidos para distribui\u00e7\u00e3o de energia, controlo de motores e compensa\u00e7\u00e3o de pot\u00eancia reactiva em sistemas de energia modernos.<\/p>\n<p data-start=\"425\" data-end=\"483\">\u00c9 adequado para sistemas trif\u00e1sicos de corrente alternada (50Hz) com<img fetchpriority=\"high\" decoding=\"async\" class=\"size-medium wp-image-2133 alignright\" src=\"https:\/\/www.wonzh.com\/wp-content\/uploads\/2026\/04\/GCS-Low-Voltage-Withdrawable-Switchgear-Up-to-4000A-Power-Distribution-Motor-Control-System-300x300.png\" alt=\"\" width=\"300\" height=\"300\" srcset=\"https:\/\/www.wonzh.com\/wp-content\/uploads\/2026\/04\/GCS-Low-Voltage-Withdrawable-Switchgear-Up-to-4000A-Power-Distribution-Motor-Control-System-300x300.png 300w, https:\/\/www.wonzh.com\/wp-content\/uploads\/2026\/04\/GCS-Low-Voltage-Withdrawable-Switchgear-Up-to-4000A-Power-Distribution-Motor-Control-System-150x150.png 150w, https:\/\/www.wonzh.com\/wp-content\/uploads\/2026\/04\/GCS-Low-Voltage-Withdrawable-Switchgear-Up-to-4000A-Power-Distribution-Motor-Control-System-768x768.png 768w, https:\/\/www.wonzh.com\/wp-content\/uploads\/2026\/04\/GCS-Low-Voltage-Withdrawable-Switchgear-Up-to-4000A-Power-Distribution-Motor-Control-System-12x12.png 12w, https:\/\/www.wonzh.com\/wp-content\/uploads\/2026\/04\/GCS-Low-Voltage-Withdrawable-Switchgear-Up-to-4000A-Power-Distribution-Motor-Control-System-600x600.png 600w, https:\/\/www.wonzh.com\/wp-content\/uploads\/2026\/04\/GCS-Low-Voltage-Withdrawable-Switchgear-Up-to-4000A-Power-Distribution-Motor-Control-System-100x100.png 100w, https:\/\/www.wonzh.com\/wp-content\/uploads\/2026\/04\/GCS-Low-Voltage-Withdrawable-Switchgear-Up-to-4000A-Power-Distribution-Motor-Control-System.png 1000w\" sizes=\"(max-width: 300px) 100vw, 300px\" \/>h:<\/p>\n<ul data-start=\"484\" data-end=\"553\">\n<li data-section-id=\"1ua275e\" data-start=\"484\" data-end=\"518\">Tens\u00e3o nominal: 400V \/ 690V<\/li>\n<li data-section-id=\"1ui9t9i\" data-start=\"519\" data-end=\"553\">Corrente nominal: at\u00e9 4000A<\/li>\n<\/ul>\n<p data-start=\"555\" data-end=\"789\">O design modular extra\u00edvel permite um funcionamento flex\u00edvel, uma manuten\u00e7\u00e3o f\u00e1cil e uma elevada fiabilidade do sistema, tornando-o ideal para aplica\u00e7\u00f5es industriais e de infra-estruturas que requerem uma gest\u00e3o de energia cont\u00ednua e inteligente.<\/p>\n<p data-start=\"791\" data-end=\"812\">\u00c9 amplamente utilizado em:<\/p>\n<ul data-start=\"813\" data-end=\"1000\">\n<li data-section-id=\"13gp9hh\" data-start=\"813\" data-end=\"845\">Centrais el\u00e9ctricas e subesta\u00e7\u00f5es<\/li>\n<li data-section-id=\"v68dal\" data-start=\"846\" data-end=\"882\">Ind\u00fastrias petroqu\u00edmicas e petrol\u00edferas<\/li>\n<li data-section-id=\"17rxug5\" data-start=\"883\" data-end=\"929\">Ind\u00fastrias metal\u00fargicas e transformadoras<\/li>\n<li data-section-id=\"18q0d1j\" data-start=\"930\" data-end=\"951\">F\u00e1bricas de t\u00eaxteis<\/li>\n<li data-section-id=\"1ij7n1e\" data-start=\"952\" data-end=\"1000\">Edif\u00edcios altos e complexos comerciais<\/li>\n<\/ul>\n<hr data-start=\"1002\" data-end=\"1005\" \/>\n<h2 data-section-id=\"17fvu7l\" data-start=\"1007\" data-end=\"1025\">Carater\u00edsticas principais<\/h2>\n<h3 data-section-id=\"1ms3rs4\" data-start=\"1027\" data-end=\"1060\">Design modular extra\u00edvel<\/h3>\n<ul data-start=\"1061\" data-end=\"1145\">\n<li data-section-id=\"rzk20g\" data-start=\"1061\" data-end=\"1093\">Unidades funcionais do tipo gaveta<\/li>\n<li data-section-id=\"1bdsdea\" data-start=\"1094\" data-end=\"1145\">F\u00e1cil instala\u00e7\u00e3o, substitui\u00e7\u00e3o e manuten\u00e7\u00e3o<\/li>\n<\/ul>\n<p data-start=\"1147\" data-end=\"1192\">Reduz o tempo de inatividade e melhora a efici\u00eancia<\/p>\n<hr data-start=\"1194\" data-end=\"1197\" \/>\n<h3 data-section-id=\"2w9o6u\" data-start=\"1199\" data-end=\"1230\">Elevada fiabilidade e seguran\u00e7a<\/h3>\n<ul data-start=\"1231\" data-end=\"1328\">\n<li data-section-id=\"1gq6mz6\" data-start=\"1231\" data-end=\"1274\">Sistema de encravamento el\u00e9trico avan\u00e7ado<\/li>\n<li data-section-id=\"nhyewn\" data-start=\"1275\" data-end=\"1300\">Evita o funcionamento incorreto<\/li>\n<li data-section-id=\"1605knx\" data-start=\"1301\" data-end=\"1328\">Garante a seguran\u00e7a do operador<\/li>\n<\/ul>\n<hr data-start=\"1330\" data-end=\"1333\" \/>\n<h3 data-section-id=\"u4z51z\" data-start=\"1335\" data-end=\"1363\">Configura\u00e7\u00e3o flex\u00edvel<\/h3>\n<ul data-start=\"1364\" data-end=\"1455\">\n<li data-section-id=\"sazqw8\" data-start=\"1364\" data-end=\"1455\">Apoios:\n<ul data-start=\"1378\" data-end=\"1455\">\n<li data-section-id=\"1tv7qr1\" data-start=\"1378\" data-end=\"1400\">Distribui\u00e7\u00e3o de energia<\/li>\n<li data-section-id=\"zm7t8o\" data-start=\"1403\" data-end=\"1426\">Controlo do motor (MCC)<\/li>\n<li data-section-id=\"yuz8vg\" data-start=\"1429\" data-end=\"1455\">Compensa\u00e7\u00e3o de condensadores<\/li>\n<\/ul>\n<\/li>\n<\/ul>\n<p data-start=\"1457\" data-end=\"1504\">Adequado para v\u00e1rios cen\u00e1rios de aplica\u00e7\u00e3o<\/p>\n<hr data-start=\"1506\" data-end=\"1509\" \/>\n<h3 data-section-id=\"11dpq2p\" data-start=\"1511\" data-end=\"1538\">Capacidade de corrente elevada<\/h3>\n<ul data-start=\"1539\" data-end=\"1615\">\n<li data-section-id=\"1udyif0\" data-start=\"1539\" data-end=\"1572\">Corrente nominal at\u00e9 4000A<\/li>\n<li data-section-id=\"11waltv\" data-start=\"1573\" data-end=\"1615\">Adequado para sistemas el\u00e9ctricos de grande escala<\/li>\n<\/ul>\n<hr data-start=\"1617\" data-end=\"1620\" \/>\n<h3 data-section-id=\"56aejm\" data-start=\"1622\" data-end=\"1658\">Capacidade de controlo inteligente<\/h3>\n<ul data-start=\"1659\" data-end=\"1759\">\n<li data-section-id=\"1q3ju9x\" data-start=\"1659\" data-end=\"1697\">Compat\u00edvel com sistemas de automa\u00e7\u00e3o<\/li>\n<li data-section-id=\"ls73aw\" data-start=\"1698\" data-end=\"1759\">Suporta a comunica\u00e7\u00e3o com computadores e sistemas de controlo<\/li>\n<\/ul>\n<p data-start=\"1761\" data-end=\"1813\">\ud83d\udc49 Ideal para f\u00e1bricas inteligentes e sistemas automatizados<\/p>\n<hr data-start=\"1815\" data-end=\"1818\" \/>\n<h3 data-section-id=\"1hweg03\" data-start=\"1820\" data-end=\"1845\">Forte capacidade de adapta\u00e7\u00e3o<\/h3>\n<ul data-start=\"1846\" data-end=\"1942\">\n<li data-section-id=\"ug4n5v\" data-start=\"1846\" data-end=\"1892\">Adequado para ambientes industriais agressivos<\/li>\n<li data-section-id=\"1e4pl9p\" data-start=\"1893\" data-end=\"1942\">Desempenho est\u00e1vel em funcionamento cont\u00ednuo<\/li>\n<\/ul>\n<hr data-start=\"1944\" data-end=\"1947\" \/>\n<h2 data-section-id=\"1hq6i26\" data-start=\"1949\" data-end=\"1972\">\ud83d\udd39 Conce\u00e7\u00e3o estrutural<\/h2>\n<h3 data-section-id=\"1xh03j4\" data-start=\"1974\" data-end=\"1998\">\ud83d\udd38 Estrutura do arm\u00e1rio<\/h3>\n<ul data-start=\"1999\" data-end=\"2099\">\n<li data-section-id=\"rca4d3\" data-start=\"1999\" data-end=\"2030\">Estrutura modular montada<\/li>\n<li data-section-id=\"i5treg\" data-start=\"2031\" data-end=\"2060\">Estrutura em a\u00e7o de alta resist\u00eancia<\/li>\n<li data-section-id=\"1bdd9s6\" data-start=\"2061\" data-end=\"2099\">Design compacto e eficiente em termos de espa\u00e7o<\/li>\n<\/ul>\n<hr data-start=\"2101\" data-end=\"2104\" \/>\n<h3 data-section-id=\"v76t0e\" data-start=\"2106\" data-end=\"2131\">\ud83d\udd38 Unidades extra\u00edveis<\/h3>\n<ul data-start=\"2132\" data-end=\"2221\">\n<li data-section-id=\"gzz3tl\" data-start=\"2132\" data-end=\"2175\">Design tipo gaveta para unidades funcionais<\/li>\n<li data-section-id=\"mhiher\" data-start=\"2176\" data-end=\"2221\">M\u00f3dulos padronizados para f\u00e1cil substitui\u00e7\u00e3o<\/li>\n<\/ul>\n<p data-start=\"2223\" data-end=\"2234\">Benef\u00edcios:<\/p>\n<ul data-start=\"2235\" data-end=\"2277\">\n<li data-section-id=\"1o62h68\" data-start=\"2235\" data-end=\"2256\">Manuten\u00e7\u00e3o r\u00e1pida<\/li>\n<li data-section-id=\"16zesr\" data-start=\"2257\" data-end=\"2277\">Redu\u00e7\u00e3o do tempo de inatividade<\/li>\n<\/ul>\n<hr data-start=\"2279\" data-end=\"2282\" \/>\n<h3 data-section-id=\"1tnodmb\" data-start=\"2284\" data-end=\"2304\">\ud83d\udd38 Sistema de barramento<\/h3>\n<ul data-start=\"2305\" data-end=\"2383\">\n<li data-section-id=\"rj0pb8\" data-start=\"2305\" data-end=\"2341\">Barramentos de cobre de alta condutividade<\/li>\n<li data-section-id=\"11i1xl1\" data-start=\"2342\" data-end=\"2383\">Disposi\u00e7\u00e3o optimizada para dissipa\u00e7\u00e3o de calor<\/li>\n<\/ul>\n<p data-start=\"2385\" data-end=\"2396\">\u27a1 Carater\u00edsticas:<\/p>\n<ul data-start=\"2397\" data-end=\"2447\">\n<li data-section-id=\"11d9kpn\" data-start=\"2397\" data-end=\"2422\">Elevada capacidade de corrente<\/li>\n<li data-section-id=\"173shq5\" data-start=\"2423\" data-end=\"2447\">Baixa subida de temperatura<\/li>\n<\/ul>\n<hr data-start=\"2449\" data-end=\"2452\" \/>\n<h3 data-section-id=\"1x6mgn9\" data-start=\"2454\" data-end=\"2478\">Sistema de prote\u00e7\u00e3o<\/h3>\n<ul data-start=\"2479\" data-end=\"2590\">\n<li data-section-id=\"1qpbf50\" data-start=\"2479\" data-end=\"2590\">Fun\u00e7\u00f5es de prote\u00e7\u00e3o completas:\n<ul data-start=\"2514\" data-end=\"2590\">\n<li data-section-id=\"14s7m03\" data-start=\"2514\" data-end=\"2537\">Prote\u00e7\u00e3o contra sobrecarga<\/li>\n<li data-section-id=\"xnufhj\" data-start=\"2540\" data-end=\"2568\">Prote\u00e7\u00e3o contra curto-circuitos<\/li>\n<li data-section-id=\"1gniwxy\" data-start=\"2571\" data-end=\"2590\">Isolamento de falhas<\/li>\n<\/ul>\n<\/li>\n<\/ul>\n<hr data-start=\"2592\" data-end=\"2595\" \/>\n<h3 data-section-id=\"jsk2jm\" data-start=\"2597\" data-end=\"2627\">\ud83d\udd38 Controlo e comunica\u00e7\u00e3o<\/h3>\n<ul data-start=\"2628\" data-end=\"2710\">\n<li data-section-id=\"12xyfr6\" data-start=\"2628\" data-end=\"2667\">Suporta PLC e interface de computador<\/li>\n<li data-section-id=\"bkrhvp\" data-start=\"2668\" data-end=\"2710\">Adequado para sistemas de controlo automatizados<\/li>\n<\/ul>\n<hr data-start=\"2712\" data-end=\"2715\" \/>\n<h2 data-section-id=\"15du31k\" data-start=\"2717\" data-end=\"2735\">\ud83d\udd39 Aplica\u00e7\u00f5es<\/h2>\n<ul data-start=\"2737\" data-end=\"2922\">\n<li data-section-id=\"19y712\" data-start=\"2737\" data-end=\"2782\">Sistemas de produ\u00e7\u00e3o e distribui\u00e7\u00e3o de energia<\/li>\n<li data-section-id=\"1qs4a2s\" data-start=\"2783\" data-end=\"2807\">Instala\u00e7\u00f5es petroqu\u00edmicas<\/li>\n<li data-section-id=\"1y4z0ss\" data-start=\"2808\" data-end=\"2847\">Instala\u00e7\u00f5es de fabrico industrial<\/li>\n<li data-section-id=\"6m4zjg\" data-start=\"2848\" data-end=\"2894\">Edif\u00edcios altos e centros comerciais<\/li>\n<li data-section-id=\"1e17v55\" data-start=\"2895\" data-end=\"2922\">Projectos de infra-estruturas<\/li>\n<\/ul>\n<hr data-start=\"2924\" data-end=\"2927\" \/>\n<h2 data-section-id=\"1rg4wz9\" data-start=\"2929\" data-end=\"2953\">\ud83d\udd39 Resumo das vantagens<\/h2>\n<ul data-start=\"2955\" data-end=\"3197\">\n<li data-section-id=\"z0351a\" data-start=\"2955\" data-end=\"2986\">Design modular extra\u00edvel<\/li>\n<li data-section-id=\"1wao6ap\" data-start=\"2987\" data-end=\"3018\">Elevada seguran\u00e7a e fiabilidade<\/li>\n<li data-section-id=\"1q8mitz\" data-start=\"3019\" data-end=\"3068\">Configura\u00e7\u00e3o flex\u00edvel para m\u00faltiplas fun\u00e7\u00f5es<\/li>\n<li data-section-id=\"82rthe\" data-start=\"3069\" data-end=\"3109\">Suporta sistemas de controlo inteligentes<\/li>\n<li data-section-id=\"1am4nmt\" data-start=\"3110\" data-end=\"3144\">F\u00e1cil manuten\u00e7\u00e3o e funcionamento<\/li>\n<li data-section-id=\"1kvgnyc\" data-start=\"3145\" data-end=\"3197\">Adequado para aplica\u00e7\u00f5es industriais em grande escala<\/li>\n<\/ul>\n<hr data-start=\"3199\" data-end=\"3202\" \/>\n<h1 data-section-id=\"1lxd8kj\" data-start=\"3204\" data-end=\"3211\">\u2753 FAQ<\/h1>\n<h3 data-section-id=\"n1rjwe\" data-start=\"3213\" data-end=\"3255\">1\ufe0f\u20e3 O que \u00e9 um aparelho de distribui\u00e7\u00e3o extra\u00edvel?<\/h3>\n<p data-start=\"3257\" data-end=\"3384\">Um painel de distribui\u00e7\u00e3o extra\u00edvel utiliza unidades do tipo gaveta que podem ser removidas ou substitu\u00eddas sem desligar todo o sistema.<\/p>\n<p data-start=\"3386\" data-end=\"3449\">Isto melhora a efici\u00eancia da manuten\u00e7\u00e3o e a fiabilidade do sistema.<\/p>\n<hr data-start=\"3451\" data-end=\"3454\" \/>\n<h3 data-section-id=\"vheh8a\" data-start=\"3456\" data-end=\"3520\">2\ufe0f\u20e3 Qual \u00e9 a diferen\u00e7a entre o GCS e o painel de distribui\u00e7\u00e3o fixo?<\/h3>\n<ul data-start=\"3522\" data-end=\"3624\">\n<li data-section-id=\"fkedhn\" data-start=\"3522\" data-end=\"3575\">GCS: Retir\u00e1vel, flex\u00edvel, f\u00e1cil manuten\u00e7\u00e3o<\/li>\n<li data-section-id=\"zfbo4r\" data-start=\"3576\" data-end=\"3624\">Tipo fixo: Custo mais baixo mas menos flex\u00edvel<\/li>\n<\/ul>\n<p data-start=\"3626\" data-end=\"3676\">O GCS \u00e9 melhor para sistemas complexos e cr\u00edticos.<\/p>\n<hr data-start=\"3678\" data-end=\"3681\" \/>\n<h3 data-section-id=\"17jpg85\" data-start=\"3683\" data-end=\"3748\">3\ufe0f\u20e3 O painel de distribui\u00e7\u00e3o GCS pode ser integrado em sistemas de automa\u00e7\u00e3o?<\/h3>\n<p data-start=\"3750\" data-end=\"3767\">Sim, suporta:<\/p>\n<ul data-start=\"3768\" data-end=\"3833\">\n<li data-section-id=\"11o480x\" data-start=\"3768\" data-end=\"3783\">Sistemas PLC<\/li>\n<li data-section-id=\"f41at5\" data-start=\"3784\" data-end=\"3807\">Interfaces de computador<\/li>\n<li data-section-id=\"ecp77k\" data-start=\"3808\" data-end=\"3833\">Sistemas de controlo inteligentes<\/li>\n<\/ul>\n<p data-start=\"3835\" data-end=\"3886\">Ideal para automa\u00e7\u00e3o industrial e redes inteligentes.<\/p>\n<hr data-start=\"3888\" data-end=\"3891\" \/>\n<h3 data-section-id=\"1a8r5p4\" data-start=\"3893\" data-end=\"3945\">4\ufe0f\u20e3 Que ind\u00fastrias utilizam normalmente o painel de distribui\u00e7\u00e3o GCS?<\/h3>\n<p data-start=\"3947\" data-end=\"3968\">\u00c9 amplamente utilizado em:<\/p>\n<ul data-start=\"3969\" data-end=\"4062\">\n<li data-section-id=\"1q4mphf\" data-start=\"3969\" data-end=\"3985\">Centrais el\u00e9ctricas<\/li>\n<li data-section-id=\"njd3e2\" data-start=\"3986\" data-end=\"4012\">Ind\u00fastria petroqu\u00edmica<\/li>\n<li data-section-id=\"u3fi1o\" data-start=\"4013\" data-end=\"4037\">Instala\u00e7\u00f5es de fabrico<\/li>\n<li data-section-id=\"hfihxt\" data-start=\"4038\" data-end=\"4062\">Edif\u00edcios comerciais<\/li>\n<\/ul>","protected":false},"excerpt":{"rendered":"<p data-start=\"255\" data-end=\"423\">Os comutadores extra\u00edveis de baixa tens\u00e3o da s\u00e9rie GCS foram concebidos para distribui\u00e7\u00e3o de energia, controlo de motores e compensa\u00e7\u00e3o de pot\u00eancia reactiva em sistemas de energia modernos.<\/p>\n<p data-start=\"425\" data-end=\"483\">\u00c9 adequado para sistemas AC trif\u00e1sicos (50Hz) com:<\/p>\n<ul data-start=\"484\" data-end=\"553\">\n<li data-section-id=\"1ua275e\" data-start=\"484\" data-end=\"518\">Tens\u00e3o nominal: 400V \/ 690V<\/li>\n<li data-section-id=\"1ui9t9i\" data-start=\"519\" data-end=\"553\">Corrente nominal: at\u00e9 4000A<\/li>\n<\/ul>","protected":false},"featured_media":2133,"comment_status":"open","ping_status":"closed","template":"","meta":{"site-sidebar-layout":"default","site-content-layout":"","ast-site-content-layout":"default","site-content-style":"default","site-sidebar-style":"default","ast-global-header-display":"","ast-banner-title-visibility":"","ast-main-header-display":"","ast-hfb-above-header-display":"","ast-hfb-below-header-display":"","ast-hfb-mobile-header-display":"","site-post-title":"","ast-breadcrumbs-content":"","ast-featured-img":"","footer-sml-layout":"","ast-disable-related-posts":"","theme-transparent-header-meta":"default","adv-header-id-meta":"","stick-header-meta":"","header-above-stick-meta":"","header-main-stick-meta":"","header-below-stick-meta":"","astra-migrate-meta-layouts":"set","ast-page-background-enabled":"default","ast-page-background-meta":{"desktop":{"background-color":"","background-image":"","background-repeat":"repeat","background-position":"center center","background-size":"auto","background-attachment":"scroll","background-type":"","background-media":"","overlay-type":"","overlay-color":"","overlay-opacity":"","overlay-gradient":""},"tablet":{"background-color":"","background-image":"","background-repeat":"repeat","background-position":"center center","background-size":"auto","background-attachment":"scroll","background-type":"","background-media":"","overlay-type":"","overlay-color":"","overlay-opacity":"","overlay-gradient":""},"mobile":{"background-color":"","background-image":"","background-repeat":"repeat","background-position":"center center","background-size":"auto","background-attachment":"scroll","background-type":"","background-media":"","overlay-type":"","overlay-color":"","overlay-opacity":"","overlay-gradient":""}},"ast-content-background-meta":{"desktop":{"background-color":"var(--ast-global-color-5)","background-image":"","background-repeat":"repeat","background-position":"center center","background-size":"auto","background-attachment":"scroll","background-type":"","background-media":"","overlay-type":"","overlay-color":"","overlay-opacity":"","overlay-gradient":""},"tablet":{"background-color":"var(--ast-global-color-5)","background-image":"","background-repeat":"repeat","background-position":"center center","background-size":"auto","background-attachment":"scroll","background-type":"","background-media":"","overlay-type":"","overlay-color":"","overlay-opacity":"","overlay-gradient":""},"mobile":{"background-color":"var(--ast-global-color-5)","background-image":"","background-repeat":"repeat","background-position":"center center","background-size":"auto","background-attachment":"scroll","background-type":"","background-media":"","overlay-type":"","overlay-color":"","overlay-opacity":"","overlay-gradient":""}}},"product_brand":[],"product_cat":[2035,2032],"product_tag":[2096,2043,2093,2099,2094,2098,2097,2100,2101,2095],"class_list":{"0":"post-2132","1":"product","2":"type-product","3":"status-publish","4":"has-post-thumbnail","6":"product_cat-high-and-low-voltage-switchgear","7":"product_cat-electrical-equipment","8":"product_tag-electrical-cabinet","9":"product_tag-electrical-equipment","10":"product_tag-gcs-switchgear","11":"product_tag-industrial-switchgear","12":"product_tag-low-voltage-switchgear","13":"product_tag-mcc-panel","14":"product_tag-power-distribution-equipment","15":"product_tag-smart-switchgear","16":"product_tag-transformer-equipment","17":"product_tag-withdrawable-switchgear","18":"desktop-align-left","19":"tablet-align-left","20":"mobile-align-left","22":"first","23":"instock","24":"shipping-taxable","25":"product-type-simple"},"_links":{"self":[{"href":"https:\/\/www.wonzh.com\/pt\/wp-json\/wp\/v2\/product\/2132","targetHints":{"allow":["GET"]}}],"collection":[{"href":"https:\/\/www.wonzh.com\/pt\/wp-json\/wp\/v2\/product"}],"about":[{"href":"https:\/\/www.wonzh.com\/pt\/wp-json\/wp\/v2\/types\/product"}],"replies":[{"embeddable":true,"href":"https:\/\/www.wonzh.com\/pt\/wp-json\/wp\/v2\/comments?post=2132"}],"wp:featuredmedia":[{"embeddable":true,"href":"https:\/\/www.wonzh.com\/pt\/wp-json\/wp\/v2\/media\/2133"}],"wp:attachment":[{"href":"https:\/\/www.wonzh.com\/pt\/wp-json\/wp\/v2\/media?parent=2132"}],"wp:term":[{"taxonomy":"product_brand","embeddable":true,"href":"https:\/\/www.wonzh.com\/pt\/wp-json\/wp\/v2\/product_brand?post=2132"},{"taxonomy":"product_cat","embeddable":true,"href":"https:\/\/www.wonzh.com\/pt\/wp-json\/wp\/v2\/product_cat?post=2132"},{"taxonomy":"product_tag","embeddable":true,"href":"https:\/\/www.wonzh.com\/pt\/wp-json\/wp\/v2\/product_tag?post=2132"}],"curies":[{"name":"wp","href":"https:\/\/api.w.org\/{rel}","templated":true}]}}