{"id":2130,"date":"2026-04-28T15:21:11","date_gmt":"2026-04-28T15:21:11","guid":{"rendered":"https:\/\/www.wonzh.com\/?post_type=product&#038;p=2130"},"modified":"2026-04-28T15:21:12","modified_gmt":"2026-04-28T15:21:12","slug":"sc-series-station-service-dry-type-transformer-auxiliary-power-transformer-for-substations-power-plants","status":"publish","type":"product","link":"https:\/\/www.wonzh.com\/pt\/product\/sc-series-station-service-dry-type-transformer-auxiliary-power-transformer-for-substations-power-plants\/","title":{"rendered":"Transformador de tipo seco de servi\u00e7o de esta\u00e7\u00e3o da s\u00e9rie SC (transformador de pot\u00eancia auxiliar para subesta\u00e7\u00f5es e centrais el\u00e9ctricas)"},"content":{"rendered":"<p data-start=\"287\" data-end=\"470\">The SC Series Station Service Dry-Type Transformer is specially designed to provide reliable auxiliary power supply for substations, power plants, and industrial facilities.<\/p>\n<p data-start=\"472\" data-end=\"678\">Manufactured using advanced epoxy resin casting technology, this transformer offers high safety, low loss, and long service life, making it suitable for critical power infrastructure environments.<\/p>\n<p data-start=\"680\" data-end=\"883\">It can be configured with or without protective enclosures depending on installation conditions and is widely used in demanding applications where continuous and stable auxiliary power is required.<\/p>\n<p data-start=\"885\" data-end=\"914\">Typical applications include:<\/p>\n<ul data-start=\"915\" data-end=\"1116\">\n<li data-section-id=\"12zggtd\" data-start=\"915\" data-end=\"946\">Substations and switchyards<\/li>\n<li data-section-id=\"6zzy8z\" data-start=\"947\" data-end=\"989\">Power plants (thermal, hydro, nuclear)<\/li>\n<li data-section-id=\"1cenxsk\" data-start=\"990\" data-end=\"1027\">Airports and rail transit systems<\/li>\n<li data-section-id=\"wo3t6w\" data-start=\"1028\" data-end=\"1067\">Instala\u00e7\u00f5es industriais e petroqu\u00edmicas<\/li>\n<li data-section-id=\"1dcdb6\" data-start=\"1068\" data-end=\"1116\">Commercial complexes and high-rise buildings<\/li>\n<\/ul>\n<hr data-start=\"1118\" data-end=\"1121\" \/>\n<h2 data-section-id=\"g4vs8k\" data-start=\"1123\" data-end=\"1149\">\ud83d\udd39 Conformidade com as normas<\/h2>\n<ul data-start=\"1151\" data-end=\"1467\">\n<li data-section-id=\"1t9ehtv\" data-start=\"1151\" data-end=\"1201\">IEC 60076-11 - Transformadores de pot\u00eancia do tipo seco<\/li>\n<li data-section-id=\"1cu5kzl\" data-start=\"1202\" data-end=\"1242\">GB\/T 1094.1 - Transformadores de pot\u00eancia<\/li>\n<li data-section-id=\"12jd1ed\" data-start=\"1243\" data-end=\"1287\">GB\/T 1094.11 - Transformadores de tipo seco<\/li>\n<li data-section-id=\"2b1ch6\" data-start=\"1288\" data-end=\"1357\">GB\/T 10228 - Requisitos t\u00e9cnicos para transformadores de tipo seco<\/li>\n<li data-section-id=\"1nzvw4u\" data-start=\"1358\" data-end=\"1417\">JB\/T 10088 - N\u00edveis sonoros de transformadores 6kV-500kV<\/li>\n<li data-section-id=\"16sztuj\" data-start=\"1418\" data-end=\"1467\">GB 20052-2020 - Normas de efici\u00eancia energ\u00e9tica<\/li>\n<\/ul>\n<hr data-start=\"1469\" data-end=\"1472\" \/>\n<h2 data-section-id=\"17fvu7l\" data-start=\"1474\" data-end=\"1492\">Carater\u00edsticas principais<\/h2>\n<h3 data-section-id=\"xrppzx\" data-start=\"1494\" data-end=\"1529\">Alta seguran\u00e7a e resist\u00eancia ao fogo<\/h3>\n<ul data-start=\"1530\" data-end=\"1670\">\n<li data-section-id=\"2hl2rz\" data-start=\"1530\" data-end=\"1573\">A conce\u00e7\u00e3o sem \u00f3leo elimina os riscos de inc\u00eandio<\/li>\n<li data-section-id=\"vrrfrc\" data-start=\"1574\" data-end=\"1622\">Flame-retardant and environmentally friendly<\/li>\n<li data-section-id=\"1hbfpug\" data-start=\"1623\" data-end=\"1670\">Adequado para instala\u00e7\u00e3o perto de centros de carga<\/li>\n<\/ul>\n<hr data-start=\"1672\" data-end=\"1675\" \/>\n<h3 data-section-id=\"ag6o\" data-start=\"1677\" data-end=\"1725\">\u2714 High Reliability for Critical Power Supply<\/h3>\n<ul data-start=\"1726\" data-end=\"1813\">\n<li data-section-id=\"lv03v7\" data-start=\"1726\" data-end=\"1768\">Stable operation under continuous load<\/li>\n<li data-section-id=\"4kccci\" data-start=\"1769\" data-end=\"1813\">Designed for essential auxiliary systems<\/li>\n<\/ul>\n<p data-start=\"1815\" data-end=\"1868\">\ud83d\udc49 Ensures uninterrupted operation of key equipment<\/p>\n<hr data-start=\"1870\" data-end=\"1873\" \/>\n<h3 data-section-id=\"u5csrc\" data-start=\"1875\" data-end=\"1908\">\u2714 Low Loss &amp; Energy Efficient<\/h3>\n<ul data-start=\"1909\" data-end=\"1985\">\n<li data-section-id=\"3oxtmm\" data-start=\"1909\" data-end=\"1944\">Reduced no-load and load losses<\/li>\n<li data-section-id=\"1fmq3iu\" data-start=\"1945\" data-end=\"1985\">Lower operating costs over lifecycle<\/li>\n<\/ul>\n<hr data-start=\"1987\" data-end=\"1990\" \/>\n<h3 data-section-id=\"l9y0hl\" data-start=\"1992\" data-end=\"2024\">Forte capacidade de sobrecarga<\/h3>\n<ul data-start=\"2025\" data-end=\"2107\">\n<li data-section-id=\"41f03h\" data-start=\"2025\" data-end=\"2055\">Excelente dissipa\u00e7\u00e3o de calor<\/li>\n<li data-section-id=\"1p89a32\" data-start=\"2056\" data-end=\"2107\">Supports forced air cooling for higher capacity<\/li>\n<\/ul>\n<hr data-start=\"2109\" data-end=\"2112\" \/>\n<h3 data-section-id=\"u1jwb0\" data-start=\"2114\" data-end=\"2159\">Resist\u00eancia \u00e0 humidade e a ambientes agressivos<\/h3>\n<ul data-start=\"2160\" data-end=\"2269\">\n<li data-section-id=\"1xvfsvb\" data-start=\"2160\" data-end=\"2216\">Suitable for high humidity and polluted environments<\/li>\n<li data-section-id=\"1nrq9n0\" data-start=\"2217\" data-end=\"2269\">Reliable in industrial and outdoor installations<\/li>\n<\/ul>\n<hr data-start=\"2271\" data-end=\"2274\" \/>\n<h3 data-section-id=\"1rc1wqk\" data-start=\"2276\" data-end=\"2317\">\u2714 Intelligent Monitoring &amp; Protection<\/h3>\n<ul data-start=\"2318\" data-end=\"2455\">\n<li data-section-id=\"13cfvin\" data-start=\"2318\" data-end=\"2361\">Real-time temperature monitoring system<\/li>\n<li data-section-id=\"143wrmj\" data-start=\"2362\" data-end=\"2387\">Controlo autom\u00e1tico do ventilador<\/li>\n<li data-section-id=\"36ajnw\" data-start=\"2388\" data-end=\"2417\">Prote\u00e7\u00e3o contra alarmes e disparos<\/li>\n<li data-section-id=\"1yt3w6j\" data-start=\"2418\" data-end=\"2455\">Sistema de monitoriza\u00e7\u00e3o remota opcional<\/li>\n<\/ul>\n<hr data-start=\"2457\" data-end=\"2460\" \/>\n<h3 data-section-id=\"14espup\" data-start=\"2462\" data-end=\"2495\">Instala\u00e7\u00e3o compacta e f\u00e1cil<\/h3>\n<ul data-start=\"2496\" data-end=\"2590\">\n<li data-section-id=\"aff6j7\" data-start=\"2496\" data-end=\"2538\">Design leve e de dimens\u00f5es reduzidas<\/li>\n<li data-section-id=\"i1ptwo\" data-start=\"2539\" data-end=\"2590\">Flexible installation with or without enclosure<\/li>\n<\/ul>\n<hr data-start=\"2592\" data-end=\"2595\" \/>\n<h2 data-section-id=\"1hq6i26\" data-start=\"2597\" data-end=\"2620\">\ud83d\udd39 Conce\u00e7\u00e3o estrutural<\/h2>\n<h3 data-section-id=\"1oaxluj\" data-start=\"2622\" data-end=\"2649\">\ud83d\udd38 Bobinagem de alta tens\u00e3o<\/h3>\n<ul data-start=\"2650\" data-end=\"2786\">\n<li data-section-id=\"1rs2wlq\" data-start=\"2650\" data-end=\"2688\">Condutores de folha de cobre isentos de oxig\u00e9nio<\/li>\n<li data-section-id=\"3ff1a0\" data-start=\"2689\" data-end=\"2718\">Sistema de isolamento de classe F<\/li>\n<li data-section-id=\"4z6hz8\" data-start=\"2719\" data-end=\"2755\">Estrutura refor\u00e7ada com fibra de vidro<\/li>\n<li data-section-id=\"dv6lws\" data-start=\"2756\" data-end=\"2786\">Fundi\u00e7\u00e3o em v\u00e1cuo de resina ep\u00f3xi<\/li>\n<\/ul>\n<p data-start=\"2788\" data-end=\"2799\">\u27a1 Carater\u00edsticas:<\/p>\n<ul data-start=\"2800\" data-end=\"2876\">\n<li data-section-id=\"10gqgab\" data-start=\"2800\" data-end=\"2828\">High insulation strength<\/li>\n<li data-section-id=\"6ehatn\" data-start=\"2829\" data-end=\"2854\">Baixa descarga parcial<\/li>\n<li data-section-id=\"ymf61l\" data-start=\"2855\" data-end=\"2876\">Longa vida \u00fatil<\/li>\n<\/ul>\n<hr data-start=\"2878\" data-end=\"2881\" \/>\n<h3 data-section-id=\"vz1dz5\" data-start=\"2883\" data-end=\"2909\">\ud83d\udd38 Bobinagem de baixa tens\u00e3o<\/h3>\n<ul data-start=\"2910\" data-end=\"3015\">\n<li data-section-id=\"1maj4yk\" data-start=\"2910\" data-end=\"2957\">Enrolamento de folha de cobre com isolamento de classe F<\/li>\n<li data-section-id=\"10wylr8\" data-start=\"2958\" data-end=\"2988\">Condutas de ar de refrigera\u00e7\u00e3o incorporadas<\/li>\n<li data-section-id=\"1jp4vhl\" data-start=\"2989\" data-end=\"3015\">Resin-sealed structure<\/li>\n<\/ul>\n<p data-start=\"3017\" data-end=\"3028\">Benef\u00edcios:<\/p>\n<ul data-start=\"3029\" data-end=\"3098\">\n<li data-section-id=\"u66b5g\" data-start=\"3029\" data-end=\"3064\">Forte resist\u00eancia a curto-circuitos<\/li>\n<li data-section-id=\"1k3g6ue\" data-start=\"3065\" data-end=\"3098\">Desempenho de arrefecimento eficiente<\/li>\n<\/ul>\n<hr data-start=\"3100\" data-end=\"3103\" \/>\n<h3 data-section-id=\"mp6v7c\" data-start=\"3105\" data-end=\"3116\">\ud83d\udd38 N\u00facleo<\/h3>\n<ul data-start=\"3117\" data-end=\"3225\">\n<li data-section-id=\"1kt5bj8\" data-start=\"3117\" data-end=\"3162\">High-quality grain-oriented silicon steel<\/li>\n<li data-section-id=\"18m9khk\" data-start=\"3163\" data-end=\"3195\">Estrutura da junta escalonada de 45\u00b0<\/li>\n<li data-section-id=\"1gp9gfs\" data-start=\"3196\" data-end=\"3225\">Sistema de fixa\u00e7\u00e3o cortado a laser<\/li>\n<\/ul>\n<p data-start=\"3227\" data-end=\"3240\">\u27a1 Advantages:<\/p>\n<ul data-start=\"3241\" data-end=\"3308\">\n<li data-section-id=\"tkh7rp\" data-start=\"3241\" data-end=\"3261\">Baixa perda em vazio<\/li>\n<li data-section-id=\"1gveydu\" data-start=\"3262\" data-end=\"3279\">Redu\u00e7\u00e3o do ru\u00eddo<\/li>\n<li data-section-id=\"1s47fpa\" data-start=\"3280\" data-end=\"3308\">Elevada resist\u00eancia estrutural<\/li>\n<\/ul>\n<hr data-start=\"3310\" data-end=\"3313\" \/>\n<h2 data-section-id=\"15du31k\" data-start=\"3315\" data-end=\"3333\">\ud83d\udd39 Aplica\u00e7\u00f5es<\/h2>\n<ul data-start=\"3335\" data-end=\"3522\">\n<li data-section-id=\"76ntvx\" data-start=\"3335\" data-end=\"3378\">Substations and auxiliary power systems<\/li>\n<li data-section-id=\"79zscl\" data-start=\"3379\" data-end=\"3406\">Power generation plants<\/li>\n<li data-section-id=\"p9p65o\" data-start=\"3407\" data-end=\"3432\">Industrial facilities<\/li>\n<li data-section-id=\"1y1gry6\" data-start=\"3433\" data-end=\"3483\">Transportation infrastructure (airport, metro)<\/li>\n<li data-section-id=\"1u38bis\" data-start=\"3484\" data-end=\"3522\">Commercial and high-rise buildings<\/li>\n<\/ul>\n<hr data-start=\"3524\" data-end=\"3527\" \/>\n<h2 data-section-id=\"1rg4wz9\" data-start=\"3529\" data-end=\"3553\">\ud83d\udd39 Resumo das vantagens<\/h2>\n<ul data-start=\"3555\" data-end=\"3800\">\n<li data-section-id=\"1th2rzi\" data-start=\"3555\" data-end=\"3600\">Designed for station service applications<\/li>\n<li data-section-id=\"uska3k\" data-start=\"3601\" data-end=\"3647\">High reliability and operational stability<\/li>\n<li data-section-id=\"1ungrh1\" data-start=\"3648\" data-end=\"3690\">Fireproof and environmentally friendly<\/li>\n<li data-section-id=\"1ysv9yx\" data-start=\"3691\" data-end=\"3721\">Funcionamento sem manuten\u00e7\u00e3o<\/li>\n<li data-section-id=\"oc6tql\" data-start=\"3722\" data-end=\"3753\">Capacidade de monitoriza\u00e7\u00e3o inteligente<\/li>\n<li data-section-id=\"1p005o1\" data-start=\"3754\" data-end=\"3800\">Suitable for critical power infrastructure<\/li>\n<\/ul>\n<hr data-start=\"3802\" data-end=\"3805\" \/>\n<h1 data-section-id=\"1lxd8kj\" data-start=\"3807\" data-end=\"3814\">\u2753 FAQ<\/h1>\n<h3 data-section-id=\"qi2rt5\" data-start=\"3816\" data-end=\"3862\">1\ufe0f\u20e3 What is a station service transformer?<\/h3>\n<p data-start=\"3864\" data-end=\"3917\">A station service transformer provides power for:<\/p>\n<ul data-start=\"3918\" data-end=\"3974\">\n<li data-section-id=\"ijbfsp\" data-start=\"3918\" data-end=\"3937\">Control systems<\/li>\n<li data-section-id=\"13nrk8m\" data-start=\"3938\" data-end=\"3950\">Lighting<\/li>\n<li data-section-id=\"1d1nt9k\" data-start=\"3951\" data-end=\"3974\">Equipamento auxiliar<\/li>\n<\/ul>\n<p data-start=\"3976\" data-end=\"4043\">\ud83d\udc49 It ensures the normal operation of substations and power plants.<\/p>\n<hr data-start=\"4045\" data-end=\"4048\" \/>\n<h3 data-section-id=\"1um693q\" data-start=\"4050\" data-end=\"4100\">2\ufe0f\u20e3 Can this transformer operate continuously?<\/h3>\n<p data-start=\"4102\" data-end=\"4126\">Yes, it is designed for:<\/p>\n<ul data-start=\"4127\" data-end=\"4185\">\n<li data-section-id=\"10xbz74\" data-start=\"4127\" data-end=\"4151\">Funcionamento cont\u00ednuo<\/li>\n<li data-section-id=\"bigc4j\" data-start=\"4152\" data-end=\"4185\">Stable auxiliary power supply<\/li>\n<\/ul>\n<p data-start=\"4187\" data-end=\"4224\">\ud83d\udc49 Ideal for critical infrastructure.<\/p>\n<hr data-start=\"4226\" data-end=\"4229\" \/>\n<h3 data-section-id=\"1lrd0qu\" data-start=\"4231\" data-end=\"4278\">3\ufe0f\u20e3 Is it suitable for indoor installation?<\/h3>\n<p data-start=\"4280\" data-end=\"4292\">Yes, due to:<\/p>\n<ul data-start=\"4293\" data-end=\"4341\">\n<li data-section-id=\"3853y\" data-start=\"4293\" data-end=\"4318\">Fire-resistant design<\/li>\n<li data-section-id=\"cwap4e\" data-start=\"4319\" data-end=\"4341\">Oil-free structure<\/li>\n<\/ul>\n<p data-start=\"4343\" data-end=\"4394\">\ud83d\udc49 It is safe for indoor and confined environments.<\/p>\n<hr data-start=\"4396\" data-end=\"4399\" \/>\n<h3 data-section-id=\"lxa4g6\" data-start=\"4401\" data-end=\"4443\">4\ufe0f\u20e3 \u00c9 compat\u00edvel com monitoriza\u00e7\u00e3o remota?<\/h3>\n<p data-start=\"4445\" data-end=\"4474\">Sim, pode ser equipado com:<\/p>\n<ul data-start=\"4475\" data-end=\"4568\">\n<li data-section-id=\"13oiu88\" data-start=\"4475\" data-end=\"4501\">Monitoriza\u00e7\u00e3o da temperatura<\/li>\n<li data-section-id=\"fujfh2\" data-start=\"4502\" data-end=\"4533\">Sistema de alarme e prote\u00e7\u00e3o<\/li>\n<\/ul>","protected":false},"excerpt":{"rendered":"<p data-start=\"287\" data-end=\"470\">The SC Series Station Service Dry-Type Transformer is specially designed to provide reliable auxiliary power supply for substations, power plants, and industrial facilities.<\/p>\n<p data-start=\"472\" data-end=\"678\">Manufactured using advanced epoxy resin casting technology, this transformer offers high safety, low loss, and long service life, making it suitable for critical power infrastructure environments.<\/p>\n<p data-start=\"680\" data-end=\"883\">It can be configured with or without protective enclosures depending on installation conditions and is widely used in demanding applications where continuous and stable auxiliary power is required.<\/p>","protected":false},"featured_media":2119,"comment_status":"open","ping_status":"closed","template":"","meta":{"site-sidebar-layout":"default","site-content-layout":"","ast-site-content-layout":"default","site-content-style":"default","site-sidebar-style":"default","ast-global-header-display":"","ast-banner-title-visibility":"","ast-main-header-display":"","ast-hfb-above-header-display":"","ast-hfb-below-header-display":"","ast-hfb-mobile-header-display":"","site-post-title":"","ast-breadcrumbs-content":"","ast-featured-img":"","footer-sml-layout":"","ast-disable-related-posts":"","theme-transparent-header-meta":"default","adv-header-id-meta":"","stick-header-meta":"","header-above-stick-meta":"","header-main-stick-meta":"","header-below-stick-meta":"","astra-migrate-meta-layouts":"set","ast-page-background-enabled":"default","ast-page-background-meta":{"desktop":{"background-color":"","background-image":"","background-repeat":"repeat","background-position":"center center","background-size":"auto","background-attachment":"scroll","background-type":"","background-media":"","overlay-type":"","overlay-color":"","overlay-opacity":"","overlay-gradient":""},"tablet":{"background-color":"","background-image":"","background-repeat":"repeat","background-position":"center center","background-size":"auto","background-attachment":"scroll","background-type":"","background-media":"","overlay-type":"","overlay-color":"","overlay-opacity":"","overlay-gradient":""},"mobile":{"background-color":"","background-image":"","background-repeat":"repeat","background-position":"center center","background-size":"auto","background-attachment":"scroll","background-type":"","background-media":"","overlay-type":"","overlay-color":"","overlay-opacity":"","overlay-gradient":""}},"ast-content-background-meta":{"desktop":{"background-color":"var(--ast-global-color-5)","background-image":"","background-repeat":"repeat","background-position":"center center","background-size":"auto","background-attachment":"scroll","background-type":"","background-media":"","overlay-type":"","overlay-color":"","overlay-opacity":"","overlay-gradient":""},"tablet":{"background-color":"var(--ast-global-color-5)","background-image":"","background-repeat":"repeat","background-position":"center center","background-size":"auto","background-attachment":"scroll","background-type":"","background-media":"","overlay-type":"","overlay-color":"","overlay-opacity":"","overlay-gradient":""},"mobile":{"background-color":"var(--ast-global-color-5)","background-image":"","background-repeat":"repeat","background-position":"center center","background-size":"auto","background-attachment":"scroll","background-type":"","background-media":"","overlay-type":"","overlay-color":"","overlay-opacity":"","overlay-gradient":""}}},"product_brand":[],"product_cat":[2032,2034],"product_tag":[2092,2074,2071,2043,2041,2089,2042,2091,2046,2044],"class_list":{"0":"post-2130","1":"product","2":"type-product","3":"status-publish","4":"has-post-thumbnail","6":"product_cat-electrical-equipment","7":"product_cat-dry-type-power-transformer","8":"product_tag-auxiliary-transformer","9":"product_tag-cast-resin-transformer","10":"product_tag-dry-type-transformer","11":"product_tag-electrical-equipment","12":"product_tag-energy-efficient-transformer","13":"product_tag-industrial-transformer","14":"product_tag-power-transformer","15":"product_tag-station-service-transformer","16":"product_tag-substation-transformer","17":"product_tag-transformer-manufacturer","18":"desktop-align-left","19":"tablet-align-left","20":"mobile-align-left","22":"first","23":"instock","24":"shipping-taxable","25":"product-type-simple"},"_links":{"self":[{"href":"https:\/\/www.wonzh.com\/pt\/wp-json\/wp\/v2\/product\/2130","targetHints":{"allow":["GET"]}}],"collection":[{"href":"https:\/\/www.wonzh.com\/pt\/wp-json\/wp\/v2\/product"}],"about":[{"href":"https:\/\/www.wonzh.com\/pt\/wp-json\/wp\/v2\/types\/product"}],"replies":[{"embeddable":true,"href":"https:\/\/www.wonzh.com\/pt\/wp-json\/wp\/v2\/comments?post=2130"}],"wp:featuredmedia":[{"embeddable":true,"href":"https:\/\/www.wonzh.com\/pt\/wp-json\/wp\/v2\/media\/2119"}],"wp:attachment":[{"href":"https:\/\/www.wonzh.com\/pt\/wp-json\/wp\/v2\/media?parent=2130"}],"wp:term":[{"taxonomy":"product_brand","embeddable":true,"href":"https:\/\/www.wonzh.com\/pt\/wp-json\/wp\/v2\/product_brand?post=2130"},{"taxonomy":"product_cat","embeddable":true,"href":"https:\/\/www.wonzh.com\/pt\/wp-json\/wp\/v2\/product_cat?post=2130"},{"taxonomy":"product_tag","embeddable":true,"href":"https:\/\/www.wonzh.com\/pt\/wp-json\/wp\/v2\/product_tag?post=2130"}],"curies":[{"name":"wp","href":"https:\/\/api.w.org\/{rel}","templated":true}]}}