{"id":2118,"date":"2026-04-28T14:17:30","date_gmt":"2026-04-28T14:17:30","guid":{"rendered":"https:\/\/www.wonzh.com\/?post_type=product&#038;p=2118"},"modified":"2026-04-29T16:14:59","modified_gmt":"2026-04-29T16:14:59","slug":"scb11-epoxy-resin-cast-dry-type-transformer","status":"publish","type":"product","link":"https:\/\/www.wonzh.com\/pt\/product\/scb11-epoxy-resin-cast-dry-type-transformer\/","title":{"rendered":"SCB11 Transformador de pot\u00eancia do tipo seco fundido com resina ep\u00f3xi (tipo de baixa perda e efici\u00eancia energ\u00e9tica)"},"content":{"rendered":"<p data-start=\"235\" data-end=\"430\"><img fetchpriority=\"high\" decoding=\"async\" class=\"size-medium wp-image-2120 alignright\" src=\"https:\/\/www.wonzh.com\/wp-content\/uploads\/2026\/04\/SCB11-Epoxy-Resin-Cast-Dry-Type-Power-Transformer-Low-Loss-Energy-Efficient-Type-3-300x300.png\" alt=\"\" width=\"300\" height=\"300\" srcset=\"https:\/\/www.wonzh.com\/wp-content\/uploads\/2026\/04\/SCB11-Epoxy-Resin-Cast-Dry-Type-Power-Transformer-Low-Loss-Energy-Efficient-Type-3-300x300.png 300w, https:\/\/www.wonzh.com\/wp-content\/uploads\/2026\/04\/SCB11-Epoxy-Resin-Cast-Dry-Type-Power-Transformer-Low-Loss-Energy-Efficient-Type-3-150x150.png 150w, https:\/\/www.wonzh.com\/wp-content\/uploads\/2026\/04\/SCB11-Epoxy-Resin-Cast-Dry-Type-Power-Transformer-Low-Loss-Energy-Efficient-Type-3-768x768.png 768w, https:\/\/www.wonzh.com\/wp-content\/uploads\/2026\/04\/SCB11-Epoxy-Resin-Cast-Dry-Type-Power-Transformer-Low-Loss-Energy-Efficient-Type-3-12x12.png 12w, https:\/\/www.wonzh.com\/wp-content\/uploads\/2026\/04\/SCB11-Epoxy-Resin-Cast-Dry-Type-Power-Transformer-Low-Loss-Energy-Efficient-Type-3-600x600.png 600w, https:\/\/www.wonzh.com\/wp-content\/uploads\/2026\/04\/SCB11-Epoxy-Resin-Cast-Dry-Type-Power-Transformer-Low-Loss-Energy-Efficient-Type-3-100x100.png 100w, https:\/\/www.wonzh.com\/wp-content\/uploads\/2026\/04\/SCB11-Epoxy-Resin-Cast-Dry-Type-Power-Transformer-Low-Loss-Energy-Efficient-Type-3.png 1000w\" sizes=\"(max-width: 300px) 100vw, 300px\" \/>O transformador de tipo seco fundido em resina ep\u00f3xi SCB11 \u00e9 uma vers\u00e3o melhorada da s\u00e9rie SCB10, concebida com menores perdas, maior efici\u00eancia energ\u00e9tica e maior fiabilidade operacional.<\/p>\n<p data-start=\"432\" data-end=\"605\">Fabricado com tecnologia de fundi\u00e7\u00e3o avan\u00e7ada, materiais de alta qualidade e processos de produ\u00e7\u00e3o precisos, oferece um excelente desempenho el\u00e9trico e uma longa vida \u00fatil.<\/p>\n<p data-start=\"607\" data-end=\"749\">Este transformador \u00e9 isento de \u00f3leo, resistente ao fogo e amigo do ambiente, o que o torna ideal para aplica\u00e7\u00f5es interiores e de seguran\u00e7a cr\u00edtica.<\/p>\n<p data-start=\"751\" data-end=\"772\">\u00c9 amplamente utilizado em:<\/p>\n<ul data-start=\"773\" data-end=\"923\">\n<li data-section-id=\"ov2w8z\" data-start=\"773\" data-end=\"796\">Edif\u00edcios altos<\/li>\n<li data-section-id=\"1yjht70\" data-start=\"797\" data-end=\"819\">Centros comerciais<\/li>\n<li data-section-id=\"1usaqco\" data-start=\"820\" data-end=\"844\">Aeroportos e t\u00faneis<\/li>\n<li data-section-id=\"11epkig\" data-start=\"845\" data-end=\"864\">F\u00e1bricas de produtos qu\u00edmicos<\/li>\n<li data-section-id=\"qf2vj0\" data-start=\"865\" data-end=\"891\">Centrais nucleares<\/li>\n<li data-section-id=\"5nxb0l\" data-start=\"892\" data-end=\"923\">Sistemas marinhos e offshore<\/li>\n<\/ul>\n<hr data-start=\"925\" data-end=\"928\" \/>\n<h2 data-section-id=\"g4vs8k\" data-start=\"930\" data-end=\"956\">\ud83d\udd39 Conformidade com as normas<\/h2>\n<ul data-start=\"958\" data-end=\"1274\">\n<li data-section-id=\"1t9ehtv\" data-start=\"958\" data-end=\"1008\">IEC 60076-11 - Transformadores de pot\u00eancia do tipo seco<\/li>\n<li data-section-id=\"1cu5kzl\" data-start=\"1009\" data-end=\"1049\">GB\/T 1094.1 - Transformadores de pot\u00eancia<\/li>\n<li data-section-id=\"12jd1ed\" data-start=\"1050\" data-end=\"1094\">GB\/T 1094.11 - Transformadores de tipo seco<\/li>\n<li data-section-id=\"2b1ch6\" data-start=\"1095\" data-end=\"1164\">GB\/T 10228 - Requisitos t\u00e9cnicos para transformadores de tipo seco<\/li>\n<li data-section-id=\"1nzvw4u\" data-start=\"1165\" data-end=\"1224\">JB\/T 10088 - N\u00edveis sonoros de transformadores 6kV-500kV<\/li>\n<li data-section-id=\"16sztuj\" data-start=\"1225\" data-end=\"1274\">GB 20052-2020 - Normas de efici\u00eancia energ\u00e9tica<\/li>\n<\/ul>\n<hr data-start=\"1276\" data-end=\"1279\" \/>\n<h2 data-section-id=\"17fvu7l\" data-start=\"1281\" data-end=\"1299\">Carater\u00edsticas principais<\/h2>\n<h3 data-section-id=\"1bk7ou6\" data-start=\"1301\" data-end=\"1331\">Maior efici\u00eancia energ\u00e9tica<\/h3>\n<ul data-start=\"1332\" data-end=\"1458\">\n<li data-section-id=\"1c5yyc9\" data-start=\"1332\" data-end=\"1376\">Perdas em vazio e em carga inferiores \u00e0s da SCB10<\/li>\n<li data-section-id=\"13bj96\" data-start=\"1377\" data-end=\"1420\">Cumpre os requisitos modernos de poupan\u00e7a de energia<\/li>\n<li data-section-id=\"1362i6d\" data-start=\"1421\" data-end=\"1458\">Reduz os custos de funcionamento ao longo do tempo<\/li>\n<\/ul>\n<hr data-start=\"1460\" data-end=\"1463\" \/>\n<h3 data-section-id=\"xrppzx\" data-start=\"1465\" data-end=\"1500\">Alta seguran\u00e7a e resist\u00eancia ao fogo<\/h3>\n<ul data-start=\"1501\" data-end=\"1635\">\n<li data-section-id=\"2hl2rz\" data-start=\"1501\" data-end=\"1544\">A conce\u00e7\u00e3o sem \u00f3leo elimina os riscos de inc\u00eandio<\/li>\n<li data-section-id=\"1iz7znm\" data-start=\"1545\" data-end=\"1587\">N\u00e3o t\u00f3xico e amigo do ambiente<\/li>\n<li data-section-id=\"1hbfpug\" data-start=\"1588\" data-end=\"1635\">Adequado para instala\u00e7\u00e3o perto de centros de carga<\/li>\n<\/ul>\n<hr data-start=\"1637\" data-end=\"1640\" \/>\n<h3 data-section-id=\"d5sgrf\" data-start=\"1642\" data-end=\"1684\">Alta fiabilidade e longa vida \u00fatil<\/h3>\n<ul data-start=\"1685\" data-end=\"1804\">\n<li data-section-id=\"bi6h0g\" data-start=\"1685\" data-end=\"1725\">Processo avan\u00e7ado de fundi\u00e7\u00e3o de resina ep\u00f3xi<\/li>\n<li data-section-id=\"1c490t9\" data-start=\"1726\" data-end=\"1757\">N\u00edvel de descarga parcial baixo<\/li>\n<li data-section-id=\"1dwz9yg\" data-start=\"1758\" data-end=\"1804\">Excelente estabilidade t\u00e9rmica e durabilidade<\/li>\n<\/ul>\n<hr data-start=\"1806\" data-end=\"1809\" \/>\n<h3 data-section-id=\"l9y0hl\" data-start=\"1811\" data-end=\"1843\">Forte capacidade de sobrecarga<\/h3>\n<ul data-start=\"1844\" data-end=\"1927\">\n<li data-section-id=\"15of4r\" data-start=\"1844\" data-end=\"1872\">Sistema de arrefecimento eficiente<\/li>\n<li data-section-id=\"1i5hu2f\" data-start=\"1873\" data-end=\"1927\">Suporta refrigera\u00e7\u00e3o por ar for\u00e7ado para aumentar a capacidade<\/li>\n<\/ul>\n<hr data-start=\"1929\" data-end=\"1932\" \/>\n<h3 data-section-id=\"u1jwb0\" data-start=\"1934\" data-end=\"1979\">Resist\u00eancia \u00e0 humidade e a ambientes agressivos<\/h3>\n<ul data-start=\"1980\" data-end=\"2084\">\n<li data-section-id=\"if9zqc\" data-start=\"1980\" data-end=\"2033\">Excelente desempenho em condi\u00e7\u00f5es de humidade elevada<\/li>\n<li data-section-id=\"1o770jo\" data-start=\"2034\" data-end=\"2084\">Adequado para ambientes industriais exigentes<\/li>\n<\/ul>\n<hr data-start=\"2086\" data-end=\"2089\" \/>\n<h3 data-section-id=\"5dsqk\" data-start=\"2091\" data-end=\"2126\">Sistema de monitoriza\u00e7\u00e3o inteligente<\/h3>\n<ul data-start=\"2127\" data-end=\"2269\">\n<li data-section-id=\"uteb38\" data-start=\"2127\" data-end=\"2175\">Monitoriza\u00e7\u00e3o da temperatura dos enrolamentos em tempo real<\/li>\n<li data-section-id=\"143wrmj\" data-start=\"2176\" data-end=\"2201\">Controlo autom\u00e1tico do ventilador<\/li>\n<li data-section-id=\"36ajnw\" data-start=\"2202\" data-end=\"2231\">Prote\u00e7\u00e3o contra alarmes e disparos<\/li>\n<li data-section-id=\"1yt3w6j\" data-start=\"2232\" data-end=\"2269\">Sistema de monitoriza\u00e7\u00e3o remota opcional<\/li>\n<\/ul>\n<hr data-start=\"2271\" data-end=\"2274\" \/>\n<h3 data-section-id=\"129yrz8\" data-start=\"2276\" data-end=\"2319\">Instala\u00e7\u00e3o compacta e econ\u00f3mica<\/h3>\n<ul data-start=\"2320\" data-end=\"2390\">\n<li data-section-id=\"z73dtz\" data-start=\"2320\" data-end=\"2350\">Tamanho pequeno e leve<\/li>\n<li data-section-id=\"1ed73f8\" data-start=\"2351\" data-end=\"2390\">Espa\u00e7o e custos de instala\u00e7\u00e3o reduzidos<\/li>\n<\/ul>\n<hr data-start=\"2392\" data-end=\"2395\" \/>\n<h2 data-section-id=\"1hq6i26\" data-start=\"2397\" data-end=\"2420\">\ud83d\udd39 Conce\u00e7\u00e3o estrutural<\/h2>\n<h3 data-section-id=\"1oaxluj\" data-start=\"2422\" data-end=\"2449\">\ud83d\udd38 Bobinagem de alta tens\u00e3o<\/h3>\n<ul data-start=\"2450\" data-end=\"2586\">\n<li data-section-id=\"1rs2wlq\" data-start=\"2450\" data-end=\"2488\">Condutores de folha de cobre isentos de oxig\u00e9nio<\/li>\n<li data-section-id=\"3ff1a0\" data-start=\"2489\" data-end=\"2518\">Sistema de isolamento de classe F<\/li>\n<li data-section-id=\"4z6hz8\" data-start=\"2519\" data-end=\"2555\">Estrutura refor\u00e7ada com fibra de vidro<\/li>\n<li data-section-id=\"dv6lws\" data-start=\"2556\" data-end=\"2586\">Fundi\u00e7\u00e3o em v\u00e1cuo de resina ep\u00f3xi<\/li>\n<\/ul>\n<p data-start=\"2588\" data-end=\"2599\">Benef\u00edcios:<\/p>\n<ul data-start=\"2600\" data-end=\"2691\">\n<li data-section-id=\"19zadxp\" data-start=\"2600\" data-end=\"2628\">Elevada resist\u00eancia el\u00e9ctrica<\/li>\n<li data-section-id=\"6ehatn\" data-start=\"2629\" data-end=\"2654\">Baixa descarga parcial<\/li>\n<li data-section-id=\"1b4urz8\" data-start=\"2655\" data-end=\"2691\">Excelente desempenho de isolamento<\/li>\n<\/ul>\n<hr data-start=\"2693\" data-end=\"2696\" \/>\n<h3 data-section-id=\"vz1dz5\" data-start=\"2698\" data-end=\"2724\">\ud83d\udd38 Bobinagem de baixa tens\u00e3o<\/h3>\n<ul data-start=\"2725\" data-end=\"2845\">\n<li data-section-id=\"1maj4yk\" data-start=\"2725\" data-end=\"2772\">Enrolamento de folha de cobre com isolamento de classe F<\/li>\n<li data-section-id=\"10wylr8\" data-start=\"2773\" data-end=\"2803\">Condutas de ar de refrigera\u00e7\u00e3o incorporadas<\/li>\n<li data-section-id=\"vblrvo\" data-start=\"2804\" data-end=\"2845\">Veda\u00e7\u00e3o de resina para maior durabilidade<\/li>\n<\/ul>\n<p data-start=\"2847\" data-end=\"2858\">\u27a1 Fornece:<\/p>\n<ul data-start=\"2859\" data-end=\"2925\">\n<li data-section-id=\"u66b5g\" data-start=\"2859\" data-end=\"2894\">Forte resist\u00eancia a curto-circuitos<\/li>\n<li data-section-id=\"7gsig0\" data-start=\"2895\" data-end=\"2925\">Dissipa\u00e7\u00e3o de calor eficiente<\/li>\n<\/ul>\n<hr data-start=\"2927\" data-end=\"2930\" \/>\n<h3 data-section-id=\"mp6v7c\" data-start=\"2932\" data-end=\"2943\">\ud83d\udd38 N\u00facleo<\/h3>\n<ul data-start=\"2944\" data-end=\"3064\">\n<li data-section-id=\"1i8lzu9\" data-start=\"2944\" data-end=\"3001\">A\u00e7o sil\u00edcio de alta qualidade, de gr\u00e3o orientado, laminado a frio<\/li>\n<li data-section-id=\"18m9khk\" data-start=\"3002\" data-end=\"3034\">Estrutura da junta escalonada de 45\u00b0<\/li>\n<li data-section-id=\"1gp9gfs\" data-start=\"3035\" data-end=\"3064\">Sistema de fixa\u00e7\u00e3o cortado a laser<\/li>\n<\/ul>\n<p data-start=\"3066\" data-end=\"3077\">\u27a1 Carater\u00edsticas:<\/p>\n<ul data-start=\"3078\" data-end=\"3145\">\n<li data-section-id=\"tkh7rp\" data-start=\"3078\" data-end=\"3098\">Baixa perda em vazio<\/li>\n<li data-section-id=\"1gveydu\" data-start=\"3099\" data-end=\"3116\">Redu\u00e7\u00e3o do ru\u00eddo<\/li>\n<li data-section-id=\"1s47fpa\" data-start=\"3117\" data-end=\"3145\">Elevada resist\u00eancia estrutural<\/li>\n<\/ul>\n<hr data-start=\"3147\" data-end=\"3150\" \/>\n<h2 data-section-id=\"15du31k\" data-start=\"3152\" data-end=\"3170\">\ud83d\udd39 Aplica\u00e7\u00f5es<\/h2>\n<ul data-start=\"3172\" data-end=\"3353\">\n<li data-section-id=\"kec6b0\" data-start=\"3172\" data-end=\"3210\">Edif\u00edcios e complexos comerciais<\/li>\n<li data-section-id=\"1b8blr8\" data-start=\"3211\" data-end=\"3241\">Aeroportos e sistemas de metro<\/li>\n<li data-section-id=\"x7ouso\" data-start=\"3242\" data-end=\"3287\">Instala\u00e7\u00f5es industriais e ind\u00fastrias qu\u00edmicas<\/li>\n<li data-section-id=\"eogvhd\" data-start=\"3288\" data-end=\"3316\">Salas de distribui\u00e7\u00e3o de energia<\/li>\n<li data-section-id=\"1ggvioq\" data-start=\"3317\" data-end=\"3353\">Aplica\u00e7\u00f5es mar\u00edtimas e offshore<\/li>\n<\/ul>\n<hr data-start=\"3355\" data-end=\"3358\" \/>\n<h2 data-section-id=\"1rg4wz9\" data-start=\"3360\" data-end=\"3384\">\ud83d\udd39 Resumo das vantagens<\/h2>\n<ul data-start=\"3386\" data-end=\"3610\">\n<li data-section-id=\"4478bs\" data-start=\"3386\" data-end=\"3411\">Perda inferior \u00e0 SCB10<\/li>\n<li data-section-id=\"1s4bb9e\" data-start=\"3412\" data-end=\"3458\">Poupan\u00e7a de energia e amigo do ambiente<\/li>\n<li data-section-id=\"swjw0r\" data-start=\"3459\" data-end=\"3493\">\u00c0 prova de fogo e sem manuten\u00e7\u00e3o<\/li>\n<li data-section-id=\"vhoyyl\" data-start=\"3494\" data-end=\"3532\">Elevada fiabilidade e longa vida \u00fatil<\/li>\n<li data-section-id=\"oc6tql\" data-start=\"3533\" data-end=\"3564\">Capacidade de monitoriza\u00e7\u00e3o inteligente<\/li>\n<li data-section-id=\"1tttck1\" data-start=\"3565\" data-end=\"3610\">Adequado para aplica\u00e7\u00f5es cr\u00edticas em interiores<\/li>\n<\/ul>\n<hr data-start=\"3612\" data-end=\"3615\" \/>\n<h1 data-section-id=\"1lxd8kj\" data-start=\"3617\" data-end=\"3624\">\u2753 FAQ<\/h1>\n<h3 data-section-id=\"gnwdjm\" data-start=\"3626\" data-end=\"3694\">1\ufe0f\u20e3 Qual \u00e9 a diferen\u00e7a entre os transformadores SCB10 e SCB11?<\/h3>\n<p data-start=\"3696\" data-end=\"3791\">O transformador SCB11 oferece menores perdas e maior efici\u00eancia energ\u00e9tica em compara\u00e7\u00e3o com o SCB10.<\/p>\n<p data-start=\"3793\" data-end=\"3894\">\u00c9 mais adequado para projectos que requerem um desempenho de poupan\u00e7a de energia e uma redu\u00e7\u00e3o de custos a longo prazo.<\/p>\n<hr data-start=\"3896\" data-end=\"3899\" \/>\n<h3 data-section-id=\"17jktbc\" data-start=\"3901\" data-end=\"3951\">2\ufe0f\u20e3 O SCB11 \u00e9 adequado para instala\u00e7\u00e3o no interior?<\/h3>\n<p data-start=\"3953\" data-end=\"4001\">Sim, foi especificamente concebido para utiliza\u00e7\u00e3o em interiores:<\/p>\n<ul data-start=\"4002\" data-end=\"4083\">\n<li data-section-id=\"1lbhprg\" data-start=\"4002\" data-end=\"4020\">Resistente ao fogo<\/li>\n<li data-section-id=\"1rtbpgg\" data-start=\"4021\" data-end=\"4044\">Sem risco de fuga de \u00f3leo<\/li>\n<li data-section-id=\"sr2uf3\" data-start=\"4045\" data-end=\"4083\">Seguro para ambientes de alta densidade<\/li>\n<\/ul>\n<p data-start=\"4085\" data-end=\"4147\">Ideal para edif\u00edcios comerciais e projectos de infra-estruturas.<\/p>\n<hr data-start=\"4149\" data-end=\"4152\" \/>\n<h3 data-section-id=\"dwut0p\" data-start=\"4154\" data-end=\"4203\">3\ufe0f\u20e3 O transformador necessita de manuten\u00e7\u00e3o?<\/h3>\n<p data-start=\"4205\" data-end=\"4265\">O SCB11 \u00e9 um transformador isento de manuten\u00e7\u00e3o, necessitando apenas de<\/p>\n<ul data-start=\"4266\" data-end=\"4334\">\n<li data-section-id=\"1mj82eg\" data-start=\"4266\" data-end=\"4288\">Inspe\u00e7\u00e3o de rotina<\/li>\n<li data-section-id=\"1vmf05w\" data-start=\"4289\" data-end=\"4334\">Monitoriza\u00e7\u00e3o atrav\u00e9s do sistema de controlo da temperatura<\/li>\n<\/ul>\n<hr data-start=\"4336\" data-end=\"4339\" \/>\n<h3 data-section-id=\"103styt\" data-start=\"4341\" data-end=\"4385\">4\ufe0f\u20e3 A monitoriza\u00e7\u00e3o remota pode ser integrada?<\/h3>\n<p data-start=\"4387\" data-end=\"4404\">Sim, suporta:<\/p>\n<ul data-start=\"4405\" data-end=\"4518\">\n<li data-section-id=\"13oiu88\" data-start=\"4405\" data-end=\"4431\">Monitoriza\u00e7\u00e3o da temperatura<\/li>\n<li data-section-id=\"e5ci2u\" data-start=\"4432\" data-end=\"4447\">Controlo do ventilador<\/li>\n<li data-section-id=\"11u18w2\" data-start=\"4448\" data-end=\"4482\">Fun\u00e7\u00f5es de alarme e prote\u00e7\u00e3o<\/li>\n<li data-section-id=\"7vomgq\" data-start=\"4483\" data-end=\"4518\">Interfaces de comunica\u00e7\u00e3o remota<\/li>\n<\/ul>\n<p data-start=\"4520\" data-end=\"4554\">Permite a integra\u00e7\u00e3o de redes inteligentes.<\/p>","protected":false},"excerpt":{"rendered":"<p data-start=\"235\" data-end=\"430\">O transformador de tipo seco fundido em resina ep\u00f3xi SCB11 \u00e9 uma vers\u00e3o melhorada da s\u00e9rie SCB10, concebida com menores perdas, maior efici\u00eancia energ\u00e9tica e maior fiabilidade operacional.<\/p>\n<p data-start=\"432\" data-end=\"605\">Fabricado com tecnologia de fundi\u00e7\u00e3o avan\u00e7ada, materiais de alta qualidade e processos de produ\u00e7\u00e3o precisos, oferece um excelente desempenho el\u00e9trico e uma longa vida \u00fatil.<\/p>\n<p data-start=\"607\" data-end=\"749\">Este transformador \u00e9 isento de \u00f3leo, resistente ao fogo e amigo do ambiente, o que o torna ideal para aplica\u00e7\u00f5es interiores e de seguran\u00e7a cr\u00edtica.<\/p>","protected":false},"featured_media":2120,"comment_status":"open","ping_status":"closed","template":"","meta":{"site-sidebar-layout":"default","site-content-layout":"","ast-site-content-layout":"default","site-content-style":"default","site-sidebar-style":"default","ast-global-header-display":"","ast-banner-title-visibility":"","ast-main-header-display":"","ast-hfb-above-header-display":"","ast-hfb-below-header-display":"","ast-hfb-mobile-header-display":"","site-post-title":"","ast-breadcrumbs-content":"","ast-featured-img":"","footer-sml-layout":"","ast-disable-related-posts":"","theme-transparent-header-meta":"default","adv-header-id-meta":"","stick-header-meta":"","header-above-stick-meta":"","header-main-stick-meta":"","header-below-stick-meta":"","astra-migrate-meta-layouts":"set","ast-page-background-enabled":"default","ast-page-background-meta":{"desktop":{"background-color":"","background-image":"","background-repeat":"repeat","background-position":"center center","background-size":"auto","background-attachment":"scroll","background-type":"","background-media":"","overlay-type":"","overlay-color":"","overlay-opacity":"","overlay-gradient":""},"tablet":{"background-color":"","background-image":"","background-repeat":"repeat","background-position":"center center","background-size":"auto","background-attachment":"scroll","background-type":"","background-media":"","overlay-type":"","overlay-color":"","overlay-opacity":"","overlay-gradient":""},"mobile":{"background-color":"","background-image":"","background-repeat":"repeat","background-position":"center center","background-size":"auto","background-attachment":"scroll","background-type":"","background-media":"","overlay-type":"","overlay-color":"","overlay-opacity":"","overlay-gradient":""}},"ast-content-background-meta":{"desktop":{"background-color":"var(--ast-global-color-5)","background-image":"","background-repeat":"repeat","background-position":"center center","background-size":"auto","background-attachment":"scroll","background-type":"","background-media":"","overlay-type":"","overlay-color":"","overlay-opacity":"","overlay-gradient":""},"tablet":{"background-color":"var(--ast-global-color-5)","background-image":"","background-repeat":"repeat","background-position":"center center","background-size":"auto","background-attachment":"scroll","background-type":"","background-media":"","overlay-type":"","overlay-color":"","overlay-opacity":"","overlay-gradient":""},"mobile":{"background-color":"var(--ast-global-color-5)","background-image":"","background-repeat":"repeat","background-position":"center center","background-size":"auto","background-attachment":"scroll","background-type":"","background-media":"","overlay-type":"","overlay-color":"","overlay-opacity":"","overlay-gradient":""}}},"product_brand":[],"product_cat":[2034,2032],"product_tag":[2074,2071,2043,2041,2078,2075,2042,2076,2077,2044],"class_list":{"0":"post-2118","1":"product","2":"type-product","3":"status-publish","4":"has-post-thumbnail","6":"product_cat-dry-type-power-transformer","7":"product_cat-electrical-equipment","8":"product_tag-cast-resin-transformer","9":"product_tag-dry-type-transformer","10":"product_tag-electrical-equipment","11":"product_tag-energy-efficient-transformer","12":"product_tag-epoxy-transformer","13":"product_tag-indoor-transformer","14":"product_tag-power-transformer","15":"product_tag-safe-transformer","16":"product_tag-scb11-transformer","17":"product_tag-transformer-manufacturer","18":"desktop-align-left","19":"tablet-align-left","20":"mobile-align-left","22":"first","23":"instock","24":"shipping-taxable","25":"product-type-simple"},"_links":{"self":[{"href":"https:\/\/www.wonzh.com\/pt\/wp-json\/wp\/v2\/product\/2118","targetHints":{"allow":["GET"]}}],"collection":[{"href":"https:\/\/www.wonzh.com\/pt\/wp-json\/wp\/v2\/product"}],"about":[{"href":"https:\/\/www.wonzh.com\/pt\/wp-json\/wp\/v2\/types\/product"}],"replies":[{"embeddable":true,"href":"https:\/\/www.wonzh.com\/pt\/wp-json\/wp\/v2\/comments?post=2118"}],"wp:featuredmedia":[{"embeddable":true,"href":"https:\/\/www.wonzh.com\/pt\/wp-json\/wp\/v2\/media\/2120"}],"wp:attachment":[{"href":"https:\/\/www.wonzh.com\/pt\/wp-json\/wp\/v2\/media?parent=2118"}],"wp:term":[{"taxonomy":"product_brand","embeddable":true,"href":"https:\/\/www.wonzh.com\/pt\/wp-json\/wp\/v2\/product_brand?post=2118"},{"taxonomy":"product_cat","embeddable":true,"href":"https:\/\/www.wonzh.com\/pt\/wp-json\/wp\/v2\/product_cat?post=2118"},{"taxonomy":"product_tag","embeddable":true,"href":"https:\/\/www.wonzh.com\/pt\/wp-json\/wp\/v2\/product_tag?post=2118"}],"curies":[{"name":"wp","href":"https:\/\/api.w.org\/{rel}","templated":true}]}}