{"id":1923,"date":"2026-02-16T03:42:16","date_gmt":"2026-02-16T03:42:16","guid":{"rendered":"https:\/\/www.wonzh.com\/?post_type=product&#038;p=1923"},"modified":"2026-02-16T04:08:22","modified_gmt":"2026-02-16T04:08:22","slug":"high-strength-alloy-wire-rope-for-heavy-lifting","status":"publish","type":"product","link":"https:\/\/www.wonzh.com\/pt\/product\/high-strength-alloy-wire-rope-for-heavy-lifting\/","title":{"rendered":"Cabos de a\u00e7o de liga de alta resist\u00eancia para eleva\u00e7\u00e3o de cargas pesadas"},"content":{"rendered":"<p data-start=\"215\" data-end=\"667\">O nosso cabo de a\u00e7o de liga de alta resist\u00eancia foi concebido para aplica\u00e7\u00f5es exigentes de eleva\u00e7\u00e3o industrial, eleva\u00e7\u00e3o e aparelhamento. Constru\u00eddo a partir de uma liga de a\u00e7o de primeira qualidade, oferece uma resist\u00eancia \u00e0 tra\u00e7\u00e3o superior, excelente resist\u00eancia \u00e0 fadiga e uma longa vida \u00fatil sob cargas extremas. Concebido para opera\u00e7\u00f5es pesadas, este cabo de a\u00e7o garante a m\u00e1xima seguran\u00e7a e fiabilidade em aplica\u00e7\u00f5es industriais, de constru\u00e7\u00e3o, offshore e mineiras.<\/p>\n<p data-start=\"669\" data-end=\"1001\">O n\u00facleo de liga de a\u00e7o de alta resist\u00eancia proporciona uma capacidade de carga excecional, mantendo a flexibilidade e a resist\u00eancia. Cada cabo \u00e9 fabricado de acordo com normas de controlo de qualidade rigorosas para cumprir os requisitos internacionais de seguran\u00e7a e desempenho, o que o torna uma solu\u00e7\u00e3o de confian\u00e7a para os profissionais das ind\u00fastrias de eleva\u00e7\u00e3o e aparelhamento.<\/p>\n<hr data-start=\"1003\" data-end=\"1006\" \/>\n<h3 data-start=\"1008\" data-end=\"1031\"><strong data-start=\"1012\" data-end=\"1029\">Carater\u00edsticas principais:<\/strong><\/h3>\n<ul data-start=\"1032\" data-end=\"1439\">\n<li data-start=\"1032\" data-end=\"1104\">\n<p data-start=\"1034\" data-end=\"1104\">Constru\u00e7\u00e3o em liga de a\u00e7o de alta qualidade para m\u00e1xima resist\u00eancia e durabilidade<\/p>\n<\/li>\n<li data-start=\"1105\" data-end=\"1169\">\n<p data-start=\"1107\" data-end=\"1169\">Elevada resist\u00eancia \u00e0 tra\u00e7\u00e3o e \u00e0 fadiga para cargas pesadas<\/p>\n<\/li>\n<li data-start=\"1170\" data-end=\"1234\">\n<p data-start=\"1172\" data-end=\"1234\">Longa vida \u00fatil, mesmo em funcionamento cont\u00ednuo e pesado<\/p>\n<\/li>\n<li data-start=\"1235\" data-end=\"1308\">\n<p data-start=\"1237\" data-end=\"1308\">Design flex\u00edvel adequado para gruas, guindastes e m\u00e1quinas industriais<\/p>\n<\/li>\n<li data-start=\"1309\" data-end=\"1377\">\n<p data-start=\"1311\" data-end=\"1377\">Est\u00e1 em conformidade com as normas internacionais de seguran\u00e7a de eleva\u00e7\u00e3o e de eleva\u00e7\u00e3o de cargas<\/p>\n<\/li>\n<li data-start=\"1378\" data-end=\"1439\">\n<p data-start=\"1380\" data-end=\"1439\">Resistente \u00e0 abras\u00e3o, deforma\u00e7\u00e3o e tens\u00e3o mec\u00e2nica<\/p>\n<\/li>\n<\/ul>\n<hr data-start=\"1441\" data-end=\"1444\" \/>\n<h3 data-start=\"1446\" data-end=\"1480\"><strong data-start=\"1450\" data-end=\"1478\">Especifica\u00e7\u00f5es t\u00e9cnicas<\/strong><\/h3>\n<div class=\"TyagGW_tableContainer\">\n<div class=\"group TyagGW_tableWrapper flex flex-col-reverse w-fit\" tabindex=\"-1\">\n<table class=\"w-fit min-w-(--thread-content-width)\" data-start=\"1482\" data-end=\"2176\">\n<thead data-start=\"1482\" data-end=\"1519\">\n<tr data-start=\"1482\" data-end=\"1519\">\n<th class=\"\" data-start=\"1482\" data-end=\"1494\" data-col-size=\"sm\">Par\u00e2metro<\/th>\n<th class=\"\" data-start=\"1494\" data-end=\"1510\" data-col-size=\"md\">Especifica\u00e7\u00e3o<\/th>\n<th class=\"\" data-start=\"1510\" data-end=\"1519\" data-col-size=\"md\">Notas<\/th>\n<\/tr>\n<\/thead>\n<tbody data-start=\"1558\" data-end=\"2176\">\n<tr data-start=\"1558\" data-end=\"1639\">\n<td data-start=\"1558\" data-end=\"1569\" data-col-size=\"sm\">Material<\/td>\n<td data-start=\"1569\" data-end=\"1591\" data-col-size=\"md\">Liga de a\u00e7o de primeira qualidade<\/td>\n<td data-start=\"1591\" data-end=\"1639\" data-col-size=\"md\">Elevada resist\u00eancia \u00e0 tra\u00e7\u00e3o e \u00e0 fadiga<\/td>\n<\/tr>\n<tr data-start=\"1640\" data-end=\"1718\">\n<td data-start=\"1640\" data-end=\"1657\" data-col-size=\"sm\">Gama de di\u00e2metros<\/td>\n<td data-start=\"1657\" data-end=\"1672\" data-col-size=\"md\">8 mm - 36 mm<\/td>\n<td data-start=\"1672\" data-end=\"1718\" data-col-size=\"md\">Tamanhos padr\u00e3o; di\u00e2metros personalizados dispon\u00edveis<\/td>\n<\/tr>\n<tr data-start=\"1719\" data-end=\"1807\">\n<td data-start=\"1719\" data-end=\"1734\" data-col-size=\"sm\">Constru\u00e7\u00e3o<\/td>\n<td data-col-size=\"md\" data-start=\"1734\" data-end=\"1767\">Cord\u00f5es 6\u00d719, 6\u00d736, 7\u00d719, 1\u00d719<\/td>\n<td data-col-size=\"md\" data-start=\"1767\" data-end=\"1807\">Constru\u00e7\u00f5es flex\u00edveis ou semi-r\u00edgidas<\/td>\n<\/tr>\n<tr data-start=\"1808\" data-end=\"1881\">\n<td data-start=\"1808\" data-end=\"1824\" data-col-size=\"sm\">Carga de rutura<\/td>\n<td data-start=\"1824\" data-end=\"1839\" data-col-size=\"md\">2 - 150 toneladas<\/td>\n<td data-start=\"1839\" data-end=\"1881\" data-col-size=\"md\">Dependendo do di\u00e2metro e da constru\u00e7\u00e3o<\/td>\n<\/tr>\n<tr data-start=\"1882\" data-end=\"1962\">\n<td data-start=\"1882\" data-end=\"1892\" data-col-size=\"sm\">Revestimento<\/td>\n<td data-start=\"1892\" data-end=\"1929\" data-col-size=\"md\">Revestimento opcional galvanizado ou em PVC<\/td>\n<td data-start=\"1929\" data-end=\"1962\" data-col-size=\"md\">Aumenta a resist\u00eancia \u00e0 corros\u00e3o<\/td>\n<\/tr>\n<tr data-start=\"1963\" data-end=\"2056\">\n<td data-start=\"1963\" data-end=\"1983\" data-col-size=\"sm\">Gama de temperaturas<\/td>\n<td data-start=\"1983\" data-end=\"2001\" data-col-size=\"md\">-40\u00b0C a +150\u00b0C<\/td>\n<td data-start=\"2001\" data-end=\"2056\" data-col-size=\"md\">Depende do revestimento; adequado para condi\u00e7\u00f5es extremas<\/td>\n<\/tr>\n<tr data-start=\"2057\" data-end=\"2176\">\n<td data-start=\"2057\" data-end=\"2072\" data-col-size=\"sm\">Aplica\u00e7\u00f5es<\/td>\n<td data-start=\"2072\" data-end=\"2128\" data-col-size=\"md\">Eleva\u00e7\u00e3o de cargas pesadas, gruas, constru\u00e7\u00e3o, offshore, minas<\/td>\n<td data-start=\"2128\" data-end=\"2176\" data-col-size=\"md\">Concebida para opera\u00e7\u00f5es industriais exigentes<\/td>\n<\/tr>\n<\/tbody>\n<\/table>\n<\/div>\n<\/div>\n<blockquote data-start=\"2178\" data-end=\"2285\">\n<p data-start=\"2180\" data-end=\"2285\"><strong data-start=\"2180\" data-end=\"2189\">Nota:<\/strong> Est\u00e3o dispon\u00edveis di\u00e2metros, constru\u00e7\u00f5es e revestimentos personalizados para satisfazer requisitos especializados.<\/p>\n<\/blockquote>\n<hr data-start=\"2287\" data-end=\"2290\" \/>\n<h3 data-start=\"2292\" data-end=\"2323\"><strong data-start=\"2296\" data-end=\"2321\">Aplica\u00e7\u00f5es t\u00edpicas:<\/strong><\/h3>\n<ul data-start=\"2324\" data-end=\"2598\">\n<li data-start=\"2324\" data-end=\"2373\">\n<p data-start=\"2326\" data-end=\"2373\">Gruas industriais e eleva\u00e7\u00e3o de m\u00e1quinas pesadas<\/p>\n<\/li>\n<li data-start=\"2374\" data-end=\"2427\">\n<p data-start=\"2376\" data-end=\"2427\">Opera\u00e7\u00f5es de eleva\u00e7\u00e3o e de montagem em estaleiros de constru\u00e7\u00e3o<\/p>\n<\/li>\n<li data-start=\"2428\" data-end=\"2470\">\n<p data-start=\"2430\" data-end=\"2470\">Levantamento offshore e opera\u00e7\u00f5es mar\u00edtimas<\/p>\n<\/li>\n<li data-start=\"2471\" data-end=\"2525\">\n<p data-start=\"2473\" data-end=\"2525\">Opera\u00e7\u00f5es mineiras e manuseamento de materiais pesados<\/p>\n<\/li>\n<li data-start=\"2526\" data-end=\"2598\">\n<p data-start=\"2528\" data-end=\"2598\">Qualquer aplica\u00e7\u00e3o que exija solu\u00e7\u00f5es de eleva\u00e7\u00e3o de alta carga e alta resist\u00eancia<\/p>\n<\/li>\n<\/ul>\n<hr data-start=\"2600\" data-end=\"2603\" \/>\n<h3 data-start=\"2605\" data-end=\"2656\"><strong data-start=\"2609\" data-end=\"2654\">Porqu\u00ea escolher um cabo de a\u00e7o de liga de alta resist\u00eancia?<\/strong><\/h3>\n<p data-start=\"2657\" data-end=\"3096\">Os cabos de a\u00e7o de liga de alta resist\u00eancia proporcionam o equil\u00edbrio perfeito entre <strong data-start=\"2724\" data-end=\"2778\">capacidade de carga, flexibilidade e durabilidade<\/strong>. Ao contr\u00e1rio dos cabos de a\u00e7o normais, a composi\u00e7\u00e3o da liga melhora a resist\u00eancia \u00e0 fadiga, reduz o risco de falha sob tens\u00e3o repetida e prolonga a vida \u00fatil, mesmo em ambientes exigentes. Estas carater\u00edsticas tornam-no ideal para engenheiros e operadores que necessitam de um desempenho fi\u00e1vel em condi\u00e7\u00f5es e cargas extremas.<\/p>\n<hr data-start=\"3098\" data-end=\"3101\" \/>\n<h3 data-start=\"3103\" data-end=\"3145\"><strong data-start=\"3107\" data-end=\"3143\">Perguntas frequentes (FAQ)<\/strong><\/h3>\n<p data-start=\"3147\" data-end=\"3457\"><strong data-start=\"3147\" data-end=\"3230\">Q1: Em que \u00e9 que o cabo de a\u00e7o de liga de alta resist\u00eancia difere do cabo de a\u00e7o normal?<\/strong><br data-start=\"3230\" data-end=\"3233\" \/>R: Os cabos de a\u00e7o de liga s\u00e3o fabricados com ligas de a\u00e7o especializadas, que aumentam a resist\u00eancia \u00e0 tra\u00e7\u00e3o, a resist\u00eancia \u00e0 fadiga e a capacidade de carga. Os cabos de a\u00e7o normais s\u00e3o mais propensos a desgaste, deforma\u00e7\u00e3o e falha sob cargas pesadas.<\/p>\n<p data-start=\"3459\" data-end=\"3739\"><strong data-start=\"3459\" data-end=\"3518\">P2: Este cabo de a\u00e7o pode ser utilizado em ambientes extremos?<\/strong><br data-start=\"3518\" data-end=\"3521\" \/>R: Sim. Com revestimentos opcionais como a galvaniza\u00e7\u00e3o ou o PVC, o cabo de a\u00e7o pode suportar humidade elevada, exposi\u00e7\u00e3o ao ar livre, condi\u00e7\u00f5es mar\u00edtimas e tens\u00e3o mec\u00e2nica elevada. Tamb\u00e9m est\u00e3o dispon\u00edveis variantes resistentes \u00e0 temperatura.<\/p>\n<p data-start=\"3741\" data-end=\"4109\"><strong data-start=\"3741\" data-end=\"3822\">P3: Como selecciono o di\u00e2metro e a constru\u00e7\u00e3o corretos para a minha aplica\u00e7\u00e3o?<\/strong><br data-start=\"3822\" data-end=\"3825\" \/>R: A sele\u00e7\u00e3o depende da carga de rutura necess\u00e1ria, do raio de curvatura e das condi\u00e7\u00f5es operacionais. As constru\u00e7\u00f5es padr\u00e3o, como 6\u00d719, 6\u00d736 ou 7\u00d719, s\u00e3o adequadas para a maioria das aplica\u00e7\u00f5es pesadas. Contacte o fabricante para obter configura\u00e7\u00f5es personalizadas para cargas extremas ou opera\u00e7\u00f5es especializadas.<\/p>\n<hr data-start=\"4111\" data-end=\"4114\" \/>\n<p data-start=\"4116\" data-end=\"4369\">Este <strong data-start=\"4121\" data-end=\"4154\">Cabos de a\u00e7o de liga de alta resist\u00eancia<\/strong> \u00e9 a solu\u00e7\u00e3o ideal para profissionais que procuram <strong data-start=\"4205\" data-end=\"4266\">equipamento de eleva\u00e7\u00e3o fi\u00e1vel, duradouro e de elevado desempenho<\/strong>. A sele\u00e7\u00e3o, instala\u00e7\u00e3o e manuten\u00e7\u00e3o adequadas garantem a seguran\u00e7a e efici\u00eancia operacionais a longo prazo.<\/p>","protected":false},"excerpt":{"rendered":"<p>O nosso cabo de a\u00e7o de liga de alta resist\u00eancia foi concebido para aplica\u00e7\u00f5es exigentes de eleva\u00e7\u00e3o industrial, eleva\u00e7\u00e3o e aparelhamento. Constru\u00eddo a partir de uma liga de a\u00e7o de primeira qualidade, oferece uma resist\u00eancia \u00e0 tra\u00e7\u00e3o superior, excelente resist\u00eancia \u00e0 fadiga e uma longa vida \u00fatil sob cargas extremas.<\/p>","protected":false},"featured_media":1929,"comment_status":"open","ping_status":"closed","template":"","meta":{"site-sidebar-layout":"default","site-content-layout":"","ast-site-content-layout":"default","site-content-style":"default","site-sidebar-style":"default","ast-global-header-display":"","ast-banner-title-visibility":"","ast-main-header-display":"","ast-hfb-above-header-display":"","ast-hfb-below-header-display":"","ast-hfb-mobile-header-display":"","site-post-title":"","ast-breadcrumbs-content":"","ast-featured-img":"","footer-sml-layout":"","ast-disable-related-posts":"","theme-transparent-header-meta":"default","adv-header-id-meta":"","stick-header-meta":"default","header-above-stick-meta":"","header-main-stick-meta":"","header-below-stick-meta":"","astra-migrate-meta-layouts":"set","ast-page-background-enabled":"default","ast-page-background-meta":{"desktop":{"background-color":"","background-image":"","background-repeat":"repeat","background-position":"center center","background-size":"auto","background-attachment":"scroll","background-type":"","background-media":"","overlay-type":"","overlay-color":"","overlay-opacity":"","overlay-gradient":""},"tablet":{"background-color":"","background-image":"","background-repeat":"repeat","background-position":"center center","background-size":"auto","background-attachment":"scroll","background-type":"","background-media":"","overlay-type":"","overlay-color":"","overlay-opacity":"","overlay-gradient":""},"mobile":{"background-color":"","background-image":"","background-repeat":"repeat","background-position":"center center","background-size":"auto","background-attachment":"scroll","background-type":"","background-media":"","overlay-type":"","overlay-color":"","overlay-opacity":"","overlay-gradient":""}},"ast-content-background-meta":{"desktop":{"background-color":"var(--ast-global-color-5)","background-image":"","background-repeat":"repeat","background-position":"center center","background-size":"auto","background-attachment":"scroll","background-type":"","background-media":"","overlay-type":"","overlay-color":"","overlay-opacity":"","overlay-gradient":""},"tablet":{"background-color":"var(--ast-global-color-5)","background-image":"","background-repeat":"repeat","background-position":"center center","background-size":"auto","background-attachment":"scroll","background-type":"","background-media":"","overlay-type":"","overlay-color":"","overlay-opacity":"","overlay-gradient":""},"mobile":{"background-color":"var(--ast-global-color-5)","background-image":"","background-repeat":"repeat","background-position":"center center","background-size":"auto","background-attachment":"scroll","background-type":"","background-media":"","overlay-type":"","overlay-color":"","overlay-opacity":"","overlay-gradient":""}}},"product_brand":[],"product_cat":[22],"product_tag":[1639,1642,256,1645,1644,1646,1638,1647,1643,1637,1632,119,1641,1640,1627,1633],"class_list":{"0":"post-1923","1":"product","2":"type-product","3":"status-publish","4":"has-post-thumbnail","6":"product_cat-wire-rope-lifting-accessories","7":"product_tag-alloy-steel-wire-rope","8":"product_tag-construction-wire-rope","9":"product_tag-crane-wire-rope","10":"product_tag-durable-wire-rope","11":"product_tag-fatigue-resistant-wire-rope","12":"product_tag-galvanized-wire-rope","13":"product_tag-heavy-lifting-wire-rope","14":"product_tag-heavy-duty-lifting-equipment","15":"product_tag-high-load-wire-rope","16":"product_tag-high-strength-alloy-wire-rope","17":"product_tag-hoisting-wire-rope","18":"product_tag-industrial-wire-rope","19":"product_tag-mining-wire-rope","20":"product_tag-offshore-wire-rope","21":"product_tag-pvc-coated-wire-rope","22":"product_tag-rigging-wire-rope","23":"desktop-align-left","24":"tablet-align-left","25":"mobile-align-left","27":"first","28":"instock","29":"shipping-taxable","30":"product-type-simple"},"_links":{"self":[{"href":"https:\/\/www.wonzh.com\/pt\/wp-json\/wp\/v2\/product\/1923","targetHints":{"allow":["GET"]}}],"collection":[{"href":"https:\/\/www.wonzh.com\/pt\/wp-json\/wp\/v2\/product"}],"about":[{"href":"https:\/\/www.wonzh.com\/pt\/wp-json\/wp\/v2\/types\/product"}],"replies":[{"embeddable":true,"href":"https:\/\/www.wonzh.com\/pt\/wp-json\/wp\/v2\/comments?post=1923"}],"wp:featuredmedia":[{"embeddable":true,"href":"https:\/\/www.wonzh.com\/pt\/wp-json\/wp\/v2\/media\/1929"}],"wp:attachment":[{"href":"https:\/\/www.wonzh.com\/pt\/wp-json\/wp\/v2\/media?parent=1923"}],"wp:term":[{"taxonomy":"product_brand","embeddable":true,"href":"https:\/\/www.wonzh.com\/pt\/wp-json\/wp\/v2\/product_brand?post=1923"},{"taxonomy":"product_cat","embeddable":true,"href":"https:\/\/www.wonzh.com\/pt\/wp-json\/wp\/v2\/product_cat?post=1923"},{"taxonomy":"product_tag","embeddable":true,"href":"https:\/\/www.wonzh.com\/pt\/wp-json\/wp\/v2\/product_tag?post=1923"}],"curies":[{"name":"wp","href":"https:\/\/api.w.org\/{rel}","templated":true}]}}