{"id":1482,"date":"2026-02-03T15:21:10","date_gmt":"2026-02-03T15:21:10","guid":{"rendered":"https:\/\/www.wonzh.com\/?post_type=product&#038;p=1482"},"modified":"2026-02-05T15:53:46","modified_gmt":"2026-02-05T15:53:46","slug":"custom-wear-parts-for-industrial-machinery-and-heavy-duty-equipment","status":"publish","type":"product","link":"https:\/\/www.wonzh.com\/pt\/product\/custom-wear-parts-for-industrial-machinery-and-heavy-duty-equipment\/","title":{"rendered":"Pe\u00e7as de desgaste personalizadas para maquinaria industrial e equipamento pesado"},"content":{"rendered":"<p data-start=\"585\" data-end=\"965\">As pe\u00e7as de desgaste personalizadas fornecidas pela Wonzh s\u00e3o projetadas para atender aos requisitos exclusivos de m\u00e1quinas industriais que operam em condi\u00e7\u00f5es de alto desgaste, alto impacto e corros\u00e3o. Nossas solu\u00e7\u00f5es s\u00e3o amplamente utilizadas em equipamentos de minera\u00e7\u00e3o, cimento, a\u00e7o, manuseio de materiais, constru\u00e7\u00e3o e processamento qu\u00edmico para prolongar a vida \u00fatil, reduzir o tempo de inatividade e melhorar a efici\u00eancia operacional.<\/p>\n<p data-start=\"967\" data-end=\"1361\">Somos especializados na produ\u00e7\u00e3o de componentes resistentes ao desgaste totalmente personalizados, utilizando materiais como a\u00e7o-carbono, a\u00e7o-liga, a\u00e7o inoxid\u00e1vel, a\u00e7o de alto cromo, cer\u00e2mica e ligas de revestimento duro. T\u00e9cnicas avan\u00e7adas de fabrico, incluindo maquinagem CNC, corte a laser, soldadura, revestimento duro, revestimento cer\u00e2mico e acabamento de superf\u00edcies, garantem precis\u00e3o, durabilidade e desempenho fi\u00e1vel.<\/p>\n<p data-start=\"1363\" data-end=\"1566\">A Wonzh suporta tamanhos, formas, espessuras e tratamentos de superf\u00edcie personalizados, bem como pe\u00e7as de substitui\u00e7\u00e3o OEM, fornecendo apoio de engenharia de ponta a ponta, desde a sele\u00e7\u00e3o do material at\u00e9 \u00e0 produ\u00e7\u00e3o final.<\/p>\n<h2 data-start=\"1573\" data-end=\"1592\"><strong data-start=\"1576\" data-end=\"1592\">Carater\u00edsticas principais<\/strong><\/h2>\n<ul data-start=\"1594\" data-end=\"1901\">\n<li data-start=\"1594\" data-end=\"1652\">\n<p data-start=\"1596\" data-end=\"1652\">Dimens\u00f5es, materiais e geometrias totalmente personalizados<\/p>\n<\/li>\n<li data-start=\"1653\" data-end=\"1699\">\n<p data-start=\"1655\" data-end=\"1699\">Elevada resist\u00eancia ao desgaste, \u00e0 abras\u00e3o e ao impacto<\/p>\n<\/li>\n<li data-start=\"1700\" data-end=\"1746\">\n<p data-start=\"1702\" data-end=\"1746\">Compat\u00edvel com m\u00e1quinas padr\u00e3o e OEM<\/p>\n<\/li>\n<li data-start=\"1747\" data-end=\"1796\">\n<p data-start=\"1749\" data-end=\"1796\">Dur\u00e1vel em condi\u00e7\u00f5es de funcionamento intensivo<\/p>\n<\/li>\n<li data-start=\"1797\" data-end=\"1854\">\n<p data-start=\"1799\" data-end=\"1854\">Suporte para prot\u00f3tipos, pequenos lotes e produ\u00e7\u00e3o em massa<\/p>\n<\/li>\n<li data-start=\"1855\" data-end=\"1901\">\n<p data-start=\"1857\" data-end=\"1901\">Reduz a frequ\u00eancia de manuten\u00e7\u00e3o e o tempo de inatividade<\/p>\n<\/li>\n<\/ul>\n<h2 data-start=\"1908\" data-end=\"1935\"><strong data-start=\"1911\" data-end=\"1935\">Aplica\u00e7\u00f5es t\u00edpicas<\/strong><\/h2>\n<ul data-start=\"1937\" data-end=\"2183\">\n<li data-start=\"1937\" data-end=\"1964\">\n<p data-start=\"1939\" data-end=\"1964\">Revestimentos para trituradores e moinhos<\/p>\n<\/li>\n<li data-start=\"1965\" data-end=\"2009\">\n<p data-start=\"1967\" data-end=\"2009\">Tremonhas, calhas e componentes de transportadores<\/p>\n<\/li>\n<li data-start=\"2010\" data-end=\"2044\">\n<p data-start=\"2012\" data-end=\"2044\">Pe\u00e7as de bombas e de manuseamento de lamas<\/p>\n<\/li>\n<li data-start=\"2045\" data-end=\"2102\">\n<p data-start=\"2047\" data-end=\"2102\">M\u00e1quinas de explora\u00e7\u00e3o mineira, constru\u00e7\u00e3o e manuseamento de materiais<\/p>\n<\/li>\n<li data-start=\"2103\" data-end=\"2139\">\n<p data-start=\"2105\" data-end=\"2139\">Equipamento para f\u00e1bricas de a\u00e7o e cimento<\/p>\n<\/li>\n<li data-start=\"2140\" data-end=\"2183\">\n<p data-start=\"2142\" data-end=\"2183\">Equipamentos qu\u00edmicos e de produ\u00e7\u00e3o de energia<\/p>\n<\/li>\n<\/ul>\n<h2 data-start=\"2190\" data-end=\"2229\"><strong data-start=\"2193\" data-end=\"2229\">Tipos de pe\u00e7as de desgaste personalizadas que fornecemos<\/strong><\/h2>\n<div class=\"TyagGW_tableContainer\">\n<div class=\"group TyagGW_tableWrapper flex flex-col-reverse w-fit\" tabindex=\"-1\">\n<table class=\"w-fit min-w-(--thread-content-width)\" data-start=\"2231\" data-end=\"2861\">\n<thead data-start=\"2231\" data-end=\"2277\">\n<tr data-start=\"2231\" data-end=\"2277\">\n<th data-start=\"2231\" data-end=\"2248\" data-col-size=\"sm\">Tipo de componente<\/th>\n<th data-start=\"2248\" data-end=\"2262\" data-col-size=\"md\">Descri\u00e7\u00e3o<\/th>\n<th data-start=\"2262\" data-end=\"2277\" data-col-size=\"sm\">Utiliza\u00e7\u00e3o t\u00edpica<\/th>\n<\/tr>\n<\/thead>\n<tbody data-start=\"2292\" data-end=\"2861\">\n<tr data-start=\"2292\" data-end=\"2407\">\n<td data-start=\"2292\" data-end=\"2326\" data-col-size=\"sm\"><strong data-start=\"2294\" data-end=\"2325\">Placas de desgaste \/ revestimentos personalizados<\/strong><\/td>\n<td data-start=\"2326\" data-end=\"2378\" data-col-size=\"md\">Placas adaptadas com materiais resistentes \u00e0 abras\u00e3o<\/td>\n<td data-start=\"2378\" data-end=\"2407\" data-col-size=\"sm\">Tremonhas, calhas, trituradores<\/td>\n<\/tr>\n<tr data-start=\"2408\" data-end=\"2517\">\n<td data-start=\"2408\" data-end=\"2434\" data-col-size=\"sm\"><strong data-start=\"2410\" data-end=\"2433\">Pe\u00e7as revestidas a cer\u00e2mica<\/strong><\/td>\n<td data-start=\"2434\" data-end=\"2483\" data-col-size=\"md\">Pe\u00e7as met\u00e1licas com pastilhas de cer\u00e2mica de elevada dureza<\/td>\n<td data-start=\"2483\" data-end=\"2517\" data-col-size=\"sm\">Manuseamento de lamas, moinhos, calhas<\/td>\n<\/tr>\n<tr data-start=\"2518\" data-end=\"2629\">\n<td data-start=\"2518\" data-end=\"2546\" data-col-size=\"sm\"><strong data-start=\"2520\" data-end=\"2545\">Componentes de revestimento duro<\/strong><\/td>\n<td data-start=\"2546\" data-end=\"2601\" data-col-size=\"md\">Componentes com camada de revestimento duro soldada ou depositada<\/td>\n<td data-start=\"2601\" data-end=\"2629\" data-col-size=\"sm\">Trituradores, alimentadores, bombas<\/td>\n<\/tr>\n<tr data-start=\"2630\" data-end=\"2754\">\n<td data-start=\"2630\" data-end=\"2658\" data-col-size=\"sm\"><strong data-start=\"2632\" data-end=\"2657\">Pe\u00e7as de substitui\u00e7\u00e3o OEM<\/strong><\/td>\n<td data-start=\"2658\" data-end=\"2710\" data-col-size=\"md\">Componentes maquinados por medida para m\u00e1quinas espec\u00edficas<\/td>\n<td data-start=\"2710\" data-end=\"2754\" data-col-size=\"sm\">Equipamento mineiro, de constru\u00e7\u00e3o e qu\u00edmico<\/td>\n<\/tr>\n<tr data-start=\"2755\" data-end=\"2861\">\n<td data-start=\"2755\" data-end=\"2790\" data-col-size=\"sm\"><strong data-start=\"2757\" data-end=\"2789\">Pe\u00e7as de desgaste fabricadas \u00e0 medida<\/strong><\/td>\n<td data-start=\"2790\" data-end=\"2825\" data-col-size=\"md\">Concebido de acordo com os desenhos<\/td>\n<td data-start=\"2825\" data-end=\"2861\" data-col-size=\"sm\">M\u00e1quinas industriais especializadas<\/td>\n<\/tr>\n<\/tbody>\n<\/table>\n<\/div>\n<\/div>\n<h2 data-start=\"2868\" data-end=\"2920\"><strong data-start=\"2871\" data-end=\"2918\">Par\u00e2metros t\u00e9cnicos (Gama representativa)<\/strong><\/h2>\n<div class=\"TyagGW_tableContainer\">\n<div class=\"group TyagGW_tableWrapper flex flex-col-reverse w-fit\" tabindex=\"-1\">\n<table class=\"w-fit min-w-(--thread-content-width)\" data-start=\"2922\" data-end=\"3428\">\n<thead data-start=\"2922\" data-end=\"2959\">\n<tr data-start=\"2922\" data-end=\"2959\">\n<th data-start=\"2922\" data-end=\"2934\" data-col-size=\"sm\">Par\u00e2metro<\/th>\n<th data-start=\"2934\" data-end=\"2959\" data-col-size=\"md\">Especifica\u00e7\u00e3o \/ Gama<\/th>\n<\/tr>\n<\/thead>\n<tbody data-start=\"2970\" data-end=\"3428\">\n<tr data-start=\"2970\" data-end=\"3061\">\n<td data-start=\"2970\" data-end=\"2986\" data-col-size=\"sm\">Material de base<\/td>\n<td data-start=\"2986\" data-end=\"3061\" data-col-size=\"md\">A\u00e7o-carbono, a\u00e7o-liga, a\u00e7o inoxid\u00e1vel, a\u00e7o com elevado teor de cr\u00f3mio, cer\u00e2mica<\/td>\n<\/tr>\n<tr data-start=\"3062\" data-end=\"3156\">\n<td data-start=\"3062\" data-end=\"3084\" data-col-size=\"sm\">Revestimento \/ Revestimento<\/td>\n<td data-start=\"3084\" data-end=\"3156\" data-col-size=\"md\">Carboneto de cr\u00f3mio, carboneto de tungst\u00e9nio, Stellite, alumina, zirc\u00f3nio, SiC<\/td>\n<\/tr>\n<tr data-start=\"3157\" data-end=\"3201\">\n<td data-start=\"3157\" data-end=\"3169\" data-col-size=\"sm\">Espessura<\/td>\n<td data-start=\"3169\" data-end=\"3201\" data-col-size=\"md\">2 mm - 100 mm (personaliz\u00e1vel)<\/td>\n<\/tr>\n<tr data-start=\"3202\" data-end=\"3261\">\n<td data-start=\"3202\" data-end=\"3219\" data-col-size=\"sm\">Tamanho do componente<\/td>\n<td data-start=\"3219\" data-end=\"3261\" data-col-size=\"md\">At\u00e9 3000 mm \u00d7 1500 mm (personaliz\u00e1vel)<\/td>\n<\/tr>\n<tr data-start=\"3262\" data-end=\"3327\">\n<td data-start=\"3262\" data-end=\"3281\" data-col-size=\"sm\">Dureza da superf\u00edcie<\/td>\n<td data-start=\"3281\" data-end=\"3327\" data-col-size=\"md\">HRC 40 - 65 (metal), HRA 85 - 92 (cer\u00e2mica)<\/td>\n<\/tr>\n<tr data-start=\"3328\" data-end=\"3389\">\n<td data-start=\"3328\" data-end=\"3346\" data-col-size=\"sm\">Tipo de produ\u00e7\u00e3o<\/td>\n<td data-start=\"3346\" data-end=\"3389\" data-col-size=\"md\">Prot\u00f3tipo, pequeno lote, produ\u00e7\u00e3o em massa<\/td>\n<\/tr>\n<tr data-start=\"3390\" data-end=\"3428\">\n<td data-start=\"3390\" data-end=\"3412\" data-col-size=\"sm\">Normas suportadas<\/td>\n<td data-start=\"3412\" data-end=\"3428\" data-col-size=\"md\">ISO, DIN, GB<\/td>\n<\/tr>\n<\/tbody>\n<\/table>\n<\/div>\n<\/div>\n<h2 data-start=\"3435\" data-end=\"3482\"><strong data-start=\"3438\" data-end=\"3482\">Guia de sele\u00e7\u00e3o de materiais e solu\u00e7\u00f5es de desgaste<\/strong><\/h2>\n<div class=\"TyagGW_tableContainer\">\n<div class=\"group TyagGW_tableWrapper flex flex-col-reverse w-fit\" tabindex=\"-1\">\n<table class=\"w-fit min-w-(--thread-content-width)\" data-start=\"3484\" data-end=\"4035\">\n<thead data-start=\"3484\" data-end=\"3523\">\n<tr data-start=\"3484\" data-end=\"3523\">\n<th data-start=\"3484\" data-end=\"3495\" data-col-size=\"sm\">Material<\/th>\n<th data-start=\"3495\" data-end=\"3508\" data-col-size=\"md\">Vantagens<\/th>\n<th data-start=\"3508\" data-end=\"3523\" data-col-size=\"sm\">Utiliza\u00e7\u00e3o t\u00edpica<\/th>\n<\/tr>\n<\/thead>\n<tbody data-start=\"3538\" data-end=\"4035\">\n<tr data-start=\"3538\" data-end=\"3623\">\n<td data-start=\"3538\" data-end=\"3553\" data-col-size=\"sm\">A\u00e7o carbono<\/td>\n<td data-start=\"3553\" data-end=\"3596\" data-col-size=\"md\">Econ\u00f3mica, resist\u00eancia moderada ao desgaste<\/td>\n<td data-start=\"3596\" data-end=\"3623\" data-col-size=\"sm\">Prote\u00e7\u00e3o geral contra o desgaste<\/td>\n<\/tr>\n<tr data-start=\"3624\" data-end=\"3698\">\n<td data-start=\"3624\" data-end=\"3638\" data-col-size=\"sm\">A\u00e7o de liga leve<\/td>\n<td data-start=\"3638\" data-end=\"3674\" data-col-size=\"md\">Elevada dureza, resist\u00eancia ao impacto<\/td>\n<td data-start=\"3674\" data-end=\"3698\" data-col-size=\"sm\">M\u00e1quinas pesadas<\/td>\n<\/tr>\n<tr data-start=\"3699\" data-end=\"3782\">\n<td data-start=\"3699\" data-end=\"3717\" data-col-size=\"sm\">A\u00e7o inoxid\u00e1vel<\/td>\n<td data-start=\"3717\" data-end=\"3739\" data-col-size=\"md\">Resistente \u00e0 corros\u00e3o<\/td>\n<td data-start=\"3739\" data-end=\"3782\" data-col-size=\"sm\">Ambientes qu\u00edmicos, alimentares e marinhos<\/td>\n<\/tr>\n<tr data-start=\"3783\" data-end=\"3861\">\n<td data-start=\"3783\" data-end=\"3803\" data-col-size=\"sm\">A\u00e7o com alto teor de cromo<\/td>\n<td data-start=\"3803\" data-end=\"3833\" data-col-size=\"md\">M\u00e1xima resist\u00eancia \u00e0 abras\u00e3o<\/td>\n<td data-start=\"3833\" data-end=\"3861\" data-col-size=\"sm\">Moinhos, trituradores, tremonhas<\/td>\n<\/tr>\n<tr data-start=\"3862\" data-end=\"3940\">\n<td data-start=\"3862\" data-end=\"3873\" data-col-size=\"sm\">Cer\u00e2mica<\/td>\n<td data-start=\"3873\" data-end=\"3906\" data-col-size=\"md\">Extremamente duro, resistente ao desgaste<\/td>\n<td data-start=\"3906\" data-end=\"3940\" data-col-size=\"sm\">Manuseamento de lamas, calhas, moinhos<\/td>\n<\/tr>\n<tr data-start=\"3941\" data-end=\"4035\">\n<td data-start=\"3941\" data-end=\"3961\" data-col-size=\"sm\">Ligas de revestimento duro<\/td>\n<td data-start=\"3961\" data-end=\"4007\" data-col-size=\"md\">Elevada dureza superficial e resist\u00eancia ao impacto<\/td>\n<td data-start=\"4007\" data-end=\"4035\" data-col-size=\"sm\">Trituradores, bombas, alimentadores<\/td>\n<\/tr>\n<\/tbody>\n<\/table>\n<\/div>\n<\/div>\n<h2 data-start=\"4042\" data-end=\"4065\"><strong data-start=\"4045\" data-end=\"4065\">Por que escolher a Wonzh<\/strong><\/h2>\n<ul data-start=\"4067\" data-end=\"4423\">\n<li data-start=\"4067\" data-end=\"4119\">\n<p data-start=\"4069\" data-end=\"4119\">Engenharia personalizada para solu\u00e7\u00f5es de desgaste industrial<\/p>\n<\/li>\n<li data-start=\"4120\" data-end=\"4197\">\n<p data-start=\"4122\" data-end=\"4197\">Vasta gama de materiais, tratamentos de superf\u00edcie e t\u00e9cnicas de fabrico<\/p>\n<\/li>\n<li data-start=\"4198\" data-end=\"4264\">\n<p data-start=\"4200\" data-end=\"4264\">Maquina\u00e7\u00e3o de precis\u00e3o e inspe\u00e7\u00e3o de alta qualidade para maior durabilidade<\/p>\n<\/li>\n<li data-start=\"4265\" data-end=\"4317\">\n<p data-start=\"4267\" data-end=\"4317\">Suporte para OEM e m\u00e1quinas industriais especializadas<\/p>\n<\/li>\n<li data-start=\"4318\" data-end=\"4367\">\n<p data-start=\"4320\" data-end=\"4367\">Reduz o desgaste, o tempo de inatividade e os custos de manuten\u00e7\u00e3o<\/p>\n<\/li>\n<li data-start=\"4368\" data-end=\"4423\">\n<p data-start=\"4370\" data-end=\"4423\">Do prot\u00f3tipo \u00e0 produ\u00e7\u00e3o em massa com entrega fi\u00e1vel<\/p>\n<\/li>\n<\/ul>\n<h2 data-start=\"4430\" data-end=\"4471\"><strong data-start=\"4433\" data-end=\"4469\">Perguntas frequentes (FAQ)<\/strong><\/h2>\n<h3 data-start=\"4473\" data-end=\"4542\"><strong data-start=\"4477\" data-end=\"4540\">Q1: Podem produzir pe\u00e7as personalizadas para a minha maquinaria espec\u00edfica?<\/strong><\/h3>\n<p data-start=\"4543\" data-end=\"4632\">Sim. Fabricamos pe\u00e7as de desgaste com base em <strong data-start=\"4583\" data-end=\"4629\">desenhos, ficheiros CAD ou especifica\u00e7\u00f5es OEM<\/strong>.<\/p>\n<h3 data-start=\"4634\" data-end=\"4700\"><strong data-start=\"4638\" data-end=\"4698\">Q2: Que materiais est\u00e3o dispon\u00edveis para pe\u00e7as de desgaste personalizadas?<\/strong><\/h3>\n<p data-start=\"4701\" data-end=\"4820\">Os materiais incluem <strong data-start=\"4719\" data-end=\"4817\">a\u00e7o-carbono, ligas de a\u00e7o, a\u00e7o inoxid\u00e1vel, a\u00e7o com elevado teor de cr\u00f3mio, cer\u00e2mica e ligas de revestimento duro<\/strong>.<\/p>\n<h3 data-start=\"4822\" data-end=\"4871\"><strong data-start=\"4826\" data-end=\"4869\">Q3: Podem efetuar tratamentos de superf\u00edcie?<\/strong><\/h3>\n<p data-start=\"4872\" data-end=\"4987\">Sim. As op\u00e7\u00f5es incluem <strong data-start=\"4893\" data-end=\"4961\">revestimento duro, revestimento cer\u00e2mico, tratamento t\u00e9rmico, revestimento e galvaniza\u00e7\u00e3o<\/strong> para aumentar a durabilidade.<\/p>\n<h3 data-start=\"4989\" data-end=\"5050\"><strong data-start=\"4993\" data-end=\"5048\">Q4: Que ind\u00fastrias utilizam habitualmente pe\u00e7as de desgaste personalizadas?<\/strong><\/h3>\n<p data-start=\"5051\" data-end=\"5162\">Ind\u00fastrias de minera\u00e7\u00e3o, cimento, a\u00e7o, constru\u00e7\u00e3o, manuseamento de materiais, processamento qu\u00edmico e produ\u00e7\u00e3o de energia.<\/p>\n<h3 data-start=\"5164\" data-end=\"5231\"><strong data-start=\"5168\" data-end=\"5229\">Q5: Podem trabalhar com componentes personalizados de grandes dimens\u00f5es ou pesados?<\/strong><\/h3>\n<p data-start=\"5232\" data-end=\"5347\">Sim. A nossa capacidade de fabrico suporta <strong data-start=\"5275\" data-end=\"5344\">Componentes industriais de grande dimens\u00e3o, de elevada espessura e para servi\u00e7os pesados<\/strong>.<\/p>","protected":false},"excerpt":{"rendered":"<p>As pe\u00e7as de desgaste personalizadas fornecidas pela Wonzh s\u00e3o projetadas para atender aos requisitos exclusivos de m\u00e1quinas industriais que operam em condi\u00e7\u00f5es de alto desgaste, alto impacto e corros\u00e3o. Nossas solu\u00e7\u00f5es s\u00e3o amplamente utilizadas em equipamentos de minera\u00e7\u00e3o, cimento, a\u00e7o, manuseio de materiais, constru\u00e7\u00e3o e processamento qu\u00edmico para prolongar a vida \u00fatil, reduzir o tempo de inatividade e melhorar a efici\u00eancia operacional.<\/p>","protected":false},"featured_media":1551,"comment_status":"open","ping_status":"closed","template":"","meta":{"site-sidebar-layout":"default","site-content-layout":"","ast-site-content-layout":"default","site-content-style":"default","site-sidebar-style":"default","ast-global-header-display":"","ast-banner-title-visibility":"","ast-main-header-display":"","ast-hfb-above-header-display":"","ast-hfb-below-header-display":"","ast-hfb-mobile-header-display":"","site-post-title":"","ast-breadcrumbs-content":"","ast-featured-img":"","footer-sml-layout":"","ast-disable-related-posts":"","theme-transparent-header-meta":"default","adv-header-id-meta":"","stick-header-meta":"default","header-above-stick-meta":"","header-main-stick-meta":"","header-below-stick-meta":"","astra-migrate-meta-layouts":"set","ast-page-background-enabled":"default","ast-page-background-meta":{"desktop":{"background-color":"","background-image":"","background-repeat":"repeat","background-position":"center center","background-size":"auto","background-attachment":"scroll","background-type":"","background-media":"","overlay-type":"","overlay-color":"","overlay-opacity":"","overlay-gradient":""},"tablet":{"background-color":"","background-image":"","background-repeat":"repeat","background-position":"center center","background-size":"auto","background-attachment":"scroll","background-type":"","background-media":"","overlay-type":"","overlay-color":"","overlay-opacity":"","overlay-gradient":""},"mobile":{"background-color":"","background-image":"","background-repeat":"repeat","background-position":"center center","background-size":"auto","background-attachment":"scroll","background-type":"","background-media":"","overlay-type":"","overlay-color":"","overlay-opacity":"","overlay-gradient":""}},"ast-content-background-meta":{"desktop":{"background-color":"var(--ast-global-color-5)","background-image":"","background-repeat":"repeat","background-position":"center center","background-size":"auto","background-attachment":"scroll","background-type":"","background-media":"","overlay-type":"","overlay-color":"","overlay-opacity":"","overlay-gradient":""},"tablet":{"background-color":"var(--ast-global-color-5)","background-image":"","background-repeat":"repeat","background-position":"center center","background-size":"auto","background-attachment":"scroll","background-type":"","background-media":"","overlay-type":"","overlay-color":"","overlay-opacity":"","overlay-gradient":""},"mobile":{"background-color":"var(--ast-global-color-5)","background-image":"","background-repeat":"repeat","background-position":"center center","background-size":"auto","background-attachment":"scroll","background-type":"","background-media":"","overlay-type":"","overlay-color":"","overlay-opacity":"","overlay-gradient":""}}},"product_brand":[],"product_cat":[24],"product_tag":[456,428,355,458,343,457,453,441,352,420,454,436,459,455,438],"class_list":{"0":"post-1482","1":"product","2":"type-product","3":"status-publish","4":"has-post-thumbnail","6":"product_cat-wear-parts-wear-components","7":"product_tag-abrasion-resistant-components","8":"product_tag-ceramic-lined-parts","9":"product_tag-china-wear-parts-manufacturer","10":"product_tag-cnc-wear-components","11":"product_tag-crusher-liners","12":"product_tag-custom-machined-wear-parts","13":"product_tag-custom-wear-parts","14":"product_tag-hardfacing-components","15":"product_tag-heavy-duty-machinery-parts","16":"product_tag-hopper-liners","17":"product_tag-industrial-wear-parts","18":"product_tag-mill-liners","19":"product_tag-mining-equipment-parts","20":"product_tag-oem-replacement-parts","21":"product_tag-slurry-handling-parts","22":"desktop-align-left","23":"tablet-align-left","24":"mobile-align-left","26":"first","27":"instock","28":"shipping-taxable","29":"product-type-simple"},"_links":{"self":[{"href":"https:\/\/www.wonzh.com\/pt\/wp-json\/wp\/v2\/product\/1482","targetHints":{"allow":["GET"]}}],"collection":[{"href":"https:\/\/www.wonzh.com\/pt\/wp-json\/wp\/v2\/product"}],"about":[{"href":"https:\/\/www.wonzh.com\/pt\/wp-json\/wp\/v2\/types\/product"}],"replies":[{"embeddable":true,"href":"https:\/\/www.wonzh.com\/pt\/wp-json\/wp\/v2\/comments?post=1482"}],"wp:featuredmedia":[{"embeddable":true,"href":"https:\/\/www.wonzh.com\/pt\/wp-json\/wp\/v2\/media\/1551"}],"wp:attachment":[{"href":"https:\/\/www.wonzh.com\/pt\/wp-json\/wp\/v2\/media?parent=1482"}],"wp:term":[{"taxonomy":"product_brand","embeddable":true,"href":"https:\/\/www.wonzh.com\/pt\/wp-json\/wp\/v2\/product_brand?post=1482"},{"taxonomy":"product_cat","embeddable":true,"href":"https:\/\/www.wonzh.com\/pt\/wp-json\/wp\/v2\/product_cat?post=1482"},{"taxonomy":"product_tag","embeddable":true,"href":"https:\/\/www.wonzh.com\/pt\/wp-json\/wp\/v2\/product_tag?post=1482"}],"curies":[{"name":"wp","href":"https:\/\/api.w.org\/{rel}","templated":true}]}}