{"id":1480,"date":"2026-02-03T15:17:38","date_gmt":"2026-02-03T15:17:38","guid":{"rendered":"https:\/\/www.wonzh.com\/?post_type=product&#038;p=1480"},"modified":"2026-02-05T15:25:42","modified_gmt":"2026-02-05T15:25:42","slug":"ceramic-lined-parts-for-abrasion-resistant-industrial-applications","status":"publish","type":"product","link":"https:\/\/www.wonzh.com\/pt\/product\/ceramic-lined-parts-for-abrasion-resistant-industrial-applications\/","title":{"rendered":"Pe\u00e7as com revestimento cer\u00e2mico para aplica\u00e7\u00f5es industriais resistentes \u00e0 abras\u00e3o"},"content":{"rendered":"<p data-start=\"580\" data-end=\"910\">As pe\u00e7as revestidas de cer\u00e2mica fornecidas pela Wonzh s\u00e3o projetadas para suportar abras\u00e3o severa, alto impacto e ambientes corrosivos em m\u00e1quinas industriais. Essas pe\u00e7as s\u00e3o amplamente utilizadas em equipamentos de minera\u00e7\u00e3o, cimento, a\u00e7o, processamento qu\u00edmico, gera\u00e7\u00e3o de energia e manuseio de materiais para prolongar a vida \u00fatil de componentes de alto desgaste.<\/p>\n<p data-start=\"912\" data-end=\"1304\">As nossas pe\u00e7as combinam uma base met\u00e1lica resistente (a\u00e7o-carbono, a\u00e7o-liga ou a\u00e7o inoxid\u00e1vel) com um revestimento cer\u00e2mico de alta qualidade, que proporciona uma dureza, resist\u00eancia ao desgaste e toler\u00e2ncia ao impacto excepcionais. Os processos de fabrico incluem maquinagem CNC de precis\u00e3o, incorpora\u00e7\u00e3o de cer\u00e2mica, colagem e acabamento da superf\u00edcie, garantindo que o revestimento \u00e9 dur\u00e1vel, uniforme e est\u00e1 firmemente ligado \u00e0 base.<\/p>\n<p data-start=\"1306\" data-end=\"1612\">A Wonzh oferece pe\u00e7as revestidas de cer\u00e2mica padr\u00e3o e personalizadas, projetadas de acordo com as especifica\u00e7\u00f5es do cliente, requisitos do OEM ou modelos de equipamentos. A nossa equipa t\u00e9cnica aconselha sobre a sele\u00e7\u00e3o do material cer\u00e2mico, espessura, geometria e t\u00e9cnicas de liga\u00e7\u00e3o para otimizar o desempenho em condi\u00e7\u00f5es de funcionamento dif\u00edceis.<\/p>\n<h2 data-start=\"1619\" data-end=\"1638\"><strong data-start=\"1622\" data-end=\"1638\">Carater\u00edsticas principais<\/strong><\/h2>\n<ul data-start=\"1640\" data-end=\"1959\">\n<li data-start=\"1640\" data-end=\"1681\">\n<p data-start=\"1642\" data-end=\"1681\">Resist\u00eancia superior ao desgaste e \u00e0 abras\u00e3o<\/p>\n<\/li>\n<li data-start=\"1682\" data-end=\"1719\">\n<p data-start=\"1684\" data-end=\"1719\">Resistente ao impacto e \u00e0 corros\u00e3o<\/p>\n<\/li>\n<li data-start=\"1720\" data-end=\"1780\">\n<p data-start=\"1722\" data-end=\"1780\">Maquina\u00e7\u00e3o de alta precis\u00e3o para um ajuste e funcionamento consistentes<\/p>\n<\/li>\n<li data-start=\"1781\" data-end=\"1836\">\n<p data-start=\"1783\" data-end=\"1836\">Formas, tamanhos e espessuras de cer\u00e2mica personaliz\u00e1veis<\/p>\n<\/li>\n<li data-start=\"1837\" data-end=\"1894\">\n<p data-start=\"1839\" data-end=\"1894\">Suporte para prot\u00f3tipos, pequenos lotes e produ\u00e7\u00e3o em massa<\/p>\n<\/li>\n<li data-start=\"1895\" data-end=\"1959\">\n<p data-start=\"1897\" data-end=\"1959\">Prolonga a vida \u00fatil do equipamento e reduz os custos de manuten\u00e7\u00e3o<\/p>\n<\/li>\n<\/ul>\n<h2 data-start=\"1966\" data-end=\"1993\"><strong data-start=\"1969\" data-end=\"1993\">Aplica\u00e7\u00f5es t\u00edpicas<\/strong><\/h2>\n<ul data-start=\"1995\" data-end=\"2334\">\n<li data-start=\"1995\" data-end=\"2062\">\n<p data-start=\"1997\" data-end=\"2062\">Calhas, tremonhas e tubos de alimenta\u00e7\u00e3o nas ind\u00fastrias mineira e cimenteira<\/p>\n<\/li>\n<li data-start=\"2063\" data-end=\"2112\">\n<p data-start=\"2065\" data-end=\"2112\">Revestimentos de desgaste para moinhos, trituradores e trituradores<\/p>\n<\/li>\n<li data-start=\"2113\" data-end=\"2158\">\n<p data-start=\"2115\" data-end=\"2158\">Bombas e v\u00e1lvulas para o manuseamento de lamas abrasivas<\/p>\n<\/li>\n<li data-start=\"2159\" data-end=\"2210\">\n<p data-start=\"2161\" data-end=\"2210\">Equipamento de manuseamento de materiais e de processamento a granel<\/p>\n<\/li>\n<li data-start=\"2211\" data-end=\"2266\">\n<p data-start=\"2213\" data-end=\"2266\">M\u00e1quinas de produ\u00e7\u00e3o de eletricidade e condutas industriais<\/p>\n<\/li>\n<li data-start=\"2267\" data-end=\"2334\">\n<p data-start=\"2269\" data-end=\"2334\">Equipamento qu\u00edmico e de processamento exposto ao desgaste e \u00e0 corros\u00e3o<\/p>\n<\/li>\n<\/ul>\n<h2 data-start=\"2341\" data-end=\"2382\"><strong data-start=\"2344\" data-end=\"2382\">Tipos de pe\u00e7as revestidas a cer\u00e2mica que fornecemos<\/strong><\/h2>\n<div class=\"TyagGW_tableContainer\">\n<div class=\"group TyagGW_tableWrapper flex flex-col-reverse w-fit\" tabindex=\"-1\">\n<table class=\"w-fit min-w-(--thread-content-width)\" data-start=\"2384\" data-end=\"2969\">\n<thead data-start=\"2384\" data-end=\"2430\">\n<tr data-start=\"2384\" data-end=\"2430\">\n<th data-start=\"2384\" data-end=\"2401\" data-col-size=\"sm\">Tipo de componente<\/th>\n<th data-start=\"2401\" data-end=\"2415\" data-col-size=\"md\">Descri\u00e7\u00e3o<\/th>\n<th data-start=\"2415\" data-end=\"2430\" data-col-size=\"sm\">Utiliza\u00e7\u00e3o t\u00edpica<\/th>\n<\/tr>\n<\/thead>\n<tbody data-start=\"2445\" data-end=\"2969\">\n<tr data-start=\"2445\" data-end=\"2543\">\n<td data-start=\"2445\" data-end=\"2473\" data-col-size=\"sm\"><strong data-start=\"2447\" data-end=\"2472\">Revestimentos de tremonha \/ calha<\/strong><\/td>\n<td data-start=\"2473\" data-end=\"2513\" data-col-size=\"md\">Placas ou segmentos revestidos de cer\u00e2mica<\/td>\n<td data-start=\"2513\" data-end=\"2543\" data-col-size=\"sm\">Manuseamento de materiais abrasivos<\/td>\n<\/tr>\n<tr data-start=\"2544\" data-end=\"2640\">\n<td data-start=\"2544\" data-end=\"2572\" data-col-size=\"sm\"><strong data-start=\"2546\" data-end=\"2571\">Revestimentos para moinhos \/ trituradores<\/strong><\/td>\n<td data-start=\"2572\" data-end=\"2604\" data-col-size=\"md\">Placas ou barras com revestimento cer\u00e2mico<\/td>\n<td data-start=\"2604\" data-end=\"2640\" data-col-size=\"sm\">Opera\u00e7\u00f5es de tritura\u00e7\u00e3o e moagem<\/td>\n<\/tr>\n<tr data-start=\"2641\" data-end=\"2752\">\n<td data-start=\"2641\" data-end=\"2671\" data-col-size=\"sm\"><strong data-start=\"2643\" data-end=\"2670\">Componentes da bomba \/ v\u00e1lvula<\/strong><\/td>\n<td data-start=\"2671\" data-end=\"2714\" data-col-size=\"md\">Revestimento cer\u00e2mico para impulsores e carca\u00e7as<\/td>\n<td data-start=\"2714\" data-end=\"2752\" data-col-size=\"sm\">Manuseamento de lamas e fluidos abrasivos<\/td>\n<\/tr>\n<tr data-start=\"2753\" data-end=\"2850\">\n<td data-start=\"2753\" data-end=\"2778\" data-col-size=\"sm\"><strong data-start=\"2755\" data-end=\"2777\">Revestimentos de tubos e canos<\/strong><\/td>\n<td data-start=\"2778\" data-end=\"2810\" data-col-size=\"md\">Pastilhas de cer\u00e2mica para tubagens<\/td>\n<td data-start=\"2810\" data-end=\"2850\" data-col-size=\"sm\">Transporte de lamas e meios corrosivos<\/td>\n<\/tr>\n<tr data-start=\"2851\" data-end=\"2969\">\n<td data-start=\"2851\" data-end=\"2884\" data-col-size=\"sm\"><strong data-start=\"2853\" data-end=\"2883\">Pe\u00e7as personalizadas com revestimento cer\u00e2mico<\/strong><\/td>\n<td data-start=\"2884\" data-end=\"2930\" data-col-size=\"md\">Concebido de acordo com o desenho ou especifica\u00e7\u00e3o OEM<\/td>\n<td data-start=\"2930\" data-end=\"2969\" data-col-size=\"sm\">Aplica\u00e7\u00f5es industriais especializadas<\/td>\n<\/tr>\n<\/tbody>\n<\/table>\n<\/div>\n<\/div>\n<h2 data-start=\"2976\" data-end=\"3028\"><strong data-start=\"2979\" data-end=\"3026\">Par\u00e2metros t\u00e9cnicos (Gama representativa)<\/strong><\/h2>\n<div class=\"TyagGW_tableContainer\">\n<div class=\"group TyagGW_tableWrapper flex flex-col-reverse w-fit\" tabindex=\"-1\">\n<table class=\"w-fit min-w-(--thread-content-width)\" data-start=\"3030\" data-end=\"3579\">\n<thead data-start=\"3030\" data-end=\"3067\">\n<tr data-start=\"3030\" data-end=\"3067\">\n<th data-start=\"3030\" data-end=\"3042\" data-col-size=\"sm\">Par\u00e2metro<\/th>\n<th data-start=\"3042\" data-end=\"3067\" data-col-size=\"md\">Especifica\u00e7\u00e3o \/ Gama<\/th>\n<\/tr>\n<\/thead>\n<tbody data-start=\"3078\" data-end=\"3579\">\n<tr data-start=\"3078\" data-end=\"3146\">\n<td data-start=\"3078\" data-end=\"3100\" data-col-size=\"sm\">Material da base met\u00e1lica<\/td>\n<td data-start=\"3100\" data-end=\"3146\" data-col-size=\"md\">A\u00e7o-carbono, a\u00e7o-liga, a\u00e7o inoxid\u00e1vel<\/td>\n<\/tr>\n<tr data-start=\"3147\" data-end=\"3246\">\n<td data-start=\"3147\" data-end=\"3166\" data-col-size=\"sm\">Material cer\u00e2mico<\/td>\n<td data-start=\"3166\" data-end=\"3246\" data-col-size=\"md\">Alumina (Al\u2082O\u2083), Zirc\u00f3nia (ZrO\u2082), Carboneto de sil\u00edcio (SiC), Carboneto de boro (B\u2084C)<\/td>\n<\/tr>\n<tr data-start=\"3247\" data-end=\"3298\">\n<td data-start=\"3247\" data-end=\"3267\" data-col-size=\"sm\">Espessura da cer\u00e2mica<\/td>\n<td data-start=\"3267\" data-end=\"3298\" data-col-size=\"md\">2 mm - 20 mm (personaliz\u00e1vel)<\/td>\n<\/tr>\n<tr data-start=\"3299\" data-end=\"3366\">\n<td data-start=\"3299\" data-end=\"3324\" data-col-size=\"sm\">Tamanho da placa \/ componente<\/td>\n<td data-start=\"3324\" data-end=\"3366\" data-col-size=\"md\">At\u00e9 2000 mm \u00d7 1000 mm (personaliz\u00e1vel)<\/td>\n<\/tr>\n<tr data-start=\"3367\" data-end=\"3403\">\n<td data-start=\"3367\" data-end=\"3378\" data-col-size=\"sm\">Dureza<\/td>\n<td data-start=\"3378\" data-end=\"3403\" data-col-size=\"md\">HRA 85 - 92 (cer\u00e2mica)<\/td>\n<\/tr>\n<tr data-start=\"3404\" data-end=\"3478\">\n<td data-start=\"3404\" data-end=\"3421\" data-col-size=\"sm\">M\u00e9todo de liga\u00e7\u00e3o<\/td>\n<td data-start=\"3421\" data-end=\"3478\" data-col-size=\"md\">Sinteriza\u00e7\u00e3o a alta temperatura, brasagem, liga\u00e7\u00e3o adesiva<\/td>\n<\/tr>\n<tr data-start=\"3479\" data-end=\"3540\">\n<td data-start=\"3479\" data-end=\"3497\" data-col-size=\"sm\">Tipo de produ\u00e7\u00e3o<\/td>\n<td data-start=\"3497\" data-end=\"3540\" data-col-size=\"md\">Prot\u00f3tipo, pequeno lote, produ\u00e7\u00e3o em massa<\/td>\n<\/tr>\n<tr data-start=\"3541\" data-end=\"3579\">\n<td data-start=\"3541\" data-end=\"3563\" data-col-size=\"sm\">Normas suportadas<\/td>\n<td data-start=\"3563\" data-end=\"3579\" data-col-size=\"md\">ISO, DIN, GB<\/td>\n<\/tr>\n<\/tbody>\n<\/table>\n<\/div>\n<\/div>\n<h2 data-start=\"3586\" data-end=\"3619\"><strong data-start=\"3589\" data-end=\"3619\">Guia de material e sele\u00e7\u00e3o<\/strong><\/h2>\n<div class=\"TyagGW_tableContainer\">\n<div class=\"group TyagGW_tableWrapper flex flex-col-reverse w-fit\" tabindex=\"-1\">\n<table class=\"w-fit min-w-(--thread-content-width)\" data-start=\"3621\" data-end=\"3913\">\n<thead data-start=\"3621\" data-end=\"3665\">\n<tr data-start=\"3621\" data-end=\"3665\">\n<th data-start=\"3621\" data-end=\"3637\" data-col-size=\"sm\">Material de base<\/th>\n<th data-start=\"3637\" data-end=\"3650\" data-col-size=\"sm\">Vantagens<\/th>\n<th data-start=\"3650\" data-end=\"3665\" data-col-size=\"sm\">Utiliza\u00e7\u00e3o t\u00edpica<\/th>\n<\/tr>\n<\/thead>\n<tbody data-start=\"3680\" data-end=\"3913\">\n<tr data-start=\"3680\" data-end=\"3763\">\n<td data-start=\"3680\" data-end=\"3695\" data-col-size=\"sm\">A\u00e7o carbono<\/td>\n<td data-start=\"3695\" data-end=\"3728\" data-col-size=\"sm\">Maquina\u00e7\u00e3o econ\u00f3mica e f\u00e1cil<\/td>\n<td data-start=\"3728\" data-end=\"3763\" data-col-size=\"sm\">Aplica\u00e7\u00f5es industriais gerais<\/td>\n<\/tr>\n<tr data-start=\"3764\" data-end=\"3836\">\n<td data-start=\"3764\" data-end=\"3778\" data-col-size=\"sm\">A\u00e7o de liga leve<\/td>\n<td data-start=\"3778\" data-end=\"3812\" data-col-size=\"sm\">Alta resist\u00eancia, resistente ao impacto<\/td>\n<td data-start=\"3812\" data-end=\"3836\" data-col-size=\"sm\">M\u00e1quinas pesadas<\/td>\n<\/tr>\n<tr data-start=\"3837\" data-end=\"3913\">\n<td data-start=\"3837\" data-end=\"3855\" data-col-size=\"sm\">A\u00e7o inoxid\u00e1vel<\/td>\n<td data-start=\"3855\" data-end=\"3877\" data-col-size=\"sm\">Resistente \u00e0 corros\u00e3o<\/td>\n<td data-start=\"3877\" data-end=\"3913\" data-col-size=\"sm\">Ambientes qu\u00edmicos e marinhos<\/td>\n<\/tr>\n<\/tbody>\n<\/table>\n<\/div>\n<\/div>\n<div class=\"TyagGW_tableContainer\">\n<div class=\"group TyagGW_tableWrapper flex flex-col-reverse w-fit\" tabindex=\"-1\">\n<table class=\"w-fit min-w-(--thread-content-width)\" data-start=\"3915\" data-end=\"4351\">\n<thead data-start=\"3915\" data-end=\"3966\">\n<tr data-start=\"3915\" data-end=\"3966\">\n<th data-start=\"3915\" data-end=\"3934\" data-col-size=\"sm\">Material cer\u00e2mico<\/th>\n<th data-start=\"3934\" data-end=\"3947\" data-col-size=\"sm\">Vantagens<\/th>\n<th data-start=\"3947\" data-end=\"3966\" data-col-size=\"md\">Recomendado para<\/th>\n<\/tr>\n<\/thead>\n<tbody data-start=\"3981\" data-end=\"4351\">\n<tr data-start=\"3981\" data-end=\"4059\">\n<td data-start=\"3981\" data-end=\"3999\" data-col-size=\"sm\">Alumina (Al\u2082O\u2083)<\/td>\n<td data-start=\"3999\" data-end=\"4031\" data-col-size=\"sm\">Elevada dureza, resistente ao desgaste<\/td>\n<td data-start=\"4031\" data-end=\"4059\" data-col-size=\"md\">Manuseamento de lamas abrasivas<\/td>\n<\/tr>\n<tr data-start=\"4060\" data-end=\"4147\">\n<td data-start=\"4060\" data-end=\"4078\" data-col-size=\"sm\">Zirc\u00f3nio (ZrO\u2082)<\/td>\n<td data-start=\"4078\" data-end=\"4120\" data-col-size=\"sm\">Elevada resist\u00eancia \u00e0 fratura, resistente ao desgaste<\/td>\n<td data-start=\"4120\" data-end=\"4147\" data-col-size=\"md\">Opera\u00e7\u00f5es de grande impacto<\/td>\n<\/tr>\n<tr data-start=\"4148\" data-end=\"4255\">\n<td data-start=\"4148\" data-end=\"4172\" data-col-size=\"sm\">Carboneto de sil\u00edcio (SiC)<\/td>\n<td data-start=\"4172\" data-end=\"4209\" data-col-size=\"sm\">Extremamente duro, resistente a produtos qu\u00edmicos<\/td>\n<td data-start=\"4209\" data-end=\"4255\" data-col-size=\"md\">Lama qu\u00edmica, ambientes de desgaste extremo<\/td>\n<\/tr>\n<tr data-start=\"4256\" data-end=\"4351\">\n<td data-start=\"4256\" data-end=\"4278\" data-col-size=\"sm\">Carboneto de boro (B\u2084C)<\/td>\n<td data-start=\"4278\" data-end=\"4315\" data-col-size=\"sm\">Ultra-dura, elevada resist\u00eancia ao impacto<\/td>\n<td data-start=\"4315\" data-end=\"4351\" data-col-size=\"md\">Equipamento de elevado desgaste e impacto<\/td>\n<\/tr>\n<\/tbody>\n<\/table>\n<\/div>\n<\/div>\n<h2 data-start=\"4358\" data-end=\"4381\"><strong data-start=\"4361\" data-end=\"4381\">Por que escolher a Wonzh<\/strong><\/h2>\n<ul data-start=\"4383\" data-end=\"4732\">\n<li data-start=\"4383\" data-end=\"4437\">\n<p data-start=\"4385\" data-end=\"4437\">Fabrico avan\u00e7ado de componentes com revestimento cer\u00e2mico<\/p>\n<\/li>\n<li data-start=\"4438\" data-end=\"4494\">\n<p data-start=\"4440\" data-end=\"4494\">Maquina\u00e7\u00e3o de alta precis\u00e3o e liga\u00e7\u00e3o cer\u00e2mica duradoura<\/p>\n<\/li>\n<li data-start=\"4495\" data-end=\"4562\">\n<p data-start=\"4497\" data-end=\"4562\">Vasta gama de materiais cer\u00e2micos e de base para ambientes agressivos<\/p>\n<\/li>\n<li data-start=\"4563\" data-end=\"4626\">\n<p data-start=\"4565\" data-end=\"4626\">Suporte de engenharia personalizado para OEM e m\u00e1quinas industriais<\/p>\n<\/li>\n<li data-start=\"4627\" data-end=\"4676\">\n<p data-start=\"4629\" data-end=\"4676\">Reduz o desgaste, o tempo de inatividade e os custos de manuten\u00e7\u00e3o<\/p>\n<\/li>\n<li data-start=\"4677\" data-end=\"4732\">\n<p data-start=\"4679\" data-end=\"4732\">Do prot\u00f3tipo \u00e0 produ\u00e7\u00e3o em massa com entrega fi\u00e1vel<\/p>\n<\/li>\n<\/ul>\n<h2 data-start=\"4739\" data-end=\"4780\"><strong data-start=\"4742\" data-end=\"4778\">Perguntas frequentes (FAQ)<\/strong><\/h2>\n<h3 data-start=\"4782\" data-end=\"4834\"><strong data-start=\"4786\" data-end=\"4832\">Q1: Para que s\u00e3o utilizadas as pe\u00e7as revestidas a cer\u00e2mica?<\/strong><\/h3>\n<p data-start=\"4835\" data-end=\"4934\">Protegem o equipamento contra a abras\u00e3o, o impacto e a corros\u00e3o em aplica\u00e7\u00f5es industriais de elevado desgaste.<\/p>\n<h3 data-start=\"4936\" data-end=\"4984\"><strong data-start=\"4940\" data-end=\"4982\">P2: Posso obter formas e tamanhos personalizados?<\/strong><\/h3>\n<p data-start=\"4985\" data-end=\"5086\">Sim. Fabricamos pe\u00e7as com revestimento cer\u00e2mico com base em desenhos, modelos de equipamento ou especifica\u00e7\u00f5es OEM.<\/p>\n<h3 data-start=\"5088\" data-end=\"5140\"><strong data-start=\"5092\" data-end=\"5138\">Q3: Que materiais cer\u00e2micos est\u00e3o dispon\u00edveis?<\/strong><\/h3>\n<p data-start=\"5141\" data-end=\"5271\">As op\u00e7\u00f5es incluem <strong data-start=\"5157\" data-end=\"5214\">Alumina, zirc\u00f3nio, carboneto de sil\u00edcio e carboneto de boro<\/strong>, dependendo do desgaste, do impacto e dos requisitos qu\u00edmicos.<\/p>\n<h3 data-start=\"5273\" data-end=\"5328\"><strong data-start=\"5277\" data-end=\"5326\">Q4: \u00c9 poss\u00edvel ligar cer\u00e2mica a diferentes metais?<\/strong><\/h3>\n<p data-start=\"5329\" data-end=\"5473\">Sim. Colamos cer\u00e2mica em <strong data-start=\"5354\" data-end=\"5404\">a\u00e7o-carbono, a\u00e7o-liga e a\u00e7o inoxid\u00e1vel<\/strong> por sinteriza\u00e7\u00e3o a alta temperatura, brasagem ou t\u00e9cnicas adesivas.<\/p>\n<h3 data-start=\"5475\" data-end=\"5538\"><strong data-start=\"5479\" data-end=\"5536\">Q5: Que ind\u00fastrias utilizam normalmente pe\u00e7as revestidas a cer\u00e2mica?<\/strong><\/h3>\n<p data-start=\"5539\" data-end=\"5636\">Ind\u00fastrias de minera\u00e7\u00e3o, cimento, a\u00e7o, processamento qu\u00edmico, gera\u00e7\u00e3o de energia e manuseamento de materiais.<\/p>","protected":false},"excerpt":{"rendered":"<p>As pe\u00e7as revestidas de cer\u00e2mica fornecidas pela Wonzh s\u00e3o projetadas para suportar abras\u00e3o severa, alto impacto e ambientes corrosivos em m\u00e1quinas industriais. Essas pe\u00e7as s\u00e3o amplamente utilizadas em equipamentos de minera\u00e7\u00e3o, cimento, a\u00e7o, processamento qu\u00edmico, gera\u00e7\u00e3o de energia e manuseio de materiais para prolongar a vida \u00fatil de componentes de alto desgaste.<\/p>","protected":false},"featured_media":1542,"comment_status":"open","ping_status":"closed","template":"","meta":{"site-sidebar-layout":"default","site-content-layout":"","ast-site-content-layout":"default","site-content-style":"default","site-sidebar-style":"default","ast-global-header-display":"","ast-banner-title-visibility":"","ast-main-header-display":"","ast-hfb-above-header-display":"","ast-hfb-below-header-display":"","ast-hfb-mobile-header-display":"","site-post-title":"","ast-breadcrumbs-content":"","ast-featured-img":"","footer-sml-layout":"","ast-disable-related-posts":"","theme-transparent-header-meta":"default","adv-header-id-meta":"","stick-header-meta":"default","header-above-stick-meta":"","header-main-stick-meta":"","header-below-stick-meta":"","astra-migrate-meta-layouts":"set","ast-page-background-enabled":"default","ast-page-background-meta":{"desktop":{"background-color":"","background-image":"","background-repeat":"repeat","background-position":"center center","background-size":"auto","background-attachment":"scroll","background-type":"","background-media":"","overlay-type":"","overlay-color":"","overlay-opacity":"","overlay-gradient":""},"tablet":{"background-color":"","background-image":"","background-repeat":"repeat","background-position":"center center","background-size":"auto","background-attachment":"scroll","background-type":"","background-media":"","overlay-type":"","overlay-color":"","overlay-opacity":"","overlay-gradient":""},"mobile":{"background-color":"","background-image":"","background-repeat":"repeat","background-position":"center center","background-size":"auto","background-attachment":"scroll","background-type":"","background-media":"","overlay-type":"","overlay-color":"","overlay-opacity":"","overlay-gradient":""}},"ast-content-background-meta":{"desktop":{"background-color":"var(--ast-global-color-5)","background-image":"","background-repeat":"repeat","background-position":"center center","background-size":"auto","background-attachment":"scroll","background-type":"","background-media":"","overlay-type":"","overlay-color":"","overlay-opacity":"","overlay-gradient":""},"tablet":{"background-color":"var(--ast-global-color-5)","background-image":"","background-repeat":"repeat","background-position":"center center","background-size":"auto","background-attachment":"scroll","background-type":"","background-media":"","overlay-type":"","overlay-color":"","overlay-opacity":"","overlay-gradient":""},"mobile":{"background-color":"var(--ast-global-color-5)","background-image":"","background-repeat":"repeat","background-position":"center center","background-size":"auto","background-attachment":"scroll","background-type":"","background-media":"","overlay-type":"","overlay-color":"","overlay-opacity":"","overlay-gradient":""}}},"product_brand":[],"product_cat":[24],"product_tag":[434,429,432,428,440,343,439,420,435,436,437,431,438,433,430],"class_list":{"0":"post-1480","1":"product","2":"type-product","3":"status-publish","4":"has-post-thumbnail","6":"product_cat-wear-parts-wear-components","7":"product_tag-abrasion-resistant-parts","8":"product_tag-alumina-lined-parts","9":"product_tag-boron-carbide-lined-parts","10":"product_tag-ceramic-lined-parts","11":"product_tag-china-ceramic-lined-manufacturer","12":"product_tag-crusher-liners","13":"product_tag-custom-ceramic-lined-parts","14":"product_tag-hopper-liners","15":"product_tag-industrial-liners","16":"product_tag-mill-liners","17":"product_tag-pipe-liners","18":"product_tag-sic-lined-parts","19":"product_tag-slurry-handling-parts","20":"product_tag-wear-resistant-components","21":"product_tag-zirconia-lined-parts","22":"desktop-align-left","23":"tablet-align-left","24":"mobile-align-left","26":"first","27":"instock","28":"shipping-taxable","29":"product-type-simple"},"_links":{"self":[{"href":"https:\/\/www.wonzh.com\/pt\/wp-json\/wp\/v2\/product\/1480","targetHints":{"allow":["GET"]}}],"collection":[{"href":"https:\/\/www.wonzh.com\/pt\/wp-json\/wp\/v2\/product"}],"about":[{"href":"https:\/\/www.wonzh.com\/pt\/wp-json\/wp\/v2\/types\/product"}],"replies":[{"embeddable":true,"href":"https:\/\/www.wonzh.com\/pt\/wp-json\/wp\/v2\/comments?post=1480"}],"wp:featuredmedia":[{"embeddable":true,"href":"https:\/\/www.wonzh.com\/pt\/wp-json\/wp\/v2\/media\/1542"}],"wp:attachment":[{"href":"https:\/\/www.wonzh.com\/pt\/wp-json\/wp\/v2\/media?parent=1480"}],"wp:term":[{"taxonomy":"product_brand","embeddable":true,"href":"https:\/\/www.wonzh.com\/pt\/wp-json\/wp\/v2\/product_brand?post=1480"},{"taxonomy":"product_cat","embeddable":true,"href":"https:\/\/www.wonzh.com\/pt\/wp-json\/wp\/v2\/product_cat?post=1480"},{"taxonomy":"product_tag","embeddable":true,"href":"https:\/\/www.wonzh.com\/pt\/wp-json\/wp\/v2\/product_tag?post=1480"}],"curies":[{"name":"wp","href":"https:\/\/api.w.org\/{rel}","templated":true}]}}