{"id":1478,"date":"2026-02-03T15:15:13","date_gmt":"2026-02-03T15:15:13","guid":{"rendered":"https:\/\/www.wonzh.com\/?post_type=product&#038;p=1478"},"modified":"2026-02-05T15:10:51","modified_gmt":"2026-02-05T15:10:51","slug":"industrial-wear-plates-for-heavy-duty-machinery","status":"publish","type":"product","link":"https:\/\/www.wonzh.com\/pt\/product\/industrial-wear-plates-for-heavy-duty-machinery\/","title":{"rendered":"Placas de desgaste industriais para maquinaria pesada"},"content":{"rendered":"<p data-start=\"555\" data-end=\"860\">As placas de desgaste fornecidas pela Wonzh s\u00e3o projetadas para fornecer resist\u00eancia \u00e0 abras\u00e3o, impacto e corros\u00e3o em equipamentos industriais. Elas s\u00e3o amplamente utilizadas em m\u00e1quinas de minera\u00e7\u00e3o, cimento, a\u00e7o, constru\u00e7\u00e3o, manuseio de materiais e gera\u00e7\u00e3o de energia para proteger as superf\u00edcies estruturais e reduzir os custos de manuten\u00e7\u00e3o.<\/p>\n<p data-start=\"862\" data-end=\"1155\">As nossas placas de desgaste s\u00e3o fabricadas em a\u00e7o-carbono de alta resist\u00eancia, a\u00e7o-liga, a\u00e7o inoxid\u00e1vel e a\u00e7o resistente ao desgaste com elevado teor de cr\u00f3mio. Processos avan\u00e7ados, incluindo corte CNC, tratamento t\u00e9rmico, revestimento duro e acabamento de superf\u00edcies, garantem uma elevada durabilidade, precis\u00e3o e uma longa vida \u00fatil.<\/p>\n<p data-start=\"1157\" data-end=\"1440\">A Wonzh fornece placas de desgaste padr\u00e3o e personalizadas com base em suas especifica\u00e7\u00f5es, desenhos ou modelos de equipamentos. A nossa equipa de engenharia apoia a sele\u00e7\u00e3o de materiais, a otimiza\u00e7\u00e3o da espessura, o tratamento de superf\u00edcies e o controlo de toler\u00e2ncias, garantindo a m\u00e1xima prote\u00e7\u00e3o e o m\u00ednimo tempo de inatividade.<\/p>\n<h2 data-start=\"1447\" data-end=\"1466\"><strong data-start=\"1450\" data-end=\"1466\">Carater\u00edsticas principais<\/strong><\/h2>\n<ul data-start=\"1468\" data-end=\"1746\">\n<li data-start=\"1468\" data-end=\"1507\">\n<p data-start=\"1470\" data-end=\"1507\">Elevada resist\u00eancia \u00e0 abras\u00e3o e ao impacto<\/p>\n<\/li>\n<li data-start=\"1508\" data-end=\"1546\">\n<p data-start=\"1510\" data-end=\"1546\">Dur\u00e1vel em condi\u00e7\u00f5es de carga elevada<\/p>\n<\/li>\n<li data-start=\"1547\" data-end=\"1601\">\n<p data-start=\"1549\" data-end=\"1601\">Tamanhos, espessuras e materiais personalizados dispon\u00edveis<\/p>\n<\/li>\n<li data-start=\"1602\" data-end=\"1641\">\n<p data-start=\"1604\" data-end=\"1641\">Corte de precis\u00e3o para uma instala\u00e7\u00e3o f\u00e1cil<\/p>\n<\/li>\n<li data-start=\"1642\" data-end=\"1697\">\n<p data-start=\"1644\" data-end=\"1697\">Suporte para prot\u00f3tipos, pequenos lotes e produ\u00e7\u00e3o em massa<\/p>\n<\/li>\n<li data-start=\"1698\" data-end=\"1746\">\n<p data-start=\"1700\" data-end=\"1746\">Compat\u00edvel com v\u00e1rios equipamentos industriais<\/p>\n<\/li>\n<\/ul>\n<h2 data-start=\"1753\" data-end=\"1780\"><strong data-start=\"1756\" data-end=\"1780\">Aplica\u00e7\u00f5es t\u00edpicas<\/strong><\/h2>\n<ul data-start=\"1782\" data-end=\"1991\">\n<li data-start=\"1782\" data-end=\"1821\">\n<p data-start=\"1784\" data-end=\"1821\">Trituradores, tremonhas, calhas e silos<\/p>\n<\/li>\n<li data-start=\"1822\" data-end=\"1853\">\n<p data-start=\"1824\" data-end=\"1853\">Sistemas de transporte e de alimenta\u00e7\u00e3o<\/p>\n<\/li>\n<li data-start=\"1854\" data-end=\"1885\">\n<p data-start=\"1856\" data-end=\"1885\">Equipamento para minas e pedreiras<\/p>\n<\/li>\n<li data-start=\"1886\" data-end=\"1925\">\n<p data-start=\"1888\" data-end=\"1925\">M\u00e1quinas para a ind\u00fastria do cimento e do a\u00e7o<\/p>\n<\/li>\n<li data-start=\"1926\" data-end=\"1955\">\n<p data-start=\"1928\" data-end=\"1955\">Sistemas de manuseamento de materiais<\/p>\n<\/li>\n<li data-start=\"1956\" data-end=\"1991\">\n<p data-start=\"1958\" data-end=\"1991\">Equipamento de processamento pesado<\/p>\n<\/li>\n<\/ul>\n<h2 data-start=\"1998\" data-end=\"2031\"><strong data-start=\"2001\" data-end=\"2031\">Tipos de placas de desgaste que fornecemos<\/strong><\/h2>\n<div class=\"TyagGW_tableContainer\">\n<div class=\"group TyagGW_tableWrapper flex flex-col-reverse w-fit\" tabindex=\"-1\">\n<table class=\"w-fit min-w-(--thread-content-width)\" data-start=\"2033\" data-end=\"2567\">\n<thead data-start=\"2033\" data-end=\"2080\">\n<tr data-start=\"2033\" data-end=\"2080\">\n<th data-start=\"2033\" data-end=\"2051\" data-col-size=\"sm\">Tipo de placa de desgaste<\/th>\n<th data-start=\"2051\" data-end=\"2065\" data-col-size=\"sm\">Descri\u00e7\u00e3o<\/th>\n<th data-start=\"2065\" data-end=\"2080\" data-col-size=\"sm\">Utiliza\u00e7\u00e3o t\u00edpica<\/th>\n<\/tr>\n<\/thead>\n<tbody data-start=\"2095\" data-end=\"2567\">\n<tr data-start=\"2095\" data-end=\"2176\">\n<td data-start=\"2095\" data-end=\"2122\" data-col-size=\"sm\"><strong data-start=\"2097\" data-end=\"2121\">Placas de desgaste padr\u00e3o<\/strong><\/td>\n<td data-start=\"2122\" data-end=\"2145\" data-col-size=\"sm\">Placas planas e duradouras<\/td>\n<td data-start=\"2145\" data-end=\"2176\" data-col-size=\"sm\">Prote\u00e7\u00e3o geral contra a abras\u00e3o<\/td>\n<\/tr>\n<tr data-start=\"2177\" data-end=\"2274\">\n<td data-start=\"2177\" data-end=\"2207\" data-col-size=\"sm\"><strong data-start=\"2179\" data-end=\"2206\">Placas de desgaste com alto teor de cromo<\/strong><\/td>\n<td data-start=\"2207\" data-end=\"2246\" data-col-size=\"sm\">Extremamente dura, elevada resist\u00eancia ao desgaste<\/td>\n<td data-start=\"2246\" data-end=\"2274\" data-col-size=\"sm\">Trituradores, moinhos, tremonhas<\/td>\n<\/tr>\n<tr data-start=\"2275\" data-end=\"2370\">\n<td data-start=\"2275\" data-end=\"2303\" data-col-size=\"sm\"><strong data-start=\"2277\" data-end=\"2302\">Placas de desgaste com revestimento duro<\/strong><\/td>\n<td data-start=\"2303\" data-end=\"2341\" data-col-size=\"sm\">Camada de superf\u00edcie refor\u00e7ada com liga met\u00e1lica<\/td>\n<td data-start=\"2341\" data-end=\"2370\" data-col-size=\"sm\">Ambientes de grande impacto<\/td>\n<\/tr>\n<tr data-start=\"2371\" data-end=\"2470\">\n<td data-start=\"2371\" data-end=\"2405\" data-col-size=\"sm\"><strong data-start=\"2373\" data-end=\"2404\">Placas de desgaste de a\u00e7o inoxid\u00e1vel<\/strong><\/td>\n<td data-start=\"2405\" data-end=\"2427\" data-col-size=\"sm\">Resistente \u00e0 corros\u00e3o<\/td>\n<td data-start=\"2427\" data-end=\"2470\" data-col-size=\"sm\">Aplica\u00e7\u00f5es qu\u00edmicas, marinhas e alimentares<\/td>\n<\/tr>\n<tr data-start=\"2471\" data-end=\"2567\">\n<td data-start=\"2471\" data-end=\"2496\" data-col-size=\"sm\"><strong data-start=\"2473\" data-end=\"2495\">Placas de desgaste personalizadas<\/strong><\/td>\n<td data-start=\"2496\" data-end=\"2534\" data-col-size=\"sm\">Concebido de acordo com o desenho\/especifica\u00e7\u00e3o<\/td>\n<td data-start=\"2534\" data-end=\"2567\" data-col-size=\"sm\">Equipamento OEM e especializado<\/td>\n<\/tr>\n<\/tbody>\n<\/table>\n<\/div>\n<\/div>\n<h2 data-start=\"2574\" data-end=\"2626\"><strong data-start=\"2577\" data-end=\"2624\">Par\u00e2metros t\u00e9cnicos (Gama representativa)<\/strong><\/h2>\n<div class=\"TyagGW_tableContainer\">\n<div class=\"group TyagGW_tableWrapper flex flex-col-reverse w-fit\" tabindex=\"-1\">\n<table class=\"w-fit min-w-(--thread-content-width)\" data-start=\"2628\" data-end=\"3097\">\n<thead data-start=\"2628\" data-end=\"2665\">\n<tr data-start=\"2628\" data-end=\"2665\">\n<th data-start=\"2628\" data-end=\"2640\" data-col-size=\"sm\">Par\u00e2metro<\/th>\n<th data-start=\"2640\" data-end=\"2665\" data-col-size=\"md\">Especifica\u00e7\u00e3o \/ Gama<\/th>\n<\/tr>\n<\/thead>\n<tbody data-start=\"2676\" data-end=\"3097\">\n<tr data-start=\"2676\" data-end=\"2775\">\n<td data-start=\"2676\" data-end=\"2695\" data-col-size=\"sm\">Op\u00e7\u00f5es de materiais<\/td>\n<td data-start=\"2695\" data-end=\"2775\" data-col-size=\"md\">A\u00e7o-carbono, a\u00e7o-liga, a\u00e7o inoxid\u00e1vel, a\u00e7o resistente ao desgaste com elevado teor de cr\u00f3mio<\/td>\n<\/tr>\n<tr data-start=\"2776\" data-end=\"2820\">\n<td data-start=\"2776\" data-end=\"2788\" data-col-size=\"sm\">Espessura<\/td>\n<td data-start=\"2788\" data-end=\"2820\" data-col-size=\"md\">5 mm - 100 mm (personaliz\u00e1vel)<\/td>\n<\/tr>\n<tr data-start=\"2821\" data-end=\"2876\">\n<td data-start=\"2821\" data-end=\"2834\" data-col-size=\"sm\">Tamanho da placa<\/td>\n<td data-start=\"2834\" data-end=\"2876\" data-col-size=\"md\">At\u00e9 2000 mm \u00d7 1000 mm (personaliz\u00e1vel)<\/td>\n<\/tr>\n<tr data-start=\"2877\" data-end=\"2927\">\n<td data-start=\"2877\" data-end=\"2888\" data-col-size=\"sm\">Dureza<\/td>\n<td data-start=\"2888\" data-end=\"2927\" data-col-size=\"md\">HRC 40 - 65 (consoante a aplica\u00e7\u00e3o)<\/td>\n<\/tr>\n<tr data-start=\"2928\" data-end=\"2996\">\n<td data-start=\"2928\" data-end=\"2948\" data-col-size=\"sm\">Tratamento de superf\u00edcie<\/td>\n<td data-start=\"2948\" data-end=\"2996\" data-col-size=\"md\">Revestimento duro, revestimento, tratamento t\u00e9rmico, galvaniza\u00e7\u00e3o<\/td>\n<\/tr>\n<tr data-start=\"2997\" data-end=\"3058\">\n<td data-start=\"2997\" data-end=\"3015\" data-col-size=\"sm\">Tipo de produ\u00e7\u00e3o<\/td>\n<td data-start=\"3015\" data-end=\"3058\" data-col-size=\"md\">Prot\u00f3tipo, pequeno lote, produ\u00e7\u00e3o em massa<\/td>\n<\/tr>\n<tr data-start=\"3059\" data-end=\"3097\">\n<td data-start=\"3059\" data-end=\"3081\" data-col-size=\"sm\">Normas suportadas<\/td>\n<td data-start=\"3081\" data-end=\"3097\" data-col-size=\"md\">ISO, DIN, GB<\/td>\n<\/tr>\n<\/tbody>\n<\/table>\n<\/div>\n<\/div>\n<h2 data-start=\"3104\" data-end=\"3137\"><strong data-start=\"3107\" data-end=\"3137\">Guia de materiais e tratamentos<\/strong><\/h2>\n<div class=\"TyagGW_tableContainer\">\n<div class=\"group TyagGW_tableWrapper flex flex-col-reverse w-fit\" tabindex=\"-1\">\n<table class=\"w-fit min-w-(--thread-content-width)\" data-start=\"3139\" data-end=\"3563\">\n<thead data-start=\"3139\" data-end=\"3178\">\n<tr data-start=\"3139\" data-end=\"3178\">\n<th data-start=\"3139\" data-end=\"3150\" data-col-size=\"sm\">Material<\/th>\n<th data-start=\"3150\" data-end=\"3163\" data-col-size=\"sm\">Vantagens<\/th>\n<th data-start=\"3163\" data-end=\"3178\" data-col-size=\"sm\">Utiliza\u00e7\u00e3o t\u00edpica<\/th>\n<\/tr>\n<\/thead>\n<tbody data-start=\"3193\" data-end=\"3563\">\n<tr data-start=\"3193\" data-end=\"3292\">\n<td data-start=\"3193\" data-end=\"3212\" data-col-size=\"sm\"><strong data-start=\"3195\" data-end=\"3211\">A\u00e7o carbono<\/strong><\/td>\n<td data-start=\"3212\" data-end=\"3255\" data-col-size=\"sm\">Econ\u00f3mica, resist\u00eancia moderada ao desgaste<\/td>\n<td data-start=\"3255\" data-end=\"3292\" data-col-size=\"sm\">Prote\u00e7\u00e3o contra o desgaste de m\u00e1quinas em geral<\/td>\n<\/tr>\n<tr data-start=\"3293\" data-end=\"3385\">\n<td data-start=\"3293\" data-end=\"3311\" data-col-size=\"sm\"><strong data-start=\"3295\" data-end=\"3310\">A\u00e7o de liga leve<\/strong><\/td>\n<td data-start=\"3311\" data-end=\"3350\" data-col-size=\"sm\">Elevada dureza e resist\u00eancia ao impacto<\/td>\n<td data-start=\"3350\" data-end=\"3385\" data-col-size=\"sm\">Trituradores e alimentadores para trabalhos pesados<\/td>\n<\/tr>\n<tr data-start=\"3386\" data-end=\"3482\">\n<td data-start=\"3386\" data-end=\"3410\" data-col-size=\"sm\"><strong data-start=\"3388\" data-end=\"3409\">A\u00e7o com alto teor de cromo<\/strong><\/td>\n<td data-start=\"3410\" data-end=\"3453\" data-col-size=\"sm\">M\u00e1xima dureza e resist\u00eancia \u00e0 abras\u00e3o<\/td>\n<td data-start=\"3453\" data-end=\"3482\" data-col-size=\"sm\">Moinhos, tremonhas, transportadores<\/td>\n<\/tr>\n<tr data-start=\"3483\" data-end=\"3563\">\n<td data-start=\"3483\" data-end=\"3505\" data-col-size=\"sm\"><strong data-start=\"3485\" data-end=\"3504\">A\u00e7o inoxid\u00e1vel<\/strong><\/td>\n<td data-start=\"3505\" data-end=\"3527\" data-col-size=\"sm\">Resistente \u00e0 corros\u00e3o<\/td>\n<td data-start=\"3527\" data-end=\"3563\" data-col-size=\"sm\">Equipamento qu\u00edmico, mar\u00edtimo e alimentar<\/td>\n<\/tr>\n<\/tbody>\n<\/table>\n<\/div>\n<\/div>\n<div class=\"TyagGW_tableContainer\">\n<div class=\"group TyagGW_tableWrapper flex flex-col-reverse w-fit\" tabindex=\"-1\">\n<table class=\"w-fit min-w-(--thread-content-width)\" data-start=\"3565\" data-end=\"3846\">\n<thead data-start=\"3565\" data-end=\"3610\">\n<tr data-start=\"3565\" data-end=\"3610\">\n<th data-start=\"3565\" data-end=\"3585\" data-col-size=\"sm\">Tratamento de superf\u00edcie<\/th>\n<th data-start=\"3585\" data-end=\"3595\" data-col-size=\"sm\">Objetivo<\/th>\n<th data-start=\"3595\" data-end=\"3610\" data-col-size=\"sm\">Utiliza\u00e7\u00e3o t\u00edpica<\/th>\n<\/tr>\n<\/thead>\n<tbody data-start=\"3625\" data-end=\"3846\">\n<tr data-start=\"3625\" data-end=\"3692\">\n<td data-start=\"3625\" data-end=\"3638\" data-col-size=\"sm\">Revestimento duro<\/td>\n<td data-start=\"3638\" data-end=\"3666\" data-col-size=\"sm\">Adiciona uma camada resistente ao desgaste<\/td>\n<td data-start=\"3666\" data-end=\"3692\" data-col-size=\"sm\">M\u00e1quinas pesadas de impacto<\/td>\n<\/tr>\n<tr data-start=\"3693\" data-end=\"3771\">\n<td data-start=\"3693\" data-end=\"3710\" data-col-size=\"sm\">Tratamento t\u00e9rmico<\/td>\n<td data-start=\"3710\" data-end=\"3744\" data-col-size=\"sm\">Melhora a dureza e a tenacidade<\/td>\n<td data-start=\"3744\" data-end=\"3771\" data-col-size=\"sm\">Aplica\u00e7\u00f5es de carga pesada<\/td>\n<\/tr>\n<tr data-start=\"3772\" data-end=\"3846\">\n<td data-start=\"3772\" data-end=\"3792\" data-col-size=\"sm\">Revestimento \/ galvaniza\u00e7\u00e3o<\/td>\n<td data-start=\"3792\" data-end=\"3824\" data-col-size=\"sm\">Prote\u00e7\u00e3o contra a corros\u00e3o e o desgaste<\/td>\n<td data-start=\"3824\" data-end=\"3846\" data-col-size=\"sm\">Ambientes agressivos<\/td>\n<\/tr>\n<\/tbody>\n<\/table>\n<\/div>\n<\/div>\n<h2 data-start=\"3853\" data-end=\"3876\"><strong data-start=\"3856\" data-end=\"3876\">Por que escolher a Wonzh<\/strong><\/h2>\n<ul data-start=\"3878\" data-end=\"4170\">\n<li data-start=\"3878\" data-end=\"3940\">\n<p data-start=\"3880\" data-end=\"3940\">Placas de desgaste duradouras e de alta qualidade para m\u00e1quinas industriais<\/p>\n<\/li>\n<li data-start=\"3941\" data-end=\"3995\">\n<p data-start=\"3943\" data-end=\"3995\">Vasta sele\u00e7\u00e3o de materiais e tratamentos de superf\u00edcie<\/p>\n<\/li>\n<li data-start=\"3996\" data-end=\"4062\">\n<p data-start=\"3998\" data-end=\"4062\">Suporte de engenharia personalizado para OEM e aplica\u00e7\u00f5es industriais<\/p>\n<\/li>\n<li data-start=\"4063\" data-end=\"4105\">\n<p data-start=\"4065\" data-end=\"4105\">Redu\u00e7\u00e3o do tempo de inatividade e dos custos de manuten\u00e7\u00e3o<\/p>\n<\/li>\n<li data-start=\"4106\" data-end=\"4170\">\n<p data-start=\"4108\" data-end=\"4170\">Do prot\u00f3tipo \u00e0 produ\u00e7\u00e3o em massa com entrega r\u00e1pida e fi\u00e1vel<\/p>\n<\/li>\n<\/ul>\n<h2 data-start=\"4177\" data-end=\"4218\"><strong data-start=\"4180\" data-end=\"4216\">Perguntas frequentes (FAQ)<\/strong><\/h2>\n<h3 data-start=\"4220\" data-end=\"4264\"><strong data-start=\"4224\" data-end=\"4262\">Q1: Para que s\u00e3o utilizadas as placas de desgaste?<\/strong><\/h3>\n<p data-start=\"4265\" data-end=\"4377\">As placas de desgaste protegem as superf\u00edcies das m\u00e1quinas contra a abras\u00e3o, o impacto e a corros\u00e3o, prolongando a vida \u00fatil do equipamento.<\/p>\n<h3 data-start=\"4379\" data-end=\"4432\"><strong data-start=\"4383\" data-end=\"4430\">Q2: Posso obter tamanhos e espessuras personalizados?<\/strong><\/h3>\n<p data-start=\"4433\" data-end=\"4522\">Sim. As placas de desgaste podem ser totalmente personalizadas com base em desenhos ou especifica\u00e7\u00f5es do equipamento.<\/p>\n<h3 data-start=\"4524\" data-end=\"4568\"><strong data-start=\"4528\" data-end=\"4566\">Q3: Que materiais est\u00e3o dispon\u00edveis?<\/strong><\/h3>\n<p data-start=\"4569\" data-end=\"4694\">Os materiais incluem <strong data-start=\"4587\" data-end=\"4661\">a\u00e7o-carbono, a\u00e7o-liga, a\u00e7o de desgaste com elevado teor de cr\u00f3mio e a\u00e7o inoxid\u00e1vel<\/strong>, dependendo da aplica\u00e7\u00e3o.<\/p>\n<h3 data-start=\"4696\" data-end=\"4743\"><strong data-start=\"4700\" data-end=\"4741\">Q4: Est\u00e3o dispon\u00edveis tratamentos de superf\u00edcie?<\/strong><\/h3>\n<p data-start=\"4744\" data-end=\"4843\">Sim. As op\u00e7\u00f5es incluem <strong data-start=\"4765\" data-end=\"4817\">revestimento duro, tratamento t\u00e9rmico, galvaniza\u00e7\u00e3o e revestimento<\/strong> para aumentar a durabilidade.<\/p>\n<h3 data-start=\"4845\" data-end=\"4900\"><strong data-start=\"4849\" data-end=\"4898\">Q5: Que ind\u00fastrias utilizam habitualmente placas de desgaste?<\/strong><\/h3>\n<p data-start=\"4901\" data-end=\"5001\">As ind\u00fastrias mineira, do cimento, do a\u00e7o, da constru\u00e7\u00e3o, do manuseamento de materiais e qu\u00edmica s\u00e3o utilizadores t\u00edpicos.<\/p>","protected":false},"excerpt":{"rendered":"<p>As placas de desgaste fornecidas pela Wonzh s\u00e3o projetadas para fornecer resist\u00eancia \u00e0 abras\u00e3o, impacto e corros\u00e3o em equipamentos industriais. Elas s\u00e3o amplamente utilizadas em m\u00e1quinas de minera\u00e7\u00e3o, cimento, a\u00e7o, constru\u00e7\u00e3o, manuseio de materiais e gera\u00e7\u00e3o de energia para proteger as superf\u00edcies estruturais e reduzir os custos de manuten\u00e7\u00e3o.<\/p>","protected":false},"featured_media":1539,"comment_status":"open","ping_status":"closed","template":"","meta":{"site-sidebar-layout":"default","site-content-layout":"","ast-site-content-layout":"default","site-content-style":"default","site-sidebar-style":"default","ast-global-header-display":"","ast-banner-title-visibility":"","ast-main-header-display":"","ast-hfb-above-header-display":"","ast-hfb-below-header-display":"","ast-hfb-mobile-header-display":"","site-post-title":"","ast-breadcrumbs-content":"","ast-featured-img":"","footer-sml-layout":"","ast-disable-related-posts":"","theme-transparent-header-meta":"default","adv-header-id-meta":"","stick-header-meta":"default","header-above-stick-meta":"","header-main-stick-meta":"","header-below-stick-meta":"","astra-migrate-meta-layouts":"set","ast-page-background-enabled":"default","ast-page-background-meta":{"desktop":{"background-color":"","background-image":"","background-repeat":"repeat","background-position":"center center","background-size":"auto","background-attachment":"scroll","background-type":"","background-media":"","overlay-type":"","overlay-color":"","overlay-opacity":"","overlay-gradient":""},"tablet":{"background-color":"","background-image":"","background-repeat":"repeat","background-position":"center center","background-size":"auto","background-attachment":"scroll","background-type":"","background-media":"","overlay-type":"","overlay-color":"","overlay-opacity":"","overlay-gradient":""},"mobile":{"background-color":"","background-image":"","background-repeat":"repeat","background-position":"center center","background-size":"auto","background-attachment":"scroll","background-type":"","background-media":"","overlay-type":"","overlay-color":"","overlay-opacity":"","overlay-gradient":""}},"ast-content-background-meta":{"desktop":{"background-color":"var(--ast-global-color-5)","background-image":"","background-repeat":"repeat","background-position":"center center","background-size":"auto","background-attachment":"scroll","background-type":"","background-media":"","overlay-type":"","overlay-color":"","overlay-opacity":"","overlay-gradient":""},"tablet":{"background-color":"var(--ast-global-color-5)","background-image":"","background-repeat":"repeat","background-position":"center center","background-size":"auto","background-attachment":"scroll","background-type":"","background-media":"","overlay-type":"","overlay-color":"","overlay-opacity":"","overlay-gradient":""},"mobile":{"background-color":"var(--ast-global-color-5)","background-image":"","background-repeat":"repeat","background-position":"center center","background-size":"auto","background-attachment":"scroll","background-type":"","background-media":"","overlay-type":"","overlay-color":"","overlay-opacity":"","overlay-gradient":""}}},"product_brand":[],"product_cat":[24],"product_tag":[423,427,426,421,343,425,417,424,416,420,419,422,353,418,342],"class_list":{"0":"post-1478","1":"product","2":"type-product","3":"status-publish","4":"has-post-thumbnail","6":"product_cat-wear-parts-wear-components","7":"product_tag-cement-equipment-wear-parts","8":"product_tag-china-wear-plate-manufacturer","9":"product_tag-cnc-cut-wear-plates","10":"product_tag-conveyor-wear-plates","11":"product_tag-crusher-liners","12":"product_tag-custom-wear-plates","13":"product_tag-hardfaced-plates","14":"product_tag-heavy-duty-machinery-protection","15":"product_tag-high-chrome-wear-plates","16":"product_tag-hopper-liners","17":"product_tag-industrial-wear-components","18":"product_tag-mining-wear-plates","19":"product_tag-oem-wear-components","20":"product_tag-stainless-steel-wear-plates","21":"product_tag-wear-plates","22":"desktop-align-left","23":"tablet-align-left","24":"mobile-align-left","26":"first","27":"instock","28":"shipping-taxable","29":"product-type-simple"},"_links":{"self":[{"href":"https:\/\/www.wonzh.com\/pt\/wp-json\/wp\/v2\/product\/1478","targetHints":{"allow":["GET"]}}],"collection":[{"href":"https:\/\/www.wonzh.com\/pt\/wp-json\/wp\/v2\/product"}],"about":[{"href":"https:\/\/www.wonzh.com\/pt\/wp-json\/wp\/v2\/types\/product"}],"replies":[{"embeddable":true,"href":"https:\/\/www.wonzh.com\/pt\/wp-json\/wp\/v2\/comments?post=1478"}],"wp:featuredmedia":[{"embeddable":true,"href":"https:\/\/www.wonzh.com\/pt\/wp-json\/wp\/v2\/media\/1539"}],"wp:attachment":[{"href":"https:\/\/www.wonzh.com\/pt\/wp-json\/wp\/v2\/media?parent=1478"}],"wp:term":[{"taxonomy":"product_brand","embeddable":true,"href":"https:\/\/www.wonzh.com\/pt\/wp-json\/wp\/v2\/product_brand?post=1478"},{"taxonomy":"product_cat","embeddable":true,"href":"https:\/\/www.wonzh.com\/pt\/wp-json\/wp\/v2\/product_cat?post=1478"},{"taxonomy":"product_tag","embeddable":true,"href":"https:\/\/www.wonzh.com\/pt\/wp-json\/wp\/v2\/product_tag?post=1478"}],"curies":[{"name":"wp","href":"https:\/\/api.w.org\/{rel}","templated":true}]}}