{"id":1472,"date":"2026-02-03T15:00:09","date_gmt":"2026-02-03T15:00:09","guid":{"rendered":"https:\/\/www.wonzh.com\/?post_type=product&#038;p=1472"},"modified":"2026-02-05T14:50:06","modified_gmt":"2026-02-05T14:50:06","slug":"industrial-couplings-for-power-transmission-and-mechanical-systems","status":"publish","type":"product","link":"https:\/\/www.wonzh.com\/pt\/product\/industrial-couplings-for-power-transmission-and-mechanical-systems\/","title":{"rendered":"Acoplamentos industriais para transmiss\u00e3o de energia e sistemas mec\u00e2nicos"},"content":{"rendered":"<p data-start=\"567\" data-end=\"910\">Acoplamentos fornecidos por <strong data-start=\"589\" data-end=\"598\">Wonzh<\/strong> s\u00e3o componentes mec\u00e2nicos de engenharia de precis\u00e3o utilizados para ligar dois veios para a transmiss\u00e3o de pot\u00eancia, acomodando simultaneamente o desalinhamento, reduzindo a vibra\u00e7\u00e3o e protegendo o equipamento ligado. Os nossos acoplamentos s\u00e3o amplamente aplicados em <strong data-start=\"829\" data-end=\"907\">motores, bombas, compressores, transportadores, caixas de velocidades e m\u00e1quinas industriais<\/strong>.<\/p>\n<p data-start=\"912\" data-end=\"1409\">Fabricado com materiais de alta resist\u00eancia <strong data-start=\"944\" data-end=\"1015\">a\u00e7o-carbono, a\u00e7o-liga, a\u00e7o inoxid\u00e1vel ou pl\u00e1sticos de engenharia<\/strong>, Os acoplamentos Wonzh s\u00e3o concebidos para durabilidade, capacidade de bin\u00e1rio e fiabilidade operacional. Os nossos produtos incluem <strong data-start=\"1131\" data-end=\"1232\">acoplamentos r\u00edgidos, acoplamentos flex\u00edveis, acoplamentos de mand\u00edbulas, acoplamentos de engrenagens e solu\u00e7\u00f5es personalizadas<\/strong> para aplica\u00e7\u00f5es especializadas. A maquina\u00e7\u00e3o CNC avan\u00e7ada, o tratamento t\u00e9rmico e o acabamento de superf\u00edcie garantem um desempenho consistente sob cargas din\u00e2micas e condi\u00e7\u00f5es industriais adversas.<\/p>\n<p data-start=\"1411\" data-end=\"1722\">Fornecemos <strong data-start=\"1422\" data-end=\"1465\">acoplamentos standard e totalmente personalizados<\/strong>, A nossa equipa de engenharia pode recomendar tipos de acoplamentos adequados, materiais e toler\u00e2ncias para otimizar a efici\u00eancia e a vida \u00fatil da m\u00e1quina. A nossa equipa de engenharia pode recomendar tipos de acoplamento, materiais e toler\u00e2ncias adequados para otimizar a efici\u00eancia e a vida \u00fatil da m\u00e1quina.<\/p>\n<h2 data-start=\"1729\" data-end=\"1748\"><strong data-start=\"1732\" data-end=\"1748\">Carater\u00edsticas principais<\/strong><\/h2>\n<ul data-start=\"1750\" data-end=\"2049\">\n<li data-start=\"1750\" data-end=\"1789\">\n<p data-start=\"1752\" data-end=\"1789\">Capacidade de transmiss\u00e3o de bin\u00e1rio elevado<\/p>\n<\/li>\n<li data-start=\"1790\" data-end=\"1848\">\n<p data-start=\"1792\" data-end=\"1848\">Acomoda desalinhamentos angulares, paralelos e axiais<\/p>\n<\/li>\n<li data-start=\"1849\" data-end=\"1891\">\n<p data-start=\"1851\" data-end=\"1891\">Amortecimento de vibra\u00e7\u00f5es e absor\u00e7\u00e3o de choques<\/p>\n<\/li>\n<li data-start=\"1892\" data-end=\"1940\">\n<p data-start=\"1894\" data-end=\"1940\">Resistente ao desgaste e dur\u00e1vel sob cargas pesadas<\/p>\n<\/li>\n<li data-start=\"1941\" data-end=\"1992\">\n<p data-start=\"1943\" data-end=\"1992\">Tamanhos, materiais e tipos padr\u00e3o e personalizados<\/p>\n<\/li>\n<li data-start=\"1993\" data-end=\"2049\">\n<p data-start=\"1995\" data-end=\"2049\">Suporta a produ\u00e7\u00e3o de prot\u00f3tipos, pequenos lotes e em massa<\/p>\n<\/li>\n<\/ul>\n<h2 data-start=\"2056\" data-end=\"2083\"><strong data-start=\"2059\" data-end=\"2083\">Aplica\u00e7\u00f5es t\u00edpicas<\/strong><\/h2>\n<ul data-start=\"2085\" data-end=\"2350\">\n<li data-start=\"2085\" data-end=\"2116\">\n<p data-start=\"2087\" data-end=\"2116\">Motores e bombas industriais<\/p>\n<\/li>\n<li data-start=\"2117\" data-end=\"2155\">\n<p data-start=\"2119\" data-end=\"2155\">Caixas de velocidades e sistemas de transmiss\u00e3o<\/p>\n<\/li>\n<li data-start=\"2156\" data-end=\"2183\">\n<p data-start=\"2158\" data-end=\"2183\">Compressores e ventiladores<\/p>\n<\/li>\n<li data-start=\"2184\" data-end=\"2227\">\n<p data-start=\"2186\" data-end=\"2227\">Transportadores e sistemas de manuseamento de materiais<\/p>\n<\/li>\n<li data-start=\"2228\" data-end=\"2273\">\n<p data-start=\"2230\" data-end=\"2273\">Minas, constru\u00e7\u00e3o e maquinaria pesada<\/p>\n<\/li>\n<li data-start=\"2274\" data-end=\"2315\">\n<p data-start=\"2276\" data-end=\"2315\">Equipamentos de produ\u00e7\u00e3o de eletricidade e energia<\/p>\n<\/li>\n<li data-start=\"2316\" data-end=\"2350\">\n<p data-start=\"2318\" data-end=\"2350\">Automa\u00e7\u00e3o e sistemas rob\u00f3ticos<\/p>\n<\/li>\n<\/ul>\n<h2 data-start=\"2357\" data-end=\"2388\"><strong data-start=\"2360\" data-end=\"2388\">Tipos de acoplamentos que fornecemos<\/strong><\/h2>\n<div class=\"TyagGW_tableContainer\">\n<div class=\"group TyagGW_tableWrapper flex flex-col-reverse w-fit\" tabindex=\"-1\">\n<table class=\"w-fit min-w-(--thread-content-width)\" data-start=\"2390\" data-end=\"3062\">\n<thead data-start=\"2390\" data-end=\"2435\">\n<tr data-start=\"2390\" data-end=\"2435\">\n<th data-start=\"2390\" data-end=\"2406\" data-col-size=\"sm\">Tipo de acoplamento<\/th>\n<th data-start=\"2406\" data-end=\"2420\" data-col-size=\"md\">Descri\u00e7\u00e3o<\/th>\n<th data-start=\"2420\" data-end=\"2435\" data-col-size=\"md\">Utiliza\u00e7\u00e3o t\u00edpica<\/th>\n<\/tr>\n<\/thead>\n<tbody data-start=\"2450\" data-end=\"3062\">\n<tr data-start=\"2450\" data-end=\"2571\">\n<td data-start=\"2450\" data-end=\"2471\" data-col-size=\"sm\"><strong data-start=\"2452\" data-end=\"2470\">Acoplamento r\u00edgido<\/strong><\/td>\n<td data-start=\"2471\" data-end=\"2520\" data-col-size=\"md\">Liga\u00e7\u00e3o s\u00f3lida, sem compensa\u00e7\u00e3o de desalinhamento<\/td>\n<td data-start=\"2520\" data-end=\"2571\" data-col-size=\"md\">Alinhamento preciso do eixo, aplica\u00e7\u00f5es de baixa velocidade<\/td>\n<\/tr>\n<tr data-start=\"2572\" data-end=\"2681\">\n<td data-start=\"2572\" data-end=\"2596\" data-col-size=\"sm\"><strong data-start=\"2574\" data-end=\"2595\">Acoplamento flex\u00edvel<\/strong><\/td>\n<td data-start=\"2596\" data-end=\"2639\" data-col-size=\"md\">Permite o desalinhamento angular e paralelo<\/td>\n<td data-start=\"2639\" data-end=\"2681\" data-col-size=\"md\">Motores, bombas, amortecimento de vibra\u00e7\u00f5es ligeiras<\/td>\n<\/tr>\n<tr data-start=\"2682\" data-end=\"2787\">\n<td data-start=\"2682\" data-end=\"2701\" data-col-size=\"sm\"><strong data-start=\"2684\" data-end=\"2700\">Acoplamento de mand\u00edbulas<\/strong><\/td>\n<td data-start=\"2701\" data-end=\"2748\" data-col-size=\"md\">A inser\u00e7\u00e3o de elast\u00f3mero absorve as vibra\u00e7\u00f5es e os choques<\/td>\n<td data-start=\"2748\" data-end=\"2787\" data-col-size=\"md\">Transmiss\u00e3o de bin\u00e1rio para fins gerais<\/td>\n<\/tr>\n<tr data-start=\"2788\" data-end=\"2883\">\n<td data-start=\"2788\" data-end=\"2808\" data-col-size=\"sm\"><strong data-start=\"2790\" data-end=\"2807\">Acoplamento de engrenagens<\/strong><\/td>\n<td data-start=\"2808\" data-end=\"2848\" data-col-size=\"md\">Bin\u00e1rio elevado, compensa o desalinhamento<\/td>\n<td data-start=\"2848\" data-end=\"2883\" data-col-size=\"md\">M\u00e1quinas industriais pesadas<\/td>\n<\/tr>\n<tr data-start=\"2884\" data-end=\"2979\">\n<td data-start=\"2884\" data-end=\"2911\" data-col-size=\"sm\"><strong data-start=\"2886\" data-end=\"2910\">Acoplamento de grelha \/ disco<\/strong><\/td>\n<td data-start=\"2911\" data-end=\"2947\" data-col-size=\"md\">Flex\u00edvel \u00e0 tor\u00e7\u00e3o, bin\u00e1rio elevado<\/td>\n<td data-start=\"2947\" data-end=\"2979\" data-col-size=\"md\">Bombas, compressores, turbinas<\/td>\n<\/tr>\n<tr data-start=\"2980\" data-end=\"3062\">\n<td data-start=\"2980\" data-end=\"3002\" data-col-size=\"sm\"><strong data-start=\"2982\" data-end=\"3001\">Acoplamento personalizado<\/strong><\/td>\n<td data-start=\"3002\" data-end=\"3033\" data-col-size=\"md\">Concebido de acordo com as especifica\u00e7\u00f5es<\/td>\n<td data-start=\"3033\" data-end=\"3062\" data-col-size=\"md\">OEM e m\u00e1quinas especiais<\/td>\n<\/tr>\n<\/tbody>\n<\/table>\n<\/div>\n<\/div>\n<h2 data-start=\"3069\" data-end=\"3121\"><strong data-start=\"3072\" data-end=\"3119\">Par\u00e2metros t\u00e9cnicos (Gama representativa)<\/strong><\/h2>\n<div class=\"TyagGW_tableContainer\">\n<div class=\"group TyagGW_tableWrapper flex flex-col-reverse w-fit\" tabindex=\"-1\">\n<table class=\"w-fit min-w-(--thread-content-width)\" data-start=\"3123\" data-end=\"3669\">\n<thead data-start=\"3123\" data-end=\"3160\">\n<tr data-start=\"3123\" data-end=\"3160\">\n<th data-start=\"3123\" data-end=\"3135\" data-col-size=\"sm\">Par\u00e2metro<\/th>\n<th data-start=\"3135\" data-end=\"3160\" data-col-size=\"md\">Especifica\u00e7\u00e3o \/ Gama<\/th>\n<\/tr>\n<\/thead>\n<tbody data-start=\"3171\" data-end=\"3669\">\n<tr data-start=\"3171\" data-end=\"3268\">\n<td data-start=\"3171\" data-end=\"3190\" data-col-size=\"sm\">Op\u00e7\u00f5es de materiais<\/td>\n<td data-start=\"3190\" data-end=\"3268\" data-col-size=\"md\">A\u00e7o carbono, a\u00e7o de liga, a\u00e7o inoxid\u00e1vel, alum\u00ednio, pl\u00e1sticos de engenharia<\/td>\n<\/tr>\n<tr data-start=\"3269\" data-end=\"3317\">\n<td data-start=\"3269\" data-end=\"3285\" data-col-size=\"sm\">Di\u00e2metro do furo<\/td>\n<td data-start=\"3285\" data-end=\"3317\" data-col-size=\"md\">5 mm - 150 mm (personaliz\u00e1vel)<\/td>\n<\/tr>\n<tr data-start=\"3318\" data-end=\"3381\">\n<td data-start=\"3318\" data-end=\"3336\" data-col-size=\"sm\">Capacidade de bin\u00e1rio<\/td>\n<td data-start=\"3336\" data-end=\"3381\" data-col-size=\"md\">10 Nm - 50.000 Nm (consoante a aplica\u00e7\u00e3o)<\/td>\n<\/tr>\n<tr data-start=\"3382\" data-end=\"3461\">\n<td data-start=\"3382\" data-end=\"3406\" data-col-size=\"sm\">Capacidade de desalinhamento<\/td>\n<td data-start=\"3406\" data-end=\"3461\" data-col-size=\"md\">Angular: 1\u00b0-5\u00b0, Paralelo: 0,1-1 mm, Axial: 0,5-5 mm<\/td>\n<\/tr>\n<tr data-start=\"3462\" data-end=\"3510\">\n<td data-start=\"3462\" data-end=\"3470\" data-col-size=\"sm\">Velocidade<\/td>\n<td data-start=\"3470\" data-end=\"3510\" data-col-size=\"md\">At\u00e9 10.000 RPM (dependendo do tipo)<\/td>\n<\/tr>\n<tr data-start=\"3511\" data-end=\"3562\">\n<td data-start=\"3511\" data-end=\"3531\" data-col-size=\"sm\">Tratamento de superf\u00edcie<\/td>\n<td data-start=\"3531\" data-end=\"3562\" data-col-size=\"md\">Endurecimento, revestimento, galvaniza\u00e7\u00e3o<\/td>\n<\/tr>\n<tr data-start=\"3563\" data-end=\"3607\">\n<td data-start=\"3563\" data-end=\"3585\" data-col-size=\"sm\">Normas suportadas<\/td>\n<td data-start=\"3585\" data-end=\"3607\" data-col-size=\"md\">ISO, DIN, AGMA, GB<\/td>\n<\/tr>\n<tr data-start=\"3608\" data-end=\"3669\">\n<td data-start=\"3608\" data-end=\"3626\" data-col-size=\"sm\">Tipo de produ\u00e7\u00e3o<\/td>\n<td data-start=\"3626\" data-end=\"3669\" data-col-size=\"md\">Prot\u00f3tipo, pequeno lote, produ\u00e7\u00e3o em massa<\/td>\n<\/tr>\n<\/tbody>\n<\/table>\n<\/div>\n<\/div>\n<h2 data-start=\"3676\" data-end=\"3709\"><strong data-start=\"3679\" data-end=\"3709\">Guia de material e sele\u00e7\u00e3o<\/strong><\/h2>\n<div class=\"TyagGW_tableContainer\">\n<div class=\"group TyagGW_tableWrapper flex flex-col-reverse w-fit\" tabindex=\"-1\">\n<table class=\"w-fit min-w-(--thread-content-width)\" data-start=\"3711\" data-end=\"4136\">\n<thead data-start=\"3711\" data-end=\"3750\">\n<tr data-start=\"3711\" data-end=\"3750\">\n<th data-start=\"3711\" data-end=\"3722\" data-col-size=\"sm\">Material<\/th>\n<th data-start=\"3722\" data-end=\"3735\" data-col-size=\"sm\">Vantagens<\/th>\n<th data-start=\"3735\" data-end=\"3750\" data-col-size=\"sm\">Utiliza\u00e7\u00e3o t\u00edpica<\/th>\n<\/tr>\n<\/thead>\n<tbody data-start=\"3765\" data-end=\"4136\">\n<tr data-start=\"3765\" data-end=\"3841\">\n<td data-start=\"3765\" data-end=\"3784\" data-col-size=\"sm\"><strong data-start=\"3767\" data-end=\"3783\">A\u00e7o carbono<\/strong><\/td>\n<td data-start=\"3784\" data-end=\"3809\" data-col-size=\"sm\">Forte e econ\u00f3mico<\/td>\n<td data-start=\"3809\" data-end=\"3841\" data-col-size=\"sm\">Acoplamentos industriais gerais<\/td>\n<\/tr>\n<tr data-start=\"3842\" data-end=\"3935\">\n<td data-start=\"3842\" data-end=\"3860\" data-col-size=\"sm\"><strong data-start=\"3844\" data-end=\"3859\">A\u00e7o de liga leve<\/strong><\/td>\n<td data-start=\"3860\" data-end=\"3892\" data-col-size=\"sm\">Alta resist\u00eancia, resistente ao desgaste<\/td>\n<td data-start=\"3892\" data-end=\"3935\" data-col-size=\"sm\">Aplica\u00e7\u00f5es pesadas e de bin\u00e1rio elevado<\/td>\n<\/tr>\n<tr data-start=\"3936\" data-end=\"4020\">\n<td data-start=\"3936\" data-end=\"3958\" data-col-size=\"sm\"><strong data-start=\"3938\" data-end=\"3957\">A\u00e7o inoxid\u00e1vel<\/strong><\/td>\n<td data-start=\"3958\" data-end=\"3980\" data-col-size=\"sm\">Resistente \u00e0 corros\u00e3o<\/td>\n<td data-start=\"3980\" data-end=\"4020\" data-col-size=\"sm\">M\u00e1quinas mar\u00edtimas, qu\u00edmicas e alimentares<\/td>\n<\/tr>\n<tr data-start=\"4021\" data-end=\"4136\">\n<td data-start=\"4021\" data-end=\"4061\" data-col-size=\"sm\"><strong data-start=\"4023\" data-end=\"4060\">Pl\u00e1sticos de engenharia \/ Elast\u00f3meros<\/strong><\/td>\n<td data-start=\"4061\" data-end=\"4093\" data-col-size=\"sm\">Absor\u00e7\u00e3o de choques, leveza<\/td>\n<td data-start=\"4093\" data-end=\"4136\" data-col-size=\"sm\">Aplica\u00e7\u00f5es de baixa velocidade e propensas a vibra\u00e7\u00f5es<\/td>\n<\/tr>\n<\/tbody>\n<\/table>\n<\/div>\n<\/div>\n<div class=\"TyagGW_tableContainer\">\n<div class=\"group TyagGW_tableWrapper flex flex-col-reverse w-fit\" tabindex=\"-1\">\n<table class=\"w-fit min-w-(--thread-content-width)\" data-start=\"4138\" data-end=\"4521\">\n<thead data-start=\"4138\" data-end=\"4185\">\n<tr data-start=\"4138\" data-end=\"4185\">\n<th data-start=\"4138\" data-end=\"4154\" data-col-size=\"sm\">Tipo de acoplamento<\/th>\n<th data-start=\"4154\" data-end=\"4166\" data-col-size=\"sm\">Vantagem<\/th>\n<th data-start=\"4166\" data-end=\"4185\" data-col-size=\"sm\">Recomendado para<\/th>\n<\/tr>\n<\/thead>\n<tbody data-start=\"4200\" data-end=\"4521\">\n<tr data-start=\"4200\" data-end=\"4263\">\n<td data-start=\"4200\" data-end=\"4208\" data-col-size=\"sm\">R\u00edgido<\/td>\n<td data-start=\"4208\" data-end=\"4241\" data-col-size=\"sm\">Bin\u00e1rio elevado, alinhamento preciso<\/td>\n<td data-start=\"4241\" data-end=\"4263\" data-col-size=\"sm\">M\u00e1quinas de baixa velocidade<\/td>\n<\/tr>\n<tr data-start=\"4264\" data-end=\"4320\">\n<td data-start=\"4264\" data-end=\"4275\" data-col-size=\"sm\">Flex\u00edvel<\/td>\n<td data-start=\"4275\" data-end=\"4303\" data-col-size=\"sm\">Compensa\u00e7\u00e3o do desalinhamento<\/td>\n<td data-start=\"4303\" data-end=\"4320\" data-col-size=\"sm\">Motores, bombas<\/td>\n<\/tr>\n<tr data-start=\"4321\" data-end=\"4389\">\n<td data-start=\"4321\" data-end=\"4327\" data-col-size=\"sm\">Mand\u00edbula<\/td>\n<td data-start=\"4327\" data-end=\"4350\" data-col-size=\"sm\">Absor\u00e7\u00e3o de vibra\u00e7\u00f5es<\/td>\n<td data-start=\"4350\" data-end=\"4389\" data-col-size=\"sm\">Accionamentos de m\u00e9dia velocidade para fins gerais<\/td>\n<\/tr>\n<tr data-start=\"4390\" data-end=\"4451\">\n<td data-start=\"4390\" data-end=\"4397\" data-col-size=\"sm\">Engrenagem<\/td>\n<td data-start=\"4397\" data-end=\"4417\" data-col-size=\"sm\">Bin\u00e1rio de aperto pesado<\/td>\n<td data-start=\"4417\" data-end=\"4451\" data-col-size=\"sm\">M\u00e1quinas industriais de alta carga<\/td>\n<\/tr>\n<tr data-start=\"4452\" data-end=\"4521\">\n<td data-start=\"4452\" data-end=\"4466\" data-col-size=\"sm\">Grelha \/ Disco<\/td>\n<td data-start=\"4466\" data-end=\"4489\" data-col-size=\"sm\">Flex\u00edvel \u00e0 tor\u00e7\u00e3o<\/td>\n<td data-start=\"4489\" data-end=\"4521\" data-col-size=\"sm\">Bombas, compressores, turbinas<\/td>\n<\/tr>\n<\/tbody>\n<\/table>\n<\/div>\n<\/div>\n<h2 data-start=\"4528\" data-end=\"4551\"><strong data-start=\"4531\" data-end=\"4551\">Por que escolher a Wonzh<\/strong><\/h2>\n<ul data-start=\"4553\" data-end=\"4854\">\n<li data-start=\"4553\" data-end=\"4601\">\n<p data-start=\"4555\" data-end=\"4601\">Acoplamentos de alta qualidade e precis\u00e3o<\/p>\n<\/li>\n<li data-start=\"4602\" data-end=\"4653\">\n<p data-start=\"4604\" data-end=\"4653\">Processos avan\u00e7ados de fabrico e inspe\u00e7\u00e3o<\/p>\n<\/li>\n<li data-start=\"4654\" data-end=\"4730\">\n<p data-start=\"4656\" data-end=\"4730\">Suporte de engenharia personalizado para bin\u00e1rio, alinhamento e sele\u00e7\u00e3o de materiais<\/p>\n<\/li>\n<li data-start=\"4731\" data-end=\"4800\">\n<p data-start=\"4733\" data-end=\"4800\">Dur\u00e1vel, resistente ao desgaste e fi\u00e1vel para aplica\u00e7\u00f5es pesadas<\/p>\n<\/li>\n<li data-start=\"4801\" data-end=\"4854\">\n<p data-start=\"4803\" data-end=\"4854\">Do prot\u00f3tipo \u00e0 produ\u00e7\u00e3o em massa com entrega global<\/p>\n<\/li>\n<\/ul>\n<h2 data-start=\"4861\" data-end=\"4902\"><strong data-start=\"4864\" data-end=\"4900\">Perguntas frequentes (FAQ)<\/strong><\/h2>\n<h3 data-start=\"4904\" data-end=\"4952\"><strong data-start=\"4908\" data-end=\"4950\">Q1: Qual \u00e9 o objetivo de um acoplamento?<\/strong><\/h3>\n<p data-start=\"4953\" data-end=\"5073\">Um acoplamento liga dois veios para transmitir o bin\u00e1rio, ao mesmo tempo que se adapta ao desalinhamento e absorve vibra\u00e7\u00f5es ou choques.<\/p>\n<h3 data-start=\"5075\" data-end=\"5122\"><strong data-start=\"5079\" data-end=\"5120\">Q2: Podem fornecer acoplamentos personalizados?<\/strong><\/h3>\n<p data-start=\"5123\" data-end=\"5230\">Sim. Fabricamos acoplamentos personalizados com base nas dimens\u00f5es dos veios, requisitos de bin\u00e1rio e condi\u00e7\u00f5es de funcionamento.<\/p>\n<h3 data-start=\"5232\" data-end=\"5306\"><strong data-start=\"5236\" data-end=\"5304\">Q3: Que tipo de acoplamento \u00e9 melhor para aplica\u00e7\u00f5es de bin\u00e1rio elevado?<\/strong><\/h3>\n<p data-start=\"5307\" data-end=\"5404\"><strong data-start=\"5307\" data-end=\"5325\">Acoplamentos de engrenagens<\/strong> e <strong data-start=\"5330\" data-end=\"5353\">acoplamentos de grelha\/disco<\/strong> s\u00e3o ideais para maquinaria de bin\u00e1rio elevado e de servi\u00e7o pesado.<\/p>\n<h3 data-start=\"5406\" data-end=\"5468\"><strong data-start=\"5410\" data-end=\"5466\">Q4: Os acoplamentos podem compensar o desalinhamento do eixo?<\/strong><\/h3>\n<p data-start=\"5469\" data-end=\"5569\">Sim. Os acoplamentos flex\u00edveis, de maxilas, de engrenagens e de discos podem lidar com desalinhamentos angulares, paralelos e axiais.<\/p>\n<h3 data-start=\"5571\" data-end=\"5614\"><strong data-start=\"5575\" data-end=\"5612\">Q5: Que materiais est\u00e3o dispon\u00edveis?<\/strong><\/h3>\n<p data-start=\"5615\" data-end=\"5762\">Os acoplamentos s\u00e3o feitos de <strong data-start=\"5639\" data-end=\"5720\">a\u00e7o-carbono, a\u00e7o-liga, a\u00e7o inoxid\u00e1vel, alum\u00ednio ou pl\u00e1sticos de engenharia<\/strong>, dependendo dos requisitos da aplica\u00e7\u00e3o.<\/p>","protected":false},"excerpt":{"rendered":"<p>Acoplamentos fornecidos por <strong data-start=\"589\" data-end=\"598\">Wonzh<\/strong> s\u00e3o componentes mec\u00e2nicos de engenharia de precis\u00e3o utilizados para ligar dois veios para a transmiss\u00e3o de pot\u00eancia, acomodando simultaneamente o desalinhamento, reduzindo a vibra\u00e7\u00e3o e protegendo o equipamento ligado. Os nossos acoplamentos s\u00e3o amplamente aplicados em <strong data-start=\"829\" data-end=\"907\">motores, bombas, compressores, transportadores, caixas de velocidades e m\u00e1quinas industriais<\/strong>.<\/p>","protected":false},"featured_media":1530,"comment_status":"open","ping_status":"closed","template":"","meta":{"site-sidebar-layout":"default","site-content-layout":"","ast-site-content-layout":"default","site-content-style":"default","site-sidebar-style":"default","ast-global-header-display":"","ast-banner-title-visibility":"","ast-main-header-display":"","ast-hfb-above-header-display":"","ast-hfb-below-header-display":"","ast-hfb-mobile-header-display":"","site-post-title":"","ast-breadcrumbs-content":"","ast-featured-img":"","footer-sml-layout":"","ast-disable-related-posts":"","theme-transparent-header-meta":"default","adv-header-id-meta":"","stick-header-meta":"default","header-above-stick-meta":"","header-main-stick-meta":"","header-below-stick-meta":"","astra-migrate-meta-layouts":"set","ast-page-background-enabled":"default","ast-page-background-meta":{"desktop":{"background-color":"","background-image":"","background-repeat":"repeat","background-position":"center center","background-size":"auto","background-attachment":"scroll","background-type":"","background-media":"","overlay-type":"","overlay-color":"","overlay-opacity":"","overlay-gradient":""},"tablet":{"background-color":"","background-image":"","background-repeat":"repeat","background-position":"center center","background-size":"auto","background-attachment":"scroll","background-type":"","background-media":"","overlay-type":"","overlay-color":"","overlay-opacity":"","overlay-gradient":""},"mobile":{"background-color":"","background-image":"","background-repeat":"repeat","background-position":"center center","background-size":"auto","background-attachment":"scroll","background-type":"","background-media":"","overlay-type":"","overlay-color":"","overlay-opacity":"","overlay-gradient":""}},"ast-content-background-meta":{"desktop":{"background-color":"var(--ast-global-color-5)","background-image":"","background-repeat":"repeat","background-position":"center center","background-size":"auto","background-attachment":"scroll","background-type":"","background-media":"","overlay-type":"","overlay-color":"","overlay-opacity":"","overlay-gradient":""},"tablet":{"background-color":"var(--ast-global-color-5)","background-image":"","background-repeat":"repeat","background-position":"center center","background-size":"auto","background-attachment":"scroll","background-type":"","background-media":"","overlay-type":"","overlay-color":"","overlay-opacity":"","overlay-gradient":""},"mobile":{"background-color":"var(--ast-global-color-5)","background-image":"","background-repeat":"repeat","background-position":"center center","background-size":"auto","background-attachment":"scroll","background-type":"","background-media":"","overlay-type":"","overlay-color":"","overlay-opacity":"","overlay-gradient":""}}},"product_brand":[],"product_cat":[25],"product_tag":[385,381,377,372,375,376,383,371,374,380,382,373,378,384,379],"class_list":{"0":"post-1472","1":"product","2":"type-product","3":"status-publish","4":"has-post-thumbnail","6":"product_cat-transmission-drive-components","7":"product_tag-china-coupling-manufacturer","8":"product_tag-cnc-coupling","9":"product_tag-disc-coupling","10":"product_tag-flexible-coupling","11":"product_tag-gear-coupling","12":"product_tag-grid-coupling","13":"product_tag-high-torque-coupling","14":"product_tag-industrial-couplings","15":"product_tag-jaw-coupling","16":"product_tag-misalignment-compensation","17":"product_tag-oem-couplings","18":"product_tag-rigid-coupling","19":"product_tag-shaft-connection","20":"product_tag-stainless-steel-coupling","21":"product_tag-torque-transmission","22":"desktop-align-left","23":"tablet-align-left","24":"mobile-align-left","26":"first","27":"instock","28":"shipping-taxable","29":"product-type-simple"},"_links":{"self":[{"href":"https:\/\/www.wonzh.com\/pt\/wp-json\/wp\/v2\/product\/1472","targetHints":{"allow":["GET"]}}],"collection":[{"href":"https:\/\/www.wonzh.com\/pt\/wp-json\/wp\/v2\/product"}],"about":[{"href":"https:\/\/www.wonzh.com\/pt\/wp-json\/wp\/v2\/types\/product"}],"replies":[{"embeddable":true,"href":"https:\/\/www.wonzh.com\/pt\/wp-json\/wp\/v2\/comments?post=1472"}],"wp:featuredmedia":[{"embeddable":true,"href":"https:\/\/www.wonzh.com\/pt\/wp-json\/wp\/v2\/media\/1530"}],"wp:attachment":[{"href":"https:\/\/www.wonzh.com\/pt\/wp-json\/wp\/v2\/media?parent=1472"}],"wp:term":[{"taxonomy":"product_brand","embeddable":true,"href":"https:\/\/www.wonzh.com\/pt\/wp-json\/wp\/v2\/product_brand?post=1472"},{"taxonomy":"product_cat","embeddable":true,"href":"https:\/\/www.wonzh.com\/pt\/wp-json\/wp\/v2\/product_cat?post=1472"},{"taxonomy":"product_tag","embeddable":true,"href":"https:\/\/www.wonzh.com\/pt\/wp-json\/wp\/v2\/product_tag?post=1472"}],"curies":[{"name":"wp","href":"https:\/\/api.w.org\/{rel}","templated":true}]}}