{"id":1471,"date":"2026-02-03T14:55:58","date_gmt":"2026-02-03T14:55:58","guid":{"rendered":"https:\/\/www.wonzh.com\/?post_type=product&#038;p=1471"},"modified":"2026-02-05T14:46:49","modified_gmt":"2026-02-05T14:46:49","slug":"precision-gears-gear-components-for-industrial-machinery-and-oem-applications","status":"publish","type":"product","link":"https:\/\/www.wonzh.com\/pt\/product\/precision-gears-gear-components-for-industrial-machinery-and-oem-applications\/","title":{"rendered":"Engrenagens de precis\u00e3o e componentes de engrenagens para maquinaria industrial e aplica\u00e7\u00f5es OEM"},"content":{"rendered":"<p data-start=\"567\" data-end=\"900\">Engrenagens e componentes de engrenagens fornecidos por <strong data-start=\"603\" data-end=\"612\">Wonzh<\/strong> s\u00e3o pe\u00e7as mec\u00e2nicas de engenharia de precis\u00e3o concebidas para transmitir bin\u00e1rio, controlar a velocidade e ajustar o movimento entre veios rotativos em equipamento industrial. Os nossos produtos s\u00e3o amplamente utilizados em <strong data-start=\"798\" data-end=\"897\">caixas de velocidades, sistemas de automa\u00e7\u00e3o, maquinaria pesada, autom\u00f3vel e aplica\u00e7\u00f5es de transmiss\u00e3o de pot\u00eancia<\/strong>.<\/p>\n<p data-start=\"902\" data-end=\"1252\">Fabricado com materiais de primeira qualidade <strong data-start=\"928\" data-end=\"1000\">a\u00e7o-carbono, a\u00e7o-liga, a\u00e7o inoxid\u00e1vel e pl\u00e1sticos de engenharia<\/strong>, As engrenagens Wonzh s\u00e3o submetidas a processos avan\u00e7ados, incluindo <strong data-start=\"1051\" data-end=\"1126\">Maquina\u00e7\u00e3o CNC, fresagem, retifica\u00e7\u00e3o, tratamento t\u00e9rmico e acabamento de superf\u00edcies<\/strong>. Isto assegura uma elevada precis\u00e3o dimensional, resist\u00eancia ao desgaste, redu\u00e7\u00e3o do ru\u00eddo e um funcionamento suave em condi\u00e7\u00f5es de carga elevada.<\/p>\n<p data-start=\"1254\" data-end=\"1597\">Fornecemos <strong data-start=\"1265\" data-end=\"1359\">engrenagens de dentes retos, engrenagens helicoidais, engrenagens c\u00f3nicas, engrenagens sem-fim, cremalheiras de engrenagens e componentes de engrenagens personalizados<\/strong> com op\u00e7\u00f5es para tamanhos padr\u00e3o ou totalmente personalizados, perfis de dentes e materiais. A nossa equipa t\u00e9cnica apoia a sele\u00e7\u00e3o de materiais, a especifica\u00e7\u00e3o de toler\u00e2ncias e a otimiza\u00e7\u00e3o do design para satisfazer os requisitos de desempenho espec\u00edficos da aplica\u00e7\u00e3o.<\/p>\n<h2 data-start=\"1604\" data-end=\"1623\"><strong data-start=\"1607\" data-end=\"1623\">Carater\u00edsticas principais<\/strong><\/h2>\n<ul data-start=\"1625\" data-end=\"1951\">\n<li data-start=\"1625\" data-end=\"1682\">\n<p data-start=\"1627\" data-end=\"1682\">Elevada precis\u00e3o dimensional e precis\u00e3o do perfil do dente<\/p>\n<\/li>\n<li data-start=\"1683\" data-end=\"1733\">\n<p data-start=\"1685\" data-end=\"1733\">Excelente resist\u00eancia ao desgaste e dureza superficial<\/p>\n<\/li>\n<li data-start=\"1734\" data-end=\"1789\">\n<p data-start=\"1736\" data-end=\"1789\">Transmiss\u00e3o de bin\u00e1rio eficiente com folga m\u00ednima<\/p>\n<\/li>\n<li data-start=\"1790\" data-end=\"1845\">\n<p data-start=\"1792\" data-end=\"1845\">Compat\u00edvel com conjuntos de engrenagens padr\u00e3o e personalizados<\/p>\n<\/li>\n<li data-start=\"1846\" data-end=\"1895\">\n<p data-start=\"1848\" data-end=\"1895\">Materiais, tamanhos e tipos de engrenagens personaliz\u00e1veis<\/p>\n<\/li>\n<li data-start=\"1896\" data-end=\"1951\">\n<p data-start=\"1898\" data-end=\"1951\">Suporte para prot\u00f3tipos, pequenos lotes e produ\u00e7\u00e3o em massa<\/p>\n<\/li>\n<\/ul>\n<h2 data-start=\"1958\" data-end=\"1985\"><strong data-start=\"1961\" data-end=\"1985\">Aplica\u00e7\u00f5es t\u00edpicas<\/strong><\/h2>\n<ul data-start=\"1987\" data-end=\"2270\">\n<li data-start=\"1987\" data-end=\"2025\">\n<p data-start=\"1989\" data-end=\"2025\">Caixas de velocidades e sistemas de transmiss\u00e3o<\/p>\n<\/li>\n<li data-start=\"2026\" data-end=\"2061\">\n<p data-start=\"2028\" data-end=\"2061\">Equipamentos de automa\u00e7\u00e3o industrial<\/p>\n<\/li>\n<li data-start=\"2062\" data-end=\"2113\">\n<p data-start=\"2064\" data-end=\"2113\">M\u00e1quinas pesadas e equipamento de manuseamento de materiais<\/p>\n<\/li>\n<li data-start=\"2114\" data-end=\"2155\">\n<p data-start=\"2116\" data-end=\"2155\">Aplica\u00e7\u00f5es para autom\u00f3veis e transportes<\/p>\n<\/li>\n<li data-start=\"2156\" data-end=\"2195\">\n<p data-start=\"2158\" data-end=\"2195\">Instrumentos aeroespaciais e de precis\u00e3o<\/p>\n<\/li>\n<li data-start=\"2196\" data-end=\"2232\">\n<p data-start=\"2198\" data-end=\"2232\">Bombas, compressores e turbinas<\/p>\n<\/li>\n<li data-start=\"2233\" data-end=\"2270\">\n<p data-start=\"2235\" data-end=\"2270\">M\u00e1quinas para as ind\u00fastrias extractivas e de constru\u00e7\u00e3o<\/p>\n<\/li>\n<\/ul>\n<h2 data-start=\"2277\" data-end=\"2304\"><strong data-start=\"2280\" data-end=\"2304\">Tipos de engrenagens que fornecemos<\/strong><\/h2>\n<div class=\"TyagGW_tableContainer\">\n<div class=\"group TyagGW_tableWrapper flex flex-col-reverse w-fit\" tabindex=\"-1\">\n<table class=\"w-fit min-w-(--thread-content-width)\" data-start=\"2306\" data-end=\"2901\">\n<thead data-start=\"2306\" data-end=\"2347\">\n<tr data-start=\"2306\" data-end=\"2347\">\n<th data-start=\"2306\" data-end=\"2318\" data-col-size=\"sm\">Tipo de engrenagem<\/th>\n<th data-start=\"2318\" data-end=\"2332\" data-col-size=\"sm\">Descri\u00e7\u00e3o<\/th>\n<th data-start=\"2332\" data-end=\"2347\" data-col-size=\"sm\">Utiliza\u00e7\u00e3o t\u00edpica<\/th>\n<\/tr>\n<\/thead>\n<tbody data-start=\"2362\" data-end=\"2901\">\n<tr data-start=\"2362\" data-end=\"2447\">\n<td data-start=\"2362\" data-end=\"2378\" data-col-size=\"sm\"><strong data-start=\"2364\" data-end=\"2377\">Engrenagem de dentes rectos<\/strong><\/td>\n<td data-start=\"2378\" data-end=\"2416\" data-col-size=\"sm\">Dentes rectos paralelos ao eixo<\/td>\n<td data-start=\"2416\" data-end=\"2447\" data-col-size=\"sm\">Caixas de velocidades simples, transportadores<\/td>\n<\/tr>\n<tr data-start=\"2448\" data-end=\"2539\">\n<td data-start=\"2448\" data-end=\"2467\" data-col-size=\"sm\"><strong data-start=\"2450\" data-end=\"2466\">Engrenagem helicoidal<\/strong><\/td>\n<td data-start=\"2467\" data-end=\"2503\" data-col-size=\"sm\">Dentes angulares para um funcionamento suave<\/td>\n<td data-start=\"2503\" data-end=\"2539\" data-col-size=\"sm\">Sistemas de alta velocidade e alta carga<\/td>\n<\/tr>\n<tr data-start=\"2540\" data-end=\"2631\">\n<td data-start=\"2540\" data-end=\"2557\" data-col-size=\"sm\"><strong data-start=\"2542\" data-end=\"2556\">Engrenagem c\u00f3nica<\/strong><\/td>\n<td data-start=\"2557\" data-end=\"2598\" data-col-size=\"sm\">Dentes c\u00f3nicos para transmiss\u00e3o angular<\/td>\n<td data-start=\"2598\" data-end=\"2631\" data-col-size=\"sm\">Accionamentos em \u00e2ngulo reto, m\u00e1quinas<\/td>\n<\/tr>\n<tr data-start=\"2632\" data-end=\"2718\">\n<td data-start=\"2632\" data-end=\"2648\" data-col-size=\"sm\"><strong data-start=\"2634\" data-end=\"2647\">Engrenagem sem-fim<\/strong><\/td>\n<td data-start=\"2648\" data-end=\"2679\" data-col-size=\"sm\">Engrenagem roscada e parafuso sem-fim<\/td>\n<td data-start=\"2679\" data-end=\"2718\" data-col-size=\"sm\">Alta redu\u00e7\u00e3o, transmiss\u00e3o de bin\u00e1rio<\/td>\n<\/tr>\n<tr data-start=\"2719\" data-end=\"2805\">\n<td data-start=\"2719\" data-end=\"2735\" data-col-size=\"sm\"><strong data-start=\"2721\" data-end=\"2734\">Suporte de engrenagens<\/strong><\/td>\n<td data-start=\"2735\" data-end=\"2771\" data-col-size=\"sm\">Engrenagem linear para convers\u00e3o de movimento<\/td>\n<td data-start=\"2771\" data-end=\"2805\" data-col-size=\"sm\">Actuadores lineares, m\u00e1quinas CNC<\/td>\n<\/tr>\n<tr data-start=\"2806\" data-end=\"2901\">\n<td data-start=\"2806\" data-end=\"2835\" data-col-size=\"sm\"><strong data-start=\"2808\" data-end=\"2834\">Componentes de engrenagens personalizados<\/strong><\/td>\n<td data-start=\"2835\" data-end=\"2865\" data-col-size=\"sm\">Concebido de acordo com as especifica\u00e7\u00f5es<\/td>\n<td data-start=\"2865\" data-end=\"2901\" data-col-size=\"sm\">OEM e aplica\u00e7\u00f5es especializadas<\/td>\n<\/tr>\n<\/tbody>\n<\/table>\n<\/div>\n<\/div>\n<h2 data-start=\"2908\" data-end=\"2960\"><strong data-start=\"2911\" data-end=\"2958\">Par\u00e2metros t\u00e9cnicos (Gama representativa)<\/strong><\/h2>\n<div class=\"TyagGW_tableContainer\">\n<div class=\"group TyagGW_tableWrapper flex flex-col-reverse w-fit\" tabindex=\"-1\">\n<table class=\"w-fit min-w-(--thread-content-width)\" data-start=\"2962\" data-end=\"3474\">\n<thead data-start=\"2962\" data-end=\"2999\">\n<tr data-start=\"2962\" data-end=\"2999\">\n<th data-start=\"2962\" data-end=\"2974\" data-col-size=\"sm\">Par\u00e2metro<\/th>\n<th data-start=\"2974\" data-end=\"2999\" data-col-size=\"md\">Especifica\u00e7\u00e3o \/ Gama<\/th>\n<\/tr>\n<\/thead>\n<tbody data-start=\"3010\" data-end=\"3474\">\n<tr data-start=\"3010\" data-end=\"3097\">\n<td data-start=\"3010\" data-end=\"3029\" data-col-size=\"sm\">Op\u00e7\u00f5es de materiais<\/td>\n<td data-start=\"3029\" data-end=\"3097\" data-col-size=\"md\">A\u00e7o-carbono, a\u00e7o-liga, a\u00e7o inoxid\u00e1vel, pl\u00e1sticos de engenharia<\/td>\n<\/tr>\n<tr data-start=\"3098\" data-end=\"3148\">\n<td data-start=\"3098\" data-end=\"3115\" data-col-size=\"sm\">M\u00f3dulo \/ Passo<\/td>\n<td data-start=\"3115\" data-end=\"3148\" data-col-size=\"md\">0,5 mm - 50 mm (personaliz\u00e1vel)<\/td>\n<\/tr>\n<tr data-start=\"3149\" data-end=\"3204\">\n<td data-start=\"3149\" data-end=\"3165\" data-col-size=\"sm\">Di\u00e2metro da engrenagem<\/td>\n<td data-start=\"3165\" data-end=\"3204\" data-col-size=\"md\">10 mm - 1000 mm (dependendo do projeto)<\/td>\n<\/tr>\n<tr data-start=\"3205\" data-end=\"3241\">\n<td data-start=\"3205\" data-end=\"3222\" data-col-size=\"sm\">\u00c2ngulo de press\u00e3o<\/td>\n<td data-start=\"3222\" data-end=\"3241\" data-col-size=\"md\">14.5\u00b0, 20\u00b0, 25\u00b0<\/td>\n<\/tr>\n<tr data-start=\"3242\" data-end=\"3302\">\n<td data-start=\"3242\" data-end=\"3258\" data-col-size=\"sm\">Perfil dos dentes<\/td>\n<td data-start=\"3258\" data-end=\"3302\" data-col-size=\"md\">Involuto, reto, helicoidal, c\u00f3nico, sem-fim<\/td>\n<\/tr>\n<tr data-start=\"3303\" data-end=\"3369\">\n<td data-start=\"3303\" data-end=\"3323\" data-col-size=\"sm\">Tratamento de superf\u00edcie<\/td>\n<td data-start=\"3323\" data-end=\"3369\" data-col-size=\"md\">Endurecimento, nitreta\u00e7\u00e3o, cementa\u00e7\u00e3o, revestimento<\/td>\n<\/tr>\n<tr data-start=\"3370\" data-end=\"3431\">\n<td data-start=\"3370\" data-end=\"3388\" data-col-size=\"sm\">Tipo de produ\u00e7\u00e3o<\/td>\n<td data-start=\"3388\" data-end=\"3431\" data-col-size=\"md\">Prot\u00f3tipo, pequeno lote, produ\u00e7\u00e3o em massa<\/td>\n<\/tr>\n<tr data-start=\"3432\" data-end=\"3474\">\n<td data-start=\"3432\" data-end=\"3452\" data-col-size=\"sm\">Normas de qualidade<\/td>\n<td data-start=\"3452\" data-end=\"3474\" data-col-size=\"md\">ISO, DIN, AGMA, GB<\/td>\n<\/tr>\n<\/tbody>\n<\/table>\n<\/div>\n<\/div>\n<h2 data-start=\"3481\" data-end=\"3524\"><strong data-start=\"3484\" data-end=\"3524\">Guia de sele\u00e7\u00e3o de materiais e tratamentos<\/strong><\/h2>\n<div class=\"TyagGW_tableContainer\">\n<div class=\"group TyagGW_tableWrapper flex flex-col-reverse w-fit\" tabindex=\"-1\">\n<table class=\"w-fit min-w-(--thread-content-width)\" data-start=\"3526\" data-end=\"3956\">\n<thead data-start=\"3526\" data-end=\"3564\">\n<tr data-start=\"3526\" data-end=\"3564\">\n<th data-start=\"3526\" data-end=\"3537\" data-col-size=\"sm\">Material<\/th>\n<th data-start=\"3537\" data-end=\"3549\" data-col-size=\"sm\">Vantagem<\/th>\n<th data-start=\"3549\" data-end=\"3564\" data-col-size=\"md\">Utiliza\u00e7\u00e3o t\u00edpica<\/th>\n<\/tr>\n<\/thead>\n<tbody data-start=\"3579\" data-end=\"3956\">\n<tr data-start=\"3579\" data-end=\"3657\">\n<td data-start=\"3579\" data-end=\"3598\" data-col-size=\"sm\"><strong data-start=\"3581\" data-end=\"3597\">A\u00e7o carbono<\/strong><\/td>\n<td data-start=\"3598\" data-end=\"3630\" data-col-size=\"sm\">Alta resist\u00eancia, rent\u00e1vel<\/td>\n<td data-start=\"3630\" data-end=\"3657\" data-col-size=\"md\">Engrenagens de m\u00e1quinas gerais<\/td>\n<\/tr>\n<tr data-start=\"3658\" data-end=\"3754\">\n<td data-start=\"3658\" data-end=\"3676\" data-col-size=\"sm\"><strong data-start=\"3660\" data-end=\"3675\">A\u00e7o de liga leve<\/strong><\/td>\n<td data-start=\"3676\" data-end=\"3716\" data-col-size=\"sm\">Dureza melhorada, resist\u00eancia \u00e0 fadiga<\/td>\n<td data-start=\"3716\" data-end=\"3754\" data-col-size=\"md\">Aplica\u00e7\u00f5es pesadas e de carga elevada<\/td>\n<\/tr>\n<tr data-start=\"3755\" data-end=\"3849\">\n<td data-start=\"3755\" data-end=\"3777\" data-col-size=\"sm\"><strong data-start=\"3757\" data-end=\"3776\">A\u00e7o inoxid\u00e1vel<\/strong><\/td>\n<td data-start=\"3777\" data-end=\"3799\" data-col-size=\"sm\">Resistente \u00e0 corros\u00e3o<\/td>\n<td data-start=\"3799\" data-end=\"3849\" data-col-size=\"md\">Equipamento mar\u00edtimo, qu\u00edmico ou de processamento de alimentos<\/td>\n<\/tr>\n<tr data-start=\"3850\" data-end=\"3956\">\n<td data-start=\"3850\" data-end=\"3890\" data-col-size=\"sm\"><strong data-start=\"3852\" data-end=\"3889\">Pl\u00e1sticos de engenharia (POM, Nylon)<\/strong><\/td>\n<td data-start=\"3890\" data-end=\"3915\" data-col-size=\"sm\">Leve, baixo ru\u00eddo<\/td>\n<td data-start=\"3915\" data-end=\"3956\" data-col-size=\"md\">Aplica\u00e7\u00f5es de engrenagens de precis\u00e3o e de baixa carga<\/td>\n<\/tr>\n<\/tbody>\n<\/table>\n<\/div>\n<\/div>\n<div class=\"TyagGW_tableContainer\">\n<div class=\"group TyagGW_tableWrapper flex flex-col-reverse w-fit\" tabindex=\"-1\">\n<table class=\"w-fit min-w-(--thread-content-width)\" data-start=\"3958\" data-end=\"4334\">\n<thead data-start=\"3958\" data-end=\"3995\">\n<tr data-start=\"3958\" data-end=\"3995\">\n<th data-start=\"3958\" data-end=\"3970\" data-col-size=\"sm\">Tratamento<\/th>\n<th data-start=\"3970\" data-end=\"3980\" data-col-size=\"md\">Objetivo<\/th>\n<th data-start=\"3980\" data-end=\"3995\" data-col-size=\"sm\">Utiliza\u00e7\u00e3o t\u00edpica<\/th>\n<\/tr>\n<\/thead>\n<tbody data-start=\"4010\" data-end=\"4334\">\n<tr data-start=\"4010\" data-end=\"4082\">\n<td data-start=\"4010\" data-end=\"4022\" data-col-size=\"sm\">Endurecimento<\/td>\n<td data-start=\"4022\" data-end=\"4049\" data-col-size=\"md\">Aumentar a resist\u00eancia ao desgaste<\/td>\n<td data-start=\"4049\" data-end=\"4082\" data-col-size=\"sm\">Engrenagens met\u00e1licas sob grande tens\u00e3o<\/td>\n<\/tr>\n<tr data-start=\"4083\" data-end=\"4167\">\n<td data-start=\"4083\" data-end=\"4095\" data-col-size=\"sm\">Nitreta\u00e7\u00e3o<\/td>\n<td data-start=\"4095\" data-end=\"4137\" data-col-size=\"md\">Dureza da superf\u00edcie e resist\u00eancia \u00e0 fadiga<\/td>\n<td data-start=\"4137\" data-end=\"4167\" data-col-size=\"sm\">Engrenagens de alta velocidade de longa dura\u00e7\u00e3o<\/td>\n<\/tr>\n<tr data-start=\"4168\" data-end=\"4241\">\n<td data-start=\"4168\" data-end=\"4182\" data-col-size=\"sm\">Carbura\u00e7\u00e3o<\/td>\n<td data-start=\"4182\" data-end=\"4208\" data-col-size=\"md\">Camada superficial dura e profunda<\/td>\n<td data-start=\"4208\" data-end=\"4241\" data-col-size=\"sm\">Transmiss\u00e3o de bin\u00e1rio de alta carga<\/td>\n<\/tr>\n<tr data-start=\"4242\" data-end=\"4334\">\n<td data-start=\"4242\" data-end=\"4252\" data-col-size=\"sm\">Revestimento<\/td>\n<td data-start=\"4252\" data-end=\"4300\" data-col-size=\"md\">Reduzir o atrito, melhorar a resist\u00eancia \u00e0 corros\u00e3o<\/td>\n<td data-start=\"4300\" data-end=\"4334\" data-col-size=\"sm\">Aplica\u00e7\u00f5es em ambientes agressivos<\/td>\n<\/tr>\n<\/tbody>\n<\/table>\n<\/div>\n<\/div>\n<h2 data-start=\"4341\" data-end=\"4364\"><strong data-start=\"4344\" data-end=\"4364\">Por que escolher a Wonzh<\/strong><\/h2>\n<ul data-start=\"4366\" data-end=\"4640\">\n<li data-start=\"4366\" data-end=\"4424\">\n<p data-start=\"4368\" data-end=\"4424\">Tecnologias avan\u00e7adas de fabrico e acabamento de engrenagens<\/p>\n<\/li>\n<li data-start=\"4425\" data-end=\"4476\">\n<p data-start=\"4427\" data-end=\"4476\">Controlo rigoroso das dimens\u00f5es e do perfil dos dentes<\/p>\n<\/li>\n<li data-start=\"4477\" data-end=\"4523\">\n<p data-start=\"4479\" data-end=\"4523\">Conce\u00e7\u00e3o de engrenagens personalizadas e apoio de engenharia<\/p>\n<\/li>\n<li data-start=\"4524\" data-end=\"4584\">\n<p data-start=\"4526\" data-end=\"4584\">Componentes dur\u00e1veis, resistentes ao desgaste e de elevado desempenho<\/p>\n<\/li>\n<li data-start=\"4585\" data-end=\"4640\">\n<p data-start=\"4587\" data-end=\"4640\">Do prot\u00f3tipo \u00e0 produ\u00e7\u00e3o em massa com entrega fi\u00e1vel<\/p>\n<\/li>\n<\/ul>\n<h2 data-start=\"4647\" data-end=\"4688\"><strong data-start=\"4650\" data-end=\"4686\">Perguntas frequentes (FAQ)<\/strong><\/h2>\n<h3 data-start=\"4690\" data-end=\"4743\"><strong data-start=\"4694\" data-end=\"4741\">Q1: Que tipos de engrenagens fabricam?<\/strong><\/h3>\n<p data-start=\"4744\" data-end=\"4829\">Fornecemos <strong data-start=\"4754\" data-end=\"4802\">engrenagens de dentes rectos, helicoidais, c\u00f3nicas, sem-fim, cremalheiras<\/strong>, e engrenagens totalmente personalizadas.<\/p>\n<h3 data-start=\"4831\" data-end=\"4887\"><strong data-start=\"4835\" data-end=\"4885\">P2: Posso obter engrenagens feitas de a\u00e7o inoxid\u00e1vel?<\/strong><\/h3>\n<p data-start=\"4888\" data-end=\"4985\">Sim. Est\u00e3o dispon\u00edveis engrenagens em a\u00e7o inoxid\u00e1vel para ambientes corrosivos ou aplica\u00e7\u00f5es de qualidade alimentar.<\/p>\n<h3 data-start=\"4987\" data-end=\"5053\"><strong data-start=\"4991\" data-end=\"5051\">P3: S\u00e3o compat\u00edveis com tamanhos de engrenagens e perfis de dentes personalizados?<\/strong><\/h3>\n<p data-start=\"5054\" data-end=\"5160\">Sim. Produzimos engrenagens com base em <strong data-start=\"5085\" data-end=\"5124\">desenhos, modelos CAD ou prot\u00f3tipos<\/strong>, incluindo a geometria personalizada dos dentes.<\/p>\n<h3 data-start=\"5162\" data-end=\"5212\"><strong data-start=\"5166\" data-end=\"5210\">Q4: Que tratamentos t\u00e9rmicos est\u00e3o dispon\u00edveis?<\/strong><\/h3>\n<p data-start=\"5213\" data-end=\"5319\">Fornecemos <strong data-start=\"5224\" data-end=\"5274\">endurecimento, nitreta\u00e7\u00e3o, cementa\u00e7\u00e3o e revestimento<\/strong> para melhorar a resist\u00eancia ao desgaste e a durabilidade.<\/p>\n<h3 data-start=\"5321\" data-end=\"5375\"><strong data-start=\"5325\" data-end=\"5373\">Q5: Qual \u00e9 o prazo de entrega t\u00edpico para as engrenagens?<\/strong><\/h3>\n<ul data-start=\"5376\" data-end=\"5474\">\n<li data-start=\"5376\" data-end=\"5404\">\n<p data-start=\"5378\" data-end=\"5404\">Prot\u00f3tipo: <strong data-start=\"5389\" data-end=\"5402\">1-2 semanas<\/strong><\/p>\n<\/li>\n<li data-start=\"5405\" data-end=\"5435\">\n<p data-start=\"5407\" data-end=\"5435\">Lote pequeno: <strong data-start=\"5420\" data-end=\"5433\">2-4 semanas<\/strong><\/p>\n<\/li>\n<li data-start=\"5436\" data-end=\"5474\">\n<p data-start=\"5438\" data-end=\"5474\">Produ\u00e7\u00e3o em massa: dependente do projeto<\/p>\n<\/li>\n<\/ul>","protected":false},"excerpt":{"rendered":"<p>Engrenagens e componentes de engrenagens fornecidos por <strong data-start=\"603\" data-end=\"612\">Wonzh<\/strong> s\u00e3o pe\u00e7as mec\u00e2nicas de engenharia de precis\u00e3o concebidas para transmitir bin\u00e1rio, controlar a velocidade e ajustar o movimento entre veios rotativos em equipamento industrial. Os nossos produtos s\u00e3o amplamente utilizados em <strong data-start=\"798\" data-end=\"897\">caixas de velocidades, sistemas de automa\u00e7\u00e3o, maquinaria pesada, autom\u00f3vel e aplica\u00e7\u00f5es de transmiss\u00e3o de pot\u00eancia<\/strong>.<\/p>","protected":false},"featured_media":1529,"comment_status":"open","ping_status":"closed","template":"","meta":{"site-sidebar-layout":"default","site-content-layout":"","ast-site-content-layout":"default","site-content-style":"default","site-sidebar-style":"default","ast-global-header-display":"","ast-banner-title-visibility":"","ast-main-header-display":"","ast-hfb-above-header-display":"","ast-hfb-below-header-display":"","ast-hfb-mobile-header-display":"","site-post-title":"","ast-breadcrumbs-content":"","ast-featured-img":"","footer-sml-layout":"","ast-disable-related-posts":"","theme-transparent-header-meta":"default","adv-header-id-meta":"","stick-header-meta":"default","header-above-stick-meta":"","header-main-stick-meta":"","header-below-stick-meta":"","astra-migrate-meta-layouts":"set","ast-page-background-enabled":"default","ast-page-background-meta":{"desktop":{"background-color":"","background-image":"","background-repeat":"repeat","background-position":"center center","background-size":"auto","background-attachment":"scroll","background-type":"","background-media":"","overlay-type":"","overlay-color":"","overlay-opacity":"","overlay-gradient":""},"tablet":{"background-color":"","background-image":"","background-repeat":"repeat","background-position":"center center","background-size":"auto","background-attachment":"scroll","background-type":"","background-media":"","overlay-type":"","overlay-color":"","overlay-opacity":"","overlay-gradient":""},"mobile":{"background-color":"","background-image":"","background-repeat":"repeat","background-position":"center center","background-size":"auto","background-attachment":"scroll","background-type":"","background-media":"","overlay-type":"","overlay-color":"","overlay-opacity":"","overlay-gradient":""}},"ast-content-background-meta":{"desktop":{"background-color":"var(--ast-global-color-5)","background-image":"","background-repeat":"repeat","background-position":"center center","background-size":"auto","background-attachment":"scroll","background-type":"","background-media":"","overlay-type":"","overlay-color":"","overlay-opacity":"","overlay-gradient":""},"tablet":{"background-color":"var(--ast-global-color-5)","background-image":"","background-repeat":"repeat","background-position":"center center","background-size":"auto","background-attachment":"scroll","background-type":"","background-media":"","overlay-type":"","overlay-color":"","overlay-opacity":"","overlay-gradient":""},"mobile":{"background-color":"var(--ast-global-color-5)","background-image":"","background-repeat":"repeat","background-position":"center center","background-size":"auto","background-attachment":"scroll","background-type":"","background-media":"","overlay-type":"","overlay-color":"","overlay-opacity":"","overlay-gradient":""}}},"product_brand":[],"product_cat":[25],"product_tag":[364,360,370,366,363,357,362,359,368,367,369,356,358,365,361],"class_list":{"0":"post-1471","1":"product","2":"type-product","3":"status-publish","4":"has-post-thumbnail","6":"product_cat-transmission-drive-components","7":"product_tag-alloy-steel-gears","8":"product_tag-bevel-gear","9":"product_tag-china-gear-manufacturer","10":"product_tag-cnc-machined-gears","11":"product_tag-custom-gears","12":"product_tag-gear-components","13":"product_tag-gear-rack","14":"product_tag-helical-gear","15":"product_tag-high-load-gears","16":"product_tag-industrial-gear-components","17":"product_tag-oem-gear-parts","18":"product_tag-precision-gears","19":"product_tag-spur-gear","20":"product_tag-stainless-steel-gears","21":"product_tag-worm-gear","22":"desktop-align-left","23":"tablet-align-left","24":"mobile-align-left","26":"first","27":"instock","28":"shipping-taxable","29":"product-type-simple"},"_links":{"self":[{"href":"https:\/\/www.wonzh.com\/pt\/wp-json\/wp\/v2\/product\/1471","targetHints":{"allow":["GET"]}}],"collection":[{"href":"https:\/\/www.wonzh.com\/pt\/wp-json\/wp\/v2\/product"}],"about":[{"href":"https:\/\/www.wonzh.com\/pt\/wp-json\/wp\/v2\/types\/product"}],"replies":[{"embeddable":true,"href":"https:\/\/www.wonzh.com\/pt\/wp-json\/wp\/v2\/comments?post=1471"}],"wp:featuredmedia":[{"embeddable":true,"href":"https:\/\/www.wonzh.com\/pt\/wp-json\/wp\/v2\/media\/1529"}],"wp:attachment":[{"href":"https:\/\/www.wonzh.com\/pt\/wp-json\/wp\/v2\/media?parent=1471"}],"wp:term":[{"taxonomy":"product_brand","embeddable":true,"href":"https:\/\/www.wonzh.com\/pt\/wp-json\/wp\/v2\/product_brand?post=1471"},{"taxonomy":"product_cat","embeddable":true,"href":"https:\/\/www.wonzh.com\/pt\/wp-json\/wp\/v2\/product_cat?post=1471"},{"taxonomy":"product_tag","embeddable":true,"href":"https:\/\/www.wonzh.com\/pt\/wp-json\/wp\/v2\/product_tag?post=1471"}],"curies":[{"name":"wp","href":"https:\/\/api.w.org\/{rel}","templated":true}]}}