{"id":1465,"date":"2026-02-03T14:47:16","date_gmt":"2026-02-03T14:47:16","guid":{"rendered":"https:\/\/www.wonzh.com\/?post_type=product&#038;p=1465"},"modified":"2026-02-05T14:24:10","modified_gmt":"2026-02-05T14:24:10","slug":"custom-metal-parts-for-industrial-automotive-and-oem-applications","status":"publish","type":"product","link":"https:\/\/www.wonzh.com\/pt\/product\/custom-metal-parts-for-industrial-automotive-and-oem-applications\/","title":{"rendered":"Pe\u00e7as met\u00e1licas personalizadas para aplica\u00e7\u00f5es industriais, autom\u00f3veis e OEM"},"content":{"rendered":"<p data-start=\"534\" data-end=\"856\">Pe\u00e7as met\u00e1licas personalizadas fornecidas por <strong data-start=\"565\" data-end=\"574\">Wonzh<\/strong> s\u00e3o componentes de engenharia de precis\u00e3o concebidos e fabricados de acordo com as especifica\u00e7\u00f5es, desenhos ou prot\u00f3tipos do cliente. Somos especializados no fornecimento de pe\u00e7as met\u00e1licas de alta qualidade em todos os sectores, incluindo maquinaria industrial, autom\u00f3vel, constru\u00e7\u00e3o, energia e equipamento OEM.<\/p>\n<p data-start=\"858\" data-end=\"1285\">As nossas capacidades abrangem uma vasta gama de metais.<strong data-start=\"904\" data-end=\"979\">a\u00e7o-carbono, a\u00e7o inoxid\u00e1vel, alum\u00ednio, lat\u00e3o, cobre e ligas de a\u00e7o<\/strong>-com processos que incluem <strong data-start=\"1005\" data-end=\"1088\">Maquina\u00e7\u00e3o CNC, corte a laser, estampagem, dobragem, soldadura e acabamento de superf\u00edcies<\/strong>. Ao combinar tecnologias de fabrico avan\u00e7adas com um controlo de qualidade rigoroso, a Wonzh garante que cada pe\u00e7a cumpre as toler\u00e2ncias dimensionais exactas, o desempenho mec\u00e2nico e os requisitos est\u00e9ticos.<\/p>\n<p data-start=\"1287\" data-end=\"1634\">Como um fornecedor industrial de confian\u00e7a, apoiamos <strong data-start=\"1332\" data-end=\"1412\">desenvolvimento de prot\u00f3tipos, produ\u00e7\u00e3o de pequenos lotes e fabrico em grande escala<\/strong>, A Wonzh trabalha em estreita colabora\u00e7\u00e3o com os engenheiros para otimizar a sele\u00e7\u00e3o de materiais, a conce\u00e7\u00e3o para a capacidade de fabrico e a efici\u00eancia da produ\u00e7\u00e3o. As pe\u00e7as met\u00e1licas personalizadas da Wonzh s\u00e3o concebidas para durabilidade, precis\u00e3o e fiabilidade a longo prazo.<\/p>\n<h2 data-start=\"1641\" data-end=\"1660\"><strong data-start=\"1644\" data-end=\"1660\">Carater\u00edsticas principais<\/strong><\/h2>\n<ul data-start=\"1662\" data-end=\"1989\">\n<li data-start=\"1662\" data-end=\"1725\">\n<p data-start=\"1664\" data-end=\"1725\">Totalmente personalizado de acordo com desenhos, especifica\u00e7\u00f5es ou prot\u00f3tipos<\/p>\n<\/li>\n<li data-start=\"1726\" data-end=\"1773\">\n<p data-start=\"1728\" data-end=\"1773\">Elevada precis\u00e3o dimensional e repetibilidade<\/p>\n<\/li>\n<li data-start=\"1774\" data-end=\"1824\">\n<p data-start=\"1776\" data-end=\"1824\">Adequado para uma vasta gama de metais e ligas<\/p>\n<\/li>\n<li data-start=\"1825\" data-end=\"1894\">\n<p data-start=\"1827\" data-end=\"1894\">M\u00faltiplos processos de fabrico: CNC, estampagem, soldadura, dobragem<\/p>\n<\/li>\n<li data-start=\"1895\" data-end=\"1948\">\n<p data-start=\"1897\" data-end=\"1948\">Op\u00e7\u00f5es de tratamento de superf\u00edcie e acabamento dispon\u00edveis<\/p>\n<\/li>\n<li data-start=\"1949\" data-end=\"1989\">\n<p data-start=\"1951\" data-end=\"1989\">Apoio do prot\u00f3tipo \u00e0 produ\u00e7\u00e3o em massa<\/p>\n<\/li>\n<\/ul>\n<h2 data-start=\"1996\" data-end=\"2023\"><strong data-start=\"1999\" data-end=\"2023\">Aplica\u00e7\u00f5es t\u00edpicas<\/strong><\/h2>\n<ul data-start=\"2025\" data-end=\"2295\">\n<li data-start=\"2025\" data-end=\"2060\">\n<p data-start=\"2027\" data-end=\"2060\">Componentes de m\u00e1quinas industriais<\/p>\n<\/li>\n<li data-start=\"2061\" data-end=\"2096\">\n<p data-start=\"2063\" data-end=\"2096\">Pe\u00e7as e conjuntos para autom\u00f3veis<\/p>\n<\/li>\n<li data-start=\"2097\" data-end=\"2129\">\n<p data-start=\"2099\" data-end=\"2129\">Pe\u00e7as para equipamento de constru\u00e7\u00e3o<\/p>\n<\/li>\n<li data-start=\"2130\" data-end=\"2169\">\n<p data-start=\"2132\" data-end=\"2169\">Sistemas de produ\u00e7\u00e3o de energia e eletricidade<\/p>\n<\/li>\n<li data-start=\"2170\" data-end=\"2217\">\n<p data-start=\"2172\" data-end=\"2217\">Bombas, v\u00e1lvulas e equipamento de manuseamento de fluidos<\/p>\n<\/li>\n<li data-start=\"2218\" data-end=\"2245\">\n<p data-start=\"2220\" data-end=\"2245\">Pe\u00e7as sobresselentes OEM e MRO<\/p>\n<\/li>\n<li data-start=\"2246\" data-end=\"2295\">\n<p data-start=\"2248\" data-end=\"2295\">Componentes met\u00e1licos arquitect\u00f3nicos e estruturais<\/p>\n<\/li>\n<\/ul>\n<h2 data-start=\"2302\" data-end=\"2335\"><strong data-start=\"2305\" data-end=\"2335\">Capacidades de fabrico<\/strong><\/h2>\n<div class=\"TyagGW_tableContainer\">\n<div class=\"group TyagGW_tableWrapper flex flex-col-reverse w-fit\" tabindex=\"-1\">\n<table class=\"w-fit min-w-(--thread-content-width)\" data-start=\"2337\" data-end=\"2850\">\n<thead data-start=\"2337\" data-end=\"2361\">\n<tr data-start=\"2337\" data-end=\"2361\">\n<th data-start=\"2337\" data-end=\"2347\" data-col-size=\"sm\">Processo<\/th>\n<th data-start=\"2347\" data-end=\"2361\" data-col-size=\"md\">Capacidade<\/th>\n<\/tr>\n<\/thead>\n<tbody data-start=\"2372\" data-end=\"2850\">\n<tr data-start=\"2372\" data-end=\"2449\">\n<td data-start=\"2372\" data-end=\"2388\" data-col-size=\"sm\">Maquina\u00e7\u00e3o CNC<\/td>\n<td data-start=\"2388\" data-end=\"2449\" data-col-size=\"md\">Torneamento, fresagem, perfura\u00e7\u00e3o e retifica\u00e7\u00e3o de pe\u00e7as complexas<\/td>\n<\/tr>\n<tr data-start=\"2450\" data-end=\"2505\">\n<td data-start=\"2450\" data-end=\"2467\" data-col-size=\"sm\">Estampagem de metais<\/td>\n<td data-start=\"2467\" data-end=\"2505\" data-col-size=\"md\">Componentes de chapa met\u00e1lica de grande volume<\/td>\n<\/tr>\n<tr data-start=\"2506\" data-end=\"2568\">\n<td data-start=\"2506\" data-end=\"2522\" data-col-size=\"sm\">Corte a laser<\/td>\n<td data-start=\"2522\" data-end=\"2568\" data-col-size=\"md\">Corte preciso de chapas e folhas met\u00e1licas<\/td>\n<\/tr>\n<tr data-start=\"2569\" data-end=\"2619\">\n<td data-start=\"2569\" data-end=\"2589\" data-col-size=\"sm\">Dobragem \/ Conforma\u00e7\u00e3o<\/td>\n<td data-start=\"2589\" data-end=\"2619\" data-col-size=\"md\">Formas e perfis personalizados<\/td>\n<\/tr>\n<tr data-start=\"2620\" data-end=\"2689\">\n<td data-start=\"2620\" data-end=\"2641\" data-col-size=\"sm\">Soldadura e montagem<\/td>\n<td data-start=\"2641\" data-end=\"2689\" data-col-size=\"md\">TIG, MIG, soldadura por pontos e montagem modular<\/td>\n<\/tr>\n<tr data-start=\"2690\" data-end=\"2771\">\n<td data-start=\"2690\" data-end=\"2710\" data-col-size=\"sm\">Tratamento de superf\u00edcie<\/td>\n<td data-start=\"2710\" data-end=\"2771\" data-col-size=\"md\">Anodiza\u00e7\u00e3o, galvaniza\u00e7\u00e3o, pintura, revestimento em p\u00f3, passiva\u00e7\u00e3o<\/td>\n<\/tr>\n<tr data-start=\"2772\" data-end=\"2850\">\n<td data-start=\"2772\" data-end=\"2789\" data-col-size=\"sm\">Tratamento t\u00e9rmico<\/td>\n<td data-start=\"2789\" data-end=\"2850\" data-col-size=\"md\">Endurecimento, t\u00eampera, recozimento para obter propriedades mec\u00e2nicas<\/td>\n<\/tr>\n<\/tbody>\n<\/table>\n<\/div>\n<\/div>\n<h2 data-start=\"2857\" data-end=\"2909\"><strong data-start=\"2860\" data-end=\"2907\">Par\u00e2metros t\u00e9cnicos (Gama representativa)<\/strong><\/h2>\n<div class=\"TyagGW_tableContainer\">\n<div class=\"group TyagGW_tableWrapper flex flex-col-reverse w-fit\" tabindex=\"-1\">\n<table class=\"w-fit min-w-(--thread-content-width)\" data-start=\"2911\" data-end=\"3406\">\n<thead data-start=\"2911\" data-end=\"2937\">\n<tr data-start=\"2911\" data-end=\"2937\">\n<th data-start=\"2911\" data-end=\"2923\" data-col-size=\"sm\">Par\u00e2metro<\/th>\n<th data-start=\"2923\" data-end=\"2937\" data-col-size=\"md\">Capacidade<\/th>\n<\/tr>\n<\/thead>\n<tbody data-start=\"2948\" data-end=\"3406\">\n<tr data-start=\"2948\" data-end=\"3038\">\n<td data-start=\"2948\" data-end=\"2967\" data-col-size=\"sm\">Op\u00e7\u00f5es de materiais<\/td>\n<td data-start=\"2967\" data-end=\"3038\" data-col-size=\"md\">A\u00e7o carbono, a\u00e7o inoxid\u00e1vel, alum\u00ednio, lat\u00e3o, cobre, ligas de a\u00e7o<\/td>\n<\/tr>\n<tr data-start=\"3039\" data-end=\"3098\">\n<td data-start=\"3039\" data-end=\"3063\" data-col-size=\"sm\">Toler\u00e2ncia dimensional<\/td>\n<td data-start=\"3063\" data-end=\"3098\" data-col-size=\"md\">At\u00e9 \u00b10,01 mm (dependente da pe\u00e7a)<\/td>\n<\/tr>\n<tr data-start=\"3099\" data-end=\"3171\">\n<td data-start=\"3099\" data-end=\"3116\" data-col-size=\"sm\">Acabamento da superf\u00edcie<\/td>\n<td data-start=\"3116\" data-end=\"3171\" data-col-size=\"md\">Ra 0,8 - Ra 3,2, polido, anodizado, galvanizado, revestido<\/td>\n<\/tr>\n<tr data-start=\"3172\" data-end=\"3220\">\n<td data-start=\"3172\" data-end=\"3188\" data-col-size=\"sm\">Tamanho m\u00e1ximo da pe\u00e7a<\/td>\n<td data-start=\"3188\" data-end=\"3220\" data-col-size=\"md\">At\u00e9 1200 mm (personaliz\u00e1vel)<\/td>\n<\/tr>\n<tr data-start=\"3221\" data-end=\"3282\">\n<td data-start=\"3221\" data-end=\"3239\" data-col-size=\"sm\">Tipo de produ\u00e7\u00e3o<\/td>\n<td data-start=\"3239\" data-end=\"3282\" data-col-size=\"md\">Prot\u00f3tipo, pequeno lote, produ\u00e7\u00e3o em massa<\/td>\n<\/tr>\n<tr data-start=\"3283\" data-end=\"3335\">\n<td data-start=\"3283\" data-end=\"3303\" data-col-size=\"sm\">Normas de qualidade<\/td>\n<td data-start=\"3303\" data-end=\"3335\" data-col-size=\"md\">Processo de inspe\u00e7\u00e3o baseado na ISO<\/td>\n<\/tr>\n<tr data-start=\"3336\" data-end=\"3406\">\n<td data-start=\"3336\" data-end=\"3349\" data-col-size=\"sm\">Inspe\u00e7\u00e3o<\/td>\n<td data-start=\"3349\" data-end=\"3406\" data-col-size=\"md\">CMM, micr\u00f3metros, paqu\u00edmetros, ensaio de rugosidade da superf\u00edcie<\/td>\n<\/tr>\n<\/tbody>\n<\/table>\n<\/div>\n<\/div>\n<h2 data-start=\"3413\" data-end=\"3444\"><strong data-start=\"3416\" data-end=\"3444\">Guia de sele\u00e7\u00e3o de materiais<\/strong><\/h2>\n<div class=\"TyagGW_tableContainer\">\n<div class=\"group TyagGW_tableWrapper flex flex-col-reverse w-fit\" tabindex=\"-1\">\n<table class=\"w-fit min-w-(--thread-content-width)\" data-start=\"3446\" data-end=\"3945\">\n<thead data-start=\"3446\" data-end=\"3485\">\n<tr data-start=\"3446\" data-end=\"3485\">\n<th data-start=\"3446\" data-end=\"3457\" data-col-size=\"sm\">Material<\/th>\n<th data-start=\"3457\" data-end=\"3470\" data-col-size=\"sm\">Vantagens<\/th>\n<th data-start=\"3470\" data-end=\"3485\" data-col-size=\"sm\">Utiliza\u00e7\u00e3o t\u00edpica<\/th>\n<\/tr>\n<\/thead>\n<tbody data-start=\"3500\" data-end=\"3945\">\n<tr data-start=\"3500\" data-end=\"3582\">\n<td data-start=\"3500\" data-end=\"3519\" data-col-size=\"sm\"><strong data-start=\"3502\" data-end=\"3518\">A\u00e7o carbono<\/strong><\/td>\n<td data-start=\"3519\" data-end=\"3551\" data-col-size=\"sm\">Alta resist\u00eancia, rent\u00e1vel<\/td>\n<td data-start=\"3551\" data-end=\"3582\" data-col-size=\"sm\">M\u00e1quinas, pe\u00e7as pesadas<\/td>\n<\/tr>\n<tr data-start=\"3583\" data-end=\"3673\">\n<td data-start=\"3583\" data-end=\"3615\" data-col-size=\"sm\"><strong data-start=\"3585\" data-end=\"3614\">A\u00e7o inoxid\u00e1vel (304\/316)<\/strong><\/td>\n<td data-start=\"3615\" data-end=\"3637\" data-col-size=\"sm\">Resistente \u00e0 corros\u00e3o<\/td>\n<td data-start=\"3637\" data-end=\"3673\" data-col-size=\"sm\">Equipamento mar\u00edtimo, qu\u00edmico e alimentar<\/td>\n<\/tr>\n<tr data-start=\"3674\" data-end=\"3767\">\n<td data-start=\"3674\" data-end=\"3695\" data-col-size=\"sm\"><strong data-start=\"3676\" data-end=\"3694\">Liga de alum\u00ednio<\/strong><\/td>\n<td data-start=\"3695\" data-end=\"3729\" data-col-size=\"sm\">Leve, boa maquinabilidade<\/td>\n<td data-start=\"3729\" data-end=\"3767\" data-col-size=\"sm\">Autom\u00f3vel, aeroespacial, eletr\u00f3nica<\/td>\n<\/tr>\n<tr data-start=\"3768\" data-end=\"3858\">\n<td data-start=\"3768\" data-end=\"3789\" data-col-size=\"sm\"><strong data-start=\"3770\" data-end=\"3788\">Lat\u00e3o \/ Cobre<\/strong><\/td>\n<td data-start=\"3789\" data-end=\"3826\" data-col-size=\"sm\">Condutividade, resist\u00eancia \u00e0 corros\u00e3o<\/td>\n<td data-start=\"3826\" data-end=\"3858\" data-col-size=\"sm\">V\u00e1lvulas, acess\u00f3rios, conectores<\/td>\n<\/tr>\n<tr data-start=\"3859\" data-end=\"3945\">\n<td data-start=\"3859\" data-end=\"3877\" data-col-size=\"sm\"><strong data-start=\"3861\" data-end=\"3876\">A\u00e7o de liga leve<\/strong><\/td>\n<td data-start=\"3877\" data-end=\"3910\" data-col-size=\"sm\">Alta resist\u00eancia, resist\u00eancia ao desgaste<\/td>\n<td data-start=\"3910\" data-end=\"3945\" data-col-size=\"sm\">Equipamentos industriais e mineiros<\/td>\n<\/tr>\n<\/tbody>\n<\/table>\n<\/div>\n<\/div>\n<h2 data-start=\"3952\" data-end=\"3975\"><strong data-start=\"3955\" data-end=\"3975\">Por que escolher a Wonzh<\/strong><\/h2>\n<ul data-start=\"3977\" data-end=\"4287\">\n<li data-start=\"3977\" data-end=\"4050\">\n<p data-start=\"3979\" data-end=\"4050\">Controlo de qualidade de ponta a ponta, desde o fornecimento de materiais at\u00e9 \u00e0 inspe\u00e7\u00e3o final<\/p>\n<\/li>\n<li data-start=\"4051\" data-end=\"4116\">\n<p data-start=\"4053\" data-end=\"4116\">Equipamento de fabrico avan\u00e7ado e equipa de engenharia especializada<\/p>\n<\/li>\n<li data-start=\"4117\" data-end=\"4173\">\n<p data-start=\"4119\" data-end=\"4173\">Suporte para geometrias complexas e toler\u00e2ncias personalizadas<\/p>\n<\/li>\n<li data-start=\"4174\" data-end=\"4241\">\n<p data-start=\"4176\" data-end=\"4241\">Produ\u00e7\u00e3o flex\u00edvel: prot\u00f3tipos, pequenos lotes, produ\u00e7\u00e3o em massa<\/p>\n<\/li>\n<li data-start=\"4242\" data-end=\"4287\">\n<p data-start=\"4244\" data-end=\"4287\">Entrega global e cadeia de fornecimento fi\u00e1vel<\/p>\n<\/li>\n<\/ul>\n<h2 data-start=\"4294\" data-end=\"4335\"><strong data-start=\"4297\" data-end=\"4333\">Perguntas frequentes (FAQ)<\/strong><\/h2>\n<h3 data-start=\"4337\" data-end=\"4394\"><strong data-start=\"4341\" data-end=\"4392\">Q1: Podem produzir pe\u00e7as com base nos meus desenhos?<\/strong><\/h3>\n<p data-start=\"4395\" data-end=\"4500\">Sim. Podemos fabricar pe\u00e7as rigorosamente de acordo com <strong data-start=\"4447\" data-end=\"4497\">Desenhos 2D\/3D, ficheiros CAD ou amostras f\u00edsicas<\/strong>.<\/p>\n<h3 data-start=\"4502\" data-end=\"4547\"><strong data-start=\"4506\" data-end=\"4545\">Q2: Que formatos de ficheiro s\u00e3o aceites?<\/strong><\/h3>\n<p data-start=\"4548\" data-end=\"4621\">Aceitamos <strong data-start=\"4558\" data-end=\"4587\">PASSO, IGES, DXF, DWG, PDF<\/strong> e outros formatos CAD normalizados.<\/p>\n<h3 data-start=\"4623\" data-end=\"4667\"><strong data-start=\"4627\" data-end=\"4665\">Q3: Qual \u00e9 o prazo de entrega t\u00edpico?<\/strong><\/h3>\n<ul data-start=\"4668\" data-end=\"4766\">\n<li data-start=\"4668\" data-end=\"4696\">\n<p data-start=\"4670\" data-end=\"4696\">Prot\u00f3tipo: <strong data-start=\"4681\" data-end=\"4694\">1-2 semanas<\/strong><\/p>\n<\/li>\n<li data-start=\"4697\" data-end=\"4727\">\n<p data-start=\"4699\" data-end=\"4727\">Lote pequeno: <strong data-start=\"4712\" data-end=\"4725\">2-4 semanas<\/strong><\/p>\n<\/li>\n<li data-start=\"4728\" data-end=\"4766\">\n<p data-start=\"4730\" data-end=\"4766\">Produ\u00e7\u00e3o em massa: dependente do projeto<\/p>\n<\/li>\n<\/ul>\n<h3 data-start=\"4768\" data-end=\"4815\"><strong data-start=\"4772\" data-end=\"4813\">Q4: Est\u00e3o dispon\u00edveis tratamentos de superf\u00edcie?<\/strong><\/h3>\n<p data-start=\"4816\" data-end=\"4915\">Sim. Oferecemos <strong data-start=\"4830\" data-end=\"4891\">anodiza\u00e7\u00e3o, galvaniza\u00e7\u00e3o, pintura, revestimento em p\u00f3, passiva\u00e7\u00e3o<\/strong>, e acabamentos personalizados.<\/p>\n<h3 data-start=\"4917\" data-end=\"4969\"><strong data-start=\"4921\" data-end=\"4967\">Q5: Apoiam a produ\u00e7\u00e3o de pequenos lotes?<\/strong><\/h3>\n<p data-start=\"4970\" data-end=\"5057\">Sim. Podemos produzir prot\u00f3tipos, pequenos lotes e produ\u00e7\u00e3o em grande escala de forma eficiente.<\/p>","protected":false},"excerpt":{"rendered":"<p>Pe\u00e7as met\u00e1licas personalizadas fornecidas por <strong data-start=\"565\" data-end=\"574\">Wonzh<\/strong> s\u00e3o componentes de engenharia de precis\u00e3o concebidos e fabricados de acordo com as especifica\u00e7\u00f5es, desenhos ou prot\u00f3tipos do cliente. Somos especializados no fornecimento de pe\u00e7as met\u00e1licas de alta qualidade em todos os sectores, incluindo maquinaria industrial, autom\u00f3vel, constru\u00e7\u00e3o, energia e equipamento OEM.<\/p>","protected":false},"featured_media":1520,"comment_status":"open","ping_status":"closed","template":"","meta":{"site-sidebar-layout":"default","site-content-layout":"","ast-site-content-layout":"default","site-content-style":"default","site-sidebar-style":"default","ast-global-header-display":"","ast-banner-title-visibility":"","ast-main-header-display":"","ast-hfb-above-header-display":"","ast-hfb-below-header-display":"","ast-hfb-mobile-header-display":"","site-post-title":"","ast-breadcrumbs-content":"","ast-featured-img":"","footer-sml-layout":"","ast-disable-related-posts":"","theme-transparent-header-meta":"default","adv-header-id-meta":"","stick-header-meta":"default","header-above-stick-meta":"","header-main-stick-meta":"","header-below-stick-meta":"","astra-migrate-meta-layouts":"set","ast-page-background-enabled":"default","ast-page-background-meta":{"desktop":{"background-color":"","background-image":"","background-repeat":"repeat","background-position":"center center","background-size":"auto","background-attachment":"scroll","background-type":"","background-media":"","overlay-type":"","overlay-color":"","overlay-opacity":"","overlay-gradient":""},"tablet":{"background-color":"","background-image":"","background-repeat":"repeat","background-position":"center center","background-size":"auto","background-attachment":"scroll","background-type":"","background-media":"","overlay-type":"","overlay-color":"","overlay-opacity":"","overlay-gradient":""},"mobile":{"background-color":"","background-image":"","background-repeat":"repeat","background-position":"center center","background-size":"auto","background-attachment":"scroll","background-type":"","background-media":"","overlay-type":"","overlay-color":"","overlay-opacity":"","overlay-gradient":""}},"ast-content-background-meta":{"desktop":{"background-color":"var(--ast-global-color-5)","background-image":"","background-repeat":"repeat","background-position":"center center","background-size":"auto","background-attachment":"scroll","background-type":"","background-media":"","overlay-type":"","overlay-color":"","overlay-opacity":"","overlay-gradient":""},"tablet":{"background-color":"var(--ast-global-color-5)","background-image":"","background-repeat":"repeat","background-position":"center center","background-size":"auto","background-attachment":"scroll","background-type":"","background-media":"","overlay-type":"","overlay-color":"","overlay-opacity":"","overlay-gradient":""},"mobile":{"background-color":"var(--ast-global-color-5)","background-image":"","background-repeat":"repeat","background-position":"center center","background-size":"auto","background-attachment":"scroll","background-type":"","background-media":"","overlay-type":"","overlay-color":"","overlay-opacity":"","overlay-gradient":""}}},"product_brand":[],"product_cat":[23],"product_tag":[315,317,323,299,324,312,325,319,318,313,320,321,316,314,322],"class_list":{"0":"post-1465","1":"product","2":"type-product","3":"status-publish","4":"has-post-thumbnail","6":"product_cat-precision-machined-parts","7":"product_tag-aluminum-parts","8":"product_tag-carbon-steel-parts","9":"product_tag-china-metal-manufacturer","10":"product_tag-cnc-machined-parts","11":"product_tag-custom-fabricated-parts","12":"product_tag-custom-metal-parts","13":"product_tag-high-precision-metal-parts","14":"product_tag-industrial-metal-components","15":"product_tag-oem-metal-parts","16":"product_tag-precision-metal-components","17":"product_tag-prototype-metal-parts","18":"product_tag-small-batch-metal-production","19":"product_tag-stainless-steel-components","20":"product_tag-stamped-metal-parts","21":"product_tag-surface-treated-metal","22":"desktop-align-left","23":"tablet-align-left","24":"mobile-align-left","26":"first","27":"instock","28":"shipping-taxable","29":"product-type-simple"},"_links":{"self":[{"href":"https:\/\/www.wonzh.com\/pt\/wp-json\/wp\/v2\/product\/1465","targetHints":{"allow":["GET"]}}],"collection":[{"href":"https:\/\/www.wonzh.com\/pt\/wp-json\/wp\/v2\/product"}],"about":[{"href":"https:\/\/www.wonzh.com\/pt\/wp-json\/wp\/v2\/types\/product"}],"replies":[{"embeddable":true,"href":"https:\/\/www.wonzh.com\/pt\/wp-json\/wp\/v2\/comments?post=1465"}],"wp:featuredmedia":[{"embeddable":true,"href":"https:\/\/www.wonzh.com\/pt\/wp-json\/wp\/v2\/media\/1520"}],"wp:attachment":[{"href":"https:\/\/www.wonzh.com\/pt\/wp-json\/wp\/v2\/media?parent=1465"}],"wp:term":[{"taxonomy":"product_brand","embeddable":true,"href":"https:\/\/www.wonzh.com\/pt\/wp-json\/wp\/v2\/product_brand?post=1465"},{"taxonomy":"product_cat","embeddable":true,"href":"https:\/\/www.wonzh.com\/pt\/wp-json\/wp\/v2\/product_cat?post=1465"},{"taxonomy":"product_tag","embeddable":true,"href":"https:\/\/www.wonzh.com\/pt\/wp-json\/wp\/v2\/product_tag?post=1465"}],"curies":[{"name":"wp","href":"https:\/\/api.w.org\/{rel}","templated":true}]}}