{"id":1463,"date":"2026-02-03T14:44:49","date_gmt":"2026-02-03T14:44:49","guid":{"rendered":"https:\/\/www.wonzh.com\/?post_type=product&#038;p=1463"},"modified":"2026-02-05T09:35:08","modified_gmt":"2026-02-05T09:35:08","slug":"pecas-de-precisao-maquinadas-em-cnc-para-equipamento-industrial-e-aplicacoes-oem","status":"publish","type":"product","link":"https:\/\/www.wonzh.com\/pt\/product\/precision-cnc-machined-parts-for-industrial-equipment-and-oem-applications\/","title":{"rendered":"Pe\u00e7as maquinadas CNC de precis\u00e3o para equipamento industrial e aplica\u00e7\u00f5es OEM"},"content":{"rendered":"<p data-start=\"529\" data-end=\"893\">Pe\u00e7as maquinadas CNC fornecidas por <strong data-start=\"560\" data-end=\"569\">Wonzh<\/strong> s\u00e3o componentes de engenharia de precis\u00e3o fabricados com recurso a tecnologias avan\u00e7adas de torneamento, fresagem, perfura\u00e7\u00e3o e retifica\u00e7\u00e3o CNC. Concebidas para cumprir toler\u00e2ncias dimensionais rigorosas e requisitos de qualidade de superf\u00edcie, as nossas pe\u00e7as maquinadas s\u00e3o amplamente utilizadas em maquinaria industrial, sistemas de automa\u00e7\u00e3o, equipamento pesado e fabrico OEM.<\/p>\n<p data-start=\"895\" data-end=\"1258\">Processamos uma ampla gama de materiais, incluindo a\u00e7o carbono, a\u00e7o inoxid\u00e1vel, ligas de alum\u00ednio, lat\u00e3o, cobre e pl\u00e1sticos de engenharia. Atrav\u00e9s de processos de maquina\u00e7\u00e3o optimizados, controlo de qualidade rigoroso e inspe\u00e7\u00e3o durante o processo, a Wonzh assegura uma elevada repetibilidade, um excelente acabamento superficial e um desempenho mec\u00e2nico fi\u00e1vel, mesmo em ambientes operacionais exigentes.<\/p>\n<p data-start=\"1260\" data-end=\"1574\">Como um parceiro de fabrica\u00e7\u00e3o industrial experiente, a Wonzh apoia <strong data-start=\"1327\" data-end=\"1404\">personaliza\u00e7\u00e3o baseada em desenhos, prototipagem de pequenos lotes e produ\u00e7\u00e3o em massa<\/strong>. A nossa equipa de engenharia colabora com os clientes na manufacturabilidade (DFM), otimiza\u00e7\u00e3o de toler\u00e2ncias e sele\u00e7\u00e3o de materiais para equilibrar o desempenho, o custo e o prazo de entrega.<\/p>\n<h2 data-start=\"1581\" data-end=\"1600\"><strong data-start=\"1584\" data-end=\"1600\">Carater\u00edsticas principais<\/strong><\/h2>\n<ul data-start=\"1602\" data-end=\"1912\">\n<li data-start=\"1602\" data-end=\"1647\">\n<p data-start=\"1604\" data-end=\"1647\">Elevada precis\u00e3o dimensional e consist\u00eancia<\/p>\n<\/li>\n<li data-start=\"1648\" data-end=\"1701\">\n<p data-start=\"1650\" data-end=\"1701\">Excelente acabamento de superf\u00edcie e integridade estrutural<\/p>\n<\/li>\n<li data-start=\"1702\" data-end=\"1758\">\n<p data-start=\"1704\" data-end=\"1758\">Adequado para geometrias complexas e toler\u00e2ncias apertadas<\/p>\n<\/li>\n<li data-start=\"1759\" data-end=\"1819\">\n<p data-start=\"1761\" data-end=\"1819\">Compat\u00edvel com v\u00e1rios metais e pl\u00e1sticos de engenharia<\/p>\n<\/li>\n<li data-start=\"1820\" data-end=\"1864\">\n<p data-start=\"1822\" data-end=\"1864\">Suporte do prot\u00f3tipo \u00e0 produ\u00e7\u00e3o em massa<\/p>\n<\/li>\n<li data-start=\"1865\" data-end=\"1912\">\n<p data-start=\"1867\" data-end=\"1912\">Totalmente personalizado com base nos desenhos do cliente<\/p>\n<\/li>\n<\/ul>\n<h2 data-start=\"1919\" data-end=\"1946\"><strong data-start=\"1922\" data-end=\"1946\">Aplica\u00e7\u00f5es t\u00edpicas<\/strong><\/h2>\n<ul data-start=\"1948\" data-end=\"2262\">\n<li data-start=\"1948\" data-end=\"1983\">\n<p data-start=\"1950\" data-end=\"1983\">Componentes de m\u00e1quinas industriais<\/p>\n<\/li>\n<li data-start=\"1984\" data-end=\"2017\">\n<p data-start=\"1986\" data-end=\"2017\">Pe\u00e7as para automa\u00e7\u00e3o e rob\u00f3tica<\/p>\n<\/li>\n<li data-start=\"2018\" data-end=\"2054\">\n<p data-start=\"2020\" data-end=\"2054\">Bombas, v\u00e1lvulas e sistemas de fluidos<\/p>\n<\/li>\n<li data-start=\"2055\" data-end=\"2093\">\n<p data-start=\"2057\" data-end=\"2093\">Caixas de velocidades e sistemas de transmiss\u00e3o<\/p>\n<\/li>\n<li data-start=\"2094\" data-end=\"2131\">\n<p data-start=\"2096\" data-end=\"2131\">Equipamento de constru\u00e7\u00e3o e de extra\u00e7\u00e3o mineira<\/p>\n<\/li>\n<li data-start=\"2132\" data-end=\"2173\">\n<p data-start=\"2134\" data-end=\"2173\">Equipamentos de produ\u00e7\u00e3o de energia e de eletricidade<\/p>\n<\/li>\n<li data-start=\"2174\" data-end=\"2211\">\n<p data-start=\"2176\" data-end=\"2211\">Instrumentos m\u00e9dicos e de precis\u00e3o<\/p>\n<\/li>\n<li data-start=\"2212\" data-end=\"2262\">\n<p data-start=\"2214\" data-end=\"2262\">Apoios a semicondutores e equipamentos de alta tecnologia<\/p>\n<\/li>\n<\/ul>\n<h2 data-start=\"2269\" data-end=\"2298\"><strong data-start=\"2272\" data-end=\"2298\">Capacidades de maquinagem<\/strong><\/h2>\n<div class=\"TyagGW_tableContainer\">\n<div class=\"group TyagGW_tableWrapper flex flex-col-reverse w-fit\" tabindex=\"-1\">\n<table class=\"w-fit min-w-(--thread-content-width)\" data-start=\"2300\" data-end=\"2688\">\n<thead data-start=\"2300\" data-end=\"2324\">\n<tr data-start=\"2300\" data-end=\"2324\">\n<th data-start=\"2300\" data-end=\"2310\" data-col-size=\"sm\">Processo<\/th>\n<th data-start=\"2310\" data-end=\"2324\" data-col-size=\"md\">Capacidade<\/th>\n<\/tr>\n<\/thead>\n<tbody data-start=\"2335\" data-end=\"2688\">\n<tr data-start=\"2335\" data-end=\"2384\">\n<td data-start=\"2335\" data-end=\"2349\" data-col-size=\"sm\">Torneamento CNC<\/td>\n<td data-start=\"2349\" data-end=\"2384\" data-col-size=\"md\">Veios, casquilhos, flanges, pinos<\/td>\n<\/tr>\n<tr data-start=\"2385\" data-end=\"2445\">\n<td data-start=\"2385\" data-end=\"2399\" data-col-size=\"sm\">Fresagem CNC<\/td>\n<td data-start=\"2399\" data-end=\"2445\" data-col-size=\"md\">Suportes, placas, caixas, formas complexas<\/td>\n<\/tr>\n<tr data-start=\"2446\" data-end=\"2510\">\n<td data-start=\"2446\" data-end=\"2467\" data-col-size=\"sm\">Perfura\u00e7\u00e3o e roscagem<\/td>\n<td data-start=\"2467\" data-end=\"2510\" data-col-size=\"md\">Componentes roscados e furos de precis\u00e3o<\/td>\n<\/tr>\n<tr data-start=\"2511\" data-end=\"2570\">\n<td data-start=\"2511\" data-end=\"2522\" data-col-size=\"sm\">Retifica\u00e7\u00e3o<\/td>\n<td data-start=\"2522\" data-end=\"2570\" data-col-size=\"md\">Superf\u00edcies de alta precis\u00e3o e toler\u00e2ncias apertadas<\/td>\n<\/tr>\n<tr data-start=\"2571\" data-end=\"2635\">\n<td data-start=\"2571\" data-end=\"2591\" data-col-size=\"sm\">Tratamento de superf\u00edcie<\/td>\n<td data-start=\"2591\" data-end=\"2635\" data-col-size=\"md\">Anodiza\u00e7\u00e3o, galvaniza\u00e7\u00e3o, passiva\u00e7\u00e3o, revestimento<\/td>\n<\/tr>\n<tr data-start=\"2636\" data-end=\"2688\">\n<td data-start=\"2636\" data-end=\"2653\" data-col-size=\"sm\">Tratamento t\u00e9rmico<\/td>\n<td data-start=\"2653\" data-end=\"2688\" data-col-size=\"md\">Endurecimento, t\u00eampera, recozimento<\/td>\n<\/tr>\n<\/tbody>\n<\/table>\n<\/div>\n<\/div>\n<h2 data-start=\"2695\" data-end=\"2747\"><strong data-start=\"2698\" data-end=\"2745\">Par\u00e2metros t\u00e9cnicos (Gama representativa)<\/strong><\/h2>\n<div class=\"TyagGW_tableContainer\">\n<div class=\"group TyagGW_tableWrapper flex flex-col-reverse w-fit\" tabindex=\"-1\">\n<table class=\"w-fit min-w-(--thread-content-width)\" data-start=\"2749\" data-end=\"3246\">\n<thead data-start=\"2749\" data-end=\"2775\">\n<tr data-start=\"2749\" data-end=\"2775\">\n<th data-start=\"2749\" data-end=\"2761\" data-col-size=\"sm\">Par\u00e2metro<\/th>\n<th data-start=\"2761\" data-end=\"2775\" data-col-size=\"md\">Capacidade<\/th>\n<\/tr>\n<\/thead>\n<tbody data-start=\"2786\" data-end=\"3246\">\n<tr data-start=\"2786\" data-end=\"2885\">\n<td data-start=\"2786\" data-end=\"2805\" data-col-size=\"sm\">Op\u00e7\u00f5es de materiais<\/td>\n<td data-start=\"2805\" data-end=\"2885\" data-col-size=\"md\">A\u00e7o carbono, a\u00e7o inoxid\u00e1vel, alum\u00ednio, lat\u00e3o, cobre, pl\u00e1sticos de engenharia<\/td>\n<\/tr>\n<tr data-start=\"2886\" data-end=\"2945\">\n<td data-start=\"2886\" data-end=\"2910\" data-col-size=\"sm\">Toler\u00e2ncia dimensional<\/td>\n<td data-start=\"2910\" data-end=\"2945\" data-col-size=\"md\">At\u00e9 \u00b10,01 mm (dependente da pe\u00e7a)<\/td>\n<\/tr>\n<tr data-start=\"2946\" data-end=\"3014\">\n<td data-start=\"2946\" data-end=\"2966\" data-col-size=\"sm\">Rugosidade da superf\u00edcie<\/td>\n<td data-start=\"2966\" data-end=\"3014\" data-col-size=\"md\">Ra 0,8 - Ra 3,2 (mais fino dispon\u00edvel a pedido)<\/td>\n<\/tr>\n<tr data-start=\"3015\" data-end=\"3068\">\n<td data-start=\"3015\" data-end=\"3031\" data-col-size=\"sm\">Tamanho m\u00e1ximo da pe\u00e7a<\/td>\n<td data-start=\"3031\" data-end=\"3068\" data-col-size=\"md\">At\u00e9 1200 mm (dependendo do projeto)<\/td>\n<\/tr>\n<tr data-start=\"3069\" data-end=\"3130\">\n<td data-start=\"3069\" data-end=\"3087\" data-col-size=\"sm\">Tipo de produ\u00e7\u00e3o<\/td>\n<td data-start=\"3087\" data-end=\"3130\" data-col-size=\"md\">Prot\u00f3tipo, pequeno lote, produ\u00e7\u00e3o em massa<\/td>\n<\/tr>\n<tr data-start=\"3131\" data-end=\"3183\">\n<td data-start=\"3131\" data-end=\"3151\" data-col-size=\"sm\">Normas de qualidade<\/td>\n<td data-start=\"3151\" data-end=\"3183\" data-col-size=\"md\">Processo de inspe\u00e7\u00e3o baseado na ISO<\/td>\n<\/tr>\n<tr data-start=\"3184\" data-end=\"3246\">\n<td data-start=\"3184\" data-end=\"3197\" data-col-size=\"sm\">Inspe\u00e7\u00e3o<\/td>\n<td data-start=\"3197\" data-end=\"3246\" data-col-size=\"md\">CMM, paqu\u00edmetros, micr\u00f3metros, ensaios de rugosidade<\/td>\n<\/tr>\n<\/tbody>\n<\/table>\n<\/div>\n<\/div>\n<h2 data-start=\"3253\" data-end=\"3284\"><strong data-start=\"3256\" data-end=\"3284\">Guia de sele\u00e7\u00e3o de materiais<\/strong><\/h2>\n<div class=\"TyagGW_tableContainer\">\n<div class=\"group TyagGW_tableWrapper flex flex-col-reverse w-fit\" tabindex=\"-1\">\n<table class=\"w-fit min-w-(--thread-content-width)\" data-start=\"3286\" data-end=\"3776\">\n<thead data-start=\"3286\" data-end=\"3325\">\n<tr data-start=\"3286\" data-end=\"3325\">\n<th data-start=\"3286\" data-end=\"3297\" data-col-size=\"sm\">Material<\/th>\n<th data-start=\"3297\" data-end=\"3310\" data-col-size=\"sm\">Vantagens<\/th>\n<th data-start=\"3310\" data-end=\"3325\" data-col-size=\"sm\">Utiliza\u00e7\u00e3o t\u00edpica<\/th>\n<\/tr>\n<\/thead>\n<tbody data-start=\"3340\" data-end=\"3776\">\n<tr data-start=\"3340\" data-end=\"3416\">\n<td data-start=\"3340\" data-end=\"3359\" data-col-size=\"sm\"><strong data-start=\"3342\" data-end=\"3358\">A\u00e7o carbono<\/strong><\/td>\n<td data-start=\"3359\" data-end=\"3391\" data-col-size=\"sm\">Alta resist\u00eancia, rent\u00e1vel<\/td>\n<td data-start=\"3391\" data-end=\"3416\" data-col-size=\"sm\">Pe\u00e7as para m\u00e1quinas pesadas<\/td>\n<\/tr>\n<tr data-start=\"3417\" data-end=\"3507\">\n<td data-start=\"3417\" data-end=\"3449\" data-col-size=\"sm\"><strong data-start=\"3419\" data-end=\"3448\">A\u00e7o inoxid\u00e1vel (304\/316)<\/strong><\/td>\n<td data-start=\"3449\" data-end=\"3471\" data-col-size=\"sm\">Resistente \u00e0 corros\u00e3o<\/td>\n<td data-start=\"3471\" data-end=\"3507\" data-col-size=\"sm\">Equipamento qu\u00edmico, mar\u00edtimo e alimentar<\/td>\n<\/tr>\n<tr data-start=\"3508\" data-end=\"3590\">\n<td data-start=\"3508\" data-end=\"3529\" data-col-size=\"sm\"><strong data-start=\"3510\" data-end=\"3528\">Liga de alum\u00ednio<\/strong><\/td>\n<td data-start=\"3529\" data-end=\"3563\" data-col-size=\"sm\">Leve, boa maquinabilidade<\/td>\n<td data-start=\"3563\" data-end=\"3590\" data-col-size=\"sm\">Automa\u00e7\u00e3o, eletr\u00f3nica<\/td>\n<\/tr>\n<tr data-start=\"3591\" data-end=\"3674\">\n<td data-start=\"3591\" data-end=\"3610\" data-col-size=\"sm\"><strong data-start=\"3593\" data-end=\"3609\">Lat\u00e3o\/Cobre<\/strong><\/td>\n<td data-start=\"3610\" data-end=\"3652\" data-col-size=\"sm\">Boa condutividade, resist\u00eancia \u00e0 corros\u00e3o<\/td>\n<td data-start=\"3652\" data-end=\"3674\" data-col-size=\"sm\">V\u00e1lvulas, conectores<\/td>\n<\/tr>\n<tr data-start=\"3675\" data-end=\"3776\">\n<td data-start=\"3675\" data-end=\"3721\" data-col-size=\"sm\"><strong data-start=\"3677\" data-end=\"3720\">Pl\u00e1sticos de engenharia (POM, Nylon, PTFE)<\/strong><\/td>\n<td data-start=\"3721\" data-end=\"3757\" data-col-size=\"sm\">Baixa fric\u00e7\u00e3o, resist\u00eancia qu\u00edmica<\/td>\n<td data-start=\"3757\" data-end=\"3776\" data-col-size=\"sm\">Componentes de desgaste<\/td>\n<\/tr>\n<\/tbody>\n<\/table>\n<\/div>\n<\/div>\n<h2 data-start=\"3783\" data-end=\"3806\"><strong data-start=\"3786\" data-end=\"3806\">Por que escolher a Wonzh<\/strong><\/h2>\n<ul data-start=\"3808\" data-end=\"4094\">\n<li data-start=\"3808\" data-end=\"3872\">\n<p data-start=\"3810\" data-end=\"3872\">Controlo de qualidade rigoroso desde a mat\u00e9ria-prima at\u00e9 \u00e0 inspe\u00e7\u00e3o final<\/p>\n<\/li>\n<li data-start=\"3873\" data-end=\"3933\">\n<p data-start=\"3875\" data-end=\"3933\">Engenheiros de maquinagem experientes e equipamento CNC moderno<\/p>\n<\/li>\n<li data-start=\"3934\" data-end=\"3989\">\n<p data-start=\"3936\" data-end=\"3989\">Suporte para geometrias complexas e toler\u00e2ncias apertadas<\/p>\n<\/li>\n<li data-start=\"3990\" data-end=\"4039\">\n<p data-start=\"3992\" data-end=\"4039\">Prototipagem r\u00e1pida e produ\u00e7\u00e3o em massa fi\u00e1vel<\/p>\n<\/li>\n<li data-start=\"4040\" data-end=\"4094\">\n<p data-start=\"4042\" data-end=\"4094\">Cadeia de abastecimento est\u00e1vel e capacidade de entrega global<\/p>\n<\/li>\n<\/ul>\n<h2 data-start=\"4101\" data-end=\"4142\"><strong data-start=\"4104\" data-end=\"4140\">Perguntas frequentes (FAQ)<\/strong><\/h2>\n<h3 data-start=\"4144\" data-end=\"4204\"><strong data-start=\"4148\" data-end=\"4202\">Q1: Fabricam com base nos desenhos dos clientes?<\/strong><\/h3>\n<p data-start=\"4205\" data-end=\"4280\">Sim. Produzimos pe\u00e7as estritamente de acordo com os seus desenhos 2D\/3D ou amostras.<\/p>\n<h3 data-start=\"4282\" data-end=\"4328\"><strong data-start=\"4286\" data-end=\"4326\">Q2: Que formatos de ficheiro s\u00e3o aceites?<\/strong><\/h3>\n<p data-start=\"4329\" data-end=\"4382\">Aceitamos <strong data-start=\"4339\" data-end=\"4381\">Desenhos STEP, IGES, DXF, DWG e PDF<\/strong>.<\/p>\n<h3 data-start=\"4384\" data-end=\"4429\"><strong data-start=\"4388\" data-end=\"4427\">Q3: Qual \u00e9 o vosso prazo de entrega t\u00edpico?<\/strong><\/h3>\n<ul data-start=\"4430\" data-end=\"4527\">\n<li data-start=\"4430\" data-end=\"4459\">\n<p data-start=\"4432\" data-end=\"4459\">Prot\u00f3tipos: <strong data-start=\"4444\" data-end=\"4457\">1-2 semanas<\/strong><\/p>\n<\/li>\n<li data-start=\"4460\" data-end=\"4490\">\n<p data-start=\"4462\" data-end=\"4490\">Lote pequeno: <strong data-start=\"4475\" data-end=\"4488\">2-4 semanas<\/strong><\/p>\n<\/li>\n<li data-start=\"4491\" data-end=\"4527\">\n<p data-start=\"4493\" data-end=\"4527\">Produ\u00e7\u00e3o em massa: dependente do projeto<\/p>\n<\/li>\n<\/ul>\n<h3 data-start=\"4529\" data-end=\"4578\"><strong data-start=\"4533\" data-end=\"4576\">Q4: Podem efetuar tratamentos de superf\u00edcie?<\/strong><\/h3>\n<p data-start=\"4579\" data-end=\"4657\">Sim. Oferecemos servi\u00e7os de anodiza\u00e7\u00e3o, galvaniza\u00e7\u00e3o, pintura, passiva\u00e7\u00e3o e revestimento.<\/p>\n<h3 data-start=\"4659\" data-end=\"4707\"><strong data-start=\"4663\" data-end=\"4705\">Q5: Aceitam encomendas de pequenos lotes?<\/strong><\/h3>\n<p data-start=\"4708\" data-end=\"4778\">Sim. Apoiamos prot\u00f3tipos, pequenos lotes e produ\u00e7\u00e3o em grande escala.<\/p>","protected":false},"excerpt":{"rendered":"<p>Pe\u00e7as maquinadas CNC fornecidas por <strong data-start=\"560\" data-end=\"569\">Wonzh<\/strong> s\u00e3o componentes de engenharia de precis\u00e3o fabricados com recurso a tecnologias avan\u00e7adas de torneamento, fresagem, perfura\u00e7\u00e3o e retifica\u00e7\u00e3o CNC. Concebidas para cumprir toler\u00e2ncias dimensionais rigorosas e requisitos de qualidade de superf\u00edcie, as nossas pe\u00e7as maquinadas s\u00e3o amplamente utilizadas em maquinaria industrial, sistemas de automa\u00e7\u00e3o, equipamento pesado e fabrico OEM.<\/p>","protected":false},"featured_media":1518,"comment_status":"open","ping_status":"closed","template":"","meta":{"site-sidebar-layout":"default","site-content-layout":"","ast-site-content-layout":"default","site-content-style":"default","site-sidebar-style":"default","ast-global-header-display":"","ast-banner-title-visibility":"","ast-main-header-display":"","ast-hfb-above-header-display":"","ast-hfb-below-header-display":"","ast-hfb-mobile-header-display":"","site-post-title":"","ast-breadcrumbs-content":"","ast-featured-img":"","footer-sml-layout":"","ast-disable-related-posts":"","theme-transparent-header-meta":"default","adv-header-id-meta":"","stick-header-meta":"default","header-above-stick-meta":"","header-main-stick-meta":"","header-below-stick-meta":"","astra-migrate-meta-layouts":"set","ast-page-background-enabled":"default","ast-page-background-meta":{"desktop":{"background-color":"","background-image":"","background-repeat":"repeat","background-position":"center center","background-size":"auto","background-attachment":"scroll","background-type":"","background-media":"","overlay-type":"","overlay-color":"","overlay-opacity":"","overlay-gradient":""},"tablet":{"background-color":"","background-image":"","background-repeat":"repeat","background-position":"center center","background-size":"auto","background-attachment":"scroll","background-type":"","background-media":"","overlay-type":"","overlay-color":"","overlay-opacity":"","overlay-gradient":""},"mobile":{"background-color":"","background-image":"","background-repeat":"repeat","background-position":"center center","background-size":"auto","background-attachment":"scroll","background-type":"","background-media":"","overlay-type":"","overlay-color":"","overlay-opacity":"","overlay-gradient":""}},"ast-content-background-meta":{"desktop":{"background-color":"var(--ast-global-color-5)","background-image":"","background-repeat":"repeat","background-position":"center center","background-size":"auto","background-attachment":"scroll","background-type":"","background-media":"","overlay-type":"","overlay-color":"","overlay-opacity":"","overlay-gradient":""},"tablet":{"background-color":"var(--ast-global-color-5)","background-image":"","background-repeat":"repeat","background-position":"center center","background-size":"auto","background-attachment":"scroll","background-type":"","background-media":"","overlay-type":"","overlay-color":"","overlay-opacity":"","overlay-gradient":""},"mobile":{"background-color":"var(--ast-global-color-5)","background-image":"","background-repeat":"repeat","background-position":"center center","background-size":"auto","background-attachment":"scroll","background-type":"","background-media":"","overlay-type":"","overlay-color":"","overlay-opacity":"","overlay-gradient":""}}},"product_brand":[],"product_cat":[23],"product_tag":[305,311,299,302,301,303,309,306,307,300,308,304,310],"class_list":{"0":"post-1463","1":"product","2":"type-product","3":"status-publish","4":"has-post-thumbnail","6":"product_cat-precision-machined-parts","7":"product_tag-aluminum-machining","8":"product_tag-china-cnc-manufacturer","9":"product_tag-cnc-machined-parts","10":"product_tag-cnc-milling-parts","11":"product_tag-cnc-turning-parts","12":"product_tag-custom-machined-components","13":"product_tag-high-precision-parts","14":"product_tag-industrial-parts-manufacturing","15":"product_tag-oem-machined-parts","16":"product_tag-precision-machining","17":"product_tag-prototype-machining","18":"product_tag-stainless-steel-machining","19":"product_tag-surface-treatment-machining","20":"desktop-align-left","21":"tablet-align-left","22":"mobile-align-left","24":"first","25":"instock","26":"shipping-taxable","27":"product-type-simple"},"_links":{"self":[{"href":"https:\/\/www.wonzh.com\/pt\/wp-json\/wp\/v2\/product\/1463","targetHints":{"allow":["GET"]}}],"collection":[{"href":"https:\/\/www.wonzh.com\/pt\/wp-json\/wp\/v2\/product"}],"about":[{"href":"https:\/\/www.wonzh.com\/pt\/wp-json\/wp\/v2\/types\/product"}],"replies":[{"embeddable":true,"href":"https:\/\/www.wonzh.com\/pt\/wp-json\/wp\/v2\/comments?post=1463"}],"wp:featuredmedia":[{"embeddable":true,"href":"https:\/\/www.wonzh.com\/pt\/wp-json\/wp\/v2\/media\/1518"}],"wp:attachment":[{"href":"https:\/\/www.wonzh.com\/pt\/wp-json\/wp\/v2\/media?parent=1463"}],"wp:term":[{"taxonomy":"product_brand","embeddable":true,"href":"https:\/\/www.wonzh.com\/pt\/wp-json\/wp\/v2\/product_brand?post=1463"},{"taxonomy":"product_cat","embeddable":true,"href":"https:\/\/www.wonzh.com\/pt\/wp-json\/wp\/v2\/product_cat?post=1463"},{"taxonomy":"product_tag","embeddable":true,"href":"https:\/\/www.wonzh.com\/pt\/wp-json\/wp\/v2\/product_tag?post=1463"}],"curies":[{"name":"wp","href":"https:\/\/api.w.org\/{rel}","templated":true}]}}