{"id":1450,"date":"2026-02-03T14:29:35","date_gmt":"2026-02-03T14:29:35","guid":{"rendered":"https:\/\/www.wonzh.com\/?post_type=product&#038;p=1450"},"modified":"2026-02-05T05:02:29","modified_gmt":"2026-02-05T05:02:29","slug":"galvanized-steel-wire-rope-for-lifting-hoisting-and-industrial-applications","status":"publish","type":"product","link":"https:\/\/www.wonzh.com\/pt\/product\/galvanized-steel-wire-rope-for-lifting-hoisting-and-industrial-applications\/","title":{"rendered":"Cabos de a\u00e7o galvanizado para aplica\u00e7\u00f5es de eleva\u00e7\u00e3o, i\u00e7amento e industriais"},"content":{"rendered":"<p data-start=\"583\" data-end=\"958\">O cabo de a\u00e7o galvanizado fornecido pela Wonzh \u00e9 fabricado com fios de a\u00e7o carbono de alta qualidade que s\u00e3o mergulhados a quente ou eletrogalvanizados para aumentar a resist\u00eancia \u00e0 corros\u00e3o e a vida \u00fatil. O revestimento de zinco proporciona uma prote\u00e7\u00e3o eficaz contra a humidade, produtos qu\u00edmicos e ambientes exteriores agressivos, tornando-o ideal para aplica\u00e7\u00f5es de eleva\u00e7\u00e3o, eleva\u00e7\u00e3o, aparelhamento e estruturais.<\/p>\n<p data-start=\"960\" data-end=\"1274\">Os nossos cabos de a\u00e7o galvanizados s\u00e3o produzidos segundo normas de controlo de qualidade rigorosas, garantindo uma resist\u00eancia \u00e0 tra\u00e7\u00e3o, flexibilidade e resist\u00eancia \u00e0 fadiga consistentes. A tecnologia de encordoamento de precis\u00e3o minimiza a fric\u00e7\u00e3o interna entre os fios, melhorando a estabilidade de suporte de carga e a seguran\u00e7a operacional em condi\u00e7\u00f5es de trabalho din\u00e2micas.<\/p>\n<p data-start=\"1276\" data-end=\"1621\">Como um fornecedor experiente de componentes industriais, a Wonzh fornece constru\u00e7\u00f5es padr\u00e3o, bem como solu\u00e7\u00f5es personalizadas de cabos de a\u00e7o adaptadas aos requisitos de carga, condi\u00e7\u00f5es de abras\u00e3o e exposi\u00e7\u00e3o ambiental. A nossa equipa t\u00e9cnica apoia a sele\u00e7\u00e3o do di\u00e2metro, tipo de n\u00facleo, padr\u00e3o de constru\u00e7\u00e3o e acabamento de superf\u00edcie com base nas necessidades reais da aplica\u00e7\u00e3o.<\/p>\n<h2 data-start=\"1628\" data-end=\"1647\"><strong data-start=\"1631\" data-end=\"1647\">Carater\u00edsticas principais<\/strong><\/h2>\n<ul data-start=\"1649\" data-end=\"1979\">\n<li data-start=\"1649\" data-end=\"1709\">\n<p data-start=\"1651\" data-end=\"1709\">Excelente resist\u00eancia \u00e0 corros\u00e3o devido ao revestimento galvanizado<\/p>\n<\/li>\n<li data-start=\"1710\" data-end=\"1770\">\n<p data-start=\"1712\" data-end=\"1770\">Elevada resist\u00eancia \u00e0 tra\u00e7\u00e3o e capacidade de carga fi\u00e1vel<\/p>\n<\/li>\n<li data-start=\"1771\" data-end=\"1814\">\n<p data-start=\"1773\" data-end=\"1814\">Boa flexibilidade e resist\u00eancia \u00e0 fadiga<\/p>\n<\/li>\n<li data-start=\"1815\" data-end=\"1871\">\n<p data-start=\"1817\" data-end=\"1871\">Longa vida \u00fatil em ambientes exteriores e mar\u00edtimos<\/p>\n<\/li>\n<li data-start=\"1872\" data-end=\"1939\">\n<p data-start=\"1874\" data-end=\"1939\">Adequado para eleva\u00e7\u00e3o din\u00e2mica e aplica\u00e7\u00f5es estruturais est\u00e1ticas<\/p>\n<\/li>\n<li data-start=\"1940\" data-end=\"1979\">\n<p data-start=\"1942\" data-end=\"1979\">Tamanhos padr\u00e3o e personalizados dispon\u00edveis<\/p>\n<\/li>\n<\/ul>\n<h2 data-start=\"1986\" data-end=\"2013\"><strong data-start=\"1989\" data-end=\"2013\">Aplica\u00e7\u00f5es t\u00edpicas<\/strong><\/h2>\n<ul data-start=\"2015\" data-end=\"2270\">\n<li data-start=\"2015\" data-end=\"2048\">\n<p data-start=\"2017\" data-end=\"2048\">Gruas e equipamentos de eleva\u00e7\u00e3o<\/p>\n<\/li>\n<li data-start=\"2049\" data-end=\"2074\">\n<p data-start=\"2051\" data-end=\"2074\">Elevadores e guinchos<\/p>\n<\/li>\n<li data-start=\"2075\" data-end=\"2112\">\n<p data-start=\"2077\" data-end=\"2112\">M\u00e1quinas para as ind\u00fastrias extractivas e de constru\u00e7\u00e3o<\/p>\n<\/li>\n<li data-start=\"2113\" data-end=\"2147\">\n<p data-start=\"2115\" data-end=\"2147\">Opera\u00e7\u00f5es mar\u00edtimas e offshore<\/p>\n<\/li>\n<li data-start=\"2148\" data-end=\"2188\">\n<p data-start=\"2150\" data-end=\"2188\">Pontes suspensas e sistemas de cabos<\/p>\n<\/li>\n<li data-start=\"2189\" data-end=\"2230\">\n<p data-start=\"2191\" data-end=\"2230\">Cintas industriais e lingas de eleva\u00e7\u00e3o<\/p>\n<\/li>\n<li data-start=\"2231\" data-end=\"2270\">\n<p data-start=\"2233\" data-end=\"2270\">M\u00e1quinas agr\u00edcolas e florestais<\/p>\n<\/li>\n<\/ul>\n<h2 data-start=\"2277\" data-end=\"2329\"><strong data-start=\"2280\" data-end=\"2327\">Par\u00e2metros t\u00e9cnicos (Gama representativa)<\/strong><\/h2>\n<div class=\"TyagGW_tableContainer\">\n<div class=\"group TyagGW_tableWrapper flex flex-col-reverse w-fit\" tabindex=\"-1\">\n<table class=\"w-fit min-w-(--thread-content-width)\" data-start=\"2331\" data-end=\"2794\">\n<thead data-start=\"2331\" data-end=\"2368\">\n<tr data-start=\"2331\" data-end=\"2368\">\n<th data-start=\"2331\" data-end=\"2343\" data-col-size=\"sm\">Par\u00e2metro<\/th>\n<th data-start=\"2343\" data-end=\"2368\" data-col-size=\"md\">Especifica\u00e7\u00e3o \/ Gama<\/th>\n<\/tr>\n<\/thead>\n<tbody data-start=\"2379\" data-end=\"2794\">\n<tr data-start=\"2379\" data-end=\"2424\">\n<td data-start=\"2379\" data-end=\"2394\" data-col-size=\"sm\">Tipo de produto<\/td>\n<td data-start=\"2394\" data-end=\"2424\" data-col-size=\"md\">Cabos de a\u00e7o galvanizado<\/td>\n<\/tr>\n<tr data-start=\"2425\" data-end=\"2484\">\n<td data-start=\"2425\" data-end=\"2440\" data-col-size=\"sm\">Tipo de revestimento<\/td>\n<td data-start=\"2440\" data-end=\"2484\" data-col-size=\"md\">Galvanizado por imers\u00e3o a quente ou electrogalvanizado<\/td>\n<\/tr>\n<tr data-start=\"2485\" data-end=\"2543\">\n<td data-start=\"2485\" data-end=\"2510\" data-col-size=\"sm\">Constru\u00e7\u00e3o de cabos de a\u00e7o<\/td>\n<td data-start=\"2510\" data-end=\"2543\" data-col-size=\"md\">6\u00d719, 6\u00d737, 7\u00d719, 7\u00d77, 6\u00d736WS<\/td>\n<\/tr>\n<tr data-start=\"2544\" data-end=\"2612\">\n<td data-start=\"2544\" data-end=\"2556\" data-col-size=\"sm\">Tipo de n\u00facleo<\/td>\n<td data-start=\"2556\" data-end=\"2612\" data-col-size=\"md\">FC (n\u00facleo de fibra) ou IWRC (n\u00facleo de cabo de a\u00e7o independente)<\/td>\n<\/tr>\n<tr data-start=\"2613\" data-end=\"2665\">\n<td data-start=\"2613\" data-end=\"2630\" data-col-size=\"sm\">Gama de di\u00e2metros<\/td>\n<td data-start=\"2630\" data-end=\"2665\" data-col-size=\"md\">2 mm - 60 mm (dispon\u00edvel por encomenda)<\/td>\n<\/tr>\n<tr data-start=\"2666\" data-end=\"2704\">\n<td data-start=\"2666\" data-end=\"2685\" data-col-size=\"sm\">Resist\u00eancia \u00e0 tra\u00e7\u00e3o<\/td>\n<td data-start=\"2685\" data-end=\"2704\" data-col-size=\"md\">1570 - 1960 MPa<\/td>\n<\/tr>\n<tr data-start=\"2705\" data-end=\"2751\">\n<td data-start=\"2705\" data-end=\"2722\" data-col-size=\"sm\">Acabamento da superf\u00edcie<\/td>\n<td data-start=\"2722\" data-end=\"2751\" data-col-size=\"md\">Revestimento galvanizado liso<\/td>\n<\/tr>\n<tr data-start=\"2752\" data-end=\"2794\">\n<td data-start=\"2752\" data-end=\"2774\" data-col-size=\"sm\">Normas suportadas<\/td>\n<td data-start=\"2774\" data-end=\"2794\" data-col-size=\"md\">ISO, DIN, EN, GB<\/td>\n<\/tr>\n<\/tbody>\n<\/table>\n<\/div>\n<\/div>\n<h2 data-start=\"2801\" data-end=\"2838\"><strong data-start=\"2804\" data-end=\"2838\">Constru\u00e7\u00f5es comuns de cabos de a\u00e7o<\/strong><\/h2>\n<div class=\"TyagGW_tableContainer\">\n<div class=\"group TyagGW_tableWrapper flex flex-col-reverse w-fit\" tabindex=\"-1\">\n<table class=\"w-fit min-w-(--thread-content-width)\" data-start=\"2840\" data-end=\"3150\">\n<thead data-start=\"2840\" data-end=\"2884\">\n<tr data-start=\"2840\" data-end=\"2884\">\n<th data-start=\"2840\" data-end=\"2855\" data-col-size=\"sm\">Constru\u00e7\u00e3o<\/th>\n<th data-start=\"2855\" data-end=\"2869\" data-col-size=\"sm\">Flexibilidade<\/th>\n<th data-start=\"2869\" data-end=\"2884\" data-col-size=\"sm\">Utiliza\u00e7\u00e3o t\u00edpica<\/th>\n<\/tr>\n<\/thead>\n<tbody data-start=\"2899\" data-end=\"3150\">\n<tr data-start=\"2899\" data-end=\"2960\">\n<td data-start=\"2899\" data-end=\"2920\" data-col-size=\"sm\"><strong data-start=\"2901\" data-end=\"2919\">6\u00d719 + FC\/IWRC<\/strong><\/td>\n<td data-start=\"2920\" data-end=\"2929\" data-col-size=\"sm\">M\u00e9dio<\/td>\n<td data-start=\"2929\" data-end=\"2960\" data-col-size=\"sm\">Eleva\u00e7\u00e3o geral e aparelhamento<\/td>\n<\/tr>\n<tr data-start=\"2961\" data-end=\"3030\">\n<td data-start=\"2961\" data-end=\"2982\" data-col-size=\"sm\"><strong data-start=\"2963\" data-end=\"2981\">6\u00d737 + FC\/IWRC<\/strong><\/td>\n<td data-start=\"2982\" data-end=\"2989\" data-col-size=\"sm\">Elevado<\/td>\n<td data-start=\"2989\" data-end=\"3030\" data-col-size=\"sm\">Gruas, guinchos, aplica\u00e7\u00f5es din\u00e2micas<\/td>\n<\/tr>\n<tr data-start=\"3031\" data-end=\"3091\">\n<td data-start=\"3031\" data-end=\"3042\" data-col-size=\"sm\"><strong data-start=\"3033\" data-end=\"3041\">7\u00d719<\/strong><\/td>\n<td data-start=\"3042\" data-end=\"3058\" data-col-size=\"sm\">Muito flex\u00edvel<\/td>\n<td data-start=\"3058\" data-end=\"3091\" data-col-size=\"sm\">Eleva\u00e7\u00e3o de cargas mar\u00edtimas e ligeiras<\/td>\n<\/tr>\n<tr data-start=\"3092\" data-end=\"3150\">\n<td data-start=\"3092\" data-end=\"3105\" data-col-size=\"sm\"><strong data-start=\"3094\" data-end=\"3104\">6\u00d736WS<\/strong><\/td>\n<td data-start=\"3105\" data-end=\"3121\" data-col-size=\"sm\">Alta resist\u00eancia<\/td>\n<td data-start=\"3121\" data-end=\"3150\" data-col-size=\"sm\">Utiliza\u00e7\u00e3o industrial pesada<\/td>\n<\/tr>\n<\/tbody>\n<\/table>\n<\/div>\n<\/div>\n<h2 data-start=\"3157\" data-end=\"3195\"><strong data-start=\"3160\" data-end=\"3195\">Guia de sele\u00e7\u00e3o de materiais e n\u00facleos<\/strong><\/h2>\n<div class=\"TyagGW_tableContainer\">\n<div class=\"group TyagGW_tableWrapper flex flex-col-reverse w-fit\" tabindex=\"-1\">\n<table class=\"w-fit min-w-(--thread-content-width)\" data-start=\"3197\" data-end=\"3433\">\n<thead data-start=\"3197\" data-end=\"3241\">\n<tr data-start=\"3197\" data-end=\"3241\">\n<th data-start=\"3197\" data-end=\"3209\" data-col-size=\"sm\">Tipo de n\u00facleo<\/th>\n<th data-start=\"3209\" data-end=\"3222\" data-col-size=\"sm\">Vantagens<\/th>\n<th data-start=\"3222\" data-end=\"3241\" data-col-size=\"sm\">Recomendado para<\/th>\n<\/tr>\n<\/thead>\n<tbody data-start=\"3256\" data-end=\"3433\">\n<tr data-start=\"3256\" data-end=\"3335\">\n<td data-start=\"3256\" data-end=\"3278\" data-col-size=\"sm\"><strong data-start=\"3258\" data-end=\"3277\">N\u00facleo de fibra (FC)<\/strong><\/td>\n<td data-start=\"3278\" data-end=\"3310\" data-col-size=\"sm\">Mais flex\u00edvel, mais leve<\/td>\n<td data-start=\"3310\" data-end=\"3335\" data-col-size=\"sm\">Cargas ligeiras a m\u00e9dias<\/td>\n<\/tr>\n<tr data-start=\"3336\" data-end=\"3433\">\n<td data-start=\"3336\" data-end=\"3360\" data-col-size=\"sm\"><strong data-start=\"3338\" data-end=\"3359\">IWRC (n\u00facleo de a\u00e7o)<\/strong><\/td>\n<td data-start=\"3360\" data-end=\"3396\" data-col-size=\"sm\">Maior resist\u00eancia, melhor estabilidade<\/td>\n<td data-start=\"3396\" data-end=\"3433\" data-col-size=\"sm\">Cargas pesadas e temperaturas elevadas<\/td>\n<\/tr>\n<\/tbody>\n<\/table>\n<\/div>\n<\/div>\n<h2 data-start=\"3440\" data-end=\"3463\"><strong data-start=\"3443\" data-end=\"3463\">Por que escolher a Wonzh<\/strong><\/h2>\n<ul data-start=\"3465\" data-end=\"3772\">\n<li data-start=\"3465\" data-end=\"3528\">\n<p data-start=\"3467\" data-end=\"3528\">Controlo de qualidade rigoroso desde a trefilagem at\u00e9 ao enfiamento final<\/p>\n<\/li>\n<li data-start=\"3529\" data-end=\"3592\">\n<p data-start=\"3531\" data-end=\"3592\">V\u00e1rios tipos de constru\u00e7\u00e3o para corresponder a diferentes aplica\u00e7\u00f5es<\/p>\n<\/li>\n<li data-start=\"3593\" data-end=\"3651\">\n<p data-start=\"3595\" data-end=\"3651\">Revestimento galvanizado resistente \u00e0 corros\u00e3o para utiliza\u00e7\u00e3o no exterior<\/p>\n<\/li>\n<li data-start=\"3652\" data-end=\"3719\">\n<p data-start=\"3654\" data-end=\"3719\">Apoio de engenharia para sele\u00e7\u00e3o de cabos e conce\u00e7\u00e3o do fator de seguran\u00e7a<\/p>\n<\/li>\n<li data-start=\"3720\" data-end=\"3772\">\n<p data-start=\"3722\" data-end=\"3772\">Cadeia de abastecimento est\u00e1vel e entrega global fi\u00e1vel<\/p>\n<\/li>\n<\/ul>\n<h2 data-start=\"3779\" data-end=\"3820\"><strong data-start=\"3782\" data-end=\"3818\">Perguntas frequentes (FAQ)<\/strong><\/h2>\n<h3 data-start=\"3822\" data-end=\"3874\"><strong data-start=\"3826\" data-end=\"3872\">Q1: Para que \u00e9 utilizado o cabo de a\u00e7o galvanizado?<\/strong><\/h3>\n<p data-start=\"3875\" data-end=\"4006\">\u00c9 utilizado para eleva\u00e7\u00e3o, i\u00e7amento, cordame, suspens\u00e3o e suporte estrutural em aplica\u00e7\u00f5es industriais, de constru\u00e7\u00e3o e mar\u00edtimas.<\/p>\n<h3 data-start=\"4008\" data-end=\"4067\"><strong data-start=\"4012\" data-end=\"4065\">Q2: Qual \u00e9 a diferen\u00e7a entre 6\u00d719 e 6\u00d737?<\/strong><\/h3>\n<ul data-start=\"4068\" data-end=\"4201\">\n<li data-start=\"4068\" data-end=\"4133\">\n<p data-start=\"4070\" data-end=\"4133\"><strong data-start=\"4070\" data-end=\"4079\">6\u00d719:<\/strong> mais forte e mais resistente ao desgaste, mas menos flex\u00edvel.<\/p>\n<\/li>\n<li data-start=\"4134\" data-end=\"4201\">\n<p data-start=\"4136\" data-end=\"4201\"><strong data-start=\"4136\" data-end=\"4145\">6\u00d737:<\/strong> mais flex\u00edvel, melhor para movimentos din\u00e2micos e polias.<\/p>\n<\/li>\n<\/ul>\n<h3 data-start=\"4203\" data-end=\"4244\"><strong data-start=\"4207\" data-end=\"4242\">Q3: Que n\u00facleo devo escolher?<\/strong><\/h3>\n<ul data-start=\"4245\" data-end=\"4337\">\n<li data-start=\"4245\" data-end=\"4286\">\n<p data-start=\"4247\" data-end=\"4286\">Para flexibilidade \u2192 <strong data-start=\"4265\" data-end=\"4284\">N\u00facleo de fibra (FC)<\/strong><\/p>\n<\/li>\n<li data-start=\"4287\" data-end=\"4337\">\n<p data-start=\"4289\" data-end=\"4337\">Para uma maior capacidade de carga \u2192 <strong data-start=\"4316\" data-end=\"4337\">IWRC (n\u00facleo de a\u00e7o)<\/strong><\/p>\n<\/li>\n<\/ul>\n<h3 data-start=\"4339\" data-end=\"4410\"><strong data-start=\"4343\" data-end=\"4408\">Q4: O cabo de a\u00e7o galvanizado \u00e9 adequado para ambientes marinhos?<\/strong><\/h3>\n<p data-start=\"4411\" data-end=\"4565\">Sim. O revestimento galvanizado proporciona uma boa resist\u00eancia \u00e0 corros\u00e3o, mas para condi\u00e7\u00f5es mar\u00edtimas altamente agressivas, pode ser recomendado um cabo de a\u00e7o inoxid\u00e1vel.<\/p>\n<h3 data-start=\"4567\" data-end=\"4611\"><strong data-start=\"4571\" data-end=\"4609\">Q5: Oferecem di\u00e2metros personalizados?<\/strong><\/h3>\n<p data-start=\"4612\" data-end=\"4705\">Sim. Podemos produzir di\u00e2metros, constru\u00e7\u00f5es e revestimentos personalizados com base nos seus requisitos.<\/p>","protected":false},"excerpt":{"rendered":"<p>O cabo de a\u00e7o galvanizado fornecido pela Wonzh \u00e9 fabricado com fios de a\u00e7o carbono de alta qualidade que s\u00e3o mergulhados a quente ou eletrogalvanizados para aumentar a resist\u00eancia \u00e0 corros\u00e3o e a vida \u00fatil.<\/p>","protected":false},"featured_media":1502,"comment_status":"open","ping_status":"closed","template":"","meta":{"site-sidebar-layout":"default","site-content-layout":"","ast-site-content-layout":"default","site-content-style":"default","site-sidebar-style":"default","ast-global-header-display":"","ast-banner-title-visibility":"","ast-main-header-display":"","ast-hfb-above-header-display":"","ast-hfb-below-header-display":"","ast-hfb-mobile-header-display":"","site-post-title":"","ast-breadcrumbs-content":"","ast-featured-img":"","footer-sml-layout":"","ast-disable-related-posts":"","theme-transparent-header-meta":"default","adv-header-id-meta":"","stick-header-meta":"default","header-above-stick-meta":"","header-main-stick-meta":"","header-below-stick-meta":"","astra-migrate-meta-layouts":"set","ast-page-background-enabled":"default","ast-page-background-meta":{"desktop":{"background-color":"","background-image":"","background-repeat":"repeat","background-position":"center center","background-size":"auto","background-attachment":"scroll","background-type":"","background-media":"","overlay-type":"","overlay-color":"","overlay-opacity":"","overlay-gradient":""},"tablet":{"background-color":"","background-image":"","background-repeat":"repeat","background-position":"center center","background-size":"auto","background-attachment":"scroll","background-type":"","background-media":"","overlay-type":"","overlay-color":"","overlay-opacity":"","overlay-gradient":""},"mobile":{"background-color":"","background-image":"","background-repeat":"repeat","background-position":"center center","background-size":"auto","background-attachment":"scroll","background-type":"","background-media":"","overlay-type":"","overlay-color":"","overlay-opacity":"","overlay-gradient":""}},"ast-content-background-meta":{"desktop":{"background-color":"var(--ast-global-color-5)","background-image":"","background-repeat":"repeat","background-position":"center center","background-size":"auto","background-attachment":"scroll","background-type":"","background-media":"","overlay-type":"","overlay-color":"","overlay-opacity":"","overlay-gradient":""},"tablet":{"background-color":"var(--ast-global-color-5)","background-image":"","background-repeat":"repeat","background-position":"center center","background-size":"auto","background-attachment":"scroll","background-type":"","background-media":"","overlay-type":"","overlay-color":"","overlay-opacity":"","overlay-gradient":""},"mobile":{"background-color":"var(--ast-global-color-5)","background-image":"","background-repeat":"repeat","background-position":"center center","background-size":"auto","background-attachment":"scroll","background-type":"","background-media":"","overlay-type":"","overlay-color":"","overlay-opacity":"","overlay-gradient":""}}},"product_brand":[],"product_cat":[22],"product_tag":[261,257,256,259,253,249,258,254,119,260,252,255,118,250,251],"class_list":{"0":"post-1450","1":"product","2":"type-product","3":"status-publish","4":"has-post-thumbnail","6":"product_cat-wire-rope-lifting-accessories","7":"product_tag-china-wire-rope-manufacturer","8":"product_tag-corrosion-resistant-rope","9":"product_tag-crane-wire-rope","10":"product_tag-din-wire-rope","11":"product_tag-fiber-core-wire-rope","12":"product_tag-galvanized-steel-wire-rope","13":"product_tag-high-tensile-wire-rope","14":"product_tag-hoisting-cable","15":"product_tag-industrial-wire-rope","16":"product_tag-iso-wire-rope","17":"product_tag-iwrc-wire-rope","18":"product_tag-lifting-rope","19":"product_tag-marine-wire-rope","20":"product_tag-wire-rope-6x19","21":"product_tag-wire-rope-6x37","22":"desktop-align-left","23":"tablet-align-left","24":"mobile-align-left","26":"first","27":"instock","28":"shipping-taxable","29":"product-type-simple"},"_links":{"self":[{"href":"https:\/\/www.wonzh.com\/pt\/wp-json\/wp\/v2\/product\/1450","targetHints":{"allow":["GET"]}}],"collection":[{"href":"https:\/\/www.wonzh.com\/pt\/wp-json\/wp\/v2\/product"}],"about":[{"href":"https:\/\/www.wonzh.com\/pt\/wp-json\/wp\/v2\/types\/product"}],"replies":[{"embeddable":true,"href":"https:\/\/www.wonzh.com\/pt\/wp-json\/wp\/v2\/comments?post=1450"}],"wp:featuredmedia":[{"embeddable":true,"href":"https:\/\/www.wonzh.com\/pt\/wp-json\/wp\/v2\/media\/1502"}],"wp:attachment":[{"href":"https:\/\/www.wonzh.com\/pt\/wp-json\/wp\/v2\/media?parent=1450"}],"wp:term":[{"taxonomy":"product_brand","embeddable":true,"href":"https:\/\/www.wonzh.com\/pt\/wp-json\/wp\/v2\/product_brand?post=1450"},{"taxonomy":"product_cat","embeddable":true,"href":"https:\/\/www.wonzh.com\/pt\/wp-json\/wp\/v2\/product_cat?post=1450"},{"taxonomy":"product_tag","embeddable":true,"href":"https:\/\/www.wonzh.com\/pt\/wp-json\/wp\/v2\/product_tag?post=1450"}],"curies":[{"name":"wp","href":"https:\/\/api.w.org\/{rel}","templated":true}]}}