{"id":1449,"date":"2026-02-03T14:26:49","date_gmt":"2026-02-03T14:26:49","guid":{"rendered":"https:\/\/www.wonzh.com\/?post_type=product&#038;p=1449"},"modified":"2026-02-04T15:24:03","modified_gmt":"2026-02-04T15:24:03","slug":"custom-industrial-sealing-solutions-engineered-to-your-application","status":"publish","type":"product","link":"https:\/\/www.wonzh.com\/pt\/product\/custom-industrial-sealing-solutions-engineered-to-your-application\/","title":{"rendered":"Solu\u00e7\u00f5es de veda\u00e7\u00e3o industrial personalizadas - concebidas para a sua aplica\u00e7\u00e3o"},"content":{"rendered":"<p data-start=\"592\" data-end=\"1072\">As solu\u00e7\u00f5es de veda\u00e7\u00e3o personalizadas fornecidas pela Wonzh s\u00e3o sistemas de veda\u00e7\u00e3o projetados e desenvolvidos especificamente para condi\u00e7\u00f5es de opera\u00e7\u00e3o, projetos de equipamentos e requisitos de desempenho definidos pelo cliente. Em vez de confiar apenas em produtos de cat\u00e1logo padr\u00e3o, analisamos dados reais de aplica\u00e7\u00e3o - incluindo press\u00e3o, temperatura, velocidade, m\u00eddia, espa\u00e7o de instala\u00e7\u00e3o e expectativas de vida \u00fatil - para projetar solu\u00e7\u00f5es de veda\u00e7\u00e3o otimizadas que maximizam a confiabilidade e minimizam o custo total de propriedade.<\/p>\n<p data-start=\"1074\" data-end=\"1513\">Aproveitando materiais avan\u00e7ados como SiC, carboneto de tungst\u00e9nio, grafite de carbono, elast\u00f3meros de alto desempenho, comp\u00f3sitos de PTFE e pol\u00edmeros especiais, a Wonzh fornece vedantes mec\u00e2nicos, vedantes hidr\u00e1ulicos, an\u00e9is de veda\u00e7\u00e3o, vedantes de \u00f3leo e conjuntos de veda\u00e7\u00e3o integrados feitos \u00e0 medida para sistemas industriais complexos. O nosso processo de desenvolvimento integra simula\u00e7\u00e3o, testes de prot\u00f3tipos e valida\u00e7\u00e3o no terreno para garantir o desempenho em condi\u00e7\u00f5es de trabalho reais.<\/p>\n<p data-start=\"1515\" data-end=\"1786\">Com experi\u00eancia em v\u00e1rios sectores em bombas, hidr\u00e1ulica, sistemas de transmiss\u00e3o, maquinaria pesada e equipamento de processamento, a Wonzh actua n\u00e3o s\u00f3 como fornecedor, mas tamb\u00e9m como parceiro t\u00e9cnico - apoiando a sele\u00e7\u00e3o de materiais, conce\u00e7\u00e3o estrutural, an\u00e1lise de falhas e otimiza\u00e7\u00e3o do ciclo de vida.<\/p>\n<h2 data-start=\"1793\" data-end=\"1821\"><strong data-start=\"1796\" data-end=\"1821\">O que podemos personalizar<\/strong><\/h2>\n<div class=\"TyagGW_tableContainer\">\n<div class=\"group TyagGW_tableWrapper flex flex-col-reverse w-fit\" tabindex=\"-1\">\n<table class=\"w-fit min-w-(--thread-content-width)\" data-start=\"1823\" data-end=\"2406\">\n<thead data-start=\"1823\" data-end=\"1862\">\n<tr data-start=\"1823\" data-end=\"1862\">\n<th data-start=\"1823\" data-end=\"1844\" data-col-size=\"sm\">\u00c1rea de personaliza\u00e7\u00e3o<\/th>\n<th data-start=\"1844\" data-end=\"1862\" data-col-size=\"md\">O que podemos fazer<\/th>\n<\/tr>\n<\/thead>\n<tbody data-start=\"1873\" data-end=\"2406\">\n<tr data-start=\"1873\" data-end=\"1948\">\n<td data-start=\"1873\" data-end=\"1889\" data-col-size=\"sm\"><strong data-start=\"1875\" data-end=\"1888\">Tipo de veda\u00e7\u00e3o<\/strong><\/td>\n<td data-start=\"1889\" data-end=\"1948\" data-col-size=\"md\">Mec\u00e2nico, Hidr\u00e1ulico, O-Ring, Vedante de \u00f3leo, Vedante composto<\/td>\n<\/tr>\n<tr data-start=\"1949\" data-end=\"2038\">\n<td data-start=\"1949\" data-end=\"1971\" data-col-size=\"sm\"><strong data-start=\"1951\" data-end=\"1970\">Sistema de materiais<\/strong><\/td>\n<td data-start=\"1971\" data-end=\"2038\" data-col-size=\"md\">SiC, carboneto de tungst\u00e9nio, PTFE, PU, FKM, NBR, EPDM, ligas especiais<\/td>\n<\/tr>\n<tr data-start=\"2039\" data-end=\"2105\">\n<td data-start=\"2039\" data-end=\"2056\" data-col-size=\"sm\"><strong data-start=\"2041\" data-end=\"2055\">Dimens\u00f5es<\/strong><\/td>\n<td data-start=\"2056\" data-end=\"2105\" data-col-size=\"md\">Tamanhos de eixo, alojamento e ranhura n\u00e3o padronizados<\/td>\n<\/tr>\n<tr data-start=\"2106\" data-end=\"2173\">\n<td data-start=\"2106\" data-end=\"2122\" data-col-size=\"sm\"><strong data-start=\"2108\" data-end=\"2121\">Estrutura<\/strong><\/td>\n<td data-start=\"2122\" data-end=\"2173\" data-col-size=\"md\">Vedantes de cartucho, vedantes divididos, vedantes multi-est\u00e1gio<\/td>\n<\/tr>\n<tr data-start=\"2174\" data-end=\"2241\">\n<td data-start=\"2174\" data-end=\"2198\" data-col-size=\"sm\"><strong data-start=\"2176\" data-end=\"2197\">Tratamento de superf\u00edcie<\/strong><\/td>\n<td data-start=\"2198\" data-end=\"2241\" data-col-size=\"md\">Revestimentos, endurecimento, acabamentos anti-desgaste<\/td>\n<\/tr>\n<tr data-start=\"2242\" data-end=\"2330\">\n<td data-start=\"2242\" data-end=\"2267\" data-col-size=\"sm\"><strong data-start=\"2244\" data-end=\"2266\">Objetivo de desempenho<\/strong><\/td>\n<td data-start=\"2267\" data-end=\"2330\" data-col-size=\"md\">Maior press\u00e3o, temperatura, velocidade ou resist\u00eancia qu\u00edmica<\/td>\n<\/tr>\n<tr data-start=\"2331\" data-end=\"2406\">\n<td data-start=\"2331\" data-end=\"2349\" data-col-size=\"sm\"><strong data-start=\"2333\" data-end=\"2348\">Integra\u00e7\u00e3o<\/strong><\/td>\n<td data-start=\"2349\" data-end=\"2406\" data-col-size=\"md\">M\u00f3dulos de veda\u00e7\u00e3o pr\u00e9-montados para uma instala\u00e7\u00e3o mais f\u00e1cil<\/td>\n<\/tr>\n<\/tbody>\n<\/table>\n<\/div>\n<\/div>\n<h2 data-start=\"2413\" data-end=\"2440\"><strong data-start=\"2416\" data-end=\"2440\">Aplica\u00e7\u00f5es t\u00edpicas<\/strong><\/h2>\n<ul data-start=\"2442\" data-end=\"2768\">\n<li data-start=\"2442\" data-end=\"2479\">\n<p data-start=\"2444\" data-end=\"2479\">Cilindros hidr\u00e1ulicos de alta press\u00e3o<\/p>\n<\/li>\n<li data-start=\"2480\" data-end=\"2523\">\n<p data-start=\"2482\" data-end=\"2523\">Bombas qu\u00edmicas para meios corrosivos<\/p>\n<\/li>\n<li data-start=\"2524\" data-end=\"2558\">\n<p data-start=\"2526\" data-end=\"2558\">Equipamento de processamento de petr\u00f3leo e g\u00e1s<\/p>\n<\/li>\n<li data-start=\"2559\" data-end=\"2594\">\n<p data-start=\"2561\" data-end=\"2594\">Minas e m\u00e1quinas pesadas<\/p>\n<\/li>\n<li data-start=\"2595\" data-end=\"2639\">\n<p data-start=\"2597\" data-end=\"2639\">Sistemas de processamento de alimentos e produtos farmac\u00eauticos<\/p>\n<\/li>\n<li data-start=\"2640\" data-end=\"2680\">\n<p data-start=\"2642\" data-end=\"2680\">Sistemas de produ\u00e7\u00e3o de energia e de turbinas<\/p>\n<\/li>\n<li data-start=\"2681\" data-end=\"2736\">\n<p data-start=\"2683\" data-end=\"2736\">Equipamentos de fabrico de semicondutores e de precis\u00e3o<\/p>\n<\/li>\n<li data-start=\"2737\" data-end=\"2768\">\n<p data-start=\"2739\" data-end=\"2768\">Sistemas marinhos e offshore<\/p>\n<\/li>\n<\/ul>\n<h2 data-start=\"2775\" data-end=\"2827\"><strong data-start=\"2778\" data-end=\"2825\">Gama de capacidades t\u00e9cnicas (Representante)<\/strong><\/h2>\n<div class=\"TyagGW_tableContainer\">\n<div class=\"group TyagGW_tableWrapper flex flex-col-reverse w-fit\" tabindex=\"-1\">\n<table class=\"w-fit min-w-(--thread-content-width)\" data-start=\"2829\" data-end=\"3292\">\n<thead data-start=\"2829\" data-end=\"2855\">\n<tr data-start=\"2829\" data-end=\"2855\">\n<th data-start=\"2829\" data-end=\"2841\" data-col-size=\"sm\">Par\u00e2metro<\/th>\n<th data-start=\"2841\" data-end=\"2855\" data-col-size=\"md\">Capacidade<\/th>\n<\/tr>\n<\/thead>\n<tbody data-start=\"2866\" data-end=\"3292\">\n<tr data-start=\"2866\" data-end=\"2927\">\n<td data-start=\"2866\" data-end=\"2887\" data-col-size=\"sm\">Press\u00e3o de funcionamento<\/td>\n<td data-start=\"2887\" data-end=\"2927\" data-col-size=\"md\">At\u00e9 <strong data-start=\"2895\" data-end=\"2905\">60 MPa<\/strong> (dependente do projeto)<\/td>\n<\/tr>\n<tr data-start=\"2928\" data-end=\"2992\">\n<td data-start=\"2928\" data-end=\"2948\" data-col-size=\"sm\">Gama de temperaturas<\/td>\n<td data-start=\"2948\" data-end=\"2992\" data-col-size=\"md\"><strong data-start=\"2950\" data-end=\"2969\">-60\u00b0C a +300\u00b0C<\/strong> (dependente do material)<\/td>\n<\/tr>\n<tr data-start=\"2993\" data-end=\"3054\">\n<td data-start=\"2993\" data-end=\"3009\" data-col-size=\"sm\">Velocidade de deslizamento<\/td>\n<td data-start=\"3009\" data-end=\"3054\" data-col-size=\"md\">At\u00e9 <strong data-start=\"3017\" data-end=\"3028\">2,0 m\/s<\/strong> (dependente da aplica\u00e7\u00e3o)<\/td>\n<\/tr>\n<tr data-start=\"3055\" data-end=\"3098\">\n<td data-start=\"3055\" data-end=\"3068\" data-col-size=\"sm\">Tamanho do eixo<\/td>\n<td data-start=\"3068\" data-end=\"3098\" data-col-size=\"md\">De <strong data-start=\"3075\" data-end=\"3096\">\u00d85 mm a \u00d81500 mm<\/strong><\/td>\n<\/tr>\n<tr data-start=\"3099\" data-end=\"3163\">\n<td data-start=\"3099\" data-end=\"3121\" data-col-size=\"sm\">Compatibilidade de suportes<\/td>\n<td data-start=\"3121\" data-end=\"3163\" data-col-size=\"md\">\u00d3leo, \u00e1gua, produtos qu\u00edmicos, vapor, lamas<\/td>\n<\/tr>\n<tr data-start=\"3164\" data-end=\"3226\">\n<td data-start=\"3164\" data-end=\"3187\" data-col-size=\"sm\">Normas referenciadas<\/td>\n<td data-start=\"3187\" data-end=\"3226\" data-col-size=\"md\">ISO, DIN, AS568, normas do cliente<\/td>\n<\/tr>\n<tr data-start=\"3227\" data-end=\"3292\">\n<td data-start=\"3227\" data-end=\"3247\" data-col-size=\"sm\">Testes dispon\u00edveis<\/td>\n<td data-start=\"3247\" data-end=\"3292\" data-col-size=\"md\">Ensaio de press\u00e3o, ensaio de desgaste, ciclo t\u00e9rmico<\/td>\n<\/tr>\n<\/tbody>\n<\/table>\n<\/div>\n<\/div>\n<h2 data-start=\"3299\" data-end=\"3336\"><strong data-start=\"3302\" data-end=\"3336\">O nosso processo de desenvolvimento personalizado<\/strong><\/h2>\n<ol data-start=\"3338\" data-end=\"3812\">\n<li data-start=\"3338\" data-end=\"3412\">\n<p data-start=\"3341\" data-end=\"3412\"><strong data-start=\"3341\" data-end=\"3365\">An\u00e1lise das aplica\u00e7\u00f5es<\/strong> - recolher dados de funcionamento e hist\u00f3rico de falhas<\/p>\n<\/li>\n<li data-start=\"3413\" data-end=\"3481\">\n<p data-start=\"3416\" data-end=\"3481\"><strong data-start=\"3416\" data-end=\"3434\">Conce\u00e7\u00e3o concetual<\/strong> - propor uma estrutura de veda\u00e7\u00e3o e um sistema de materiais<\/p>\n<\/li>\n<li data-start=\"3482\" data-end=\"3553\">\n<p data-start=\"3485\" data-end=\"3553\"><strong data-start=\"3485\" data-end=\"3513\">Simula\u00e7\u00e3o e c\u00e1lculo<\/strong> - avaliar o stress, a fric\u00e7\u00e3o e o desgaste<\/p>\n<\/li>\n<li data-start=\"3554\" data-end=\"3607\">\n<p data-start=\"3557\" data-end=\"3607\"><strong data-start=\"3557\" data-end=\"3584\">Fabrico de prot\u00f3tipos<\/strong> - construir selos de amostra<\/p>\n<\/li>\n<li data-start=\"3608\" data-end=\"3666\">\n<p data-start=\"3611\" data-end=\"3666\"><strong data-start=\"3611\" data-end=\"3634\">Teste de desempenho<\/strong> - valida\u00e7\u00e3o em laborat\u00f3rio e\/ou no terreno<\/p>\n<\/li>\n<li data-start=\"3667\" data-end=\"3739\">\n<p data-start=\"3670\" data-end=\"3739\"><strong data-start=\"3670\" data-end=\"3693\">Otimiza\u00e7\u00e3o da conce\u00e7\u00e3o<\/strong> - refinar para durabilidade e efici\u00eancia de custos<\/p>\n<\/li>\n<li data-start=\"3740\" data-end=\"3812\">\n<p data-start=\"3743\" data-end=\"3812\"><strong data-start=\"3743\" data-end=\"3772\">Produ\u00e7\u00e3o em massa e suporte<\/strong> - fornecimento est\u00e1vel e servi\u00e7o t\u00e9cnico<\/p>\n<\/li>\n<\/ol>\n<h2 data-start=\"3819\" data-end=\"3859\"><strong data-start=\"3822\" data-end=\"3859\">Por que escolher a Wonzh para selos personalizados<\/strong><\/h2>\n<ul data-start=\"3861\" data-end=\"4163\">\n<li data-start=\"3861\" data-end=\"3903\">\n<p data-start=\"3863\" data-end=\"3903\">Abordagem de engenharia que d\u00e1 prioridade \u00e0 aplica\u00e7\u00e3o<\/p>\n<\/li>\n<li data-start=\"3904\" data-end=\"3972\">\n<p data-start=\"3906\" data-end=\"3972\">Vasta carteira de materiais que abrange metais, cer\u00e2micas e pol\u00edmeros<\/p>\n<\/li>\n<li data-start=\"3973\" data-end=\"4033\">\n<p data-start=\"3975\" data-end=\"4033\">Capacidade integrada de conce\u00e7\u00e3o, ensaio e fabrico<\/p>\n<\/li>\n<li data-start=\"4034\" data-end=\"4095\">\n<p data-start=\"4036\" data-end=\"4095\">Experi\u00eancia em ambientes industriais agressivos e de alto risco<\/p>\n<\/li>\n<li data-start=\"4096\" data-end=\"4163\">\n<p data-start=\"4098\" data-end=\"4163\">Parceria t\u00e9cnica a longo prazo em vez de vendas transaccionais<\/p>\n<\/li>\n<\/ul>\n<h2 data-start=\"4170\" data-end=\"4211\"><strong data-start=\"4173\" data-end=\"4209\">Perguntas frequentes (FAQ)<\/strong><\/h2>\n<h3 data-start=\"4213\" data-end=\"4274\"><strong data-start=\"4217\" data-end=\"4272\">Q1: Quando \u00e9 que devo escolher uma solu\u00e7\u00e3o de selagem personalizada?<\/strong><\/h3>\n<p data-start=\"4275\" data-end=\"4458\">Escolha a veda\u00e7\u00e3o personalizada quando o seu equipamento funciona sob <strong data-start=\"4332\" data-end=\"4413\">press\u00e3o, temperatura, velocidade, meios ou restri\u00e7\u00f5es de instala\u00e7\u00e3o n\u00e3o normalizados<\/strong> onde os vedantes de cat\u00e1logo n\u00e3o podem funcionar de forma fi\u00e1vel.<\/p>\n<h3 data-start=\"4460\" data-end=\"4507\"><strong data-start=\"4464\" data-end=\"4505\">Q2: Necessita de desenhos para come\u00e7ar?<\/strong><\/h3>\n<p data-start=\"4508\" data-end=\"4680\">Os dados de entrada preferidos incluem: tamanho do eixo, tamanho da caixa, press\u00e3o, temperatura, velocidade, meio e fotos de falhas. Se os desenhos n\u00e3o estiverem dispon\u00edveis, podemos ajudar a definir as especifica\u00e7\u00f5es.<\/p>\n<h3 data-start=\"4682\" data-end=\"4727\"><strong data-start=\"4686\" data-end=\"4725\">Q3: Quanto tempo demora o desenvolvimento?<\/strong><\/h3>\n<p data-start=\"4728\" data-end=\"4833\">Cronograma t\u00edpico: <strong data-start=\"4746\" data-end=\"4759\">2-6 semanas<\/strong>, dependendo da complexidade, dos requisitos de ensaio e das itera\u00e7\u00f5es do prot\u00f3tipo.<\/p>\n<h3 data-start=\"4835\" data-end=\"4880\"><strong data-start=\"4839\" data-end=\"4878\">Q4: \u00c9 poss\u00edvel redesenhar um vedante que falhou?<\/strong><\/h3>\n<p data-start=\"4881\" data-end=\"4973\">Sim. N\u00f3s fornecemos <strong data-start=\"4897\" data-end=\"4941\">an\u00e1lise de falhas + nova conce\u00e7\u00e3o + valida\u00e7\u00e3o<\/strong> servi\u00e7os para evitar a recorr\u00eancia.<\/p>\n<h3 data-start=\"4975\" data-end=\"5027\"><strong data-start=\"4979\" data-end=\"5025\">Q5: Apoiam a produ\u00e7\u00e3o de pequenos lotes?<\/strong><\/h3>\n<p data-start=\"5028\" data-end=\"5088\">Sim. Apoiamos a produ\u00e7\u00e3o de prot\u00f3tipos, pequenos lotes e produ\u00e7\u00e3o em massa.<\/p>","protected":false},"excerpt":{"rendered":"<p>As solu\u00e7\u00f5es de veda\u00e7\u00e3o personalizadas fornecidas pela Wonzh s\u00e3o sistemas de veda\u00e7\u00e3o projetados e desenvolvidos especificamente para as condi\u00e7\u00f5es de opera\u00e7\u00e3o definidas pelo cliente, projetos de equipamentos e requisitos de desempenho.<\/p>","protected":false},"featured_media":1499,"comment_status":"open","ping_status":"closed","template":"","meta":{"site-sidebar-layout":"default","site-content-layout":"","ast-site-content-layout":"default","site-content-style":"default","site-sidebar-style":"default","ast-global-header-display":"","ast-banner-title-visibility":"","ast-main-header-display":"","ast-hfb-above-header-display":"","ast-hfb-below-header-display":"","ast-hfb-mobile-header-display":"","site-post-title":"","ast-breadcrumbs-content":"","ast-featured-img":"","footer-sml-layout":"","ast-disable-related-posts":"","theme-transparent-header-meta":"default","adv-header-id-meta":"","stick-header-meta":"default","header-above-stick-meta":"","header-main-stick-meta":"","header-below-stick-meta":"","astra-migrate-meta-layouts":"set","ast-page-background-enabled":"default","ast-page-background-meta":{"desktop":{"background-color":"","background-image":"","background-repeat":"repeat","background-position":"center center","background-size":"auto","background-attachment":"scroll","background-type":"","background-media":"","overlay-type":"","overlay-color":"","overlay-opacity":"","overlay-gradient":""},"tablet":{"background-color":"","background-image":"","background-repeat":"repeat","background-position":"center center","background-size":"auto","background-attachment":"scroll","background-type":"","background-media":"","overlay-type":"","overlay-color":"","overlay-opacity":"","overlay-gradient":""},"mobile":{"background-color":"","background-image":"","background-repeat":"repeat","background-position":"center center","background-size":"auto","background-attachment":"scroll","background-type":"","background-media":"","overlay-type":"","overlay-color":"","overlay-opacity":"","overlay-gradient":""}},"ast-content-background-meta":{"desktop":{"background-color":"var(--ast-global-color-5)","background-image":"","background-repeat":"repeat","background-position":"center center","background-size":"auto","background-attachment":"scroll","background-type":"","background-media":"","overlay-type":"","overlay-color":"","overlay-opacity":"","overlay-gradient":""},"tablet":{"background-color":"var(--ast-global-color-5)","background-image":"","background-repeat":"repeat","background-position":"center center","background-size":"auto","background-attachment":"scroll","background-type":"","background-media":"","overlay-type":"","overlay-color":"","overlay-opacity":"","overlay-gradient":""},"mobile":{"background-color":"var(--ast-global-color-5)","background-image":"","background-repeat":"repeat","background-position":"center center","background-size":"auto","background-attachment":"scroll","background-type":"","background-media":"","overlay-type":"","overlay-color":"","overlay-opacity":"","overlay-gradient":""}}},"product_brand":[],"product_cat":[21],"product_tag":[189,214,242,238,239,247,241,195,244,246,248,243,245,191,240],"class_list":{"0":"post-1449","1":"product","2":"type-product","3":"status-publish","4":"has-post-thumbnail","6":"product_cat-sealing-parts-sealing-systems","7":"product_tag-cartridge-mechanical-seal","8":"product_tag-china-seal-manufacturer","9":"product_tag-corrosion-resistant-seal","10":"product_tag-custom-sealing-solution","11":"product_tag-engineered-seal","12":"product_tag-failure-analysis-seal","13":"product_tag-high-temperature-seal","14":"product_tag-high-pressure-seal","15":"product_tag-hydraulic-custom-seal","16":"product_tag-industrial-sealing-engineering","17":"product_tag-oem-sealing-solution","18":"product_tag-ptfe-composite-seal","19":"product_tag-pump-custom-seal","20":"product_tag-sic-seal","21":"product_tag-special-seal-design","22":"desktop-align-left","23":"tablet-align-left","24":"mobile-align-left","26":"first","27":"instock","28":"shipping-taxable","29":"product-type-simple"},"_links":{"self":[{"href":"https:\/\/www.wonzh.com\/pt\/wp-json\/wp\/v2\/product\/1449","targetHints":{"allow":["GET"]}}],"collection":[{"href":"https:\/\/www.wonzh.com\/pt\/wp-json\/wp\/v2\/product"}],"about":[{"href":"https:\/\/www.wonzh.com\/pt\/wp-json\/wp\/v2\/types\/product"}],"replies":[{"embeddable":true,"href":"https:\/\/www.wonzh.com\/pt\/wp-json\/wp\/v2\/comments?post=1449"}],"wp:featuredmedia":[{"embeddable":true,"href":"https:\/\/www.wonzh.com\/pt\/wp-json\/wp\/v2\/media\/1499"}],"wp:attachment":[{"href":"https:\/\/www.wonzh.com\/pt\/wp-json\/wp\/v2\/media?parent=1449"}],"wp:term":[{"taxonomy":"product_brand","embeddable":true,"href":"https:\/\/www.wonzh.com\/pt\/wp-json\/wp\/v2\/product_brand?post=1449"},{"taxonomy":"product_cat","embeddable":true,"href":"https:\/\/www.wonzh.com\/pt\/wp-json\/wp\/v2\/product_cat?post=1449"},{"taxonomy":"product_tag","embeddable":true,"href":"https:\/\/www.wonzh.com\/pt\/wp-json\/wp\/v2\/product_tag?post=1449"}],"curies":[{"name":"wp","href":"https:\/\/api.w.org\/{rel}","templated":true}]}}